{"id":10054,"date":"2020-08-02T09:45:04","date_gmt":"2020-08-02T07:45:04","guid":{"rendered":"https:\/\/www.parafiawierzbno.com.pl\/?page_id=10054"},"modified":"2020-08-30T08:47:25","modified_gmt":"2020-08-30T06:47:25","slug":"ogloszenia-sierpien-2020","status":"publish","type":"page","link":"https:\/\/www.parafiawierzbno.com.pl\/?page_id=10054","title":{"rendered":"Og\u0142oszenia &#8211; Sierpie\u0144 2020"},"content":{"rendered":"<p><a title=\"Og\u0142oszenia parafialne\" href=\"https:\/\/www.parafiawierzbno.com.pl\/?page_id=225\">Powr\u00f3t do listy og\u0142osze\u0144<\/a><\/p>\n<h2 style=\"text-align: center;\"><strong>DWUDZIESTA DRUGA NIEDZIELA W CI\u0104GU ROKU <\/strong><br \/>\n<strong>30 sierpnia 2020<\/strong><br \/>\n<strong>OG\u0141OSZENIA DUSZPASTERSKIE<\/strong><\/h2>\n<p>1. Wakacje, urlopy dobiegaj\u0105 ko\u0144ca. Na progu nowego roku szkolnego Ko\u015bci\u00f3\u0142 apeluje o do\u0142o\u017cenie wszelkich stara\u0144, aby uczestnictwo dzieci i m\u0142odzie\u017cy w katechezie szkolnej by\u0142o od samego pocz\u0105tku pe\u0142ne \u015bwiadomego zaanga\u017cowania. Wzrost wiary i wra\u017cliwo\u015b\u0107 na prawo Bo\u017ce nie dokonuje si\u0119 okazjonalnie, ale przez systematyczne s\u0142uchanie i rozwa\u017canie s\u0142owa Bo\u017cego na katechezie i podczas niedzielnej Eucharystii, kt\u00f3ra jest osobistym spotkaniem z Panem. Przy tej okazji przypominam rodzicom, \u017ce edukacja szkolna i katechetyczna powinna by\u0107 przedmiotem ich szczeg\u00f3lnej troski. Rodzina jest pierwszym miejscem, w kt\u00f3rym dzieci zdobywaj\u0105 wychowanie, tak\u017ce religijne. Szko\u0142a, katecheza i Ko\u015bci\u00f3\u0142 nigdy nie zast\u0105pi\u0105 rodzic\u00f3w.<\/p>\n<p>2. Ofiary sk\u0142adane dzisiaj na tac\u0119 przeznaczone s\u0105 na remont ko\u015bcio\u0142a.<\/p>\n<p>3. We wtorek przypada 81. rocznica wybuchu II wojny \u015bwiatowej. Nasz\u0105 powinno\u015bci\u0105 jest pami\u0119ta\u0107 o poleg\u0142ych w obronie Ojczyzny w latach 1939-1945 na frontach i w obozach oraz o pomordowanych po zako\u0144czonej wojnie w wi\u0119zieniach politycznych. Pro\u015bmy Pana, aby ofiara ich \u017cycia nie by\u0142a daremna.<\/p>\n<p>4. W tym tygodniu przypada pierwszy czwartek, pierwszy pi\u0105tek i pierwsza sobota miesi\u0105ca. Zach\u0119cam wszystkich do skorzystania z sakramentu pokuty, aby z czystym sercem rozpocz\u0105\u0107 nowy rok szkolny i katechetyczny. W pi\u0105tek o godz. 17.00 wystawienie Naj\u015bwi\u0119tszego Sakramentu i adoracja do godz. 18.00. W niedziel\u0119 po Mszy \u015bwi\u0119tej o godz. 11.00 nabo\u017ce\u0144stwo z racji pierwszej niedzieli miesi\u0105ca i procesja.<\/p>\n<p>5. W przysz\u0142\u0105&nbsp; niedziel\u0119 po Mszy \u015bwi\u0119tej o godz. 9.00 zmiana tajemnic r\u00f3\u017ca\u0144ca dla rodzic\u00f3w modl\u0105cych si\u0119 za dzieci.<\/p>\n<p>6. W miniony tygodniu na remont ko\u015bcio\u0142a wp\u0142yn\u0119\u0142y ofiary po 200 z\u0142 Jan Tomkiewicz ze \u015awidna, Boles\u0142aw Patoka z Helenowa, Marek Klimczak z Warszawy . B\u00f3g zap\u0142a\u0107.<\/p>\n<p>7. Dzi\u0119kuj\u0119 za sprz\u0105tanie ko\u015bcio\u0142a rodzinom Chabiera, Milewskich, W\u0105sowskich z Wygl\u0119d\u00f3wka. W przysz\u0142ym tygodniu zapraszam rodziny Komorowski Adam, Komorowski Janusz i Jasi\u0144ska Jadwiga.<\/p>\n<p>8. Na stoliku wy\u0142o\u017cony jest nowy numer Echa Katolickiego a w nim min. Co najbardziej przekonuje o autentyczno\u015bci Grobu Pa\u0144skiego, Jak szko\u0142y w naszym regionie s\u0105 przygotowane na przyj\u0119cie uczni\u00f3w.<\/p>\n<p>9. W niedziel\u0119 6 wrze\u015bnia po\u015bwi\u0119cenie tornistr\u00f3w na Mszy \u015bwi\u0119tej o godz. 11.00<\/p>\n<p>10. Do przyj\u0119cia sakramentu ma\u0142\u017ce\u0144stwa przygotowuj\u0105 si\u0119 Marcin Pu\u0142awski, kaw. zam w Warszawie, par. Matki Bo\u017cej Kr\u00f3lowej Polski i Aneta \u017belazowska, panna zam. w W\u00f3lce, par. tut., zap. III. Otoczmy ich nasz\u0105 modlitw\u0105 by dobrze prze\u017cyli ten czas przygotowania.<\/p>\n<p>11. Wszystkim solenizantom i jubilatom, kt\u00f3rzy b\u0119d\u0105 prze\u017cywali swoje \u015bwi\u0119to w najbli\u017cszych dniach, \u017cycz\u0119 Bo\u017cego b\u0142og. i obfito\u015bci Bo\u017cych \u0142ask.<\/p>\n<h2 style=\"text-align: center;\"><strong>DWUDZIESTA PIERWSZA NIEDZIELA W CI\u0104GU ROKU <\/strong><br \/>\n<strong>23 sierpnia 2020<\/strong><br \/>\n<strong>OG\u0141OSZENIA DUSZPASTERSKIE<\/strong><\/h2>\n<p>1. Przed nami ostatni tydzie\u0144 sierpnia \u2013 miesi\u0105ca trze\u017awo\u015bci, a dla wielu ostatnie dni urlop\u00f3w i wakacji. Starajmy si\u0119 jak najlepiej wykorzystywa\u0107 ten czas na pog\u0142\u0119bienie naszych wzajemnych relacji rodzinnych czy przyjacielskich, na dobr\u0105 lektur\u0119 i buduj\u0105ce rozmowy. Zach\u0119cam przy tej okazji do lektury ksi\u0105\u017cek i prasy katolickiej.<\/p>\n<p>2. Dzisiaj przypada Europejski Dzie\u0144 Pami\u0119ci Ofiar Stalinizmu i Nazizmu. Dzie\u0144 ten zosta\u0142 ustanowiony przez Parlament Europejski w 2008 roku, a termin jego obchodu zwi\u0105zany jest z dat\u0105 podpisania paktu Ribbentrop-Mo\u0142otow. Po raz pierwszy by\u0142 publicznie obchodzony dopiero w 2011 roku w Warszawie. Dzi\u015b, gdy tak cz\u0119sto podwa\u017ca si\u0119 i relatywizuje fakty historyczne, pr\u00f3buje si\u0119 nagina\u0107 histori\u0119 w imi\u0119 tzw. poprawno\u015bci politycznej, nie mo\u017cemy o tym zapomina\u0107. Tego dnia m\u00f3dlmy si\u0119 o dobre owoce ich cierpie\u0144 dla przysz\u0142ych pokole\u0144.<\/p>\n<p>3. W \u015brod\u0119 ponownie nasze my\u015bli i serca skierujemy na Jasn\u0105 G\u00f3r\u0119, aby uczci\u0107 Naj\u015bwi\u0119tsz\u0105 Maryj\u0119 Pann\u0119 Cz\u0119stochowsk\u0105. Mo\u017cna powiedzie\u0107, \u017ce jest to bardzo polskie \u015bwi\u0119to. Czym jest i czym powinna by\u0107 dla nas Jasna G\u00f3ra, przypomina\u0142 \u015awi\u0119ty Jan Pawe\u0142 II, gdy m\u00f3wi\u0142: \u201eNa Jasn\u0105 G\u00f3r\u0119 przychodzimy do Matki Boga z wielowiekowym ju\u017c depozytem naszego zawierzenia, kt\u00f3re jest dziedzictwem ca\u0142ych pokole\u0144\u201d.<\/p>\n<p>4. W sobot\u0119, 29 sierpnia, w liturgii wspominamy M\u0119cze\u0144stwo \u015awi\u0119tego Jana Chrzciciela. Jest to drugie wspomnienie w kalendarzu liturgicznym tego \u015bwi\u0119tego, po czerwcowej uroczysto\u015bci jego narodzenia . Za swoj\u0105 bezkompromisow\u0105 postaw\u0119 Jan Chrzciciel, podobnie jak inni prorocy, a p\u00f3\u017aniej Aposto\u0142owie, zap\u0142aci\u0142 najwy\u017csz\u0105 cen\u0119. Tego dnia b\u0119dziemy prosili go o \u0142ad moralny w naszych rodzinach, wsp\u00f3lnotach i w naszym ca\u0142ym narodzie.<\/p>\n<p>5. Prace przy remoncie elewacji nabieraj\u0105 tempa. Prosz\u0119 jeszcze o pomoc przy zbijaniu tynk\u00f3w z frontu ko\u015bcio\u0142a. Prac\u0119 zaczynamy od poniedzia\u0142ku.<\/p>\n<p>6. W przysz\u0142\u0105 niedziel\u0119 b\u0119dziemy dzi\u0119kowa\u0107 Panu Bogu za tegoroczne zbiory.<\/p>\n<p>7. Ko\u0144cz\u0105 si\u0119 tegoroczne wakacje. Zapraszam w tygodniu dzieci i m\u0142odzie\u017c do skorzystania z sakramentu pokuty, by z Bogiem rozpocz\u0105\u0107 nowy Rok Szkolny.<\/p>\n<p>8. W miniony tygodniu na remont ko\u015bcio\u0142a wp\u0142yn\u0119\u0142y ofiary 2000 z\u0142 i dwie ofiary po 100 z\u0142. B\u00f3g zap\u0142a\u0107.<\/p>\n<p>9. Dzi\u0119kuj\u0119 za sprz\u0105tanie ko\u015bcio\u0142a rodzinom Wiel\u0105dek, Laskowskim z wnukami z Mi\u0144ska i Wrona z Jan\u00f3wka. W przysz\u0142ym tygodniu zapraszam rodziny Chabiera, Milewskich, W\u0105sowskich z Wygl\u0119d\u00f3wka.<\/p>\n<p>10. Na stoliku wy\u0142o\u017cony jest nowy numer Echa Katolickiego a w nim min. W parafiach rozkwita apostolat Margerytka. Dlaczego tak wa\u017cna jest modlitwa za kap\u0142an\u00f3w, o uzale\u017cnieniach i cyberprzemocy.<\/p>\n<p>11. W przysz\u0142\u0105 niedziel\u0119 taca ekonomiczna<\/p>\n<p>12. Do przyj\u0119cia sakramentu ma\u0142\u017ce\u0144stwa przygotowuj\u0105 si\u0119 Marek Skar\u017cy\u0144ski kawaler, zamieszka\u0142y w \u017barn\u00f3wce par. \u015bw. Bart\u0142omieja w Gr\u0119bkowie i Anna Chabiera&nbsp; panna zam. w&nbsp; Wierzbnie, par. tut, zap. III, oraz Marcin Pu\u0142awski, kaw. zam w Warszawie, par. Matki Bo\u017cej Kr\u00f3lowej Polski i Aneta \u017belazowska, panna zam. w W\u00f3lce, par. tut., zap. II. Otoczmy ich nasz\u0105 modlitw\u0105 by dobrze prze\u017cyli ten czas przygotowania.<\/p>\n<p>13. Wszystkim solenizantom i jubilatom, kt\u00f3rzy b\u0119d\u0105 prze\u017cywali swoje \u015bwi\u0119to w najbli\u017cszych dniach, \u017cycz\u0119 Bo\u017cego b\u0142og. i obfito\u015bci Bo\u017cych \u0142ask.<\/p>\n<h2 style=\"text-align: center;\"><strong>DWUDZIESTA NIEDZIELA W CI\u0104GU ROKU<\/strong><br \/>\n<strong>16 sierpnia 2020<\/strong><br \/>\n<strong>OG\u0141OSZENIA DUSZPASTERSKIE<\/strong><\/h2>\n<p>1. W sierpniu tak cz\u0119sto nasze my\u015bli i modlitwy kierujemy do Matki Bo\u017cej. W nadchodz\u0105c\u0105 sobot\u0119, 22 sierpnia, b\u0119dziemy radowali si\u0119 Maryj\u0105 \u2013 Kr\u00f3low\u0105. Od najwcze\u015bniejszych wiek\u00f3w Ko\u015bci\u00f3\u0142 wierzy\u0142 w kr\u00f3lowanie Maryi. Wiele narod\u00f3w i pa\u0144stw obra\u0142o Maryj\u0119 za swoj\u0105 Kr\u00f3low\u0105. Tak\u017ce i nasz nar\u00f3d, odczytuj\u0105c znaki czasu, powierzy\u0142 Jej swoje losy. Tak uczyni\u0142 kr\u00f3l Jan Kazimierz 1 kwietnia 1656 roku w katedrze lwowskiej, dzi\u0119kuj\u0105c za ocalenie podczas najazdu szwedzkiego. Uroczy\u015bcie uzna\u0142 ten fakt papie\u017c Pius XII w 1954 roku. Pami\u0119tajmy, \u017ce Maryja jest Kr\u00f3low\u0105 wszystkich, gdy\u017c wyda\u0142a na \u015bwiat Syna \u2013 Kr\u00f3la i Pana wszystkiego.<\/p>\n<p>2. Godne i cz\u0119ste przyjmowanie Komunii \u015bw. domaga si\u0119 od nas czynnej mi\u0142o\u015bci do Pana Boga i bli\u017aniego. Trwa jeszcze sierpie\u0144 \u2013 miesi\u0105c modlitwy o trze\u017awo\u015b\u0107 naszego narodu. Jednym z przejaw\u00f3w mi\u0142o\u015bci bli\u017aniego mo\u017ce by\u0107 wi\u0119c zobowi\u0105zanie do abstynencji od alkoholu w celu ratowania innych os\u00f3b uzale\u017cnionych, a tak\u017ce pomoc w podj\u0119ciu przez takie osoby decyzji o leczeniu odwykowym. Podejmujmy w tej kwestii osobist\u0105 modlitw\u0119 i konkretne dzia\u0142ania. W ka\u017cdym czasie i na ka\u017cdym miejscu miejmy si\u0142\u0119 i odwag\u0119 przeciwstawi\u0107 si\u0119 grzechowi pija\u0144stwa. Maryi \u2013 Kr\u00f3lowej z\u0142\u00f3\u017cmy wotum czasowej lub ca\u0142kowitej abstynencji.<\/p>\n<p>3. Dzisiaj zbi\u00f3rka do puszek na poszkodowanych w Bejrucie.<\/p>\n<p>4. Uroczysto\u015bci do\u017cynkowe w naszej parafii b\u0119d\u0105 w ostatni\u0105 niedziel\u0119 sierpnia.<\/p>\n<p>5. Dzi\u0119kuj\u0119 tym wszystkim, kt\u00f3rzy gromadzili si\u0119 na naszej duchowej pielgrzymce, szczeg\u00f3lnie p. Anecie&nbsp; za towarzyszenie nam przy organach i Antoninie za pi\u0119kny akompaniament na skrzypcach.<\/p>\n<p>6. Dzi\u0119kuj\u0119 za sprz\u0105tanie ko\u015bcio\u0142a rodzinom Filipiak i Patoka. W przysz\u0142ym tygodniu zapraszam rodzinyWiel\u0105dek, Laskowskich i Wrona z Jan\u00f3wka.<\/p>\n<p>7. Na stoliku wy\u0142o\u017cony jest nowy numer Echa Katolickiego a w nim min. O cudzie nad Wis\u0142\u0105, Czy zio\u0142a mog\u0105 stanowi\u0107 alternatyw\u0119 dla lek\u00f3w<\/p>\n<p>8. Do przyj\u0119cia sakramentu ma\u0142\u017ce\u0144stwa przygotowuj\u0105 si\u0119 Marek Skar\u017cy\u0144ski kawaler, zamieszka\u0142y w \u017barn\u00f3wce par. \u015bw. Bart\u0142omieja w Gr\u0119bkowie i Anna Chabiera&nbsp; panna zam. w&nbsp; Wierzbnie, par. tut, zap. II, oraz Marcin Pu\u0142awski, kaw. zam w Warszawie, par. Matki Bo\u017cej Kr\u00f3lowej Polski i Aneta \u017belazowska, panna zam. w W\u00f3lce, par. tut., zap. I. Otoczmy ich nasz\u0105 modlitw\u0105 by dobrze prze\u017cyli ten czas przygotowania.<\/p>\n<p>9. Wszystkim solenizantom i jubilatom, kt\u00f3rzy b\u0119d\u0105 prze\u017cywali swoje \u015bwi\u0119to w najbli\u017cszych dniach, \u017cycz\u0119 Bo\u017cego b\u0142og. i obfito\u015bci Bo\u017cych \u0142ask.<\/p>\n<h2 style=\"text-align: center;\"><strong>DZIEWI\u0118TNASTA NIEDZIELA W CI\u0104GU ROKU<br \/>\n<\/strong><strong>9 sierpnia 2020<br \/>\n<\/strong><strong>OG\u0141OSZENIA DUSZPASTERSKIE<\/strong><\/h2>\n<p>1. Wykorzystajmy nasze wakacyjne w\u0119dr\u00f3wki, pielgrzymki, indywidualny odpoczynek na stworzenie w\u0142a\u015bciwej duchowej atmosfery, niezb\u0119dnej, aby odczu\u0107 blisk\u0105 obecno\u015b\u0107 Boga i umocni\u0107 nasz\u0105 wiar\u0119. Powierzajmy je Bo\u017cej Opatrzno\u015bci przez r\u0119ce naszej niebieskiej Matki \u2013 Pani Jasnog\u00f3rskiej, do kt\u00f3rej w tych sierpniowych dniach kierujemy nasze kroki.<\/p>\n<p>2. Pami\u0119tajmy w naszych modlitwach o rolnikach, kt\u00f3rzy trudz\u0105 si\u0119 przy zbiorach tegorocznych plon\u00f3w.<\/p>\n<p>3. W poniedzia\u0142ek, 10 sierpnia, w kalendarzu liturgicznym przypada \u015bwi\u0119to \u015awi\u0119tego Wawrzy\u0144ca, diakona Ko\u015bcio\u0142a rzymskiego, m\u0119czennika (\u2020258). Przypuszcza si\u0119, \u017ce zgin\u0105\u0142 za wiar\u0119 w Chrystusa razem z papie\u017cem Sykstusem II.<\/p>\n<p>4. W sobot\u0119, 15 sierpnia, przypada uroczysto\u015b\u0107 Wniebowzi\u0119cia Naj\u015bwi\u0119tszej Maryi Panny. Prawd\u0119 wiary o tym, \u017ce Maryja po ziemskim \u017cyciu z cia\u0142em i dusz\u0105 zosta\u0142a wzi\u0119ta do chwa\u0142y niebieskiej i wywy\u017cszona przez Boga jako Kr\u00f3lowa, og\u0142osi\u0142 papie\u017c Pius XII w 1950 roku. Ten dogmat by\u0142 przypiecz\u0119towaniem starodawnej tradycji. Ju\u017c w V wieku obchodzono bowiem w Ko\u015bciele \u015bwi\u0119to Wniebowzi\u0119cia w\u0142a\u015bnie 15 sierpnia. Liturgiczny obch\u00f3d rozpoczniemy wieczorn\u0105 Msz\u0105 \u015awi\u0119t\u0105 wigilijn\u0105, sprawowan\u0105 w pi\u0105tek, 14 sierpnia,<\/p>\n<p>5. W Polsce ta uroczysto\u015b\u0107 jest znana i obchodzona jako \u015bwi\u0119to Matki Bo\u017cej Zielnej. Na liturgi\u0119 do ko\u015bcio\u0142a przynosimy bukiety zi\u00f3\u0142, kwiat\u00f3w i warzyw, kt\u00f3re zostan\u0105 pob\u0142ogos\u0142awione. Sam gest b\u0142ogos\u0142awienia rzeczy jest okazj\u0105 do wychwalania Stw\u00f3rcy za wszelkie otrzymane dary. Jest tak\u017ce pro\u015bb\u0105, aby b\u0142ogos\u0142awiony przedmiot zawsze przypomina\u0142 o Bogu i Jego dobroci, o Bo\u017cej opiece. W t\u0119 uroczysto\u015b\u0107 dzi\u0119kujemy za dar pierwszych zbior\u00f3w w\u0142a\u015bnie w dniu, w kt\u00f3rym Maryja osi\u0105ga pe\u0142ni\u0119 zbawienia. Ofiarujmy Jej nasze serca i codzienny trud przybli\u017cania si\u0119 do Boga.<\/p>\n<p>6. W t\u0119 maryjn\u0105 uroczysto\u015b\u0107 tradycyjnie pami\u0119ci\u0105 si\u0119gamy do naszej historii, aby wspomina\u0107 \u201eCud nad Wis\u0142\u0105\u201d z 1920 roku. Pami\u0119tajmy, \u017ce zmagania o w\u0142a\u015bciwe miejsce Polski w\u015br\u00f3d narod\u00f3w Europy i \u015bwiata ci\u0105gle jeszcze trwaj\u0105. Polecajmy Kr\u00f3lowej Polski losy naszego narodu.<\/p>\n<p>7. Trwa nasza duchowa pielgrzymka. Zapraszam na godz. 19.30 na modlitw\u0119 r\u00f3\u017ca\u0144cowa, Msz\u0119 \u015bwi\u0119t\u0105 i apel. Mo\u017cna do puszki, kt\u00f3ra stoi na stoliku sk\u0142ada\u0107 intencje, kt\u00f3re b\u0119dziemy poleca\u0107 w modlitwie r\u00f3\u017ca\u0144cowej.<\/p>\n<p>8. W ostatnim czasie wp\u0142yn\u0119\u0142y ofiary na remont ko\u015bcio\u0142a 200 z\u0142 bezimienna, 100 z\u0142 Tadeusz z Helenowa. B\u00f3g zap\u0142a\u0107.<\/p>\n<p>9. Dzi\u0119kuj\u0119 za sprz\u0105tanie ko\u015bcio\u0142a rodzinom Barcz\u00f3w i Grodzkich . W przysz\u0142ym tygodniu zapraszam rodziny Patoka i Filipiak z Jan\u00f3wka.<\/p>\n<p>10. W przysz\u0142\u0105 niedziel\u0119 zbi\u00f3rka do puszek dla poszkodowanych w Bejrucie.<\/p>\n<p>11. Na stoliku wy\u0142o\u017cony jest nowy numer Echa Katolickiego a w nim min. Cud eucharystyczny w Sok\u00f3\u0142ce trwa, o prowokacjach \u015brodowiska LGBT.<\/p>\n<p>12. Apel przewodnicz\u0105cego Konferencji Episkopatu Polski:<br \/>\nW ostatnich dniach docieraj\u0105 do nas informacje o wzro\u015bcie zaka\u017ce\u0144 koronawirusem. W poczuciu odpowiedzialno\u015bci za \u017cycie i zdrowie Polak\u00f3w, apeluj\u0119 ponownie do wszystkich wiernych o \u015bcis\u0142e przestrzeganie zalece\u0144 s\u0142u\u017cb sanitarnych, a zw\u0142aszcza o zakrywanie ust i nosa podczas nabo\u017ce\u0144stw religijnych. Apeluj\u0119 do kap\u0142an\u00f3w, aby przypominali uczestnikom zgromadze\u0144 religijnych o tym obowi\u0105zku oraz by stwarzali wiernym mo\u017cliwo\u015b\u0107 przyjmowania Komunii \u015awi\u0119tej na r\u0119k\u0119, wed\u0142ug szczeg\u00f3\u0142owych przepis\u00f3w diecezjalnych. Dzi\u0119kuj\u0119 za konsekwentne i sumienne przestrzeganie zalece\u0144 w ostatnich miesi\u0105cach, dzi\u0119ki czemu parafie \u2013 cho\u0107 w trudniejszych warunkach \u2013 mog\u0105 dalej, bez przeszk\u00f3d prowadzi\u0107 swoj\u0105 aktywno\u015b\u0107 duszpastersk\u0105 i s\u0142u\u017cy\u0107 nam wszystkim. Wakacyjny czas sprzyja wypoczynkowi, podr\u00f3\u017cowaniu i spotkaniom z najbli\u017cszymi, mo\u017ce on jednak os\u0142abi\u0107 nasz\u0105 czujno\u015b\u0107. Epidemia si\u0119 nie sko\u0144czy\u0142a i dlatego \u2013 w trosce o zdrowie wszystkich, zw\u0142aszcza os\u00f3b bardziej nara\u017conych \u2013 prosz\u0119 o roztropno\u015b\u0107 i konsekwentne stosowanie zalece\u0144 sanitarnych. Na dalszy czas wypoczynku i pracy wszystkim z serca b\u0142ogos\u0142awi\u0119, \u2720 Stanis\u0142aw G\u0105decki<br \/>\nArcybiskup Metropolita Pozna\u0144ski<br \/>\nPrzewodnicz\u0105cy Konferencji Episkopatu Polski<br \/>\nWiceprzewodnicz\u0105cy Rady Konferencji Episkopat\u00f3w Europy (CCEE)<\/p>\n<p>13. Do przyj\u0119cia sakramentu ma\u0142\u017ce\u0144stwa przygotowuj\u0105 si\u0119 Marek Skar\u017cy\u0144ski kawaler, zamieszka\u0142y w \u017barn\u00f3wce par. \u015bw. Bart\u0142omieja w Gr\u0119bkowie i Anna Chabiera&nbsp; panna zam. w&nbsp; Wierzbnie, par. tut, zap. I. Otoczmy ich nasz\u0105 modlitw\u0105 by dobrze prze\u017cyli ten czas przygotowania.<\/p>\n<p>14. Wszystkim solenizantom i jubilatom, kt\u00f3rzy b\u0119d\u0105 prze\u017cywali swoje \u015bwi\u0119to w najbli\u017cszych dniach, \u017cycz\u0119 Bo\u017cego b\u0142og. i obfito\u015bci Bo\u017cych \u0142ask.<\/p>\n<h2 style=\"text-align: center;\"><strong>OSIEMNASTA NIEDZIELA W CI\u0104GU ROKU<br \/>\n2 sierpnia 2020<br \/>\n<\/strong><strong>OG\u0141OSZENIA DUSZPASTERSKIE<\/strong><\/h2>\n<p>1. Rozpocz\u0119li\u015bmy sierpie\u0144. To miesi\u0105c dla nas szczeg\u00f3lny tak pod wzgl\u0119dem religijnym, jak i historycznym. W tym miesi\u0105cu ze wszystkich stron Polski i Europy tysi\u0105ce pielgrzym\u00f3w zd\u0105\u017caj\u0105 na Jasn\u0105 G\u00f3r\u0119. \u0141\u0105czmy si\u0119 w modlitwie z tymi, kt\u00f3rzy podj\u0119li trud wyj\u015bcia na p\u0105tnicze szlaki. W\u0142\u0105czmy si\u0119 te\u017c w wielk\u0105 modlitw\u0119 o trze\u017awo\u015b\u0107 naszego narodu. Mo\u017ce dla wyrwania z na\u0142ogu pija\u0144stwa czy narkomanii kogo\u015b bliskiego, znajomego warto ofiarowa\u0107 Panu Bogu czasow\u0105 lub ca\u0142kowit\u0105 abstynencj\u0119. Naszym or\u0119downikiem w modlitwie o trze\u017awo\u015b\u0107 jest \u015awi\u0119ty Maksymilian Maria Kolbe.<\/p>\n<p>2. W dzisiejsz\u0105 niedziel\u0119 przypada odpust Porcjunkuli, zwi\u0105zany z postaci\u0105 \u015awi\u0119tego Franciszka z Asy\u017cu. Przypominam, \u017ce warunkiem jego uzyskania jest nawiedzenie jakiegokolwiek parafialnego ko\u015bcio\u0142a i odm\u00f3wienie w nim modlitwy przynajmniej Ojcze nasz i Zdrowa\u015b Maryjo, stan \u0142aski u\u015bwi\u0119caj\u0105cej i przyj\u0119cie Komunii \u015bw. tego dnia lub w jego pobli\u017cu, modlitwa w intencjach wyznaczonych przez papie\u017ca oraz wyzbycie si\u0119 przywi\u0105zania do grzechu, nawet lekkiego. Skorzystajmy z tej nadzwyczajnej \u0142aski darowania kar doczesnych za grzechy odpuszczone w sakramencie pojednania, a jeszcze przez nas nienaprawione.<\/p>\n<p>3. Od jutra zapraszam na godzin\u0119 19.30 na wsp\u00f3lne duchowe pielgrzymowanie. O 19.30 rozpoczniemy modlitw\u0119 r\u00f3\u017ca\u0144cow\u0105, a nast\u0119pnie Msza \u015bwi\u0119ta zako\u0144czona apelem. T\u0119 duchow\u0105 pielgrzymk\u0119 zako\u0144czymy w uroczysto\u015b\u0107 Wniebowzi\u0119cia Naj\u015bwi\u0119tszej Maryi Panny. Na stoliku b\u0119dzie sta\u0142a puszka do kt\u00f3rej mo\u017cna wrzuca\u0107 intencje, kt\u00f3re b\u0119dziemy poleca\u0107 w modlitwie r\u00f3\u017ca\u0144cowej. Jutro tak\u017ce b\u0119dziemy go\u015bcili grup\u0119 pielgrzym\u00f3w z Pielgrzymki Bia\u0142ostockiej.<\/p>\n<p>4. We wtorek, 4 sierpnia, w liturgii wspominamy \u015awi\u0119tego Jana Mari\u0119 Vianneya, patrona proboszcz\u00f3w. Przez jego wstawiennictwo dzi\u0119kujemy Panu Bogu za dar kap\u0142an\u00f3w i ich pos\u0142ug\u0119 oraz prosimy o liczne i \u015bwi\u0119te powo\u0142ania kap\u0142a\u0144skie tak\u017ce z naszej wsp\u00f3lnoty parafialnej.<\/p>\n<p>5. W czwartek, 6 sierpnia, przypada \u015bwi\u0119to Przemienienia Pa\u0144skiego. W Ko\u015bciele obchodzone jest ju\u017c od VI wieku, a w Polsce znane od XI wieku. Fakt przemienienia pozwala Aposto\u0142om i nam zrozumie\u0107, jak niepe\u0142ne s\u0105 nasze wyobra\u017cenia o Bogu. To lekcja pokory wobec majestatu Bo\u017cej pot\u0119gi. Przemienienie Pa\u0144skie to \u015bwi\u0119to rado\u015bci i nadziei, \u017ce przyjdzie czas, kiedy Pan odmieni nas wszystkich.<\/p>\n<p>6. W tym tygodniu przypada pierwszy czwartek i pierwszy pi\u0105tek miesi\u0105ca. W czwartek dzi\u0119kujemy za dar Eucharystii i kap\u0142a\u0144stwa, prosimy o nowe i \u015bwi\u0119te powo\u0142ania do pracy w Ko\u015bciele, tak\u017ce z naszej wsp\u00f3lnoty parafialnej. W pi\u0105tek pragniemy wype\u0142ni\u0107 pro\u015bb\u0119 Pana Jezusa o modlitw\u0119 wynagradzaj\u0105c\u0105 za grzechy nasze i ca\u0142ego \u015bwiata.<\/p>\n<p>7. W przysz\u0142\u0105 niedziel\u0119 po Mszy \u015bwi\u0119tej o godz. 9.00 zmiana tajemnic r\u00f3\u017ca\u0144ca dla rodzic\u00f3w modl\u0105cych si\u0119 za swoje dzieci. Ch\u0119tnych zapraszam do w\u0142\u0105czenia si\u0119 w t\u0119 modlitw\u0119. To co najcenniejsze mo\u017cna da\u0107 swojemu dziecku, to w\u0142a\u015bnie modlitwa.<\/p>\n<p>8. W ostatnim czasie wp\u0142yn\u0119\u0142y ofiary na remont ko\u015bcio\u0142a 200 z\u0142 Hanna Bergiel, 100 z\u0142 Tadeusz Dmowski z Sobonia, 500 z\u0142 Marianna Ol\u0119dzka z Jaworka. B\u00f3g zap\u0142a\u0107.<\/p>\n<p>9. Dzi\u0119kuj\u0119 za sprz\u0105tanie ko\u015bcio\u0142a Anecie i Krzysztofowi Ko\u0142ak, Markowi Zalewskiemu. W przysz\u0142ym tygodniu zapraszam rodziny Barcz\u00f3w i Grodzkich z Jan\u00f3wka.<\/p>\n<p>10. Dzi\u0119kuj\u0119 p. Micha\u0142owi W\u0105sowskiemu za wykoszenie trawy na boisku za plebani\u0105.<\/p>\n<p>11. Na stoliku wy\u0142o\u017cony jest nowy numer Echa Katolickiego a w nim min. Czy rodzice wiedz\u0105 co ich dzieci mog\u0105 zobaczy\u0107 w niewinnych z pozoru bajkach, czm zast\u0105pi\u0107 s\u00f3l kuchenn\u0105.<\/p>\n<p>13. Do przyj\u0119cia sakramentu ma\u0142\u017ce\u0144stwa przygotowuj\u0105 si\u0119 Lech Komorowski kawaler, zamieszka\u0142y w Wygl\u0119d\u00f3wku par. tut. i Angelika Maria Nowak&nbsp; panna zam. w&nbsp; G\u0142upiance par. \u015awi\u0119tej Tr\u00f3jcy w Ko\u0142bieli, zap. III. Otoczmy ich nasz\u0105 modlitw\u0105 by dobrze prze\u017cyli ten czas przygotowania.<\/p>\n<p>14. Wszystkim solenizantom i jubilatom, kt\u00f3rzy b\u0119d\u0105 prze\u017cywali swoje \u015bwi\u0119to w najbli\u017cszych dniach, \u017cycz\u0119 Bo\u017cego b\u0142og. i obfito\u015bci Bo\u017cych \u0142ask.<\/p>\n","protected":false},"excerpt":{"rendered":"<p>Powr\u00f3t do listy og\u0142osze\u0144 DWUDZIESTA DRUGA NIEDZIELA W CI\u0104GU ROKU 30 sierpnia 2020 OG\u0141OSZENIA DUSZPASTERSKIE 1. Wakacje, urlopy dobiegaj\u0105 ko\u0144ca. Na progu nowego roku szkolnego Ko\u015bci\u00f3\u0142 apeluje o do\u0142o\u017cenie wszelkich stara\u0144, aby uczestnictwo dzieci i m\u0142odzie\u017cy w katechezie szkolnej by\u0142o od samego pocz\u0105tku pe\u0142ne \u015bwiadomego zaanga\u017cowania. Wzrost wiary i wra\u017cliwo\u015b\u0107 na prawo Bo\u017ce nie dokonuje si\u0119 okazjonalnie, ale przez systematyczne s\u0142uchanie i rozwa\u017canie s\u0142owa Bo\u017cego na katechezie i podczas niedzielnej Eucharystii, kt\u00f3ra jest osobistym spotkaniem z Panem. Przy tej okazji przypominam rodzicom, \u017ce edukacja szkolna i katechetyczna powinna by\u0107 przedmiotem ich szczeg\u00f3lnej troski. Rodzina jest pierwszym miejscem, w kt\u00f3rym dzieci zdobywaj\u0105 wychowanie, tak\u017ce religijne. Szko\u0142a, katecheza i Ko\u015bci\u00f3\u0142 nigdy nie zast\u0105pi\u0105 rodzic\u00f3w. 2. Ofiary sk\u0142adane dzisiaj na tac\u0119 przeznaczone s\u0105 na remont ko\u015bcio\u0142a. 3. We wtorek przypada 81. rocznica wybuchu II wojny \u015bwiatowej. Nasz\u0105 powinno\u015bci\u0105 jest pami\u0119ta\u0107 o poleg\u0142ych w obronie Ojczyzny w latach 1939-1945 na frontach i w obozach \u2026 <a class=\"continue-reading-link\" href=\"https:\/\/www.parafiawierzbno.com.pl\/?page_id=10054\">Czytaj dalej <span class=\"meta-nav\">&rarr; <\/span><\/a><\/p>\n","protected":false},"author":1,"featured_media":0,"parent":225,"menu_order":0,"comment_status":"closed","ping_status":"closed","template":"","meta":{"ngg_post_thumbnail":0},"_links":{"self":[{"href":"https:\/\/www.parafiawierzbno.com.pl\/index.php?rest_route=\/wp\/v2\/pages\/10054"}],"collection":[{"href":"https:\/\/www.parafiawierzbno.com.pl\/index.php?rest_route=\/wp\/v2\/pages"}],"about":[{"href":"https:\/\/www.parafiawierzbno.com.pl\/index.php?rest_route=\/wp\/v2\/types\/page"}],"author":[{"embeddable":true,"href":"https:\/\/www.parafiawierzbno.com.pl\/index.php?rest_route=\/wp\/v2\/users\/1"}],"replies":[{"embeddable":true,"href":"https:\/\/www.parafiawierzbno.com.pl\/index.php?rest_route=%2Fwp%2Fv2%2Fcomments&post=10054"}],"version-history":[{"count":9,"href":"https:\/\/www.parafiawierzbno.com.pl\/index.php?rest_route=\/wp\/v2\/pages\/10054\/revisions"}],"predecessor-version":[{"id":10066,"href":"https:\/\/www.parafiawierzbno.com.pl\/index.php?rest_route=\/wp\/v2\/pages\/10054\/revisions\/10066"}],"up":[{"embeddable":true,"href":"https:\/\/www.parafiawierzbno.com.pl\/index.php?rest_route=\/wp\/v2\/pages\/225"}],"wp:attachment":[{"href":"https:\/\/www.parafiawierzbno.com.pl\/index.php?rest_route=%2Fwp%2Fv2%2Fmedia&parent=10054"}],"curies":[{"name":"wp","href":"https:\/\/api.w.org\/{rel}","templated":true}]}}