{"id":10068,"date":"2020-09-13T11:59:52","date_gmt":"2020-09-13T09:59:52","guid":{"rendered":"https:\/\/www.parafiawierzbno.com.pl\/?page_id=10068"},"modified":"2020-09-27T12:32:28","modified_gmt":"2020-09-27T10:32:28","slug":"ogloszenia-wrzesien-2020","status":"publish","type":"page","link":"https:\/\/www.parafiawierzbno.com.pl\/?page_id=10068","title":{"rendered":"Og\u0142oszenia &#8211; Wrzesie\u0144 2020"},"content":{"rendered":"<p><a title=\"Og\u0142oszenia parafialne\" href=\"https:\/\/www.parafiawierzbno.com.pl\/?page_id=225\">Powr\u00f3t do listy og\u0142osze\u0144<\/a><\/p>\n<h2 style=\"text-align: center;\"><strong>DWUDZIESTA SZ\u00d3STA NIEDZIELA W CI\u0104GU ROKU<br \/>\n27 wrze\u015bnia 2020<br \/>\n<\/strong><strong>OG\u0141OSZENIA DUSZPASTERSKIE<\/strong><\/h2>\n<p>1. Dzisiejsza niedziela w Ko\u015bciele w szczeg\u00f3lny spos\u00f3b jest po\u015bwi\u0119cona migrantom i uchod\u017acom. W tym roku jest to ju\u017c 106. \u015awiatowy Dzie\u0144 Migranta i Uchod\u017acy. Ma on nas uwra\u017cliwi\u0107 na do\u015bwiadczanie niesprawiedliwo\u015bci, krzywdy i cz\u0119sto na nieludzki los tych, kt\u00f3rzy z r\u00f3\u017cnych powod\u00f3w opuszczaj\u0105 swoj\u0105 ojczyzn\u0119, poszukuj\u0105 dla siebie i swoich bliskich bezpiecznego miejsca w innych krajach.<\/p>\n<p>2. We wtorek, 29 wrze\u015bnia, w kalendarzu liturgicznym obchodzone jest \u015bwi\u0119to \u015awi\u0119tych Archanio\u0142\u00f3w: Micha\u0142a, Gabriela i Rafa\u0142a. W pi\u0105tek, 2 pa\u017adziernika, wspominamy \u015awi\u0119tych Anio\u0142\u00f3w Str\u00f3\u017c\u00f3w. Mo\u017ce na co dzie\u0144 nie zawsze pami\u0119tamy, \u017ce to mi\u0142osierny B\u00f3g troszczy si\u0119 o ka\u017cdego z nas, posy\u0142aj\u0105c nam swoich anio\u0142\u00f3w, kt\u00f3rzy chroni\u0105 nas i nam pomagaj\u0105. Anio\u0142y s\u0105 przejawem obecno\u015bci Boga w \u015bwiecie. \u0141\u0105cz\u0105 niebo z ziemi\u0105. Dlatego korzystajmy z ich po\u015brednictwa, pro\u015bmy o pomoc, zw\u0142aszcza w trudnych sprawach, kiedy zaczyna brakowa\u0107 nadziei.<\/p>\n<p>3. W najbli\u017cszy czwartek rozpoczyna si\u0119 pa\u017adziernik \u2013 miesi\u0105c modlitwy r\u00f3\u017ca\u0144cowej. Ju\u017c dzisiaj zach\u0119cam dzieci, m\u0142odzie\u017c i doros\u0142ych do licznego udzia\u0142u w codziennej Mszy \u015awi\u0119tej i w nabo\u017ce\u0144stwie r\u00f3\u017ca\u0144cowym, kt\u00f3re w naszym ko\u015bciele b\u0119dziemy odprawiali o godz. 18.30. Tych, kt\u00f3rym trudniej dotrze\u0107 do ko\u015bcio\u0142a, prosz\u0119 o wsp\u00f3lne odmawianie r\u00f3\u017ca\u0144ca w domach. Po Mszy \u015bwi\u0119tej b\u0142ogos\u0142awie\u0144stwo r\u00f3\u017ca\u0144c\u00f3w dzieciom z kl. III.<\/p>\n<p>4. W tym tygodniu przypada pierwszy czwartek, pierwszy pi\u0105tek i pierwsza sobota miesi\u0105ca. W pierwszy pi\u0105tek adoracja Naj\u015bwi\u0119tszego Sakramentu od godz. 17.00. W pierwsz\u0105 sobot\u0119 Niepokalanemu Sercu Bo\u017cej Matki oddajemy nasze rodziny i ca\u0142\u0105 wsp\u00f3lnot\u0119 parafialn\u0105 \u2013 zapraszam na Msz\u0119 \u015awi\u0119t\u0105 i pierwszosobotnie . W niedziel\u0119 r\u00f3\u017caniec po Mszy \u015bwi\u0119tej o godz. 11.00 a nast\u0119pnie procesja Eucharystyczna.<\/p>\n<p>5. W przysz\u0142\u0105 niedziel\u0119 puszka na tzw. \u015awi\u0119topietrze przeniesiona z czerwca.<\/p>\n<p>6. Dzi\u0119kuj\u0119 za sprz\u0105tanie ko\u015bcio\u0142a rodzinom Parol Leszek, Boruci\u0144ska Alina, Kapitanowicz Danuta. z Wygl\u0119d\u00f3wka&nbsp; . W przysz\u0142ym tygodniu zapraszam rodziny Stachowicz Janusz, Zalewski Remigiusz, \u015aledziewska Helena, Pe\u0142czy\u0144ska Eugenia.<\/p>\n<p>7. Na stoliku wy\u0142o\u017cony jest nowy numer Echa Katolickiego a w nim .Co pami\u0119taj\u0105 ludzie, kt\u00f3rzy przeszli przez do\u015bwiadczenie \u015bmierci klinicznej? Nowotwory g\u0142owy i szyi kto jest najbardziej nara\u017cony? Jest tak\u017ce wy\u0142o\u017cony kalendarz misyjny w cenie 6 z\u0142.<\/p>\n<p>8. W minionym tygodniu na remont ko\u015bcio\u0142a wp\u0142yn\u0119\u0142a ofiara w wysoko\u015bci 200 z\u0142. Jacek Lipi\u0144ski ze \u015awidna.<\/p>\n<p>9. Dzi\u0119kuj\u0119 paniom za uprasowanie bielizny kielichowej.<\/p>\n<p>10. Do przyj\u0119cia sakramentu ma\u0142\u017ce\u0144stwa przygotowuj\u0105 si\u0119 Pawe\u0142 Mr\u00f3z cywilnie zwi\u0105zany z Jaworka par tut i Viktoria Voroty\u0144ska cywilnie zwi\u0105zana pochodz\u0105ca z Bursztynu zam. na terenie parafii tut. zap. III. Pami\u0119tajmy o przygotowuj\u0105cych si\u0119 do przyj\u0119cia sakramentu ma\u0142\u017ce\u0144stwa.<\/p>\n<p>11. Wszystkim solenizantom i jubilatom, kt\u00f3rzy b\u0119d\u0105 prze\u017cywali swoje \u015bwi\u0119to w najbli\u017cszych dniach, \u017cycz\u0119 Bo\u017cego b\u0142og. i obfito\u015bci Bo\u017cych \u0142ask.<\/p>\n<h2 style=\"text-align: center;\"><strong>DWUDZIESTA PI\u0104TA NIEDZIELA W CI\u0104GU ROKU<\/strong><br \/>\n<strong>20 wrze\u015bnia 2020<\/strong><br \/>\n<strong>OG\u0141OSZENIA DUSZPASTERSKIE<\/strong><\/h2>\n<p>1. Dzisiejsza niedziela w spos\u00f3b szczeg\u00f3lny w Ko\u015bciele jest po\u015bwi\u0119cona \u015brodkom spo\u0142ecznego przekazu. Si\u0142\u0119 medi\u00f3w podkre\u015bla Katechizm Ko\u015bcio\u0142a katolickiego, zauwa\u017caj\u0105c ich wielki wp\u0142yw na przekaz informacji oraz rozw\u00f3j kultury i kszta\u0142cenie. Media mog\u0105 by\u0107 wspania\u0142ym narz\u0119dziem ewangelizacyjnym. Umiejmy roztropnie korzysta\u0107 z dobrodziejstw medi\u00f3w, ale pami\u0119tajmy, \u017ce one powinny s\u0142u\u017cy\u0107 cz\u0142owiekowi, a nie odwrotnie. Zadbajmy te\u017c o to, aby w\u0142a\u015bciwie i dla swojego ubogacenia korzysta\u0142o z nich nasze m\u0142ode pokolenie.<\/p>\n<p>2. W dniu dzisiejszym go\u015bcimy w naszej parafii kleryka \u0141ukasza z WSD w Siedlcach, kt\u00f3ry razem z nami si\u0119 modli, a ofiary sk\u0142adane na tac\u0119 s\u0105 przeznaczone na potrzeby seminarium<\/p>\n<p>3. W poniedzia\u0142ek, 21 wrze\u015bnia, obchodzimy \u015bwi\u0119to \u015awi\u0119tego Mateusza Aposto\u0142a i Ewangelisty. Przez jego po\u015brednictwo m\u00f3dlmy si\u0119 o to, aby\u015bmy jak on, dotkni\u0119ci spojrzeniem Chrystusa, umieli pozostawi\u0107 wszystko i p\u00f3j\u015b\u0107 za Nim.<\/p>\n<p>4. W przysz\u0142\u0105 niedziel\u0119, 27 wrze\u015bnia, w Ko\u015bciele b\u0119dziemy obchodzi\u0107 106. \u015awiatowy Dzie\u0144 Migranta i Uchod\u017acy oraz \u015awiatowy Dzie\u0144 Turystyki.<\/p>\n<p>5. Dzi\u0119kuj\u0119 za sprz\u0105tanie ko\u015bcio\u0142a rodzinom W\u0105sowska Halina, Kope\u0107 Gra\u017cyna z Wygl\u0119d\u00f3wka&nbsp; . W przysz\u0142ym tygodniu zapraszam rodziny Parol Leszek, Milewski Roman, Kapitanowicz Danuta.<\/p>\n<p>6. Na stoliku wy\u0142o\u017cony jest nowy numer Echa Katolickiego a w nim .Komu przeszkadza dzisiaj Chrystus? Coraz cz\u0119\u015bciej m\u0119\u017cczy\u017ani wychodz\u0105 na ulic\u0119, by modli\u0107 si\u0119 na r\u00f3\u017ca\u0144cu\u2026Czym jest stwardnienie rozsiane?. Jest tak\u017ce wy\u0142o\u017cony kalendarz misyjny w cenie 6 z\u0142.<\/p>\n<p>7. W przysz\u0142\u0105 niedziel\u0119 taca ekonomiczna.<\/p>\n<p>8. Do przyj\u0119cia sakramentu ma\u0142\u017ce\u0144stwa przygotowuj\u0105 si\u0119 Pawe\u0142 Mr\u00f3z cywilnie zwi\u0105zany z Jaworka par tut i Viktoria Voroty\u0144ska cywilnie zwi\u0105zana pochodz\u0105ca z Bursztynu zam. na terenie parafii tut. zap. II. Pami\u0119tajmy o przygotowuj\u0105cych si\u0119 do przyj\u0119cia sakramentu ma\u0142\u017ce\u0144stwa.<\/p>\n<p>&nbsp;<\/p>\n<p>9. Wszystkim solenizantom i jubilatom, kt\u00f3rzy b\u0119d\u0105 prze\u017cywali swoje \u015bwi\u0119to w najbli\u017cszych dniach, \u017cycz\u0119 Bo\u017cego b\u0142og. i obfito\u015bci Bo\u017cych \u0142ask.<\/p>\n<h2 style=\"text-align: center;\"><strong>DWUDZIESTA CZWARTA NIEDZIELA W CI\u0104GU ROKU<\/strong><br \/>\n<strong>13 wrze\u015bnia 2020<\/strong><br \/>\n<strong>OG\u0141OSZENIA DUSZPASTERSKIE<\/strong><\/h2>\n<p>1. Dzisiaj rozpoczynaj\u0105 si\u0119 Kwartalne dni modlitw za dzieci, m\u0142odzie\u017c i wychowawc\u00f3w. W tym czasie w kalendarzu liturgicznym pod dat\u0105 18 wrze\u015bnia przypada \u015bwi\u0119to \u015awi\u0119tego Stanis\u0142awa Kostki, patrona polskiej m\u0142odzie\u017cy. Mimo up\u0142ywu stuleci, jest on nadal czytelnym wzorem \u017cycia dla m\u0142odego pokolenia. Podczas Eucharystii ka\u017cdego dnia nadchodz\u0105cego tygodnia, przez wstawiennictwo \u015awi\u0119tego Stanis\u0142awa Kostki, b\u0119dziemy prosili Boga o \u015bwi\u0119to\u015b\u0107 naszych dzieci i m\u0142odzie\u017cy, bo od nich zale\u017cy przysz\u0142o\u015b\u0107 naszego narodu i Ko\u015bcio\u0142a.<\/p>\n<p>2. W poniedzia\u0142ek, 14 wrze\u015bnia, przypada \u015bwi\u0119to Podwy\u017cszenia Krzy\u017ca \u015awi\u0119tego. Krzy\u017c jest naszym chrze\u015bcija\u0144skim god\u0142em \u2013 znakiem m\u0119ki i \u015bmierci naszego Odkupiciela, jednak po nim by\u0142o zmartwychwstanie i wniebowst\u0105pienie. Krzy\u017c jest wi\u0119c tak\u017ce znakiem naszej nadziei. Zachowujmy je w szacunku i dba\u0142o\u015bci nie tylko przy okazji \u015bwi\u0119ta Podwy\u017cszenia Krzy\u017ca. \u015awi\u0105teczna Eucharystia w naszym ko\u015bciele o godz.<\/p>\n<p>3. W s\u0105siedztwie \u015bwi\u0119ta Podwy\u017cszenia Krzy\u017ca \u015awi\u0119tego w kalendarzu liturgicznym pod dat\u0105 15 wrze\u015bnia (najbli\u017cszy wtorek) przypada wspomnienie Matki Bo\u017cej Bolesnej. Przez to wspomnienie mo\u017cemy u\u015bwiadomi\u0107 sobie cierpienia, jakie by\u0142y udzia\u0142em Maryi, kt\u00f3ra \u2013 jak nikt inny \u2013 by\u0142a zjednoczona z Chrystusem r\u00f3wnie\u017c w Jego m\u0119ce, cierpieniu i \u015bmierci.<\/p>\n<p>4. &nbsp;W miniony tygodniu na remont ko\u015bcio\u0142a wp\u0142yn\u0119\u0142y ofiary po 200 z\u0142. Weronika Patoka z Wierzbna po 100 Andrzej Miklaszewski z Wierzbna, Krzysztof Zalewski z Helenowa. B\u00f3g zap\u0142a\u0107.<\/p>\n<p>5. &nbsp;Dzisiaj zbi\u00f3rka do puszek na Gr\u00f3b Pa\u0144ski w Jerozolimie.<\/p>\n<p>6. W przysz\u0142\u0105&nbsp; niedziel\u0119 b\u0119dziemy go\u015bcili przedstawiciela WSD w Siedlcach. Ofiary na tac\u0119 s\u0105 przeznaczone na seminarium.<\/p>\n<p>7. Dzi\u0119kuj\u0119 za sprz\u0105tanie ko\u015bcio\u0142a p. Kope\u0107 J\u00f3zefowi z Wygl\u0119d\u00f3wka . W przysz\u0142ym tygodniu zapraszam rodziny W\u0105sowska Halina, , Kope\u0107 Gra\u017cyna z Wygl\u0119d\u00f3wka.<\/p>\n<p>8. Na stoliku wy\u0142o\u017cony jest nowy numer Echa Katolickiego a w nim . o s. R\u00f3\u017cy Niew\u0119g\u0142owskiej charyzmatyczce cierpienia pochodz\u0105cej z naszej diecezji, jak powinna wygl\u0105da\u0107 dieta diecka w dobie korona wirusa. Jest tak\u017ce wy\u0142o\u017cony kalendarz misyjny w cenie 6 z\u0142.<\/p>\n<p>9. Dzi\u0119kuj\u0119 &nbsp;Panom, kt\u00f3rzy przez dwa dni zbijali tynki z frontu ko\u015bcio\u0142a , dzi\u0119kuj\u0119 tak\u017ce mieszka\u0144com Helenowa i Lasu Jaworskiego za wywiezienie \u015bmieci biodegradowalnych.<\/p>\n<p>10. Do przyj\u0119cia sakramentu ma\u0142\u017ce\u0144stwa przygotowuj\u0105 si\u0119 Pawe\u0142 Mr\u00f3z cywilnie zwi\u0105zany z Jaworka par tut i Viktoria Voroty\u0144ska cywilnie zwi\u0105zana pochodz\u0105ca z Bursztynu zam. na terenie parafii tut. zap. I. Pami\u0119tajmy o przygotowuj\u0105cych si\u0119 do przyj\u0119cia sakramentu ma\u0142\u017ce\u0144stwa.<\/p>\n<p>11. Wszystkim solenizantom i jubilatom, kt\u00f3rzy b\u0119d\u0105 prze\u017cywali swoje \u015bwi\u0119to w najbli\u017cszych dniach, \u017cycz\u0119 Bo\u017cego b\u0142og. i obfito\u015bci Bo\u017cych \u0142ask.<\/p>\n<h2 style=\"text-align: center;\"><strong>DWUDZIESTA TRZECIA NIEDZIELA W CI\u0104GU ROKU<br \/>\n6 wrze\u015bnia 2020<br \/>\n<\/strong><strong>OG\u0141OSZENIA DUSZPASTERSKIE<\/strong><\/h2>\n<p>1. Od pocz\u0105tku wrze\u015bnia modlimy si\u0119 o pok\u00f3j i dobre wychowanie m\u0142odego pokolenia. Warto wi\u0119c dzi\u015b przypomnie\u0107 s\u0142owa \u015awi\u0119tego Jana Paw\u0142a II: \u201eOsi\u0105gniemy pok\u00f3j, wychowuj\u0105c do pokoju! [\u2026] Ko\u015bci\u00f3\u0142 nie przestaje powtarza\u0107: pok\u00f3j jest obowi\u0105zkiem\u201d (z Or\u0119dzia na XXXVII \u015awiatowy Dzie\u0144 Pokoju). W zbli\u017caj\u0105c\u0105 si\u0119 rocznic\u0119 terrorystycznego zamachu na Word Trade Center w Nowym Jorku, 11 wrze\u015bnia (przypada w nadchodz\u0105cy pi\u0105tek), obejmijmy pami\u0119ci\u0105 ofiary tej i innych tragedii, kt\u00f3rych \u017ar\u00f3d\u0142em zawsze jest nienawi\u015b\u0107. Pro\u015bmy Chrystusa \u2013 Ksi\u0119cia Pokoju, aby nasze dzieci wzrasta\u0142y w poczuciu bezpiecze\u0144stwa i w harmonii, a nasza Ojczyzna unikn\u0119\u0142a okrucie\u0144stwa terroryzmu.<\/p>\n<p>2. Dzisiaj&nbsp; po Mszy \u015bwi\u0119tej o godz. 9.00 zmiana tajemnic r\u00f3\u017ca\u0144ca dla rodzic\u00f3w modl\u0105cych si\u0119 za dzieci.<\/p>\n<p>3. Wrzesie\u0144, podobnie jak sierpie\u0144, przemierzamy z Maryj\u0105. W najbli\u017cszy wtorek, 8&nbsp;wrze\u015bnia, przypada jedno z najstarszych \u015bwi\u0105t maryjnych: Narodzenie Naj\u015bwi\u0119tszej Maryi Panny. W naszej polskiej tradycji znane jest jako \u015bwi\u0119to Matki Bo\u017cej Siewnej. Polecaj\u0105c Bo\u017cej Opatrzno\u015bci, za przyczyn\u0105 i wstawiennictwem Matki Bo\u017cej, przysz\u0142oroczne plony, pami\u0119tajmy, \u017ce i my jeste\u015bmy \u201euprawn\u0105 rol\u0105\u201d, na kt\u00f3r\u0105 pada ziarno s\u0142owa Bo\u017cego. Jaki ono wydaje w moim \u017cyciu owoc \u2013 oto pytanie, jakie w kontek\u015bcie tego \u015bwi\u0119ta warto sobie samemu postawi\u0107. Msze \u015bwi\u0119te o godz. 9.00 i 18.00. B\u0142ogos\u0142awie\u0144stwo ziarna na ka\u017cdej Mszy \u015bwi\u0119tej.<\/p>\n<p>4. W miniony tygodniu na remont ko\u015bcio\u0142a wp\u0142yn\u0119\u0142y ofiary po 100 z\u0142 Marianna Plewko z Sobonia &nbsp;po 200 z\u0142. &nbsp;Monika Chabiera z Wo\u0142omina. B\u00f3g &nbsp;zap\u0142a\u0107.<\/p>\n<p>5. Prosz\u0119 mieszka\u0144c\u00f3w Helenowa i Lasu Jaworskiego o przeprowadzenie segregacji i wywiezienie \u015bmieci biodegradowalnych w sobot\u0119.<\/p>\n<p>6. W przysz\u0142\u0105&nbsp; niedziel\u0119 zbi\u00f3rka do puszek na \u015bwi\u0105tyni\u0119 Grobu Pa\u0144skiego w Ziemi \u015awi\u0119tej.<\/p>\n<p>7. Dzi\u0119kuj\u0119 za sprz\u0105tanie ko\u015bcio\u0142a rodzinom z Wygl\u0119d\u00f3wka Komorowski Adam, Komorowski Janusz i Jasi\u0144ska Jadwiga. W przysz\u0142ym tygodniu zapraszam rodziny W\u0105sowska Halina, Kope\u0107 J\u00f3zef, Kope\u0107 Gra\u017cyna z Wygl\u0119d\u00f3wka.<\/p>\n<p>8. Na stoliku wy\u0142o\u017cony jest nowy numer Echa Katolickiego .<\/p>\n<p>9. Dzi\u0119kuj\u0119 czterem Panom, kt\u00f3rzy przez dwa dni zbijali tynki z frontu ko\u015bcio\u0142a dwa tygodnie temu.<\/p>\n<p>10. Panu Romanowi Gog\u0142ozie dzi\u0119kuj\u0119 za ofiarowanie wrzos\u00f3w do ko\u015bcio\u0142a.<\/p>\n<p>11. Wszystkim solenizantom i jubilatom, kt\u00f3rzy b\u0119d\u0105 prze\u017cywali swoje \u015bwi\u0119to w najbli\u017cszych dniach, \u017cycz\u0119 Bo\u017cego b\u0142og. i obfito\u015bci Bo\u017cych \u0142ask.<\/p>\n<p>&nbsp;<\/p>\n","protected":false},"excerpt":{"rendered":"<p>Powr\u00f3t do listy og\u0142osze\u0144 DWUDZIESTA SZ\u00d3STA NIEDZIELA W CI\u0104GU ROKU 27 wrze\u015bnia 2020 OG\u0141OSZENIA DUSZPASTERSKIE 1. Dzisiejsza niedziela w Ko\u015bciele w szczeg\u00f3lny spos\u00f3b jest po\u015bwi\u0119cona migrantom i uchod\u017acom. W tym roku jest to ju\u017c 106. \u015awiatowy Dzie\u0144 Migranta i Uchod\u017acy. Ma on nas uwra\u017cliwi\u0107 na do\u015bwiadczanie niesprawiedliwo\u015bci, krzywdy i cz\u0119sto na nieludzki los tych, kt\u00f3rzy z r\u00f3\u017cnych powod\u00f3w opuszczaj\u0105 swoj\u0105 ojczyzn\u0119, poszukuj\u0105 dla siebie i swoich bliskich bezpiecznego miejsca w innych krajach. 2. We wtorek, 29 wrze\u015bnia, w kalendarzu liturgicznym obchodzone jest \u015bwi\u0119to \u015awi\u0119tych Archanio\u0142\u00f3w: Micha\u0142a, Gabriela i Rafa\u0142a. W pi\u0105tek, 2 pa\u017adziernika, wspominamy \u015awi\u0119tych Anio\u0142\u00f3w Str\u00f3\u017c\u00f3w. Mo\u017ce na co dzie\u0144 nie zawsze pami\u0119tamy, \u017ce to mi\u0142osierny B\u00f3g troszczy si\u0119 o ka\u017cdego z nas, posy\u0142aj\u0105c nam swoich anio\u0142\u00f3w, kt\u00f3rzy chroni\u0105 nas i nam pomagaj\u0105. Anio\u0142y s\u0105 przejawem obecno\u015bci Boga w \u015bwiecie. \u0141\u0105cz\u0105 niebo z ziemi\u0105. Dlatego korzystajmy z ich po\u015brednictwa, pro\u015bmy o pomoc, zw\u0142aszcza w trudnych sprawach, kiedy zaczyna brakowa\u0107 \u2026 <a class=\"continue-reading-link\" href=\"https:\/\/www.parafiawierzbno.com.pl\/?page_id=10068\">Czytaj dalej <span class=\"meta-nav\">&rarr; <\/span><\/a><\/p>\n","protected":false},"author":1,"featured_media":0,"parent":225,"menu_order":0,"comment_status":"closed","ping_status":"closed","template":"","meta":{"ngg_post_thumbnail":0},"_links":{"self":[{"href":"https:\/\/www.parafiawierzbno.com.pl\/index.php?rest_route=\/wp\/v2\/pages\/10068"}],"collection":[{"href":"https:\/\/www.parafiawierzbno.com.pl\/index.php?rest_route=\/wp\/v2\/pages"}],"about":[{"href":"https:\/\/www.parafiawierzbno.com.pl\/index.php?rest_route=\/wp\/v2\/types\/page"}],"author":[{"embeddable":true,"href":"https:\/\/www.parafiawierzbno.com.pl\/index.php?rest_route=\/wp\/v2\/users\/1"}],"replies":[{"embeddable":true,"href":"https:\/\/www.parafiawierzbno.com.pl\/index.php?rest_route=%2Fwp%2Fv2%2Fcomments&post=10068"}],"version-history":[{"count":7,"href":"https:\/\/www.parafiawierzbno.com.pl\/index.php?rest_route=\/wp\/v2\/pages\/10068\/revisions"}],"predecessor-version":[{"id":10240,"href":"https:\/\/www.parafiawierzbno.com.pl\/index.php?rest_route=\/wp\/v2\/pages\/10068\/revisions\/10240"}],"up":[{"embeddable":true,"href":"https:\/\/www.parafiawierzbno.com.pl\/index.php?rest_route=\/wp\/v2\/pages\/225"}],"wp:attachment":[{"href":"https:\/\/www.parafiawierzbno.com.pl\/index.php?rest_route=%2Fwp%2Fv2%2Fmedia&parent=10068"}],"curies":[{"name":"wp","href":"https:\/\/api.w.org\/{rel}","templated":true}]}}