{"id":10244,"date":"2020-10-04T12:52:32","date_gmt":"2020-10-04T10:52:32","guid":{"rendered":"https:\/\/www.parafiawierzbno.com.pl\/?page_id=10244"},"modified":"2020-10-25T12:25:58","modified_gmt":"2020-10-25T11:25:58","slug":"ogloszenia-pazdziernik-2020","status":"publish","type":"page","link":"https:\/\/www.parafiawierzbno.com.pl\/?page_id=10244","title":{"rendered":"Og\u0142oszenia &#8211; Pa\u017adziernik 2020"},"content":{"rendered":"<p><a title=\"Og\u0142oszenia parafialne\" href=\"https:\/\/www.parafiawierzbno.com.pl\/?page_id=225\">Powr\u00f3t do listy og\u0142osze\u0144<\/a><\/p>\n<h2 style=\"text-align: center;\"><strong>TRZYDZIESTA NIEDZIELA W CI\u0104GU ROKU<\/strong><br \/>\n<strong>25 pa\u017adziernika 2020<\/strong><br \/>\n<strong>OG\u0141OSZENIA DUSZPASTERSKIE<\/strong><\/h2>\n<p>1. Dzisiaj w ko\u015bcio\u0142ach (poza katedrami), kt\u00f3re zosta\u0142y konsekrowane, ale data ich konsekracji nie jest znana, obchodzona jest uroczysto\u015b\u0107 Po\u015bwi\u0119cenia W\u0142asnego Ko\u015bcio\u0142a. Ka\u017cda \u015bwi\u0105tynia obchodzi w ci\u0105gu roku uroczy\u015bcie dwa dni: dzie\u0144 swojego patrona i dzie\u0144 swojej konsekracji. Dzie\u0144 patrona to jakby dzie\u0144 imienin ko\u015bcio\u0142a. Tego dnia obchodzony jest zazwyczaj odpust parafialny. Natomiast dzie\u0144 po\u015bwi\u0119cenia ko\u015bcio\u0142a jest dniem jego oddania na wy\u0142\u0105czn\u0105 w\u0142asno\u015b\u0107 Panu Boga, aby by\u0142 miejscem modlitwy dla parafialnej wsp\u00f3lnoty i miejscem sprawowania kultu.<\/p>\n<p>2. Dzisiaj ostatnia niedziela miesi\u0105ca. Taca ekonomiczna.<\/p>\n<p>3. W \u015brod\u0119 w liturgii czcimy \u015awi\u0119tych Aposto\u0142\u00f3w Szymona i Jud\u0119 Tadeusza, patron\u00f3w naszej diecezji.. Zapatrzeni w ich \u015bwiadectwo b\u0119dziemy prosi\u0107 Boga o siln\u0105 wiar\u0119. \u015awi\u0119ty Juda Tadeusz uwa\u017cany jest za patrona spraw beznadziejnych, wzywamy go w szczeg\u00f3lnych potrzebach.<\/p>\n<p>4. W przysz\u0142\u0105 niedziel\u0119, 1 listopada przypada uroczysto\u015b\u0107 Wszystkich \u015awi\u0119tych. W naszym ko\u015bciele b\u0119d\u0105 one sprawowane wed\u0142ug nast\u0119puj\u0105cego porz\u0105dku: o godz. 9.00 i 11.00. Nie ma Mszy \u015bwi\u0119tej wieczorowej. W t\u0119 uroczysto\u015b\u0107 uwielbiamy Boga w Jego \u015bwi\u0119tych \u2013 w tych, kt\u00f3rzy przeszli przez \u017cycie wierni Bogu i Jego przykazaniom. Dla nas s\u0105 oni drogowskazami na drodze do wieczno\u015bci. Po Mszy \u015bwi\u0119tej o godz. 11.00 procesja na cmentarz. W tym roku w procesji uczestniczy tylko s\u0142u\u017cba liturgiczna, reszta pozostaje przy grobach bliskich. Po procesji r\u00f3\u017caniec w intencji zmar\u0142ych polecanych w wypominkach. Po\u015bwi\u0119cenie nowych pomnik\u00f3w 1 i 2 listopada&nbsp; &#8211; 1 listopada po r\u00f3\u017ca\u0144cu na cmentarzu.<\/p>\n<p>5. Nie zapominajmy te\u017c, \u017ce w tym roku wyj\u0105tkowo przez ca\u0142y listopad duszom w czy\u015b\u0107cu mo\u017cemy ofiarowa\u0107 wielki dar \u2013 odpust zupe\u0142ny za pobo\u017cne nawiedzenie cmentarza i zm\u00f3wienie modlitwy w ich intencji oraz spe\u0142nienie pozosta\u0142ych zwyk\u0142ych warunk\u00f3w, tzn.: stan \u0142aski u\u015bwi\u0119caj\u0105cej, brak przywi\u0105zania do jakiegokolwiek grzechu, przyj\u0119cie Komunii \u015bw., odm\u00f3wienie modlitwy w intencjach wyznaczonych przez Ojca \u015awi\u0119tego.<\/p>\n<p>6. Przed nami ostatni tydzie\u0144 r\u00f3\u017ca\u0144cowy. Przypominam, \u017ce codziennie w naszym ko\u015bciele o godz. 17.00 gromadzimy si\u0119 na wieczornej Eucharystii, a po niej celebrujemy nabo\u017ce\u0144stwo r\u00f3\u017ca\u0144cowe.<\/p>\n<p>7. Od dzisiaj w ko\u015bciele mo\u017ce przybywa\u0107 jednocze\u015bnie 12 os\u00f3b. Dyspensa Ksi\u0119dza Biskupa nie zwalnia z uczestnictwa we Mszy \u015bw. transmitowanej przez TV , czy radio. Korzystaj\u0105c z transmisji Mszy \u015bw. na stole postawmy krzy\u017c i \u015bwiece i zachowujmy si\u0119 tak jak w ko\u015bciele gromadz\u0105c si\u0119 ca\u0142\u0105 rodzin\u0105.<\/p>\n<p>8. W sobot\u0119 o godz. 18.00 b\u0119dzie sprawowana Msza \u015bwi\u0119ta ju\u017c z uroczysto\u015bci Wszystkich \u015awi\u0119tych.<\/p>\n<p>9. Dzi\u0119kuj\u0119 za sprz\u0105tanie ko\u015bcio\u0142a rodzinom \u0141obaczewski Zenon, Sobiepanek J\u00f3zef, Jasi\u0144ski W\u0142odzimierz ze \u015awidna. W przysz\u0142ym tygodniu zapraszam rodziny Grabowski Mieczys\u0142aw, Sobiepanek Honorata, Bergiel S\u0142awomir ze \u015awidna.<\/p>\n<p>10. Na stoliku wy\u0142o\u017cony jest nowy numer Echa Katolickiego a w nim .Przepowiednia Matki Bo\u017cej spe\u0142nia si\u0119 na naszych oczach. \u017byjemy w czasach pogardy a si\u0142a z\u0142a nabiera przyspieszenia.<\/p>\n<p>11. Prosz\u0119 o roz\u0142o\u017cenie wizyty na cmentarzu zar\u00f3wno przed jak i po 1 listopada.<\/p>\n<p>12. W minionym tygodniu do wieczno\u015bci odeszli : + Helena Podg\u00f3rska l. 92 z Jan\u00f3wka, + Zbigniew Bzoch l. 64 z W\u00f3lki, + Waldemar \u0141abarzewski l. 63 z Mi\u0144ska Mazowieckiego \u2013 pogrzeb w \u015brod\u0119. Wieczny odpoczynek racz im da\u0107 Panie\u2026.<\/p>\n<p>13. Wszystkim solenizantom i jubilatom, kt\u00f3rzy b\u0119d\u0105 prze\u017cywali swoje \u015bwi\u0119to w najbli\u017cszych dniach, \u017cycz\u0119 Bo\u017cego b\u0142og. i obfito\u015bci Bo\u017cych \u0142ask.<\/p>\n<p>&nbsp;<\/p>\n<h2 style=\"text-align: center;\"><strong>DWUDZIESTA DZIEWI\u0104TA NIEDZIELA W CI\u0104GU ROKU<\/strong><br \/>\n<strong>18 pa\u017adziernika 2020<\/strong><br \/>\n<strong>OG\u0141OSZENIA DUSZPASTERSKIE<\/strong><\/h2>\n<p>1. Dzisiejsza niedziela w ca\u0142ym Ko\u015bciele po\u015bwi\u0119cona jest sprawie misji. Rozpoczyna si\u0119 Tydzie\u0144 Misyjny. Modlimy si\u0119 w intencji misji i misjonarzy zakonnych i \u015bwieckich. Prosimy Boga, aby mogli oni skutecznie wype\u0142nia\u0107 swoje powo\u0142anie i nie\u015b\u0107 Ewangeli\u0119 ludom i narodom, kt\u00f3re wiar\u0119 zagubi\u0142y albo dot\u0105d Boga nie pozna\u0142y. To stosowny czas, aby\u015bmy przypomnieli sobie, \u017ce do istoty \u017cycia Ko\u015bcio\u0142a nale\u017cy powo\u0142anie misyjne. \u015awiatowy Dzie\u0144 Misyjny u\u015bwiadamia nam te\u017c, jak bardzo Ko\u015bci\u00f3\u0142 jest r\u00f3\u017cnorodny, a przez to rzeczywi\u015bcie powszechny. To mozaika kultur, ras, j\u0119zyk\u00f3w i zwyczaj\u00f3w. Wielkie dzie\u0142o misyjne wspieramy na r\u00f3\u017cne sposoby, dzisiaj tak\u017ce sk\u0142adaj\u0105c ofiary do puszek na Papieskie Dzie\u0142a Misyjne.<\/p>\n<p>2. W kalendarzu liturgicznym w dniu 18 pa\u017adziernika przypada (wyparte przez dzisiejsz\u0105 niedziel\u0119) \u015bwi\u0119to \u015awi\u0119tego \u0141ukasza Ewangelisty. Jest to dzie\u0144 modlitw za pracownik\u00f3w s\u0142u\u017cby zdrowia. Pami\u0119tajmy o nich w naszej modlitwie.<\/p>\n<p>3. Matka Bo\u017ca w swych objawieniach wskazuje na r\u00f3\u017caniec jako mistyczn\u0105 bro\u0144 i narz\u0119dzie Bo\u017cych zwyci\u0119stw. Jako chrze\u015bcijanie nie walczymy mieczem. Naszym or\u0119\u017cem jest r\u00f3\u017caniec. Codziennie w naszym ko\u015bciele o godz. 17.30 gromadzimy si\u0119 na wieczornej Eucharystii, a po niej odprawiamy nabo\u017ce\u0144stwo r\u00f3\u017ca\u0144cowe.&nbsp; Zapraszam na t\u0119 modlitw\u0119. W dzisiejszej modlitwie r\u00f3\u017ca\u0144cowej b\u0119dziemy poleca\u0107 nauczycieli i pracownik\u00f3w naszej szko\u0142y.<\/p>\n<p>4. W czwartek, 22 pa\u017adziernika przypada liturgiczne wspomnienie \u015awi\u0119tego Jana Paw\u0142a II.<\/p>\n<p>5. W zwi\u0105zku z zaostrzeniami, kt\u00f3re nas dotkn\u0119\u0142y od najbli\u017cszej soboty o godz. 18.00 b\u0119dzie sprawowana Msza \u015bwi\u0119ta niedzielna. Ci, kt\u00f3rzy b\u0119d\u0105 w niej uczestniczyli nie musz\u0105 ju\u017c uczestniczy\u0107 w niedziel\u0119 we Mszy \u015bw.<\/p>\n<p>6. Od dzisiaj w ko\u015bciele mo\u017ce przybywa\u0107 jednocze\u015bnie 25 os\u00f3b. Dyspensa Ksi\u0119dza Biskupa nie zwalnia z uczestnictwa we Mszy \u015bw. transmitowanej przez TV , czy radio. Korzystaj\u0105c z transmisji Mszy \u015bw. na stole postawmy krzy\u017c i \u015bwiece i zachowujmy si\u0119 tak jak w ko\u015bciele gromadz\u0105c si\u0119 ca\u0142\u0105 rodzin\u0105.<\/p>\n<p>6. Dzi\u0119kuj\u0119 za sprz\u0105tanie ko\u015bcio\u0142a rodzinom Wojty\u0144ski Dariusz, Sobiepanek Bronis\u0142aw, Tomkiewicz Jan ze \u015awidna. W przysz\u0142ym tygodniu zapraszam rodziny \u0141obaczewski Zenon, Sobiepanek J\u00f3zef, Jasi\u0144ski W\u0142odzimierz ze \u015awidna.<\/p>\n<p>7. Na stoliku wy\u0142o\u017cony jest nowy numer Echa Katolickiego a w nim .Jak wyt\u0142umaczy\u0107 ludziom, \u017ce bycie w k\u00f3\u0142ku r\u00f3\u017ca\u0144cowym to same korzy\u015bci? Co ks. Dolindo m\u00f3wi o nadej\u015bciu antychrysta. Jest tak\u017ce wy\u0142o\u017cony kalendarz rolniczy w cenie 25 z\u0142.<\/p>\n<p>8. W minionym tygodniu na remont ko\u015bcio\u0142a wp\u0142yn\u0119\u0142y ofiary po 100 z\u0142. Justyna Duszak z W\u00f3lki i bezimienna. B\u00f3g zap\u0142a\u0107.<\/p>\n<p>10.&nbsp;&nbsp; Prosz\u0119 o wykorzystanie tych dw\u00f3ch tygodni na sprz\u0105tanie i odwiedzanie grob\u00f3w bliskich. Kartki wspominkowe wy\u0142o\u017cone s\u0105 na stoliku i na o\u0142tarzach bocznych.<\/p>\n<p>11. Dzi\u0119kuj\u0119 za chryzantemy do ko\u015bcio\u0142a p. Romanowi Gog\u0142ozie, kt\u00f3ry jest g\u0142\u00f3wnym sponsorem oraz p. Darkowi Wr\u00f3blewskiemu.<\/p>\n<p>11. Wszystkim solenizantom i jubilatom, kt\u00f3rzy b\u0119d\u0105 prze\u017cywali swoje \u015bwi\u0119to w najbli\u017cszych dniach, \u017cycz\u0119 Bo\u017cego b\u0142og. i obfito\u015bci Bo\u017cych \u0142ask.<\/p>\n<p>12. W przysz\u0142\u0105 niedziel\u0119 (i w sobot\u0119 na Mszy \u015bw. o godz. 18.00) taca ekonomiczna.<\/p>\n<h2 style=\"text-align: center;\"><strong>DWUDZIESTA \u00d3SMA NIEDZIELA W CI\u0104GU ROKU<\/strong><br \/>\n<strong>11 pa\u017adziernika 2020<\/strong><br \/>\n<strong>OG\u0141OSZENIA DUSZPASTERSKIE<\/strong><\/h2>\n<p>1. W dzisiejsz\u0105 niedziel\u0119 kolejny raz w naszym kraju obchodzimy Dzie\u0144 Papieski. Dzi\u015b, a tak\u017ce w pi\u0105tek, 16 pa\u017adziernika \u2013 w dzie\u0144 powo\u0142ania \u015awi\u0119tego Jana Paw\u0142a II na Stolic\u0119 Piotrow\u0105 \u2013 dzi\u0119kujemy Bogu za wieloletni\u0105 pos\u0142ug\u0119 papie\u017ca Polaka, a jednocze\u015bnie prosimy o jego wstawiennictwo, aby\u015bmy wytrwali na wytyczonej przez niego drodze.<\/p>\n<p>2. Dzisiaj swoimi ofiarami wspieramy Fundacj\u0119 \u201eDzie\u0142o Nowego Tysi\u0105clecia\u201d, kt\u00f3ra zosta\u0142a powo\u0142ana przez Episkopat Polski dla upami\u0119tnienia pontyfikatu Ojca \u015awi\u0119tego Jana Paw\u0142a II. G\u0142\u00f3wnym celem fundacji jest promowanie nauczania papie\u017ca Polaka. Z tych \u015brodk\u00f3w m.in. fundowane s\u0105 stypendia dla uzdolnionej, a pochodz\u0105cej z ubogich rodzin m\u0142odzie\u017cy.<\/p>\n<p>3. W \u015brod\u0119, 14 pa\u017adziernika przypada Dzie\u0144 Edukacji Narodowej. Wspierajmy nauczycieli i wychowawc\u00f3w nasz\u0105 \u017cyczliwo\u015bci\u0105, a przede gor\u0105c\u0105 modlitw\u0105.<\/p>\n<p>4. W nadchodz\u0105cy czwartek, 15 pa\u017adziernika , obchodzimy Dzie\u0144 Dziecka Utraconego. Ma on nam przypomina\u0107, \u017ce cz\u0119sto rodzice, kt\u00f3rzy odprowadzili swoje dziecko do bram wieczno\u015bci, nie zawsze oczekuj\u0105 jakiego\u015b specjalnego pocieszenia, ale potrzebuj\u0105 naszej modlitwy, kt\u00f3ra pomo\u017ce im przetrwa\u0107 niezwykle trudny czas.<\/p>\n<p>5. Przez ca\u0142y pa\u017adziernik z Matk\u0105 Bo\u017c\u0105 trwamy na modlitwie r\u00f3\u017ca\u0144cowej. Rozwa\u017caj\u0105c tajemnice z \u017cycia Jezusa i Maryi, w r\u00f3\u017ca\u0144cowe dziesi\u0105tki wplatamy wszystkie nasze sprawy osobiste, sprawy naszych rodzin, narodu, Ko\u015bcio\u0142a. W ten spos\u00f3b prosta modlitwa r\u00f3\u017ca\u0144cowa pulsuje naszym \u017cyciem.. Na nabo\u017ce\u0144stwo pa\u017adziernikowe gromadzimy si\u0119 w naszym ko\u015bciele codziennie o godz. 17.30. Wszystkich serdecznie zapraszam a w spos\u00f3b szczeg\u00f3lny zapraszam : w poniedzia\u0142ek \u2013 mieszka\u0144c\u00f3w Helenowa i Lasu Jaworskiego; we wtorek \u2013 mieszka\u0144c\u00f3w Wygl\u0119d\u00f3wka&nbsp; ; we \u015brod\u0119 \u2013 mieszka\u0144c\u00f3w Jan\u00f3wka; we czwartek \u2013 mieszka\u0144c\u00f3w W\u00f3lki i \u015awidna; w pi\u0105tek &#8211;&nbsp; mieszka\u0144c\u00f3w Jaworka; w sobot\u0119 \u2013 mieszka\u0144c\u00f3w Wierzbna i Sobonia.<\/p>\n<p>6. Dzi\u0119kuj\u0119 za sprz\u0105tanie ko\u015bcio\u0142a rodzinom \u015aledziewski Mieczys\u0142aw, Zwierz W\u0142adys\u0142awa z Wygl\u0119d\u00f3wka&nbsp; . W przysz\u0142ym tygodniu zapraszam rodziny Wojty\u0144ski Dariusz, Sobiepanek Bronis\u0142aw, Tomkiewicz Jan ze \u015awidna.<\/p>\n<p>7. Na stoliku wy\u0142o\u017cony jest nowy numer Echa Katolickiego a w nim .Na temat przyjmowania Komunii \u015bw. do ust i na r\u0119k\u0119 wypowiedzieli si\u0119 kilka dni temu polscy biskupi. Nadchodzi nowa sekularyzacja, jej celem jest ca\u0142kowite ze\u015bwiecczenie spo\u0142ecze\u0144stwa. Jest tak\u017ce wy\u0142o\u017cony kalendarz rolniczy w cenie 25 z\u0142.<\/p>\n<p>8. W minionym tygodniu na remont ko\u015bcio\u0142a wp\u0142yn\u0119\u0142a ofiara w wysoko\u015bci 200 z\u0142. Bezimienna, 500 z\u0142. Micha\u0142 i Ma\u0142gorzata W\u0105sowscy z Cierpi\u0105t. B\u00f3g zap\u0142a\u0107.<\/p>\n<p>9. Zgodnie z decyzj\u0105 Prezesa Rady Ministr\u00f3w, ca\u0142y kraj zosta\u0142 obj\u0119ty &#8222;\u017c\u00f3\u0142t\u0105 stref\u0105&#8221; re\u017cimu sanitarnego. Dlatego prosz\u0119, aby wchodz\u0105c do ko\u015bcio\u0142a zak\u0142ada\u0107 maseczki .<\/p>\n<p>10.&nbsp;&nbsp;&nbsp; Wielkimi krokami zbli\u017ca si\u0119 Uroczysto\u015b\u0107 Wszystkich \u015awi\u0119tych. Zach\u0119cam do systematycznego porz\u0105dkowania grob\u00f3w, segregowania odpad\u00f3w oraz do sk\u0142adania kartek wypominkowych. Za zmar\u0142ych polecanych w wypominkach modlimy si\u0119 : &#8211; przez ca\u0142y listopad jest odmawiany r\u00f3\u017caniec z czytaniem kartek wypominkowych- w ka\u017cdy pierwszy pi\u0105tek miesi\u0105ca jest sprawowana Msza \u015bwi\u0119ta za zmar\u0142ych polecanych w wypominkach- w ka\u017cd\u0105 drug\u0105 niedziel\u0119 miesi\u0105ca o godz. 10.30 b\u0119d\u0105 czytane kartki wypominkowe po\u0142\u0105czone z modlitw\u0105 z zmar\u0142ych polecanych w wypominkach z poszczeg\u00f3lnych miejscowo\u015bci. Wypisuj\u0105c kartki wypominkowe prosz\u0119 o podanie miejscowo\u015bci . Mamy nadziej\u0119, \u017ce re\u017cimy sanitarne pozwol\u0105 nam spokojnie uczestniczy\u0107 w listopadowych nabo\u017ce\u0144stwach na cmentarzu.<\/p>\n<p>11. Wszystkim solenizantom i jubilatom, kt\u00f3rzy b\u0119d\u0105 prze\u017cywali swoje \u015bwi\u0119to w najbli\u017cszych dniach, \u017cycz\u0119 Bo\u017cego b\u0142og. i obfito\u015bci Bo\u017cych \u0142ask.<\/p>\n<h2 style=\"text-align: center;\"><strong>DWUDZIESTA SI\u00d3DMA NIEDZIELA W CI\u0104GU ROKU<br \/>\n<\/strong><strong>4 pa\u017adziernika 2020<br \/>\n<\/strong><strong>OG\u0141OSZENIA DUSZPASTERSKIE<\/strong><\/h2>\n<p>1. Dzi\u015b przypada pierwsza niedziela pa\u017adziernika. W ko\u015bcio\u0142ach i we wsp\u00f3lnotach rodzinnych rozpocz\u0119li\u015bmy nabo\u017ce\u0144stwa r\u00f3\u017ca\u0144cowe. Bior\u0105c do r\u0105k r\u00f3\u017caniec, przez wstawiennictwo Bo\u017cej Rodzicielki Maryi, pro\u015bmy Jej Syna o mi\u0142osierdzie dla nas i ca\u0142ego \u015bwiata. Zach\u0119cam do udzia\u0142u w codziennej Mszy \u015awi\u0119tej i pa\u017adziernikowym nabo\u017ce\u0144stwie odprawianym w naszym ko\u015bciele o godz. 17.30, w niedziel\u0119 po Mszy \u015bwi\u0119tej o godz. 11.00. W spos\u00f3b szczeg\u00f3lny zapraszam : w poniedzia\u0142ek \u2013 mieszka\u0144c\u00f3w Helenowa i Lasu Jaworskiego; we wtorek \u2013 mieszka\u0144c\u00f3w Wygl\u0119d\u00f3wka&nbsp; ; we \u015brod\u0119 \u2013 mieszka\u0144c\u00f3w Jan\u00f3wka; we czwartek \u2013 mieszka\u0144c\u00f3w W\u00f3lki i \u015awidna; w pi\u0105tek &#8211;&nbsp; mieszka\u0144c\u00f3w Jaworka; w sobot\u0119 \u2013 mieszka\u0144c\u00f3w Wierzbna i Sobonia.<\/p>\n<p>2. Pami\u0119tajmy i przypominajmy innym, \u017ce za odm\u00f3wienie jednej cz\u0119\u015bci r\u00f3\u017ca\u0144ca, czyli pi\u0119ciu tajemnic w spos\u00f3b ci\u0105g\u0142y, mo\u017cna uzyska\u0107 odpust zupe\u0142ny, b\u0119d\u0105c w stanie \u0142aski u\u015bwi\u0119caj\u0105cej. Korzystajmy z tych duchowych dobrodziejstw, jakimi Ko\u015bci\u00f3\u0142 nas obdarza.<\/p>\n<p>3. W przysz\u0142\u0105 niedziel\u0119, 11 pa\u017adziernika b\u0119dziemy prze\u017cywali kolejny Dzie\u0144 Papieski, kt\u00f3ry na trwa\u0142e wpisa\u0142 si\u0119 w kalendarz nie tylko Ko\u015bcio\u0142a w Polsce, ale i w kalendarz wa\u017cnych rocznic i obchod\u00f3w w naszej Ojczy\u017anie. Tego dnia swoimi ofiarami wspieramy Fundacj\u0119 \u201eDzie\u0142o Nowego Tysi\u0105clecia\u201d, kt\u00f3ra zosta\u0142a powo\u0142ana przez Episkopat Polski dla upami\u0119tnienia pontyfikatu \u015awi\u0119tego Jana Paw\u0142a II.<\/p>\n<p>4. Dzi\u0119kuj\u0119 za sprz\u0105tanie ko\u015bcio\u0142a rodzinom Stachowicz Janusz, Zalewski Remigiusz, \u015aledziewska Helena, Pe\u0142czy\u0144ska Eugenia z Wygl\u0119d\u00f3wka&nbsp; . W przysz\u0142ym tygodniu zapraszam rodziny Parol Miros\u0142aw, \u015aledziewski Mieczys\u0142aw, Zwierz W\u0142adys\u0142awa, Banasiewicz Tadeusz z Wygl\u0119d\u00f3wka.<\/p>\n<p>5. Na stoliku wy\u0142o\u017cony jest nowy numer Echa Katolickiego a w nim .Czy warto by\u0107 ministrantem? , o cudach wyproszonych za po\u015brednictwem \u015bw. siostry Faustyny Kowalskiej. Czy przyj\u0119cie szczepionki przeciw grypie uchroni nas przed zachorowaniem? Jest tak\u017ce wy\u0142o\u017cony kalendarz rolniczy w cenie 25 z\u0142.<\/p>\n<p>6. W minionym tygodniu na remont ko\u015bcio\u0142a wp\u0142yn\u0119\u0142a ofiara w wysoko\u015bci 200 z\u0142. Bezimienna, 300 z\u0142. Kazimierz W\u0105sowski z Wygl\u0119d\u00f3wka, 500 z\u0142. Bezimienna. B\u00f3g zap\u0142a\u0107.<\/p>\n<p>7. Wszystkim solenizantom i jubilatom, kt\u00f3rzy b\u0119d\u0105 prze\u017cywali swoje \u015bwi\u0119to w najbli\u017cszych dniach, \u017cycz\u0119 Bo\u017cego b\u0142og. i obfito\u015bci Bo\u017cych \u0142ask.<\/p>\n","protected":false},"excerpt":{"rendered":"<p>Powr\u00f3t do listy og\u0142osze\u0144 TRZYDZIESTA NIEDZIELA W CI\u0104GU ROKU 25 pa\u017adziernika 2020 OG\u0141OSZENIA DUSZPASTERSKIE 1. Dzisiaj w ko\u015bcio\u0142ach (poza katedrami), kt\u00f3re zosta\u0142y konsekrowane, ale data ich konsekracji nie jest znana, obchodzona jest uroczysto\u015b\u0107 Po\u015bwi\u0119cenia W\u0142asnego Ko\u015bcio\u0142a. Ka\u017cda \u015bwi\u0105tynia obchodzi w ci\u0105gu roku uroczy\u015bcie dwa dni: dzie\u0144 swojego patrona i dzie\u0144 swojej konsekracji. Dzie\u0144 patrona to jakby dzie\u0144 imienin ko\u015bcio\u0142a. Tego dnia obchodzony jest zazwyczaj odpust parafialny. Natomiast dzie\u0144 po\u015bwi\u0119cenia ko\u015bcio\u0142a jest dniem jego oddania na wy\u0142\u0105czn\u0105 w\u0142asno\u015b\u0107 Panu Boga, aby by\u0142 miejscem modlitwy dla parafialnej wsp\u00f3lnoty i miejscem sprawowania kultu. 2. Dzisiaj ostatnia niedziela miesi\u0105ca. Taca ekonomiczna. 3. W \u015brod\u0119 w liturgii czcimy \u015awi\u0119tych Aposto\u0142\u00f3w Szymona i Jud\u0119 Tadeusza, patron\u00f3w naszej diecezji.. Zapatrzeni w ich \u015bwiadectwo b\u0119dziemy prosi\u0107 Boga o siln\u0105 wiar\u0119. \u015awi\u0119ty Juda Tadeusz uwa\u017cany jest za patrona spraw beznadziejnych, wzywamy go w szczeg\u00f3lnych potrzebach. 4. W przysz\u0142\u0105 niedziel\u0119, 1 listopada przypada uroczysto\u015b\u0107 Wszystkich \u015awi\u0119tych. W naszym ko\u015bciele b\u0119d\u0105 \u2026 <a class=\"continue-reading-link\" href=\"https:\/\/www.parafiawierzbno.com.pl\/?page_id=10244\">Czytaj dalej <span class=\"meta-nav\">&rarr; <\/span><\/a><\/p>\n","protected":false},"author":1,"featured_media":0,"parent":225,"menu_order":0,"comment_status":"closed","ping_status":"closed","template":"","meta":{"ngg_post_thumbnail":0},"_links":{"self":[{"href":"https:\/\/www.parafiawierzbno.com.pl\/index.php?rest_route=\/wp\/v2\/pages\/10244"}],"collection":[{"href":"https:\/\/www.parafiawierzbno.com.pl\/index.php?rest_route=\/wp\/v2\/pages"}],"about":[{"href":"https:\/\/www.parafiawierzbno.com.pl\/index.php?rest_route=\/wp\/v2\/types\/page"}],"author":[{"embeddable":true,"href":"https:\/\/www.parafiawierzbno.com.pl\/index.php?rest_route=\/wp\/v2\/users\/1"}],"replies":[{"embeddable":true,"href":"https:\/\/www.parafiawierzbno.com.pl\/index.php?rest_route=%2Fwp%2Fv2%2Fcomments&post=10244"}],"version-history":[{"count":7,"href":"https:\/\/www.parafiawierzbno.com.pl\/index.php?rest_route=\/wp\/v2\/pages\/10244\/revisions"}],"predecessor-version":[{"id":10261,"href":"https:\/\/www.parafiawierzbno.com.pl\/index.php?rest_route=\/wp\/v2\/pages\/10244\/revisions\/10261"}],"up":[{"embeddable":true,"href":"https:\/\/www.parafiawierzbno.com.pl\/index.php?rest_route=\/wp\/v2\/pages\/225"}],"wp:attachment":[{"href":"https:\/\/www.parafiawierzbno.com.pl\/index.php?rest_route=%2Fwp%2Fv2%2Fmedia&parent=10244"}],"curies":[{"name":"wp","href":"https:\/\/api.w.org\/{rel}","templated":true}]}}