{"id":10429,"date":"2020-12-06T18:23:11","date_gmt":"2020-12-06T17:23:11","guid":{"rendered":"https:\/\/www.parafiawierzbno.com.pl\/?page_id=10429"},"modified":"2020-12-27T09:45:17","modified_gmt":"2020-12-27T08:45:17","slug":"ogloszenia-grudzien-2020","status":"publish","type":"page","link":"https:\/\/www.parafiawierzbno.com.pl\/?page_id=10429","title":{"rendered":"Og\u0142oszenia &#8211; grudzie\u0144 2020"},"content":{"rendered":"<p><a title=\"Og\u0142oszenia parafialne\" href=\"https:\/\/www.parafiawierzbno.com.pl\/?page_id=225\">Powr\u00f3t do listy og\u0142osze\u0144<\/a><\/p>\n<h3 style=\"text-align: center;\"><strong>\u015aWI\u0118TEJ RODZINY: JEZUSA, MARYI I J\u00d3ZEFA<br \/>\n27 grudnia 2020<br \/>\n<\/strong><strong>OG\u0141OSZENIA DUSZPASTERSKIE<\/strong><\/h3>\n<p>1. Dzi\u015b Niedziela \u015awi\u0119tej Rodziny: Jezusa, Maryi i J\u00f3zefa. Przed b\u0142ogos\u0142awie\u0144stwem odm\u00f3wimy modlitw\u0119 w intencji wszystkich rodzin naszej parafii, szczeg\u00f3lnie tych, kt\u00f3re prze\u017cywaj\u0105 trudny czas.<\/p>\n<p>2. Zbli\u017ca si\u0119 koniec roku. 31 grudnia zapraszam o godz. 17.00 na Msz\u0119 \u015bwi\u0119t\u0105 i &nbsp;dzi\u0119kczynne nabo\u017ce\u0144stwo , w czasie kt\u00f3rego podzi\u0119kujemy za dary i \u0142aski otrzymane w minionym roku, b\u0119dziemy b\u0142aga\u0107 Boga o przebaczenie wszystkich naszych grzech\u00f3w pope\u0142nionych indywidualnie i spo\u0142ecznie, a tak\u017ce prosi\u0107 o b\u0142ogos\u0142awie\u0144stwo Bo\u017ce na rozpoczynaj\u0105cy si\u0119 nowy rok.<\/p>\n<p>3. W pi\u0105tek 1 stycznia uroczysto\u015b\u0107 \u015awi\u0119tej Bo\u017cej Rodzicielki. Msze \u015awi\u0119te wed\u0142ug porz\u0105dku niedzielnego. Jest to r\u00f3wnie\u017c \u015awiatowy Dzie\u0144 Modlitw o Pok\u00f3j. Ci\u0105gle s\u0142yszymy o nowych konfliktach, kt\u00f3re wybuchaj\u0105 w r\u00f3\u017cnych miejscach \u015bwiata. W czasie modlitwy o pok\u00f3j m\u00f3dlmy si\u0119 tak\u017ce o opami\u0119tanie dla tych, kt\u00f3rzy dla w\u0142asnych interes\u00f3w siej\u0105 niepok\u00f3j i wywo\u0142uj\u0105 konflikty. Tego dnia nie obowi\u0105zuje wstrzemi\u0119\u017aliwo\u015b\u0107 od pokarm\u00f3w mi\u0119snych.<\/p>\n<p>4. 2 stycznia, w pierwsz\u0105 sobot\u0119 miesi\u0105ca, o godz.7.30 Msza \u015awi\u0119ta o Niepokalanym Sercu Naj\u015bwi\u0119tszej Maryi Panny.<\/p>\n<p>5. W minionym tygodniu na zakup kamienia wp\u0142yn\u0119\u0142a bezimiennie ofiara 100 z\u0142, oraz 200 z\u0142. Mieczys\u0142awa Cichocka z Jan\u00f3wka. B\u00f3g zap\u0142a\u0107.<\/p>\n<p>6. Dzi\u0119kuj\u0119 za sprz\u0105tanie ko\u015bcio\u0142a rodzinie Abramowski Krzysztof, Chabiera Agnieszka, Szatkowski Tomasz z Sobonia. W przysz\u0142ym tygodniu w pi\u0105tek zapraszam&nbsp; Barcz Wanda, Kujawa Wies\u0142aw, Redek Roman z Sobonia.<\/p>\n<p>7. Dzi\u0119kuj\u0119 Urz\u0119dowi Gminy z Wierzbna za ofiarowanie dystrybutora do dezynfekcji r\u0105k.<\/p>\n<p>8. Pragn\u0119 serdecznie podzi\u0119kowa\u0107 p. Anecie i Rafa\u0142owi Miklaszewskim za kwiaty do ko\u015bcio\u0142a, p. Romanowi Gog\u0142ozie za ofiarowane sosenek, p.&nbsp; Dariuszowi Wr\u00f3blewskiemu za przywiezienie kostek siana oraz obsadzenie choinki, p. Micha\u0142owi Wasowskiemu i rodzicom dzieci kl. III za przygotowanie dekoracji \u015bwi\u0105tecznej pod przewodnictwem p. Anety Miklaszewskiej.<\/p>\n<p>9. Odwiedziny duszpasterskie, zwane kol\u0119d\u0105, rozpoczn\u0119 po 17 stycznia przysz\u0142ego roku.<\/p>\n<p><strong>10. W sobot\u0119 Msza \u015bwi\u0119ta o godz. 18.00 ju\u017c z formularza niedzielnego.<\/strong><\/p>\n<p>11. Wszystkim solenizantom i jubilatom tego tygodnia \u017cyczymy obfito\u015bci \u0142ask Bo\u017cych i opieki Matki Naj\u015bwi\u0119tszej na ka\u017cdy dzie\u0144. Mi\u0142ej i b\u0142ogos\u0142awionej niedzieli.<\/p>\n<p>&nbsp;<\/p>\n<h3 style=\"text-align: center;\"><strong>CZWARTA NIEDZIELA ADWENTU<\/strong><br \/>\n<strong>20 grudnia 2020<\/strong><br \/>\n<strong>OG\u0141OSZENIA DUSZPASTERSKIE<\/strong><\/h3>\n<p>1. Powoli ko\u0144czy si\u0119 Adwent. Min\u0119\u0142y rekolekcje parafialne. Ufam, \u017ce wi\u0119kszo\u015b\u0107 parafian skorzysta\u0142a z czasu \u0142aski i dzi\u0119ki sakramentowi pojednania przygotowa\u0142a serce na spotkanie z nadchodz\u0105cym Panem. Zewn\u0119trzne oznaki przygotowa\u0144, takie jak czysto\u015b\u0107 naszych dom\u00f3w i mieszka\u0144, przygotowania do wieczerzy wigilijnej, s\u0105 wa\u017cne, lecz wa\u017cniejsza jest troska o duchowe przygotowanie, \u017ceby Pan Jezus m\u00f3g\u0142 si\u0119 spotka\u0107 z nami w czysto\u015bci naszych serc, uporz\u0105dkowanych relacjach i pokoju wok\u00f3\u0142 nas.<\/p>\n<p>2. W \u015brod\u0119 ostatnie w tym roku roraty. O godz. 6.45 Godzinki a nast\u0119pnie Msza \u015bwi\u0119ta. Po roratach harcerze 3-ciej \u015arodowiskowej Dru\u017cyny Harcerskiej Kedyw b\u0119d\u0105 rozdawa\u0107 Betlejemskie \u015bwiate\u0142ko Pokoju. Nale\u017cy je przechowa\u0107 do wigilii i odpali\u0107 od niego \u015bwi\u0119c\u0119 wigilin\u0105.<\/p>\n<p>3. W czwartek Wigilia Bo\u017cego Narodzenia. Zanim zasi\u0105dziemy do wieczerzy, zadbajmy nie tylko o zachowanie tradycji postnego posi\u0142ku, lecz przede wszystkim, przez wsp\u00f3ln\u0105 modlitw\u0119, czytanie opisu narodzenia z Ewangelii \u015bw. \u0141ukasza oraz \u0142amanie si\u0119 op\u0142atkiem, stw\u00f3rzmy w swoich domach przestrze\u0144, by B\u00f3g m\u00f3g\u0142 zago\u015bci\u0107 w naszym \u017cyciu. O p\u00f3\u0142nocy zapraszam wszystkich parafian i go\u015bci na pasterk\u0119. Zgodnie z tradycj\u0105 naszych ojc\u00f3w b\u0119dziemy si\u0119 dzieli\u0107 rado\u015bci\u0105 z Bo\u017cego Narodzenia. W pierwszy dzie\u0144 \u015bwi\u0105t Msza \u015bwi\u0119ta o godz. 9.00 i 11.00.<\/p>\n<p>4. W sobot\u0119 26 grudnia wspominamy \u015bw. Szczepana \u2013 pierwszego m\u0119czennika. W tym dniu Msze \u015awi\u0119te o godz. 9.00 i 11.00. Na Mszach \u015bwi\u0119tych b\u0142ogos\u0142awie\u0144stwo owsa.<\/p>\n<p>5. W minionym tygodniu na zakup kamienia wp\u0142yn\u0119\u0142a bezimiennie ofiara 200 z\u0142 B\u00f3g zap\u0142a\u0107.<\/p>\n<p>6. Dzi\u0119kuj\u0119 za sprz\u0105tanie ko\u015bcio\u0142a rodzinie \u0141abarzewska Maria Cieniewska Joanna, \u017belazowski Kazimierz z W\u00f3lki. W przysz\u0142ym tygodniu w czwartek zapraszam&nbsp; rodziny Abramowski Krzysztof, Chabiera Agnieszka, Szatkowski Tomasz z Sobonia.<\/p>\n<p>7. Na stoliku wy\u0142o\u017cony jest nowy numer Echa Katolickiego w tym tygodniu z kalendarzem.<\/p>\n<p>8. Na \u015brod\u0119 na godz. 15.00 zapraszam rodzic\u00f3w dzieci z kl. III do pomocy przy zrobieniu dekoracji na \u015bwi\u0119ta.<\/p>\n<p>9. Dzi\u0119kuj\u0119 serdecznie za choinki pa\u0144stwu Jadwidze i Tadeuszowi Szaniawskim z Jaworka.<\/p>\n<p>10. Je\u017celi kto\u015b jeszcze nie ma op\u0142atka mo\u017ce go naby\u0107 w ko\u015bciele u Pani Anety.<\/p>\n<p>11. W ubieg\u0142ym tygodniu z naszej wsp\u00f3lnoty parafialnej do wieczno\u015bci odesz\u0142a Scholastyka Zamieska l. 93 z Wygl\u0119d\u00f3wka. Wieczny odpoczynek racz jej da\u0107 Panie\u2026.<\/p>\n<p>12. Wszystkim solenizantom i jubilatom, kt\u00f3rzy b\u0119d\u0105 prze\u017cywali swoje \u015bwi\u0119to w najbli\u017cszych dniach, \u017cycz\u0119 Bo\u017cego b\u0142og. i obfito\u015bci Bo\u017cych \u0142ask.<\/p>\n<h3 style=\"text-align: center;\"><strong>TRZECIA NIEDZIELA ADWENTU<br \/>\n13 grudnia 2020<br \/>\n<\/strong><strong>OG\u0141OSZENIA DUSZPASTERSKIE<\/strong><\/h3>\n<p>1. W liturgii Ko\u015bcio\u0142a 3. niedziela Adwentu jest nazywana niedziel\u0105 Gaudete \u2013 \u201eradujcie si\u0119\u201d. Blisko\u015b\u0107 \u015bwi\u0105t Bo\u017cego Narodzenia sprawia, \u017ce powinni\u015bmy si\u0119 zastanowi\u0107, czy ju\u017c jeste\u015bmy przygotowani na spotkanie z Panem.<\/p>\n<p>2. Wspominamy kolejn\u0105 rocznic\u0119 wprowadzenia stanu wojennego w 1981 r. To nasza najnowsza historia, o kt\u00f3rej nie mo\u017cemy zapomnie\u0107. Pami\u0119tajmy w modlitwie o wszystkich ofiarach stanu wojennego.<\/p>\n<p>3. Rozpoczynamy kwartalne dni modlitw o chrze\u015bcija\u0144skie \u017cycie rodzin. W nat\u0142oku wielu wa\u017cnych spraw niech nie umknie naszej uwadze fakt, \u017ce pragniemy razem, rodzinnie wyj\u015b\u0107 na spotkanie przychodz\u0105cego Pana. Rodzina bowiem dla ka\u017cdego z nas jest przestrzeni\u0105 wzrastania w \u015bwi\u0119to\u015bci na co dzie\u0144.<\/p>\n<p>4. Czas Adwentu ma nas przygotowa\u0107 do spotkania z przychodz\u0105cym Bogiem. W sobot\u0119 b\u0119dziemy mogli skorzysta\u0107 z sakramentu pokuty i pojednania. Na godz. 9.30 zapraszam mieszka\u0144c\u00f3w Jan\u00f3wka, Wygl\u0119d\u00f3wka, \u015awidna na 11.30 zapraszam mieszka\u0144c\u00f3w Jaworka, W\u00f3lki, Helenowa i Lasu Jaworskiego, na 17.30 mieszka\u0144c\u00f3w Sobonia i Wierzbna. Przez ca\u0142y dzie\u0144 wystawienie Naj\u015bwi\u0119tszego Sakramentu. Msze \u015bwi\u0119te o godz. 10.00, 12.00 i 18.00.<\/p>\n<p>5. Msza \u015awi\u0119ta roratna w naszej \u015bwi\u0105tyni we \u015brod\u0119 &nbsp;o godz. 7.00 poprzedzona godzinkami o godz. 6.45, w sobot\u0119 o godz. 10.00. Zapraszamy wszystkich, by razem z Maryj\u0105 rozwa\u017ca\u0107 tajemnice Bo\u017ce.<\/p>\n<p>6. W sobot\u0119 o godz. 18.00 b\u0119dzie sprawowana Msza \u015bwi\u0119ta ju\u017c&nbsp; z niedzieli.<\/p>\n<p>7. Dzi\u0119kuj\u0119 za sprz\u0105tanie ko\u015bcio\u0142a rodzinie Chabiera Lidia, Kowalczyk Bernarda, Chabiera Alfred, Grabowski Edward z&nbsp; W\u00f3lki. W przysz\u0142ym tygodniu w pi\u0105tek zapraszam&nbsp; rodziny \u0141abarzewska Maria Cieniewska Joanna, \u017belazowski Kazimierz, z W\u00f3lki.<\/p>\n<p>8. Na stoliku wy\u0142o\u017cony jest nowy numer Echa Katolickiego.<\/p>\n<p>9. Dzisiaj zbi\u00f3rka do puszek na Caritas.<\/p>\n<p>10. Je\u017celi kto\u015b jeszcze nie ma op\u0142atka mo\u017ce go naby\u0107 w ko\u015bciele u Pani Anety.<\/p>\n<p>11. Wszystkim solenizantom i jubilatom, kt\u00f3rzy b\u0119d\u0105 prze\u017cywali swoje \u015bwi\u0119to w najbli\u017cszych dniach, \u017cycz\u0119 Bo\u017cego b\u0142og. i obfito\u015bci Bo\u017cych \u0142ask.<\/p>\n<h3 style=\"text-align: center;\"><strong>DRUGA NIEDZIELA ADWENTU<br \/>\n6 grudnia 2020<br \/>\nOG\u0141OSZENIA DUSZPASTERSKIE<\/strong><\/h3>\n<p>1. T\u0119 niedziel\u0119 Adwentu prze\u017cywamy jako Dzie\u0144 Modlitwy i Pomocy Materialnej Ko\u015bcio\u0142owi na Wschodzie. Wspierajmy modlitw\u0105 i ofiarami braci i siostry w by\u0142ych krajach Zwi\u0105zku Radzieckiego. Ofiary, wyraz naszej solidarno\u015bci i braterskiej mi\u0142o\u015bci, mo\u017cemy sk\u0142ada\u0107 do puszek po wyj\u015bciu z ko\u015bcio\u0142a. Dzisiaj wspominamy \u015bw. Miko\u0142aja, biskupa Myry \u017cyj\u0105cego w III i IV w., kt\u00f3ry zas\u0142yn\u0105\u0142 gorliwo\u015bci\u0105 duszpastersk\u0105 i szczeg\u00f3ln\u0105 troskliwo\u015bci\u0105 o potrzeby materialne bli\u017anich. Za jego przyk\u0142adem obdarowujemy si\u0119 drobnymi upominkami, kt\u00f3re s\u0105 wyrazem naszej mi\u0142o\u015bci i przyja\u017ani.<\/p>\n<p>2. W Adwencie rozwa\u017camy z Maryj\u0105 tajemnic\u0119 wcielenia Bo\u017cego podczas Mszy \u015awi\u0119tej roratnej we \u015brod\u0119 i w sobot\u0119 o godz. 7.00, poprzedzone godzinkami o godz. 6.45. Dzieci z kl. III przynajmniej jeden raz powinny uczestniczy\u0107 w roratach.<\/p>\n<p>3. We wtorek 8 grudnia uroczysto\u015b\u0107 Niepokalanego Pocz\u0119cia Naj\u015bwi\u0119tszej Maryi Panny. Msze \u015bw. o godzinie 10.00 i 17.00. Pragn\u0119 zaprosi\u0107 do duchowej adopcji dziecka pocz\u0119tego. Osoby, kt\u00f3re chcia\u0142yby obj\u0105\u0107 modlitw\u0105 dziecko pocz\u0119te i jego rodzic\u00f3w deklaracj\u0119 takiej modlitwy mog\u0105 wzi\u0105\u0107 ze stolika.<\/p>\n<p>4. 8 grudnia od godzinie 21.00, w porze Apelu Jasnog\u00f3rskiego, prosz\u0119 wszystkich ludzi sumienia, aby solidarnie zapalili w oknach swoich dom\u00f3w \u015bwiece i roratnie lampiony. W duchowej jedno\u015bci z Jasn\u0105 G\u00f3r\u0105 odm\u00f3wmy jedn\u0105 dziesi\u0105tk\u0119 r\u00f3\u017ca\u0144ca w intencji \u0142adu moralnego i pokoju spo\u0142ecznego w naszej Ojczy\u017anie.<\/p>\n<p>5. We czwartek po Mszy \u015bwi\u0119tej wieczorowej zapraszam Rad\u0119 Parafialn\u0105.<\/p>\n<p>6. W przysz\u0142\u0105 niedziel\u0119 o godz. 10.30 r\u00f3\u017caniec za zmar\u0142ych polecanych w wypominkach z czytaniem kartek z Helenowa, Jan\u00f3wka i&nbsp; Lasu Jaworskiego. A po Mszach \u015bwi\u0119tych zbi\u00f3rka do puszek na Caritas.<\/p>\n<p>7.&nbsp; Zmiana tajemnic r\u00f3\u017ca\u0144ca dla rodzic\u00f3w modl\u0105cych si\u0119 za dzieci w przysz\u0142\u0105 niedziel\u0119 po Mszy \u015bwi\u0119tej o godz. 9.00.<\/p>\n<p><strong>8. W sobot\u0119 o godz. 19.00 b\u0119dzie sprawowana Msza \u015bwi\u0119ta ju\u017c&nbsp; z niedzieli.<\/strong><\/p>\n<p>9. Dzi\u0119kuj\u0119 za sprz\u0105tanie ko\u015bcio\u0142a rodzinie Duszak Justyna, \u0141abarzewski Mieczys\u0142aw, Chabiera Stefan z&nbsp; W\u00f3lki. W przysz\u0142ym tygodniu zapraszam&nbsp; rodziny Chabiera Lidia, Kowalczyk Bernarda, Chabiera Alfred, Grabowski Edward z W\u00f3lki.<\/p>\n<p>10. Wszystkie prace prowadzone na cmentarzu winny by\u0107 zg\u0142aszane do ksi\u0119dza proboszcza. Niedopuszczalne jest samowolne wycinanie, polewanie \u017cr\u0105cymi p\u0142ynami drzew i krzew\u00f3w na cmentarzu. Jedynie mo\u017cna wycina\u0107 odrosty, czy samosiejki.<\/p>\n<p>11. Na stoliku wy\u0142o\u017cony jest nowy numer Echa Katolickiego.<\/p>\n<p>12.W minionym tygodniu&nbsp; z\u0142o\u017cono ofiar\u0119&nbsp; 600 z\u0142., Krzysztof&nbsp; \u017bo\u0142\u0119dowski pochodz\u0105cy z Sobonia oraz Bezimienna z Sobonia 200 z\u0142., na zakup kamienia. B\u00f3g zap\u0142a\u0107.<\/p>\n<p>13. Wszystkim solenizantom i jubilatom, kt\u00f3rzy b\u0119d\u0105 prze\u017cywali swoje \u015bwi\u0119to w najbli\u017cszych dniach, \u017cycz\u0119 Bo\u017cego b\u0142og. i obfito\u015bci Bo\u017cych \u0142ask<\/p>\n","protected":false},"excerpt":{"rendered":"<p>Powr\u00f3t do listy og\u0142osze\u0144 \u015aWI\u0118TEJ RODZINY: JEZUSA, MARYI I J\u00d3ZEFA 27 grudnia 2020 OG\u0141OSZENIA DUSZPASTERSKIE 1. Dzi\u015b Niedziela \u015awi\u0119tej Rodziny: Jezusa, Maryi i J\u00f3zefa. Przed b\u0142ogos\u0142awie\u0144stwem odm\u00f3wimy modlitw\u0119 w intencji wszystkich rodzin naszej parafii, szczeg\u00f3lnie tych, kt\u00f3re prze\u017cywaj\u0105 trudny czas. 2. Zbli\u017ca si\u0119 koniec roku. 31 grudnia zapraszam o godz. 17.00 na Msz\u0119 \u015bwi\u0119t\u0105 i &nbsp;dzi\u0119kczynne nabo\u017ce\u0144stwo , w czasie kt\u00f3rego podzi\u0119kujemy za dary i \u0142aski otrzymane w minionym roku, b\u0119dziemy b\u0142aga\u0107 Boga o przebaczenie wszystkich naszych grzech\u00f3w pope\u0142nionych indywidualnie i spo\u0142ecznie, a tak\u017ce prosi\u0107 o b\u0142ogos\u0142awie\u0144stwo Bo\u017ce na rozpoczynaj\u0105cy si\u0119 nowy rok. 3. W pi\u0105tek 1 stycznia uroczysto\u015b\u0107 \u015awi\u0119tej Bo\u017cej Rodzicielki. Msze \u015awi\u0119te wed\u0142ug porz\u0105dku niedzielnego. Jest to r\u00f3wnie\u017c \u015awiatowy Dzie\u0144 Modlitw o Pok\u00f3j. Ci\u0105gle s\u0142yszymy o nowych konfliktach, kt\u00f3re wybuchaj\u0105 w r\u00f3\u017cnych miejscach \u015bwiata. W czasie modlitwy o pok\u00f3j m\u00f3dlmy si\u0119 tak\u017ce o opami\u0119tanie dla tych, kt\u00f3rzy dla w\u0142asnych interes\u00f3w siej\u0105 niepok\u00f3j i wywo\u0142uj\u0105 konflikty. Tego dnia nie \u2026 <a class=\"continue-reading-link\" href=\"https:\/\/www.parafiawierzbno.com.pl\/?page_id=10429\">Czytaj dalej <span class=\"meta-nav\">&rarr; <\/span><\/a><\/p>\n","protected":false},"author":1,"featured_media":0,"parent":225,"menu_order":0,"comment_status":"closed","ping_status":"closed","template":"","meta":{"ngg_post_thumbnail":0},"_links":{"self":[{"href":"https:\/\/www.parafiawierzbno.com.pl\/index.php?rest_route=\/wp\/v2\/pages\/10429"}],"collection":[{"href":"https:\/\/www.parafiawierzbno.com.pl\/index.php?rest_route=\/wp\/v2\/pages"}],"about":[{"href":"https:\/\/www.parafiawierzbno.com.pl\/index.php?rest_route=\/wp\/v2\/types\/page"}],"author":[{"embeddable":true,"href":"https:\/\/www.parafiawierzbno.com.pl\/index.php?rest_route=\/wp\/v2\/users\/1"}],"replies":[{"embeddable":true,"href":"https:\/\/www.parafiawierzbno.com.pl\/index.php?rest_route=%2Fwp%2Fv2%2Fcomments&post=10429"}],"version-history":[{"count":10,"href":"https:\/\/www.parafiawierzbno.com.pl\/index.php?rest_route=\/wp\/v2\/pages\/10429\/revisions"}],"predecessor-version":[{"id":10467,"href":"https:\/\/www.parafiawierzbno.com.pl\/index.php?rest_route=\/wp\/v2\/pages\/10429\/revisions\/10467"}],"up":[{"embeddable":true,"href":"https:\/\/www.parafiawierzbno.com.pl\/index.php?rest_route=\/wp\/v2\/pages\/225"}],"wp:attachment":[{"href":"https:\/\/www.parafiawierzbno.com.pl\/index.php?rest_route=%2Fwp%2Fv2%2Fmedia&parent=10429"}],"curies":[{"name":"wp","href":"https:\/\/api.w.org\/{rel}","templated":true}]}}