{"id":10496,"date":"2021-02-06T23:04:38","date_gmt":"2021-02-06T22:04:38","guid":{"rendered":"https:\/\/www.parafiawierzbno.com.pl\/?page_id=10496"},"modified":"2021-02-27T21:48:08","modified_gmt":"2021-02-27T20:48:08","slug":"ogloszenia-luty-2021","status":"publish","type":"page","link":"https:\/\/www.parafiawierzbno.com.pl\/?page_id=10496","title":{"rendered":"Og\u0142oszenia &#8211; Luty 2021"},"content":{"rendered":"<p><a title=\"Og\u0142oszenia parafialne\" href=\"https:\/\/www.parafiawierzbno.com.pl\/?page_id=225\">Powr\u00f3t do listy og\u0142osze\u0144<\/a><\/p>\n<h4 style=\"text-align: center;\"><strong>DRUGA NIEDZIELA WIELKIEGO POSTU<\/strong><br \/>\n<strong>28 lutego 2021<\/strong><br \/>\n<strong>OG\u0141OSZENIA DUSZPASTERSKIE<\/strong><\/h4>\n<p>1. W centrum liturgii drugiej niedzieli Wielkiego Postu Ko\u015bci\u00f3\u0142 stawia Jezusa, kt\u00f3ry na g\u00f3rze Tabor ujawnia trzem wybranym uczniom prawd\u0119, \u017ce jest umi\u0142owanym Synem Boga Ojca. Oni poznali prawd\u0119 o Jezusie, kt\u00f3ry ich wezwa\u0142 i za kt\u00f3rym pod\u0105\u017cyli. Niech czas postu b\u0119dzie dla nas okazj\u0105 nieustannego odkrywania prawdy o Tym, kt\u00f3ry na o\u0142tarzach naszych \u015bwi\u0105ty\u0144 ofiarowuje si\u0119 Bogu za nas, staje si\u0119 pokarmem na \u017cycie wieczne.<\/p>\n<p>2. Jak co roku druga niedziela Wielkiego Postu to niedziela Ad Gentes \u2013 Dzie\u0144 Modlitw, Postu i Solidarno\u015bci z Misjonarzami. Pragniemy pami\u0119ta\u0107, \u017ce obecnie na misjach w 99 krajach pracuje 1883 polskich misjonarek i misjonarzy. B\u0119dzie mo\u017cna wesprze\u0107 ich dzie\u0142o ofiar\u0105 do puszek przy wyj\u015bciu z ko\u015bcio\u0142a.<\/p>\n<p>3. 4 marca swoje imieniny obchodzi ks. Bp. Kazimierz Gurda. Pami\u0119tajmy o solenizancie w naszych modlitwach.<\/p>\n<p>4. W Wielkim Po\u015bcie przy\u015bwiecaj\u0105 nam trzy has\u0142a : modlitwa, post i ja\u0142mu\u017cna. Na stoliku wy\u0142o\u017cone s\u0105 torby, kt\u00f3re mo\u017cemy zabra\u0107 do domu, by\u015bmy&nbsp; na koniec postu mogli je przekaza\u0107 ubogim rodzinom z naszej parafii. S\u0105 tak\u017ce wy\u0142o\u017cone skarbonki.<\/p>\n<p>5. Na bocznych o\u0142tarzach s\u0105 wystawione baranki wielkanocne od 5 z\u0142., i paschaliki od 20 z\u0142.<\/p>\n<p>6. 1 marca to Narodowy Dzie\u0144 Pami\u0119ci \u201e\u017bo\u0142nierzy Wykl\u0119tych\u201d, kt\u00f3rzy s\u0105 nazywani tak\u017ce \u017co\u0142nierzami niez\u0142omnymi. Przez lata starano si\u0119 wymaza\u0107 pami\u0119\u0107 o nich z historii naszego narodu.<\/p>\n<p>7. W pierwszy czwartek marca o 17.00 b\u0119dziemy si\u0119 modli\u0107 o liczne i \u015bwi\u0119te powo\u0142ania kap\u0142a\u0144skie, zakonne i misyjne.<\/p>\n<p>8. We wszystkie pi\u0105tki Wielkiego Postu b\u0119dziemy rozwa\u017ca\u0107 m\u0119k\u0119 Pana Jezusa w czasie drogi krzy\u017cowej o godz.17.30 W ka\u017cd\u0105 niedziel\u0119 Wielkiego Postu po Mszy \u015bwi\u0119tej&nbsp; o godz.11.00 &nbsp;gorzkie \u017cale.<\/p>\n<p>9. W pierwszy pi\u0105tek miesi\u0105ca po Mszy \u015awi\u0119tej o godz. 10.00&nbsp; odm\u00f3wimy Litani\u0119 do Naj\u015bwi\u0119tszego Serca Pana Jezusa..<\/p>\n<p>10. Rekolekcje parafialne &nbsp;od 5 marca. Poprowadzi je ks. Krzysztof Pi\u00f3rkowski wyk\u0142adowca w WSD. Otoczmy go modlitw\u0105 i zaplanujmy sobie czas, by ca\u0142a rodzina mog\u0142a si\u0119 przygotowa\u0107 do g\u0142\u0119bokiego prze\u017cycia \u015awi\u0105t Wielkanocnych. Program rekolekcji pi\u0105tek i sobota Msze \u015bwi\u0119te o godz. 10.00, 12.00 i 18.00. W niedziel\u0119 wg sta\u0142ego porz\u0105dku. W pi\u0105tek w spos\u00f3b szczeg\u00f3lny na godz. 12.00 zapraszam dzieci i m\u0142odzie\u017c szkoln\u0105.<\/p>\n<p>&nbsp;<\/p>\n<p>11. Dzi\u0119kuj\u0119 za sprz\u0105tanie ko\u015bcio\u0142a rodzinie Tomkiewicz Szczepan, Trzeci\u0144ski Adam, Bia\u0142ousz Helena z Wierzbna.. W przysz\u0142ym tygodniu zapraszam&nbsp; rodziny Karaban Ireneusz, Malinowska Ma\u0142gorzata, Zajkowska El\u017cbieta, Kornatko Zdzis\u0142aw z Wierzbna.<\/p>\n<p>12. Na stoliku wy\u0142o\u017cony jest nowy numer Echa Katolickiego.<\/p>\n<p>13. B\u00f3g zap\u0142a\u0107 za ofiary z\u0142o\u017cone do puszek w wysoko\u015bci 3352 z\u0142. dla rodziny Cichockich z Jaworka.<\/p>\n<p>14. Wszystkim solenizantom i jubilatom, kt\u00f3rzy b\u0119d\u0105 prze\u017cywali swoje \u015bwi\u0119to w najbli\u017cszych dniach, \u017cycz\u0119 Bo\u017cego b\u0142og. i obfito\u015bci Bo\u017cych \u0142ask.<\/p>\n<h4 style=\"text-align: center;\"><strong>PIERWSZA NIEDZIELA WIELKIEGO POSTU<\/strong><br \/>\n<strong>21 lutego 2021<\/strong><br \/>\n<strong>OG\u0141OSZENIA DUSZPASTERSKIE<\/strong><\/h4>\n<p>1. Prze\u017cywamy pierwsz\u0105 niedziel\u0119 Wielkiego Postu, czasu nawr\u00f3cenia, pokuty, przemiany my\u015blenia i \u017cycia. Od pierwszych wiek\u00f3w Ko\u015bcio\u0142a wykorzystywano ten czas szczeg\u00f3lnie na przygotowanie kandydat\u00f3w do chrztu i odnowienia skutk\u00f3w tego sakramentu. Uczy\u0144my wszystko, co mo\u017cliwe, by ten czas nie by\u0142 dla nas tylko kolejnym Wielkim Postem, ale doprowadzi\u0142 nas do pog\u0142\u0119bienia duchowej relacji z Bogiem, kt\u00f3ry wychodzi nam naprzeciw, aby nas odnale\u017a\u0107.<\/p>\n<p>2. Dzi\u015b po ka\u017cdej&nbsp; &nbsp;Mszy \u015awi\u0119tej zbi\u00f3rka do puszek dla poszkodowanej w po\u017carze rodzinie Cichockich z Jaworka.<\/p>\n<p>3. We wtorek po Mszy \u015bwi\u0119tej o godz. 17.00 nowenna do M\u0119czennik\u00f3w Podlaskich.<\/p>\n<p>4. We wszystkie pi\u0105tki Wielkiego Postu b\u0119dziemy rozwa\u017ca\u0107 m\u0119k\u0119 Pana Jezusa w czasie drogi krzy\u017cowej o godz. 17.00. W ka\u017cd\u0105 niedziel\u0119 Wielkiego Postu po Mszy \u015bwi\u0119tej&nbsp; o godz. 11.00 gorzkie \u017cale . Za udzia\u0142 w gorzkich \u017calach, a tak\u017ce w drodze krzy\u017cowej mo\u017cemy uzyska\u0107 odpust zupe\u0142ny, czyli darowanie przez Boga kary doczesnej za grzechy odpuszczone ju\u017c co do winy. Opr\u00f3cz udzia\u0142u w nabo\u017ce\u0144stwie nale\u017cy wype\u0142ni\u0107 zwyk\u0142e warunki uzyskania odpustu: musimy wykluczy\u0107 przywi\u0105zanie do jakiegokolwiek grzechu, nawet powszedniego, musimy by\u0107 w stanie \u0142aski u\u015bwi\u0119caj\u0105cej, przyj\u0105\u0107 Komuni\u0119 \u015awi\u0119t\u0105 i pomodli\u0107 si\u0119 w intencjach wyznaczonych przez Ojca \u015awi\u0119tego.<\/p>\n<p>5. &nbsp;Dzisiaj taca na remont kurii siedleckiej.<\/p>\n<p>6. W przysz\u0142\u0105 niedziel\u0119 po mszy \u015bwi\u0119tej o godz. 11.00 spotkanie z rodzicami dzieci kl. III.<\/p>\n<p>7. &nbsp;Rekolekcje parafialne rozpoczn\u0105 si\u0119 od 5 marca. zaplanujmy sobie czas, prace i obowi\u0105zki w taki spos\u00f3b, by ca\u0142a rodzina mog\u0142a si\u0119 przygotowa\u0107 do g\u0142\u0119bokiego prze\u017cycia \u015awi\u0105t Wielkanocnych.<\/p>\n<p>8. W przysz\u0142\u0105 niedziel\u0119 taca ekonomiczna a po Mszy \u015bwi\u0119tej zbi\u00f3rka do puszek na misje.<\/p>\n<p>7. Dzi\u0119kuj\u0119 serdecznie za ofiary z\u0142o\u017cone z racji kol\u0119dy. Przeznaczone b\u0119d\u0105 na remont dzwonnicy i doko\u0144czenie prac przy ko\u015bciele. Ca\u0142kowity koszt przewidywanych prac to oko\u0142o 145 tys.<\/p>\n<p>8. Dzi\u0119kuj\u0119 za sprz\u0105tanie ko\u015bcio\u0142a rodzinie Szyma\u0144ska Teresa, Kujawa Ryszard, Kra\u015bna Jadwiga z Wierzbna. W przysz\u0142ym tygodniu zapraszam&nbsp; rodziny Tomkiewicz Szczepan, Trzeci\u0144ski Adam, Bia\u0142ousz Helena z Wierzbna.<\/p>\n<p>9. W sobot\u0119 o godz. 18.00 Msza \u015bwi\u0119ta jest ju\u017c z niedzieli.<\/p>\n<p>10. Na stoliku wy\u0142o\u017cony jest nowy numer Echa Katolickiego.<\/p>\n<p>11. Wszystkim solenizantom i jubilatom, kt\u00f3rzy b\u0119d\u0105 prze\u017cywali swoje \u015bwi\u0119to w najbli\u017cszych dniach, \u017cycz\u0119 Bo\u017cego b\u0142og. i obfito\u015bci Bo\u017cych \u0142ask.<\/p>\n<p>12. W ubieg\u0142ym tygodniu z naszej wsp\u00f3lnoty parafialnej do wieczno\u015bci odeszli: + Stanis\u0142awa Kokoszkiewicz l. 85 z Wygl\u0119d\u00f3wka. Wieczny odpoczynek racz jej da\u0107 Panie\u2026.<\/p>\n<h4 style=\"text-align: center;\"><strong>SZ\u00d3STA NIEDZIELA W CI\u0104GU ROKU<\/strong><br \/>\n<strong>14 lutego 2021<\/strong><br \/>\n<strong>OG\u0141OSZENIA DUSZPASTERSKIE<\/strong><\/h4>\n<p>1. W Chrystusie istnieje jedno\u015b\u0107 \u2013 jest Bogiem-cz\u0142owiekiem. Wielokrotnie w Ewangelii widzimy Jezusa, kt\u00f3ry przejawia czysto ludzkie emocje i zachowania, pochyla si\u0119 nad ka\u017cdym cz\u0142owiekiem, z wielk\u0105 mi\u0142o\u015bci\u0105 lituje si\u0119 nad lud\u017ami. Taki r\u00f3wnie\u017c jest B\u00f3g: pochyla si\u0119 nad ka\u017cd\u0105 ludzk\u0105 bied\u0105, doskonale rozumie nasz\u0105 sytuacj\u0119. Ka\u017cda Eucharystia jest dzi\u0119kczynieniem za to, \u017ce B\u00f3g jest w\u015br\u00f3d ludu. Teraz i zawsze.<\/p>\n<p>2. Rozpoczynamy dzisiaj 54. Tydzie\u0144 Modlitw o Trze\u017awo\u015b\u0107 Narodu. Chyba nikogo nie trzeba przekonywa\u0107, jak wielkie spustoszenie w ma\u0142\u017ce\u0144stwach, rodzinach, w wychowaniu m\u0142odego pokolenia sieje nadu\u017cywanie alkoholu i spo\u0142eczne przyzwolenie na jego picie w wielu sytuacjach. Niech modlitwa i pochylenie si\u0119 nad tym problemem obudz\u0105 wra\u017cliwo\u015b\u0107 naszych serc i pomog\u0105 nam wytrwa\u0107 w trze\u017awo\u015bci.<\/p>\n<p>3. Wspominamy \u015bw. Walentego, patrona ludzi zakochanych, ale tak\u017ce chorych i cierpi\u0105cych na r\u00f3\u017cne dolegliwo\u015bci psychiczne. Za jego wstawiennictwem pro\u015bmy w intencji zakochanych, by nie mylili zakochania z po\u017c\u0105daniem, oraz o zdrowie dla tych, kt\u00f3rzy borykaj\u0105 si\u0119 z problemami natury psychicznej.<\/p>\n<p>4. W \u015brod\u0119 Popielec, kt\u00f3rym rozpoczniemy Wielki Post, czas szczeg\u00f3lnego zg\u0142\u0119biania tajemnicy cierpienia i zbawczej \u015bmierci na krzy\u017cu naszego Pana, Jezusa Chrystusa. Tego dnia obowi\u0105zuje post \u015bcis\u0142y. Msze \u015awi\u0119te z obrz\u0119dem posypania g\u0142\u00f3w popio\u0142em o godz.10.00 i 17.00. Niech to b\u0119dzie dla ka\u017cdego z nas nie tylko okazja do refleksji nad swoim \u017cyciem, osobistego nawr\u00f3cenia, ale przede wszystkim spotkanie z mi\u0142osiernym Bogiem, kt\u00f3ry po raz kolejny wychodzi nam naprzeciw.<\/p>\n<p>5. W pierwszy pi\u0105tek rozpocz\u0119tego Wielkiego Postu modlitw\u0105 i postem wynagradzajmy Bogu za grzech wykorzystywania seksualnego ma\u0142oletnich. To bardzo trudny temat, trzeba wi\u0119c \u017carliwej modlitwy o nawr\u00f3cenie sprawc\u00f3w i uzdrowienie dotkni\u0119tych tym do\u015bwiadczeniem.<\/p>\n<p>6. We wszystkie pi\u0105tki Wielkiego Postu b\u0119dziemy rozwa\u017ca\u0107 m\u0119k\u0119 Pana Jezusa w czasie drogi krzy\u017cowej o godz.17.00. W ka\u017cd\u0105 niedziel\u0119 Wielkiego Postu o godz.12.00 gorzkie \u017cale<\/p>\n<p>7. W sobot\u0119 na Msz\u0119 \u015bwi\u0119ta o godz. 18.00 zapraszam mieszka\u0144c\u00f3w Wierzbna., Na Msz\u0119 \u015bwi\u0119t\u0105 przynosimy wod\u0119, kt\u00f3ra zostanie pob\u0142ogos\u0142awiona.<\/p>\n<p>8. Dzi\u0119kuj\u0119 za sprz\u0105tanie ko\u015bcio\u0142a rodzinie Tadeusz Dmowski,&nbsp; S\u0142awomir Szcz\u0119sny, Czes\u0142aw Chmielewski &nbsp;z Sobonia.. W przysz\u0142ym tygodniu zapraszam&nbsp; rodziny Szyma\u0144ska Teresa, Kujawa Ryszard, Kra\u015bna Jadwiga z Wierzbna<\/p>\n<p><strong>9. W sobot\u0119 o godz. 18.00 Msza \u015bwi\u0119ta jest ju\u017c z niedzieli.<\/strong><\/p>\n<p>10. Na stoliku wy\u0142o\u017cony jest nowy numer Echa Katolickiego.<\/p>\n<p>11. Wszystkim solenizantom i jubilatom, kt\u00f3rzy b\u0119d\u0105 prze\u017cywali swoje \u015bwi\u0119to w najbli\u017cszych dniach, \u017cycz\u0119 Bo\u017cego b\u0142og. i obfito\u015bci Bo\u017cych \u0142ask. po Mszy \u015bwi\u0119tej<\/p>\n<p>12. W ubieg\u0142ym tygodniu do wieczno\u015bci odeszli:+ Kazimierz Wojty\u0144ski l. 79 z Adamowa i + Stefan Giersz l. 65 pochodz\u0105cy z Jan\u00f3wka. &nbsp;Wieczny odpoczynek racz im da\u0107 Panie\u2026<\/p>\n<p>13. W niedziel\u0119 po Mszach \u015bwi\u0119tych zbi\u00f3rka do puszek dla poszkodowanej rodziny p. Cichockich z Jaworka<\/p>\n<h4 style=\"text-align: center;\"><strong>PI\u0104TA NIEDZIELA W CI\u0104GU ROKU<br \/>\n7 lutego 2021<br \/>\n<\/strong><strong>OG\u0141OSZENIA DUSZPASTERSKIE<\/strong><\/h4>\n<p>1. Chrystus w czasie Eucharystii uczy nas modlitwy. Wielokrotnie wskazywa\u0142, \u017ce trzeba na ni\u0105 znale\u017a\u0107 nie tylko miejsce, lecz tak\u017ce czas. Uczymy si\u0119 w tym ko\u015bciele, jak w sercu i w codzienno\u015bci budowa\u0107 \u015bwi\u0105tyni\u0119, w kt\u00f3rej b\u0119dziemy spotyka\u0107 Boga twarz\u0105 w twarz na modlitwie i ws\u0142uchiwa\u0107 si\u0119 w Jego s\u0142owa.<\/p>\n<p>2. Dzi\u015b, w pierwsz\u0105 niedziel\u0119 miesi\u0105ca po Mszy \u015bwi\u0119tej o godz. 11.00 wystawienie Naj\u015bwi\u0119tszego Sakramentu i adoracja.<\/p>\n<p>3. W czwartek wspomnienie Matki Bo\u017cej z Lourdes \u2013 \u015awiatowy Dzie\u0144 Chorego. W 1858 r., cztery lata po og\u0142oszeniu dogmatu o niepokalanym pocz\u0119ciu Naj\u015bwi\u0119tszej Maryi Panny, w grocie Massabielle Bernadetcie Soubirous objawi\u0142a si\u0119 Matka Bo\u017ca, kt\u00f3ra przedstawi\u0142a si\u0119 jako Niepokalane Pocz\u0119cie, oraz wezwa\u0142a do nawr\u00f3cenia i prosi\u0142a o modlitw\u0119. O godz. 10.00 w szczeg\u00f3lny spos\u00f3b b\u0119dziemy si\u0119 modli\u0107 za chorych z naszej parafii. Sakramentu chorych udziel\u0119 na Mszy \u015awi\u0119tej o 10.00. &nbsp;Zadbajmy o to, by nasi chorzy bliscy czy s\u0105siedzi, dzi\u0119ki naszej \u017cyczliwej pomocy, mogli tego dnia uczestniczy\u0107 we Mszy \u015awi\u0119tej.<\/p>\n<p>4. W przysz\u0142\u0105 niedziel\u0119 o godz. 10.30 &nbsp;r\u00f3\u017caniec za zmar\u0142ych polecanych w wypominkach z czytaniem kartek z Wierzbna, za\u015b po Mszy \u015bwi\u0119tej o godz. 11.00 zmiana tajemnic r\u00f3\u017ca\u0144ca dla rodzic\u00f3w modl\u0105cych si\u0119 za dzieci.<\/p>\n<p>5. W sobot\u0119 na Msz\u0119 \u015bwi\u0119ta o godz. 18.00 zapraszam mieszka\u0144c\u00f3w W\u00f3lki, a w niedziel\u0119 na Msz\u0119 \u015bwi\u0119t\u0105 o godz. 17.00 mieszka\u0144c\u00f3w Wygl\u0119d\u00f3wka. Na Msz\u0119 \u015bwi\u0119t\u0105 przynosimy wod\u0119, kt\u00f3ra zostanie pob\u0142ogos\u0142awiona.<\/p>\n<p>6. Dzi\u0119kuj\u0119 za sprz\u0105tanie ko\u015bcio\u0142a rodzinie Giersz Mieczys\u0142awa, Tafil S\u0142awomir, Artur Szcz\u0119sny z Sobonia. W przysz\u0142ym tygodniu zapraszam&nbsp; rodziny Tadeusz Dmowski, &nbsp;S\u0142awomir Szcz\u0119sny, Czes\u0142aw Chmielewski &nbsp;z Sobonia.<\/p>\n<p>7. <strong>W sobot\u0119 o godz. 18.00 Msza \u015bwi\u0119ta jest ju\u017c z niedzieli.<\/strong><\/p>\n<p>8. Na stoliku wy\u0142o\u017cony jest nowy numer Echa Katolickiego.<\/p>\n<p>9. Wszystkim solenizantom i jubilatom, kt\u00f3rzy b\u0119d\u0105 prze\u017cywali swoje \u015bwi\u0119to w najbli\u017cszych dniach, \u017cycz\u0119 Bo\u017cego b\u0142og. i obfito\u015bci Bo\u017cych \u0142ask. po Mszy \u015bwi\u0119tej<\/p>\n","protected":false},"excerpt":{"rendered":"<p>Powr\u00f3t do listy og\u0142osze\u0144 DRUGA NIEDZIELA WIELKIEGO POSTU 28 lutego 2021 OG\u0141OSZENIA DUSZPASTERSKIE 1. W centrum liturgii drugiej niedzieli Wielkiego Postu Ko\u015bci\u00f3\u0142 stawia Jezusa, kt\u00f3ry na g\u00f3rze Tabor ujawnia trzem wybranym uczniom prawd\u0119, \u017ce jest umi\u0142owanym Synem Boga Ojca. Oni poznali prawd\u0119 o Jezusie, kt\u00f3ry ich wezwa\u0142 i za kt\u00f3rym pod\u0105\u017cyli. Niech czas postu b\u0119dzie dla nas okazj\u0105 nieustannego odkrywania prawdy o Tym, kt\u00f3ry na o\u0142tarzach naszych \u015bwi\u0105ty\u0144 ofiarowuje si\u0119 Bogu za nas, staje si\u0119 pokarmem na \u017cycie wieczne. 2. Jak co roku druga niedziela Wielkiego Postu to niedziela Ad Gentes \u2013 Dzie\u0144 Modlitw, Postu i Solidarno\u015bci z Misjonarzami. Pragniemy pami\u0119ta\u0107, \u017ce obecnie na misjach w 99 krajach pracuje 1883 polskich misjonarek i misjonarzy. B\u0119dzie mo\u017cna wesprze\u0107 ich dzie\u0142o ofiar\u0105 do puszek przy wyj\u015bciu z ko\u015bcio\u0142a. 3. 4 marca swoje imieniny obchodzi ks. Bp. Kazimierz Gurda. Pami\u0119tajmy o solenizancie w naszych modlitwach. 4. W Wielkim Po\u015bcie przy\u015bwiecaj\u0105 nam trzy has\u0142a \u2026 <a class=\"continue-reading-link\" href=\"https:\/\/www.parafiawierzbno.com.pl\/?page_id=10496\">Czytaj dalej <span class=\"meta-nav\">&rarr; <\/span><\/a><\/p>\n","protected":false},"author":1,"featured_media":0,"parent":225,"menu_order":0,"comment_status":"closed","ping_status":"closed","template":"","meta":{"ngg_post_thumbnail":0},"_links":{"self":[{"href":"https:\/\/www.parafiawierzbno.com.pl\/index.php?rest_route=\/wp\/v2\/pages\/10496"}],"collection":[{"href":"https:\/\/www.parafiawierzbno.com.pl\/index.php?rest_route=\/wp\/v2\/pages"}],"about":[{"href":"https:\/\/www.parafiawierzbno.com.pl\/index.php?rest_route=\/wp\/v2\/types\/page"}],"author":[{"embeddable":true,"href":"https:\/\/www.parafiawierzbno.com.pl\/index.php?rest_route=\/wp\/v2\/users\/1"}],"replies":[{"embeddable":true,"href":"https:\/\/www.parafiawierzbno.com.pl\/index.php?rest_route=%2Fwp%2Fv2%2Fcomments&post=10496"}],"version-history":[{"count":11,"href":"https:\/\/www.parafiawierzbno.com.pl\/index.php?rest_route=\/wp\/v2\/pages\/10496\/revisions"}],"predecessor-version":[{"id":10517,"href":"https:\/\/www.parafiawierzbno.com.pl\/index.php?rest_route=\/wp\/v2\/pages\/10496\/revisions\/10517"}],"up":[{"embeddable":true,"href":"https:\/\/www.parafiawierzbno.com.pl\/index.php?rest_route=\/wp\/v2\/pages\/225"}],"wp:attachment":[{"href":"https:\/\/www.parafiawierzbno.com.pl\/index.php?rest_route=%2Fwp%2Fv2%2Fmedia&parent=10496"}],"curies":[{"name":"wp","href":"https:\/\/api.w.org\/{rel}","templated":true}]}}