{"id":10521,"date":"2021-03-07T10:33:03","date_gmt":"2021-03-07T09:33:03","guid":{"rendered":"https:\/\/www.parafiawierzbno.com.pl\/?page_id=10521"},"modified":"2021-03-27T23:32:12","modified_gmt":"2021-03-27T22:32:12","slug":"ogloszenia-marzec-2021","status":"publish","type":"page","link":"https:\/\/www.parafiawierzbno.com.pl\/?page_id=10521","title":{"rendered":"Og\u0142oszenia &#8211; Marzec 2021"},"content":{"rendered":"<p><a title=\"Og\u0142oszenia parafialne\" href=\"https:\/\/www.parafiawierzbno.com.pl\/?page_id=225\">Powr\u00f3t do listy og\u0142osze\u0144<\/a><\/p>\n<h4 style=\"text-align: center;\"><strong>NIEDZIELA PALMOWA, CZYLI M\u0118KI PA\u0143SKIEJ<br \/>\n28 marca 2021<br \/>\n<\/strong><strong>OG\u0141OSZENIA DUSZPASTERSKIE<\/strong><\/h4>\n<p>1. Rozpoczynamy \u015bwi\u0119towanie Wielkiego Tygodnia. To czas, w kt\u00f3rym wspominamy w liturgii najwa\u017cniejsze wydarzenia ostatnich dni Jezusa na ziemi. Ten, kt\u00f3ry sta\u0142 si\u0119 dla nas cierpi\u0105cym S\u0142ug\u0105 Jahwe, prowadzi nas do zwyci\u0119stwa zmartwychwstania. Szczytem roku liturgicznego i Wielkiego Tygodnia jest \u015awi\u0119te Triduum Paschalne M\u0119ki i Zmartwychwstania Pa\u0144skiego. Obejmuje liturgi\u0119 Mszy Wieczerzy Pa\u0144skiej, sprawowan\u0105 wieczorem w Wielki Czwartek, wielkopi\u0105tkow\u0105 liturgi\u0119 M\u0119ki Pa\u0144skiej oraz najbardziej uroczyst\u0105 i najpi\u0119kniejsz\u0105 ze wszystkich liturgii Ko\u015bcio\u0142a \u2013 Wigili\u0119 Paschaln\u0105 sprawowan\u0105 po zapadni\u0119ciu zmroku w Wielk\u0105 Noc. Triduum Paschalne ko\u0144czy si\u0119 wieczorem w Niedziel\u0119 Zmartwychwstania.<\/p>\n<p>2. Wielki Czwartek \u2013 pami\u0105tka ustanowienia sakrament\u00f3w Eucharystii i kap\u0142a\u0144stwa.<\/p>\n<p>Uroczysta liturgia w naszej \u015bwi\u0105tyni rozpocznie si\u0119 o godz. 18.00. Od godz. 19.00 do 23.00 adoracja Chrystusa ukrytego w ciemnicy.<\/p>\n<p>3. Wielki Pi\u0105tek \u2013 pami\u0105tka m\u0119ki i \u015bmierci Pana Jezusa.. W tym dniu nie sprawujemy Eucharystii. Obowi\u0105zuje post \u015bcis\u0142y. Liturgi\u0119 rozpoczniemy o godz. 18.00. Adoracja Naj\u015bwi\u0119tszego Sakramentu od 8.00 wg nast\u0119puj\u0105cego porz\u0105dku: 8.00 \u2013 siostry z K\u00f3\u0142ka R\u00f3\u017ca\u0144cowego, 9.00 \u2013 mieszka\u0144cy Lasu Jaworskiego, 10.00 \u2013 mieszka\u0144cy Helenowa, 11.00 \u2013 mieszka\u0144cy Jaworka, 12.00 \u2013 mieszka\u0144cy Wygl\u0119d\u00f3wka, 13.00 \u2013 mieszka\u0144cy Jan\u00f3wka, 14.00 \u2013 mieszka\u0144cy \u015awidna , 15.00 \u2013 Koronka do Mi\u0142osierdzia Bo\u017cego \u2013 wszyscy czciciele Mi\u0142osierdzia Bo\u017cego, 16.00 \u2013 mieszka\u0144cy W\u00f3lki,&nbsp; 17.00 \u2013 mieszka\u0144cy Sobonia, 20.00 \u2013 mieszka\u0144cy Wierzbna (od p. Szyma\u0144skiej do Urz\u0119du Gminy), 21.00 \u2013 mieszka\u0144cy Wierzbna II cz. i o 23.00 zako\u0144czenie adoracji. Tego dnia przypada rocznica \u015bmierci \u015bw. Jana Paw\u0142a II..<\/p>\n<p>4. Wielka Sobota \u2013 dzie\u0144, w kt\u00f3rym Ko\u015bci\u00f3\u0142 trwa przy grobie Pa\u0144skim, rozwa\u017ca m\u0119k\u0119 i \u015bmier\u0107 Chrystusa, Jego zst\u0105pienie do otch\u0142ani, a tak\u017ce oczekuje na Jego Zmartwychwstanie. W tym dniu Ko\u015bci\u00f3\u0142 powstrzymuje si\u0119 od celebrowania Eucharystii. Adoracja Pana Jezusa w grobie od &nbsp;8.00 \u2013 siostry z K\u00f3\u0142ka R\u00f3\u017ca\u0144cowego, 9.00 \u2013 mieszka\u0144cy Lasu Jaworskiego, 10.00 \u2013 mieszka\u0144cy Helenowa, 11.00 \u2013 mieszka\u0144cy Jaworka, 12.00 \u2013 mieszka\u0144cy Wygl\u0119d\u00f3wka, 13.00 \u2013 mieszka\u0144cy Jan\u00f3wka, 14.00 \u2013 mieszka\u0144cy \u015awidna , 15.00 \u2013 Koronka do Mi\u0142osierdzia mieszka\u0144cy Wierzbna (od p. Szyma\u0144skiej do Urz\u0119du Gminy),, 16.00 \u2013 mieszka\u0144cy W\u00f3lki,&nbsp; 17.00 \u2013 mieszka\u0144cy Sobonia, 18.00 \u2013 mieszka\u0144cy Wierzbna II cz.<\/p>\n<p>5. W Wielk\u0105 Sobot\u0119 po\u015bwi\u0119cenie pokarm\u00f3w wielkanocnych wg tradycyjnej trasy: od 9.00 Wierzbno, potem Las Jaworski, Helen\u00f3w, Jaworek, Jan\u00f3wek, Wygl\u0119d\u00f3wek, W\u00f3lka, \u015awidno i Sobo\u0144. I o 12.00 w ko\u015bciele jeszcze po\u015bwi\u0119cenie pokarm\u00f3w w Wierzbnie.<\/p>\n<p>6. Wigilia Paschalna. Liturgi\u0119 rozpoczniemy o godz.19.00. Zabierzmy na ni\u0105 \u015bwiece.<\/p>\n<p>7. Spowied\u017a w Wielki Czwartek i w Wielki Pi\u0105tek od 21.00 do 22.00.<\/p>\n<p>8. Rezurekcja w poranek wielkanocny o godz. 6.00.<\/p>\n<p>9. W minionym tygodniu na kwiaty do Grobu Pa\u0144skiego zosta\u0142y z\u0142o\u017cone ofiary : mieszka\u0144cy Jan\u00f3wka 380 z\u0142, Sobonia 326 z\u0142, Wygl\u0119d\u00f3wka 330 z\u0142, Wierzbna 700 z\u0142., B\u00f3g zap\u0142a\u0107.<\/p>\n<p>10. Dzi\u0119kuj\u0119 za sprz\u0105tanie ko\u015bcio\u0142a rodzinie Chabiera Andrzej, Twardowska Krystyna, Szmankowska Danuta z Wierzbna. W przysz\u0142ym tygodniu zapraszam&nbsp; rodziny Patrykus Piotr, Wal\u0119cki Mieczys\u0142aw, Szyma\u0144ska Marianna z Wierzbna.<\/p>\n<p>11. Dzi\u0119kuj\u0119 p. Romanowi Gog\u0142ozie i Dariuszowi Wr\u00f3blewskiemu za posprz\u0105tanie terenu wok\u00f3\u0142 ko\u015bcio\u0142a .<\/p>\n<p>12. W ko\u015bciele mo\u017ce przebywa\u0107 jednocze\u015bnie 15 os\u00f3b. Na dworze nie ma limitu.<\/p>\n<p>13. Na stoliku wy\u0142o\u017cony jest nowy numer Echa Katolickiego.<\/p>\n<p>14. Wszystkim solenizantom i jubilatom, kt\u00f3rzy b\u0119d\u0105 prze\u017cywali swoje \u015bwi\u0119to w najbli\u017cszych dniach, \u017cycz\u0119 Bo\u017cego b\u0142og. i obfito\u015bci Bo\u017cych \u0142ask.<\/p>\n<h4 style=\"text-align: center;\"><strong>PI\u0104TA NIEDZIELA WIELKIEGO POSTU<br \/>\n21 marca 2021<br \/>\n<\/strong><strong>OG\u0141OSZENIA DUSZPASTERSKIE<\/strong><\/h4>\n<p>1. Wezwanie do nawr\u00f3cenia jest zach\u0119t\u0105 do nieustannego odkrywania pi\u0119kna i g\u0142\u0119bi Eucharystii. W Wielkim Po\u015bcie ta droga prowadzi do \u017ar\u00f3d\u0142a, kt\u00f3rym jest Ewangelia Jezusa Chrystusa. Zbli\u017camy si\u0119 do \u015bwi\u0105t, wkraczamy w czas intensywniejszego rozwa\u017cania m\u0119ki naszego Pana. Zas\u0142onili\u015bmy krzy\u017ce w \u015bwi\u0105tyni, by na nowo ods\u0142oni\u0107 je przed naszymi oczyma w Wielki Pi\u0105tek. Niechaj ten czas b\u0119dzie szczeg\u00f3lnym czasem wyciszenia i towarzyszenia Jezusowi w Jego cierpieniu i m\u0119ce.<\/p>\n<p>2.&nbsp; W czwartek 25 marca uroczysto\u015b\u0107 Zwiastowania Pa\u0144skiego \u2013 dok\u0142adnie dziewi\u0119\u0107 miesi\u0119cy przed Bo\u017cym Narodzeniem. Jest to Dzie\u0144 \u015awi\u0119to\u015bci \u017bycia i Dzie\u0144 Duchowej Adopcji Dziecka Pocz\u0119tego. Wspierajmy modlitw\u0105 tych, kt\u00f3rzy walcz\u0105 w obronie \u017cycia od pocz\u0119cia do naturalnej \u015bmierci. To pi\u0119kna inicjatywa towarzyszenia modlitw\u0105 przez dziewi\u0119\u0107 miesi\u0119cy dziecku, kt\u00f3rego imi\u0119 zna Pan B\u00f3g. Zach\u0119cam, by tak\u017ce z okazji uroczysto\u015bci Zwiastowania Pa\u0144skiego podj\u0105\u0107 takie zobowi\u0105zanie modlitewne.<\/p>\n<p>3. W najbli\u017cszy pi\u0105tek, o godz.17.00 droga krzy\u017cowa a w niedziel\u0119 ostatnie w tym roku gorzkie \u017cale.<\/p>\n<p>4. Przysz\u0142a niedziela, to Niedziela Palmowa, kt\u00f3ra wprowadza nas ju\u017c w atmosfer\u0119 Wielkiego Tygodnia.<\/p>\n<p>5. W minionym tygodniu na kwiaty do Grobu Pa\u0144skiego zosta\u0142y z\u0142o\u017cone ofiary : mieszka\u0144cy Jaworka 380 z\u0142, W\u00f3lki 370 z\u0142., Helenowa 100 z\u0142, Lasu Jaworskiego 210 z\u0142., Jaworka 295 z\u0142., \u015awidna 285 z\u0142. B\u00f3g zap\u0142a\u0107.<\/p>\n<p>6. Na bocznych o\u0142tarzach s\u0105 wystawione paschaliki &nbsp;20 z\u0142.<\/p>\n<p><strong>7. W sobot\u0119 o godz. 19.00 msza \u015bwi\u0119ta jest ju\u017c z niedzieli. Na tej Mszy \u015bwi\u0119tej po\u015bwi\u0119cenie palm.<\/strong><\/p>\n<p>8. Dzi\u0119kuj\u0119 za sprz\u0105tanie ko\u015bcio\u0142a rodzinie Kowalczyk Franciszek, Kazimierz Grabowski, Chabiera Beata z Wierzbna.W przysz\u0142ym tygodniu zapraszam&nbsp; rodziny Chabiera Andrzej, Twardowska Krystyna, Szmankowska Danuta z Wierzbna.<\/p>\n<p>9. Na stoliku wy\u0142o\u017cony jest nowy numer Echa Katolickiego.<\/p>\n<p>10. Wszystkim solenizantom i jubilatom, kt\u00f3rzy b\u0119d\u0105 prze\u017cywali swoje \u015bwi\u0119to w najbli\u017cszych dniach, \u017cycz\u0119 Bo\u017cego b\u0142og. i obfito\u015bci Bo\u017cych \u0142ask.<\/p>\n<h4 style=\"text-align: center;\"><strong>CZWARTA NIEDZIELA WIELKIEGO POSTU<br \/>\n14 marca 2021<br \/>\n<\/strong><strong>OG\u0141OSZENIA DUSZPASTERSKIE<\/strong><\/h4>\n<p>1. \u017bycie ci\u0105gle stawia przed nami nowe wyzwania. S\u0105 one okazj\u0105 do g\u0142\u0119bszej refleksji nad warto\u015bciami i zasadami, kt\u00f3rymi si\u0119 kierujemy. Wielki Post wzywa ka\u017cdego z nas do zrewidowania \u017cycia, postawienia sobie pytania, czy naprawd\u0119 idziemy \u015bladem Bo\u017cych drogowskaz\u00f3w. \u017by\u0107 to stawa\u0107 si\u0119 cz\u0142owiekiem, a dla wierz\u0105cych \u2013 stawa\u0107 si\u0119 chrze\u015bcijaninem. To proces, kt\u00f3ry dokonuje si\u0119 w nas nieustannie. Na tej drodze wpatrujmy si\u0119 w Jezusa, kt\u00f3ry podczas rozmowy z Nikodemem m\u00f3wi jasno i konkretnie: trzeba si\u0119 na nowo narodzi\u0107, aby \u017cy\u0107.<\/p>\n<p>2. Dzi\u015b po Mszy \u015bwi\u0119tej o godz. 9.00 zmiana tajemnic r\u00f3\u017ca\u0144ca dla rodzic\u00f3w modl\u0105cych si\u0119 za dzieci. A o godz. 10.30 r\u00f3\u017caniec za zmar\u0142ych polecanych w wypominkach.<\/p>\n<p>3. W pi\u0105tek 19 marca b\u0119dziemy obchodzi\u0107 uroczysto\u015b\u0107 \u015bw. J\u00f3zefa, oblubie\u0144ca Naj\u015bwi\u0119tszej Maryi Panny. Ten dzie\u0144 mo\u017cemy nazwa\u0107 dniem m\u0119\u017cczyzn. Otoczmy modlitw\u0105 wszystkich walecznych m\u0119\u017cczyzn: kawaler\u00f3w, m\u0119\u017c\u00f3w, ojc\u00f3w, dziadk\u00f3w. Tego dnia pro\u015bmy Boga o wszelkie \u0142aski dla nich, by codziennie wype\u0142niali powo\u0142anie, do jakiego zostali wezwani.<\/p>\n<p>4. Droga krzy\u017cowa w pi\u0105tek o godz.18.30. Gorzkie \u017cale w niedziel\u0119 po Mszy \u015bwi\u0119tej o godz. 11.00<\/p>\n<p>5. W minionym tygodniu na kwiaty do Grobu pa\u0144skiego zosta\u0142a z\u0142o\u017cona ofiara 100 z\u0142 przez K\u017bR z Wierzbna zel. Krystyna Pi\u00f3rek<\/p>\n<p>6. Dzi\u0119kuj\u0119 m\u0142odzie\u017cy z o\u015brodka w Jaworku za poprowadzenie Drogi Krzyzowej.<\/p>\n<p>7. Na bocznych o\u0142tarzach s\u0105 wystawione paschaliki &nbsp;20 z\u0142.<\/p>\n<p><strong>8. W sobot\u0119 o godz. 19.00 msza \u015bwi\u0119ta jest ju\u017c z niedzieli.<\/strong><\/p>\n<p>9. Dzi\u0119kuj\u0119 za sprz\u0105tanie ko\u015bcio\u0142a rodzinie \u015awiderski Przemys\u0142aw, \u0141ukasiak Henryk, Chabiera Mariusz z Wierzbna. W przysz\u0142ym tygodniu zapraszam&nbsp; rodziny Kowalczyk Franciszek, Kazimierz Grabowski, Chabiera Beata z Wierzbna.<\/p>\n<p>10. Na stoliku wy\u0142o\u017cony jest nowy numer Echa Katolickiego.<\/p>\n<p>11. Wszystkim solenizantom i jubilatom, kt\u00f3rzy b\u0119d\u0105 prze\u017cywali swoje \u015bwi\u0119to w najbli\u017cszych dniach, \u017cycz\u0119 Bo\u017cego b\u0142og. i obfito\u015bci Bo\u017cych \u0142ask.<\/p>\n<p>12. W ubieg\u0142ym tygodniu z naszej wsp\u00f3lnoty parafialnej do wieczno\u015bci odszed\u0142: Andrzej Piotr Michalczyk l. 55 z Wierzbna. Wieczny odpoczynek racz mu da\u0107 Panie \u2026<\/p>\n<h4 style=\"text-align: center;\"><strong>TRZECIA NIEDZIELA WIELKIEGO POSTU<\/strong><br \/>\n<strong>7 marca 2021<\/strong><br \/>\n<strong>OG\u0141OSZENIA DUSZPASTERSKIE<\/strong><\/h4>\n<p>1. Czas Wielkiego Postu to czas naszej metanoi, kt\u00f3ra oznacza przemian\u0119 \u017cycia, podj\u0119cie nowych wyzwa\u0144, prac\u0119 nad swoj\u0105 duchowo\u015bci\u0105, a przede wszystkim zmian\u0119 my\u015blenia pod wp\u0142ywem s\u0142owa, kt\u00f3re kieruje do nas B\u00f3g. Aby je us\u0142ysze\u0107, trzeba si\u0119 zatrzyma\u0107, wyciszy\u0107, skierowa\u0107 uwag\u0119 serca na Boga. Jest wiele spraw wa\u017cnych, lecz nie zaniedbajmy tego, co naprawd\u0119 istotne.<\/p>\n<p>2. Jutro Dzie\u0144 Kobiet. Wszystkim Paniom \u017cycz\u0119 Bo\u017cego b\u0142ogos\u0142awie\u0144stwa Bo\u017cego i opieki Matki Bo\u017cej wzorze kobieco\u015bci.<\/p>\n<p>3. Dzisiaj po Mszach \u015bwi\u0119tych prosz\u0119 Radnych o pozostanie w ko\u015bciele.<\/p>\n<p>4. We wszystkie pi\u0105tki Wielkiego Postu b\u0119dziemy rozwa\u017ca\u0107 m\u0119k\u0119 Pana Jezusa w czasie drogi krzy\u017cowej o godz. 17.00. W ka\u017cd\u0105 niedziel\u0119 Wielkiego Postu po Mszy \u015bwi\u0119tej o godz.11.00 gorzkie \u017cale.<\/p>\n<p>5. W sobot\u0119 przypadnie 8. rocznica wyboru papie\u017ca Franciszka na Stolic\u0119 Piotrow\u0105. Niech nasza modlitwa b\u0119dzie wyrazem mi\u0142o\u015bci do G\u0142owy Ko\u015bcio\u0142a powszechnego.<\/p>\n<p>6. Serdecznie dzi\u0119kuj\u0119 ks. Krzysztofowi Pi\u00f3rkowskiemu za przyj\u0119cie zaproszenia i poprowadzenie naszych rekolekcji parafialnych.<\/p>\n<p>7. Dzi\u0119kuj\u0119 Paniom za ciasto na st\u00f3\u0142 rekolekcyjny oraz Pani pos\u0142uguj\u0105cej kap\u0142anom, kt\u00f3rzy spowiadali w czasie rekolekcji.<\/p>\n<p>8. W przysz\u0142\u0105 niedziel\u0119 o godz. 10.30 r\u00f3\u017caniec za zmar\u0142ych polecanych w wypominkach z czytaniem kartek z Sobonia i spoza parafii.<\/p>\n<p>9. Na bocznych o\u0142tarzach s\u0105 wystawione paschaliki &nbsp;20 z\u0142.<\/p>\n<p><strong>10. W sobot\u0119 o godz. 18.00 msza \u015bwi\u0119ta jest ju\u017c z niedzieli.<\/strong><\/p>\n<p>11. Dzi\u0119kuj\u0119 za sprz\u0105tanie ko\u015bcio\u0142a rodzinie Karaban Ireneusz, Malinowska Ma\u0142gorzata, Zajkowska El\u017cbieta, Kornatko Zdzis\u0142aw z Wierzbna. W przysz\u0142ym tygodniu zapraszam&nbsp; rodziny \u015awiderski Przemys\u0142aw, \u0141ukasiak Henryk, Chabiera Mariusz z Wierzbna.<\/p>\n<p>12. Na stoliku wy\u0142o\u017cony jest nowy numer Echa Katolickiego.<\/p>\n<p>13. Wszystkim solenizantom i jubilatom, kt\u00f3rzy b\u0119d\u0105 prze\u017cywali swoje \u015bwi\u0119to w najbli\u017cszych dniach, \u017cycz\u0119 Bo\u017cego b\u0142og. i obfito\u015bci Bo\u017cych \u0142ask.<\/p>\n","protected":false},"excerpt":{"rendered":"<p>Powr\u00f3t do listy og\u0142osze\u0144 NIEDZIELA PALMOWA, CZYLI M\u0118KI PA\u0143SKIEJ 28 marca 2021 OG\u0141OSZENIA DUSZPASTERSKIE 1. Rozpoczynamy \u015bwi\u0119towanie Wielkiego Tygodnia. To czas, w kt\u00f3rym wspominamy w liturgii najwa\u017cniejsze wydarzenia ostatnich dni Jezusa na ziemi. Ten, kt\u00f3ry sta\u0142 si\u0119 dla nas cierpi\u0105cym S\u0142ug\u0105 Jahwe, prowadzi nas do zwyci\u0119stwa zmartwychwstania. Szczytem roku liturgicznego i Wielkiego Tygodnia jest \u015awi\u0119te Triduum Paschalne M\u0119ki i Zmartwychwstania Pa\u0144skiego. Obejmuje liturgi\u0119 Mszy Wieczerzy Pa\u0144skiej, sprawowan\u0105 wieczorem w Wielki Czwartek, wielkopi\u0105tkow\u0105 liturgi\u0119 M\u0119ki Pa\u0144skiej oraz najbardziej uroczyst\u0105 i najpi\u0119kniejsz\u0105 ze wszystkich liturgii Ko\u015bcio\u0142a \u2013 Wigili\u0119 Paschaln\u0105 sprawowan\u0105 po zapadni\u0119ciu zmroku w Wielk\u0105 Noc. Triduum Paschalne ko\u0144czy si\u0119 wieczorem w Niedziel\u0119 Zmartwychwstania. 2. Wielki Czwartek \u2013 pami\u0105tka ustanowienia sakrament\u00f3w Eucharystii i kap\u0142a\u0144stwa. Uroczysta liturgia w naszej \u015bwi\u0105tyni rozpocznie si\u0119 o godz. 18.00. Od godz. 19.00 do 23.00 adoracja Chrystusa ukrytego w ciemnicy. 3. Wielki Pi\u0105tek \u2013 pami\u0105tka m\u0119ki i \u015bmierci Pana Jezusa.. W tym dniu nie sprawujemy Eucharystii. Obowi\u0105zuje post \u2026 <a class=\"continue-reading-link\" href=\"https:\/\/www.parafiawierzbno.com.pl\/?page_id=10521\">Czytaj dalej <span class=\"meta-nav\">&rarr; <\/span><\/a><\/p>\n","protected":false},"author":1,"featured_media":0,"parent":225,"menu_order":0,"comment_status":"closed","ping_status":"closed","template":"","meta":{"ngg_post_thumbnail":0},"_links":{"self":[{"href":"https:\/\/www.parafiawierzbno.com.pl\/index.php?rest_route=\/wp\/v2\/pages\/10521"}],"collection":[{"href":"https:\/\/www.parafiawierzbno.com.pl\/index.php?rest_route=\/wp\/v2\/pages"}],"about":[{"href":"https:\/\/www.parafiawierzbno.com.pl\/index.php?rest_route=\/wp\/v2\/types\/page"}],"author":[{"embeddable":true,"href":"https:\/\/www.parafiawierzbno.com.pl\/index.php?rest_route=\/wp\/v2\/users\/1"}],"replies":[{"embeddable":true,"href":"https:\/\/www.parafiawierzbno.com.pl\/index.php?rest_route=%2Fwp%2Fv2%2Fcomments&post=10521"}],"version-history":[{"count":7,"href":"https:\/\/www.parafiawierzbno.com.pl\/index.php?rest_route=\/wp\/v2\/pages\/10521\/revisions"}],"predecessor-version":[{"id":10537,"href":"https:\/\/www.parafiawierzbno.com.pl\/index.php?rest_route=\/wp\/v2\/pages\/10521\/revisions\/10537"}],"up":[{"embeddable":true,"href":"https:\/\/www.parafiawierzbno.com.pl\/index.php?rest_route=\/wp\/v2\/pages\/225"}],"wp:attachment":[{"href":"https:\/\/www.parafiawierzbno.com.pl\/index.php?rest_route=%2Fwp%2Fv2%2Fmedia&parent=10521"}],"curies":[{"name":"wp","href":"https:\/\/api.w.org\/{rel}","templated":true}]}}