{"id":10550,"date":"2021-04-04T02:37:26","date_gmt":"2021-04-04T00:37:26","guid":{"rendered":"https:\/\/www.parafiawierzbno.com.pl\/?page_id=10550"},"modified":"2021-04-26T18:07:35","modified_gmt":"2021-04-26T16:07:35","slug":"ogloszenia-kwiecien-2021","status":"publish","type":"page","link":"https:\/\/www.parafiawierzbno.com.pl\/?page_id=10550","title":{"rendered":"Og\u0142oszenia &#8211; Kwiecie\u0144 2021"},"content":{"rendered":"<p><a title=\"Og\u0142oszenia parafialne\" href=\"https:\/\/www.parafiawierzbno.com.pl\/?page_id=225\">Powr\u00f3t do listy og\u0142osze\u0144<\/a><\/p>\n<h4 style=\"text-align: center;\"><strong>CZWARTA NIEDZIELA WIELKANOCY<\/strong><br \/>\n<strong>25 kwietnia 2021<\/strong><br \/>\n<strong>OG\u0141OSZENIA DUSZPASTERSKIE<\/strong><\/h4>\n<p>1. Prze\u017cywamy dzi\u015b Niedziel\u0119 Dobrego Pasterza, kt\u00f3ra rozpoczyna kwartalne dni modlitw o powo\u0142ania do s\u0142u\u017cby w Ko\u015bciele. Nasz Pan, Jezus Chrystus, nazywa siebie dobrym pasterzem, kt\u00f3ry zna swoje owce po imieniu i oddaje za nie \u017cycie. Potrzebujemy wci\u0105\u017c nowych ludzi, kt\u00f3rzy tak jak Chrystus podejm\u0105 w Ko\u015bciele s\u0142u\u017cb\u0119 g\u0142oszenia s\u0142owa i sprawowania sakrament\u00f3w. Przed b\u0142ogos\u0142awie\u0144stwem i w ci\u0105gu ca\u0142ego tygodnia zapraszamy do wsp\u00f3lnej modlitwy w tej intencji.<\/p>\n<p>2. Dzisiaj taca ekonomiczna a po Mszy \u015bwi\u0119tej zbi\u00f3rka do puszek dla poszkodowanej w po\u017carze Magdy z Bojmia.<\/p>\n<p>3. W najbli\u017csz\u0105 sobot\u0119 rozpocznie si\u0119 maj, miesi\u0105c po\u015bwi\u0119cony szczeg\u00f3lnej czci Matki Bo\u017cej. Ka\u017cdego dnia po Mszy \u015bwi\u0119tej o godz. 18.00 zapraszam na nabo\u017ce\u0144stwa majowe. W pierwsz\u0105 sobot\u0119 miesi\u0105ca okazja do spowiedzi i Komunii \u015awi\u0119tej wynagradzaj\u0105cej Niepokalanemu Sercu Maryi wszelkie grzechy i zniewa\u017cenia.<\/p>\n<p>4. Gromad\u017amy si\u0119 tak\u017ce na wioskach przy krzy\u017cach, czy figurkach na nabo\u017ce\u0144stwo majowe zachowuj\u0105c re\u017cim sanitarny.<\/p>\n<p>5. W przysz\u0142\u0105 niedziel\u0119 po Mszy \u015bwi\u0119tej o godz. 11.00 nabo\u017ce\u0144stwo majowe a nast\u0119pnie procesja Eucharystyczna.<\/p>\n<p>6. Dzi\u0119kuj\u0119 za sprz\u0105tanie ko\u015bcio\u0142a rodzinie Replin Waldemar, Replin Mariusz, Replin Daniel Wierzbna. W przysz\u0142ym tygodniu zapraszam&nbsp; rodziny Patoka Weronika, Ha\u0142adaj Hubert, z Wierzbna.<\/p>\n<p>7.&nbsp; W przysz\u0142\u0105 niedziel\u0119 puszka na WSD w Siedlcach.<\/p>\n<p>&nbsp;8. Na stoliku wy\u0142o\u017cony jest nowy numer Echa Katolickiego i ksi\u0105\u017cki o Wielkanocy w cenie 10 z\u0142.<\/p>\n<p>9. Wszystkim solenizantom i jubilatom, kt\u00f3rzy b\u0119d\u0105 prze\u017cywali swoje \u015bwi\u0119to w najbli\u017cszych dniach, \u017cycz\u0119 Bo\u017cego b\u0142og. i obfito\u015bci Bo\u017cych \u0142ask.<\/p>\n<h4 style=\"text-align: center;\"><strong>TRZECIA NIEDZIELA WIELKANOCY<\/strong><br \/>\n<strong>18 kwietnia 2021<\/strong><br \/>\n<strong>OG\u0141OSZENIA DUSZPASTERSKIE<\/strong><\/h4>\n<p>1. Jeste\u015bmy Ko\u015bcio\u0142em pielgrzymuj\u0105cym w drodze do niebieskiej ojczyzny. Chrystus gromadzi nas na uczcie eucharystycznej, wyja\u015bnia nam pisma, w sakramentalnych znakach sam staje si\u0119 pokarmem, by\u015bmy nie ustali w drodze. W rozpoczynaj\u0105cym si\u0119 Tygodniu Biblijnym pro\u015bmy Pana Jezusa szczeg\u00f3lnie o to, aby pozwoli\u0142 nam jeszcze bardziej ukocha\u0107 i zrozumie\u0107 Pismo \u015awi\u0119te. Wygospodarujmy w tym tygodniu nieco wi\u0119cej czasu, aby\u015bmy mogli si\u0119ga\u0107 po Bibli\u0119.<\/p>\n<p>2. Dzisiaj w ca\u0142ej Polsce czytamy Pismo \u015bwi\u0119te. Zach\u0119cam, by wzi\u0105\u0107 dzi\u015b do r\u0105k t\u0119 ksi\u0119g\u0119 i wsp\u00f3lnie w rodzinie przeczyta\u0107. Niech ka\u017cdy z cz\u0142onk\u00f3w rodziny przeczyta jaki\u015b fragment na g\u0142os.<\/p>\n<p>3. W pi\u0105tek uroczysto\u015b\u0107 \u015bw. Wojciecha, biskupa i m\u0119czennika, g\u0142\u00f3wnego patrona Polski. G\u0142\u00f3wne uroczysto\u015bci odb\u0119d\u0105 si\u0119 w Gnie\u017anie. W tym dniu podzi\u0119kujemy Bogu za dzie\u0142o ewangelizacji nie tylko naszych rdzennych ziem, kt\u00f3rego dokona\u0142 \u015bw. Wojciech. Nie obowi\u0105zuje tego dnia wstrzemi\u0119\u017aliwo\u015b\u0107 od pokarm\u00f3w mi\u0119snych.<\/p>\n<p>4. Dzi\u015b o godz. 10.30 W przysz\u0142\u0105 niedziel\u0119 o godz. 10.30 r\u00f3\u017caniec za zmar\u0142ych polecanych w wypominkach z Wierzbna.<\/p>\n<p>5. Dzi\u0119kuj\u0119 Mieszka\u0144com Wierzbna za wywiezienie \u015bmieci z cmentarza. Jednocze\u015bnie po raz kolejny prosz\u0119, by nie wyrzuca\u0107 plastik\u00f3w do \u015bmieci biodegradowalnych.<\/p>\n<p>6. Z pieni\u0119dzy na kwiaty do Grobu Pa\u0144skiego zosta\u0142a zakupiona figura Jezusa Zmartwychwsta\u0142ego.<\/p>\n<p>7. W sobot\u0119 o godz. 19.00 Msza \u015bwi\u0119ta jest ju\u017c z niedzieli. Ostatnia w tym sezonie.<\/p>\n<p>8. Dzi\u0119kuj\u0119 za sprz\u0105tanie ko\u015bcio\u0142a rodzinie Jaworowski Miros\u0142aw, Popowski Wojciech, Ko\u0142ak Henryka z Wierzbna. W przysz\u0142ym tygodniu zapraszam&nbsp; rodziny Replin Waldemar, Replin Mariusz, Replin Daniel z Wierzbna.<\/p>\n<p>9. Przysz\u0142a niedziela ostatnia w tym miesi\u0105cu. Taca ekonomiczna.<\/p>\n<p>&nbsp;10. Na stoliku wy\u0142o\u017cony jest nowy numer Echa Katolickiego i ksi\u0105\u017cki o Wielkanocy w cenie 10 z\u0142.<\/p>\n<p>11. W przysz\u0142\u0105 niedziel\u0119 zbi\u00f3rka do puszek dla poszkodowanej w po\u017carze Magdy z Bojmia, kt\u00f3ra straci\u0142a w po\u017carze dzieci i m\u0119\u017c\u0105 a sama potrzebuje leczenia.<\/p>\n<p>10. Wszystkim solenizantom i jubilatom, kt\u00f3rzy b\u0119d\u0105 prze\u017cywali swoje \u015bwi\u0119to w najbli\u017cszych dniach, \u017cycz\u0119 Bo\u017cego b\u0142og. i obfito\u015bci Bo\u017cych \u0142ask.<\/p>\n<h4 style=\"text-align: center;\"><strong>DRUGA NIEDZIELA WIELKANOCY, CZYLI MI\u0141OSIERDZIA BO\u017bEGO<br \/>\n11 kwietnia 2021<br \/>\n<\/strong><strong>OG\u0141OSZENIA DUSZPASTERSKIE<\/strong><\/h4>\n<p>1. Druga niedziela Wielkanocy jest obchodzona jako Niedziela Mi\u0142osierdzia Bo\u017cego. Pan Jezus da\u0142 grzesznikom \u015bwi\u0119to Mi\u0142osierdzia jako ostatni\u0105 desk\u0119 ratunku. Z dobrze odprawion\u0105 spowiedzi\u0105 i Komuni\u0105 \u015awi\u0119t\u0105, przyj\u0119t\u0105 w tym dniu, jest zwi\u0105zana obietnica zupe\u0142nego odpuszczenia win i kar. To tak\u017ce patronalne \u015bwi\u0119to Caritasu, kt\u00f3re rozpoczyna Tydzie\u0144 Mi\u0142osierdzia. Do\u015bwiadczamy nieustannie mi\u0142osierdzia Bo\u017cego, dlatego mo\u017cemy uczy\u0107 si\u0119 by\u0107 mi\u0142osiernymi dla braci i si\u00f3str. Ojciec \u015awi\u0119ty Jan Pawe\u0142 II zach\u0119ca\u0142 nas tymi s\u0142owami: \u201eTrzeba t\u0119 iskr\u0119 Bo\u017cej \u0142aski roznieca\u0107. Trzeba przekazywa\u0107 \u015bwiatu ogie\u0144 mi\u0142osierdzia. W mi\u0142osierdziu Boga \u015bwiat znajdzie pok\u00f3j, a cz\u0142owiek szcz\u0119\u015bcie! To zadanie powierzam wam, drodzy bracia i siostry, Ko\u015bcio\u0142owi w Krakowie i w Polsce oraz wszystkim czcicielom Bo\u017cego mi\u0142osierdzia [\u2026]. B\u0105d\u017acie \u015bwiadkami mi\u0142osierdzia!\u201d (Krak\u00f3w-\u0141agiewniki, 17.08.2002)<\/p>\n<p>2. O godz. 14.00 wystawienie Naj\u015bwi\u0119tszego sakramentu a o &nbsp;15, w godzinie mi\u0142osierdzia, zapraszam do wsp\u00f3lnej modlitwy Koronk\u0105 do mi\u0142osierdzia Bo\u017cego. B\u00f3g nieustannie nas zaskakuje swoim mi\u0142osierdziem, okazywanym nam w przer\u00f3\u017cny spos\u00f3b. Niech nasza modlitwa b\u0119dzie wyrazem naszej wdzi\u0119czno\u015bci.<\/p>\n<p>4. Dzisiaj ostatnia transmisja Mszy \u015bwi\u0119tej przez Internet. Dzi\u0119kuj\u0119 p. Rafa\u0142owi Miklaszewskiemu za bezinteresown\u0105 pos\u0142ug\u0119 przez te minione miesi\u0105ce.<\/p>\n<p>5. W przysz\u0142\u0105 niedziel\u0119 na Msz\u0119 \u015bwi\u0119t\u0105 na godz. 11.00 zapraszam dzieci kl. III. B\u0119d\u0105 po\u015bwi\u0119cone ksi\u0105\u017ceczki.<\/p>\n<p>6. Komunikat o spisie powszechnym\u2026.<\/p>\n<p>7. W przysz\u0142\u0105 niedziel\u0119 o godz. 10.30 r\u00f3\u017caniec za zmar\u0142ych polecanych w wypominkach z Wierzbna.<\/p>\n<p>8. W \u015brod\u0119 14 kwietnia b\u0119dziemy obchodzili \u015bwi\u0119to Chrztu Polski, ustanowione przez Sejm Rzeczypospolitej w 2019 r. Odnosi si\u0119 ono do przyj\u0119cia chrztu, a tym samym wiary w Boga Tr\u00f3jjedynego, przez ksi\u0119cia Mieszka I i jego dw\u00f3r, co mia\u0142o ogromne znaczenie dla procesu tworzenia si\u0119 naszej pa\u0144stwowo\u015bci.<\/p>\n<p>9. W najbli\u017csz\u0105 sobot\u0119 zapraszam mieszka\u0144c\u00f3w Wierzbna do wywiezienia \u015bmieci z cmentarza.<\/p>\n<p>10. W sobot\u0119 o godz. 19.00 Msza \u015bwi\u0119ta jest ju\u017c z niedzieli.<\/p>\n<p>11. Dzi\u0119kuj\u0119 za sprz\u0105tanie ko\u015bcio\u0142a rodzinie Lisiecka Janina, Walencki Dariusz, Pi\u00f3rek Witold, Pi\u00f3rek Piotr z Wierzbna. W przysz\u0142ym tygodniu zapraszam&nbsp; rodziny Jaworowski Miros\u0142aw, Popowski Wojciech, Ko\u0142ak Henryka z Wierzbna.<\/p>\n<p>&nbsp;12. Na stoliku wy\u0142o\u017cony jest nowy numer Echa Katolickiego i ksi\u0105\u017cki o Wielkanocy w cenie 10 z\u0142.<\/p>\n<p>13. Wszystkim solenizantom i jubilatom, kt\u00f3rzy b\u0119d\u0105 prze\u017cywali swoje \u015bwi\u0119to w najbli\u017cszych dniach, \u017cycz\u0119 Bo\u017cego b\u0142og. i obfito\u015bci Bo\u017cych \u0142ask.<\/p>\n<p>Komunikat:<\/p>\n<p><a href=\"https:\/\/www.parafiawierzbno.com.pl\/wp-content\/uploads\/2021\/04\/spis.jpg\"><img loading=\"lazy\" class=\"aligncenter size-large wp-image-10564\" src=\"https:\/\/www.parafiawierzbno.com.pl\/wp-content\/uploads\/2021\/04\/spis-1024x789.jpg\" alt=\"\" width=\"1000\" height=\"771\" srcset=\"https:\/\/www.parafiawierzbno.com.pl\/wp-content\/uploads\/2021\/04\/spis-1024x789.jpg 1024w, https:\/\/www.parafiawierzbno.com.pl\/wp-content\/uploads\/2021\/04\/spis-300x231.jpg 300w, https:\/\/www.parafiawierzbno.com.pl\/wp-content\/uploads\/2021\/04\/spis-768x592.jpg 768w, https:\/\/www.parafiawierzbno.com.pl\/wp-content\/uploads\/2021\/04\/spis-1536x1183.jpg 1536w, https:\/\/www.parafiawierzbno.com.pl\/wp-content\/uploads\/2021\/04\/spis-150x116.jpg 150w, https:\/\/www.parafiawierzbno.com.pl\/wp-content\/uploads\/2021\/04\/spis-195x150.jpg 195w, https:\/\/www.parafiawierzbno.com.pl\/wp-content\/uploads\/2021\/04\/spis.jpg 1760w\" sizes=\"(max-width: 1000px) 100vw, 1000px\" \/><\/a><\/p>\n<h4 style=\"text-align: center;\"><strong>NIEDZIELA WIELKANOCNA<br \/>\n<\/strong><strong>ZMARTWYCHWSTANIA PA\u0143SKIEGO<br \/>\n<\/strong><strong>4 kwietnia 2021<br \/>\n<\/strong><strong>Msza w dzie\u0144<br \/>\n<\/strong><strong>OG\u0141OSZENIA DUSZPASTERSKIE<\/strong><\/h4>\n<p>1. Pragn\u0119 bardzo serdecznie podzi\u0119kowa\u0107 wszystkim, dzi\u0119ki kt\u00f3rym tak pi\u0119knie prze\u017cywamy \u015awi\u0119te Triduum Paschalne. tym, kt\u00f3rzy przygotowali o\u0142tarz adoracji, gr\u00f3b Pa\u0144ski, p. Anecie Miklaszewskiej, Barbarze Patoka, Marcie Radzio, Wojciechowi Kazimierskiemu z synem Piotrkiem i Micha\u0142owi W\u0105sowskiemu, dzi\u0119kuj\u0119 te\u017c liturgicznej s\u0142u\u017cbie o\u0142tarza .<\/p>\n<p>2. Przez ca\u0142y tydzie\u0144 b\u0119dziemy prze\u017cywali oktaw\u0119 \u015awi\u0105t Wielkanocnych. Zapraszam na Msz\u0119 \u015bw. szczeg\u00f3lnie tych, kt\u00f3rzy fizycznie nie mogli&nbsp; z r\u00f3\u017cnych przyczyn uczestniczy\u0107 we Mszy \u015bwi\u0119tej w czasie \u015awi\u0105t. W pi\u0105tek z racji oktawy nie obowi\u0105zuje wstrzemi\u0119\u017aliwo\u015b\u0107 od pokarm\u00f3w mi\u0119snych.<\/p>\n<p>3. Jutro Poniedzia\u0142ek Wielkanocny. Ofiary sk\u0142adane na tac\u0119 s\u0105 przeznaczone na KUL. Msze \u015bwi\u0119te o godz. 9.00 i 11.00.<\/p>\n<p>4. Zmiana tajemnic r\u00f3\u017ca\u0144ca dla rodzic\u00f3w modl\u0105cych si\u0119 za dzieci w przysz\u0142\u0105 niedziel\u0119 po Mszy sw. O godz. 9.00, za\u015b r\u00f3\u017caniec z wypominkami za zmar\u0142ych za dwa tygodnie.<\/p>\n<p>5. Za tydzie\u0144, w Niedziel\u0119 Mi\u0142osierdzia Bo\u017cego, o godz.14.00 wystawienie Naj\u015bwi\u0119tszego Sakramentu i adoracja do godz. 15. spotkajmy si\u0119 na godzinie mi\u0142osierdzia. B\u00f3g nieustannie nas zaskakuje mi\u0142osierdziem okazywanym nam w przer\u00f3\u017cny spos\u00f3b. Niech nasza modlitwa b\u0119dzie wyrazem wdzi\u0119czno\u015bci Bogu. O godz. 15.00 Koronka do Mi\u0142osierdzia Bo\u017cego i b\u0119dzie mo\u017cliwo\u015b\u0107 przyst\u0105pienia do komunii \u015bwi\u0119tej dla tych, kt\u00f3rzy uczestniczyli we Mszy \u015bwi\u0119tej transmitowanej przez TV, Internet, czy radio. Ofiary sk\u0142adane ma tac\u0119 w niedziel\u0119 s\u0105 przeznaczone na dzie\u0142a mi\u0142osierdzia prowadzone przez Caritas.<\/p>\n<p><strong>6. W sobot\u0119 o godz. 19.00 msza \u015bwi\u0119ta jest ju\u017c z niedzieli.<\/strong><\/p>\n<p>7. Dzi\u0119kuj\u0119 za sprz\u0105tanie ko\u015bcio\u0142a rodzinie Patrykus Piotr, Wal\u0119cki Mieczys\u0142aw, Szyma\u0144ska Marianna z Wierzbna. W przysz\u0142ym tygodniu zapraszam&nbsp; rodziny Lisiecka Janina, Walencki Dariusz, Pi\u00f3rek Witold, Pi\u00f3rek Piotr z Wierzbna.<\/p>\n<p>8. Na stoliku wy\u0142o\u017cony jest nowy numer Echa Katolickiego i ksi\u0105\u017cki o Wielkanocy w cenie 10 z\u0142.<\/p>\n<p>9. Wszystkim solenizantom i jubilatom, kt\u00f3rzy b\u0119d\u0105 prze\u017cywali swoje \u015bwi\u0119to w najbli\u017cszych dniach, \u017cycz\u0119 Bo\u017cego b\u0142og. i obfito\u015bci Bo\u017cych \u0142ask.<\/p>\n<p>10. W ubieg\u0142ym tygodniu z naszej wsp\u00f3lnoty parafialnej do wieczno\u015bci odszed\u0142 + Leszek \u0141ukasiak l. 64 z Wierzbna. Pogrzeb we \u015brod\u0119 o godz. 14.00. Wieczny odpoczynek racz mu da\u0107 Panie\u2026<\/p>\n","protected":false},"excerpt":{"rendered":"<p>Powr\u00f3t do listy og\u0142osze\u0144 CZWARTA NIEDZIELA WIELKANOCY 25 kwietnia 2021 OG\u0141OSZENIA DUSZPASTERSKIE 1. Prze\u017cywamy dzi\u015b Niedziel\u0119 Dobrego Pasterza, kt\u00f3ra rozpoczyna kwartalne dni modlitw o powo\u0142ania do s\u0142u\u017cby w Ko\u015bciele. Nasz Pan, Jezus Chrystus, nazywa siebie dobrym pasterzem, kt\u00f3ry zna swoje owce po imieniu i oddaje za nie \u017cycie. Potrzebujemy wci\u0105\u017c nowych ludzi, kt\u00f3rzy tak jak Chrystus podejm\u0105 w Ko\u015bciele s\u0142u\u017cb\u0119 g\u0142oszenia s\u0142owa i sprawowania sakrament\u00f3w. Przed b\u0142ogos\u0142awie\u0144stwem i w ci\u0105gu ca\u0142ego tygodnia zapraszamy do wsp\u00f3lnej modlitwy w tej intencji. 2. Dzisiaj taca ekonomiczna a po Mszy \u015bwi\u0119tej zbi\u00f3rka do puszek dla poszkodowanej w po\u017carze Magdy z Bojmia. 3. W najbli\u017csz\u0105 sobot\u0119 rozpocznie si\u0119 maj, miesi\u0105c po\u015bwi\u0119cony szczeg\u00f3lnej czci Matki Bo\u017cej. Ka\u017cdego dnia po Mszy \u015bwi\u0119tej o godz. 18.00 zapraszam na nabo\u017ce\u0144stwa majowe. W pierwsz\u0105 sobot\u0119 miesi\u0105ca okazja do spowiedzi i Komunii \u015awi\u0119tej wynagradzaj\u0105cej Niepokalanemu Sercu Maryi wszelkie grzechy i zniewa\u017cenia. 4. Gromad\u017amy si\u0119 tak\u017ce na wioskach przy krzy\u017cach, czy figurkach \u2026 <a class=\"continue-reading-link\" href=\"https:\/\/www.parafiawierzbno.com.pl\/?page_id=10550\">Czytaj dalej <span class=\"meta-nav\">&rarr; <\/span><\/a><\/p>\n","protected":false},"author":1,"featured_media":0,"parent":225,"menu_order":0,"comment_status":"closed","ping_status":"closed","template":"","meta":{"ngg_post_thumbnail":0},"_links":{"self":[{"href":"https:\/\/www.parafiawierzbno.com.pl\/index.php?rest_route=\/wp\/v2\/pages\/10550"}],"collection":[{"href":"https:\/\/www.parafiawierzbno.com.pl\/index.php?rest_route=\/wp\/v2\/pages"}],"about":[{"href":"https:\/\/www.parafiawierzbno.com.pl\/index.php?rest_route=\/wp\/v2\/types\/page"}],"author":[{"embeddable":true,"href":"https:\/\/www.parafiawierzbno.com.pl\/index.php?rest_route=\/wp\/v2\/users\/1"}],"replies":[{"embeddable":true,"href":"https:\/\/www.parafiawierzbno.com.pl\/index.php?rest_route=%2Fwp%2Fv2%2Fcomments&post=10550"}],"version-history":[{"count":10,"href":"https:\/\/www.parafiawierzbno.com.pl\/index.php?rest_route=\/wp\/v2\/pages\/10550\/revisions"}],"predecessor-version":[{"id":10571,"href":"https:\/\/www.parafiawierzbno.com.pl\/index.php?rest_route=\/wp\/v2\/pages\/10550\/revisions\/10571"}],"up":[{"embeddable":true,"href":"https:\/\/www.parafiawierzbno.com.pl\/index.php?rest_route=\/wp\/v2\/pages\/225"}],"wp:attachment":[{"href":"https:\/\/www.parafiawierzbno.com.pl\/index.php?rest_route=%2Fwp%2Fv2%2Fmedia&parent=10550"}],"curies":[{"name":"wp","href":"https:\/\/api.w.org\/{rel}","templated":true}]}}