{"id":10572,"date":"2021-05-01T23:08:32","date_gmt":"2021-05-01T21:08:32","guid":{"rendered":"https:\/\/www.parafiawierzbno.com.pl\/?page_id=10572"},"modified":"2021-05-30T12:48:05","modified_gmt":"2021-05-30T10:48:05","slug":"ogloszenia-maj-2021","status":"publish","type":"page","link":"https:\/\/www.parafiawierzbno.com.pl\/?page_id=10572","title":{"rendered":"Og\u0142oszenia &#8211; Maj 2021"},"content":{"rendered":"<h4><a title=\"Og\u0142oszenia parafialne\" href=\"https:\/\/www.parafiawierzbno.com.pl\/?page_id=225\">Powr\u00f3t do listy og\u0142osze\u0144<\/a><\/h4>\n<h4 style=\"text-align: center;\"><strong>NAJ\u015aWI\u0118TSZEJ TR\u00d3JCY<br \/>\n30 maja 2021<br \/>\n<\/strong><strong>OG\u0141OSZENIA DUSZPASTERSKIE<\/strong><\/h4>\n<p>1. Stajemy dzi\u015b wobec najwi\u0119kszej tajemnicy wiary, kt\u00f3ra m\u00f3wi, \u017ce jest jeden B\u00f3g w trzech Osobach: Ojca, Syna i Ducha \u015awi\u0119tego. Pr\u00f3bujmy zrozumie\u0107 t\u0119 prawd\u0119 nie tyle umys\u0142em, ile \u015bwiat\u0142em wiary, bowiem nie o zrozumienie chodzi, ale o tajemnic\u0119 mi\u0142o\u015bci, kt\u00f3ra spaja Osoby Boskie i w kt\u00f3rej my tak\u017ce mamy swoje miejsce.<\/p>\n<p>2. Jutro ostatni dzie\u0144 maja. Nabo\u017ce\u0144stwo majowe o godz.18.00. Natomiast od wtorku Nabo\u017ce\u0144stwo czerwcowe.<\/p>\n<p>3. We wtorek 1 czerwca Dzie\u0144 dziecka. Pami\u0119tajmy o naszych najm\u0142odszych w naszych modlitwach. Uroczyste b\u0142ogos\u0142awie\u0144stwo dzieci na zako\u0144czenie oktawy Bo\u017cego Cia\u0142a.<\/p>\n<p>4. W najbli\u017cszy czwartek uroczysto\u015b\u0107 Naj\u015bwi\u0119tszego Cia\u0142a i Krwi Chrystusa. Msze \u015awi\u0119te o godz. 9.00 i 11.00. Po Mszy \u015awi\u0119tej godz.. 11.00 wyruszymy ulicami z procesj\u0105 do czterech o\u0142tarzy. Zatroszczmy si\u0119 o przystrojenie mieszka\u0144, dom\u00f3w, by powita\u0107 Jezusa ukrytego w Naj\u015bwi\u0119tszym Sakramencie, kt\u00f3ry przychodzi do nas z b\u0142ogos\u0142awie\u0144stwem. Prosz\u0119 o przygotowanie czterech o\u0142tarzy zgodnie z tradycj\u0105.<br \/>\nDo udzia\u0142u w procesji zapraszam wszystkich, szczeg\u00f3lnie dzieci pierwszokomunijne , by uczestniczy\u0142y w procesji w strojach komunijnych. Dziewczynki zapraszam do sypania kwiat\u00f3w, ch\u0142opc\u00f3w do niesienia r\u00f3\u017ca\u0144ca. Prosz\u0119 o przygotowanie wszystkich &nbsp;chor\u0105gwi, feretron\u00f3w, obraz\u00f3w. Stra\u017cak\u00f3w prosz\u0119 o do asysty i zabezpieczenia procesji.<\/p>\n<p>5. Przez oktaw\u0119 Bo\u017cego Cia\u0142a zapraszam na Msz\u0119 \u015bw. o 18.00 i potem na procesj\u0119 eucharystyczn\u0105 wok\u00f3\u0142 ko\u015bcio\u0142a. Jak w ubieg\u0142ych latach do organizacji procesji wok\u00f3\u0142 \u015bwi\u0105tyni zapraszam mieszka\u0144c\u00f3w nast\u0119puj\u0105cych miejscowo\u015bci: w pi\u0105tek 4 czerwca \u2013 Jaworek, w sobot\u0119 5 czerwca \u2013 Wierzbno, w niedziel\u0119 po sumie \u2013 Jan\u00f3wek i Wygl\u0119d\u00f3wek, w poniedzia\u0142ek 7 czerwca \u2013 Sobo\u0144, we wtorek 8 czerwca \u2013 W\u00f3lka i \u015awidno, w \u015brod\u0119 9 czerwca \u2013 Helen\u00f3w i Las Jaworski, a w czwartek 10 czerwca \u2013 na zako\u0144czenie oktawy Bo\u017cego Cia\u0142a \u2013 ca\u0142\u0105 wsp\u00f3lnot\u0119 parafialn\u0105. Tradycyjnie po\u015bwi\u0119cenie wiank\u00f3w i b\u0142ogos\u0142awie\u0144stwo dzieci.<\/p>\n<p>6. W pierwszy pi\u0105tek miesi\u0105ca o godz. 17.00 Wystawienie Naj\u015bwi\u0119tszego Sakramentu i adoracja do godz. 18.00<\/p>\n<p>7. W przysz\u0142\u0105 niedziel\u0119 po Mszy \u015bwi\u0119tej o godz. 9.00 zmiana tajemnic r\u00f3\u017ca\u0144ca dla rodzic\u00f3w modl\u0105cych si\u0119 za dzieci. Natomiast po Mszach \u015bwi\u0119tych zbi\u00f3rka do puszek na buduj\u0105ce si\u0119 ko\u015bcio\u0142y w diecezji.<\/p>\n<p>8. &nbsp;Dzi\u0119kuj\u0119 za sprz\u0105tanie ko\u015bcio\u0142a&nbsp; Radzio Tadeusz z Wierzbna . W przysz\u0142ym tygodniu zapraszam rodziny &nbsp;Jachimowicz Miros\u0142aw, Okrzeja Witold &nbsp;, Zaboklicki Artur z Wierzbna.<\/p>\n<p>&nbsp;9. Na stoliku wy\u0142o\u017cony jest nowy numer Echa Katolickiego .<\/p>\n<p>10. Dzieci pierwszokomunijne z\u0142o\u017cy\u0142y na misje 550 z\u0142. B\u00f3g zap\u0142a\u0107.<\/p>\n<p>11. 5 czerwca o godz. 20.00 zebranie sprawozdawczo \u2013 wyborcze wszystkich druh\u00f3w stra\u017cak\u00f3w OSP Wierzbno. Z zachowaniem re\u017cimu sanitarnego.<\/p>\n<p>12. Wszystkim solenizantom i jubilatom, kt\u00f3rzy b\u0119d\u0105 prze\u017cywali swoje \u015bwi\u0119to w najbli\u017cszych dniach, \u017cycz\u0119 Bo\u017cego b\u0142og. i obfito\u015bci Bo\u017cych \u0142ask.<\/p>\n<p>13. W ubieg\u0142ym tygodniu z naszej wsp\u00f3lnoty parafialnej do wieczno\u015bci odszed\u0142 + Andrzej Ko\u0142ak l. 66 z Jan\u00f3wka . Wieczny odpoczynek racz mu da\u0107 Panie\u2026<\/p>\n<h4 style=\"text-align: center;\"><strong>ZES\u0141ANIE DUCHA \u015aWI\u0118TEGO<br \/>\n23 maja 2021<br \/>\n<\/strong><strong>OG\u0141OSZENIA DUSZPASTERSKIE<\/strong><\/h4>\n<p>1. Prze\u017cywamy dzi\u015b uroczysto\u015b\u0107 Zes\u0142ania Ducha \u015awi\u0119tego. W historii Ko\u015bcio\u0142a dzie\u0144 Pi\u0119\u0107dziesi\u0105tnicy by\u0142 punktem zwrotnym: obdarzeni darami Ducha \u015awi\u0119tego aposto\u0142owie wyruszyli z wielk\u0105 \u017carliwo\u015bci\u0105 g\u0142osi\u0107 \u015bwiatu zmartwychwsta\u0142ego Jezusa. Uroczysto\u015b\u0107 jest dope\u0142nieniem Wielkanocy. Niech w naszym \u017cyciu umocnienie darami Ducha \u015awi\u0119tego przynosi widoczne owoce: mi\u0142o\u015b\u0107, rado\u015b\u0107, pok\u00f3j, cierpliwo\u015b\u0107, uprzejmo\u015b\u0107, dobro\u0107, wierno\u015b\u0107, \u0142agodno\u015b\u0107, opanowanie (por. Ga 5,22-23), z kt\u00f3rych b\u0119d\u0105 czerpa\u0107 ci, kt\u00f3rych spotkamy w \u017cyciu codziennym. Dzi\u015b za uroczyste od\u015bpiewanie hymnu O stworzycielu, Duchu, przyjd\u017a oraz po wype\u0142nieniu pozosta\u0142ych warunk\u00f3w mo\u017cemy zyska\u0107 odpust zupe\u0142ny.<\/p>\n<p>2. Jutro b\u0119dziemy obchodzili \u015bwi\u0119to Naj\u015bwi\u0119tszej Maryi Panny, Matki Ko\u015bcio\u0142a. Msze \u015bwi\u0119te o godz. 10.00 i 18.00.<\/p>\n<p>3. W \u015brod\u0119 26 maja \u2013 Dzie\u0144 Matki. To dzi\u0119ki matkom \u017cyjemy, to one troszczy\u0142y si\u0119, i stale troszcz\u0105, o nas, z ojcami kszta\u0142tuj\u0105 nasz\u0105 osobowo\u015b\u0107. Na Mszy \u015awi\u0119tej o godz. 18.00 w spos\u00f3b szczeg\u00f3lny b\u0119dziemy otacza\u0107 modlitw\u0105 wszystkie matki naszej parafii i prosi\u0107, by w zdrowiu, rado\u015bci i pokoju serc wype\u0142nia\u0142y niezwyk\u0142\u0105 misj\u0119 mi\u0142o\u015bci wobec ka\u017cdego cz\u0142owieka, dzi\u0119ki kt\u00f3rej cz\u0142owiek nigdy nie pogubi si\u0119 we wsp\u00f3\u0142czesnym \u015bwiecie.<\/p>\n<p>4. W czwartek 27 maja pragniemy uczci\u0107 Chrystusa, najwy\u017cszego i wiecznego Kap\u0142ana, jedynego po\u015brednika u Ojca. Tego dnia b\u0119dziemy si\u0119 modli\u0107 o u\u015bwi\u0119cenie tych, kt\u00f3rych Chrystus zaprosi\u0142 do kap\u0142a\u0144skiej wsp\u00f3lnoty ze sob\u0105 przez sakrament \u015bwi\u0119ce\u0144.<\/p>\n<p>5. Do pi\u0105tku w\u0142\u0105cznie dzieci z kl. III obchodz\u0105 sw\u00f3j Bia\u0142y Tydzie\u0144.<\/p>\n<p>6. Nabo\u017ce\u0144stwo majowe w te dni, kiedy Msza \u015bwi\u0119ta jest o 17.30 b\u0119dzie o godz. 18.00, w pozosta\u0142e dni po Mszy \u015bwi\u0119tej o godz. 18.00.<\/p>\n<p>7. Po\u015bwi\u0119cenie p\u00f3l w poniedzia\u0142ek od 15.00 \u2013 Jan\u00f3wek,&nbsp; we wtorek&nbsp; &#8211; Wygl\u0119d\u00f3wek w czwartek&nbsp; \u2013 W\u00f3lka, pi\u0105tek &#8211; \u015awidno a dzisiaj od 15.30 w Wierzbnie . Msza \u015bwi\u0119ta b\u0119dzie sprawowana w ko\u015bciele.<\/p>\n<p>8. Dzi\u0119kuj\u0119 za sprz\u0105tanie ko\u015bcio\u0142a rodzicom dzieci z kl. III&nbsp; . W przysz\u0142ym tygodniu zapraszam rodziny Makowski Damian, Radzio Tadeusz, Jachimowicz Miros\u0142aw.<\/p>\n<p>&nbsp;9. Na stoliku wy\u0142o\u017cony jest nowy numer Echa Katolickiego .<\/p>\n<p>10. Dzi\u0119kuj\u0119 rodzicom dzieci z klasy III za dar o\u0142tarza now\u0105 kap\u0119 i welon naramienny z racji I Komunii \u015bwi\u0119tej.<\/p>\n<p>11. Przysz\u0142a niedziela &#8211; ostatnia miesi\u0105ca, taca ekonomiczna.<\/p>\n<p>12. 16.05 w Nojszewie zagin\u0119\u0142a czerwona ja\u0142\u00f3wka. W\u0142a\u015bciciel Grzegorz Wiel\u0105dek prosi o kontakt wszystkich, kt\u00f3rzy cokolwiek wiedz\u0105 o zaginionej krowie, pod numer telefonu 660 227 990<\/p>\n<p>11. Wszystkim solenizantom i jubilatom, kt\u00f3rzy b\u0119d\u0105 prze\u017cywali swoje \u015bwi\u0119to w najbli\u017cszych dniach, \u017cycz\u0119 Bo\u017cego b\u0142og. i obfito\u015bci Bo\u017cych \u0142ask.<\/p>\n<h4 style=\"text-align: center;\"><strong>WNIEBOWST\u0104PIENIE PA\u0143SKIE<br \/>\n16 maja 2021<br \/>\n<\/strong><strong>OG\u0141OSZENIA DUSZPASTERSKIE<\/strong><\/h4>\n<p>1. Uroczysto\u015b\u0107 Wniebowst\u0105pienia Pana Jezusa u\u015bwiadamia nam, \u017ce Chrystus uwielbiony, przebywaj\u0105cy z Bogiem jest r\u00f3wnocze\u015bnie z nami przez wszystkie dni, a\u017c do sko\u0144czenia \u015bwiata. \u017byje w Ko\u015bciele, nieustannie uobecnia si\u0119 w czasie ka\u017cdej Eucharystii. Przyj\u0119cie tej prawdy pomaga nam trwa\u0107 w dzi\u0119kczynieniu i u\u015bwi\u0119ca\u0107 codzienno\u015b\u0107.<\/p>\n<p>2. Przez ca\u0142y maj codziennie&nbsp; &nbsp;nabo\u017ce\u0144stwo majowe.<\/p>\n<p>3. Trwamy w nowennie przed uroczysto\u015bci\u0105 Zes\u0142ania Ducha \u015awi\u0119tego. M\u00f3dlmy si\u0119, aby w ka\u017cdym z nas B\u00f3g odnowi\u0142 dary i charyzmaty.<\/p>\n<p>4. W pi\u0105tek od godz. 16.00 spowied\u017a dla dzieci z kl. III i ich rodzin.<\/p>\n<p>5. W sobot\u0119 o godz. 10.00 uroczysto\u015b\u0107 Pierwszej Komunii \u015bwi\u0119tej dla dzieci z kl. III.<\/p>\n<p>6. Po\u015bwi\u0119cenie p\u00f3l w poniedzia\u0142ek od 15.00 \u2013 Sobo\u0144,&nbsp; w \u015brod\u0119&nbsp; \u2013 Jan\u00f3wek, w niedziel\u0119 od. 15.30 w Wierzbnie . Msza \u015bwi\u0119ta b\u0119dzie sprawowana w ko\u015bciele. W intencji mieszka\u0144c\u00f3w Wierzbna 29. Maja o godz. 17.30.<\/p>\n<p>7. Dzi\u0119kuj\u0119 za sprz\u0105tanie ko\u015bcio\u0142a rodzinie Miklaszewski Andrzej, Witowska Teodozja z Wierzbna. &nbsp;. W przysz\u0142ym tygodniu sprz\u0105taj\u0105 rodzice dzieci z kl. III.<\/p>\n<p>8. Na stoliku wy\u0142o\u017cony jest nowy numer Echa Katolickiego .<\/p>\n<p>9. Wszystkim solenizantom i jubilatom, kt\u00f3rzy b\u0119d\u0105 prze\u017cywali swoje \u015bwi\u0119to w najbli\u017cszych dniach, \u017cycz\u0119 Bo\u017cego b\u0142og. i obfito\u015bci Bo\u017cych \u0142ask.<\/p>\n<p>10. W ubieg\u0142ym tygodniu&nbsp; do wieczno\u015bci odesz\u0142a: + Telimena P\u0142otecka l. 67 pochodz\u0105ca z Wygl\u0119d\u00f3wka &nbsp;. Wieczny odpoczynek racz jej da\u0107 Panie\u2026.<\/p>\n<h4 style=\"text-align: center;\"><strong>SZ\u00d3STA NIEDZIELA WIELKANOCY<br \/>\n9 maja 2021<br \/>\n<\/strong><strong>OG\u0141OSZENIA DUSZPASTERSKIE<\/strong><\/h4>\n<p>1. \u015awi\u0119towanie niedzieli to \u015bwi\u0119towanie obecno\u015bci Jezusa Zmartwychwsta\u0142ego w\u015br\u00f3d nas. Odda\u0142 \u017cycie, aby nas zbawi\u0107, aby\u015bmy mieli \u017cycie. Jego ofiara wymaga naszej odpowiedzi, dlatego zach\u0119cajmy si\u0119 nawzajem do autentycznego \u017cycia wiar\u0105 na co dzie\u0144. Tak \u017cy\u0142y pierwsze wsp\u00f3lnoty. Trwajmy w rado\u015bci Wielkiej Nocy.<\/p>\n<p>2. Przez ca\u0142y maj codziennie nabo\u017ce\u0144stwo majowe po Mszy \u015bwi\u0119tej o godz. 18.00, w niedziel\u0119 po Mszy \u015bwi\u0119tej o godz.11.00.<\/p>\n<p>3. W najbli\u017cszy czwartek, 13 maja, wspomnienie Matki Bo\u017cej Fatimskiej i kolejna rocznica zamachu na Jana Paw\u0142a II w 1981 r.<\/p>\n<p>4.&nbsp; W pi\u0105tek rozpoczniemy nowenn\u0119 przed uroczysto\u015bci\u0105 Zes\u0142ania Ducha \u015awi\u0119tego. M\u00f3dlmy si\u0119, by w ka\u017cdym z nas B\u00f3g odnowi\u0142 dary i charyzmaty.<\/p>\n<p>5. Po\u015bwi\u0119cenie p\u00f3l w czwartek od 15.00 \u2013 Las Jaworski i Helen\u00f3w, &nbsp;w sobot\u0119&nbsp; \u2013 Jaworek . Msza \u015bwi\u0119ta b\u0119dzie sprawowana w ko\u015bciele.<\/p>\n<p>6. Dzi\u0119kuj\u0119 za sprz\u0105tanie ko\u015bcio\u0142a rodzinie Ha\u0142adaj Hubert, Gog\u0142oza Roman&nbsp; z Wierzbna. W przysz\u0142ym tygodniu zapraszam&nbsp; rodziny, Makowski Damian, &nbsp;Miklaszewski Andrzej, Witowska Teodozja z Wierzbna.<\/p>\n<p>7. W przysz\u0142\u0105 niedziel\u0119 16.05 w Katedrze Siedleckiej o godzinie 14.30 rozpocznie si\u0119 \u201eRodzinna Niedziela\u201d.<\/p>\n<p>8. Na stoliku wy\u0142o\u017cony jest nowy numer Echa Katolickiego .<\/p>\n<p>9. Wszystkim solenizantom i jubilatom, kt\u00f3rzy b\u0119d\u0105 prze\u017cywali swoje \u015bwi\u0119to w najbli\u017cszych dniach, \u017cycz\u0119 Bo\u017cego b\u0142og. i obfito\u015bci Bo\u017cych \u0142ask.<\/p>\n<p>10. W ubieg\u0142ym tygodniu z naszej wsp\u00f3lnoty parafialnej do wieczno\u015bci odeszli: + Tadeusz Wiel\u0105dek l. 59 z Jan\u00f3wka i Wac\u0142aw Chabiera l. 93 z W\u00f3lki jego pogrzeb jutro o godz. 11.00. Wieczny odpoczynek racz im da\u0107 Panie\u2026.<\/p>\n<h4 style=\"text-align: center;\"><strong>PI\u0104TA NIEDZIELA WIELKANOCY<\/strong><br \/>\n<strong>2 maja 2021<\/strong><br \/>\n<strong>OG\u0141OSZENIA DUSZPASTERSKIE<\/strong><\/h4>\n<p>1. Ko\u015bci\u00f3\u0142 jest wsp\u00f3lnot\u0105 zakorzenion\u0105 w Chrystusie, kt\u00f3ry jest krzewem winnym, a my jeste\u015bmy latoro\u015blami. Warto u\u015bwiadamia\u0107 sobie t\u0119 ewangeliczn\u0105 prawd\u0119 i \u015bwiadczy\u0107 o niej swoim \u017cyciem. A ka\u017cde uczestnictwo w Eucharystii jest nieustannym wzrastaniem w mi\u0142o\u015bci.<\/p>\n<p>2. Dzi\u015b zbi\u00f3rka do puszek na WSD w Siedlcach.<\/p>\n<p>3. Rozpocz\u0119li\u015bmy maj, miesi\u0105c po\u015bwi\u0119cony szczeg\u00f3lnej czci Matki Bo\u017cej. Ka\u017cdego dnia po Mszy \u015bwi\u0119tej o godz. 18.00 zapraszam na nabo\u017ce\u0144stwo majowe. Jutro po Mszy \u015bwi\u0119tej o godz. 11.00 a w niedziel\u0119 po Mszy \u015bwi\u0119tej o godz. 18.00.<\/p>\n<p>4. Jutro, 3 maja, uroczysto\u015b\u0107 Naj\u015bwi\u0119tszej Maryi Panny, Kr\u00f3lowej Polski, g\u0142\u00f3wnej patronki naszego narodu. Przez lata ta uroczysto\u015b\u0107 jednoczy\u0142a nas wok\u00f3\u0142 sanktuarium jasnog\u00f3rskiego, o kt\u00f3rym \u015bw. Jan Pawe\u0142 II, powiedzia\u0142 \u017ce tam bije serce naszego narodu. Maryja kr\u00f3luje nam od wiek\u00f3w i nigdy nie zawiod\u0142a pok\u0142adanej w Niej nadziei, czego \u015bwiadectwem s\u0105 wota wdzi\u0119czno\u015bci.<\/p>\n<p>5. We wtorek na Msz\u0119 \u015bwi\u0119t\u0105 o godz. 17.30 zapraszam wszystkich stra\u017cak\u00f3w.<\/p>\n<p>6. W tym tygodniu przypada pierwszy czwartek miesi\u0105ca. Na Mszy \u015awi\u0119tej modlimy si\u0119 o powo\u0142ania kap\u0142a\u0144skie, zakonne i misyjne.<\/p>\n<p>7. W pierwszy pi\u0105tek miesi\u0105ca okazja do spowiedzi i Komunii \u015awi\u0119tej wynagradzaj\u0105cej Naj\u015bwi\u0119tszemu Sercu Jezusa. Adoracja Naj\u015bwi\u0119tszego Sakramentu od godz. 17.00.<\/p>\n<p>8. We \u015brod\u0119 na godz. 17.00 zapraszam dzieci z kl. III<\/p>\n<p>9. W przysz\u0142\u0105 niedziel\u0119 po Mszy \u015bwi\u0119tej o godz. 9.00 zmiana tajemnic r\u00f3\u017ca\u0144ca dla rodzic\u00f3w modl\u0105cych si\u0119 za dzieci, a o godz. 10.30 r\u00f3\u017caniec za zmar\u0142ych polecanych w wypominkach z Jaworka, W\u00f3lki i \u015awidna.<\/p>\n<p>10. Dzi\u0119kuj\u0119 za sprz\u0105tanie ko\u015bcio\u0142a rodzinie Patoka Weronika&nbsp; z Wierzbna. W przysz\u0142ym tygodniu zapraszam&nbsp; rodziny, Ha\u0142adaj Hubert, Gog\u0142oza Roman, Miklaszewski Andrzej z Wierzbna.<\/p>\n<p>11. Na stoliku wy\u0142o\u017cony jest nowy numer Echa Katolickiego .<\/p>\n<p>12. Papieska Rada ds. Krzewienia Nowej Ewangelizacji podj\u0119\u0142a inicjatyw\u0119 modlitewn\u0105 o ustanie pandemii. Modlitwa b\u0119dzie sprawowana przez kolejnych 30 dni, w najwi\u0119kszych sanktuariach maryjnych \u015bwiata, pocz\u0105wszy od 1 maja br. W poniedzia\u0142ek, 3 maja br., Ko\u015bci\u00f3\u0142 powszechny \u0142\u0105czy\u0107 si\u0119 b\u0119dzie w modlitwie z&nbsp;Sanktuarium Matki Bo\u017cej Cz\u0119stochowskiej na Jasnej G\u00f3rze. Kongregacja prosi, aby tego dnia modli\u0107 si\u0119 zw\u0142aszcza za zaka\u017conych i chorych na COVID-19. W\u0142\u0105czmy si\u0119 w t\u0119 wilk\u0105 modlitw\u0119 odmawiaj\u0105c ca\u0142ymi rodzinami cz\u0105stk\u0119 r\u00f3\u017ca\u0144ca.<\/p>\n<p>13. Do puszek dla Magdy z Bojmia zosta\u0142o z\u0142o\u017cone 1597 z\u0142. B\u00f3g zap\u0142a\u0107.<\/p>\n<p>14. Wszystkim solenizantom i jubilatom, kt\u00f3rzy b\u0119d\u0105 prze\u017cywali swoje \u015bwi\u0119to w najbli\u017cszych dniach, \u017cycz\u0119 Bo\u017cego b\u0142og. i obfito\u015bci Bo\u017cych \u0142ask.<\/p>\n","protected":false},"excerpt":{"rendered":"<p>Powr\u00f3t do listy og\u0142osze\u0144 NAJ\u015aWI\u0118TSZEJ TR\u00d3JCY 30 maja 2021 OG\u0141OSZENIA DUSZPASTERSKIE 1. Stajemy dzi\u015b wobec najwi\u0119kszej tajemnicy wiary, kt\u00f3ra m\u00f3wi, \u017ce jest jeden B\u00f3g w trzech Osobach: Ojca, Syna i Ducha \u015awi\u0119tego. Pr\u00f3bujmy zrozumie\u0107 t\u0119 prawd\u0119 nie tyle umys\u0142em, ile \u015bwiat\u0142em wiary, bowiem nie o zrozumienie chodzi, ale o tajemnic\u0119 mi\u0142o\u015bci, kt\u00f3ra spaja Osoby Boskie i w kt\u00f3rej my tak\u017ce mamy swoje miejsce. 2. Jutro ostatni dzie\u0144 maja. Nabo\u017ce\u0144stwo majowe o godz.18.00. Natomiast od wtorku Nabo\u017ce\u0144stwo czerwcowe. 3. We wtorek 1 czerwca Dzie\u0144 dziecka. Pami\u0119tajmy o naszych najm\u0142odszych w naszych modlitwach. Uroczyste b\u0142ogos\u0142awie\u0144stwo dzieci na zako\u0144czenie oktawy Bo\u017cego Cia\u0142a. 4. W najbli\u017cszy czwartek uroczysto\u015b\u0107 Naj\u015bwi\u0119tszego Cia\u0142a i Krwi Chrystusa. Msze \u015awi\u0119te o godz. 9.00 i 11.00. Po Mszy \u015awi\u0119tej godz.. 11.00 wyruszymy ulicami z procesj\u0105 do czterech o\u0142tarzy. Zatroszczmy si\u0119 o przystrojenie mieszka\u0144, dom\u00f3w, by powita\u0107 Jezusa ukrytego w Naj\u015bwi\u0119tszym Sakramencie, kt\u00f3ry przychodzi do nas z b\u0142ogos\u0142awie\u0144stwem. Prosz\u0119 o przygotowanie \u2026 <a class=\"continue-reading-link\" href=\"https:\/\/www.parafiawierzbno.com.pl\/?page_id=10572\">Czytaj dalej <span class=\"meta-nav\">&rarr; <\/span><\/a><\/p>\n","protected":false},"author":1,"featured_media":0,"parent":225,"menu_order":0,"comment_status":"closed","ping_status":"closed","template":"","meta":{"ngg_post_thumbnail":0},"_links":{"self":[{"href":"https:\/\/www.parafiawierzbno.com.pl\/index.php?rest_route=\/wp\/v2\/pages\/10572"}],"collection":[{"href":"https:\/\/www.parafiawierzbno.com.pl\/index.php?rest_route=\/wp\/v2\/pages"}],"about":[{"href":"https:\/\/www.parafiawierzbno.com.pl\/index.php?rest_route=\/wp\/v2\/types\/page"}],"author":[{"embeddable":true,"href":"https:\/\/www.parafiawierzbno.com.pl\/index.php?rest_route=\/wp\/v2\/users\/1"}],"replies":[{"embeddable":true,"href":"https:\/\/www.parafiawierzbno.com.pl\/index.php?rest_route=%2Fwp%2Fv2%2Fcomments&post=10572"}],"version-history":[{"count":8,"href":"https:\/\/www.parafiawierzbno.com.pl\/index.php?rest_route=\/wp\/v2\/pages\/10572\/revisions"}],"predecessor-version":[{"id":10584,"href":"https:\/\/www.parafiawierzbno.com.pl\/index.php?rest_route=\/wp\/v2\/pages\/10572\/revisions\/10584"}],"up":[{"embeddable":true,"href":"https:\/\/www.parafiawierzbno.com.pl\/index.php?rest_route=\/wp\/v2\/pages\/225"}],"wp:attachment":[{"href":"https:\/\/www.parafiawierzbno.com.pl\/index.php?rest_route=%2Fwp%2Fv2%2Fmedia&parent=10572"}],"curies":[{"name":"wp","href":"https:\/\/api.w.org\/{rel}","templated":true}]}}