{"id":10586,"date":"2021-06-08T12:39:55","date_gmt":"2021-06-08T10:39:55","guid":{"rendered":"https:\/\/www.parafiawierzbno.com.pl\/?page_id=10586"},"modified":"2021-06-27T20:06:37","modified_gmt":"2021-06-27T18:06:37","slug":"ogloszenia-czerwiec-2021","status":"publish","type":"page","link":"https:\/\/www.parafiawierzbno.com.pl\/?page_id=10586","title":{"rendered":"Og\u0142oszenia &#8211; Czerwiec 2021"},"content":{"rendered":"<p><a title=\"Og\u0142oszenia parafialne\" href=\"https:\/\/www.parafiawierzbno.com.pl\/?page_id=225\">Powr\u00f3t do listy og\u0142osze\u0144<\/a><\/p>\n<h4 style=\"text-align: center;\"><strong>TRZYNASTA NIEDZIELA W CI\u0104GU ROKU<br \/>\n27 czerwca 2021<br \/>\n<\/strong><strong>OG\u0141OSZENIA DUSZPASTERSKIE<\/strong><\/h4>\n<p>1. Jednym z owoc\u00f3w Eucharystii jest nasze uzdrowienie. Dokonuje si\u0119 w g\u0142\u0119bokiej jedno\u015bci z Bogiem i nie od razu skutki Jego dzia\u0142ania s\u0105 widoczne. Czasami trzeba dystansu, czasu, a przede zaufania Bogu, kt\u00f3re wzmacnia nasz\u0105 wiar\u0119 w \u017cyciu codziennym. Po wyj\u015bciu ze Mszy \u015awi\u0119tej, pob\u0142ogos\u0142awieni przez Boga, umocnieni Jego s\u0142owem i cia\u0142em, jeste\u015bmy prze\u015bwiadczeni, \u017ce On jest zawsze z nami, \u017ce nam b\u0142ogos\u0142awi i uzdrawia nas moc\u0105 swoich sakrament\u00f3w.<\/p>\n<p>2. Ko\u0144czy si\u0119 czerwiec \u2013 miesi\u0105c szczeg\u00f3lnej modlitwy do Naj\u015bwi\u0119tszego Serca Jezusa. Mamy za co Boga uwielbia\u0107 i za co przeprasza\u0107. Zapraszam na ostatnie w tym miesi\u0105cu nabo\u017ce\u0144stwa czerwcowe codziennie po Mszy \u015bw. o godz. 18.00.<\/p>\n<p>3. We wtorek 29 czerwca uroczysto\u015b\u0107 \u015awi\u0119tych Aposto\u0142\u00f3w Piotra i Paw\u0142a. Tego dnia w spos\u00f3b szczeg\u00f3lny pami\u0119tajmy o Piotrze naszych czas\u00f3w, papie\u017cu Franciszku. Jest to te\u017c dzie\u0144 patronalny naszej parafii.&nbsp; Suma odpustowa o godz. 12.00. Przewodniczy\u0142 jej b\u0119dzie ks. Kan. Janusz Kopczy\u0144ski proboszcz z parafii \u015bw. Antoniego w Mi\u0144sku Mazowieckim.<\/p>\n<p>Prosz\u0119 na procesj\u0119 zabra\u0107 feretrony, chor\u0105gwie. Dzieci komunijne zapraszam do sypania kwiat\u00f3w i niesienia r\u00f3\u017ca\u0144ca. Stra\u017cak\u00f3w zapraszam do asysty. Po Mszach \u015bw. zbi\u00f3rka do puszek na tzw. \u015bwi\u0119topietrze<\/p>\n<p>4. W tym tygodniu przypada pierwszy czwartek i pierwszy pi\u0105tek miesi\u0105ca. B\u0119dziemy si\u0119 modli\u0107 w intencji powo\u0142a\u0144 kap\u0142a\u0144skich. W pi\u0105tek okazja do spowiedzi i Komunii \u015awi\u0119tej wynagradzaj\u0105cej.<\/p>\n<p>5. W sobot\u0119 o godz.18.00 Msza \u015awi\u0119ta wynagradzaj\u0105ca Niepokalanemu Sercu Maryi nasze niewierno\u015bci i zniewa\u017cenia.<\/p>\n<p>6. W przysz\u0142\u0105 niedziel\u0119 po Mszy \u015bwi\u0119tej &nbsp;o godz.11.00 &nbsp;nabo\u017ce\u0144stwo eucharystyczne z procesj\u0105.<\/p>\n<p>7. Do przyj\u0119cia sakramentu przygotowuj\u0105 si\u0119 Daniel Turek, kaw. zam. w Jan\u00f3wku par. w \u017barn\u00f3wce i Ewelina Jaworowska panna zam. w Wierzbnie par. tut. zap. I. Pami\u0119tajmy w naszych o przygotowuj\u0105cych si\u0119 do przyj\u0119cia sakramentu ma\u0142\u017ce\u0144stwa.<\/p>\n<p>8. serdecznie dzi\u0119kuj\u0119 dwom rodzinom z Wierzbna za posadzenie krzew\u00f3w przy pomniku, dzi\u0119kuj\u0119 te\u017c stra\u017cakom za wyczyszczenie kostki wok\u00f3\u0142 ko\u015bcio\u0142a.<\/p>\n<p>9. &nbsp;Dzi\u0119kuj\u0119 za sprz\u0105tanie ko\u015bcio\u0142a rodzinie Pniewski Krzysztof z Wierzbna. W przysz\u0142ym tygodniu zapraszam rodziny Jachimowicz Waldemar, Krzysztof Pniewski, Chabiera Bo\u017cena, Chabiera Krzysztof z Wierzbna.<\/p>\n<p>10. Na stoliku wy\u0142o\u017cony jest nowy numer Echa Katolickiego.<\/p>\n<p>11. Wszystkim solenizantom i jubilatom, kt\u00f3rzy b\u0119d\u0105 prze\u017cywali swoje \u015bwi\u0119to w najbli\u017cszych dniach, \u017cycz\u0119 Bo\u017cego b\u0142og. i obfito\u015bci Bo\u017cych<\/p>\n<p>12. W ubieg\u0142ym tygodniu z naszej wsp\u00f3lnoty parafialnej do wieczno\u015bci odesz\u0142y: + Jadwiga Krystyna Chabiera&nbsp; l. 71&nbsp; z warszawy i + Ewa Hanna Patoka l. 67 z&nbsp; Jaworka. Wieczny odpoczynek racz im da\u0107 Panie\u2026.<\/p>\n<h4 style=\"text-align: center;\"><strong>DWUNASTA NIEDZIELA W CI\u0104GU ROKU<br \/>\n20 czerwca 2021<br \/>\n<\/strong><strong>OG\u0141OSZENIA DUSZPASTERSKIE<\/strong><\/h4>\n<p>1. Eucharystia, w kt\u00f3rej uczestniczymy, jest cudem dokonuj\u0105cym si\u0119 na naszych oczach, lecz rzadko tak o niej my\u015blimy. Mo\u017ce gdyby w\u015br\u00f3d nas Jezus dokona\u0142 tak spektakularnego znaku jak ucieszenie burzy na jeziorze Genezaret, przypadliby\u015bmy Mu do st\u00f3p. A tu, na tym o\u0142tarzu, w czasie ka\u017cdej Eucharystii dokonuje si\u0119 cud: B\u00f3g staje w\u015br\u00f3d nas i jest dla nas pokarmem. Niech nigdy nie zabraknie nam wiary w s\u0142owa Jezusa: \u201e[\u2026] Ja jestem z wami przez wszystkie dni, a\u017c do sko\u0144czenia \u015bwiata\u201d (Mt 28,20).<\/p>\n<p>2. Dzisiaj o godz. 10.30 r\u00f3\u017caniec za zmar\u0142ych polecanych w wypominkach z Helenowa, Jan\u00f3wka i Lasu Jaworskiego&nbsp;.<\/p>\n<p>3. Dzisiaj &nbsp;zbi\u00f3rka do puszek na KUL<\/p>\n<p>4. Nabo\u017ce\u0144stwo czerwcowe codziennie po Mszy \u015bwi\u0119tej o godz. 18.00<\/p>\n<p>5. W \u015brod\u0119 b\u0119dziemy &nbsp;prze\u017cywa\u0107 Dzie\u0144 Ojca. Na Mszy \u015awi\u0119tej o godz. 18.00 w szczeg\u00f3lny spos\u00f3b b\u0119dziemy si\u0119 modli\u0107 za wszystkich ojc\u00f3w w naszej parafii, by wzorem \u015bw. J\u00f3zefa odwa\u017cnie podejmowali wyzwania wynikaj\u0105ce z ich powo\u0142ania.<\/p>\n<p>6. W czwartek 24 czerwca przypada uroczysto\u015b\u0107 Narodzenia \u015bw. Jana Chrzciciela, kt\u00f3ry wzywa\u0142 do nawr\u00f3cenia i przygotowa\u0142 drog\u0119 Jezusowi. Wskaza\u0142 Jezusa jako Baranka Bo\u017cego.<\/p>\n<p>7. Przysz\u0142a niedziela ostatnia miesi\u0105ca \u2013 taca ekonomiczna.<\/p>\n<p>8.Odpust parafialny 29 czerwca.<\/p>\n<p>9. Do puszek na leczenie Kirylla zebrano 1028,20 z\u0142. B\u00f3g zap\u0142a\u0107.<\/p>\n<p>10. &nbsp;Dzi\u0119kuj\u0119 za sprz\u0105tanie ko\u015bcio\u0142a rodzinom Chabiera Krzysztof, G\u00f3rski Przemys\u0142aw z Wierzbna. W przysz\u0142ym tygodniu zapraszam rodziny Jachimowicz Waldemar, Durka Sylwester, Pniewski Krzysztof z Wierzbna.<\/p>\n<p>&nbsp;11. Na stoliku wy\u0142o\u017cony jest nowy numer Echa Katolickiego.<\/p>\n<p>12. Wszystkim solenizantom i jubilatom, kt\u00f3rzy b\u0119d\u0105 prze\u017cywali swoje \u015bwi\u0119to w najbli\u017cszych dniach, \u017cycz\u0119 Bo\u017cego b\u0142og. i obfito\u015bci Bo\u017cych<\/p>\n<p>13. W ubieg\u0142ym tygodniu z naszej wsp\u00f3lnoty parafialnej do wieczno\u015bci odesz\u0142y: + Wanda Czeka\u0142owska l.92 z Sobonia i + Helena Wiel\u0105dek l. 86 z Lau Jaworskiego. Wieczny odpoczynek racz im da\u0107 Panie\u2026.<\/p>\n<h4 style=\"text-align: center;\"><strong>JEDENASTA NIEDZIELA W CI\u0104GU ROKU<br \/>\n13 czerwca 2021<br \/>\n<\/strong><strong>OG\u0141OSZENIA DUSZPASTERSKIE<\/strong><\/h4>\n<p>1. Eucharystia niedzielna jest dla ka\u017cdego z nas zal\u0105\u017ckiem Kr\u00f3lestwa Bo\u017cego. W tej&nbsp; jedno\u015bci, kt\u00f3rej do\u015bwiadczamy z Bogiem i bli\u017animi starajmy si\u0119 budowa\u0107 Kr\u00f3lestwo Bo\u017ce w naszych sercach, w naszych rodzinach i we wsp\u00f3\u0142czesnym \u015bwiecie.<\/p>\n<p>2. Dzisiaj zbi\u00f3rka do puszek na leczenie ukrai\u0144skiego 18 miesi\u0119cznego dziecka. Koszt leczenia 10 mln z\u0142.<\/p>\n<p>3. Dzi\u0119kuj\u0119 za udzia\u0142 w oktawie Bo\u017cego Cia\u0142a poszczeg\u00f3lnym wioskom i wszystkim obecnym szczeg\u00f3lnie dzieciom pierwszokomunijnym.<\/p>\n<p>4. R\u00f3\u017caniec za zmar\u0142ych polecanych w wypominkach z Helenowa, Jan\u00f3wka i Lasu Jaworskiego&nbsp; w przysz\u0142\u0105 niedziel\u0119 o godz. 10.30.<\/p>\n<p>5. &nbsp;Dzi\u0119kuj\u0119 za sprz\u0105tanie ko\u015bcio\u0142a rodzinom Dudek Cezary, Jachimowicz Barbara, Jachimowicz Adam z Wierzbna. W przysz\u0142ym tygodniu zapraszam rodziny Jachimowicz Waldemar, Chabiera Krzysztof, G\u00f3rski Przemys\u0142aw z Wierzbna.<\/p>\n<p>&nbsp;6. Na stoliku wy\u0142o\u017cony jest nowy numer Echa Katolickiego.<\/p>\n<p>7.&nbsp; W przysz\u0142\u0105 niedziel\u0119 zbi\u00f3rka do puszek na KUL<\/p>\n<p>8. Od 20 czerwca, czyli od przysz\u0142ej niedzieli zniesiona zostaje dyspensa od fizycznego uczestnictwa we Mszy \u015bwi\u0119tej niedzielnej. Msza \u015bwi\u0119ta transmitowana przez telewizj\u0119, czy radio jest przeznaczona tylko dla os\u00f3b ob\u0142o\u017cnie chorych.<\/p>\n<p>9. Wszystkim solenizantom i jubilatom, kt\u00f3rzy b\u0119d\u0105 prze\u017cywali swoje \u015bwi\u0119to w najbli\u017cszych dniach, \u017cycz\u0119 Bo\u017cego b\u0142og. i obfito\u015bci Bo\u017cych<\/p>\n<h4 style=\"text-align: center;\"><strong>DZIESI\u0104TA NIEDZIELA W CI\u0104GU ROKU<br \/>\n6 czerwca 2021<br \/>\n<\/strong><strong>OG\u0141OSZENIA DUSZPASTERSKIE<\/strong><\/h4>\n<p>1. Eucharystia niedzielna jest dla ka\u017cdego z nas \u017ar\u00f3d\u0142em i centrum \u017cycia duchowego. B\u00f3g powierza nam siebie w drodze do nieba, jest pokarmem, kt\u00f3ry daje \u017cycie. B\u0105d\u017amy wdzi\u0119czni, \u017ce B\u00f3g jest na wyci\u0105gni\u0119cie r\u0119ki, \u017ce nigdy o nas nie zapomina i stale czuwa nad nami.<\/p>\n<p>2. Dzi\u015b obchodzimy Dzie\u0144 Dzi\u0119kczynienia. Prawdziwym wotum jest Polska wdzi\u0119czna Bogu za odzyskan\u0105 wolno\u015b\u0107. Idea Dnia Dzi\u0119kczynienia jest kontynuacj\u0105 historycznej inicjatywy Sejmu Czteroletniego z 1792 r. Przed ko\u015bcio\u0142em mo\u017cemy z\u0142o\u017cy\u0107 ofiary do puszek na buduj\u0105ce si\u0119 ko\u015bcio\u0142y w naszej diecezji.<\/p>\n<p>3. Trwamy w oktawie Bo\u017cego Cia\u0142a. Przez oktaw\u0119 Bo\u017cego Cia\u0142a zapraszam na Msz\u0119 \u015bw. o 18.00 i potem na procesj\u0119 eucharystyczn\u0105 wok\u00f3\u0142 ko\u015bcio\u0142a. Jak w ubieg\u0142ych latach do organizacji procesji wok\u00f3\u0142 \u015bwi\u0105tyni zapraszam mieszka\u0144c\u00f3w nast\u0119puj\u0105cych miejscowo\u015bci:, w niedziel\u0119 po sumie \u2013 Jan\u00f3wek i Wygl\u0119d\u00f3wek, w poniedzia\u0142ek 7 czerwca \u2013 Sobo\u0144, we wtorek 8 czerwca \u2013 W\u00f3lka i \u015awidno, w \u015brod\u0119 9 czerwca \u2013 Helen\u00f3w i Las Jaworski, a w czwartek 10 czerwca \u2013 na zako\u0144czenie oktawy Bo\u017cego Cia\u0142a \u2013 ca\u0142\u0105 wsp\u00f3lnot\u0119 parafialn\u0105. Tradycyjnie po\u015bwi\u0119cenie wiank\u00f3w i b\u0142ogos\u0142awie\u0144stwo dzieci.<\/p>\n<p>4. W pi\u0105tek 11 czerwca uroczysto\u015b\u0107 Naj\u015bwi\u0119tszego Serca Pana Jezusa. Msza \u015awi\u0119ta o godz. 18.00. Jest to tak\u017ce \u015awiatowy Dzie\u0144 Modlitw o U\u015bwi\u0119cenie Kap\u0142an\u00f3w. Z racji uroczysto\u015bci nie obowi\u0105zuje wstrzemi\u0119\u017aliwo\u015b\u0107 od pokarm\u00f3w mi\u0119snych.<\/p>\n<p>5. W sobot\u0119 wspomnimy Niepokalane Serce Naj\u015bwi\u0119tszej Maryi Panny.<\/p>\n<p>6. Bardzo serdecznie dzi\u0119kuj\u0119 wszystkim, kt\u00f3rzy zatroszczyli si\u0119 o opraw\u0119 uroczysto\u015bci Bo\u017cego Cia\u0142a: grupom przygotowuj\u0105cym o\u0142tarze, dzieciom pierwszokomunijnym , liturgicznej s\u0142u\u017cbie o\u0142tarza, Druhom Stra\u017cakom, oraz wszystkim uczestnicz\u0105cym w tej manifestacji naszej wiary w obecno\u015b\u0107 Chrystusa w Eucharystii.<\/p>\n<p>7. R\u00f3\u017caniec za zmar\u0142ych polecanych w wypominkach b\u0119dzie wyj\u0105tkowo w 3 niedziel\u0119 miesi\u0105ca.<\/p>\n<p>8. &nbsp;Dzi\u0119kuj\u0119 za sprz\u0105tanie ko\u015bcio\u0142a rodzinom Jachimowicz Miros\u0142aw, Okrzeja Witold&nbsp; , Zaboklicki Artur z Wierzbna z Wierzbna . W przysz\u0142ym tygodniu zapraszam rodziny Dudek Cezary, Jachimowicz Barbara, Jachimowicz Adam z Wierzbna<\/p>\n<p>&nbsp;&nbsp;9. Na stoliku wy\u0142o\u017cony jest nowy numer Echa Katolickiego .<\/p>\n<p>11. W przysz\u0142\u0105 niedziel\u0119 zbi\u00f3rka do puszek&nbsp; a leczenie ukrai\u0144skiego 18 miesi\u0119cznego dziecka. Koszt leczenia 10 mln z\u0142.<\/p>\n<p>12. Prosz\u0119 by segregowa\u0107 \u015bmieci, kt\u00f3re s\u0105 wrzucane do boku. Plastik, szk\u0142o wrzucamy do work\u00f3w. Sprz\u0105taj\u0105c groby bliskich nie niszczmy otoczenia grob\u00f3w s\u0105siedzkich.<\/p>\n<p>13. Wszystkim solenizantom i jubilatom, kt\u00f3rzy b\u0119d\u0105 prze\u017cywali swoje \u015bwi\u0119to w najbli\u017cszych dniach, \u017cycz\u0119 Bo\u017cego b\u0142og. i obfito\u015bci Bo\u017cych \u0142ask.<\/p>\n","protected":false},"excerpt":{"rendered":"<p>Powr\u00f3t do listy og\u0142osze\u0144 TRZYNASTA NIEDZIELA W CI\u0104GU ROKU 27 czerwca 2021 OG\u0141OSZENIA DUSZPASTERSKIE 1. Jednym z owoc\u00f3w Eucharystii jest nasze uzdrowienie. Dokonuje si\u0119 w g\u0142\u0119bokiej jedno\u015bci z Bogiem i nie od razu skutki Jego dzia\u0142ania s\u0105 widoczne. Czasami trzeba dystansu, czasu, a przede zaufania Bogu, kt\u00f3re wzmacnia nasz\u0105 wiar\u0119 w \u017cyciu codziennym. Po wyj\u015bciu ze Mszy \u015awi\u0119tej, pob\u0142ogos\u0142awieni przez Boga, umocnieni Jego s\u0142owem i cia\u0142em, jeste\u015bmy prze\u015bwiadczeni, \u017ce On jest zawsze z nami, \u017ce nam b\u0142ogos\u0142awi i uzdrawia nas moc\u0105 swoich sakrament\u00f3w. 2. Ko\u0144czy si\u0119 czerwiec \u2013 miesi\u0105c szczeg\u00f3lnej modlitwy do Naj\u015bwi\u0119tszego Serca Jezusa. Mamy za co Boga uwielbia\u0107 i za co przeprasza\u0107. Zapraszam na ostatnie w tym miesi\u0105cu nabo\u017ce\u0144stwa czerwcowe codziennie po Mszy \u015bw. o godz. 18.00. 3. We wtorek 29 czerwca uroczysto\u015b\u0107 \u015awi\u0119tych Aposto\u0142\u00f3w Piotra i Paw\u0142a. Tego dnia w spos\u00f3b szczeg\u00f3lny pami\u0119tajmy o Piotrze naszych czas\u00f3w, papie\u017cu Franciszku. Jest to te\u017c dzie\u0144 patronalny naszej parafii.&nbsp; Suma \u2026 <a class=\"continue-reading-link\" href=\"https:\/\/www.parafiawierzbno.com.pl\/?page_id=10586\">Czytaj dalej <span class=\"meta-nav\">&rarr; <\/span><\/a><\/p>\n","protected":false},"author":1,"featured_media":0,"parent":225,"menu_order":0,"comment_status":"closed","ping_status":"closed","template":"","meta":{"ngg_post_thumbnail":0},"_links":{"self":[{"href":"https:\/\/www.parafiawierzbno.com.pl\/index.php?rest_route=\/wp\/v2\/pages\/10586"}],"collection":[{"href":"https:\/\/www.parafiawierzbno.com.pl\/index.php?rest_route=\/wp\/v2\/pages"}],"about":[{"href":"https:\/\/www.parafiawierzbno.com.pl\/index.php?rest_route=\/wp\/v2\/types\/page"}],"author":[{"embeddable":true,"href":"https:\/\/www.parafiawierzbno.com.pl\/index.php?rest_route=\/wp\/v2\/users\/1"}],"replies":[{"embeddable":true,"href":"https:\/\/www.parafiawierzbno.com.pl\/index.php?rest_route=%2Fwp%2Fv2%2Fcomments&post=10586"}],"version-history":[{"count":7,"href":"https:\/\/www.parafiawierzbno.com.pl\/index.php?rest_route=\/wp\/v2\/pages\/10586\/revisions"}],"predecessor-version":[{"id":10596,"href":"https:\/\/www.parafiawierzbno.com.pl\/index.php?rest_route=\/wp\/v2\/pages\/10586\/revisions\/10596"}],"up":[{"embeddable":true,"href":"https:\/\/www.parafiawierzbno.com.pl\/index.php?rest_route=\/wp\/v2\/pages\/225"}],"wp:attachment":[{"href":"https:\/\/www.parafiawierzbno.com.pl\/index.php?rest_route=%2Fwp%2Fv2%2Fmedia&parent=10586"}],"curies":[{"name":"wp","href":"https:\/\/api.w.org\/{rel}","templated":true}]}}