{"id":10598,"date":"2021-07-05T09:21:19","date_gmt":"2021-07-05T07:21:19","guid":{"rendered":"https:\/\/www.parafiawierzbno.com.pl\/?page_id=10598"},"modified":"2021-08-01T19:54:17","modified_gmt":"2021-08-01T17:54:17","slug":"ogloszenia-lipiec-2021","status":"publish","type":"page","link":"https:\/\/www.parafiawierzbno.com.pl\/?page_id=10598","title":{"rendered":"Og\u0142oszenia &#8211; Lipiec 2021"},"content":{"rendered":"<p><a title=\"Og\u0142oszenia parafialne\" href=\"https:\/\/www.parafiawierzbno.com.pl\/?page_id=225\">Powr\u00f3t do listy og\u0142osze\u0144<\/a><\/p>\n<h4 style=\"text-align: center;\"><strong>SIEDEMNASTA NIEDZIELA W CI\u0104GU ROKU<br \/>\n25 lipca 2021<br \/>\n<\/strong><strong>OG\u0141OSZENIA DUSZPASTERSKIE<\/strong><\/h4>\n<p>1. Ka\u017cda Msza \u015awi\u0119ta rozpoczyna si\u0119 wezwaniem do modlitwy, kierowanym do nas przez celebransa, by\u015bmy do wsp\u00f3lnej intencji do\u0142\u0105czyli osobiste, z kt\u00f3rymi przyszli\u015bmy. Czy o tym pami\u0119tamy? Czy zabieramy na Eucharysti\u0119 tak\u017ce osobiste sprawy, by przedstawi\u0107 je Panu? Jezus mo\u017ce spe\u0142ni\u0107 nasze pro\u015bby, przemieni\u0107 nasze \u017cycie, dos\u0142ownie dokona\u0107 cudu, o ile z pe\u0142nym zaufaniem potrafimy z\u0142o\u017cy\u0107 w Jego d\u0142onie to, co czasami okre\u015blamy jako \u201eniewiele\u201d. Uczmy si\u0119 od aposto\u0142\u00f3w postawy zawierzenia, z kt\u00f3r\u0105 z\u0142o\u017cyli w d\u0142onie Jezusa pi\u0119\u0107 chleb\u00f3w i dwie ryby. Jezus nakarmi\u0142 t\u0142umy. Dokona\u0142 cudu. Czy w naszym \u017cyciu nie m\u00f3g\u0142by dokona\u0107 takich znak\u00f3w?<\/p>\n<p>2. Wspominamy dzi\u015b \u015bw. Krzysztofa, patrona kierowc\u00f3w i podr\u00f3\u017cuj\u0105cych, or\u0119downika w \u015bmiertelnych niebezpiecze\u0144stwach. Po Mszach \u015awi\u0119tych b\u0142ogos\u0142awie\u0144stwo pojazd\u00f3w przed ko\u015bcio\u0142em. Ofiary sk\u0142adane do puszek przy tej okazji s\u0105 przeznaczone na zakup \u015brodk\u00f3w lokomocji dla misjonarzy.<\/p>\n<p>3. Trwa czas urlop\u00f3w, wakacji dany nam przez Boga, aby\u015bmy zatroszczyli si\u0119 o ubogacenie swojej duchowo\u015bci. Znajd\u017amy czas na budowanie pi\u0119knych relacji z bliskimi. Wakacje to czas \u017cniw, zbior\u00f3w r\u00f3\u017cnych plon\u00f3w. Pami\u0119tajmy o ci\u0119\u017ckiej pracy rolnik\u00f3w, kt\u00f3ra cz\u0119sto nie jest doceniana, a s\u0142u\u017cy nam wszystkim. Szanujmy ich trud.<\/p>\n<p>4. 1 sierpnia b\u0119dziemy obchodzili 77. rocznic\u0119 wybuchu powstania warszawskiego. Pami\u0119tajmy o tych, kt\u00f3rzy oddali \u017cycie za wolno\u015b\u0107 ojczyzny.<\/p>\n<p>5. Przysz\u0142a niedziela to pierwsza niedziela miesi\u0105ca . Po Mszy \u015bw. o godz. 11.00 wystawienie Naj\u015bwi\u0119tszego sakramentu i procesja eucharystyczna.<\/p>\n<p>6. W ubieg\u0142\u0105 sobot\u0119 w ko\u015bciele lub przed ko\u015bcio\u0142em zgubiono z\u0142oty \u0142a\u0144cuszek. Uczciwego znalazc\u0119 prosz\u0119 o kontakt.<\/p>\n<p>7. W minionym tygodniu na remont ko\u015bcio\u0142a zosta\u0142a z\u0142o\u017cona ofiara 200 z\u0142. przez Zofi\u0119 \u017baboklick\u0105 z Sobonia. B\u00f3g zap\u0142a\u0107.<\/p>\n<p>8. W przysz\u0142\u0105 niedziel\u0119 zbi\u00f3rka do puszek dla poszkodowanych w powodziach.<\/p>\n<p>9. 3 sierpnia b\u0119dziemy go\u015bcili pielgrzymk\u0119 bia\u0142ostock\u0105 a 5.08 pielgrzymk\u0119 rowerow\u0105,<\/p>\n<p>10. &nbsp;Dzi\u0119kuj\u0119 za sprz\u0105tanie ko\u015bcio\u0142a rodzinom Staniszewski Andrzej, Kobylska Zofia , Okrzeja Witold z Wierzbna . W przysz\u0142ym tygodniu zapraszam rodziny&nbsp; Komorowski W\u0142odzimierz, Miklaszewski Rafa\u0142, Wr\u00f3blewski Dariusz z Wierzbna.<\/p>\n<p>11. Na stoliku wy\u0142o\u017cony jest nowy numer Echa Katolickiego.<\/p>\n<p>12. Do przyj\u0119cia sakramentu ma\u0142\u017ce\u0144stwa przygotowuj\u0105 si\u0119 Przemys\u0142aw Jachimowicz, kaw. zam. w Wierzbnie par. w tut. i Karolina Maria Krasnod\u0119bska panna zam.&nbsp; par. \u015bw. Leonarda w Liwie. zap. II. oraz Krzysztof i Katarzyna Chabiera zwi\u0105zani cywilnie par. tut. zap. I Pami\u0119tajmy w naszych modlitwach o przygotowuj\u0105cych si\u0119 do przyj\u0119cia sakramentu ma\u0142\u017ce\u0144stwa.<\/p>\n<p>13. Wszystkim solenizantom i jubilatom, kt\u00f3rzy b\u0119d\u0105 prze\u017cywali swoje \u015bwi\u0119to w najbli\u017cszych dniach, \u017cycz\u0119 Bo\u017cego b\u0142og. i obfito\u015bci Bo\u017cych<\/p>\n<h4 style=\"text-align: center;\"><strong>SZESNASTA NIEDZIELA W CI\u0104GU ROKU<\/strong><br \/>\n<strong>18 lipca 2021<\/strong><br \/>\n<strong>OG\u0141OSZENIA DUSZPASTERSKIE<\/strong><\/h4>\n<p>1. Jak mi\u0142o brzmi\u0105 w naszych uszach s\u0142owa Jezusa z dzisiejszej Ewangelii: \u201eP\u00f3jd\u017acie wy sami osobno na pustkowie i wypocznijcie nieco\u201d (Mk 6,31). Aby\u015bmy mogli podejmowa\u0107 wyzwania zwi\u0105zane z powo\u0142aniem, potrzebujemy czasu na odpoczynek, ale tak\u017ce na zaakcentowanie spraw duchowych, dzi\u0119ki kt\u00f3rym otaczaj\u0105cy nas \u015bwiat \u2013 dzie\u0142o Boga \u2013 nabiera wyj\u0105tkowego blasku. Uczy\u0144my wszystko, by nie zagubi\u0107 duchowego wymiaru swojego \u017cycia. B\u00f3g nam b\u0142ogos\u0142awi w czasie wypoczynku, lecz zadbajmy tak\u017ce o odpowiednie miejsce i czas dla Niego w swoim \u017cyciu.<\/p>\n<p>2. Kiedy w czasie w\u0119dr\u00f3wek b\u0119dziemy nawiedzali \u015bwi\u0105tynie, sanktuaria, klasztory, pami\u0119tajmy o godnym stroju, by w ten spos\u00f3b da\u0107 \u015bwiadectwo szacunku dla miejsc \u015bwi\u0119tych. W j\u0119zyku biznesowym u\u017cywa si\u0119 okre\u015blenia dress code dla nazwania pewnego kanonu stroju i wygl\u0105du. Warto pomy\u015ble\u0107, \u017ce taki dress code obowi\u0105zuje tak\u017ce w ko\u015bciele, a jego podstaw\u0105 jest godno\u015b\u0107 miejsca, do kt\u00f3rego wchodzimy.<\/p>\n<p>3. Za tydzie\u0144 b\u0119dziemy wspomina\u0107 \u015bw. Krzysztofa, patrona kierowc\u00f3w i podr\u00f3\u017cuj\u0105cych, or\u0119downika w \u015bmiertelnych niebezpiecze\u0144stwach. Po Mszach \u015awi\u0119tych b\u0142ogos\u0142awie\u0144stwo pojazd\u00f3w przed ko\u015bcio\u0142em. Pami\u0119tajmy jednak, \u017ce b\u0142ogos\u0142awie\u0144stwo nie zwalnia nas z obowi\u0105zku zachowania rozs\u0105dku i wyobra\u017ani na drodze. Ofiary sk\u0142adane przy tej okazji s\u0105 przeznaczone na zakup pojazd\u00f3w dla misjonarzy.<\/p>\n<p>4. Serdecznie dzi\u0119kuj\u0119 p.&nbsp; Lidii Gromulskiej z Dobrego za tron pod monstrancj\u0119 i zestaw do udzielania namaszczenia chorych.<\/p>\n<p>5. Wieniec do\u017cynkowy w tym roku przygotowuj\u0105 mieszka\u0144cy Helenowa i&nbsp; Las Jaworski<\/p>\n<p>6. Przysz\u0142a niedziela ostatnia miesi\u0105ca &#8211; taca ekonomiczna<\/p>\n<p>7. &nbsp;Dzi\u0119kuj\u0119 za sprz\u0105tanie ko\u015bcio\u0142a rodzinom &nbsp;Florowski Arkadiusz, Florowski Adam, Ko\u015bciesza Jan, Stankiewicz Miros\u0142aw, Jachimowicz Tomasz z Wierzbna. W przysz\u0142ym tygodniu zapraszam rodziny&nbsp;Staniszewski Andrzej, Rojek Grzegorz, Kobylska Zofia z Wierzbna.<\/p>\n<p>8. Na stoliku wy\u0142o\u017cony jest nowy numer Echa Katolickiego.<\/p>\n<p>9. Do przyj\u0119cia sakramentu ma\u0142\u017ce\u0144stwa przygotowuj\u0105 si\u0119 Przemys\u0142aw Jachimowicz, kaw. zam. w Wierzbnie par. w tut. i Karolina Maria Krasnod\u0119bska panna zam.&nbsp; par. \u015bw. Leonarda w Liwie. zap. I. Pami\u0119tajmy w naszych modlitwach o przygotowuj\u0105cych si\u0119 do przyj\u0119cia sakramentu ma\u0142\u017ce\u0144stwa.<\/p>\n<p>10. Wszystkim solenizantom i jubilatom, kt\u00f3rzy b\u0119d\u0105 prze\u017cywali swoje \u015bwi\u0119to w najbli\u017cszych dniach, \u017cycz\u0119 Bo\u017cego b\u0142og. i obfito\u015bci Bo\u017cych<\/p>\n<h4 style=\"text-align: center;\"><strong>PI\u0118TNASTA NIEDZIELA W CI\u0104GU ROKU<br \/>\n11 lipca 2021<br \/>\n<\/strong><strong>OG\u0141OSZENIA DUSZPASTERSKIE<\/strong><\/h4>\n<p>1. W okresie wakacyjnym, urlop\u00f3w, odpoczynku gromadzimy si\u0119 na Eucharystii, by ze \u017ar\u00f3d\u0142a, jakim jest B\u00f3g, zaczerpn\u0105\u0107 si\u0142y i przyj\u0105\u0107 wszelkie dary i \u0142aski dla nas przygotowane. Niezale\u017cnie od r\u00f3\u017cnych sytuacji, kt\u00f3re pojawiaj\u0105 si\u0119 na drodze naszej wiary, odkrywamy, \u017ce B\u00f3g nigdy nie zmienia swojego wyboru i zawsze przerzuca mosty mi\u0119dzy sob\u0105 a naszym \u017cyciem, posy\u0142a do nas prorok\u00f3w, aby\u015bmy przez odnawianie przymierza zawsze byli Jego wybranym narodem.<\/p>\n<p>2. W naszej historii s\u0105 r\u00f3\u017cne, cz\u0119sto bardzo bolesne, karty. Dzi\u015b prze\u017cywamy Narodowy Dzie\u0144 Pami\u0119ci Ofiar Ludob\u00f3jstwa dokonanego przez ukrai\u0144skich nacjonalist\u00f3w na obywatelach II Rzeczypospolitej Polskiej \u2013 \u015bwi\u0119to pa\u0144stwowe po\u015bwi\u0119cone pami\u0119ci ofiar rzezi wo\u0142y\u0144skiej i innych mord\u00f3w na obywatelach II Rzeczypospolitej dokonywanych przez nacjonalist\u00f3w ukrai\u0144skich w czasie II wojny \u015bwiatowej. M\u00f3dlmy si\u0119 za tych, kt\u00f3rzy ponie\u015bli \u015bmier\u0107, oraz o to, \u017ceby ju\u017c nigdy nie dosz\u0142o do podobnej zbrodni.<\/p>\n<p>3. W czasie letnich w\u0119dr\u00f3wek po ojczy\u017anie cz\u0119sto dostrzegamy tych, dla kt\u00f3rych jest to okres wyt\u0119\u017conej pracy na przyk\u0142ad na roli, na r\u00f3\u017cnych budowach. M\u00f3dlmy si\u0119, \u017ceby w tym czasie B\u00f3g szczeg\u00f3lnie b\u0142ogos\u0142awi\u0142 im w pracy.<\/p>\n<p>4. Dzisiaj po Mszy \u015bwi\u0119tej o godz. 9.00 zmiana tajemnic r\u00f3\u017ca\u0144ca dla rodzic\u00f3w modl\u0105cych si\u0119 za dzieci. Natomiast &nbsp;o10.30 r\u00f3\u017caniec z wypominkami za zmar\u0142ych z Jaworka, W\u00f3lki i \u015awidna<\/p>\n<p>5. &nbsp;GOPS w Wierzbnie dn 14 lipca ( \u015broda) zaprasza zainteresowanych w celu uzyskania pomocy w z\u0142o\u017ceniu wniosku 300+<\/p>\n<p>6. &nbsp;Dzi\u0119kuj\u0119 za sprz\u0105tanie ko\u015bcio\u0142a rodzinie Kudelski Eugeniusz, Chabiera Wincenty,&nbsp; Jachimowicz Jerzy, z Wierzbna. W przysz\u0142ym tygodniu zapraszam rodzinyFlorowski Arkadiusz, Florowski Adam, Ko\u015bciesza Jan, Stankiewicz Miros\u0142aw, Jachimowicz Tomasz z Wierzbna<\/p>\n<p>&nbsp;7. Na stoliku wy\u0142o\u017cony jest nowy numer Echa Katolickiego.<\/p>\n<p>8. Do przyj\u0119cia sakramentu ma\u0142\u017ce\u0144stwa przygotowuj\u0105 si\u0119 Daniel Turek, kaw. zam. w Jan\u00f3wku par. w \u017barn\u00f3wce i Ewelina Jaworowska panna zam. w Wierzbnie par. tut. zap. III. Pami\u0119tajmy w naszych modlitwach o przygotowuj\u0105cych si\u0119 do przyj\u0119cia sakramentu ma\u0142\u017ce\u0144stwa.<\/p>\n<p>9. Wszystkim solenizantom i jubilatom, kt\u00f3rzy b\u0119d\u0105 prze\u017cywali swoje \u015bwi\u0119to w najbli\u017cszych dniach, \u017cycz\u0119 Bo\u017cego b\u0142og. i obfito\u015bci Bo\u017cych<\/p>\n<p><a href=\"https:\/\/www.parafiawierzbno.com.pl\/wp-content\/uploads\/2021\/07\/300-1.jpg\"><img loading=\"lazy\" class=\"aligncenter size-large wp-image-10606\" src=\"https:\/\/www.parafiawierzbno.com.pl\/wp-content\/uploads\/2021\/07\/300-1-754x1024.jpg\" alt=\"\" width=\"754\" height=\"1024\" srcset=\"https:\/\/www.parafiawierzbno.com.pl\/wp-content\/uploads\/2021\/07\/300-1-754x1024.jpg 754w, https:\/\/www.parafiawierzbno.com.pl\/wp-content\/uploads\/2021\/07\/300-1-221x300.jpg 221w, https:\/\/www.parafiawierzbno.com.pl\/wp-content\/uploads\/2021\/07\/300-1-768x1043.jpg 768w, https:\/\/www.parafiawierzbno.com.pl\/wp-content\/uploads\/2021\/07\/300-1-1131x1536.jpg 1131w, https:\/\/www.parafiawierzbno.com.pl\/wp-content\/uploads\/2021\/07\/300-1-1508x2048.jpg 1508w, https:\/\/www.parafiawierzbno.com.pl\/wp-content\/uploads\/2021\/07\/300-1-110x150.jpg 110w, https:\/\/www.parafiawierzbno.com.pl\/wp-content\/uploads\/2021\/07\/300-1.jpg 1862w\" sizes=\"(max-width: 754px) 100vw, 754px\" \/><\/a><\/p>\n<h4 style=\"text-align: center;\"><strong>CZTERNASTA NIEDZIELA W CI\u0104GU ROKU<br \/>\n4 lipca 2021<br \/>\n<\/strong><strong>OG\u0141OSZENIA DUSZPASTERSKIE<\/strong><\/h4>\n<p>1. Czas wakacji, urlop\u00f3w, odpoczynku jest okazj\u0105 do pog\u0142\u0119biania relacji z Bogiem przez modlitw\u0119, lektur\u0119 Pisma \u015awi\u0119tego, celebrowanie niedzieli i spotkania na Eucharystii, na kt\u00f3re wcze\u015bniej, z powodu zabiegania, musieli\u015bmy znale\u017a\u0107 czas. Teraz mo\u017cemy go zaplanowa\u0107, by spotka\u0107 Jezusa, kt\u00f3ry jest naszym bratem podobnym do nas we wszystkim pr\u00f3cz grzechu. Zadbajmy, zw\u0142aszcza w tym czasie, by spotkanie z Jezusem by\u0142o zawsze spotkaniem godnym Jego mi\u0142o\u015bci.<\/p>\n<p>2. Dzi\u015b pierwsza niedziela lipca. Po Mszy \u015bwi\u0119tej o godz.11.00 &nbsp;nabo\u017ce\u0144stwo eucharystyczne z procesj\u0105.<\/p>\n<p>3. W przysz\u0142\u0105 niedziel\u0119 po Mszy \u015bwi\u0119tej o godz. 9.00 zmiana tajemnic r\u00f3\u017ca\u0144ca dla rodzic\u00f3w modl\u0105cych si\u0119 za dzieci. Natomiast &nbsp;o10.30 r\u00f3\u017caniec z wypominkami za zmar\u0142ych z Jaworka, W\u00f3lki i \u015awidna.<\/p>\n<p>4. Serdecznie dzi\u0119kuj\u0119 dwom rodzinom z Wierzbna i jednej spoza parafii za dary na st\u00f3\u0142 odpustowy i przygotowanie obiadu dla przyby\u0142ych kap\u0142an\u00f3w.<\/p>\n<p>5. Sprawy gospodarcze : remont ko\u015bcio\u0142a i dzwonnicy podsumowanie dotychczasowych prac.<\/p>\n<p>&nbsp;6. &nbsp;Dzi\u0119kuj\u0119 za sprz\u0105tanie ko\u015bcio\u0142a rodzinie Chabiera Bo\u017cena, Chabiera Krzysztof z Wierzbna. W przysz\u0142ym tygodniu zapraszam rodziny Kudelski Eugeniusz, Chabiera Wincenty,&nbsp; Jachimowicz Jerzy, z Wierzbna.<\/p>\n<p>&nbsp;7. Na stoliku wy\u0142o\u017cony jest nowy numer Echa Katolickiego.<\/p>\n<p>8. Do przyj\u0119cia sakramentu ma\u0142\u017ce\u0144stwa przygotowuj\u0105 si\u0119 Daniel Turek, kaw. zam. w Jan\u00f3wku par. w \u017barn\u00f3wce i Ewelina Jaworowska panna zam. w Wierzbnie par. tut. zap. II. Pami\u0119tajmy w naszych modlitwach o przygotowuj\u0105cych si\u0119 do przyj\u0119cia sakramentu ma\u0142\u017ce\u0144stwa.<\/p>\n<p>9. Wszystkim solenizantom i jubilatom, kt\u00f3rzy b\u0119d\u0105 prze\u017cywali swoje \u015bwi\u0119to w najbli\u017cszych dniach, \u017cycz\u0119 Bo\u017cego b\u0142og. i obfito\u015bci Bo\u017cych<\/p>\n","protected":false},"excerpt":{"rendered":"<p>Powr\u00f3t do listy og\u0142osze\u0144 SIEDEMNASTA NIEDZIELA W CI\u0104GU ROKU 25 lipca 2021 OG\u0141OSZENIA DUSZPASTERSKIE 1. Ka\u017cda Msza \u015awi\u0119ta rozpoczyna si\u0119 wezwaniem do modlitwy, kierowanym do nas przez celebransa, by\u015bmy do wsp\u00f3lnej intencji do\u0142\u0105czyli osobiste, z kt\u00f3rymi przyszli\u015bmy. Czy o tym pami\u0119tamy? Czy zabieramy na Eucharysti\u0119 tak\u017ce osobiste sprawy, by przedstawi\u0107 je Panu? Jezus mo\u017ce spe\u0142ni\u0107 nasze pro\u015bby, przemieni\u0107 nasze \u017cycie, dos\u0142ownie dokona\u0107 cudu, o ile z pe\u0142nym zaufaniem potrafimy z\u0142o\u017cy\u0107 w Jego d\u0142onie to, co czasami okre\u015blamy jako \u201eniewiele\u201d. Uczmy si\u0119 od aposto\u0142\u00f3w postawy zawierzenia, z kt\u00f3r\u0105 z\u0142o\u017cyli w d\u0142onie Jezusa pi\u0119\u0107 chleb\u00f3w i dwie ryby. Jezus nakarmi\u0142 t\u0142umy. Dokona\u0142 cudu. Czy w naszym \u017cyciu nie m\u00f3g\u0142by dokona\u0107 takich znak\u00f3w? 2. Wspominamy dzi\u015b \u015bw. Krzysztofa, patrona kierowc\u00f3w i podr\u00f3\u017cuj\u0105cych, or\u0119downika w \u015bmiertelnych niebezpiecze\u0144stwach. Po Mszach \u015awi\u0119tych b\u0142ogos\u0142awie\u0144stwo pojazd\u00f3w przed ko\u015bcio\u0142em. Ofiary sk\u0142adane do puszek przy tej okazji s\u0105 przeznaczone na zakup \u015brodk\u00f3w lokomocji dla misjonarzy. 3. Trwa czas urlop\u00f3w, wakacji \u2026 <a class=\"continue-reading-link\" href=\"https:\/\/www.parafiawierzbno.com.pl\/?page_id=10598\">Czytaj dalej <span class=\"meta-nav\">&rarr; <\/span><\/a><\/p>\n","protected":false},"author":1,"featured_media":0,"parent":225,"menu_order":0,"comment_status":"closed","ping_status":"closed","template":"","meta":{"ngg_post_thumbnail":0},"_links":{"self":[{"href":"https:\/\/www.parafiawierzbno.com.pl\/index.php?rest_route=\/wp\/v2\/pages\/10598"}],"collection":[{"href":"https:\/\/www.parafiawierzbno.com.pl\/index.php?rest_route=\/wp\/v2\/pages"}],"about":[{"href":"https:\/\/www.parafiawierzbno.com.pl\/index.php?rest_route=\/wp\/v2\/types\/page"}],"author":[{"embeddable":true,"href":"https:\/\/www.parafiawierzbno.com.pl\/index.php?rest_route=\/wp\/v2\/users\/1"}],"replies":[{"embeddable":true,"href":"https:\/\/www.parafiawierzbno.com.pl\/index.php?rest_route=%2Fwp%2Fv2%2Fcomments&post=10598"}],"version-history":[{"count":9,"href":"https:\/\/www.parafiawierzbno.com.pl\/index.php?rest_route=\/wp\/v2\/pages\/10598\/revisions"}],"predecessor-version":[{"id":10617,"href":"https:\/\/www.parafiawierzbno.com.pl\/index.php?rest_route=\/wp\/v2\/pages\/10598\/revisions\/10617"}],"up":[{"embeddable":true,"href":"https:\/\/www.parafiawierzbno.com.pl\/index.php?rest_route=\/wp\/v2\/pages\/225"}],"wp:attachment":[{"href":"https:\/\/www.parafiawierzbno.com.pl\/index.php?rest_route=%2Fwp%2Fv2%2Fmedia&parent=10598"}],"curies":[{"name":"wp","href":"https:\/\/api.w.org\/{rel}","templated":true}]}}