{"id":10646,"date":"2021-11-07T20:29:28","date_gmt":"2021-11-07T19:29:28","guid":{"rendered":"https:\/\/www.parafiawierzbno.com.pl\/?page_id=10646"},"modified":"2021-11-28T10:48:28","modified_gmt":"2021-11-28T09:48:28","slug":"ogloszenia-listopad-2021","status":"publish","type":"page","link":"https:\/\/www.parafiawierzbno.com.pl\/?page_id=10646","title":{"rendered":"Og\u0142oszenia &#8211; Listopad 2021"},"content":{"rendered":"<p><a title=\"Og\u0142oszenia parafialne\" href=\"https:\/\/www.parafiawierzbno.com.pl\/?page_id=225\">Powr\u00f3t do listy og\u0142osze\u0144<\/a><\/p>\n<h4 style=\"text-align: center;\"><strong>PIERWSZA NIEDZIELA ADWENTU<br \/>\n28 listopada 2021<br \/>\n<\/strong><strong>OG\u0141OSZENIA DUSZPASTERSKIE<\/strong><\/h4>\n<p>1. Dzisiejsz\u0105 niedziel\u0105 rozpoczynamy Adwent, czas radosnego oczekiwania i przygotowania na przyj\u015bcie Chrystusa. W pierwszej cz\u0119\u015bci (do 16 grudnia) b\u0119dziemy pochyla\u0107 si\u0119 nad tajemnic\u0105 powt\u00f3rnego przyj\u015bcia Pana na ko\u0144cu czas\u00f3w. Druga cz\u0119\u015b\u0107 (od 17 do 24 grudnia) b\u0119dzie stanowi\u0107 bezpo\u015brednie przygotowanie do celebrowania pami\u0105tki pierwszego przyj\u015bcia Chrystusa na ziemi\u0119 \u2013 na uroczysto\u015b\u0107 Narodzenia Pa\u0144skiego. Wykorzystajmy dobrze ten czas na s\u0142uchanie s\u0142owa Bo\u017cego oraz wchodzenie w tajemnic\u0119 blisko\u015bci Boga, kt\u00f3ry przychodzi jako Emmanuel \u2013 B\u00f3g z nami.<\/p>\n<p>2. Adwent rozpoczyna nowy rok liturgiczny i duszpasterski. Trwamy w realizacji programu duszpasterskiego po\u015bwi\u0119conego tajemnicy Eucharystii, zatytu\u0142owanego \u201eEucharystia daje \u017cycie\u201d. W trzecim ju\u017c roku pracy duszpasterskiej b\u0119dziemy pochyla\u0107 si\u0119 nad tematem \u201ePos\u0142ani w pokoju Chrystusa\u201d. Mottem biblijnym b\u0119d\u0105 s\u0142owa zaczerpni\u0119te z Ewangelii \u015bw.&nbsp;Jana: \u201e\u2026ten kto Mnie spo\u017cywa, b\u0119dzie \u017cy\u0142 przeze Mnie\u201d .<\/p>\n<p>3. W czasie adwentowego oczekiwania zapraszam serdecznie wszystkich na Msze \u015awi\u0119te roratne; szczeg\u00f3lne zaproszenie kieruj\u0119 do dzieci i m\u0142odzie\u017cy. W naszym ko\u015bciele b\u0119d\u0105 one celebrowane we \u015brod\u0119 i sobot\u0119 o godz. 6.45 Godzinki a nast\u0119pnie Msza \u015bwi\u0119ta. Przynie\u015bmy ze sob\u0105 lampiony, aby ze \u015bwiat\u0142em w&nbsp;d\u0142oniach oczekiwa\u0107 przyj\u015bcia Pana.<\/p>\n<p>2. W naszej wsp\u00f3lnocie rekolekcje b\u0119d\u0105 w dniach 17, 18 i 19 grudnia. Zaplanujmy tak nasze zaj\u0119cia, aby wzi\u0105\u0107 udzia\u0142 w spotkaniach rekolekcyjnych. Zach\u0119cam do podejmowania postanowie\u0144 adwentowych, niech one b\u0119d\u0105 pomoc\u0105 w zbli\u017caniu si\u0119 do Pana. Mo\u017cemy tak\u017ce wesprze\u0107 potrzebuj\u0105cych poprzez zakup \u015bwiec Wigilijnego Dzie\u0142a Pomocy Dzieciom. Ta \u015bwieca ju\u017c na sta\u0142e wpisuje si\u0119 w tradycje prze\u017cywania \u015bwi\u0105t Narodzenia Pa\u0144skiego. \u015awiece po 10, 15, 20 i 30 z\u0142.<\/p>\n<p>3. Dzisiaj taca ekonomiczna. W pa\u017adzierniku wynosi\u0142a 1778 z\u0142. B\u00f3g zap\u0142ac.<\/p>\n<p>4. Jeszcze przez trzy dni listopada mo\u017cemy zyska\u0107 odpust pod zwyk\u0142ymi warunkami nawiedzaj\u0105c cmentarz. R\u00f3\u017caniec za wszystkich zmar\u0142ych polecanych w tegorocznych wypominkach w poniedzia\u0142ek o godz. 16.30 i we wtorek po Mszy \u015bwi\u0119tej.<\/p>\n<p>5. W tym tygodniu przypada tak\u017ce pierwszy czwartek, pi\u0105tek i sobota miesi\u0105ca: w pi\u0105tek o godz. 16.00 wystawienie Naj\u015bwi\u0119tszego Sakramentu i adoracja do godz. 17.00.<\/p>\n<p>6. Najbli\u017csza niedziela, 5 grudnia, b\u0119dzie 2. niedziel\u0105 Adwentu. To tak\u017ce Dzie\u0144 modlitwy i&nbsp;pomocy materialnej Ko\u015bcio\u0142owi na Wschodzie. Wystawienie Naj\u015bwi\u0119tszego Sakramentu i adoracja po Mszy \u015awi\u0119tej o godz. 11.00. Puszka na Ko\u015bci\u00f3\u0142 na wschodzie.<\/p>\n<p>7. Plan roznoszenia op\u0142atka w tym tygodniu: Wtorek od 13.00 W\u00f3lka i \u015awidno Sobota od 10:00 Jaworek<\/p>\n<p>8. Do przysz\u0142ej niedzieli s\u0105 do odebrania katechizmy dla kandydat\u00f3w do bierzmowania.<\/p>\n<p>9.&nbsp;Dzi\u0119kuj\u0119 za sprz\u0105tanie ko\u015bcio\u0142a rodzinom Stanis\u0142aw Mr\u00f3z, Wies\u0142aw Chro\u015bcicki, Hanna Kucharska, Ryszard Mr\u00f3z z Jaworka. W przysz\u0142ym tygodniu zapraszam rodziny Janusz Doma\u0144ski, Maciej Grabarczyk, Bogdan W\u0105sowski z Jaworka<\/p>\n<p>10. Na stoliku wy\u0142o\u017cony jest nowy numer Echa Katolickiego .<\/p>\n<p>11. Wszystkim solenizantom i jubilatom, kt\u00f3rzy b\u0119d\u0105 prze\u017cywali swoje \u015bwi\u0119to w najbli\u017cszych dniach, \u017cycz\u0119 Bo\u017cego b\u0142og. i obfito\u015bci Bo\u017cych \u0142ask.<\/p>\n<p>12. W minionym tygodniu do wieczno\u015bci odesz\u0142a + Janina Lisiecka l. 80 z Wierzbna. Wieczny odpoczynek racz jej da\u0107 Panie\u2026<\/p>\n<h4 style=\"text-align: center;\"><strong>JEZUSA CHRYSTUSA, KR\u00d3LA WSZECH\u015aWIATA<br \/>\n21 listopada 2021<br \/>\n<\/strong><strong>OG\u0141OSZENIA DUSZPASTERSKIE<\/strong><\/h4>\n<p>1. Mamy Kr\u00f3la! Jest nim Jezus Chrystus \u2013 Zbawiciel, Kr\u00f3l wszech\u015bwiata. Nale\u017cymy do kr\u00f3lewskiego rodu i z Chrystusem mamy udzia\u0142 w kr\u00f3lewskim kap\u0142a\u0144stwie. Znakiem Jego kr\u00f3lowania nie jest jednak korona, lecz krzy\u017c zbawienia, kt\u00f3ry wisi na \u015bcianach naszych dom\u00f3w, jest wpisany w nasze serca i kt\u00f3rym znaczymy siebie, gdy stajemy do modlitwy. A poniewa\u017c szlachectwo zobowi\u0105zuje, niech \u015bwiadomo\u015b\u0107 przynale\u017cno\u015bci do kr\u00f3lewskiego rodu zobowi\u0105zuje nas do godnego \u017cycia.<\/p>\n<p>2. Kolejny rok liturgiczny ko\u0144czymy uroczysto\u015bci\u0105 Jezusa Chrystusa Kr\u00f3la Wszech\u015bwiata. Za publiczne odm\u00f3wienie aktu po\u015bwi\u0119cenia rodzaju ludzkiego Chrystusowi Kr\u00f3lowi mo\u017cemy dzi\u015b uzyska\u0107 odpust zupe\u0142ny. Trzeba tak\u017ce spe\u0142ni\u0107 zwyk\u0142e warunkami otrzymania odpustu. Akt po\u015bwi\u0119cenia odm\u00f3wimy przed b\u0142ogos\u0142awie\u0144stwem na ka\u017cdej Mszy \u015awi\u0119tej. Po Mszy \u015awi\u0119tej o godz.11.00&nbsp; wystawienie Naj\u015bwi\u0119tszego Sakramentu, Litania do Naj\u015bwi\u0119tszego Serca Pana Jezusa i akt oddania naszej parafii Chrystusowi Kr\u00f3lowi.<\/p>\n<p>3. Dzisiaj po Mszach \u015bwi\u0119tych zbi\u00f3rka do puszek na pomoc imigrantom<\/p>\n<p>4.Dzisiaj tak\u017ce podczas ka\u017cdej Mszy \u015awi\u0119tej po\u015bwi\u0119cenie op\u0142atk\u00f3w wigilijnych. Plan roznoszenia op\u0142atka w tym tygodniu: \u015aroda od 14:30 Helen\u00f3w, Pi\u0105tek od 14:00 Las Jaworski, Sobota od 10:00 Jan\u00f3wek, a od 13:00 Wygl\u0119d\u00f3wek.<\/p>\n<p>5. W naszym ko\u015bciele przez ca\u0142y listopad codziennie podczas modlitwy r\u00f3\u017ca\u0144cowej o godz. 17.30 polecamy naszych bliskich zmar\u0142ych. W tym tygodniu \u2013 w poniedzia\u0142ek \u2013 spoza parafii i za wszystkich zmar\u0142ych polecanych w wypominkach, we wtorek za zmar\u0142ych ze \u015awidna i Wygl\u0119d\u00f3wka, w \u015brod\u0119 z Jan\u00f3wka, w czwartek z Jaworka, w pi\u0105tek z Helenowa i Lasu Jaworskiego, w sobot\u0119 W\u00f3lki, Sobonia, w niedziel\u0119 o 10.30 z Wierzbna.<\/p>\n<p>6. W przysz\u0142\u0105 niedziel\u0119 rozpoczynamy Adwent, czas radosnego oczekiwania na przyj\u015bcie Pana. Jest to te\u017c ostatnia niedziela miesi\u0105ca \u2013 taca ekonomiczna.<\/p>\n<p>7. Papie\u017c Franciszek zwo\u0142uje Ko\u015bci\u00f3\u0142 Bo\u017cy na Synod. Zasadnicze pytanie, kt\u00f3re kierowane jest do konsultacji brzmi: Jak \u201epod\u0105\u017canie razem\u201d Ko\u015bcio\u0142a realizuje si\u0119 dzisiaj w&nbsp;naszych wsp\u00f3lnotach lokalnych? Dla papie\u017ca ka\u017cdy g\u0142os jest wa\u017cny. Zapraszamy zatem wszystkich cz\u0142onk\u00f3w Rady Parafialnej, osoby nale\u017c\u0105ce do grup religijnych i&nbsp;modlitewnych Ko\u0142a \u017bywego R\u00f3\u017ca\u0144ca oraz wszystkich ch\u0119tnych, kt\u00f3rzy chcieliby ws\u0142uchuj\u0105c si\u0119 w g\u0142os Ducha \u015awi\u0119tego wnie\u015b\u0107 sw\u00f3j wk\u0142ad w prace Synodu Biskup\u00f3w, na spotkanie, kt\u00f3re odb\u0119dzie si\u0119 w&nbsp; sobot\u0119 o godz. 12.00. w naszej \u015bwi\u0105tyni parafialnej.<\/p>\n<p>8.&nbsp; &nbsp;Dzi\u0119kuj\u0119 za sprz\u0105tanie ko\u015bcio\u0142a rodzinom Ireneusz Zagrodzki, Tadeusz Szatkowski, Marcin Szatkowski, W\u0142odzimierz Durka z Jaworka. W przysz\u0142ym tygodniu zapraszam rodziny Stanis\u0142aw Mr\u00f3z, Wies\u0142aw Chro\u015bcicki, Hanna Kucharska, Ryszard Mr\u00f3z z Jaworka<\/p>\n<p>9. Na stoliku wy\u0142o\u017cony jest nowy numer Echa Katolickiego .<\/p>\n<p>10. Wszystkim solenizantom i jubilatom, kt\u00f3rzy b\u0119d\u0105 prze\u017cywali swoje \u015bwi\u0119to w najbli\u017cszych dniach, \u017cycz\u0119 Bo\u017cego b\u0142og. i obfito\u015bci Bo\u017cych \u0142ask.<\/p>\n<h4 style=\"text-align: center;\">TRZYDZIESTA TRZECIA NIEDZIELA W CI\u0104GU ROKU<br \/>\n14 listopada 2021<br \/>\nOG\u0141OSZENIA DUSZPASTERSKIE<\/h4>\n<p>1. \u017byjemy w czasach ostatecznych, bo nasze \u017cycie na tym \u015bwiecie jest tylko etapem pielgrzymki ku niebieskiej ojczy\u017anie, gdzie miejsca przygotowa\u0142 nam B\u00f3g. Wobec wydarze\u0144, kt\u00f3re czasem maj\u0105 cechy apokaliptyczne, w sercu cz\u0142owieka pojawia si\u0119 strach i niepok\u00f3j. Nie mo\u017cemy jednak zapomnie\u0107, \u017ce Chrystus nas odkupi\u0142, \u017ce jeste\u015bmy wezwani, by przyj\u0105\u0107 Jego perspektyw\u0119. \u015awiat si\u0119 zmienia, lecz s\u0142owo Boga trwa na wieki. Ka\u017cdy nasz udzia\u0142 w Eucharystii jest wyrazem naszej czujno\u015bci, ufno\u015bci i gotowo\u015bci na spotkanie z Panem.<\/p>\n<p>2. Obchodzimy dzi\u015b Dzie\u0144 Solidarno\u015bci z Ko\u015bcio\u0142em Prze\u015bladowanym. Obchodzimy tak\u017ce \u015awiatowy Dzie\u0144 Ubogich, ustanowiony przez papie\u017ca Franciszka w 2016 r. na zako\u0144czenie Jubileuszowego Roku Mi\u0142osierdzia. Niech nasze serca i oczy b\u0119d\u0105 wra\u017cliwe na tyle, by dostrzega\u0107 potrzebuj\u0105cych i ubogich, kt\u00f3rzy czasem \u017cyj\u0105 blisko nas. Zach\u0119camy, by w\u0142\u0105cza\u0107 si\u0119 w r\u00f3\u017cne akcje charytatywne organizacji spo\u0142ecznych i ko\u015bcielnych. Po Mszy \u015bwi\u0119tej zbi\u00f3rka do puszek na Ko\u015bci\u00f3\u0142 Prze\u015bladowany.<\/p>\n<p>3. W sobot\u0119 o godz. 18.00 spotkanie z kandydatami przygotowuj\u0105cymi si\u0119 do przyj\u0119cia sakramentu bierzmowania. Na spotkanie prosz\u0119 przynie\u015b\u0107 indeks.<\/p>\n<p>4. W przysz\u0142\u0105 niedziel\u0119 zako\u0144czymy rok liturgiczny uroczysto\u015bci\u0105 Jezusa Chrystusa Kr\u00f3la Wszech\u015bwiata.<\/p>\n<p>5. Apel przewodnicz\u0105cego Episkopatu Polski\u2026.<\/p>\n<p>6. Przez ca\u0142y listopad&nbsp; duszom w czy\u015b\u0107cu mo\u017cemy ofiarowa\u0107 wielki dar \u2013 odpust zupe\u0142ny za pobo\u017cne nawiedzenie cmentarza i zm\u00f3wienie modlitwy w ich intencji oraz spe\u0142nienie pozosta\u0142ych zwyk\u0142ych warunk\u00f3w odpustu, tzn.: stan \u0142aski u\u015bwi\u0119caj\u0105cej, brak przywi\u0105zania do jakiegokolwiek grzechu, przyj\u0119cie Komunii \u015bw., odm\u00f3wienie modlitwy w intencjach wyznaczonych przez Ojca \u015awi\u0119tego.<\/p>\n<p>7. Listopad tradycyjnie jest czasem modlitewnej pami\u0119ci o zmar\u0142ych. Polecajmy ich Bo\u017cemu mi\u0142osierdziu. W naszym ko\u015bciele przez ca\u0142y listopad codziennie podczas modlitwy r\u00f3\u017ca\u0144cowej o godz. 17.30 polecamy naszych bliskich zmar\u0142ych. W tym tygodniu \u2013 w poniedzia\u0142ek \u2013 spoza parafii i za wszystkich zmar\u0142ych polecanych w wypominkach, we wtorek za zmar\u0142ych ze \u015awidna i Wygl\u0119d\u00f3wka, w \u015brod\u0119 z Jan\u00f3wka, w czwartek z Jaworka, w pi\u0105tek z Helenowa i Lasu Jaworskiego, w sobot\u0119 W\u00f3lki, Sobonia, w niedziel\u0119 o 10.30 z Wierzbna.<\/p>\n<p>8.&nbsp; &nbsp;Dzi\u0119kuj\u0119 za sprz\u0105tanie ko\u015bcio\u0142a rodzinom Miros\u0142aw Ku\u015bmierczyk, Sylwester \u0141okietek, Zdzis\u0142aw Zagrodzki, Waldemar Mr\u00f3z z Jaworka. W przysz\u0142ym tygodniu zapraszam rodziny Ireneusz Zagrodzki, Tadeusz Szatkowski, Marcin Szatkowski, W\u0142odzimierz Durka z Jaworka<\/p>\n<p>9. Na stoliku wy\u0142o\u017cony jest nowy numer Echa Katolickiego .<\/p>\n<p>10. Wszystkim solenizantom i jubilatom, kt\u00f3rzy b\u0119d\u0105 prze\u017cywali swoje \u015bwi\u0119to w najbli\u017cszych dniach, \u017cycz\u0119 Bo\u017cego b\u0142og. i obfito\u015bci Bo\u017cych \u0142ask.<\/p>\n<p>11. W minionym tygodniu z naszej wsp\u00f3lnoty parafialnej do wieczno\u015bci odszed\u0142: + Oskar Witowski l. 26 z Wierzbna. Pogrzeb w sobot\u0119 o godz. 13.00. Wieczny odpoczynek racz mu da\u0107 Panie\u2026&#8230;<\/p>\n<h4 style=\"text-align: center;\"><strong>TRZYDZIESTA DRUGA NIEDZIELA W CI\u0104GU ROKU<br \/>\n7 listopada 2021<br \/>\n<\/strong><strong>OG\u0141OSZENIA DUSZPASTERSKIE<\/strong><\/h4>\n<p>1. B\u00f3g prowadzi nas drogami prawdy i mi\u0142o\u015bci. Da\u0142 nam przykazania, a wi\u0119c jasne zasady, konkretne wymagania. W \u015bwiecie ska\u017conym ob\u0142ud\u0105 i zak\u0142amaniem ci, kt\u00f3rzy to demaskuj\u0105, s\u0105 nara\u017ceni na r\u00f3\u017cne ataki, trudno\u015bci. Jednak wpatrujemy si\u0119 w Pana Jezusa, kt\u00f3ry nie ba\u0142 si\u0119 demaskowa\u0107 faryzejskich, nieprawdziwych i nieuczciwych postaw, dlatego miejmy odwag\u0119 zawsze stawa\u0107 po stronie prawdy i uczciwo\u015bci. B\u00f3g wspiera tych, kt\u00f3rzy s\u0105 Mu wierni.<\/p>\n<p>2. Przez ca\u0142y listopad&nbsp; duszom w czy\u015b\u0107cu mo\u017cemy ofiarowa\u0107 wielki dar \u2013 odpust zupe\u0142ny za pobo\u017cne nawiedzenie cmentarza i zm\u00f3wienie modlitwy w ich intencji oraz spe\u0142nienie pozosta\u0142ych zwyk\u0142ych warunk\u00f3w odpustu, tzn.: stan \u0142aski u\u015bwi\u0119caj\u0105cej, brak przywi\u0105zania do jakiegokolwiek grzechu, przyj\u0119cie Komunii \u015bw., odm\u00f3wienie modlitwy w intencjach wyznaczonych przez Ojca \u015awi\u0119tego. Niech nasza troska o zmar\u0142ych wyra\u017ca si\u0119 nie tylko w stawianiu kwiat\u00f3w i zniczy, ale przede wszystkim modlitwie, tej&nbsp; wypominkowej, ofiarowanej w ich intencji Mszy \u015bwi\u0119tej, ale te\u017c w prywatnej modlitwie.Oni odwdzi\u0119cz\u0105 si\u0119 nam swoimi modlitwami i swoim wstawiennictwem przed Bogiem.<\/p>\n<p>3. Listopad tradycyjnie jest czasem modlitewnej pami\u0119ci o zmar\u0142ych. Polecajmy ich Bo\u017cemu mi\u0142osierdziu. W naszym ko\u015bciele przez ca\u0142y listopad codziennie podczas modlitwy r\u00f3\u017ca\u0144cowej o godz. 17.30 polecamy naszych bliskich zmar\u0142ych. W tym tygodniu \u2013 w poniedzia\u0142ek \u2013 spoza parafii i za wszystkich zmar\u0142ych polecanych w wypominkach, we wtorek za zmar\u0142ych ze \u015awidna i Wygl\u0119d\u00f3wka, w \u015brod\u0119 z Jan\u00f3wka, w czwartek z Jaworka, w pi\u0105tek z Helenowa i Lasu Jaworskiego, w sobot\u0119 W\u00f3lki, Sobonia, w niedziel\u0119 o 10.30 z Wierzbna.<\/p>\n<p>4. W czwartek 11 listopada b\u0119dziemy \u015bwi\u0119towali Narodowe \u015awi\u0119to Niepodleg\u0142o\u015bci \u2013 103. rocznic\u0119 odzyskania niepodleg\u0142o\u015bci przez Polsk\u0119. Aby podzi\u0119kowa\u0107 Bogu za odzyskan\u0105 wolno\u015b\u0107 i niepodleg\u0142o\u015b\u0107 i prosi\u0107 o dobre jej wykorzystanie, zapraszam na Msz\u0119 \u015awi\u0119t\u0105 o godz.11.00. Po Mszy \u015awi\u0119tej z\u0142o\u017cenie wie\u0144c\u00f3w i zapalenie zniczy przy pomniku 100lecia Odzyskania Niepodleg\u0142o\u015bci.<\/p>\n<p>5. W przysz\u0142\u0105 niedziel\u0119 b\u0119dziemy prze\u017cywa\u0107 \u015awiatowy Dzie\u0144 Ubogich, ustanowiony przez papie\u017ca Franciszka w 2016 r. na zako\u0144czenie Jubileuszowego Roku Mi\u0142osierdzia. Po Mszach \u015bwi\u0119tych zbi\u00f3rka do puszek na Caritas<\/p>\n<p>6. W przysz\u0142\u0105 niedziel\u0119 po Mszy \u015bwi\u0119tej o godz. 9.00 zmiana tajemnic r\u00f3\u017ca\u0144ca dla rodzic\u00f3w modl\u0105cych si\u0119 za dzieci.<\/p>\n<p>7.&nbsp; &nbsp;Dzi\u0119kuj\u0119 za sprz\u0105tanie ko\u015bcio\u0142a rodzinom Stefan Cichocki, Tadeusz Banaszek, Troszkiewicz Micha\u0142, S\u0142awomir Laskowski z Jaworka. W przysz\u0142ym tygodniu zapraszam rodziny&nbsp; Miros\u0142aw Ku\u015bmierczyk, Sylwester \u0141okietek, Zdzis\u0142aw Zagrodzki, Waldemar Mr\u00f3z z Jaworka<\/p>\n<p>8. Na stoliku wy\u0142o\u017cony jest nowy numer Echa Katolickiego .<\/p>\n<p>9. Wszystkim solenizantom i jubilatom, kt\u00f3rzy b\u0119d\u0105 prze\u017cywali swoje \u015bwi\u0119to w najbli\u017cszych dniach, \u017cycz\u0119 Bo\u017cego b\u0142og. i obfito\u015bci Bo\u017cych \u0142ask.<\/p>\n<h4 style=\"text-align: center;\"><strong>WSZYSTKICH \u015aWI\u0118TYCH<br \/>\n1 listopada 2021<br \/>\n<\/strong><strong>OG\u0141OSZENIA DUSZPASTERSKIE<\/strong><\/h4>\n<p>1. Jutrzejsza uroczysto\u015b\u0107 Wszystkich \u015awi\u0119tych b\u0119dzie mia\u0142a bardzo radosny charakter, bowiem b\u0119dziemy wspominali tych, kt\u00f3rzy \u017cyli przed nami i po wype\u0142nieniu woli Bo\u017cej osi\u0105gn\u0119li wieczne szcz\u0119\u015bcie przebywania z Bogiem w niebie. W tym dniu mamy obowi\u0105zek uczestniczenia we Mszy \u015awi\u0119tej. Msze \u015bw. o godz. 9.00 i 11.00 Po Mszy \u015bw. o godz. 11.00 procesja \u017ca\u0142obna. Po procesji r\u00f3\u017caniec za zmar\u0142ych a nast\u0119pnie po\u015bwi\u0119cenie nowych pomnik\u00f3w. Ofiary zbierane na cmentarzu s\u0105 przeznaczone na op\u0142aceniu rachunk\u00f3w za \u015bmieci.<\/p>\n<p>2. We wtorek 2 listopada \u2013 Dzie\u0144 Zaduszny. W liturgii Ko\u015bci\u00f3\u0142 wspomina wszystkich wiernych zmar\u0142ych, kt\u00f3rzy poprzedzili nas na drodze wiary. Msze \u015bw. o godz. 9.00 i 17.00. Po obu Mszach \u015bwi\u0119tych r\u00f3\u017caniec za wszystkich zmar\u0142ych polecanych w tegorocznych wypominkach.<\/p>\n<p>3. Przez ca\u0142y listopad mo\u017cna codziennie zyska\u0107 odpust zupe\u0142ny za pobo\u017cne nawiedzenie cmentarza i odm\u00f3wienie modlitwy za zmar\u0142ych. Trzeba tak\u017ce spe\u0142ni\u0107 zwyk\u0142e warunkami otrzymania odpustu, czyli by\u0107 w stanie \u0142aski u\u015bwi\u0119caj\u0105cej, przyj\u0105\u0107 Komuni\u0119 \u015awi\u0119t\u0105, pomodli\u0107 si\u0119 w intencjach wyznaczonych przez papie\u017ca, wykluczy\u0107 przywi\u0105zanie do jakiegokolwiek grzechu. Odpust mo\u017cna ofiarowa\u0107 wy\u0142\u0105cznie za zmar\u0142ych.<\/p>\n<p>4. Za zmar\u0142ych polecanych w wypominkach przez ca\u0142y listopad b\u0119dziemy modli\u0107 si\u0119 na r\u00f3\u017ca\u0144cu.&nbsp; W tym tygodniu \u2013 w poniedzia\u0142ek za wszystkich zmar\u0142ych polecanych w wypominkach, we wtorek wszystkich zmar\u0142ych polecanych w wypominkach , w \u015brod\u0119 z Jan\u00f3wka i \u015awidna, w czwartek z Jaworka i Wygl\u0119d\u00f3wka, w pi\u0105tek z Helenowa i Lasu Jaworskiego, w sobot\u0119 W\u00f3lki, Sobonia i spoza parafii, w niedziel\u0119 z Wierzbna.<\/p>\n","protected":false},"excerpt":{"rendered":"<p>Powr\u00f3t do listy og\u0142osze\u0144 PIERWSZA NIEDZIELA ADWENTU 28 listopada 2021 OG\u0141OSZENIA DUSZPASTERSKIE 1. Dzisiejsz\u0105 niedziel\u0105 rozpoczynamy Adwent, czas radosnego oczekiwania i przygotowania na przyj\u015bcie Chrystusa. W pierwszej cz\u0119\u015bci (do 16 grudnia) b\u0119dziemy pochyla\u0107 si\u0119 nad tajemnic\u0105 powt\u00f3rnego przyj\u015bcia Pana na ko\u0144cu czas\u00f3w. Druga cz\u0119\u015b\u0107 (od 17 do 24 grudnia) b\u0119dzie stanowi\u0107 bezpo\u015brednie przygotowanie do celebrowania pami\u0105tki pierwszego przyj\u015bcia Chrystusa na ziemi\u0119 \u2013 na uroczysto\u015b\u0107 Narodzenia Pa\u0144skiego. Wykorzystajmy dobrze ten czas na s\u0142uchanie s\u0142owa Bo\u017cego oraz wchodzenie w tajemnic\u0119 blisko\u015bci Boga, kt\u00f3ry przychodzi jako Emmanuel \u2013 B\u00f3g z nami. 2. Adwent rozpoczyna nowy rok liturgiczny i duszpasterski. Trwamy w realizacji programu duszpasterskiego po\u015bwi\u0119conego tajemnicy Eucharystii, zatytu\u0142owanego \u201eEucharystia daje \u017cycie\u201d. W trzecim ju\u017c roku pracy duszpasterskiej b\u0119dziemy pochyla\u0107 si\u0119 nad tematem \u201ePos\u0142ani w pokoju Chrystusa\u201d. Mottem biblijnym b\u0119d\u0105 s\u0142owa zaczerpni\u0119te z Ewangelii \u015bw.&nbsp;Jana: \u201e\u2026ten kto Mnie spo\u017cywa, b\u0119dzie \u017cy\u0142 przeze Mnie\u201d . 3. W czasie adwentowego oczekiwania zapraszam serdecznie wszystkich na Msze \u2026 <a class=\"continue-reading-link\" href=\"https:\/\/www.parafiawierzbno.com.pl\/?page_id=10646\">Czytaj dalej <span class=\"meta-nav\">&rarr; <\/span><\/a><\/p>\n","protected":false},"author":1,"featured_media":0,"parent":225,"menu_order":0,"comment_status":"closed","ping_status":"closed","template":"","meta":{"ngg_post_thumbnail":0},"_links":{"self":[{"href":"https:\/\/www.parafiawierzbno.com.pl\/index.php?rest_route=\/wp\/v2\/pages\/10646"}],"collection":[{"href":"https:\/\/www.parafiawierzbno.com.pl\/index.php?rest_route=\/wp\/v2\/pages"}],"about":[{"href":"https:\/\/www.parafiawierzbno.com.pl\/index.php?rest_route=\/wp\/v2\/types\/page"}],"author":[{"embeddable":true,"href":"https:\/\/www.parafiawierzbno.com.pl\/index.php?rest_route=\/wp\/v2\/users\/1"}],"replies":[{"embeddable":true,"href":"https:\/\/www.parafiawierzbno.com.pl\/index.php?rest_route=%2Fwp%2Fv2%2Fcomments&post=10646"}],"version-history":[{"count":8,"href":"https:\/\/www.parafiawierzbno.com.pl\/index.php?rest_route=\/wp\/v2\/pages\/10646\/revisions"}],"predecessor-version":[{"id":10657,"href":"https:\/\/www.parafiawierzbno.com.pl\/index.php?rest_route=\/wp\/v2\/pages\/10646\/revisions\/10657"}],"up":[{"embeddable":true,"href":"https:\/\/www.parafiawierzbno.com.pl\/index.php?rest_route=\/wp\/v2\/pages\/225"}],"wp:attachment":[{"href":"https:\/\/www.parafiawierzbno.com.pl\/index.php?rest_route=%2Fwp%2Fv2%2Fmedia&parent=10646"}],"curies":[{"name":"wp","href":"https:\/\/api.w.org\/{rel}","templated":true}]}}