{"id":10658,"date":"2021-12-05T00:36:07","date_gmt":"2021-12-04T23:36:07","guid":{"rendered":"https:\/\/www.parafiawierzbno.com.pl\/?page_id=10658"},"modified":"2021-12-26T13:16:44","modified_gmt":"2021-12-26T12:16:44","slug":"ogloszenia-grudzien-2021","status":"publish","type":"page","link":"https:\/\/www.parafiawierzbno.com.pl\/?page_id=10658","title":{"rendered":"Og\u0142oszenia &#8211; Grudzie\u0144 2021"},"content":{"rendered":"<p><a title=\"Og\u0142oszenia parafialne\" href=\"https:\/\/www.parafiawierzbno.com.pl\/?page_id=225\">Powr\u00f3t do listy og\u0142osze\u0144<\/a><\/p>\n<h4 style=\"text-align: center;\"><strong>NIEDZIELA \u015aWI\u0118TEJ RODZINY: JEZUSA, MARYI I J\u00d3ZEFA<\/strong><br \/>\n<strong>26 grudnia 2021<\/strong><br \/>\n<strong>OG\u0141OSZENIA DUSZPASTERSKIE<\/strong><\/h4>\n<p>1. Dzi\u015b, w ostatni\u0105 niedziel\u0119 roku kalendarzowego, obchodzimy \u015bwi\u0119to \u015awi\u0119tej Rodziny: Jezusa, Maryi i J\u00f3zefa. Nasz\u0105 modlitw\u0105 otaczamy wszystkie rodziny, aby wzrasta\u0142y w&nbsp;\u015bwi\u0119to\u015bci, aby by\u0142y \u015brodowiskiem umacniania wiary, nadziei i mi\u0142o\u015bci oraz troski o&nbsp;ka\u017cdego, szczeg\u00f3lnie starszych i prze\u017cywaj\u0105cych \u017cyciowe trudno\u015bci.<\/p>\n<p>2. Ofiary sk\u0142adane na tac\u0119 w dniu dzisiejszym s\u0105 przeznaczone na buduj\u0105ce si\u0119 ko\u015bcio\u0142y w naszej diecezji. Natomiast po Mszach \u015bwi\u0119tych zbi\u00f3rka do puszek dla poszkodowanej w po\u017carze rodziny Patok\u00f3w z Helenowa. Zbi\u00f3rka pieni\u0119dzy odby\u0142a si\u0119 tak\u017ce w Szkole Podstawowej w Wierzbnie.<\/p>\n<p>3.Jutro, 27 grudnia, obchodzimy \u015bwi\u0119to \u015awi\u0119tego Jana, Aposto\u0142a i Ewangelisty.<\/p>\n<p>4. We wtorek, 28 grudnia, przypada liturgiczne \u015bwi\u0119to \u015awi\u0119tych M\u0142odziank\u00f3w. Tego dnia b\u0119dziemy si\u0119 modli\u0107 szczeg\u00f3lnie za dzieci nienarodzone oraz niemowl\u0119ta.<\/p>\n<p>5. W pi\u0105tek, 31 grudnia, ostatni dzie\u0144 roku kalendarzowego. Msza \u015bwi\u0119ta o godz. 17.00 a nast\u0119pnie &nbsp;Nabo\u017ce\u0144stwo dzi\u0119kczynno-przeb\u0142agalne . Za publiczny \u015bpiew hymnu \u201eCiebie Boga wys\u0142awiamy\u201d mo\u017cna zyska\u0107 odpust zupe\u0142ny pod zwyk\u0142ymi warunkami (brak przywi\u0105zania do grzechu, stan \u0142aski u\u015bwi\u0119caj\u0105cej, przyj\u0119cie Komunii \u015awi\u0119tej, modlitwa w intencjach Ojca \u015awi\u0119tego). Tego dnia jest udzielona dyspensa od pokarm\u00f3w mi\u0119snych.<\/p>\n<p>6. W sobot\u0119, 1 stycznia, przypada uroczysto\u015b\u0107 \u015awi\u0119tej Bo\u017cej Rodzicielki Maryi. Przez wstawiennictwo Bogurodzicy b\u0119dziemy modli\u0107 si\u0119 o pok\u00f3j na \u015bwiecie oraz wyprasza\u0107 Bo\u017ce b\u0142ogos\u0142awie\u0144stwo na Nowy Rok 2022. Za publiczny \u015bpiew hymnu \u201eO, Stworzycielu, Duchu, przyjd\u017a\u201d mo\u017cna uzyska\u0107 odpust zupe\u0142ny. Msze \u015awi\u0119te b\u0119d\u0105 sprawowane wed\u0142ug porz\u0105dku niedzielnego. Przypominam, \u017ce tego dnia obowi\u0105zuje nas uczestnictwo we Mszy \u015awi\u0119tej i&nbsp;powstrzymanie si\u0119 od prac niekoniecznych (\u015bwi\u0119to nakazane). Jest to jednocze\u015bnie pierwsza sobota miesi\u0105ca. Po Mszy \u015bwi\u0119tej o godz. 11.00 nabo\u017ce\u0144stwo z racji pierwszej soboty miesi\u0105ca.<\/p>\n<p>7. Przysz\u0142a niedziela jest pierwsz\u0105 niedziel\u0105 miesi\u0105ca. Po Mszy \u015bwi\u0119tej o godz.11.00 nabo\u017ce\u0144stwo z racji pierwszej niedzieli.<\/p>\n<p>8. Wizyta&nbsp; duszpasterska, zwan\u0105 kol\u0119d\u0105 planowana jest w styczniu. W tym roku ofiary sk\u0142adane z racji kol\u0119dy b\u0119d\u0105 przeznaczone na remont dzwonnicy i po\u0142o\u017cenie kamienia na ko\u015bciele. W czasie wizyty duszpasterskiej b\u0119dzie mo\u017cna poda\u0107 kandydat\u00f3w do Rady Parafialnej. Prosz\u0119 zastanowi\u0107 si\u0119 na dwiema osobami z danej miejscowo\u015bci.<\/p>\n<p>9. Dzi\u0119kuj\u0119 za dary \u017cywno\u015bciowe dla potrzebuj\u0105cych.<\/p>\n<p>10. Prosz\u0119 w ko\u015bciele zak\u0142ada\u0107 maseczki.<\/p>\n<p>11.&nbsp;Dzi\u0119kuj\u0119 za sprz\u0105tanie ko\u015bcio\u0142a rodzinom Ryszard Brzuszkiewicz, Ku\u015bmierczyk Grzegorz z Jaworka. W przysz\u0142ym tygodniu zapraszam rodziny Andrzej Mr\u00f3z, Bogdan W\u0105sowski, Pawe\u0142 Wieliczko, Tadeusz Szaniawski, Beata Kowalczyk z Jaworka. Sprz\u0105tanie w pi\u0105tek.<\/p>\n<p>&nbsp;12. Na stoliku wy\u0142o\u017cony jest nowy numer Echa Katolickiego .<\/p>\n<p>13. Wszystkim solenizantom i jubilatom, kt\u00f3rzy b\u0119d\u0105 prze\u017cywali swoje \u015bwi\u0119to w najbli\u017cszych dniach, \u017cycz\u0119 Bo\u017cego b\u0142og. i obfito\u015bci Bo\u017cych \u0142ask.<\/p>\n<p>14. W minionym&nbsp; tygodniu odesz\u0142a do wieczno\u015bci + Krystyna Bojanowicz l.86 z Sobonia Wieczny odpoczynek racz jej da\u0107 Panie\u2026.<\/p>\n<h4 style=\"text-align: center;\"><strong>CZWARTA NIEDZIELA ADWENTU<br \/>\n19 grudnia 2021<br \/>\n<\/strong><strong>OG\u0141OSZENIA DUSZPASTERSKIE<\/strong><\/h4>\n<p>1. Dzi\u015b czwarta \u2013 ostatnia niedziela Adwentu. Wykorzystajmy te kilka dni adwentowego oczekiwania na duchowe przygotowanie do uroczysto\u015bci Narodzenia Pa\u0144skiego. Modlimy si\u0119, aby nasza gorliwo\u015b\u0107 wzrasta\u0142a w miar\u0119 zbli\u017cania si\u0119 \u015bwi\u0119ta oraz aby\u015bmy godnie obchodzili tajemnic\u0119 narodzin Syna Bo\u017cego &nbsp;<\/p>\n<p>2. Dzi\u0119kuj\u0119 serdecznie ks. Kan. Andrzejowi Witerskiemu za przeprowadzenie naszych parafialnych rekolekcji.<\/p>\n<p>3. We \u015brod\u0119 o 6.45 rozpoczniemy ostatni\u0105 w tym roku Msz\u0119 \u015bwi\u0119t\u0105 roratni\u0105.<\/p>\n<p>4. Na czwartek na godz. 14.00 zapraszam rodzic\u00f3w dzieci kl. III i kandydat\u00f3w do bierzmowania do przygotowania dekoracji \u015bwi\u0105tecznej.<\/p>\n<p>5. W pi\u0105tek, 24 grudnia, wraz z bliskimi zasi\u0105dziemy przy wigilijnym stole. Zadbajmy o&nbsp;religijny wymiar tej wieczerzy. Niech towarzyszy nam modlitwa, czytanie fragmentu Ewangelii \u015awi\u0119tego \u0141ukasza o narodzeniu Chrystusa, \u0142amanie op\u0142atkiem oraz \u015bpiew kol\u0119d. Zachowajmy tradycyjny postny charakter wieczerzy. Niech b\u0119dzie to czas rodzinnego spotkania, przepe\u0142niony \u017cyczliwo\u015bci\u0105, dobroci\u0105, a tak\u017ce okazja do pojednania w naszych ma\u0142ych wsp\u00f3lnotach. Pami\u0119tajmy w modlitwie tak\u017ce o tych, kt\u00f3rych w tym roku przy stole wigilijnym zabraknie.<\/p>\n<p>6. \u015awi\u0119towanie tajemnicy narodzenia Pa\u0144skiego rozpoczniemy Msz\u0105 o p\u00f3\u0142nocy, zwan\u0105 Pasterk\u0105. P\u00f3\u0142 godziny wcze\u015bniej serdecznie zapraszam na wsp\u00f3lny \u015bpiew kol\u0119d. W dzie\u0144 Msze \u015bwi\u0119te o godz. 9.00 i 11.00.<\/p>\n<p>7. W najbli\u017csz\u0105 niedziel\u0119, 26 grudnia, w drugi dzie\u0144 \u015bwi\u0105t, przypada \u015bwi\u0119to \u015awi\u0119tej Rodziny: Jezusa, Maryi i J\u00f3zefa. Msze \u015awi\u0119te o godz. 9.00 i 11.00. Na Mszach \u015bwi\u0119tych b\u0142ogos\u0142awie\u0144stwo owsa. Taca przeznaczona na budow\u0119 ko\u015bcio\u0142\u00f3w w diecezji. Natomiast po Mszach \u015bwi\u0119tych zbi\u00f3rka do puszek dla rodziny Patok\u00f3w &nbsp;z Helenowa, kt\u00f3rzy ucierpieli w po\u017carze .<\/p>\n<p>8. Produkty \u017cywno\u015bciowe i \u015brodki czysto\u015bci mo\u017cna sk\u0142ada\u0107 do wtorku 21 grudnia na plebanii, albo w sklepach u p. Gog\u0142ozy oraz u p. Kota.<\/p>\n<p>9. Wyjazd do chorych planuj\u0119 na wtorek.<\/p>\n<p>10. &nbsp;Dzi\u0119kuj\u0119 za sprz\u0105tanie ko\u015bcio\u0142a rodzinom Hipolit Patoka, S\u0142awomir Mr\u00f3z, Marianna Ol\u0119dzka, Irena Szatkowska z Jaworka. W przysz\u0142ym tygodniu zapraszam rodziny Ryszard Brzuszkiewicz, Ku\u015bmierczyk Grzegorz z Jaworka. Sprz\u0105tanie w pi\u0105tek.<\/p>\n<p>11. Na stoliku wy\u0142o\u017cony jest nowy numer Echa Katolickiego .<\/p>\n<p>12. Wszystkim solenizantom i jubilatom, kt\u00f3rzy b\u0119d\u0105 prze\u017cywali swoje \u015bwi\u0119to w najbli\u017cszych dniach, \u017cycz\u0119 Bo\u017cego b\u0142og. i obfito\u015bci Bo\u017cych \u0142ask.<\/p>\n<p>13. W minionym&nbsp; tygodniu odszed\u0142 do wieczno\u015bci + Tadeusz Borowy l. 81 pochodz\u0105cy z Sobonia . Wieczny odpoczynek racz mu da\u0107 Panie\u2026.. Pogrzeb we wtorek<\/p>\n<h4 style=\"text-align: center;\"><strong>TRZECIA NIEDZIELA ADWENTU<\/strong><br \/>\n<strong>12 grudnia 2021<\/strong><br \/>\n<strong>OG\u0141OSZENIA DUSZPASTERSKIE<\/strong><\/h4>\n<p>1. Dzi\u015b trzecia niedziela Adwentu, od pierwszych s\u0142\u00f3w antyfony na wej\u015bcie: \u201eRadujcie si\u0119 zawsze w Panu (\u2026)\u201d nazywana po \u0142acinie \u201eGaudete\u201d. S\u0142owa te zosta\u0142y zaczerpni\u0119te z Listu \u015awi\u0119tego Paw\u0142a do Filipian i wyra\u017caj\u0105 adwentow\u0105 rado\u015b\u0107 z blisko\u015bci Pana. Podkre\u015bla j\u0105 r\u00f3wnie\u017c stosowany dzi\u015b r\u00f3\u017cowy kolor szat liturgicznych.<\/p>\n<p>2. Jutro, 13 grudnia, przypada kolejna rocznica wprowadzenia stanu wojennego w Polsce. M\u00f3dlmy si\u0119 za wszystkie ofiary tego trudnego czasu naszej historii oraz o Bo\u017ce b\u0142ogos\u0142awie\u0144stwo i pok\u00f3j dla naszej ojczyzny.<\/p>\n<p>3. Od pi\u0105tku, 17 grudnia, rozpoczynamy drug\u0105 cz\u0119\u015b\u0107 Adwentu, kt\u00f3ra stanowi bezpo\u015brednie przygotowanie do uroczysto\u015bci Narodzenia Pa\u0144skiego. To tak\u017ce dzie\u0144 85. urodzin papie\u017ca Franciszka. Pami\u0119tajmy w naszej modlitwie o nast\u0119pcy \u015awi\u0119tego Piotra i wypraszajmy obfito\u015b\u0107 Bo\u017cych dar\u00f3w w prowadzeniu owczarni Chrystusowej.<\/p>\n<p>4. Na bocznym o\u0142tarzu wystawione s\u0105 \u015bwiece Wigilijnego Dzie\u0142a Pomocy Dzieciom. \u015awiece w cenie 10, 15, 20 i 30 z\u0142. Tak\u0105 \u015bwi\u0119c\u0119 po wigilii mo\u017cemy zanie\u015b\u0107 na gr\u00f3b naszych bliskich.<\/p>\n<p>5. W pi\u0105tek 17 grudnia rozpoczynamy nasze parafialne rekolekcje. Przeprowadzi je ks. Kan Andrzej Witerski proboszcz parafii \u0141ys\u00f3w. Porz\u0105dek rekolekcji pi\u0105tek i sobota Msze \u015bwi\u0119te o godz. 10.00, 12.00, i 17.00. W tych dniach b\u0119dzie mo\u017cliwo\u015b\u0107 skorzystania z sakramentu pokuty. W niedziel\u0119 zako\u0144czenie rekolekcji. Ofiary sk\u0142adane na tac\u0119 s\u0105 przeznaczony do dyspozycji ks. Rekolekcjonisty.<\/p>\n<p>6. W sobot\u0119 po Mszy \u015bw. o godz. 17.00 spotkanie z kandydatami przygotowuj\u0105cymi si\u0119 do sakramentu bierzmowania.<\/p>\n<p>7. Je\u015bli kto\u015b jeszcze nie ma op\u0142atka mo\u017ce go otrzyma\u0107 u p. Anety po Mszach \u015bw.<\/p>\n<p>8. Roraty w \u015brod\u0119 o 6.45 Godzinki a nast\u0119pnie Msza \u015bw., w sobot\u0119 o godz. 10.00 poprzedzone Godzinkami.<\/p>\n<p>9. Produkty \u017cywno\u015bciowe i \u015brodki czysto\u015bci mo\u017cna sk\u0142ada\u0107 do wtorku 21 grudnia na plebanii, albo w sklepach u p. Gog\u0142ozy oraz u p. Kota.<\/p>\n<p>10.00 Je\u015bli kto\u015b z chorych chcia\u0142by skorzysta\u0107 z sakrament\u00f3w prosz\u0119 zg\u0142asza\u0107 w ko\u015bciele, kancelarii, lub telefonicznie.<\/p>\n<p>11. &nbsp;Dzi\u0119kuj\u0119 za sprz\u0105tanie ko\u015bcio\u0142a rodzinom Jerzy Ku\u015bmierczyk, Mariusz P\u0142ochocki, S\u0142awomir Krasuski, S\u0142awomir Chrupek z Jaworka. W przysz\u0142ym tygodniu zapraszam rodziny Hipolit Patoka, S\u0142awomir Mr\u00f3z, Marianna Ol\u0119dzka, Irena szatkowska z Jaworka<\/p>\n<p>12. Na stoliku wy\u0142o\u017cony jest nowy numer Echa Katolickiego .<\/p>\n<p>13. Wszystkim solenizantom i jubilatom, kt\u00f3rzy b\u0119d\u0105 prze\u017cywali swoje \u015bwi\u0119to w najbli\u017cszych dniach, \u017cycz\u0119 Bo\u017cego b\u0142og. i obfito\u015bci Bo\u017cych \u0142ask.<\/p>\n<p>14. W minionym&nbsp; tygodniu odesz\u0142a do wieczno\u015bci + Hanna Gra\u017cyna Kucharska l. 64 z Jaworka. Wieczny odpoczynek racz jej da\u0107 Panie\u2026.<\/p>\n<h4 style=\"text-align: center;\"><strong>DRUGA NIEDZIELA ADWENTU<\/strong><br \/>\n<strong>5 grudnia 2021<\/strong><br \/>\n<strong>OG\u0141OSZENIA DUSZPASTERSKIE<\/strong><\/h4>\n<p>1. Dzi\u015b druga niedziela Adwentu. Trwamy w radosnym czasie oczekiwania na spotkanie z&nbsp;Panem. Jednocze\u015bnie ju\u017c po raz 22. obchodzimy Dzie\u0144 modlitwy i pomocy materialnej Ko\u015bcio\u0142owi na Wschodzie. Wpieramy modlitw\u0105 wsp\u00f3lnoty chrze\u015bcijan mieszkaj\u0105cych za nasz\u0105 wschodni\u0105 granic\u0105. Po Mszy \u015awi\u0119tej mo\u017cemy tak\u017ce wesprze\u0107 naszych braci i siostry na Wschodzie ofiar\u0105 do puszek.<\/p>\n<p>2. Dzi\u015b tak\u017ce pierwsza niedziela miesi\u0105ca. Wystawienie Naj\u015bwi\u0119tszego Sakramentu i adoracja po Mszy \u015awi\u0119tej o godz. 11.00.<\/p>\n<p>3. Jutro, w poniedzia\u0142ek, 6 grudnia, w liturgii przypada wspomnienie \u015awi\u0119tego Miko\u0142aja, biskupa. To dzie\u0144, kiedy obdarowujemy si\u0119 prezentami. Niech nie zabraknie \u017cyczliwo\u015bci i&nbsp;dobroci wobec wszystkich, szczeg\u00f3lnie najbardziej potrzebuj\u0105cych.<\/p>\n<p>4. W \u015brod\u0119, 8 grudnia, b\u0119dziemy obchodzili uroczysto\u015b\u0107 Niepokalanego Pocz\u0119cia Naj\u015bwi\u0119tszej Maryi Panny. W tym dniu Ko\u015bci\u00f3\u0142 upami\u0119tnia tajemnic\u0119 Maryi, kt\u00f3ra jako jedyna z ludzi zosta\u0142a pocz\u0119ta bez zmazy grzechu pierworodnego. Ta prawda wiary towarzyszy Ko\u015bcio\u0142owi od samego pocz\u0105tku. Dzisiaj jej wyrazem jest tak\u017ce \u015bpiew Godzinek o&nbsp;Niepokalanym Pocz\u0119ciu Naj\u015bwi\u0119tszej Maryi Panny. W naszej \u015bwi\u0105tyni Msze \u015awi\u0119te tego dnia o godz. 7.00 i 17.00. Na Mszy \u015bwi\u0119tej o godz. 17.00 b\u0142ogos\u0142awie\u0144stwo medalik\u00f3w dla dzieci z kl. III.<\/p>\n<p>5. W czasie adwentowego oczekiwania zapraszam serdecznie wszystkich na Msze \u015awi\u0119te roratne; szczeg\u00f3lne zaproszenie kieruj\u0119 do dzieci i m\u0142odzie\u017cy. W naszym ko\u015bciele b\u0119d\u0105 one celebrowane we \u015brod\u0119 i sobot\u0119 o godz. 6.45 Godzinki a nast\u0119pnie Msza \u015bwi\u0119ta. Przynie\u015bmy ze sob\u0105 lampiony, aby ze \u015bwiat\u0142em w&nbsp;d\u0142oniach oczekiwa\u0107 przyj\u015bcia Pana.<\/p>\n<p>6. &nbsp;Zach\u0119cam do podejmowania postanowie\u0144 adwentowych, niech one b\u0119d\u0105 pomoc\u0105 w zbli\u017caniu si\u0119 do Pana. Mo\u017cemy tak\u017ce wesprze\u0107 potrzebuj\u0105cych poprzez zakup \u015bwiec Wigilijnego Dzie\u0142a Pomocy Dzieciom. Ta \u015bwieca ju\u017c na sta\u0142e wpisuje si\u0119 w tradycje prze\u017cywania \u015bwi\u0105t Narodzenia Pa\u0144skiego. \u015awiece po 10, 15, 20 i 30 z\u0142. Wystawione s\u0105 na bocznym o\u0142tarzu. Jednocze\u015bnie te\u017c jak w ubieg\u0142ych latach chcemy podzieli\u0107 si\u0119 z potrzebuj\u0105cymi. Produkty \u017cywno\u015bciowe, \u015brodki czysto\u015bci mo\u017cemy przynie\u015b\u0107 do ko\u015bcio\u0142a, albo na plebani\u0119.<\/p>\n<p>7. We wtorek w Czerwonce w organist\u00f3wce b\u0119dzie spotkanie z pani\u0105 krawcow\u0105 dla dzieci z kl. III o godz. 16.00<\/p>\n<p>8. W przysz\u0142\u0105 niedziel\u0119 po Mszy \u015bwi\u0119tej o godz. 9.00 zmiana tajemnic r\u00f3\u017ca\u0144ca dla rodzic\u00f3w modl\u0105cych si\u0119 za dzieci, a o godz. 10. 30 r\u00f3\u017caniec za zmar\u0142ych polecanych w wypominkach z Helenowa , Lasu Jaworskiego, W\u00f3lki i \u015awidna.<\/p>\n<p>9. &nbsp;Dzi\u0119kuj\u0119 za sprz\u0105tanie ko\u015bcio\u0142a rodzinom Janusz Doma\u0144ski, Maciej Grabarczyk, Bogdan W\u0105sowski z Jaworka. W przysz\u0142ym tygodniu zapraszam rodzinyJerzy Ku\u015bmierczyk, Mariusz P\u0142ochocki, S\u0142awomir Krasuski, S\u0142awomir Chrupek z Jaworka<\/p>\n<p>10. Na stoliku wy\u0142o\u017cony jest nowy numer Echa Katolickiego .<\/p>\n<p>11. Wszystkim solenizantom i jubilatom, kt\u00f3rzy b\u0119d\u0105 prze\u017cywali swoje \u015bwi\u0119to w najbli\u017cszych dniach, \u017cycz\u0119 Bo\u017cego b\u0142og. i obfito\u015bci Bo\u017cych \u0142ask.<\/p>\n","protected":false},"excerpt":{"rendered":"<p>Powr\u00f3t do listy og\u0142osze\u0144 NIEDZIELA \u015aWI\u0118TEJ RODZINY: JEZUSA, MARYI I J\u00d3ZEFA 26 grudnia 2021 OG\u0141OSZENIA DUSZPASTERSKIE 1. Dzi\u015b, w ostatni\u0105 niedziel\u0119 roku kalendarzowego, obchodzimy \u015bwi\u0119to \u015awi\u0119tej Rodziny: Jezusa, Maryi i J\u00f3zefa. Nasz\u0105 modlitw\u0105 otaczamy wszystkie rodziny, aby wzrasta\u0142y w&nbsp;\u015bwi\u0119to\u015bci, aby by\u0142y \u015brodowiskiem umacniania wiary, nadziei i mi\u0142o\u015bci oraz troski o&nbsp;ka\u017cdego, szczeg\u00f3lnie starszych i prze\u017cywaj\u0105cych \u017cyciowe trudno\u015bci. 2. Ofiary sk\u0142adane na tac\u0119 w dniu dzisiejszym s\u0105 przeznaczone na buduj\u0105ce si\u0119 ko\u015bcio\u0142y w naszej diecezji. Natomiast po Mszach \u015bwi\u0119tych zbi\u00f3rka do puszek dla poszkodowanej w po\u017carze rodziny Patok\u00f3w z Helenowa. Zbi\u00f3rka pieni\u0119dzy odby\u0142a si\u0119 tak\u017ce w Szkole Podstawowej w Wierzbnie. 3.Jutro, 27 grudnia, obchodzimy \u015bwi\u0119to \u015awi\u0119tego Jana, Aposto\u0142a i Ewangelisty. 4. We wtorek, 28 grudnia, przypada liturgiczne \u015bwi\u0119to \u015awi\u0119tych M\u0142odziank\u00f3w. Tego dnia b\u0119dziemy si\u0119 modli\u0107 szczeg\u00f3lnie za dzieci nienarodzone oraz niemowl\u0119ta. 5. W pi\u0105tek, 31 grudnia, ostatni dzie\u0144 roku kalendarzowego. Msza \u015bwi\u0119ta o godz. 17.00 a nast\u0119pnie &nbsp;Nabo\u017ce\u0144stwo dzi\u0119kczynno-przeb\u0142agalne . Za publiczny \u2026 <a class=\"continue-reading-link\" href=\"https:\/\/www.parafiawierzbno.com.pl\/?page_id=10658\">Czytaj dalej <span class=\"meta-nav\">&rarr; <\/span><\/a><\/p>\n","protected":false},"author":1,"featured_media":0,"parent":225,"menu_order":0,"comment_status":"closed","ping_status":"closed","template":"","meta":{"ngg_post_thumbnail":0},"_links":{"self":[{"href":"https:\/\/www.parafiawierzbno.com.pl\/index.php?rest_route=\/wp\/v2\/pages\/10658"}],"collection":[{"href":"https:\/\/www.parafiawierzbno.com.pl\/index.php?rest_route=\/wp\/v2\/pages"}],"about":[{"href":"https:\/\/www.parafiawierzbno.com.pl\/index.php?rest_route=\/wp\/v2\/types\/page"}],"author":[{"embeddable":true,"href":"https:\/\/www.parafiawierzbno.com.pl\/index.php?rest_route=\/wp\/v2\/users\/1"}],"replies":[{"embeddable":true,"href":"https:\/\/www.parafiawierzbno.com.pl\/index.php?rest_route=%2Fwp%2Fv2%2Fcomments&post=10658"}],"version-history":[{"count":6,"href":"https:\/\/www.parafiawierzbno.com.pl\/index.php?rest_route=\/wp\/v2\/pages\/10658\/revisions"}],"predecessor-version":[{"id":10667,"href":"https:\/\/www.parafiawierzbno.com.pl\/index.php?rest_route=\/wp\/v2\/pages\/10658\/revisions\/10667"}],"up":[{"embeddable":true,"href":"https:\/\/www.parafiawierzbno.com.pl\/index.php?rest_route=\/wp\/v2\/pages\/225"}],"wp:attachment":[{"href":"https:\/\/www.parafiawierzbno.com.pl\/index.php?rest_route=%2Fwp%2Fv2%2Fmedia&parent=10658"}],"curies":[{"name":"wp","href":"https:\/\/api.w.org\/{rel}","templated":true}]}}