{"id":10680,"date":"2022-02-08T00:24:28","date_gmt":"2022-02-07T23:24:28","guid":{"rendered":"https:\/\/www.parafiawierzbno.com.pl\/?page_id=10680"},"modified":"2022-02-28T06:38:08","modified_gmt":"2022-02-28T05:38:08","slug":"ogloszenia-luty-2022","status":"publish","type":"page","link":"https:\/\/www.parafiawierzbno.com.pl\/?page_id=10680","title":{"rendered":"Og\u0142oszenia &#8211; Luty 2022"},"content":{"rendered":"<p><a title=\"Og\u0142oszenia parafialne\" href=\"https:\/\/www.parafiawierzbno.com.pl\/?page_id=225\">Powr\u00f3t do listy og\u0142osze\u0144<\/a><\/p>\n<h4 style=\"text-align: center;\"><strong>\u00d3SMA NIEDZIELA W CI\u0104GU ROKU<br \/>\n27 lutego 2022<br \/>\n<\/strong><strong>OG\u0141OSZENIA DUSZPASTERSKIE<\/strong><\/h4>\n<p>1. Dzi\u015b \u00f3sma niedziela zwyk\u0142a w roku liturgicznym. Ka\u017cda niedziela to dzie\u0144 spotkania z&nbsp;Panem w tajemnicy Eucharystii, wytchnienia od codziennych obowi\u0105zk\u00f3w oraz pog\u0142\u0119bienia relacji z najbli\u017cszymi. Posileni na \u015awi\u0119tej Wieczerzy wykorzystajmy dobrze czas dany nam przez Boga.<\/p>\n<p>2 Dzi\u015b, w ostatni\u0105 niedziel\u0119 lutego, tradycyjnie rozpoczynamy 55. Tydzie\u0144 Modlitw o&nbsp;Trze\u017awo\u015b\u0107 Narodu. To zaproszenie do modlitwy indywidualnej i wsp\u00f3lnotowej o trze\u017awo\u015b\u0107 w naszych rodzinach. Z darem modlitwy mo\u017cemy tak\u017ce podj\u0105\u0107 abstynencj\u0119 oraz inne wyrzeczenia w intencji tych, kt\u00f3rzy nadu\u017cywaj\u0105 alkoholu lub cierpi\u0105 z powodu choroby alkoholowej najbli\u017cszych.<\/p>\n<p>3. We wtorek, 1 marca, przypada Narodowy Dzie\u0144 Pami\u0119ci \u201e\u017bo\u0142nierzy Wykl\u0119tych\u201d. Od 2011 roku ma on rang\u0119 \u015bwi\u0119ta pa\u0144stwowego.<\/p>\n<p>4. W najbli\u017csz\u0105 \u015brod\u0119, 2 marca, przypada \u015aroda Popielcowa rozpoczynaj\u0105ca w Ko\u015bciele czas Wielkiego Postu. Zewn\u0119trznym znakiem takiej postawy jest obrz\u0119d posypania g\u0142\u00f3w popio\u0142em. Ten staro\u017cytny gest jest wyrazem pokuty, uni\u017cenia przed Bogiem. Msze \u015awi\u0119te tego dnia o godz. 9.00 i 17.00. &nbsp;W \u015arod\u0119 Popielcow\u0105 obowi\u0105zuje post \u015bcis\u0142y (jeden posi\u0142ek do syta i dwa mniejsze oraz wstrzemi\u0119\u017aliwo\u015b\u0107 od pokarm\u00f3w mi\u0119snych). Do zachowania postu \u015bcis\u0142ego zobowi\u0105zani s\u0105&nbsp; wierni pomi\u0119dzy 18. a 60. rokiem \u017cycia. Natomiast wszystkich od 14. roku \u017cycia obowi\u0105zuje wstrzemi\u0119\u017aliwo\u015b\u0107 od pokarm\u00f3w mi\u0119snych. W my\u015bl przykaza\u0144 ko\u015bcielnych czas Wielkiego Postu jest tak\u017ce okresem pokuty, dlatego jako wierz\u0105cy nie organizujemy hucznych zabaw i&nbsp;nie bierzemy udzia\u0142u w takich spotkaniach.<\/p>\n<p>5. W sobot\u0119, 4 marca, b\u0119dziemy obchodzili liturgiczne \u015bwi\u0119to \u015awi\u0119tego Kazimierza, kr\u00f3lewicza. Jest to te\u017c dzie\u0144 imienin Ksi\u0119dza Biskupa Ordynariusza.<\/p>\n<p>6. Pomoc\u0105 w prze\u017cywaniu czasu pokuty i nawr\u00f3cenia b\u0119d\u0105 nabo\u017ce\u0144stwa wielkopostne. Zapraszam serdecznie na drog\u0119 krzy\u017cow\u0105 w pi\u0105tki o godz. 17.00 oraz na nabo\u017ce\u0144stwo gorzkich \u017cali po Mszy \u015bwi\u0119tej o godz. 11.00.<\/p>\n<p>7. W tym tygodniu przypada pierwszy czwartek, pierwszy pi\u0105tek i pierwsza sobota miesi\u0105ca:<\/p>\n<p>&#8211; w czwartek i sobot\u0119 nabo\u017ce\u0144stwo po Mszy \u015bwi\u0119tej wieczorowej. &#8211; w pi\u0105tek adoracja Naj\u015bwi\u0119tszego Sakramentu od godz. 16.00 do godz. 17.00.<\/p>\n<p>8. Dzisiaj i we \u015brod\u0119 zbi\u00f3rka do puszek dla poszkodowanych na Ukrainie.<\/p>\n<p>9. Komunikat ks. Biskupa i przewodnicz\u0105cego KEP\u2026\u2026<\/p>\n<p>10. Urz\u0105d Powiatowy organizuje zbi\u00f3rk\u0119 dla Ukrainy, dlatego w sklepie u p. Kota i \u015bwietlicy Urz\u0119du Gminy mo\u017cna sk\u0142ada\u0107 dary \u017cywno\u015bciowe, ubrania, po\u015bciel, \u015brodki opatrunkowe.<\/p>\n<p>11.&nbsp;Dzi\u0119kuj\u0119 za sprz\u0105tanie ko\u015bcio\u0142a rodzinom Miros\u0142aw Skar\u017cy\u0144ski, Jacek Kiesner, Teresa \u0141ukasiak z Sobonia. W przysz\u0142ym tygodniu zapraszam rodziny Andrzej Patoka, Janusz \u0141ukasiak, Tadeusz Giersz, S\u0142awomir Tafil z&nbsp; Sobonia.<\/p>\n<p>&nbsp;12. Na stoliku wy\u0142o\u017cony jest nowy numer Echa katolickiego.<\/p>\n<p>13. Wszystkim solenizantom i jubilatom, kt\u00f3rzy b\u0119d\u0105 prze\u017cywali swoje \u015bwi\u0119to w najbli\u017cszych dniach, \u017cycz\u0119 Bo\u017cego b\u0142og. i obfito\u015bci Bo\u017cych \u0142ask.<\/p>\n<p>14. W minionym tygodniu do wieczno\u015bci odszed\u0142 &nbsp;+ Pawe\u0142 Kr\u00f3lak l. 57 z Adamowa, pochowany na miejscowym cmentarzu. Wieczny odpoczynek racz mu da\u0107 Panie\u2026<\/p>\n<h4 style=\"text-align: center;\"><strong>SI\u00d3DMA NIEDZIELA W CI\u0104GU ROKU<br \/>\n20 lutego 2022<br \/>\n<\/strong><strong>OG\u0141OSZENIA DUSZPASTERSKIE<\/strong><\/h4>\n<p>1. Dzi\u015b si\u00f3dma niedziela zwyk\u0142a w roku ko\u015bcielnym. Modlimy si\u0119 wraz z ca\u0142ym Ko\u015bcio\u0142em, aby\u015bmy spe\u0142niali s\u0142owem i czynem to, co podoba si\u0119 Bogu (kolekta mszalna). Niech sprawowanie tajemnicy paschalnej Jezusa Chrystusa b\u0119dzie do\u015bwiadczeniem zbawczej mocy Boga i umocnieniem na trud kolejnego tygodnia.<\/p>\n<p>2. We wtorek, 22 lutego, obchodzimy \u015bwi\u0119to Katedry \u015awi\u0119tego Piotra Aposto\u0142a. Chrze\u015bcijanie w Rzymie ju\u017c od IV wieku obchodzili pami\u0105tk\u0119 wybrania Wiecznego Miasta na stolic\u0119 Ko\u015bcio\u0142a. To dzie\u0144 naszej \u0142\u0105czno\u015bci z nast\u0119pc\u0105 \u015awi\u0119tego Piotra, papie\u017cem Franciszkiem. Pami\u0119tajmy o nim w naszej modlitwie, wypraszaj\u0105c mu Bo\u017c\u0105 pomoc i opiek\u0119 w trudzie pasterskiej pos\u0142ugi w Ko\u015bciele.<\/p>\n<p>3. W przysz\u0142\u0105 niedziel\u0119, 27 lutego \u2013 w ostatni\u0105 niedziel\u0119 lutego rozpocznie si\u0119 55. Tydzie\u0144 Modlitw o Trze\u017awo\u015b\u0107 Narodu. Modlitewn\u0105 pami\u0119ci\u0105 ogarnijmy wszystkich uzale\u017cnionych od alkoholu i ich najbli\u017cszych, wypraszaj\u0105c im wolno\u015b\u0107 od na\u0142ogu.<\/p>\n<p>4. Dzisiaj po&nbsp; Mszy \u015bwi\u0119tej o godz. 11.00 spotkanie z dzie\u0107mi z kl. III.<\/p>\n<p>5. W minionym tygodniu na potrzeby ko\u015bcio\u0142a z\u0142o\u017cono&nbsp; ofiar\u0119&nbsp; 200 z\u0142., Anna i Wies\u0142aw Chro\u015bciccy z Jaworka. B\u00f3g zap\u0142a\u0107.<\/p>\n<p>6. W przysz\u0142\u0105 sobot\u0119 po Mszy \u015bwi\u0119tej wieczorowej spotkanie z kandydatami do bierzmowania<\/p>\n<p>7. Przysz\u0142a niedziela \u2013 ostatnia miesi\u0105ca, taca ekonomiczna.<\/p>\n<p>8.&nbsp;Dzi\u0119kuj\u0119 za sprz\u0105tanie ko\u015bcio\u0142a rodzinom Zofia Koz\u0142owska, Marcin Rogala, Wawrzyniec Kra\u015bny z Sobonia. W przysz\u0142ym tygodniu zapraszam rodziny Miros\u0142aw Skar\u017cy\u0144ski, Jacek Kiesner, Teresa \u0141ukasiak z&nbsp; Sobonia.<\/p>\n<p>&nbsp;9. Na stoliku wy\u0142o\u017cony jest nowy numer Echa katolickiego.<\/p>\n<p>10. Wszystkim solenizantom i jubilatom, kt\u00f3rzy b\u0119d\u0105 prze\u017cywali swoje \u015bwi\u0119to w najbli\u017cszych dniach, \u017cycz\u0119 Bo\u017cego b\u0142og. i obfito\u015bci Bo\u017cych \u0142ask.<\/p>\n<h4 style=\"text-align: center;\"><strong>SZ\u00d3STA NIEDZIELA W CI\u0104GU ROKU<\/strong><br \/>\n<strong>13 lutego 2022<\/strong><br \/>\n<strong>OG\u0141OSZENIA DUSZPASTERSKIE<\/strong><\/h4>\n<p>1. Dzi\u015b sz\u00f3sta niedziela zwyk\u0142a w ci\u0105gu roku liturgicznego. Ka\u017cda Msza \u015awi\u0119ta jest uwielbieniem Boga i u\u015bwi\u0119ceniem cz\u0142owieka. Niech us\u0142yszane s\u0142owo Bo\u017ce i udzia\u0142 w&nbsp;\u015bwi\u0119tych obrz\u0119dach b\u0119d\u0105 dla nas pomoc\u0105 w chrze\u015bcija\u0144skim prze\u017cywaniu naszej codzienno\u015bci.<\/p>\n<p>2. Dzisiaj po Mszy \u015bwi\u0119tej o godz. 9.00 zmiana tajemnic r\u00f3\u017ca\u0144ca dla rodzic\u00f3w modl\u0105cych si\u0119 za dzieci a o godz. 10.30 r\u00f3\u017caniec za zmar\u0142ych polecanych w wypominkach z W\u00f3lki i Jaworka.<\/p>\n<p>3. Jutro, w poniedzia\u0142ek, 14 lutego, przypada liturgiczne \u015bwi\u0119to \u015awi\u0119tych Cyryla i Metodego, patron\u00f3w Europy.<\/p>\n<p>4. W przysz\u0142\u0105 niedziel\u0119 na Msz\u0119 \u015bwi\u0119t\u0105 na godz. 11.00 zapraszam dzieci z kl. III.<\/p>\n<p>5. W minionym tygodniu na potrzeby ko\u015bcio\u0142a z\u0142o\u017cono dwie ofiary po 200 z\u0142., Stanis\u0142aw Wiel\u0105dek z Lasu Jaworskiego oraz Jadwiga i Tadeusz Szaniawscy z Jaworka. B\u00f3g zap\u0142a\u0107.<\/p>\n<p>6.&nbsp;Dzi\u0119kuj\u0119 za sprz\u0105tanie ko\u015bcio\u0142a rodzinom Zofia \u017baboklicka, Danuta Ho\u0142ubiec, Kazimierz Zalewski, Andrzej Siwiak z Sobonia. W przysz\u0142ym tygodniu zapraszam rodziny Zofia Koz\u0142owska, Marcin Rogala, Wawrzyniec Kra\u015bny z&nbsp; Sobonia.<\/p>\n<p>7. Na stoliku wy\u0142o\u017cony jest nowy numer Echa katolickiego.<\/p>\n<p>8. Wszystkim solenizantom i jubilatom, kt\u00f3rzy b\u0119d\u0105 prze\u017cywali swoje \u015bwi\u0119to w najbli\u017cszych dniach, \u017cycz\u0119 Bo\u017cego b\u0142og. i obfito\u015bci Bo\u017cych \u0142ask.<\/p>\n<h4 style=\"text-align: center;\"><strong>PI\u0104TA NIEDZIELA W CI\u0104GU ROKU<\/strong><br \/>\n<strong>6 lutego 2022<\/strong><br \/>\n<strong>OG\u0141OSZENIA DUSZPASTERSKIE<\/strong><\/h4>\n<p>1. Dzi\u015b pi\u0105ta niedziela w ci\u0105gu w roku ko\u015bcielnego. Dobry B\u00f3g gromadzi nas na \u015awi\u0119tej Wieczerzy, aby karmi\u0107 s\u0142owem i Cia\u0142em Chrystusa. W ten spos\u00f3b umacnia nas na drodze naszych codziennych zmaga\u0144.<\/p>\n<p>2. Prze\u017cywamy dzisiaj Niedziele Radiow\u0105. Go\u015bcimy &nbsp;ks. Marka Weres\u0119, kt\u00f3ry razem z nami modli si\u0119. Ofiary sk\u0142adane dzisiaj na tace s\u0105 przeznaczone na Katolickie Radio Podlasie.<\/p>\n<p>3.Dzi\u015b pierwsza niedziela miesi\u0105ca. Po Mszy \u015bw. o godz. 11.00 wystawienie Naj\u015bwi\u0119tszego Sakramentu i nabo\u017ce\u0144stwo adoracyjne.<\/p>\n<p>3. W sobot\u0119, 11 lutego, przypada wspomnienie Naj\u015bwi\u0119tszej Maryi Panny z Lourdes. W 1858 roku Maryja objawi\u0142a si\u0119 Bernadecie Soubirous w Grocie Massabielskiej. Wzywa\u0142a w\u00f3wczas do modlitwy i pokuty. Dzi\u015b Lourdes to jedno z najbardziej znanych sanktuari\u00f3w maryjnych na \u015bwiecie. S\u0142ynie z wielu pielgrzymek oraz licznych uzdrowie\u0144 duszy i cia\u0142a.<\/p>\n<p>4. Dzie\u0144 wspomnienia Naj\u015bwi\u0119tszej Maryi Panny z Lourdes jest obchodzony tak\u017ce jako \u015awiatowy Dzie\u0144 Chorych. Szczeg\u00f3ln\u0105 modlitw\u0105 b\u0119dziemy otacza\u0107 wszystkich, kt\u00f3rzy zmagaj\u0105 si\u0119 z trudno\u015bciami choroby i cierpienia.<\/p>\n<p>5. W przysz\u0142\u0105 niedziel\u0119 po Mszy \u015bwietej o godz. 9.00 zmiana tajemnic r\u00f3\u017ca\u0144ca dla rodzic\u00f3w modl\u0105cych si\u0119 za dzieci a o godz. 10.30 r\u00f3\u017caniec za zmar\u0142ych polecanych w wypominkach z W\u00f3lki i Jaworka.<\/p>\n<p>6.&nbsp;Dzi\u0119kuj\u0119 za sprz\u0105tanie ko\u015bcio\u0142a rodzinom Roman Redek, Marian Korczak, Wojciech Kazimierski z Sobonia. W przysz\u0142ym tygodniu zapraszam rodziny Zofia \u017baboklicka, Danuta Ho\u0142ubiec, Kazimierz Zalewski, Andrzej Siwiak z&nbsp; Sobonia.<\/p>\n<p>&nbsp;7. Na stoliku wy\u0142o\u017cony jest nowy numer Echa katolickiego.<\/p>\n<p>8. Wszystkim solenizantom i jubilatom, kt\u00f3rzy b\u0119d\u0105 prze\u017cywali swoje \u015bwi\u0119to w najbli\u017cszych dniach, \u017cycz\u0119 Bo\u017cego b\u0142og. i obfito\u015bci Bo\u017cych \u0142ask.<\/p>\n<p>9. Z naszej wsp\u00f3lnoty w ostatnim tygodniu odszed\u0142 &nbsp;do wieczno\u015bci + Wac\u0142aw Ku\u015bmierczyk l. 92 z Jaworka. Wieczny odpoczynek racz mu da\u0107 Panie\u2026.<\/p>\n","protected":false},"excerpt":{"rendered":"<p>Powr\u00f3t do listy og\u0142osze\u0144 \u00d3SMA NIEDZIELA W CI\u0104GU ROKU 27 lutego 2022 OG\u0141OSZENIA DUSZPASTERSKIE 1. Dzi\u015b \u00f3sma niedziela zwyk\u0142a w roku liturgicznym. Ka\u017cda niedziela to dzie\u0144 spotkania z&nbsp;Panem w tajemnicy Eucharystii, wytchnienia od codziennych obowi\u0105zk\u00f3w oraz pog\u0142\u0119bienia relacji z najbli\u017cszymi. Posileni na \u015awi\u0119tej Wieczerzy wykorzystajmy dobrze czas dany nam przez Boga. 2 Dzi\u015b, w ostatni\u0105 niedziel\u0119 lutego, tradycyjnie rozpoczynamy 55. Tydzie\u0144 Modlitw o&nbsp;Trze\u017awo\u015b\u0107 Narodu. To zaproszenie do modlitwy indywidualnej i wsp\u00f3lnotowej o trze\u017awo\u015b\u0107 w naszych rodzinach. Z darem modlitwy mo\u017cemy tak\u017ce podj\u0105\u0107 abstynencj\u0119 oraz inne wyrzeczenia w intencji tych, kt\u00f3rzy nadu\u017cywaj\u0105 alkoholu lub cierpi\u0105 z powodu choroby alkoholowej najbli\u017cszych. 3. We wtorek, 1 marca, przypada Narodowy Dzie\u0144 Pami\u0119ci \u201e\u017bo\u0142nierzy Wykl\u0119tych\u201d. Od 2011 roku ma on rang\u0119 \u015bwi\u0119ta pa\u0144stwowego. 4. W najbli\u017csz\u0105 \u015brod\u0119, 2 marca, przypada \u015aroda Popielcowa rozpoczynaj\u0105ca w Ko\u015bciele czas Wielkiego Postu. Zewn\u0119trznym znakiem takiej postawy jest obrz\u0119d posypania g\u0142\u00f3w popio\u0142em. Ten staro\u017cytny gest jest wyrazem pokuty, uni\u017cenia przed \u2026 <a class=\"continue-reading-link\" href=\"https:\/\/www.parafiawierzbno.com.pl\/?page_id=10680\">Czytaj dalej <span class=\"meta-nav\">&rarr; <\/span><\/a><\/p>\n","protected":false},"author":1,"featured_media":0,"parent":225,"menu_order":0,"comment_status":"closed","ping_status":"closed","template":"","meta":{"ngg_post_thumbnail":0},"_links":{"self":[{"href":"https:\/\/www.parafiawierzbno.com.pl\/index.php?rest_route=\/wp\/v2\/pages\/10680"}],"collection":[{"href":"https:\/\/www.parafiawierzbno.com.pl\/index.php?rest_route=\/wp\/v2\/pages"}],"about":[{"href":"https:\/\/www.parafiawierzbno.com.pl\/index.php?rest_route=\/wp\/v2\/types\/page"}],"author":[{"embeddable":true,"href":"https:\/\/www.parafiawierzbno.com.pl\/index.php?rest_route=\/wp\/v2\/users\/1"}],"replies":[{"embeddable":true,"href":"https:\/\/www.parafiawierzbno.com.pl\/index.php?rest_route=%2Fwp%2Fv2%2Fcomments&post=10680"}],"version-history":[{"count":7,"href":"https:\/\/www.parafiawierzbno.com.pl\/index.php?rest_route=\/wp\/v2\/pages\/10680\/revisions"}],"predecessor-version":[{"id":10689,"href":"https:\/\/www.parafiawierzbno.com.pl\/index.php?rest_route=\/wp\/v2\/pages\/10680\/revisions\/10689"}],"up":[{"embeddable":true,"href":"https:\/\/www.parafiawierzbno.com.pl\/index.php?rest_route=\/wp\/v2\/pages\/225"}],"wp:attachment":[{"href":"https:\/\/www.parafiawierzbno.com.pl\/index.php?rest_route=%2Fwp%2Fv2%2Fmedia&parent=10680"}],"curies":[{"name":"wp","href":"https:\/\/api.w.org\/{rel}","templated":true}]}}