{"id":10713,"date":"2022-05-01T13:37:19","date_gmt":"2022-05-01T11:37:19","guid":{"rendered":"https:\/\/www.parafiawierzbno.com.pl\/?page_id=10713"},"modified":"2026-04-13T12:59:03","modified_gmt":"2026-04-13T10:59:03","slug":"intencje-mszy-swietych","status":"publish","type":"page","link":"https:\/\/www.parafiawierzbno.com.pl\/?page_id=10713","title":{"rendered":"Intencje Mszy \u015awi\u0119tych"},"content":{"rendered":"<h2 style=\"text-align: center;\"><span style=\"color: #ff0000;\"><strong>13. kwietnia 2026 r. \u2013 19. kwietnia 2026r.<\/strong><\/span><\/h2>\n<table>\n<tbody>\n<tr>\n<td width=\"177\"><strong>13. &nbsp;kwietnia . <\/strong><em>pn.<\/em><\/td>\n<td width=\"535\"><strong>18.00<\/strong> &nbsp;+ Marcina, Kazimierza, Filomen\u0119, Walerego, J\u00f3zefa, Alin\u0119 Ho\u0142ubc\u00f3w, J\u00f3zefa, Mariann\u0119, Wawrzy\u0144ca, Ferdynanda Paszkowskich, Ann\u0119 Szymo\u0144sk\u0105, Barbar\u0119 Patoka, Krystyn\u0119 Korczak<\/td>\n<\/tr>\n<tr>\n<td width=\"177\"><strong>14. kwietnia .<\/strong> wt.<\/td>\n<td width=\"535\"><strong>18.00<\/strong> +Teres\u0119 Barcz, &nbsp;of. upg<\/td>\n<\/tr>\n<tr>\n<td width=\"177\"><strong>15.&nbsp; kwietnia . &nbsp;<\/strong>\u015br.<\/td>\n<td width=\"535\"><strong>18.00<\/strong> &nbsp;+ Janin\u0119 \u0141abarzewsk\u0105 4 r.\u015b., zm. dziadk\u00f3w, zm. Zr. \u0141abarzewskich, Patok\u00f3w, Miros\u0142awa Ku\u017am\u0119<\/td>\n<\/tr>\n<tr>\n<td width=\"177\"><strong>16. kwietnia &nbsp;&nbsp;. <\/strong>&nbsp;<em>cz.<\/em><\/td>\n<td width=\"535\"><strong>18.00<\/strong> &nbsp;+ Zofi\u0119, Boles\u0142awa, Antonin\u0119, Franciszka \u017belazowskich, J\u00f3zef\u0119, Stanis\u0142awa, Jerzego, Andrzeja Kosieradzkich, Helen\u0119 i Lucjana Wojciechowskich, zm. Zr. \u017belazowskich i Kosieradzkich, of. rodzina<\/td>\n<\/tr>\n<tr>\n<td width=\"177\"><strong>17. kwietnia &nbsp;. <\/strong>pt.<\/td>\n<td width=\"535\"><strong>18.00<\/strong> &nbsp;Dzi\u0119k-b\u0142ag w 45 r. \u015blubu Magdaleny i Bronis\u0142awa Sobiepanek<\/td>\n<\/tr>\n<tr>\n<td width=\"177\"><strong>&nbsp;18. &nbsp;kwietnia .&nbsp; <\/strong><em>sb.<\/em><\/td>\n<td width=\"535\"><strong>7.30 <\/strong>+ Helen\u0119 \u0141ukasiak<\/p>\n<p><strong>16.00 <\/strong>&nbsp;W intencji bierzmowanych<\/td>\n<\/tr>\n<tr>\n<td width=\"177\"><strong>19. kwietnia .<\/strong><\/p>\n<p><strong>&nbsp;III Niedziela &nbsp;Wielkanocna<\/strong><\/td>\n<td width=\"535\"><strong>9.00 <\/strong>&nbsp;&nbsp;+ Urszul\u0119, Tadeusza, Szczepana, S\u0142awomira Bartnickich, of. Andrzej Bartnicki<\/p>\n<p><strong>11.00<\/strong> Dzi\u0119k-b\u0142ag w 45 r. \u015blubu Marii i Romana Gog\u0142oz\u00f3w<\/p>\n<p><strong>18.00<\/strong> W intencji parafian<\/td>\n<\/tr>\n<\/tbody>\n<\/table>\n","protected":false},"excerpt":{"rendered":"<p>13. kwietnia 2026 r. \u2013 19. kwietnia 2026r. 13. &nbsp;kwietnia . pn. 18.00 &nbsp;+ Marcina, Kazimierza, Filomen\u0119, Walerego, J\u00f3zefa, Alin\u0119 Ho\u0142ubc\u00f3w, J\u00f3zefa, Mariann\u0119, Wawrzy\u0144ca, Ferdynanda Paszkowskich, Ann\u0119 Szymo\u0144sk\u0105, Barbar\u0119 Patoka, Krystyn\u0119 Korczak 14. kwietnia . wt. 18.00 +Teres\u0119 Barcz, &nbsp;of. upg 15.&nbsp; kwietnia . &nbsp;\u015br. 18.00 &nbsp;+ Janin\u0119 \u0141abarzewsk\u0105 4 r.\u015b., zm. dziadk\u00f3w, zm. Zr. \u0141abarzewskich, Patok\u00f3w, Miros\u0142awa Ku\u017am\u0119 16. kwietnia &nbsp;&nbsp;. &nbsp;cz. 18.00 &nbsp;+ Zofi\u0119, Boles\u0142awa, Antonin\u0119, Franciszka \u017belazowskich, J\u00f3zef\u0119, Stanis\u0142awa, Jerzego, Andrzeja Kosieradzkich, Helen\u0119 i Lucjana Wojciechowskich, zm. Zr. \u017belazowskich i Kosieradzkich, of. rodzina 17. kwietnia &nbsp;. pt. 18.00 &nbsp;Dzi\u0119k-b\u0142ag w 45 r. \u015blubu Magdaleny i Bronis\u0142awa Sobiepanek &nbsp;18. &nbsp;kwietnia .&nbsp; sb. 7.30 + Helen\u0119 \u0141ukasiak 16.00 &nbsp;W intencji bierzmowanych 19. kwietnia . &nbsp;III Niedziela &nbsp;Wielkanocna 9.00 &nbsp;&nbsp;+ Urszul\u0119, Tadeusza, Szczepana, S\u0142awomira Bartnickich, of. Andrzej Bartnicki 11.00 Dzi\u0119k-b\u0142ag w 45 r. \u015blubu Marii i Romana Gog\u0142oz\u00f3w 18.00 W intencji parafian<\/p>\n","protected":false},"author":1,"featured_media":0,"parent":0,"menu_order":0,"comment_status":"closed","ping_status":"closed","template":"","meta":{"ngg_post_thumbnail":0},"_links":{"self":[{"href":"https:\/\/www.parafiawierzbno.com.pl\/index.php?rest_route=\/wp\/v2\/pages\/10713"}],"collection":[{"href":"https:\/\/www.parafiawierzbno.com.pl\/index.php?rest_route=\/wp\/v2\/pages"}],"about":[{"href":"https:\/\/www.parafiawierzbno.com.pl\/index.php?rest_route=\/wp\/v2\/types\/page"}],"author":[{"embeddable":true,"href":"https:\/\/www.parafiawierzbno.com.pl\/index.php?rest_route=\/wp\/v2\/users\/1"}],"replies":[{"embeddable":true,"href":"https:\/\/www.parafiawierzbno.com.pl\/index.php?rest_route=%2Fwp%2Fv2%2Fcomments&post=10713"}],"version-history":[{"count":213,"href":"https:\/\/www.parafiawierzbno.com.pl\/index.php?rest_route=\/wp\/v2\/pages\/10713\/revisions"}],"predecessor-version":[{"id":11496,"href":"https:\/\/www.parafiawierzbno.com.pl\/index.php?rest_route=\/wp\/v2\/pages\/10713\/revisions\/11496"}],"wp:attachment":[{"href":"https:\/\/www.parafiawierzbno.com.pl\/index.php?rest_route=%2Fwp%2Fv2%2Fmedia&parent=10713"}],"curies":[{"name":"wp","href":"https:\/\/api.w.org\/{rel}","templated":true}]}}