{"id":10721,"date":"2022-05-01T13:47:59","date_gmt":"2022-05-01T11:47:59","guid":{"rendered":"https:\/\/www.parafiawierzbno.com.pl\/?page_id=10721"},"modified":"2022-05-30T10:07:39","modified_gmt":"2022-05-30T08:07:39","slug":"ogloszenia-maj-2022","status":"publish","type":"page","link":"https:\/\/www.parafiawierzbno.com.pl\/?page_id=10721","title":{"rendered":"Og\u0142oszenia &#8211; Maj 2022"},"content":{"rendered":"<p><a title=\"Og\u0142oszenia parafialne\" href=\"https:\/\/www.parafiawierzbno.com.pl\/?page_id=225\">Powr\u00f3t do listy og\u0142osze\u0144<\/a><\/p>\n<h4 style=\"text-align: center;\"><strong>WNIEBOWST\u0104PIENIE PA\u0143SKIE<\/strong><br \/>\n<strong>29 maja 2022<\/strong><br \/>\n<strong>OG\u0141OSZENIA DUSZPASTERSKIE<\/strong><\/h4>\n<p>1. Dzi\u015b przypada uroczysto\u015b\u0107 Wniebowst\u0105pienia Pa\u0144skiego. \u015awi\u0119ty \u0141ukasz w Dziejach Apostolskich zanotowa\u0142, \u017ce Jezus w obecno\u015bci Aposto\u0142\u00f3w uni\u00f3s\u0142 si\u0119 w g\u00f3r\u0119 i ob\u0142ok zabra\u0142 Go im sprzed oczu. Modlimy si\u0119 dzisiaj, aby Dobry B\u00f3g \u201ewzbudzi\u0142 w nas pragnienie nieba, gdzie Chrystus, jako pierwszy z ludzi, przebywa z Bogiem\u201d &nbsp;<\/p>\n<p>2. Dzisiaj taca ekonomiczna na remont dzwonnicy. Taca z kwietnia 1632. B\u00f3g zap\u0142a\u0107.<\/p>\n<p>3. We wtorek, 31 maja, przypada liturgiczne \u015bwi\u0119to Nawiedzenia Naj\u015bwi\u0119tszej Maryi Panny. B\u0119dziemy wpatrywali si\u0119 w Maryj\u0119, kt\u00f3ra spieszy do swojej krewnej El\u017cbiety, b\u0119dziemy prosili o wra\u017cliwo\u015b\u0107 na potrzeby innych dla wszystkich uczni\u00f3w Chrystusa.<\/p>\n<p>4. W \u015brod\u0119, 1 czerwca, przypada Mi\u0119dzynarodowy Dzie\u0144 Dziecka. Zapraszam na Msz\u0119 \u015awi\u0119t\u0105 o godz. 18.00, w czasie kt\u00f3rej b\u0119dziemy modli\u0107 si\u0119 za wszystkie dzieci, aby wzrasta\u0142y w \u0142asce Bo\u017cej, m\u0105dro\u015bci i by\u0142y otaczane mi\u0142o\u015bci\u0105 i trosk\u0105 przez swoich rodzic\u00f3w.<\/p>\n<p>5. Rozpoczynamy miesi\u0105c czerwiec, kt\u00f3ry po\u015bwi\u0119cony jest Naj\u015bwi\u0119tszemu Sercu Pana Jezusa. Nabo\u017ce\u0144stwo czerwcowe o godz. 18.30. Serdecznie zapraszam na wsp\u00f3ln\u0105 modlitw\u0119.<\/p>\n<p>6. W tym tygodniu przypada pierwszy czwartek, pierwszy pi\u0105tek i pierwsza sobota miesi\u0105ca.<\/p>\n<p>W pi\u0105tek o godz. 17.00 wystawienie Naj\u015bwi\u0119tszego Sakramentu i adoracja do godz. 18.00.<\/p>\n<p>7. W najbli\u017csz\u0105 niedziel\u0119, 5 czerwca przypada uroczysto\u015b\u0107 Zes\u0142ania Ducha \u015awi\u0119tego. \u015awi\u0119towanie rozpoczniemy Msz\u0105 wigilii Zes\u0142ania Ducha \u015awi\u0119tego w sobot\u0119 o godz. 18.00. Uroczysto\u015b\u0107 Zes\u0142ania Ducha \u015awi\u0119tego ko\u0144czy okres Wielkanocy. Codziennie przygotowujemy si\u0119 do uroczysto\u015bci Zes\u0142ania Ducha \u015awi\u0119tego przez nowenn\u0119.<\/p>\n<p>8. B\u0119dzie to jednocze\u015bnie pierwsza niedziela czerwca, kt\u00f3ra obchodzona jest jako Dzie\u0144 Dzi\u0119kczynienia. Z racji pierwszej niedzieli Wystawienie Naj\u015bwi\u0119tszego Sakramentu i adoracja po Mszy \u015awi\u0119tej o godz. 11.00 i procesja Eucharystyczna.<\/p>\n<p>9. Dzieci, kt\u00f3re w tym roku przyst\u0105pi\u0142y do I Komunii \u015bwi\u0119tej z\u0142o\u017cy\u0142y na misje 580 z\u0142.<\/p>\n<p>10. W przysz\u0142\u0105 niedziel\u0119 po Mszy \u015bwi\u0119tej o godz.11.00 spotkanie z III i IV klas\u0105 i ich rodzicami.<\/p>\n<p>11.&nbsp;Dzi\u0119kuj\u0119 za sprz\u0105tanie ko\u015bcio\u0142a rodzinom Henryk \u0141ukasiak,&nbsp; Mariusz Chabiera, Grzegorz Bia\u0142ousz. W przysz\u0142ym tygodniu zapraszam rodziny Kazimierz Grabowski, Beata Chabiera, Andrzej Chabiera z Wierzbna<\/p>\n<p>12. Na stoliku wy\u0142o\u017cony jest nowy numer Echa katolickiego.<\/p>\n<p>13. Wszystkim solenizantom i jubilatom, kt\u00f3rzy b\u0119d\u0105 prze\u017cywali swoje \u015bwi\u0119to w najbli\u017cszych dniach, \u017cycz\u0119 Bo\u017cego b\u0142og. i obfito\u015bci Bo\u017cych \u0142ask.<\/p>\n<p>14. W minionym tygodniu z naszej wsp\u00f3lnoty odesz\u0142a do wieczno\u015bci: + Zofia Zagrodzka l. 89 z Jaworka. Wieczny odpoczynek racz jej da\u0107 Panie\u2026.<\/p>\n<h4 style=\"text-align: center;\"><strong>SZ\u00d3STA NIEDZIELA WIELKANOCY<br \/>\n22 maja 2022<br \/>\n<\/strong><strong>OG\u0141OSZENIA DUSZPASTERSKIE<\/strong><\/h4>\n<p>1. Dzi\u015b sz\u00f3sta niedziela Wielkanocy. S\u0142owo Bo\u017ce przypomina nam, \u017ce mi\u0142o\u015b\u0107 do Zbawiciela wyra\u017ca si\u0119 w zachowywaniu Jego nauki. Niech udzia\u0142 w tajemnicy paschalnej Jezusa Chrystusa, celebrowanej w Eucharystii, umacnia nasz\u0105 mi\u0142o\u015b\u0107 do Zmartwychwsta\u0142ego Pana i&nbsp;pomaga zachowywa\u0107 Jego s\u0142owa w codziennym \u017cyciu.<\/p>\n<p>2. Jutro, w poniedzia\u0142ek, pocz\u0105tek Dni modlitw o urodzaje i za kraje g\u0142oduj\u0105ce. Przez trzy kolejne dni b\u0119dziemy prosili o obfite plony, b\u0142ogos\u0142awie\u0144stwo Bo\u017ce i szacunek dla pracuj\u0105cych na roli, a tak\u017ce o to, aby nigdzie na \u015bwiecie nie brakowa\u0142o ludziom podstawowych \u015brodk\u00f3w do \u017cycia.&nbsp;<\/p>\n<p>3. We wtorek, 24 maja, przypada liturgiczne wspomnienie Naj\u015bwi\u0119tszej Maryi Panny Wspomo\u017cycielki Wiernych. Na pro\u015bb\u0119 papie\u017ca Benedykta XVI jest to Dzie\u0144 modlitw Ko\u015bcio\u0142a powszechnego za Ko\u015bci\u00f3\u0142 w Chinach.<\/p>\n<p>4. W czwartek, 26 maja, przypada Dzie\u0144 Matki. Pami\u0119tajmy tego dnia o naszych mamach. Zapraszamy na Msz\u0119 \u015awi\u0119t\u0105 o godz. 18.00 B\u0119dziemy modli\u0107 si\u0119 za wszystkie mamy, \u017cyj\u0105cym wyprasza\u0107 Bo\u017ce b\u0142ogos\u0142awie\u0144stwo i opiek\u0119 Matki Naj\u015bwi\u0119tszej, a dla zmar\u0142ych \u0142ask\u0119 \u017cycia wiecznego. Planowana jest dla mam niespodzianka.<\/p>\n<p>5. W pi\u0105tek, 27 maja, &nbsp;rozpoczniemy nowenn\u0119 przed uroczysto\u015bci\u0105 Zes\u0142ania Ducha \u015awi\u0119tego.<\/p>\n<p>7. Nabo\u017ce\u0144stwo majowe w naszym ko\u015bciele codziennie o godz. 18.30. Zapraszam, aby \u015bpiewem Litanii Loreta\u0144skiej wyprasza\u0107 opiek\u0119 Matki Zbawiciela.&nbsp;<\/p>\n<p>8. W najbli\u017csz\u0105 niedziel\u0105 przypada uroczysto\u015b\u0107 Wniebowst\u0105pienia Pa\u0144skiego. Nowenna do Ducha \u015awi\u0119tego po Mszy \u015awi\u0119tej o godz. 11.00<\/p>\n<p>9. W dniu wczorajszym dziesi\u0119cioro dzieci z naszej parafii po raz pierwszy przyj\u0119\u0142o do swego serca Pana Jezusa. Przez ca\u0142y tydzie\u0144 te dzieci b\u0119d\u0105 gromadzi\u0142y si\u0119 na Mszy \u015bw. w ramach bia\u0142ego tygodnia. Polecajmy ich dobremu Bogu w naszych modlitwach. Dzi\u0119kuj\u0119 rodzicom tych dzieci za dar o\u0142tarza ornat z motywem wielkanocnym i \u015bwiece o\u0142tarzowe.<\/p>\n<p>10. Przysz\u0142a niedziela jest ostatni\u0105 niedziel\u0105 miesi\u0105ca. Taca ekonomiczna.<\/p>\n<p>10.&nbsp;Dzi\u0119kuj\u0119 za sprz\u0105tanie ko\u015bcio\u0142a rodzicom dzieci z kl. III. W przysz\u0142ym tygodniu zapraszam rodziny Henryk \u0141ukasiak, &nbsp;Mariusz Chabiera, Grzegorz Bia\u0142ousz z Wierzbna<\/p>\n<p>11. Na stoliku wy\u0142o\u017cony jest nowy numer Echa katolickiego.<\/p>\n<p>12. Wszystkim solenizantom i jubilatom, kt\u00f3rzy b\u0119d\u0105 prze\u017cywali swoje \u015bwi\u0119to w najbli\u017cszych dniach, \u017cycz\u0119 Bo\u017cego b\u0142og. i obfito\u015bci Bo\u017cych \u0142ask.<\/p>\n<h4 style=\"text-align: center;\"><strong>PI\u0104TA NIEDZIELA WIELKANOCY<br \/>\n15 maja 2022<br \/>\n<\/strong><strong>OG\u0141OSZENIA DUSZPASTERSKIE<\/strong><\/h4>\n<p>1. Dzi\u015b pi\u0105ta niedziela Wielkanocy. Po raz kolejny gromadzimy si\u0119 na \u015awi\u0119tej Wieczerzy, aby pokrzepia\u0107 si\u0119 s\u0142owem Bo\u017cym i Chlebem eucharystycznym. Umocnieni Bo\u017cymi darami b\u0119dziemy wkracza\u0107 w nowe wyzwania kolejnego tygodnia i dawa\u0107 \u015bwiadectwo wiary w&nbsp;Zmartwychwsta\u0142ego Pana.&nbsp;<\/p>\n<p>2. W poniedzia\u0142ek, 16 maja, przypada \u015bwi\u0119to \u015awi\u0119tego Andrzeja Boboli, patrona Polski. By\u0142 on jezuickim kap\u0142anem, gorliwym g\u0142osicielem Ewangelii, kt\u00f3ry pracowa\u0142 na rzecz jedno\u015bci Ko\u015bcio\u0142a i ojczyzny. Zgin\u0105\u0142 \u015bmierci\u0105 m\u0119cze\u0144sk\u0105 w 1657 roku. Niech jego wstawiennictwo wyprasza dar jedno\u015bci naszym ma\u0142ym wsp\u00f3lnotom oraz ca\u0142ej ojczy\u017anie.<\/p>\n<p>3. W \u015brod\u0119, 18 maja, przypada 102. rocznica urodzin \u015awi\u0119tego Jana Paw\u0142a II. To kolejna okazja, aby odkrywa\u0107 na nowo s\u0142owa naszego Wielkiego Rodaka. On ca\u0142e \u017cycie zawierzy\u0142 Bogu przez r\u0119ce Maryi. Niech jego wstawiennictwo oraz or\u0119downictwo Naj\u015bwi\u0119tszej Maryi Panny wyprasza nam Bo\u017c\u0105 pomoc w naszym codziennym \u017cyciu.<\/p>\n<p>4. Spowied\u017a dla dzieci z kl. III i ich rodzin w pi\u0105tek o godz. 16.00. Natomiast w sobot\u0119 o godz. 11.00 uroczysto\u015b\u0107 I Komunii \u015bwi\u0119tej.<\/p>\n<p>5. Nabo\u017ce\u0144stwa majowe w naszej \u015bwi\u0105tyni codziennie o godz. 18.00, lub 18.30, w niedziele po Mszy \u015bwi\u0119tej o godz. 11.00. Zapraszam na wsp\u00f3ln\u0105 modlitw\u0119, aby uwielbia\u0107 Matk\u0119 Zbawiciela \u015bpiewem Litanii loreta\u0144skiej.<\/p>\n<p>6. Po\u015bwi\u0119cenie p\u00f3l dzisiaj o 15.30 w Wierzbnie, &nbsp;w poniedzia\u0142ek od 16.00 \u2013 \u015aobo\u0144,&nbsp; na zako\u0144czenie Msza swi\u0119ta w ko\u015bciele.<\/p>\n<p>7. Dzisiaj &nbsp;po Mszy \u015bw. o godz. 11.00 spotkanie z rodzicami dzieci kl. IV<\/p>\n<p>8. W pi\u0105tek rozpocz\u0119li\u015bmy nowenn\u0119 przed uroczysto\u015bci\u0105 beatyfikacji Pauliny Jaricot. Codziennie na zako\u0144czenie nabo\u017ce\u0144stwa Majowego.<\/p>\n<p>9. 4 czerwca planowana jest pielgrzymka do Cz\u0119stochowy dla Si\u00f3str z K\u017bR. Zapisy u p. Pi\u00f3rek<\/p>\n<p>10. Dla Druh\u00f3w Stra\u017cak\u00f3w z\u0142o\u017cono 2072 z\u0142. B\u00f3g zap\u0142a\u0107.<\/p>\n<p>10.&nbsp;Dzi\u0119kuj\u0119 za sprz\u0105tanie ko\u015bcio\u0142a rodzinom&nbsp; Ma\u0142gorzata Malinowska, Zdzis\u0142aw Kornatko, Przemys\u0142aw \u015awiderski z Wierzbna. W przysz\u0142ym tygodniu zapraszam rodzic\u00f3w dzieci z kl. III.<\/p>\n<p>11. Na stoliku wy\u0142o\u017cony jest nowy numer Echa katolickiego.<\/p>\n<p>12. Wszystkim solenizantom i jubilatom, kt\u00f3rzy b\u0119d\u0105 prze\u017cywali swoje \u015bwi\u0119to w najbli\u017cszych dniach, \u017cycz\u0119 Bo\u017cego b\u0142og. i obfito\u015bci Bo\u017cych \u0142ask.<\/p>\n<h4 style=\"text-align: center;\"><strong>CZWARTA NIEDZIELA WIELKANOCY<\/strong><br \/>\n<strong>8 maja 2022<\/strong><br \/>\n<strong>OG\u0141OSZENIA DUSZPASTERSKIE<\/strong><\/h4>\n<p>1. Dzi\u015b czwarta niedziela Wielkanocy, kt\u00f3r\u0105 nazywamy popularnie Niedziel\u0105 Dobrego Pasterza. Dzi\u015b przypada \u015awiatowy Dzie\u0144 Modlitw o Powo\u0142ania Kap\u0142a\u0144skie i Zakonne. Prosimy Jezusa Chrystusa, Dobrego Pasterza, aby nie zabrak\u0142o g\u0142osicieli Ewangelii i szafarzy sakrament\u00f3w \u015bwi\u0119tych. Nasz\u0105 modlitw\u0105 obejmujemy wszystkich, kt\u00f3rzy odpowiedzieli na g\u0142os Bo\u017cego wezwania i przygotowuj\u0105 si\u0119 do kap\u0142a\u0144stwa w naszym diecezjalnym seminarium.<\/p>\n<p>2. Dzisiejsza niedziela rozpoczyna Kwartalne dni modlitw o powo\u0142ania do s\u0142u\u017cby w Ko\u015bciele.<\/p>\n<p>3. Ofiary sk\u0142adane dzisiaj na tac\u0119 s\u0105 przeznaczone na WSD Siedlce.<\/p>\n<p>4. Jutro, 9 maja, przypada uroczysto\u015b\u0107 \u015awi\u0119tego Stanis\u0142awa, biskupa i m\u0119czennika, g\u0142\u00f3wnego patrona Polski, przeniesiona z 8 maja ze wzgl\u0119du na przypadaj\u0105c\u0105 niedziel\u0119 wielkanocn\u0105. B\u0119dziemy wzywa\u0107 jego or\u0119downictwa i wyprasza\u0107 Bo\u017c\u0105 pomoc dla naszej ojczyzny.<\/p>\n<p>5. W sobot\u0119, 14 maja, \u015bwi\u0119to \u015awi\u0119tego Macieja Aposto\u0142a, kt\u00f3ry do\u0142\u0105czy\u0142 do grona Dwunastu po \u015bmierci Judasza.<\/p>\n<p>6. W naszej \u015bwi\u0105tyni nabo\u017ce\u0144stwa majowe w dni powszednie o godz. 18.00 lub 18.30, w niedziel\u0119 po Mszy \u015bwi\u0119tej o&nbsp;godz. 11.00. Serdecznie zapraszam, aby \u015bpiewem Litanii loreta\u0144skiej wyprasza\u0107 wstawiennictwo Naj\u015bwi\u0119tszej Maryi Panny w naszych codziennych potrzebach. Tych, kt\u00f3rzy nie mog\u0105 uczestniczy\u0107 w nabo\u017ce\u0144stwach majowych w ko\u015bciele, zach\u0119cam do modlitwy przy przydro\u017cnych kapliczkach oraz w domach rodzinnych.<\/p>\n<p>7. Po\u015bwi\u0119cenie p\u00f3l w poniedzia\u0142ek od 15.30 \u2013 Wygl\u0119d\u00f3wek, , we \u015brod\u0119 W\u00f3lka i \u015awidno&nbsp;w sobot\u0119&nbsp; \u2013 Jan\u00f3wek, w niedziel\u0119 Wierzbno . Msza \u015bwi\u0119ta b\u0119dzie sprawowana w ko\u015bciele.<\/p>\n<p>8. W przysz\u0142\u0105 niedziel\u0119 po Mszy \u015bw. o godz. 11.00 spotkanie z rodzicami dzieci kl. IV<\/p>\n<p>9. W minionym tygodniu na remont dzwonnicy zosta\u0142a z\u0142o\u017cona ofiara 200 z\u0142., bezimienna Wierzbna. B\u00f3g zap\u0142a\u0107.<\/p>\n<p>10.&nbsp;Dzi\u0119kuj\u0119 za sprz\u0105tanie ko\u015bcio\u0142a rodzinom Adam Trzeci\u0144ski, Helena Bia\u0142ousz, Jan Karaban z Wierzbna. W przysz\u0142ym tygodniu zapraszam rodziny Ma\u0142gorzata Malinowska, Zdzis\u0142aw Kornatko, Przemys\u0142aw \u015awiderski z Wierzbna.<\/p>\n<p>11. Na stoliku wy\u0142o\u017cony jest nowy numer Echa katolickiego.<\/p>\n<p>12. Wszystkim solenizantom i jubilatom, kt\u00f3rzy b\u0119d\u0105 prze\u017cywali swoje \u015bwi\u0119to w najbli\u017cszych dniach, \u017cycz\u0119 Bo\u017cego b\u0142og. i obfito\u015bci Bo\u017cych \u0142ask.<\/p>\n<h4 style=\"text-align: center;\"><strong>TRZECIA NIEDZIELA WIELKANOCY <\/strong><br \/>\n<strong>1 maja 2022<\/strong><br \/>\n<strong>OG\u0141OSZENIA DUSZPASTERSKIE<\/strong><\/h4>\n<p>1. Dzi\u015b trzecia niedziela Wielkanocy. Trwamy w rado\u015bci ze zmartwychwstania Chrystusa. Aposto\u0142owie do\u015bwiadczyli Jego mocy, kiedy dokonali cudownego po\u0142owu ryb. Niech moc Chrystusa, kt\u00f3rej do\u015bwiadczyli\u015bmy w Eucharystii, uzdalnia nas do podejmowania codziennych obowi\u0105zk\u00f3w.<\/p>\n<p>2. W ca\u0142ej Polsce obchodzona jest dzisiaj po raz kolejny Niedziela Biblijna, rozpoczynaj\u0105ca Tydzie\u0144 Biblijny. To zach\u0119ta do lektury i rozwa\u017cania tekst\u00f3w Pisma \u015awi\u0119tego. \u201eNieznajomo\u015b\u0107 Pisma \u015awi\u0119tego jest nieznajomo\u015bci\u0105 Chrystusa\u201d \u2013 m\u00f3wi\u0142 \u015awi\u0119ty Hieronim.<\/p>\n<p>3. Z racji pierwszej niedzieli miesi\u0105ca wystawienie Naj\u015bwi\u0119tszego Sakramentu i nabo\u017ce\u0144stwo majowe oraz procesja po Mszy \u015awi\u0119tej o godz. 11.00.<\/p>\n<p>4. Dzi\u015b rozpoczynamy miesi\u0105c maj, w kt\u00f3rym w spos\u00f3b szczeg\u00f3lny b\u0119dziemy oddawa\u0107 cze\u015b\u0107 Matce Zbawiciela. W naszej \u015bwi\u0105tyni nabo\u017ce\u0144stwo majowe w dni powszednie o godz. 18.30, w&nbsp;niedziel\u0119 o godz. 12.00 Niech \u015bpiew&nbsp; Litanii loreta\u0144skiej wyprasza nam wstawiennictwo Naj\u015bwi\u0119tszej Maryi Panny w naszych codziennych potrzebach. Zach\u0119cam do modlitwy przy przydro\u017cnych kapliczkach oraz domach rodzinnych.<\/p>\n<p>5. Dzi\u015b tak\u017ce przypada \u015awi\u0119to Pracy. Nasz\u0105 modlitw\u0105 wspieramy wszystkich pracownik\u00f3w i&nbsp;pracodawc\u00f3w, aby podejmowali uczciwie swoje obowi\u0105zki. Jutro za\u015b, 2 maja, przypada Dzie\u0144 Polonii oraz Dzie\u0144 Flagi Narodowej.<\/p>\n<p>6. We wtorek, 3 maja, przypada uroczysto\u015b\u0107 Naj\u015bwi\u0119tszej Maryi Panny, Kr\u00f3lowej Polski, g\u0142\u00f3wnej Patronki naszej ojczyzny. To tak\u017ce kolejna rocznica uchwalenia Konstytucji 3 Maja w 1791 roku. Msze \u015awi\u0119te w naszej \u015bwi\u0105tyni b\u0119d\u0105 sprawowane o godz. 9.00 i 11.00. O godz. 11.00 b\u0119dzie sprawowana Msza \u015bw. w intencji stra\u017cak\u00f3w. Ofiary sk\u0142adane na tac\u0119 tego dnia b\u0119d\u0105 przeznaczone do dyspozycji OSP Wierzbno.<\/p>\n<p>7. W tym tygodniu przypada pierwszy czwartek, pierwszy pi\u0105tek i pierwsza sobota miesi\u0105ca:<\/p>\n<p>&#8211; w pi\u0105tek adoracja Naj\u015bwi\u0119tszego Sakramentu od godz. 17.00&nbsp; nast\u0119pnie nabo\u017ce\u0144stwo majowe<\/p>\n<p>8. Po\u015bwi\u0119cenie p\u00f3l w \u015brod\u0119 od 15.00 \u2013 Las Jaworski i Helen\u00f3w, &nbsp;w sobot\u0119&nbsp; \u2013 Jaworek . Msza \u015bwi\u0119ta b\u0119dzie sprawowana w ko\u015bciele.<\/p>\n<p>9. W najbli\u017csz\u0105 niedziel\u0119, 8 maja, przypada czwarta niedziela Wielkanocy, nazywana popularnie Niedziel\u0105 Dobrego Pasterza. B\u0119dziemy obchodzi\u0107 j\u0105 po raz kolejny jako \u015awiatowy Dzie\u0144 Modlitw o Powo\u0142ania Kap\u0142a\u0144skie. Ofiary sk\u0142adane na tac\u0119 s\u0105 przeznaczone na WSD Siedlce.<\/p>\n<p>10. W przysz\u0142\u0105 niedziel\u0119 po Mszy \u015bw. o godz. 9.00 zmiana tajemnic dla rodzic\u00f3w modl\u0105cych si\u0119 za dzieci a o godz. 10.30 r\u00f3\u017caniec za zmar\u0142ych z Helenowa i Lasu Jaworskiego.<\/p>\n<p>11. W minionym tygodniu na remont dzwonnicy zosta\u0142a z\u0142o\u017cona ofiara 200 z\u0142., przez p. Ryszarda Kujaw\u0119 z Wierzbna. B\u00f3g zap\u0142a\u0107.<\/p>\n<p>12. Pa\u0144stwo Krystyna i Roman Gog\u0142oza ofiarowali ornat maryjny. B\u00f3g zap\u0142a\u0107.<\/p>\n<p>13.&nbsp;Dzi\u0119kuj\u0119 za sprz\u0105tanie ko\u015bcio\u0142a rodzinom Kujawa, Jadwiga Kra\u015bny, Szczepan Tomkiewicz&nbsp; z Wierzbna. W przysz\u0142ym tygodniu zapraszam rodziny Adam Trzeci\u0144ski, Helena Bia\u0142ousz, Jan Karaban z Wierzbna.<\/p>\n<p>14. Na stoliku wy\u0142o\u017cony jest nowy numer Echa katolickiego.<\/p>\n<p>15. Wszystkim solenizantom i jubilatom, kt\u00f3rzy b\u0119d\u0105 prze\u017cywali swoje \u015bwi\u0119to w najbli\u017cszych dniach, \u017cycz\u0119 Bo\u017cego b\u0142og. i obfito\u015bci Bo\u017cych \u0142ask.<\/p>\n","protected":false},"excerpt":{"rendered":"<p>Powr\u00f3t do listy og\u0142osze\u0144 WNIEBOWST\u0104PIENIE PA\u0143SKIE 29 maja 2022 OG\u0141OSZENIA DUSZPASTERSKIE 1. Dzi\u015b przypada uroczysto\u015b\u0107 Wniebowst\u0105pienia Pa\u0144skiego. \u015awi\u0119ty \u0141ukasz w Dziejach Apostolskich zanotowa\u0142, \u017ce Jezus w obecno\u015bci Aposto\u0142\u00f3w uni\u00f3s\u0142 si\u0119 w g\u00f3r\u0119 i ob\u0142ok zabra\u0142 Go im sprzed oczu. Modlimy si\u0119 dzisiaj, aby Dobry B\u00f3g \u201ewzbudzi\u0142 w nas pragnienie nieba, gdzie Chrystus, jako pierwszy z ludzi, przebywa z Bogiem\u201d &nbsp; 2. Dzisiaj taca ekonomiczna na remont dzwonnicy. Taca z kwietnia 1632. B\u00f3g zap\u0142a\u0107. 3. We wtorek, 31 maja, przypada liturgiczne \u015bwi\u0119to Nawiedzenia Naj\u015bwi\u0119tszej Maryi Panny. B\u0119dziemy wpatrywali si\u0119 w Maryj\u0119, kt\u00f3ra spieszy do swojej krewnej El\u017cbiety, b\u0119dziemy prosili o wra\u017cliwo\u015b\u0107 na potrzeby innych dla wszystkich uczni\u00f3w Chrystusa. 4. W \u015brod\u0119, 1 czerwca, przypada Mi\u0119dzynarodowy Dzie\u0144 Dziecka. Zapraszam na Msz\u0119 \u015awi\u0119t\u0105 o godz. 18.00, w czasie kt\u00f3rej b\u0119dziemy modli\u0107 si\u0119 za wszystkie dzieci, aby wzrasta\u0142y w \u0142asce Bo\u017cej, m\u0105dro\u015bci i by\u0142y otaczane mi\u0142o\u015bci\u0105 i trosk\u0105 przez swoich rodzic\u00f3w. 5. Rozpoczynamy miesi\u0105c \u2026 <a class=\"continue-reading-link\" href=\"https:\/\/www.parafiawierzbno.com.pl\/?page_id=10721\">Czytaj dalej <span class=\"meta-nav\">&rarr; <\/span><\/a><\/p>\n","protected":false},"author":1,"featured_media":0,"parent":225,"menu_order":0,"comment_status":"closed","ping_status":"closed","template":"","meta":{"ngg_post_thumbnail":0},"_links":{"self":[{"href":"https:\/\/www.parafiawierzbno.com.pl\/index.php?rest_route=\/wp\/v2\/pages\/10721"}],"collection":[{"href":"https:\/\/www.parafiawierzbno.com.pl\/index.php?rest_route=\/wp\/v2\/pages"}],"about":[{"href":"https:\/\/www.parafiawierzbno.com.pl\/index.php?rest_route=\/wp\/v2\/types\/page"}],"author":[{"embeddable":true,"href":"https:\/\/www.parafiawierzbno.com.pl\/index.php?rest_route=\/wp\/v2\/users\/1"}],"replies":[{"embeddable":true,"href":"https:\/\/www.parafiawierzbno.com.pl\/index.php?rest_route=%2Fwp%2Fv2%2Fcomments&post=10721"}],"version-history":[{"count":7,"href":"https:\/\/www.parafiawierzbno.com.pl\/index.php?rest_route=\/wp\/v2\/pages\/10721\/revisions"}],"predecessor-version":[{"id":10740,"href":"https:\/\/www.parafiawierzbno.com.pl\/index.php?rest_route=\/wp\/v2\/pages\/10721\/revisions\/10740"}],"up":[{"embeddable":true,"href":"https:\/\/www.parafiawierzbno.com.pl\/index.php?rest_route=\/wp\/v2\/pages\/225"}],"wp:attachment":[{"href":"https:\/\/www.parafiawierzbno.com.pl\/index.php?rest_route=%2Fwp%2Fv2%2Fmedia&parent=10721"}],"curies":[{"name":"wp","href":"https:\/\/api.w.org\/{rel}","templated":true}]}}