{"id":10743,"date":"2022-06-12T13:20:59","date_gmt":"2022-06-12T11:20:59","guid":{"rendered":"https:\/\/www.parafiawierzbno.com.pl\/?page_id=10743"},"modified":"2022-06-27T09:37:25","modified_gmt":"2022-06-27T07:37:25","slug":"ogloszenia-czerwiec-2022","status":"publish","type":"page","link":"https:\/\/www.parafiawierzbno.com.pl\/?page_id=10743","title":{"rendered":"Og\u0142oszenia &#8211; Czerwiec 2022"},"content":{"rendered":"<p><a title=\"Og\u0142oszenia parafialne\" href=\"https:\/\/www.parafiawierzbno.com.pl\/?page_id=225\">Powr\u00f3t do listy og\u0142osze\u0144<\/a><\/p>\n<h4 style=\"text-align: center;\"><strong>TRZYNASTA NIEDZIELA W CI\u0104GU ROKU<\/strong><br \/>\n<strong>26 czerwca 2022<\/strong><br \/>\n<strong>OG\u0141OSZENIA DUSZPASTERSKIE<\/strong><\/h4>\n<p>1. Dzi\u015b trzynasta niedziela zwyk\u0142a w roku liturgicznym. W spos\u00f3b szczeg\u00f3lny prosimy Boga, aby nie ogarn\u0119\u0142y nas ciemno\u015bci b\u0142\u0119du oraz aby\u015bmy \u017cyli w blasku Bo\u017cej prawdy (kolekta mszalna).<\/p>\n<p>2. Dzisiaj taca ekonomiczna. W maju z\u0142o\u017cono 1672 z\u0142. B\u00f3g zap\u0142a\u0107.<\/p>\n<p>3. W \u015brod\u0119, 29 czerwca, przypada uroczysto\u015b\u0107 \u015awi\u0119tych Aposto\u0142\u00f3w Piotra i Paw\u0142a. \u015awi\u0119ty Piotr zosta\u0142 wybrany przez Jezusa na przewodnika Aposto\u0142\u00f3w, \u015awi\u0119ty Pawe\u0142 g\u0142osi\u0142 Ewangeli\u0119 w\u015br\u00f3d lud\u00f3w poga\u0144skich. Wed\u0142ug tradycji obaj ponie\u015bli \u015bmier\u0107 m\u0119cze\u0144sk\u0105 w Rzymie. \u015awi\u0119towanie rozpoczniemy ju\u017c Msz\u0105 wigilijn\u0105 we wtorkowy wiecz\u00f3r. Ofiary sk\u0142adane na tac\u0119 b\u0119d\u0105 przeznaczone na potrzeby Stolicy Apostolskiej.<\/p>\n<p>4. Uroczysto\u015b\u0107 \u015bw. Aposto\u0142\u00f3w Piotra i Paw\u0142a to tak\u017ce \u015bwi\u0119to naszej parafii \u2013 odpust parafialny. Sum\u0119 odpustow\u0105 o godz. 12.00 b\u0119dzie sprawowa\u0142 ks. Dariusz Denisiuk dyrektor biura pielgrzymkowego. Tego dnia Msze \u015bwi\u0119te o godz. 9.00 i 12.00.<\/p>\n<p>5. Nabo\u017ce\u0144stwo czerwcowe do czwartku w\u0142\u0105cznie b\u0119dziemy celebrowali po Mszy \u015awi\u0119tej o&nbsp;godz. 18.00 \u2013 serdecznie zapraszam.<\/p>\n<p>6. W tym tygodniu przypada pierwszy pi\u0105tek i pierwsza sobota miesi\u0105ca:<\/p>\n<p>&#8211; w pi\u0105tek o godz. 17.00 Wystawienie Naj\u015bwi\u0119tszego Sakramentu i adoracja zako\u0144czona nabo\u017ce\u0144stwem do Naj\u015bwi\u0119tszego Serca Pana Jezusa .<\/p>\n<p>&#8211; w sobot\u0119 wystawienie Naj\u015bwi\u0119tszego Sakramentu i nabo\u017ce\u0144stwo ku czci Matki Naj\u015bwi\u0119tszej po Mszy \u015awi\u0119tej o godz. 18.00<\/p>\n<p>7. Najbli\u017csza niedziela b\u0119dzie pierwsz\u0105 niedziel\u0105 miesi\u0105ca Wystawienie Naj\u015bwi\u0119tszego Sakramentu i adoracja po Mszy \u015awi\u0119tej o godz. 11.00 i procesja eucharystyczna.<\/p>\n<p>8.&nbsp;Dzi\u0119kuj\u0119 za sprz\u0105tanie ko\u015bcio\u0142a rodzinom Witold Pi\u00f3rek, Piotr Pi\u00f3rek, Miros\u0142aw Jaworowski z Wierzbna. W przysz\u0142ym tygodniu zapraszam rodziny Wojciech Popowski, Karol Patrykus, Waldemar Replin z Wierzbna<\/p>\n<p>9. Na stoliku wy\u0142o\u017cony jest nowy numer Echa katolickiego oraz broszurki dla rodzic\u00f3w.<\/p>\n<p>10. W tym roku wieniec do\u017cynkowy przygotowuj\u0105 mieszka\u0144cy Jan\u00f3wka.<\/p>\n<p>11. Wszystkim solenizantom i jubilatom, kt\u00f3rzy b\u0119d\u0105 prze\u017cywali swoje \u015bwi\u0119to w najbli\u017cszych dniach, \u017cycz\u0119 Bo\u017cego b\u0142og. i obfito\u015bci Bo\u017cych \u0142ask.<\/p>\n<p>12. W minionym tygodniu z naszej wsp\u00f3lnoty odesz\u0142a + Zofia Jarmu\u017cewska l. 94 z Jaworka. Wieczny odpoczynek racz jej da\u0107 Panie\u2026.<\/p>\n<h4 style=\"text-align: center;\"><strong>DWUNASTA NIEDZIELA W CI\u0104GU ROKU<br \/>\n19 czerwca 2022<br \/>\n<\/strong><strong>OG\u0141OSZENIA DUSZPASTERSKIE<\/strong><\/h4>\n<p>1. Dzi\u015b przypada dwunasta niedziela zwyk\u0142a w roku liturgicznym. Centrum ka\u017cdej niedzieli jest Eucharystia, czyli pami\u0105tk\u0105 m\u0119ki, \u015bmierci i zmartwychwstania Chrystusa. Te wydarzenia zbawcze przypominaj\u0105 nam o wielkiej mi\u0142o\u015bci Boga do cz\u0142owieka. Niech ta \u015bwiadomo\u015b\u0107 towarzyszy nam na drogach nowego tygodnia.&nbsp;<\/p>\n<p>2. Dzi\u0119kuj\u0119 serdecznie za udzia\u0142 w procesji z racji Bo\u017cego Cia\u0142a : Druhom Stra\u017cakom za asyst\u0119 i zabezpieczenie trasy, dzieciom za sypanie kwiatk\u00f3w i niesienie r\u00f3\u017ca\u0144ca, nios\u0105cy feretrony, chor\u0105gwie, oraz wszystkim uczestnicz\u0105cym.<\/p>\n<p>3. W czwartek, 23 czerwca, liturgiczna uroczysto\u015b\u0107 Narodzenia \u015awi\u0119tego Jana Chrzciciela. Ze wzgl\u0119du na przypadaj\u0105c\u0105 w pi\u0105tek uroczysto\u015b\u0107 Naj\u015bwi\u0119tszego Serca Pana Jezusa zosta\u0142a przeniesiona na dzie\u0144 23 czerwca.<\/p>\n<p>3. W czwartek, 23 czerwca, przypada Dzie\u0144 Ojca. Zapraszam na Msz\u0119 \u015awi\u0119t\u0105 o godz. 18.00. B\u0119dziemy \u017cyj\u0105cym wyprasza\u0107 obfito\u015b\u0107 Bo\u017cego b\u0142ogos\u0142awie\u0144stwa, a dla zmar\u0142ych \u2013 wieczn\u0105 nagrod\u0119<\/p>\n<p>4. Trwa oktawa Bo\u017cego Cia\u0142a zapraszam na Msz\u0119 \u015bw. o 18.00 i potem na procesj\u0119 eucharystyczn\u0105 wok\u00f3\u0142 ko\u015bcio\u0142a. Jak w ubieg\u0142ych latach do organizacji procesji wok\u00f3\u0142 \u015bwi\u0105tyni zapraszam mieszka\u0144c\u00f3w nast\u0119puj\u0105cych miejscowo\u015bci, w niedziel\u0119 po sumie \u2013 Jan\u00f3wek i Wygl\u0119d\u00f3wek, w poniedzia\u0142ek 20 czerwca \u2013 Sobo\u0144, we wtorek 21 czerwca \u2013 W\u00f3lka i \u015awidno, w \u015brod\u0119 22 czerwca \u2013 Helen\u00f3w i Las Jaworski, a w czwartek 23 czerwca \u2013 na zako\u0144czenie oktawy Bo\u017cego Cia\u0142a \u2013 ca\u0142\u0105 wsp\u00f3lnot\u0119 parafialn\u0105. Tradycyjnie po\u015bwi\u0119cenie wiank\u00f3w i b\u0142ogos\u0142awie\u0144stwo dzieci.<\/p>\n<p>5. W pi\u0105tek, 24 czerwca, przypada uroczysto\u015b\u0107 Naj\u015bwi\u0119tszego Serca Pana Jezusa. To tak\u017ce z&nbsp;inicjatywy \u015awi\u0119tego Jana Paw\u0142a II \u015awiatowy dzie\u0144 modlitw o u\u015bwi\u0119cenie kap\u0142an\u00f3w. Z racji uroczysto\u015bci nie obowi\u0105zuje wstrzemi\u0119\u017aliwo\u015b\u0107 od pokarm\u00f3w mi\u0119snych.<\/p>\n<p>6. Pi\u0105tek jest tak\u017ce dniem zako\u0144czenia roku szkolnego. Zapraszam dzieci i m\u0142odzie\u017c, nauczycieli i wychowawc\u00f3w na Msz\u0105 \u015awi\u0119t\u0105&nbsp; o godz. 8.00 w czasie kt\u00f3rej b\u0119dziemy w&nbsp;spos\u00f3b szczeg\u00f3lny dzi\u0119kowa\u0107 za trud ca\u0142orocznej pracy i prosi\u0107 o Bo\u017c\u0105 opiek\u0119 na czas wakacji.<\/p>\n<p>7. W sobot\u0119 b\u0119dziemy prze\u017cywali wspomnienie Niepokalanego Serca Maryi.<\/p>\n<p>8. Przysz\u0142a niedziela \u2013 ostatnia miesi\u0105ca. Taca ekonomiczna na remont dzwonnicy.<\/p>\n<p>9.&nbsp;Dzi\u0119kuj\u0119 za sprz\u0105tanie ko\u015bcio\u0142a rodzinom Mieczys\u0142aw Wal\u0119cki, Marianna Szyma\u0144ska, Maryla Wal\u0119cka z Wierzbna. W przysz\u0142ym tygodniu zapraszam rodziny Witold Pi\u00f3rek, Piotr Pi\u00f3rek, Miros\u0142aw Jaworowski&nbsp; z Wierzbna<\/p>\n<p>10. Na stoliku wy\u0142o\u017cony jest nowy numer Echa katolickiego oraz broszurki dla rodzic\u00f3w.<\/p>\n<p>11. Wszystkim solenizantom i jubilatom, kt\u00f3rzy b\u0119d\u0105 prze\u017cywali swoje \u015bwi\u0119to w najbli\u017cszych dniach, \u017cycz\u0119 Bo\u017cego b\u0142og. i obfito\u015bci Bo\u017cych \u0142ask.<\/p>\n<h4 style=\"text-align: center;\"><strong>NAJ\u015aWI\u0118TSZEJ TR\u00d3JCY<br \/>\n12 czerwca 2022<br \/>\n<\/strong><strong>OG\u0141OSZENIA DUSZPASTERSKIE<\/strong><\/h4>\n<p>1. Dzi\u015b uroczysto\u015b\u0107 Naj\u015bwi\u0119tszej Tr\u00f3jcy, w kt\u00f3rej Ko\u015bci\u00f3\u0142 wyznaje wiar\u0119 w Jednego Boga w&nbsp;Trzech Osobach. Ta prawda wiary przekracza mo\u017cliwo\u015bci naszego rozumu i pozostaje dla nas wielk\u0105 tajemnic\u0105. Najprostszym jej wyznaniem jest modlitwa \u201eChwa\u0142a Ojcu i Synowi, i&nbsp;Duchowi \u015awi\u0119temu (\u2026), a tak\u017ce znak krzy\u017ca. Dzi\u015b ko\u0144czy si\u0119 okres wielkanocnej Komunii \u015awi\u0119tej.<\/p>\n<p>2. We czwartek dzieci z kl. IV b\u0119d\u0105 prze\u017cywa\u0142y rocznic\u0119 I-wszej Komunii \u015bwi\u0119tej. Spowied\u017a w poniedzia\u0142ek, wtorek i we \u015brod\u0119.<\/p>\n<p>3. . W najbli\u017cszy czwartek uroczysto\u015b\u0107 Naj\u015bwi\u0119tszego Cia\u0142a i Krwi Chrystusa. Msze \u015awi\u0119te o godz. 9.00 i 11.00. Po Mszy \u015awi\u0119tej godz.. 11.00 wyruszymy ulicami z procesj\u0105 do czterech o\u0142tarzy. Zatroszczmy si\u0119 o przystrojenie mieszka\u0144, dom\u00f3w, by powita\u0107 Jezusa ukrytego w Naj\u015bwi\u0119tszym Sakramencie, kt\u00f3ry przychodzi do nas z b\u0142ogos\u0142awie\u0144stwem. Prosz\u0119 o przygotowanie czterech o\u0142tarzy zgodnie z tradycj\u0105.<br \/>\nDo udzia\u0142u w procesji zapraszam wszystkich, szczeg\u00f3lnie dzieci pierwszokomunijne , by uczestniczy\u0142y w procesji w strojach komunijnych. Dziewczynki zapraszam do sypania kwiat\u00f3w, ch\u0142opc\u00f3w do niesienia r\u00f3\u017ca\u0144ca. Prosz\u0119 o przygotowanie wszystkich &nbsp;chor\u0105gwi, feretron\u00f3w, obraz\u00f3w. Stra\u017cak\u00f3w prosz\u0119 &nbsp;do asysty i zabezpieczenia procesji.<\/p>\n<p>4. Przez oktaw\u0119 Bo\u017cego Cia\u0142a zapraszam na Msz\u0119 \u015bw. o 18.00 i potem na procesj\u0119 eucharystyczn\u0105 wok\u00f3\u0142 ko\u015bcio\u0142a. Jak w ubieg\u0142ych latach do organizacji procesji wok\u00f3\u0142 \u015bwi\u0105tyni zapraszam mieszka\u0144c\u00f3w nast\u0119puj\u0105cych miejscowo\u015bci: w pi\u0105tek 17 czerwca \u2013 Jaworek, w sobot\u0119 18 czerwca \u2013 Wierzbno, w niedziel\u0119 po sumie \u2013 Jan\u00f3wek i Wygl\u0119d\u00f3wek, w poniedzia\u0142ek 20 czerwca \u2013 Sobo\u0144, we wtorek 21 czerwca \u2013 W\u00f3lka i \u015awidno, w \u015brod\u0119 22 czerwca \u2013 Helen\u00f3w i Las Jaworski, a w czwartek 23 czerwca \u2013 na zako\u0144czenie oktawy Bo\u017cego Cia\u0142a \u2013 ca\u0142\u0105 wsp\u00f3lnot\u0119 parafialn\u0105. Tradycyjnie po\u015bwi\u0119cenie wiank\u00f3w i b\u0142ogos\u0142awie\u0144stwo dzieci.<\/p>\n<p>5. Nabo\u017ce\u0144stwo czerwcowe z Litani\u0105 do Serca Pana Jezusa codziennie po Mszy \u015awi\u0119tej o&nbsp;godz. 18.00 Serdecznie zapraszam, aby poprzez litanijne wezwania przeprasza\u0107 Boga za nasze grzechy i niewierno\u015bci.<\/p>\n<p>6. We czwartek imieniny obchodzi p. Aneta. Ju\u017c dzisiaj \u017cyczymy jej Bo\u017cego b\u0142og. i obfito\u015bci Bo\u017cych \u0142ask.<\/p>\n<p>7.&nbsp;Dzi\u0119kuj\u0119 za sprz\u0105tanie ko\u015bcio\u0142a rodzinom Krzysztof Twardowski, Danuta Szmankowska, Piotr Patrykus z Wierzbna. W przysz\u0142ym tygodniu zapraszam rodziny Mieczys\u0142aw Wal\u0119cki, Marianna Szyma\u0144ska, Maryla Wal\u0119cka z Wierzbna<\/p>\n<p>8. Na stoliku wy\u0142o\u017cony jest nowy numer Echa katolickiego oraz broszurki dla rodzic\u00f3w.<\/p>\n<p>9. Wszystkim solenizantom i jubilatom, kt\u00f3rzy b\u0119d\u0105 prze\u017cywali swoje \u015bwi\u0119to w najbli\u017cszych dniach, \u017cycz\u0119 Bo\u017cego b\u0142og. i obfito\u015bci Bo\u017cych \u0142ask.<\/p>\n<p>10. W minionym tygodniu &nbsp;odszed\u0142 do wieczno\u015bci: + Wincenty Lisiecki l. 79 z Wierzbna,. Wieczny odpoczynek racz mu da\u0107 Panie\u2026.<\/p>\n<h4 style=\"text-align: center;\"><strong>ZES\u0141ANIE DUCHA \u015aWI\u0118TEGO<br \/>\n5 czerwca 2022<br \/>\n<\/strong><strong>OG\u0141OSZENIA DUSZPASTERSKIE<\/strong><\/h4>\n<p>1. Dzi\u015b wraz z ca\u0142ym Ko\u015bcio\u0142em obchodzimy uroczysto\u015b\u0107 Zes\u0142ania Ducha \u015awi\u0119tego. Wspominamy dzie\u0144, kiedy na zgromadzonych w Wieczerniku Aposto\u0142\u00f3w zst\u0105pi\u0142 Duch \u015awi\u0119ty pod postaci\u0105 ognistych j\u0119zyk\u00f3w. Dzi\u0119ki Jego mocy uczniowie wyszli z Wieczernika, aby g\u0142osi\u0107 ca\u0142emu \u015bwiatu or\u0119dzie zbawienia. Dzi\u015b prosimy, aby \u201eDuch \u015awi\u0119ty da\u0142 nam g\u0142\u0119biej zrozumie\u0107 tajemnic\u0119 Eucharystii i doprowadzi\u0142 nas do ca\u0142ej prawdy\u201d . Niech nas umacnia swoimi darami, aby\u015bmy byli prawdziwymi \u015bwiadkami Chrystusa w&nbsp;dzisiejszym \u015bwiecie.<\/p>\n<p>2. Pierwsza niedziela czerwca corocznie obchodzona jest tak\u017ce jako Dzie\u0144 Dzi\u0119kczynienia. To szczeg\u00f3lna okazja, aby wyrazi\u0107 wdzi\u0119czno\u015b\u0107 za wszelkie dary Bo\u017cej dobroci.<\/p>\n<p>3. Jutro, 6 czerwca, przypada \u015bwi\u0119to Naj\u015bwi\u0119tszej Maryi Panny Matki Ko\u015bcio\u0142a. Pod krzy\u017cem Maryja zosta\u0142a dana za Matk\u0119 nie tylko \u015awi\u0119temu Janowi, ale tak\u017ce wszystkim ludziom. Towarzyszy wsp\u00f3lnocie Ko\u015bcio\u0142a od samego pocz\u0105tku. B\u0119dziemy wyprasza\u0107 Jej or\u0119downictwa w naszych codziennych potrzebach.<\/p>\n<p>5. We wtorek dzieci z kl. III i IV jad\u0105 do Niepokalanowa. S\u0105 jeszcze wolne miejsca.<\/p>\n<p>6. W czwartek, 9 czerwca, przypada \u015bwi\u0119to Jezusa Chrystusa, Najwy\u017cszego i Wiecznego Kap\u0142ana. Nasz\u0105 modlitewn\u0105 pami\u0119ci\u0105 pragniemy obj\u0105\u0107 wszystkich kap\u0142an\u00f3w i wyprasza\u0107 im Bo\u017c\u0105 pomoc oraz \u0142ask\u0119 wierno\u015bci na drodze powo\u0142ania, jak r\u00f3wnie\u017c wszystkich przygotowuj\u0105cych si\u0119 do kap\u0142a\u0144skiej pos\u0142ugi.<\/p>\n<p>7. Nabo\u017ce\u0144stwo czerwcowe z Litani\u0105 do Serca Pana Jezusa codziennie po Mszy \u015awi\u0119tej o&nbsp;godz. 18.00 Serdecznie zapraszam, aby poprzez litanijne wezwania przeprasza\u0107 Boga za nasze grzechy i niewierno\u015bci.<\/p>\n<p>8. W najbli\u017csz\u0105 niedziel\u0119, 12 czerwca, b\u0119dziemy obchodzili uroczysto\u015b\u0107 Naj\u015bwi\u0119tszej Tr\u00f3jcy. Warto przypomnie\u0107, \u017ce ko\u0144czy ona czas wielkanocnej Komunii \u015awi\u0119tej.<\/p>\n<p>9. W przysz\u0142\u0105 niedziel\u0119&nbsp; po Mszy \u015bw. o godz. 9.00 zmiana tajemnic r\u00f3\u017ca\u0144ca dla Rodzic\u00f3w modl\u0105cych si\u0119 za dzieci. A o 10.30 r\u00f3\u017caniec za zmar\u0142ych polecanych w wypominkach z Wierzbna.<\/p>\n<p>10.&nbsp;Dzi\u0119kuj\u0119 za sprz\u0105tanie ko\u015bcio\u0142a rodzinom Kazimierz Grabowski, Beata Chabiera, Andrzej Chabiera z Wierzbna. W przysz\u0142ym tygodniu zapraszam rodziny Krzysztof Twardowski, Danuta Szmankowska, Piotr Patrykus z Wierzbna<\/p>\n<p>11. Na stoliku wy\u0142o\u017cony jest nowy numer Echa katolickiego oraz broszurki dla rodzic\u00f3w.<\/p>\n<p>12. Wszystkim solenizantom i jubilatom, kt\u00f3rzy b\u0119d\u0105 prze\u017cywali swoje \u015bwi\u0119to w najbli\u017cszych dniach, \u017cycz\u0119 Bo\u017cego b\u0142og. i obfito\u015bci Bo\u017cych \u0142ask.<\/p>\n<p>13. W minionym tygodniu z naszej wsp\u00f3lnoty odesz\u0142a do wieczno\u015bci: + Anna Burgchardt l. 94 pochodz\u0105ca z Wierzbna, pochowana na miejscowym cmentarzu. Wieczny odpoczynek racz jej da\u0107 Panie\u2026.<\/p>\n","protected":false},"excerpt":{"rendered":"<p>Powr\u00f3t do listy og\u0142osze\u0144 TRZYNASTA NIEDZIELA W CI\u0104GU ROKU 26 czerwca 2022 OG\u0141OSZENIA DUSZPASTERSKIE 1. Dzi\u015b trzynasta niedziela zwyk\u0142a w roku liturgicznym. W spos\u00f3b szczeg\u00f3lny prosimy Boga, aby nie ogarn\u0119\u0142y nas ciemno\u015bci b\u0142\u0119du oraz aby\u015bmy \u017cyli w blasku Bo\u017cej prawdy (kolekta mszalna). 2. Dzisiaj taca ekonomiczna. W maju z\u0142o\u017cono 1672 z\u0142. B\u00f3g zap\u0142a\u0107. 3. W \u015brod\u0119, 29 czerwca, przypada uroczysto\u015b\u0107 \u015awi\u0119tych Aposto\u0142\u00f3w Piotra i Paw\u0142a. \u015awi\u0119ty Piotr zosta\u0142 wybrany przez Jezusa na przewodnika Aposto\u0142\u00f3w, \u015awi\u0119ty Pawe\u0142 g\u0142osi\u0142 Ewangeli\u0119 w\u015br\u00f3d lud\u00f3w poga\u0144skich. Wed\u0142ug tradycji obaj ponie\u015bli \u015bmier\u0107 m\u0119cze\u0144sk\u0105 w Rzymie. \u015awi\u0119towanie rozpoczniemy ju\u017c Msz\u0105 wigilijn\u0105 we wtorkowy wiecz\u00f3r. Ofiary sk\u0142adane na tac\u0119 b\u0119d\u0105 przeznaczone na potrzeby Stolicy Apostolskiej. 4. Uroczysto\u015b\u0107 \u015bw. Aposto\u0142\u00f3w Piotra i Paw\u0142a to tak\u017ce \u015bwi\u0119to naszej parafii \u2013 odpust parafialny. Sum\u0119 odpustow\u0105 o godz. 12.00 b\u0119dzie sprawowa\u0142 ks. Dariusz Denisiuk dyrektor biura pielgrzymkowego. Tego dnia Msze \u015bwi\u0119te o godz. 9.00 i 12.00. 5. Nabo\u017ce\u0144stwo czerwcowe do czwartku w\u0142\u0105cznie \u2026 <a class=\"continue-reading-link\" href=\"https:\/\/www.parafiawierzbno.com.pl\/?page_id=10743\">Czytaj dalej <span class=\"meta-nav\">&rarr; <\/span><\/a><\/p>\n","protected":false},"author":1,"featured_media":0,"parent":225,"menu_order":0,"comment_status":"closed","ping_status":"closed","template":"","meta":{"ngg_post_thumbnail":0},"_links":{"self":[{"href":"https:\/\/www.parafiawierzbno.com.pl\/index.php?rest_route=\/wp\/v2\/pages\/10743"}],"collection":[{"href":"https:\/\/www.parafiawierzbno.com.pl\/index.php?rest_route=\/wp\/v2\/pages"}],"about":[{"href":"https:\/\/www.parafiawierzbno.com.pl\/index.php?rest_route=\/wp\/v2\/types\/page"}],"author":[{"embeddable":true,"href":"https:\/\/www.parafiawierzbno.com.pl\/index.php?rest_route=\/wp\/v2\/users\/1"}],"replies":[{"embeddable":true,"href":"https:\/\/www.parafiawierzbno.com.pl\/index.php?rest_route=%2Fwp%2Fv2%2Fcomments&post=10743"}],"version-history":[{"count":5,"href":"https:\/\/www.parafiawierzbno.com.pl\/index.php?rest_route=\/wp\/v2\/pages\/10743\/revisions"}],"predecessor-version":[{"id":10754,"href":"https:\/\/www.parafiawierzbno.com.pl\/index.php?rest_route=\/wp\/v2\/pages\/10743\/revisions\/10754"}],"up":[{"embeddable":true,"href":"https:\/\/www.parafiawierzbno.com.pl\/index.php?rest_route=\/wp\/v2\/pages\/225"}],"wp:attachment":[{"href":"https:\/\/www.parafiawierzbno.com.pl\/index.php?rest_route=%2Fwp%2Fv2%2Fmedia&parent=10743"}],"curies":[{"name":"wp","href":"https:\/\/api.w.org\/{rel}","templated":true}]}}