{"id":10772,"date":"2022-08-07T22:02:18","date_gmt":"2022-08-07T20:02:18","guid":{"rendered":"https:\/\/www.parafiawierzbno.com.pl\/?page_id=10772"},"modified":"2022-08-28T19:28:47","modified_gmt":"2022-08-28T17:28:47","slug":"ogloszenia-sierpien-2022","status":"publish","type":"page","link":"https:\/\/www.parafiawierzbno.com.pl\/?page_id=10772","title":{"rendered":"Og\u0142oszenia &#8211; Sierpie\u0144 2022"},"content":{"rendered":"<h4><a title=\"Og\u0142oszenia parafialne\" href=\"https:\/\/www.parafiawierzbno.com.pl\/?page_id=225\">Powr\u00f3t do listy og\u0142osze\u0144<\/a><\/h4>\n<h4 style=\"text-align: center;\"><strong>DWUDZIESTA DRUGA NIEDZIELA W CI\u0104GU ROKU<br \/>\n28 sierpnia 2022<br \/>\n<\/strong><strong>OG\u0141OSZENIA DUSZPASTERSKIE<\/strong><\/h4>\n<p>1. Dzi\u015b ostatnia niedziela wakacji, w liturgii dwudziesta druga niedziela w ci\u0105gu roku ko\u015bcielnego. Eucharystia stanowi centrum niedzieli i \u017cycia chrze\u015bcija\u0144skiego. Niech sprawowanie tajemnicy paschalnej Chrystusa umacnia nas na drodze podejmowania codziennych obowi\u0105zk\u00f3w. Dzi\u015b prosimy Boga, aby wszystko co dobre w nas, nieustannie umacnia\u0142 i strzeg\u0142 (kolekta mszalna).<\/p>\n<p>2. Dzisiaj taca ekonomiczna na remont dzwonnicy. W lipcu z\u0142o\u017cono 1331 z\u0142. B\u00f3g zap\u0142a\u0107.<\/p>\n<p>3. O godz. 10.45 rozpoczniemy dzisiaj dzi\u0119kczynienie za tegoroczne zbiory.<\/p>\n<p>3. Jutro, 29 sierpnia, w liturgii b\u0119dziemy wspominali M\u0119cze\u0144stwo \u015awi\u0119tego Jana Chrzciciela. Za wierno\u015b\u0107 Bogu i Jego prawu zosta\u0142 zamordowany na rozkaz kr\u00f3la Heroda. Tym samym sta\u0142 si\u0119 kolejnym prorokiem, kt\u00f3ry odda\u0142 \u017cycie, b\u0119d\u0105c g\u0142osicielem Bo\u017cej prawdy.<\/p>\n<p>4. W czwartek, 1 wrze\u015bnia, pocz\u0105tek nowego roku szkolnego i katechetycznego. Zapraszam dzieci i m\u0142odzie\u017c, rodzic\u00f3w, wychowawc\u00f3w i nauczycieli na Msz\u0119 \u015awi\u0119t\u0105 o godz. 8.00. B\u0119dziemy prosili o Bo\u017ce b\u0142ogos\u0142awie\u0144stwo na trud pracy i nauki w nowym roku szkolnym.<\/p>\n<p>5. Tego dnia przypada tak\u017ce kolejna rocznica wybuchu II wojny \u015bwiatowej (83). Nasz\u0105 modlitewn\u0105 pami\u0119ci\u0105 b\u0119dziemy ogarniali wszystkich, kt\u00f3rzy zgin\u0119li w obronie naszej ojczyzny.<\/p>\n<p>6. Czwartek b\u0119dzie jednocze\u015bnie pierwszym czwartkiem miesi\u0105ca. Adoracja Naj\u015bwi\u0119tszego Sakramentu i modlitwa o u\u015bwi\u0119cenie kap\u0142an\u00f3w oraz o nowe powo\u0142ania po Mszy \u015bwi\u0119tej o godz. 18.00.<\/p>\n<p>7. Pi\u0105tek, 2 wrze\u015bnia, b\u0119dzie pierwszym pi\u0105tkiem miesi\u0105ca.Wystawienie Naj\u015bwi\u0119tszego Sakramentu o godz. 17.00 a nast\u0119pnie nabo\u017ce\u0144stwo do Naj\u015bwi\u0119tszego Serca Pana Jezusa.<\/p>\n<p>8. W sobot\u0119, 3 wrze\u015bnia, przypada pierwsza sobota miesi\u0105ca. Wystawienie Naj\u015bwi\u0119tszego Sakramentu i nabo\u017ce\u0144stwo ku czci Matki Naj\u015bwi\u0119tszej po Mszy \u015awi\u0119tej o godz. 17.30.<\/p>\n<p>9. Najbli\u017csza niedziela b\u0119dzie pierwsz\u0105 niedziel\u0105 miesi\u0105ca. Wystawienie Naj\u015bwi\u0119tszego Sakramentu ,&nbsp;adoracja i procesja Eucharystyczna po Mszy \u015awi\u0119tej o godz. 11.00.<\/p>\n<p>10. W przysz\u0142\u0105 niedziel\u0119 na Mszy \u015bwi\u0119tej o godz. 11.00 b\u0142ogos\u0142awie\u0144stwo tornistr\u00f3w.<\/p>\n<p>11.&nbsp;Dzi\u0119kuj\u0119 za sprz\u0105tanie ko\u015bcio\u0142a rodzinom Eugeniusz Kudelski, Krzysztof Chabiera, Wincenty Chabiera z Wierzbna. W przysz\u0142ym tygodniu zapraszam rodziny Adam Florowski, Jerzy Jachimowicz, Tomasz Jachimowicz z Wierzbna<\/p>\n<p>12. Na stoliku wy\u0142o\u017cony jest nowy numer Echa katolickiego oraz czasopisma katolickie<\/p>\n<p>13. Wszystkim solenizantom i jubilatom, kt\u00f3rzy b\u0119d\u0105 prze\u017cywali swoje \u015bwi\u0119to w najbli\u017cszych dniach, \u017cycz\u0119 Bo\u017cego b\u0142og. i obfito\u015bci Bo\u017cych \u0142ask.<\/p>\n<h4 style=\"text-align: center;\"><strong>DWUDZIESTA PIERWSZA NIEDZIELA W CI\u0104GU ROKU<br \/>\n21 sierpnia 2022<br \/>\n<\/strong><strong>OG\u0141OSZENIA DUSZPASTERSKIE<\/strong><\/h4>\n<p>1. Dzi\u015b dwudziesta pierwsza niedziela zwyk\u0142a w roku ko\u015bcielnym. Modlimy si\u0119 we wsp\u00f3lnocie Ko\u015bcio\u0142a, aby\u015bmy w\u015br\u00f3d zmienno\u015bci \u015bwiata tam wznie\u015bli nasze serca, gdzie s\u0105 prawdziwe rado\u015bci (kolekta mszalna). Niech w\u015br\u00f3d naszych codziennych obowi\u0105zk\u00f3w tego tygodnia nie zabraknie troski o blisko\u015b\u0107 Pana i warto\u015bci nieprzemijaj\u0105ce.&nbsp;<\/p>\n<p>2. Jutro, 22 sierpnia, w liturgii przypada wspomnienie Naj\u015bwi\u0119tszej Maryi Panny Kr\u00f3lowej. Maryj\u0119 mo\u017cemy nazywa\u0107 Kr\u00f3low\u0105, poniewa\u017c jest Matk\u0105 Jezusa Chrystusa, Kr\u00f3la Wszech\u015bwiata. Modlimy si\u0119, aby\u015bmy za Jej wstawiennictwem osi\u0105gn\u0119li chwa\u0142\u0119 przygotowan\u0105 dla nas w Kr\u00f3lestwie niebieskim (kolekta mszalna).<\/p>\n<p>3. We wtorek, 23 sierpnia, decyzj\u0105 Parlamentu Europejskiego z 2008 roku obchodzony jest&nbsp; Europejski Dzie\u0144 Pami\u0119ci Ofiar Stalinizmu i Nazizmu. W Polsce obchodzony od 2011 roku. W naszej modlitwie pami\u0119tajmy o wszystkich ofiarach totalitarnych rz\u0105d\u00f3w, prosz\u0105c, aby mi\u0142osierny B\u00f3g obdarzy\u0142 ich \u0142ask\u0105 \u017cycia bez ko\u0144ca.<\/p>\n<p>4. W \u015brod\u0119, 24 sierpnia, w kalendarzu liturgicznym przypada \u015bwi\u0119to \u015awi\u0119tego Bart\u0142omieja, Aposto\u0142a.<\/p>\n<p>5. W pi\u0105tek, 26 sierpnia, przypada w liturgii uroczysto\u015b\u0107 Naj\u015bwi\u0119tszej Maryi Panny Cz\u0119stochowskiej. Tego dnia b\u0119dziemy \u0142\u0105czy\u0107 si\u0119 z Jasn\u0105 G\u00f3r\u0105, gdzie znajduje si\u0119 wizerunek Czarnej Madonny. Cz\u0119stochowa dla nas Polak\u00f3w jest wyj\u0105tkowym miejscem, duchowym sercem naszego narodu. Zapraszam na wsp\u00f3ln\u0105 modlitw\u0119 przez wstawiennictwo Jasnog\u00f3rskiej Pani. Msze \u015awi\u0119te w naszym ko\u015bciele o godz. 9.00 i 18.00.<\/p>\n<p>6. W przysz\u0142\u0105 niedziel\u0119 na Mszy \u015bwi\u0119tej o godz. 11.00 b\u0119dziemy dzi\u0119kowa\u0107 Bogu za tegoroczne zbiory. Porz\u0105dek do\u017cynek gminno \u2013 parafialnych wywieszony jest w gablocie. O godz. 10.30 przed ko\u015bcio\u0142em powitanie, b\u0142ogos\u0142awie\u0144stwo wie\u0144ca i Msza \u015bwi\u0119ta. Po Mszy \u015bw. przemarsz na plac przy ko\u015bciele i ci\u0105g dalszy uroczysto\u015bci.<\/p>\n<p>7.&nbsp;Dzi\u0119kuj\u0119 za sprz\u0105tanie ko\u015bcio\u0142a rodzinom Agnieszka Pniewska , Bo\u017cena Chabiera z Wierzbna. W przysz\u0142ym tygodniu zapraszam rodziny Eugeniusz Kudelski, Krzysztof Chabiera, Wincenty Chabiera z Wierzbna<\/p>\n<p>8. Na stoliku wy\u0142o\u017cony jest nowy numer Echa katolickiego oraz czasopisma katolickie<\/p>\n<p>9. Wszystkim solenizantom i jubilatom, kt\u00f3rzy b\u0119d\u0105 prze\u017cywali swoje \u015bwi\u0119to w najbli\u017cszych dniach, \u017cycz\u0119 Bo\u017cego b\u0142og. i obfito\u015bci Bo\u017cych \u0142ask.<\/p>\n<p>&nbsp;10. W minionym tygodniu do wieczno\u015bci odszed\u0142 + Mieczys\u0142aw Ku\u015bmierczyk l. 66 z Jaworka. Wieczny odpoczynek racz mu da\u0107 Panie\u2026.<\/p>\n<p>&nbsp;<\/p>\n<h4 style=\"text-align: center;\"><strong>DWUDZIESTA NIEDZIELA W CI\u0104GU ROKU<br \/>\n14 sierpnia 2022<br \/>\n<\/strong><strong>OG\u0141OSZENIA DUSZPASTERSKIE<\/strong><\/h4>\n<p>1. Dzi\u015b kolejna wakacyjna niedziela, w kalendarzu liturgicznym dwudziesta niedziela zwyk\u0142a w ci\u0105gu roku. Zwracamy si\u0119 w modlitwie do Boga, aby\u015bmy mi\u0142uj\u0105c Go we wszystkim i ponad wszystko, otrzymali obiecane dziedzictwo, kt\u00f3re przewy\u017csza wszelkie pragnienia (kolekta mszalna). Niech moc Pana p\u0142yn\u0105ca z tajemnicy Eucharystii umacnia nas na drogach codziennych obowi\u0105zk\u00f3w.<\/p>\n<p>2. Dzisiaj po Mszy \u015bwi\u0119tej o godz. 9.00 zmiana tajemnic r\u00f3\u017ca\u0144ca dla rodzic\u00f3w modl\u0105cych si\u0119 za dzieci a o godz. 10.30&nbsp; r\u00f3\u017caniec za zmar\u0142ych polecanych w wypominkach spoza parafii.<\/p>\n<p>3. Jutro, 15 sierpnia, uroczysto\u015b\u0107 Wniebowzi\u0119cia Naj\u015bwi\u0119tszej Maryi Panny. Wiara w to, \u017ce Maryja po ziemskim \u017cyciu zosta\u0142a z cia\u0142em i dusz\u0105 wzi\u0119ta do nieba, istnia\u0142a ju\u017c w&nbsp;pierwotnym Ko\u015bciele. Oficjalnie sformu\u0142owa\u0142 j\u0105 papie\u017c Pius XII dogmatem w 1950 roku. Msze \u015awi\u0119te w naszej \u015bwi\u0105tyni tego dnia o godz. 9.00: 11.00 i 18.00<\/p>\n<p>4. W polskiej tradycji jutrzejsza uroczysto\u015b\u0107 nosi nazw\u0119 \u015bwi\u0119ta Matki Bo\u017cej Zielnej. Maryja jest najpi\u0119kniejszym kwiatem ludzko\u015bci. Tego dnia b\u0142ogos\u0142awione s\u0105 bukiety kwiat\u00f3w, zi\u00f3\u0142 i&nbsp;warzyw. W ten spos\u00f3b b\u0119dziemy dzi\u0119kowali Bogu za pierwsze tegoroczne zbiory i owoce ziemi.<\/p>\n<p>5. Jutro przypada r\u00f3wnie\u017c kolejna rocznica Bitwy Warszawskiej z 1920 roku, tak zwanego Cudu nad Wis\u0142\u0105. Polacy odnie\u015bli w\u00f3wczas wielkie zwyci\u0119stwo w walce z wojskami bolszewickimi. Ten dzie\u0144 obchodzony jest tak\u017ce jako \u015awi\u0119to Wojska Polskiego.<\/p>\n<p>6. Po ustaleniach z konserwatorem zabytk\u00f3w znacznie przesunie si\u0119 termin remontu dzwonnicy, znacz\u0105co wzro\u015bnie te\u017c jego&nbsp; koszt.<\/p>\n<p>7. Od tego tygodnia nie dzia\u0142a ju\u017c numer stacjonarny telefonu. Numer telefonu kom\u00f3rkowego (698 440&nbsp;548 ), podany jest na naszej stronie parafialnej w Internecie.<\/p>\n<p>8.&nbsp;Dzi\u0119kuj\u0119 za sprz\u0105tanie ko\u015bcio\u0142a rodzinom Przemys\u0142aw G\u00f3rski, Witold Kujawa, Zbigniew Wysiejewski z Wierzbna. W przysz\u0142ym tygodniu zapraszam rodziny Jolanta Wysiejewska, Eugeniusz Kudelski, Bo\u017cena Chabiera z Wierzbna<\/p>\n<p>9. Na stoliku wy\u0142o\u017cony jest nowy numer Echa katolickiego oraz czasopisma katolickie<\/p>\n<p>10. Do przyj\u0119cia sakramentu ma\u0142\u017ce\u0144stwa przygotowuj\u0105 si\u0119 Karolina Kruk, panna zam. w parafii Kopcie i Damian Duszak, kawaler par. tut., zap. III.<\/p>\n<p>11. Wszystkim solenizantom i jubilatom, kt\u00f3rzy b\u0119d\u0105 prze\u017cywali swoje \u015bwi\u0119to w najbli\u017cszych dniach, \u017cycz\u0119 Bo\u017cego b\u0142og. i obfito\u015bci Bo\u017cych \u0142ask.<\/p>\n<p>&nbsp;<\/p>\n<h4 style=\"text-align: center;\"><strong>DZIEWI\u0118TNASTA NIEDZIELA W CI\u0104GU ROKU<br \/>\n7 sierpnia 2022<br \/>\n<\/strong><strong>OG\u0141OSZENIA DUSZPASTERSKIE<\/strong><\/h4>\n<p>1. Dzi\u015b kolejna wakacyjna niedziela, dziewi\u0119tnasta niedziela w roku liturgicznym. Modlimy si\u0119 wsp\u00f3lnie, aby B\u00f3g umocni\u0142 w naszych sercach ducha przybranych dzieci, aby\u015bmy mogli osi\u0105gn\u0105\u0107 obiecane dziedzictwo (kolekta mszalna). Niech nasze dobre pragnienia wspomaga tak\u017ce or\u0119downictwo Maryi, kt\u00f3ra w r\u00f3\u017cnych sanktuariach gromadzi rzesze pielgrzym\u00f3w.<\/p>\n<p>2. Dzi\u015b pierwsza niedziela miesi\u0105ca. Wystawienie Naj\u015bwi\u0119tszego Sakramentu , adoracja i procesja Eucharystyczna po Mszy \u015awi\u0119tej o godz. 11.00.<\/p>\n<p>3. Wszystkich, kt\u00f3rzy nie mog\u0105 uczestniczy\u0107 w pielgrzymce, zapraszam do duchowego pielgrzymowania i wpierania osobist\u0105 modlitw\u0105 i cierpieniem pielgrzymuj\u0105cych do r\u00f3\u017cnych sanktuari\u00f3w maryjnych, szczeg\u00f3lnie na Jasn\u0105 G\u00f3r\u0119.<\/p>\n<p>4. Serdecznie dzi\u0119kuj\u0119 tym wszystkim, kt\u00f3rzy przyczynili si\u0119 do przyj\u0119cia pielgrzym\u00f3w w minionym tygodniu : Piekarni Kingi Gromulskiej \u2013 Kosi\u0144skiej z Dobrego za pieczywo i ciasto, p. Stanis\u0142awie i Andrzejowi Bartnickim z Mi\u0144ska Mazowieckiego za swojsk\u0105 w\u0119dlin\u0119, Urz\u0119dowi Gminy w Wierzbnie za wod\u0119 butelkowan\u0105, bezimiennemu ofiarodawcy 100 z\u0142., tym, kt\u00f3rzy przynie\u015bli pierogi, ciasto, s\u0142odkie bu\u0142ki, warzywa, Paniom, kt\u00f3re przygotowywa\u0142y posi\u0142ki dla pielgrzym\u00f3w oraz tym, kt\u00f3rzy przyj\u0119li pod sw\u00f3j dach pielgrzym\u00f3w. B\u00f3g zap\u0142a\u0107.<\/p>\n<p>5. Zach\u0119cam do sk\u0142adania podpis\u00f3w pod&nbsp; projektem zmiany &nbsp;ustawy , kt\u00f3re b\u0119d\u0105 zbierane dzisiaj&nbsp; po mszach \u015bwi\u0119tych. . Na li\u015bcie poparcia do Sejmu niezb\u0119dne b\u0119dzie podanie numeru PESEL.<\/p>\n<p>6. W przysz\u0142\u0105 niedziel\u0119 po Mszy \u015bwi\u0119tej o godz. 9.00 zmiana tajemnic r\u00f3\u017ca\u0144ca dla rodzic\u00f3w modl\u0105cych si\u0119 za dzieci a o godz. 10.30&nbsp; r\u00f3\u017caniec za zmar\u0142ych polecanych w wypominkach spoza parafii.<\/p>\n<p>7. Tegoroczne do\u017cynki b\u0119d\u0105 mia\u0142y wymiar gminno \u2013 parafialny. Prosz\u0119 o przygotowanie prezentacji poszczeg\u00f3lnych wiosek.<\/p>\n<p>8. W tym tygodniu zostan\u0105 rozstawione rusztowania przy dzwonnicy. Prosz\u0119 o pomoc w zbijaniu mur\u00f3w dzwonnicy po 15 sierpnia. Koszt remontu 100 ty\u015b. z\u0142.<\/p>\n<p>13.&nbsp;Dzi\u0119kuj\u0119 za sprz\u0105tanie ko\u015bcio\u0142a rodzinom Adam Jachimowicz, Waldemar Jachimowicz, Krzysztof Chabiera z Wierzbna. W przysz\u0142ym tygodniu zapraszam rodziny Przemys\u0142aw G\u00f3rski, Witold Kujawa, Zbigniew Wysiejewski z Wierzbna<\/p>\n<p>14. Na stoliku wy\u0142o\u017cony jest nowy numer Echa katolickiego oraz karty duchowego uczestnictwa w Podlaskiej Pielgrzymce.<\/p>\n<p>15. Do przyj\u0119cia sakramentu ma\u0142\u017ce\u0144stwa przygotowuj\u0105 si\u0119 Karolina Kruk, panna zam. w parafii Kopcie i Damian Duszak, kawaler par. tut., zap. II.<\/p>\n<p>15. Wszystkim solenizantom i jubilatom, kt\u00f3rzy b\u0119d\u0105 prze\u017cywali swoje \u015bwi\u0119to w najbli\u017cszych dniach, \u017cycz\u0119 Bo\u017cego b\u0142og. i obfito\u015bci Bo\u017cych \u0142ask.<\/p>\n<p>16. W minionym&nbsp; tygodniu odszed\u0142 do wieczno\u015bci: + Henryk Wal\u0119cki l. 73 pochodz\u0105cy z Wierzbna. Wieczny odpoczynek racz mu da\u0107 Panie\u2026.<\/p>\n","protected":false},"excerpt":{"rendered":"<p>Powr\u00f3t do listy og\u0142osze\u0144 DWUDZIESTA DRUGA NIEDZIELA W CI\u0104GU ROKU 28 sierpnia 2022 OG\u0141OSZENIA DUSZPASTERSKIE 1. Dzi\u015b ostatnia niedziela wakacji, w liturgii dwudziesta druga niedziela w ci\u0105gu roku ko\u015bcielnego. Eucharystia stanowi centrum niedzieli i \u017cycia chrze\u015bcija\u0144skiego. Niech sprawowanie tajemnicy paschalnej Chrystusa umacnia nas na drodze podejmowania codziennych obowi\u0105zk\u00f3w. Dzi\u015b prosimy Boga, aby wszystko co dobre w nas, nieustannie umacnia\u0142 i strzeg\u0142 (kolekta mszalna). 2. Dzisiaj taca ekonomiczna na remont dzwonnicy. W lipcu z\u0142o\u017cono 1331 z\u0142. B\u00f3g zap\u0142a\u0107. 3. O godz. 10.45 rozpoczniemy dzisiaj dzi\u0119kczynienie za tegoroczne zbiory. 3. Jutro, 29 sierpnia, w liturgii b\u0119dziemy wspominali M\u0119cze\u0144stwo \u015awi\u0119tego Jana Chrzciciela. Za wierno\u015b\u0107 Bogu i Jego prawu zosta\u0142 zamordowany na rozkaz kr\u00f3la Heroda. Tym samym sta\u0142 si\u0119 kolejnym prorokiem, kt\u00f3ry odda\u0142 \u017cycie, b\u0119d\u0105c g\u0142osicielem Bo\u017cej prawdy. 4. W czwartek, 1 wrze\u015bnia, pocz\u0105tek nowego roku szkolnego i katechetycznego. Zapraszam dzieci i m\u0142odzie\u017c, rodzic\u00f3w, wychowawc\u00f3w i nauczycieli na Msz\u0119 \u015awi\u0119t\u0105 o godz. 8.00. B\u0119dziemy \u2026 <a class=\"continue-reading-link\" href=\"https:\/\/www.parafiawierzbno.com.pl\/?page_id=10772\">Czytaj dalej <span class=\"meta-nav\">&rarr; <\/span><\/a><\/p>\n","protected":false},"author":1,"featured_media":0,"parent":225,"menu_order":0,"comment_status":"closed","ping_status":"closed","template":"","meta":{"ngg_post_thumbnail":0},"_links":{"self":[{"href":"https:\/\/www.parafiawierzbno.com.pl\/index.php?rest_route=\/wp\/v2\/pages\/10772"}],"collection":[{"href":"https:\/\/www.parafiawierzbno.com.pl\/index.php?rest_route=\/wp\/v2\/pages"}],"about":[{"href":"https:\/\/www.parafiawierzbno.com.pl\/index.php?rest_route=\/wp\/v2\/types\/page"}],"author":[{"embeddable":true,"href":"https:\/\/www.parafiawierzbno.com.pl\/index.php?rest_route=\/wp\/v2\/users\/1"}],"replies":[{"embeddable":true,"href":"https:\/\/www.parafiawierzbno.com.pl\/index.php?rest_route=%2Fwp%2Fv2%2Fcomments&post=10772"}],"version-history":[{"count":7,"href":"https:\/\/www.parafiawierzbno.com.pl\/index.php?rest_route=\/wp\/v2\/pages\/10772\/revisions"}],"predecessor-version":[{"id":10785,"href":"https:\/\/www.parafiawierzbno.com.pl\/index.php?rest_route=\/wp\/v2\/pages\/10772\/revisions\/10785"}],"up":[{"embeddable":true,"href":"https:\/\/www.parafiawierzbno.com.pl\/index.php?rest_route=\/wp\/v2\/pages\/225"}],"wp:attachment":[{"href":"https:\/\/www.parafiawierzbno.com.pl\/index.php?rest_route=%2Fwp%2Fv2%2Fmedia&parent=10772"}],"curies":[{"name":"wp","href":"https:\/\/api.w.org\/{rel}","templated":true}]}}