{"id":10815,"date":"2022-11-11T09:55:59","date_gmt":"2022-11-11T08:55:59","guid":{"rendered":"https:\/\/www.parafiawierzbno.com.pl\/?page_id=10815"},"modified":"2022-11-27T11:37:08","modified_gmt":"2022-11-27T10:37:08","slug":"ogloszenia-listopad-2022","status":"publish","type":"page","link":"https:\/\/www.parafiawierzbno.com.pl\/?page_id=10815","title":{"rendered":"Og\u0142oszenia &#8211; Listopad 2022"},"content":{"rendered":"<p><a title=\"Og\u0142oszenia parafialne\" href=\"https:\/\/www.parafiawierzbno.com.pl\/?page_id=225\">Powr\u00f3t do listy og\u0142osze\u0144<\/a><\/p>\n<h4 style=\"text-align: center;\"><strong>PIERWSZA NIEDZIELA ADWENTU<br \/>\n27 listopada 2022<br \/>\n<\/strong><strong>OG\u0141OSZENIA DUSZPASTERSKIE<\/strong><\/h4>\n<p>1. Dzisiejsz\u0105 niedziel\u0105 rozpoczynamy nowy rok liturgiczny i duszpasterski. Up\u0142ynie on pod has\u0142em: \u201eWierz\u0119 w Ko\u015bci\u00f3\u0142 Chrystusowy\u201d. Dzisiaj \u2013 po trudnym okresie pandemii, kt\u00f3ra mocno zak\u0142\u00f3ci\u0142a znan\u0105 nam wcze\u015bniej rzeczywisto\u015b\u0107, a co te\u017c zaowocowa\u0142o znacznym spadkiem liczby wiernych, kt\u00f3rzy &nbsp;nie powr\u00f3cili do danych praktyk religijnych, nawet do obowi\u0105zkowego udzia\u0142u w niedzielnej Mszy \u015awi\u0119tej \u2013 jeszcze g\u0142\u0119biej oczami wiary powinni\u015bmy spojrze\u0107 na Ko\u015bci\u00f3\u0142. Ko\u015bci\u00f3\u0142 jest bowiem wielkim darem dla nas, dla tych, kt\u00f3rzy uwierzyli w Chrystusa. Jest wsp\u00f3lnym pod\u0105\u017caniem za Chrystusem do domu Ojca. W tej drodze w Ko\u015bciele mamy do dyspozycji pe\u0142ni\u0119 \u015brodk\u00f3w zbawczych, \u0142ask\u0119 i&nbsp;prawd\u0119. Przez po\u015brednictwo ustanowionych pasterzy prowadzi nas Duch \u015awi\u0119ty. To wielka \u0142aska, bo we wsp\u00f3lnocie wiary \u0142atwiej nam pod\u0105\u017ca\u0107 do ostatecznego celu. Tym bardziej powinni\u015bmy dobrze zrozumie\u0107 cz\u0119sto powtarzan\u0105 w&nbsp;Credo prawd\u0119: Wierz\u0119 w jeden, \u015bwi\u0119ty, powszechny i apostolski Ko\u015bci\u00f3\u0142\u2026<\/p>\n<p>2. Dzisiaj taca ekonomiczna. W pa\u017adzierniku z\u0142o\u017cono 1512 z\u0142. B\u00f3g zap\u0142a\u0107<\/p>\n<p>3. Weszli\u015bmy w liturgiczny okres Adwentu, kt\u00f3ry jest radosnym oczekiwaniem na przyj\u015bcie Pana. W\u0142a\u015bnie ten czas dobrze wykorzystajmy dla odnowienia i umocnienia wi\u0119zi z Bogiem i bli\u017animi.<\/p>\n<p>4. Do licznego udzia\u0142u w&nbsp;roratach, celebrowanych w naszym ko\u015bciele w \u015brody i w soboty o godz. 6.45 Godzinki a nast\u0119pnie Msza \u015bwi\u0119ta, zapraszam dzieci, m\u0142odzie\u017c i doros\u0142ych. W ten spos\u00f3b, w blasku \u015bwiat\u0142a lampion\u00f3w roratnych i \u015bwiec, rozbud\u017amy w naszych sercach oczekiwanie na przyj\u015bcie Chrystusa. Niech nie zabraknie podejmowanych dobrowolnych wyrzecze\u0144.<\/p>\n<p>5. W \u015brod\u0119, 30 listopada, przypada \u015bwi\u0119to \u015awi\u0119tego Andrzeja Aposto\u0142a. By\u0142 pierwszym uczniem powo\u0142anym przez Pana Jezusa, rodzonym bratem \u015awi\u0119tego Piotra.<\/p>\n<p>6. W przysz\u0142\u0105 niedziel\u0119 ju\u017c po raz dwudziesty trzeci b\u0119dziemy obchodzili Dzie\u0144 modlitwy i pomocy materialnej Ko\u015bcio\u0142owi na Wschodzie. Do puszek przed ko\u015bcio\u0142em z\u0142o\u017cymy ofiary na Fundusz Pomocy Ko\u015bcio\u0142owi na Wschodzie .<\/p>\n<p>7.&nbsp; W tym tygodniu przypada pierwszy czwartek, pierwszy pi\u0105tek i pierwsza sobota miesi\u0105ca. W czwartek wspominamy ustanowienie Eucharystii i sakramentu kap\u0142a\u0144stwa. W pi\u0105tek o godz. 16.00 wystawienie Naj\u015bwi\u0119tszego Sakramentu i adoracja do godz. 17.00.<\/p>\n<p>8. Przysz\u0142a niedziela \u2013 pierwsza miesi\u0105ca. Po Mszy \u015bwi\u0119tej o godz. 11.00 nabo\u017ce\u0144stwo adoracyjne.<\/p>\n<p>9.Zmar\u0142ych, kt\u00f3rych imiona wypisali\u015bmy na kartkach wypominkowych, polecamy Bogu w poniedzia\u0142ek i wtorek w modlitwie r\u00f3\u017ca\u0144cowej o godz. 17.30.&nbsp; a w \u015brod\u0119 po Mszy \u015bwi\u0119tej o godz. 7.00.<\/p>\n<p>10. Pob\u0142ogos\u0142awione&nbsp; op\u0142atki p. Aneta &nbsp;b\u0119dzie roznosi\u0142a w poniedzia\u0142ek od godz. 14.00 Helen\u00f3w a po 15.00 Las Jaworski, we wtorek od 13.00 Sobo\u0144, w sobot\u0119 od 10.00 Jaworek.<\/p>\n<p>11.&nbsp;Dzi\u0119kuj\u0119 za sprz\u0105tanie ko\u015bcio\u0142a rodzinom rodziny Remigiusz Zalewski, Danuta Stachowicz, Helena \u015aledziewska, Mieczys\u0142aw \u015aledziewski z Wygl\u0119d\u00f3wka. &nbsp;W przysz\u0142ym tygodniu zapraszam Grzegorz Brogowski, Konrad Tafil, Arkadiusz Zalewski z Helenowa.<\/p>\n<p>12. Na stoliku wy\u0142o\u017cony jest nowy numer Echa katolickiego.<\/p>\n<p>13. Wszystkim solenizantom i jubilatom, kt\u00f3rzy b\u0119d\u0105 prze\u017cywali swoje \u015bwi\u0119to w najbli\u017cszych dniach, \u017cycz\u0119 Bo\u017cego b\u0142og. i obfito\u015bci Bo\u017cych \u0142ask.<\/p>\n<h4 style=\"text-align: center;\"><strong>JEZUSA CHRYSTUSA, KR\u00d3LA WSZECH\u015aWIATA<br \/>\n20 listopada 2022<br \/>\n<\/strong><strong>OG\u0141OSZENIA DUSZPASTERSKIE<\/strong><\/h4>\n<p>1. Dzi\u015b ostatnia niedziela roku liturgicznego, w kt\u00f3r\u0105 obchodzimy uroczysto\u015b\u0107 Jezusa Chrystusa, Kr\u00f3la Wszech\u015bwiata. W dniu dzisiejszym na pro\u015bb\u0119 papie\u017ca Franciszka m\u0142odzie\u017c gromadzi si\u0119, aby obchodzi\u0107 \u015awiatowy Dzie\u0144 M\u0142odzie\u017cy. Ogarnijmy ludzi m\u0142odych serdeczn\u0105 modlitw\u0105, aby wzrastali w wierze, nadziei i mi\u0142o\u015bci oraz zawsze \u017cyli w blisko\u015bci Chrystusa.<\/p>\n<p>2. Dzisiejszy dzie\u0144 to tak\u017ce \u015bwi\u0119to patronalne Akcji Katolickiej i Katolickiego Stowarzyszenia M\u0142odzie\u017cy. Akcja Katolicka propaguje warto\u015bci chrze\u015bcija\u0144skie w \u017cyciu spo\u0142ecznym. Zadaniem Katolickiego Stowarzyszenia M\u0142odzie\u017cy jest kszta\u0142towanie dojrza\u0142ych postaw w\u015br\u00f3d m\u0142odych katolik\u00f3w. Nasz\u0105 modlitw\u0105 ogarniamy wszystkich zrzeszonych w&nbsp;tych wsp\u00f3lnotach.<\/p>\n<p>3. Po Mszach \u015bwi\u0119tych dzisiaj zbi\u00f3rka do puszek na Ko\u015bci\u00f3\u0142 Prze\u015bladowany.<\/p>\n<p>4. Po Mszy \u015awi\u0119tej o godz. 11.00 wystawienie Naj\u015bwi\u0119tszego Sakramentu, Litania do Naj\u015bwi\u0119tszego Serca Pana Jezusa oraz Akt po\u015bwi\u0119cenia rodzaju ludzkiego Sercu Pana Jezusa. Za odm\u00f3wienie tego aktu dzisiaj mo\u017cna uzyska\u0107 odpust zupe\u0142ny pod zwyk\u0142ymi warunkami.<\/p>\n<p>5. Jutro, 21 listopada, w liturgii przypada wspomnienie Ofiarowania Naj\u015bwi\u0119tszej Maryi Panny. Tradycja przekazuje, \u017ce Maryja zosta\u0142a jako dziecko przedstawiona w \u015bwi\u0105tyni i przy niej wzrasta\u0142a. Dla nas Matka Chrystusa pozostaje szczeg\u00f3lnym wzorem \u017cycia po\u015bwi\u0119conego Bogu.<\/p>\n<p>6. We wtorek, 22 listopada, w kalendarzu liturgicznym przypada wspomnienie \u015awi\u0119tej Cecylii, dziewicy i m\u0119czennicy, patronki muzyki ko\u015bcielnej. Wszystkim zaanga\u017cowanym w&nbsp;trosk\u0119 o muzyk\u0119 ko\u015bcieln\u0105 w naszej parafii, pani organi\u015bcie, scholi sk\u0142adam serdeczne podzi\u0119kowanie za ca\u0142oroczn\u0105 pos\u0142ug\u0119 i \u017cycz\u0119 obfito\u015bci Bo\u017cego b\u0142ogos\u0142awie\u0144stwa w dalszej pos\u0142udze.<\/p>\n<p>7. Zmar\u0142ych, kt\u00f3rych imiona wypisali\u015bmy na kartkach wypominkowych, polecamy Bogu codziennie w modlitwie r\u00f3\u017ca\u0144cowej o godz. 17.30. &nbsp;Niech wstawiennicza modlitwa Ko\u015bcio\u0142a wyjedna im przebaczenie grzech\u00f3w i pomo\u017ce osi\u0105gn\u0105\u0107 szcz\u0119\u015bcie wieczne. W poniedzia\u0142ek \u2013 Helen\u00f3w i Las Jaworski, we wtorek Jan\u00f3wek i Wygl\u0119d\u00f3wek, we \u015brod\u0119 Jaworek i W\u00f3lka , we czwartek Sobo\u0144 i \u015awidno, w pi\u0105tek spoza parafii, w sobot\u0119 z Wierzbna, w niedziel\u0119 o godz. 10.30 za zmar\u0142ych kap\u0142an\u00f3w, kt\u00f3rzy pracowali w tej parafii oraz dobroczy\u0144c\u00f3w.<\/p>\n<p>8. W najbli\u017csz\u0105 niedziel\u0119 przypada pierwsza niedziela Adwentu. Rozpoczniemy czas radosnego oczekiwania i przygotowania na spotkanie z Panem. Najpierw na powt\u00f3rne przyj\u015bcie Chrystusa na ko\u0144czy czas\u00f3w, a tak\u017ce na \u015bwi\u0119towanie pierwszego przyj\u015bcia Pana na ziemi\u0119.<\/p>\n<p>9. Przysz\u0142a niedziela \u2013 ostatnia miesi\u0105ca. Taca ekonomiczna na remont dzwonnicy.<\/p>\n<p>10. Pob\u0142ogos\u0142awione dzisiaj op\u0142atki p. Aneta w sobot\u0119 b\u0119dzie roznosi\u0142a od godz. 10.00 w Jan\u00f3wku, a od 13 w Wygl\u0119d\u00f3wku<\/p>\n<p>11.&nbsp;Dzi\u0119kuj\u0119 za sprz\u0105tanie ko\u015bcio\u0142a rodzinom J\u00f3zef Kope\u0107, Leszek Parol, S\u0142awomir Kapitanowicz z Wygl\u0119d\u00f3wka. W przysz\u0142ym tygodniu zapraszam rodziny Remigiusz Zalewski, Danuta Stachowicz, Helena \u015aledziewska, Mieczys\u0142aw \u015aledziewski z Wygl\u0119d\u00f3wka. .<\/p>\n<p>12. Na stoliku wy\u0142o\u017cony jest nowy numer Echa katolickiego.<\/p>\n<p>13. Wszystkim solenizantom i jubilatom, kt\u00f3rzy b\u0119d\u0105 prze\u017cywali swoje \u015bwi\u0119to w najbli\u017cszych dniach, \u017cycz\u0119 Bo\u017cego b\u0142og. i obfito\u015bci Bo\u017cych \u0142ask.<\/p>\n<p>14. W ostatnim tygodniu odeszli do Pana + Ireneusz Santorek l. 64 z Jan\u00f3wka i Waldemar De\u0142bakowski l. 58 z Wierzbna, pogrzeb jutro o 14.00. Wieczny odpoczynek racz im da\u0107 Panie\u2026<\/p>\n<h4 style=\"text-align: center;\"><strong>TRZYDZIESTA TRZECIA NIEDZIELA W CI\u0104GU ROKU<br \/>\n13 listopada 2022<br \/>\n<\/strong><strong>OG\u0141OSZENIA DUSZPASTERSKIE<\/strong><\/h4>\n<p>1.&nbsp; Dzi\u015b trzydziesta trzecia niedziela zwyk\u0142a w ci\u0105gu roku liturgicznego. W drug\u0105 niedziel\u0119 listopada od 2009 roku obchodzimy Dzie\u0144 Solidarno\u015bci z Ko\u015bcio\u0142em Prze\u015bladowanym. Nasz\u0105 modlitw\u0105 wspieramy dzisiaj chrze\u015bcijan na ca\u0142ym \u015bwiecie, kt\u00f3rzy nie mog\u0105 swobodnie wyznawa\u0107 swojej wiary. Z powodu wiary cierpi\u0105 prze\u015bladowanie, a niejednokrotnie tak\u017ce oddaj\u0105 \u017cycie. Niech nasza modlitwa wyprasza im wolno\u015b\u0107 w wyznawaniu wiary i&nbsp;wype\u0142nianiu codziennych obowi\u0105zk\u00f3w.&nbsp;<\/p>\n<p>2. Dzi\u015b tak\u017ce z inicjatywy papie\u017ca Franciszka obchodzony jest \u015awiatowy Dzie\u0144 Ubogich. To szczeg\u00f3lna okazja, aby zauwa\u017cy\u0107 cierpi\u0105cych z powodu braku podstawowych \u015brodk\u00f3w do \u017cycia. Dzisiaj te wszystkie osoby ogarniamy modlitw\u0105. Niech znakiem naszej solidarno\u015bci b\u0119dzie wsparcie najbardziej potrzebuj\u0105cych. Po Mszach \u015bwi\u0119tych zbi\u00f3rka do puszek.<\/p>\n<p>3.&nbsp; R\u00f3\u017caniec w intencji zmar\u0142ych polecanych w wypominkach codziennie o godz. 17.30. Zapraszam serdecznie, aby naszym bliskim zmar\u0142ym wyjedna\u0107 \u0142ask\u0119 \u017cycia wiecznego.&nbsp; W poniedzia\u0142ek \u2013 Helen\u00f3w i Las Jaworski, we wtorek Jan\u00f3wek i Wygl\u0119d\u00f3wek, we \u015brod\u0119 Jaworek i W\u00f3lka , we czwartek Sobo\u0144 i \u015awidno, w pi\u0105tek spoza parafii po Mszy \u015bwi\u0119tej o godz. 11.00, w sobot\u0119 z Wierzbna, w niedziel\u0119 o godz. 10.30 za zmar\u0142ych kap\u0142an\u00f3w, kt\u00f3rzy pracowali w tej parafii oraz dobroczy\u0144c\u00f3w.<\/p>\n<p>4. W przysz\u0142\u0105 niedziel\u0119 po Mszy \u015bwi\u0119tej o godz. 11.00 spotkanie z rodzicami dzieci z kl. III.<\/p>\n<p>5. W najbli\u017csz\u0105 niedziel\u0119, 20 listopada, przypada uroczysto\u015b\u0107 Jezusa Chrystusa, Kr\u00f3la Wszech\u015bwiata. B\u0119dzie to ostatnia niedziela roku liturgicznego. Tego dnia obchodzimy \u015bwi\u0119to patronalne Akcji Katolickiej i Katolickiego Stowarzyszenia M\u0142odzie\u017cy.<\/p>\n<p>6.&nbsp;Dzi\u0119kuj\u0119 za sprz\u0105tanie ko\u015bcio\u0142a rodzinom Jadwiga Jasi\u0144ska, Dawid Maciak, Halina W\u0105sowska z Wygl\u0119d\u00f3wka. W przysz\u0142ym tygodniu zapraszam rodziny J\u00f3zef Kope\u0107, Leszek Parol, S\u0142awomir Kapitanowicz z Wygl\u0119d\u00f3wka. .<\/p>\n<p>7. Na stoliku wy\u0142o\u017cony jest nowy numer Echa katolickiego, Kalendarz z wie\u0144cami w cenie 10 z\u0142. i ksi\u0105\u017ckowe wydanie Kalendarza Rolnik\u00f3w w cenie 35 z\u0142.<\/p>\n<p>8. Wszystkim solenizantom i jubilatom, kt\u00f3rzy b\u0119d\u0105 prze\u017cywali swoje \u015bwi\u0119to w najbli\u017cszych dniach, \u017cycz\u0119 Bo\u017cego b\u0142og. i obfito\u015bci Bo\u017cych \u0142ask.<\/p>\n<p>&nbsp;<\/p>\n<h4 style=\"text-align: center;\"><strong>TRZYDZIESTA DRUGA NIEDZIELA W CI\u0104GU ROKU<br \/>\n6 listopada 2022<br \/>\n<\/strong><strong>OG\u0141OSZENIA DUSZPASTERSKIE<\/strong><\/h4>\n<p>1. Dzi\u015b trzydziesta druga niedziela zwyk\u0142a w roku ko\u015bcielnym. B\u0142agamy Boga, aby oddali\u0142 od nas \u0142askawie wszelkie przeciwno\u015bci, aby\u015bmy wolni od niebezpiecze\u0144stw duszy i cia\u0142a, mogli swobodnie Mu s\u0142u\u017cy\u0107 (kolekta mszalna).<\/p>\n<p>2. Dzi\u015b pierwsza niedziela miesi\u0105ca Wystawienie Naj\u015bwi\u0119tszego Sakramentu i adoracja po Mszy \u015awi\u0119tej o godz. 11.00<\/p>\n<p>3. Go\u015bcimy dzisiaj w naszej wsp\u00f3lnocie kleryka z WSD w Siedlcach, kt\u00f3ry razem z nami si\u0119 modli. Ofiary sk\u0142adane dzisiaj na tac\u0119 s\u0105 przeznaczone na utrzymanie seminarium.<\/p>\n<p>4. W \u015brod\u0119, 9 listopada, przypada \u015bwi\u0119to Po\u015bwi\u0119cenia Bazyliki Latera\u0144skiej. Bazylika na Lateranie jest ko\u015bcio\u0142em katedralnym biskupa Rzymu, czyli papie\u017ca. Nad wej\u015bciem widnieje napis w j\u0119zyku \u0142aci\u0144skim: \u201eMatka i G\u0142owa wszystkich ko\u015bcio\u0142\u00f3w Miasta i \u015awiata\u201d. To \u015bwi\u0119to to tak\u017ce wyraz naszej jedno\u015bci z&nbsp;nast\u0119pc\u0105 \u015awi\u0119tego Piotra \u2013 papie\u017cem Franciszkiem.<\/p>\n<p>5. W pi\u0105tek, 11 listopada, przypada \u015awi\u0119to Niepodleg\u0142o\u015bci. Msza \u015awi\u0119ta w intencji Ojczyzny o&nbsp;godz. 9.00. Zapraszam na wsp\u00f3ln\u0105 modlitw\u0119 w intencji naszej ojczyzny. Modlitewn\u0105 pami\u0119ci\u0105 b\u0119dziemy ogarnia\u0107 wszystkich, kt\u00f3rzy zgin\u0119li w walce o jej wolno\u015b\u0107. Niech zewn\u0119trznym znakiem naszego \u015bwi\u0119towania b\u0119dzie wywieszona flaga narodowa. Tego dnia Biskup Siedlecki udzieli\u0142 dyspensy od pokarm\u00f3w mi\u0119snych.<\/p>\n<p>6. R\u00f3\u017caniec w intencji zmar\u0142ych polecanych w wypominkach codziennie o godz. 17.30. Zapraszam serdecznie, aby naszym bliskim zmar\u0142ym wyjedna\u0107 \u0142ask\u0119 \u017cycia wiecznego.&nbsp; W poniedzia\u0142ek \u2013 Helen\u00f3w i Las Jaworski, we wtorek Jan\u00f3wek i Wygl\u0119d\u00f3wek, we \u015brod\u0119 Jaworek i W\u00f3lka , we czwartek Sobo\u0144 i \u015awidno, w pi\u0105tek spoza parafii po Mszy \u015bwi\u0119tej o godz. 11.00, w sobot\u0119 z Wierzbna, w niedziel\u0119 o godz. 10.30 za zmar\u0142ych kap\u0142an\u00f3w, kt\u00f3rzy pracowali w tej parafii.<\/p>\n<p>7. W najbli\u017csz\u0105 niedziel\u0119, 13 listopada, przypada obchodzony od 2009 roku Dzie\u0144 Solidarno\u015bci z Ko\u015bcio\u0142em Prze\u015bladowanym Tak\u017ce tego dnia b\u0119dziemy obchodzi\u0107 ju\u017c po raz pi\u0105ty ustanowiony przez papie\u017ca Franciszka \u015awiatowy Dzie\u0144 Ubogich. Zbi\u00f3rka do puszek na Caritas.<\/p>\n<p>8. Dzi\u0119kuj\u0119 rodzinie z Wierzbna za ofiarowanie chryzantem do ko\u015bcio\u0142a.<\/p>\n<p>9. W przysz\u0142\u0105 niedziel\u0119 po Mszy \u015bwi\u0119tej o godz. 9.00 zmiana tajemnic r\u00f3\u017ca\u0144ca dla rodzic\u00f3w modl\u0105cych si\u0119 za dzieci.<\/p>\n<p>10. Sprawy gospodarcze.<\/p>\n<p>11.&nbsp;Dzi\u0119kuj\u0119 za sprz\u0105tanie ko\u015bcio\u0142a rodzinom \u0141ukasz Komorowski, Janusz Komorowski, Dariusz Koszewski z Wygl\u0119d\u00f3wka. W przysz\u0142ym tygodniu zapraszam rodziny Jadwiga Jasi\u0144ska, Dawid Maciak, Halina W\u0105sowska z Wygl\u0119d\u00f3wka. .<\/p>\n<p>12. Na stoliku wy\u0142o\u017cony jest nowy numer Echa katolickiego, Kalendarz z wie\u0144cami w cenie 10 z\u0142. i ksi\u0105\u017ckowe wydanie Kalendarza Rolnik\u00f3w w cenie 35 z\u0142.<\/p>\n<p>13. Wszystkim solenizantom i jubilatom, kt\u00f3rzy b\u0119d\u0105 prze\u017cywali swoje \u015bwi\u0119to w najbli\u017cszych dniach, \u017cycz\u0119 Bo\u017cego b\u0142og. i obfito\u015bci Bo\u017cych \u0142ask.<\/p>\n<p>14. W minionym tygodniu do wieczno\u015bci odesz\u0142a + Zofia Ko\u0142ak l. 92, &nbsp;zamieszka\u0142a w Mi\u0144sku Mazowieckim. Wieczny odpoczynek racz jej da\u0107 Panie\u2026.<\/p>\n","protected":false},"excerpt":{"rendered":"<p>Powr\u00f3t do listy og\u0142osze\u0144 PIERWSZA NIEDZIELA ADWENTU 27 listopada 2022 OG\u0141OSZENIA DUSZPASTERSKIE 1. Dzisiejsz\u0105 niedziel\u0105 rozpoczynamy nowy rok liturgiczny i duszpasterski. Up\u0142ynie on pod has\u0142em: \u201eWierz\u0119 w Ko\u015bci\u00f3\u0142 Chrystusowy\u201d. Dzisiaj \u2013 po trudnym okresie pandemii, kt\u00f3ra mocno zak\u0142\u00f3ci\u0142a znan\u0105 nam wcze\u015bniej rzeczywisto\u015b\u0107, a co te\u017c zaowocowa\u0142o znacznym spadkiem liczby wiernych, kt\u00f3rzy &nbsp;nie powr\u00f3cili do danych praktyk religijnych, nawet do obowi\u0105zkowego udzia\u0142u w niedzielnej Mszy \u015awi\u0119tej \u2013 jeszcze g\u0142\u0119biej oczami wiary powinni\u015bmy spojrze\u0107 na Ko\u015bci\u00f3\u0142. Ko\u015bci\u00f3\u0142 jest bowiem wielkim darem dla nas, dla tych, kt\u00f3rzy uwierzyli w Chrystusa. Jest wsp\u00f3lnym pod\u0105\u017caniem za Chrystusem do domu Ojca. W tej drodze w Ko\u015bciele mamy do dyspozycji pe\u0142ni\u0119 \u015brodk\u00f3w zbawczych, \u0142ask\u0119 i&nbsp;prawd\u0119. Przez po\u015brednictwo ustanowionych pasterzy prowadzi nas Duch \u015awi\u0119ty. To wielka \u0142aska, bo we wsp\u00f3lnocie wiary \u0142atwiej nam pod\u0105\u017ca\u0107 do ostatecznego celu. Tym bardziej powinni\u015bmy dobrze zrozumie\u0107 cz\u0119sto powtarzan\u0105 w&nbsp;Credo prawd\u0119: Wierz\u0119 w jeden, \u015bwi\u0119ty, powszechny i apostolski Ko\u015bci\u00f3\u0142\u2026 2. Dzisiaj taca ekonomiczna. \u2026 <a class=\"continue-reading-link\" href=\"https:\/\/www.parafiawierzbno.com.pl\/?page_id=10815\">Czytaj dalej <span class=\"meta-nav\">&rarr; <\/span><\/a><\/p>\n","protected":false},"author":1,"featured_media":0,"parent":225,"menu_order":0,"comment_status":"closed","ping_status":"closed","template":"","meta":{"ngg_post_thumbnail":0},"_links":{"self":[{"href":"https:\/\/www.parafiawierzbno.com.pl\/index.php?rest_route=\/wp\/v2\/pages\/10815"}],"collection":[{"href":"https:\/\/www.parafiawierzbno.com.pl\/index.php?rest_route=\/wp\/v2\/pages"}],"about":[{"href":"https:\/\/www.parafiawierzbno.com.pl\/index.php?rest_route=\/wp\/v2\/types\/page"}],"author":[{"embeddable":true,"href":"https:\/\/www.parafiawierzbno.com.pl\/index.php?rest_route=\/wp\/v2\/users\/1"}],"replies":[{"embeddable":true,"href":"https:\/\/www.parafiawierzbno.com.pl\/index.php?rest_route=%2Fwp%2Fv2%2Fcomments&post=10815"}],"version-history":[{"count":6,"href":"https:\/\/www.parafiawierzbno.com.pl\/index.php?rest_route=\/wp\/v2\/pages\/10815\/revisions"}],"predecessor-version":[{"id":10828,"href":"https:\/\/www.parafiawierzbno.com.pl\/index.php?rest_route=\/wp\/v2\/pages\/10815\/revisions\/10828"}],"up":[{"embeddable":true,"href":"https:\/\/www.parafiawierzbno.com.pl\/index.php?rest_route=\/wp\/v2\/pages\/225"}],"wp:attachment":[{"href":"https:\/\/www.parafiawierzbno.com.pl\/index.php?rest_route=%2Fwp%2Fv2%2Fmedia&parent=10815"}],"curies":[{"name":"wp","href":"https:\/\/api.w.org\/{rel}","templated":true}]}}