{"id":10832,"date":"2022-12-11T21:10:33","date_gmt":"2022-12-11T20:10:33","guid":{"rendered":"https:\/\/www.parafiawierzbno.com.pl\/?page_id=10832"},"modified":"2022-12-27T20:58:44","modified_gmt":"2022-12-27T19:58:44","slug":"ogloszenia-grudzien-2022","status":"publish","type":"page","link":"https:\/\/www.parafiawierzbno.com.pl\/?page_id=10832","title":{"rendered":"Og\u0142oszenia &#8211; Grudzie\u0144 2022"},"content":{"rendered":"<p><a title=\"Og\u0142oszenia parafialne\" href=\"https:\/\/www.parafiawierzbno.com.pl\/?page_id=225\">Powr\u00f3t do listy og\u0142osze\u0144<\/a><\/p>\n<h4 style=\"text-align: center;\"><strong>NARODZENIE PA\u0143SKIE<br \/>\n25 grudnia 2022<br \/>\n<\/strong><strong>(Msza \u015awi\u0119ta o \u015bwicie i Msza \u015awi\u0119ta w dzie\u0144)<br \/>\n<\/strong><strong>OG\u0141OSZENIA DUSZPASTERSKIE<\/strong><\/h4>\n<p>l. Podczas dzisiejszej Mszy \u015awi\u0119tej z wielk\u0105 rado\u015bci\u0105 \u015bpiewali\u015bmy Chwa\u0142a na wysoko\u015bci Bogu\u2026 S\u0142owami tego hymnu uwielbili\u015bmy Boga wszechmog\u0105cego za dar narodzin Syna, kt\u00f3ry zst\u0105pi\u0142 z niedost\u0119pnej \u015bwiat\u0142o\u015bci i sta\u0142 si\u0119 jednym z nas. Niech te \u015bwi\u0119ta dla wszystkich Drogich Parafian i Go\u015bci b\u0119d\u0105 pe\u0142ne b\u0142ogos\u0142awie\u0144stwa Bo\u017cego i&nbsp;mi\u0142o\u015bci, kt\u00f3r\u0105 przynosi ze sob\u0105 Bo\u017cy Syn pod nasze polskie dachy, w nasze rodziny i serce ka\u017cdego z nas. Niech ta Bo\u017ca rado\u015b\u0107 i mi\u0142o\u015b\u0107 przed\u0142u\u017ca si\u0119 na kolejne dni naszego \u015bwi\u0119towania i na ca\u0142\u0105, nieraz trudn\u0105 codzienno\u015b\u0107. Aby prze\u017cy\u0107 t\u0119 tajemnic\u0119 prawdziwie po chrze\u015bcija\u0144sku, nie ograniczajmy si\u0119 tylko do zewn\u0119trznych obrz\u0119d\u00f3w i zwyczaj\u00f3w. Zechciejmy dotrze\u0107 do \u017ar\u00f3d\u0142a tej rado\u015bci, do samej Tajemnicy Wcielenia Bo\u017cego. Prze\u017cywajmy te \u015bwi\u0119ta w gronie rodzinnym, pochyleni nad Dobr\u0105 Nowin\u0105 zwiastuj\u0105c\u0105 pok\u00f3j i mi\u0142o\u015b\u0107.<\/p>\n<p>2. Niech przejawem takiego prze\u017cywania tych \u015bwi\u0105t b\u0119dzie wsp\u00f3lne \u015bpiewanie kol\u0119d i&nbsp;pastora\u0142ek. To pi\u0119kny polski zwyczaj, niestety, zanikaj\u0105cy ju\u017c w naszych rodzinach i&nbsp;w&nbsp;naszej wsp\u00f3\u0142czesnej kulturze. Polskie kol\u0119dy zawieraj\u0105 bogate tre\u015bci teologiczne, czerpi\u0105 z narodowej tradycji i historii. Niech polskie katolickie domy w tym czasie rozbrzmiewaj\u0105 kol\u0119d\u0105 p\u0142yn\u0105c\u0105 przede wszystkim z&nbsp;naszych serc.<\/p>\n<p>3. Oktawa Bo\u017cego Narodzenia jest bardzo bogata w liturgiczne wspomnienia. W drugi dzie\u0144 uroczysto\u015bci Narodzenia Pa\u0144skiego tradycyjnie czcimy \u015awi\u0119tego Szczepana, pierwszego m\u0119czennika. Za\u015b we wtorek, 27 grudnia, wspominamy \u015awi\u0119tego Jana Aposto\u0142a i&nbsp;najwi\u0119kszego teologa w\u015br\u00f3d Ewangelist\u00f3w. Janowy Prolog o S\u0142owie, kt\u00f3re sta\u0142o si\u0119 Cia\u0142em, jest wyr\u00f3\u017cniaj\u0105cym si\u0119 tekstem w bo\u017conarodzeniowej liturgii s\u0142owa. A w \u015brod\u0119, 28 grudnia, wspominamy \u015awi\u0119tych M\u0142odziank\u00f3w M\u0119czennik\u00f3w. Niech ten dzie\u0144 b\u0119dzie okazj\u0105 do gorliwszych modlitw w intencji poszanowania niewinnego, zw\u0142aszcza nienarodzonego jeszcze \u017cycia. Za\u015b w pi\u0105tek, 30 grudnia, w kalendarzu liturgicznym umieszczono \u015bwi\u0119to \u015awi\u0119tej Rodziny: Jezusa, Maryi i J\u00f3zefa. Wsp\u00f3lnie b\u0119dziemy prosi\u0107 \u015awi\u0119t\u0105 Rodzin\u0119 o&nbsp;\u015bwi\u0119to\u015b\u0107 naszych rodzin. W sobot\u0119 na godz. 16.00 zapraszam na Msz\u0119 \u015bwi\u0119ta na zako\u0144czenie roku.<\/p>\n<p>4. W drugi dzie\u0144 \u015bwi\u0105t Narodzenia Pa\u0144skiego, czyli w przypadaj\u0105ce w poniedzia\u0142ek \u015bwi\u0119to \u015awi\u0119tego Szczepana, diakona i m\u0119czennika sk\u0142adamy ofiary na buduj\u0105ce si\u0119 ko\u015bcio\u0142y w diecezji. Msze \u015bwi\u0119te godz. 9.00 i 11.00<\/p>\n<p>5. W najbli\u017cszym czasie w naszej parafii rozpoczn\u0105 si\u0119 odwiedziny duszpasterskie, zwane kol\u0119d\u0105. Pragn\u0119 odwiedzi\u0107 katolickie rodziny, aby zanie\u015b\u0107 do ich dom\u00f3w i rodzin b\u0142ogos\u0142awie\u0144stwo Bo\u017ce. B\u0119dzie to przede wszystkim wizyta duszpasterska, podczas kt\u00f3rej zapraszam wszystkich do wsp\u00f3lnej modlitwy, do zastanowienia si\u0119 nad naszymi praktykami religijnymi. Kol\u0119da ma tak\u017ce s\u0142u\u017cy\u0107 lepszemu wzajemnemu poznaniu si\u0119, zbli\u017ceniu duszpasterza do powierzonych jego trosce parafian i odwrotnie. &nbsp;Czwartek Helen\u00f3w, pi\u0105tek Las Jaworski od godz. 9.30.<\/p>\n<p>6. Dzi\u0119kuj\u0119&nbsp; rodzicom dzieci z kl. III, m\u0142odzie\u017cy , panom Wojciechowi Kazimierskiemu, &nbsp;Micha\u0142owi W\u0105sowskiemu, Dariuszowi Wr\u00f3blewskiemu, kt\u00f3rzy pod przewodnictwem p. Anety przygotowali dekoracj\u0119 \u015bwi\u0105teczn\u0105.<\/p>\n<p>7. Panom Tadeuszowi Szaniawskiemu i \u0141ukaszowi Komorowskiemu dzi\u0119kuj\u0119 za choinki a Romanowi Gog\u0142ozie i Dariuszowi Wr\u00f3blewskiemu za \u015bwiate\u0142ka na choinki przed ko\u015bcio\u0142em.<\/p>\n<p>8.&nbsp;Dzi\u0119kuj\u0119 za sprz\u0105tanie ko\u015bcio\u0142a rodzinom Leszek Wrona, Andrzej Laskowski, Teresa Wiel\u0105dek z Jan\u00f3wka. W przysz\u0142ym tygodniu zapraszam rodziny Rafa\u0142 Okrzeja, Adam Patoka, Miros\u0142aw Filipiak z Jan\u00f3wka<\/p>\n<p>9. Na stoliku wy\u0142o\u017cony jest nowy numer Echa katolickiego.<\/p>\n<p>10. Wszystkim solenizantom i jubilatom, kt\u00f3rzy b\u0119d\u0105 prze\u017cywali swoje \u015bwi\u0119to w najbli\u017cszych dniach, \u017cycz\u0119 Bo\u017cego b\u0142og. i obfito\u015bci Bo\u017cych \u0142ask.<\/p>\n<h4 style=\"text-align: center;\"><strong>CZWARTA NIEDZIELA ADWENTU<br \/>\n18 grudnia 2022<br \/>\n<\/strong><strong>OG\u0141OSZENIA DUSZPASTERSKIE<\/strong><\/h4>\n<p>1. W najbli\u017cszych dniach b\u0119dziemy prze\u017cywali uroczysto\u015bci Narodzenia Pa\u0144skiego! W&nbsp;nadchodz\u0105c\u0105 sobot\u0119 Wigilia, kt\u00f3ra w kalendarzu liturgicznym rozpoczyna okres Narodzenia Pa\u0144skiego, a potem kolejne \u015bwi\u0105teczne dni. Czy jeste\u015bmy dobrze, po chrze\u015bcija\u0144sku do nich przygotowani? Narodzenie Dzieci\u0105tka Jezus powinni\u015bmy \u015bwi\u0119towa\u0107 rado\u015bnie i z czystym sercem. Przede wszystkim niech to b\u0119dzie prze\u017cycie religijne! Pami\u0119tajmy, \u017ce to B\u00f3g wkracza w nasz\u0105 histori\u0119 i przez to nadaje naszemu \u017cyciu wymiar Bo\u017cy. Pami\u0119tajmy, \u017ce S\u0142owo, kt\u00f3re sta\u0142o si\u0119 Cia\u0142em, jest ci\u0105gle po\u015br\u00f3d nas, zamieszka\u0142o mi\u0119dzy nami na zawsze i nieustannie uzdalnia nas do niesienia tej Dobrej Nowiny innym.<\/p>\n<p>2. Dzi\u0119kuj\u0119 ks. Kan Jerzemu Janowskiemu za przyj\u0119cie zaproszenia i poprowadzenie rekolekcji.<\/p>\n<p>3. Do licznego udzia\u0142u w&nbsp;roratach, celebrowanych w naszym ko\u015bciele w \u015brody i w soboty o godz. 6.45 Godzinki a nast\u0119pnie Msza \u015bwi\u0119ta, zapraszam dzieci, m\u0142odzie\u017c i doros\u0142ych. W ten spos\u00f3b, w blasku \u015bwiat\u0142a lampion\u00f3w roratnych i \u015bwiec, rozbud\u017amy w naszych sercach oczekiwanie na przyj\u015bcie Chrystusa. W sobot\u0119 na roratach b\u0119dzie przyniesione przez harcerzy \u015bwiate\u0142ko Betlejemskie.<\/p>\n<p>4.Wyjazd do chorych we wtorek od. 9.30.<\/p>\n<p>5. Na czwartek na godz. 17.30 zapraszam rodzic\u00f3w dzieci z kl. III oraz m\u0142odzie\u017c do ubierania \u017c\u0142\u00f3bka.<\/p>\n<p>6. Liturgiczny obch\u00f3d pami\u0105tki Narodzenia Chrystusa rozpoczniemy od Pasterki, czyli Mszy \u015awi\u0119tej sprawowanej o p\u00f3\u0142nocy z soboty, 24 grudnia, na niedziel\u0119, 25 grudnia. Wcze\u015bniej w&nbsp;naszych domach, wsp\u00f3lnotach rodzinnych zadbajmy o tradycyjn\u0105, chrze\u015bcija\u0144sk\u0105 opraw\u0119 wigilijnej wieczerzy. Niech to b\u0119dzie okazja, mo\u017ce jedyna w roku, do pojednania, zgody, wyci\u0105gni\u0119cia przyjaznej d\u0142oni do kogo\u015b po\u015br\u00f3d bliskich, znajomych, w s\u0105siedztwie. Niech wigilijnej wieczerzy towarzyszy wsp\u00f3lna modlitwa, lektura fragmentu Pisma \u015awi\u0119tego o&nbsp;narodzeniu Zbawiciela \u015bwiata (Ewangelia wg \u015bw. \u0141ukasza), \u0142amanie si\u0119 op\u0142atkiem, wsp\u00f3lny \u015bpiew kol\u0119d i pastora\u0142ek. Pod \u017cadnym pozorem nie podawajmy na wigilijny st\u00f3\u0142 alkoholu, a&nbsp;tradycyjnie zachowajmy te\u017c wstrzemi\u0119\u017aliwo\u015b\u0107 od potraw mi\u0119snych.<\/p>\n<p>7. Przy wigilijnym stole pami\u0119tajmy o ubogich i samotnych. Zakorzenione w naszej tradycji dodatkowe miejsce wcale nie musi pozosta\u0107 puste! Niech czas Bo\u017cego Narodzenia b\u0119dzie przepe\u0142niony chrze\u015bcija\u0144sk\u0105 wzajemn\u0105 \u017cyczliwo\u015bci\u0105 i dobroci\u0105. Pami\u0119ci\u0105 obejmijmy r\u00f3wnie\u017c tych, kt\u00f3rzy ju\u017c od nas odeszli do Domu Ojca, a \u017cyli z nami, kochali nas i dla nas si\u0119 trudzili.<\/p>\n<p>8. Dzi\u0119kuj\u0119 p. Ma\u0142gorzacie za przygotowanie posi\u0142k\u00f3w dla kap\u0142an\u00f3w w czasie rekolekcji i za ciasto na st\u00f3\u0142 rekolekcyjny oraz p. Krystynie Gog\u0142ozie za ciasto.<\/p>\n<p>9.&nbsp;Dzi\u0119kuj\u0119 za sprz\u0105tanie ko\u015bcio\u0142a rodzinom Miros\u0142aw Patoka, Karol Patoka, Krzysztof Zalewski z Helenowa. W przysz\u0142ym tygodniu zapraszam rodziny Leszek Wrona, Andrzej Laskowski, Teresa Wiel\u0105dek z Jan\u00f3wka<\/p>\n<p>10. Na stoliku wy\u0142o\u017cony jest nowy numer Echa katolickiego.<\/p>\n<p>11. Wszystkim solenizantom i jubilatom, kt\u00f3rzy b\u0119d\u0105 prze\u017cywali swoje \u015bwi\u0119to w najbli\u017cszych dniach, \u017cycz\u0119 Bo\u017cego b\u0142og. i obfito\u015bci Bo\u017cych \u0142ask.<\/p>\n<h4 style=\"text-align: center;\"><strong>TRZECIA NIEDZIELA ADWENTU<br \/>\n11 grudnia 2022<br \/>\n<\/strong><strong>OG\u0141OSZENIA DUSZPASTERSKIE<\/strong><\/h4>\n<p>1. To ju\u017c po\u0142owa Adwentu. W tym tygodniu, a dok\u0142adnie od soboty, 17 grudnia, wkroczymy w okres bezpo\u015bredniego przygotowania do uroczysto\u015bci Narodzenia Pa\u0144skiego. Przypatrzmy si\u0119, jak prze\u017cywamy ten \u015bwi\u0119ty czas? Mo\u017ce to w\u0142a\u015bciwy moment na korekt\u0119 naszego post\u0119powania, na pojednanie si\u0119 z Bogiem i bli\u017animi przez szczer\u0105 spowied\u017a. Ko\u015bci\u00f3\u0142 przychodzi z pomoc\u0105 jako szafarz Bo\u017cego mi\u0142osierdzia oraz przez pi\u0119kno i bogactwo adwentowej liturgii. Pami\u0119tajmy, \u017ce nasza \u017cyciowa droga wiedzie ku ostatecznemu spotkaniu z Bogiem \u2013 Sprawiedliwym S\u0119dzi\u0105. Zatem wykorzystajmy ten czas na szczeg\u00f3lne pog\u0142\u0119bienie wi\u0119zi z&nbsp;domownikami oraz z naszym Ko\u015bcio\u0142em parafialnym, w kt\u00f3rym uczymy si\u0119 przyja\u017ani z&nbsp;Bogiem, aby w tej przyja\u017ani dalej wzrasta\u0107, dojrzewa\u0107 i dzieli\u0107 si\u0119 ni\u0105 z innymi.<\/p>\n<p>2. Trzeci\u0105 niedziel\u0119 Adwentu nazywamy niedziel\u0105 Gaudete \u2013 \u201eRadujcie si\u0119!\u201d, od s\u0142\u00f3w z Listu \u015awi\u0119tego Paw\u0142a do Filipian (Flp 4,4-5): \u201eRadujcie si\u0119 zawsze w Panu, raz jeszcze powtarzam: radujcie si\u0119! Pan jest blisko\u201d. Dlatego te\u017c w dzisiejszej liturgii zamiast fioletowych pojawi\u0142y si\u0119 szaty r\u00f3\u017cowe. Ta zmiana koloru przyj\u0119\u0142a si\u0119 od zwyczaju b\u0142ogos\u0142awienia przez papie\u017cy w&nbsp;Rzymie i rozdawania r\u00f3\u017c w t\u0119 w\u0142a\u015bnie radosn\u0105 niedziel\u0119.<\/p>\n<p>3. Przygotowuj\u0105c si\u0119 do \u015bwi\u0105t Bo\u017cego Narodzenia, pami\u0119tajmy o naszych chrze\u015bcija\u0144skich i&nbsp;narodowych tradycjach. Niech nie zabraknie w naszych domach pob\u0142ogos\u0142awionego wcze\u015bniej w ko\u015bciele wigilijnego op\u0142atka i p\u0142on\u0105cej \u015bwiecy Caritasu. Miejmy serca wra\u017cliwe i&nbsp;otwarte. Kto jeszcze nie ma op\u0142atka mo\u017ce zg\u0142osi\u0107 si\u0119 do p. Anety.<\/p>\n<p>4. Do licznego udzia\u0142u w&nbsp;roratach, celebrowanych w naszym ko\u015bciele w \u015brody i w soboty o godz. 6.45 Godzinki a nast\u0119pnie Msza \u015bwi\u0119ta, zapraszam dzieci, m\u0142odzie\u017c i doros\u0142ych. W ten spos\u00f3b, w blasku \u015bwiat\u0142a lampion\u00f3w roratnych i \u015bwiec, rozbud\u017amy w naszych sercach oczekiwanie na przyj\u015bcie Chrystusa.<\/p>\n<p>5. Dzisiaj rozpoczynamy te\u017c Kwartalne dni modlitw o chrze\u015bcija\u0144skie \u017cycie rodzin. Nie lekcewa\u017cmy wsp\u00f3\u0142czesnych zagro\u017ce\u0144 i zorganizowanych atak\u00f3w wrog\u00f3w rodziny. Jest ona przecie\u017c pierwszym, podstawowym i naturalnym \u015brodowiskiem chrze\u015bcija\u0144skiego wychowania i przekazywania wiary. Trosce o trudn\u0105 codzienno\u015b\u0107 naszych rodzin niech towarzyszy modlitwa, tak\u017ce ta wsp\u00f3lnotowa domowego Ko\u015bcio\u0142a.<\/p>\n<p>6. Dzisiaj tak\u017ce po Mszy \u015bwi\u0119tej o godz. 9.00 zmiana tajemnic r\u00f3\u017ca\u0144ca dla rodzic\u00f3w modl\u0105cych si\u0119 za dzieci, a o 10.30 r\u00f3\u017caniec za zmar\u0142ych polecanych w wypominkach z Helenowa i Lasu Jaworskiego.<\/p>\n<p>7.Sk\u0142adaj\u0105c ofiar\u0119 10, 15, 20 lub 30 z\u0142., otrzymujemy \u015bwiec\u0119 wigilijn\u0105, wspieramy tym samym Wigilijne dzie\u0142o Pomocy dzieciom.<\/p>\n<p>8. W pi\u0105tek rozpoczynamy nasze parafialne rekolekcje, kt\u00f3rym b\u0119dzie przewodniczy\u0142 ks. Kan Jerzy Janowski diecezjalny egzorcysta. Porz\u0105dek rekolekcji : pi\u0105tek i sobota Msze \u015bwi\u0119te o godz. 10.00, 12.00 i 17.00. Za pobo\u017cne uczestnictwo w trzech naukach mo\u017cemy zyska\u0107 odpust. Ofiary sk\u0142adane na tac\u0119 w niedziel\u0119 s\u0105 przeznaczone do dyspozycji rekolekcjonisty.<\/p>\n<p>9.&nbsp;Dzi\u0119kuj\u0119 za sprz\u0105tanie ko\u015bcio\u0142a rodzinom Kazimierz Leszczy\u0144ski, Ryszard Aleksandrowicz, Zbigniew Go\u0142\u0119biewki z Helenowa. W przysz\u0142ym tygodniu zapraszam rodziny Miros\u0142aw Patoka, Karol Patoka, Krzysztof Zalewskiz Helenowa.<\/p>\n<p>10. Na stoliku wy\u0142o\u017cony jest nowy numer Echa katolickiego.<\/p>\n<p>11. Wszystkim solenizantom i jubilatom, kt\u00f3rzy b\u0119d\u0105 prze\u017cywali swoje \u015bwi\u0119to w najbli\u017cszych dniach, \u017cycz\u0119 Bo\u017cego b\u0142og. i obfito\u015bci Bo\u017cych \u0142ask.<\/p>\n<h4 style=\"text-align: center;\"><strong>DRUGA NIEDZIELA ADWENTU<br \/>\n4 grudnia 2022<br \/>\n<\/strong><strong>OG\u0141OSZENIA DUSZPASTERSKIE<\/strong><\/h4>\n<p>1. Dzi\u015b prze\u017cywamy drug\u0105 niedziel\u0119 Adwentu. Niech ten \u015bwi\u0119ty czas mobilizuje ka\u017cdego do duchowej odnowy, zacie\u015bniania wi\u0119zi z Panem Bogiem i bra\u0107mi. Przygotowujemy si\u0119 bowiem na spotkanie z Panem, kt\u00f3ry z mi\u0142o\u015bci do nas przyjmuje na siebie nasze cz\u0142owiecze\u0144stwo, aby je przemieni\u0107, u\u015bwi\u0119ci\u0107. Nie pozw\u00f3lmy, aby religijny charakter Adwentu zag\u0142uszy\u0142y nachalne, g\u0142o\u015bne reklamy i przed\u015bwi\u0105teczna gor\u0105czka panuj\u0105ca w&nbsp;galeriach i marketach.<\/p>\n<p>2. W dzisiejsz\u0105 niedziel\u0119 przypada&nbsp; XXIII Dzie\u0144 modlitw i pomocy materialnej Ko\u015bcio\u0142owi na Wschodzie. Zbi\u00f3rk\u0105 do puszek przed ko\u015bcio\u0142em wspieramy Fundusz Pomocy Ko\u015bcio\u0142owi na Wschodzie.<\/p>\n<p>3. Do licznego udzia\u0142u w roratach, celebrowanych w naszym ko\u015bciele w \u015brody i w soboty o godz. 6.45 Godzinki a nast\u0119pnie Msza \u015bwi\u0119ta, zapraszam dzieci, m\u0142odzie\u017c i doros\u0142ych. W ten spos\u00f3b, w blasku \u015bwiat\u0142a lampion\u00f3w roratnych i \u015bwiec, rozbud\u017amy w naszych sercach oczekiwanie na przyj\u015bcie Chrystusa.<\/p>\n<p>4. W najbli\u017cszy wtorek, 6 grudnia, o wstawiennictwo prosimy \u015awi\u0119tego Miko\u0142aja, biskupa Miry Licyjskiej. S\u0142aw\u0119 i cze\u015b\u0107 w Ko\u015bciele zyska\u0142 sobie dzi\u0119ki wyj\u0105tkowej dobroci i m\u0105dro\u015bci. Tego dnia tradycyjnie obdarowujemy prezentami nasze dzieci i bliskich. Niech to liturgiczne wspomnienie \u015awi\u0119tego Miko\u0142aja usposobi nas tak\u017ce do szerokiego otwarcia oczu i serca na te dzieci, o kt\u00f3rych bliscy zapomnieli albo si\u0119 ich wyparli. Ale niech opr\u00f3cz wielu podarunk\u00f3w nie zabraknie tak\u017ce daru naszej modlitwy w&nbsp;ich intencji przez wstawiennictwo tego wspania\u0142ego \u015awi\u0119tego Biskupa.<\/p>\n<p>5. Za\u015b w czwartek, 8 grudnia, przypada uroczysto\u015b\u0107 Niepokalanego Pocz\u0119cia Naj\u015bwi\u0119tszej Maryi Panny. Pochylamy si\u0119 nad tajemnic\u0105 wiary, kt\u00f3ra m\u00f3wi, \u017ce Pan B\u00f3g, wybieraj\u0105c Maryj\u0119 na Matk\u0119 swego Syna, zachowa\u0142 J\u0105 od grzechu pierworodnego. Ko\u015bci\u00f3\u0142 uczy tak\u017ce, \u017ce Matka Bo\u017ca nie pope\u0142ni\u0142a \u017cadnego grzechu uczynkowego. Pro\u015bmy nasz\u0105 Najlepsz\u0105 Matk\u0119 o wstawiennictwo u Jej Syna we wszelkich potrzebach, zw\u0142aszcza o wytrwa\u0142o\u015b\u0107 w walce z grzechami. W tym dniu w naszej parafii \u015bwi\u0105teczne Msze \u015awi\u0119te o godz. 9.00 i 17.00. Na Mszy \u015bwi\u0119tej o godz. 17.00 b\u0142ogos\u0142awie\u0144stwo medalik\u00f3w dla dzieci z kl. III. A po Mszy \u015bwi\u0119tej Nowenna do Matki Bo\u017cej Kode\u0144skiej.<\/p>\n<p>6. W przysz\u0142\u0105 niedziel\u0119 po Mszy \u015bwi\u0119tej o godz. 9.00 zmiana tajemnic r\u00f3\u017ca\u0144ca dla rodzic\u00f3w modl\u0105cych si\u0119 za dzieci, a o 10.30 r\u00f3\u017caniec za zmar\u0142ych polecanych w wypominkach z Helenowa i Lasu Jaworskiego.<\/p>\n<p>7.Sk\u0142adaj\u0105c ofiar\u0119 10, 15, 20 lub 30 z\u0142., otrzymujemy \u015bwiec\u0119 wigilijn\u0105, wspieramy tym samym Wigilijne dzie\u0142o Pomocy dzieciom.<\/p>\n<p>8. Pob\u0142ogos\u0142awione&nbsp; op\u0142atki p. Aneta&nbsp; b\u0119dzie roznosi\u0142a w poniedzia\u0142ek od godz. 14.00 W\u00f3lka, we wtorek od 14.00 \u015awidno, w sobot\u0119 od 10.00 Wierzbno.<\/p>\n<p>9. Dzi\u0119kuj\u0119 za sprz\u0105tanie ko\u015bcio\u0142a rodzinom rodziny Grzegorz Brogowski, Konrad Tafil, Arkadiusz Zalewski z Helenowa.&nbsp;&nbsp; W przysz\u0142ym tygodniu zapraszam rodziny Kazimierz Leszczy\u0144ski, Ryszard Aleksandrowicz, Zbigniew Go\u0142\u0119biewki z Helenowa.<\/p>\n<p>10. Na stoliku wy\u0142o\u017cony jest nowy numer Echa katolickiego.<\/p>\n<p>11. Wszystkim solenizantom i jubilatom, kt\u00f3rzy b\u0119d\u0105 prze\u017cywali swoje \u015bwi\u0119to w najbli\u017cszych dniach, \u017cycz\u0119 Bo\u017cego b\u0142og. i obfito\u015bci Bo\u017cych \u0142ask.<\/p>\n","protected":false},"excerpt":{"rendered":"<p>Powr\u00f3t do listy og\u0142osze\u0144 NARODZENIE PA\u0143SKIE 25 grudnia 2022 (Msza \u015awi\u0119ta o \u015bwicie i Msza \u015awi\u0119ta w dzie\u0144) OG\u0141OSZENIA DUSZPASTERSKIE l. Podczas dzisiejszej Mszy \u015awi\u0119tej z wielk\u0105 rado\u015bci\u0105 \u015bpiewali\u015bmy Chwa\u0142a na wysoko\u015bci Bogu\u2026 S\u0142owami tego hymnu uwielbili\u015bmy Boga wszechmog\u0105cego za dar narodzin Syna, kt\u00f3ry zst\u0105pi\u0142 z niedost\u0119pnej \u015bwiat\u0142o\u015bci i sta\u0142 si\u0119 jednym z nas. Niech te \u015bwi\u0119ta dla wszystkich Drogich Parafian i Go\u015bci b\u0119d\u0105 pe\u0142ne b\u0142ogos\u0142awie\u0144stwa Bo\u017cego i&nbsp;mi\u0142o\u015bci, kt\u00f3r\u0105 przynosi ze sob\u0105 Bo\u017cy Syn pod nasze polskie dachy, w nasze rodziny i serce ka\u017cdego z nas. Niech ta Bo\u017ca rado\u015b\u0107 i mi\u0142o\u015b\u0107 przed\u0142u\u017ca si\u0119 na kolejne dni naszego \u015bwi\u0119towania i na ca\u0142\u0105, nieraz trudn\u0105 codzienno\u015b\u0107. Aby prze\u017cy\u0107 t\u0119 tajemnic\u0119 prawdziwie po chrze\u015bcija\u0144sku, nie ograniczajmy si\u0119 tylko do zewn\u0119trznych obrz\u0119d\u00f3w i zwyczaj\u00f3w. Zechciejmy dotrze\u0107 do \u017ar\u00f3d\u0142a tej rado\u015bci, do samej Tajemnicy Wcielenia Bo\u017cego. Prze\u017cywajmy te \u015bwi\u0119ta w gronie rodzinnym, pochyleni nad Dobr\u0105 Nowin\u0105 zwiastuj\u0105c\u0105 pok\u00f3j i mi\u0142o\u015b\u0107. 2. Niech przejawem takiego \u2026 <a class=\"continue-reading-link\" href=\"https:\/\/www.parafiawierzbno.com.pl\/?page_id=10832\">Czytaj dalej <span class=\"meta-nav\">&rarr; <\/span><\/a><\/p>\n","protected":false},"author":1,"featured_media":0,"parent":225,"menu_order":0,"comment_status":"closed","ping_status":"closed","template":"","meta":{"ngg_post_thumbnail":0},"_links":{"self":[{"href":"https:\/\/www.parafiawierzbno.com.pl\/index.php?rest_route=\/wp\/v2\/pages\/10832"}],"collection":[{"href":"https:\/\/www.parafiawierzbno.com.pl\/index.php?rest_route=\/wp\/v2\/pages"}],"about":[{"href":"https:\/\/www.parafiawierzbno.com.pl\/index.php?rest_route=\/wp\/v2\/types\/page"}],"author":[{"embeddable":true,"href":"https:\/\/www.parafiawierzbno.com.pl\/index.php?rest_route=\/wp\/v2\/users\/1"}],"replies":[{"embeddable":true,"href":"https:\/\/www.parafiawierzbno.com.pl\/index.php?rest_route=%2Fwp%2Fv2%2Fcomments&post=10832"}],"version-history":[{"count":6,"href":"https:\/\/www.parafiawierzbno.com.pl\/index.php?rest_route=\/wp\/v2\/pages\/10832\/revisions"}],"predecessor-version":[{"id":10844,"href":"https:\/\/www.parafiawierzbno.com.pl\/index.php?rest_route=\/wp\/v2\/pages\/10832\/revisions\/10844"}],"up":[{"embeddable":true,"href":"https:\/\/www.parafiawierzbno.com.pl\/index.php?rest_route=\/wp\/v2\/pages\/225"}],"wp:attachment":[{"href":"https:\/\/www.parafiawierzbno.com.pl\/index.php?rest_route=%2Fwp%2Fv2%2Fmedia&parent=10832"}],"curies":[{"name":"wp","href":"https:\/\/api.w.org\/{rel}","templated":true}]}}