{"id":10846,"date":"2023-01-08T00:26:11","date_gmt":"2023-01-07T23:26:11","guid":{"rendered":"https:\/\/www.parafiawierzbno.com.pl\/?page_id=10846"},"modified":"2023-01-30T16:22:31","modified_gmt":"2023-01-30T15:22:31","slug":"ogloszenia-styczen-2023","status":"publish","type":"page","link":"https:\/\/www.parafiawierzbno.com.pl\/?page_id=10846","title":{"rendered":"Og\u0142oszenia &#8211; Stycze\u0144 2023"},"content":{"rendered":"<p><a title=\"Og\u0142oszenia parafialne\" href=\"https:\/\/www.parafiawierzbno.com.pl\/?page_id=225\">Powr\u00f3t do listy og\u0142osze\u0144<\/a><\/p>\n<h4 style=\"text-align: center;\"><strong>CZWARTA NIEDZIELA W CI\u0104GU ROKU<br \/>\n29 stycznia 2023<br \/>\n<\/strong><strong>OG\u0141OSZENIA DUSZPASTERSKIE<\/strong><\/h4>\n<p>1. Dzisiejsza niedziela, ostatnia niedziela stycznia, tradycyjnie obchodzona jest w Ko\u015bciele jako \u015awiatowy Dzie\u0144 Tr\u0119dowatych, ustanowiony w 1954 roku. Wiemy, jak stara i straszna w&nbsp;skutkach jest ta choroba. Starajmy si\u0119 wi\u0119c pom\u00f3c, aby dotkni\u0119ci ni\u0105 byli leczeni w&nbsp;poszanowaniu ludzkiej godno\u015bci i wolno\u015bci. Dzi\u015b na \u015bwiecie tr\u0119dowatymi opiekuj\u0105 si\u0119 g\u0142\u00f3wnie chrze\u015bcija\u0144scy misjonarze. Wspierajmy ich naszymi m modlitwami i ofiarami!<\/p>\n<p>2. Dzisiaj taca ekonomiczna. W listopadzie z\u0142o\u017cono 1194 z\u0142. B\u00f3g zap\u0142a\u0107.<\/p>\n<p>3. Po Mszy \u015bwi\u0119tej o godz. 11.00 spotkanie z rodzicami dzieci kl. III<\/p>\n<p>4. W czwartek, 2 lutego, b\u0119dziemy obchodzili \u015bwi\u0119to Ofiarowania Pa\u0144skiego, w naszej polskiej tradycji nazywane \u015bwi\u0119tem Matki Bo\u017cej Gromnicznej. To pami\u0105tka obrz\u0119du, jakiemu zgodnie z \u017cydowskim prawem w czterdziestym dniu po urodzeniu Pana Jezusa poddali si\u0119 Maryja i J\u00f3zef. Zanie\u015bli Dzieci\u0105tko do \u015awi\u0105tyni Jerozolimskiej, aby przedstawi\u0107 Je Bogu i&nbsp;z\u0142o\u017cy\u0107 ofiar\u0119. Tego dnia na uroczyst\u0105 liturgi\u0119 przyniesiemy \u015bwiece zwane gromnicami. Zostan\u0105 one pob\u0142ogos\u0142awione, aby przez ca\u0142y rok, a zw\u0142aszcza w&nbsp;chwilach trwogi i cierpienia, przypomina\u0142y nam o Jezusie \u2013 \u015awiat\u0142o\u015bci Narod\u00f3w. W ten dzie\u0144 &nbsp;Msze \u015awi\u0119te w naszej parafii o godz. 9.00 i 17.00.<\/p>\n<p>5. Z inicjatywy papie\u017ca \u015awi\u0119tego Jana Paw\u0142a II \u015bwi\u0119to Ofiarowania Pa\u0144skiego jest tak\u017ce \u015awiatowym Dniem \u017bycia Konsekrowanego. Nasz\u0105 modlitw\u0105 obejmiemy osoby podejmuj\u0105ce s\u0142u\u017cb\u0119 Bogu i ludziom w r\u00f3\u017cnych zakonach i zgromadzeniach. Tego dnia b\u0119dziemy prosi\u0107 o&nbsp;liczne i \u015bwi\u0119te powo\u0142ania do \u017cycia zakonnego w naszych rodzinach i we wsp\u00f3lnocie parafialnej. Ofiary sk\u0142adane na tac\u0119 s\u0105 przeznaczone na zakony kontemplacyjne.<\/p>\n<p>6. W tym tygodniu przypada pierwszy czwartek, pierwszy pi\u0105tek i pierwsza sobota miesi\u0105ca. W czwartek dzi\u0119kujemy za dar Eucharystii i kap\u0142a\u0144stwa; prosimy o nowe i \u015bwi\u0119te powo\u0142ania do pracy w Pa\u0144skiej Winnicy tak\u017ce z naszej wsp\u00f3lnoty parafialnej. W pi\u0105tek pragniemy wype\u0142ni\u0107 pro\u015bb\u0119 Pana Jezusa o&nbsp;modlitw\u0119 wynagradzaj\u0105c\u0105 za grzechy nasze i ca\u0142ego \u015bwiata. A&nbsp;w sobot\u0119 czcimy Matk\u0119 Naj\u015bwi\u0119tsz\u0105 i powierzamy Jej matczynej opiece ca\u0142\u0105 nasz\u0105 codzienno\u015b\u0107. W niedziel\u0119 po Mszy \u015bw. o godz. 11.00 nabo\u017ce\u0144stwo adoracyjne<\/p>\n<p>7. W naszym ko\u015bciele w pierwszy pi\u0105tek adoracja Naj\u015bwi\u0119tszego Sakramentu od godz. 16.00.<\/p>\n<p>8. &nbsp;Dzi\u0119kuj\u0119 za serdeczne przyj\u0119cie w czasie wizyt kol\u0119dowych, za obiady czy s\u0142odkie przek\u0105ski. Nasza parafia liczy 706 os\u00f3b. W czasie liczenia wiernych na Mszach \u015bwi\u0119tych by\u0142o 218 os\u00f3b.<\/p>\n<p>9.&nbsp;Dzi\u0119kuj\u0119 za sprz\u0105tanie ko\u015bcio\u0142a rodzinom Zdzis\u0142aw Po\u0142awski, Krystyna Siemi\u0144ska Jan\u00f3wka. W przysz\u0142ym tygodniu zapraszam rodziny, Janusz Cichocki, Stefan Patoka, Miros\u0142awa Patoka z Jan\u00f3wka<\/p>\n<p>10. Na stoliku wy\u0142o\u017cony jest nowy numer Echa Katolickiego<\/p>\n<p>11. Wszystkim solenizantom i jubilatom, kt\u00f3rzy b\u0119d\u0105 prze\u017cywali swoje \u015bwi\u0119to w najbli\u017cszych dniach, \u017cycz\u0119 Bo\u017cego b\u0142og. i obfito\u015bci Bo\u017cych \u0142ask.<\/p>\n<p style=\"text-align: center;\"><strong>TRZECIA NIEDZIELA W CI\u0104GU ROKU<br \/>\n22 stycznia 2023<br \/>\n<\/strong><strong>OG\u0141OSZENIA DUSZPASTERSKIE<\/strong><\/p>\n<p>1. Dzisiejsza niedziela w ca\u0142ym Ko\u015bciele powszechnym obchodzona jest jako Niedziela S\u0142owa Bo\u017cego. W li\u015bcie apostolskim z wrze\u015bnia 2019 roku ustanawiaj\u0105cym t\u0119 niedziel\u0119 papie\u017c Franciszek napisa\u0142: \u201eCi\u0105g\u0142e czytanie Pisma \u015awi\u0119tego i uczestnictwo w Eucharystii pozwalaj\u0105 rozpozna\u0107 osoby nale\u017c\u0105ce do siebie nawzajem. Jako chrze\u015bcijanie jeste\u015bmy jednym ludem krocz\u0105cym w&nbsp;historii, jeste\u015bmy silni obecno\u015bci\u0105 Pana po\u015br\u00f3d nas, kt\u00f3ry do nas przemawia i nas karmi. Dzie\u0144 po\u015bwi\u0119cony Biblii nie powinien by\u0107 \u00abraz w roku\u00bb, ale w&nbsp;ka\u017cdym dniu roku, poniewa\u017c musimy pilnie sta\u0107 si\u0119 bliscy Pismu \u015awi\u0119temu oraz Zmartwychwsta\u0142emu, kt\u00f3ry nigdy nie przestaje dzieli\u0107 si\u0119 s\u0142owem i Chlebem we wsp\u00f3lnocie wierz\u0105cych. W tym celu musimy wej\u015b\u0107 w blisk\u0105 relacj\u0119 z Pismem \u015awi\u0119tym, w przeciwnym razie nasze serce pozostanie zimne, a oczy zamkni\u0119te, dotkni\u0119te niezliczonymi formami \u015blepoty\u201d.<\/p>\n<p>2. Z okazji przypadaj\u0105cego w sobot\u0119 Dnia Babci i w dzisiejsz\u0105 niedziel\u0119 Dnia Dziadka serdeczn\u0105 pami\u0119ci\u0105 obejmijmy nasze drogie babcie i drogich dziadk\u00f3w, m\u00f3dlmy si\u0119 za tych \u017cyj\u0105cych i tych, kt\u00f3rzy odeszli ju\u017c do Pana. Bardzo wiele im zawdzi\u0119czamy. Niech naszym podzi\u0119kowaniem b\u0119dzie modlitwa, ofiarowana Komunia \u015awi\u0119ta i codzienna serdeczna pami\u0119\u0107.<\/p>\n<p>3. W ca\u0142ym Ko\u015bciele trwa Tydzie\u0144 Powszechnej Modlitwy o Jedno\u015b\u0107 Chrze\u015bcijan. Domaga si\u0119 jej od nas sam Jezus, ucz\u0105c: \u201eTo jest moje przykazanie, aby\u015bcie si\u0119 wzajemnie mi\u0142owali, tak jak Ja was umi\u0142owa\u0142em\u201d. Czy\u017c na takie wezwanie mo\u017cemy by\u0107 oboj\u0119tni!? Tak bardzo upragniona przez Pana Jezusa jedno\u015b\u0107 zosta\u0142a zniszczona przez ludzk\u0105 pych\u0119 i jest zgorszeniem dla \u015bwiata. Dlatego nie ustawajmy w wysi\u0142kach na rzecz jej przywr\u00f3cenia.<\/p>\n<p>4. W \u015brod\u0119, 25 stycznia, przypada \u015bwi\u0119to Nawr\u00f3cenia \u015bw. Paw\u0142a Aposto\u0142a. Przez jego wstawiennictwo pro\u015bmy o \u0142ask\u0119, aby Pan r\u00f3wnie\u017c nas zechcia\u0142 nawr\u00f3ci\u0107. Tego nawr\u00f3cenia potrzebujemy na co dzie\u0144. Podobnie jak \u015bw. Pawe\u0142, powinni\u015bmy sta\u0107 si\u0119 narz\u0119dziem Bo\u017cym, a wpatruj\u0105c si\u0119 w jego wspania\u0142y wz\u00f3r, kroczy\u0107 wiernie po drogach wiary, co wi\u0119cej \u2013 nie\u015b\u0107 j\u0105 innym, \u015bwiadczy\u0107 m\u0119\u017cnie o Chrystusie \u2013 Zbawicielu \u015bwiata.<\/p>\n<p>5. W czwartek, 26 stycznia, w Ko\u015bciele b\u0119dziemy obchodzili Dzie\u0144 Islamu. Dzi\u015b s\u0142owo \u201eislam\u201d cz\u0119sto budzi niepok\u00f3j, a nawet wywo\u0142uje wrogo\u015b\u0107. Mimo wszystkich trudnych do\u015bwiadcze\u0144, kt\u00f3rymi naznaczona jest nasza wsp\u00f3\u0142czesno\u015b\u0107, pro\u015bmy tego dnia o \u015bwiat\u0142o Ducha \u015awi\u0119tego, aby\u015bmy potrafili patrze\u0107 na siebie wzajemnie z mi\u0142o\u015bci\u0105 i zrozumieniem, przez pami\u0119\u0107 o naszym wsp\u00f3lnym ojcu wiary \u2013 Abrahamie.<\/p>\n<p>6. Ze wzgl\u0119du na Rok Jubileuszowy 300-lecia koronacji obrazu Matki Bo\u017cej Kode\u0144skiej Stolica Apostolska udzieli\u0142a specjalnego odpustu zupe\u0142nego, kt\u00f3ry mo\u017cna zyskiwa\u0107 od 1 stycznia do 31 grudnia 2023 roku. Odpust mo\u017cna zyska\u0107 pod zwyk\u0142ymi warunkami (stan \u0142aski u\u015bwi\u0119caj\u0105cej, komunia, brak przywi\u0105zania do grzechu i modlitwa w intencjach Ojca \u015awi\u0119tego), odbywaj\u0105c pielgrzymk\u0119 (indywidualnie lub zbiorowo) do Sanktuarium Matki Bo\u017cej Kode\u0144skiej w Kodniu oraz uczestnicz\u0105c w obchodach jubileuszowych lub trwaj\u0105c na modlitwie przed wizerunkiem Matki Bo\u017cej w Kodniu, jednocze\u015bnie ko\u0144cz\u0105c j\u0105 modlitwami: Ojcze nasz, Wierz\u0119 w Boga oraz wezwaniem do Naj\u015bwi\u0119tszej Maryi Panny. Osoby chore, kt\u00f3re nie mog\u0105 przyby\u0107 fizycznie do Kodnia, mog\u0105 r\u00f3wnie\u017c zyska\u0107 odpust zupe\u0142ny, wzbudzaj\u0105c w sobie odraz\u0119 do wszelkiego grzechu i pragn\u0105c wype\u0142ni\u0107 pozosta\u0142e warunki zwyk\u0142e, gdy tylko (je\u015bli) b\u0119dzie to mo\u017cliwe, je\u015bli b\u0119d\u0105 \u0142\u0105czy\u0107 si\u0119 duchowo z obchodami jubileuszowymi, ofiarowuj\u0105c Bogu swoje modlitwy, cierpienia i \u017cyciowe niedogodno\u015bci.<\/p>\n<p>7. Wczoraj zako\u0144czy\u0142y si\u0119 doroczne odwiedziny duszpasterskie, tak zwana kol\u0119da. Dzi\u0119kuj\u0119 za serdeczne przyj\u0119cie. Podsumowanie w przysz\u0142\u0105 niedziel\u0119. Je\u015bli kto\u015b chcia\u0142by jeszcze przyj\u0105\u0107 ksi\u0119dza termin zostanie ustalony indywidualnie.<\/p>\n<p>8. W przysz\u0142\u0105 niedziel\u0119 spotkanie z rodzicami dzieci z kl. III po Mszy \u015bwi\u0119tej o godz. 11.00.<\/p>\n<p>9. Przysz\u0142a niedziela \u2013 ostatnia miesi\u0105ca, taca ekonomiczna na remont dzwonnicy.<\/p>\n<p>9.&nbsp;Dzi\u0119kuj\u0119 za sprz\u0105tanie ko\u015bcio\u0142a rodzinie Lech Kiesnera z Jan\u00f3wka. W przysz\u0142ym tygodniu zapraszam rodziny Zdzis\u0142aw Po\u0142awski, Krystyna Siemi\u0144ska, Henryk Rozbicki z Jan\u00f3wka<\/p>\n<p>10. Na stoliku wy\u0142o\u017cony jest nowy numer Echa Katolickiego<\/p>\n<p>11. Wszystkim solenizantom i jubilatom, kt\u00f3rzy b\u0119d\u0105 prze\u017cywali swoje \u015bwi\u0119to w najbli\u017cszych dniach, \u017cycz\u0119 Bo\u017cego b\u0142og. i obfito\u015bci Bo\u017cych \u0142ask.<\/p>\n<h4 style=\"text-align: center;\"><strong>DRUGA NIEDZIELA W CI\u0104GU ROKU<br \/>\n15 stycznia 2023<br \/>\n<\/strong><strong>OG\u0141OSZENIA DUSZPASTERSKIE<\/strong><\/h4>\n<p>1. \u015awi\u0119tem Chrztu Pa\u0144skiego w ubieg\u0142\u0105 niedziel\u0119 zako\u0144czy\u0142 si\u0119 liturgiczny okres Narodzenia Pa\u0144skiego. Nast\u0119puj\u0105ce po tej niedzieli dni otwar\u0142y przed nam tak zwany okres zwyk\u0142y \u2013 w&nbsp;ci\u0105gu roku, a dok\u0142adnie jego pierwsz\u0105 cz\u0119\u015b\u0107, kt\u00f3ra b\u0119dzie trwa\u0142a a\u017c do wtorku przed \u015arod\u0105 Popielcow\u0105. Liturgiczny okres zwyk\u0142y, po \u0142acinie zwany: \u201eper annum\u201d, r\u00f3\u017cni si\u0119 od innych okres\u00f3w posiadaj\u0105cych w\u0142asny charakter tym, \u017ce w tym czasie nie obchodzi si\u0119 \u017cadnej szczeg\u00f3lnej tajemnicy Chrystusa, lecz wspomina si\u0119 \u2013 zw\u0142aszcza w niedziele \u2013 misterium Chrystusa w&nbsp;ca\u0142ej jego pe\u0142ni. St\u0105d te\u017c zauwa\u017calna zmiana koloru szat liturgicznych na zielony.<\/p>\n<p>2. We wtorek, 17 stycznia, przypada Dzie\u0144 Judaizmu. W \u00f3w dzie\u0144 zach\u0119cam do szczeg\u00f3lnego pochylenia si\u0119 nad Pismem \u015awi\u0119tym, aby tam szuka\u0107 wsp\u00f3lnych korzeni i uczy\u0107 si\u0119 od Abrahama, jak bezgranicznie zawierzy\u0107 Panu Bogu.<\/p>\n<p>3. Natomiast w \u015brod\u0119, 18 stycznia, w ca\u0142ym Ko\u015bciele powszechnym rozpocznie si\u0119 Tydzie\u0144 Powszechnej Modlitwy o Jedno\u015b\u0107 Chrze\u015bcijan. Pan Jezus domaga si\u0119 wzajemnej mi\u0142o\u015bci: \u201eTo jest moje przykazanie, aby\u015bcie si\u0119 wzajemnie mi\u0142owali, tak jak Ja was umi\u0142owa\u0142em\u201d. Niech ta mi\u0142o\u015b\u0107 stanie si\u0119 naszym znakiem rozpoznawczym w \u015bwiecie na ka\u017cdy dzie\u0144.<\/p>\n<p>4. Chocia\u017c Tydzie\u0144 Powszechnej Modlitwy o Jedno\u015b\u0107 Chrze\u015bcijan zako\u0144czy si\u0119 w \u015brod\u0119, 25&nbsp;stycznia, nie ustawajmy w wysi\u0142kach na rzecz jej ca\u0142kowitego przywr\u00f3cenia. Tak bardzo takiej jedno\u015bci pragnie sam Pan Jezus. A cz\u0119sto jej brak jest zgorszeniem dla wsp\u00f3\u0142czesnego \u015bwiata i wielu \u017ale nastawia do Chrystusowego Ko\u015bcio\u0142a. Dlatego w tej intencji ofiarujmy nasze modlitwy, Komunie \u015awi\u0119te oraz&nbsp;cierpienia.<\/p>\n<p>5. W sobot\u0119, 21 stycznia, przypada Dzie\u0144 Babci, a w niedziel\u0119, 22 stycznia \u2013 Dzie\u0144 Dziadka. Pami\u0119tajmy i m\u00f3dlmy si\u0119 w tych dniach za naszych kochanych Dziadk\u00f3w, tych \u017cyj\u0105cych i&nbsp;tych, kt\u00f3rzy ju\u017c odeszli do Domu Ojca. Bardzo cz\u0119sto tyle im zawdzi\u0119czamy! Niech naszym podzi\u0119kowaniem b\u0119dzie modlitwa, ofiarowana Komunia \u015awi\u0119ta i serdeczna pami\u0119\u0107.<\/p>\n<p>6. Przysz\u0142\u0105 niedziel\u0119 z ustanowienia papie\u017ca Franciszka b\u0119dziemy obchodzili jako Niedziel\u0119 S\u0142owa Bo\u017cego. Papie\u017c w 2019 roku ustanowi\u0142 Niedziel\u0119 S\u0142owa Bo\u017cego po to, aby przez lektur\u0119 Pisma \u015awi\u0119tego wierni jeszcze bardziej kszta\u0142towali swoj\u0105 chrze\u015bcija\u0144sk\u0105 postaw\u0119.<\/p>\n<p>7. W naszej Parafii trwaj\u0105 doroczne odwiedziny duszpasterskie, tak zwana kol\u0119da. Pami\u0119tajmy, \u017ce kap\u0142an przychodzi do naszych dom\u00f3w i mieszka\u0144, a przede wszystkim do rodzin z b\u0142ogos\u0142awie\u0144stwem Bo\u017cym. Poniedzia\u0142ek \u2013 \u015awidno i&nbsp; sobota Jaworek, od godz. 9.30.<\/p>\n<p>8. Dzi\u0119kuj\u0119 za sprz\u0105tanie ko\u015bcio\u0142a rodzinie Jacka Ga\u0142eckiego z Jan\u00f3wka. W przysz\u0142ym tygodniu zapraszam rodziny Ewa Gawor, Wac\u0142aw Zalewski, Lech Kiesner Jan\u00f3wka<\/p>\n<p>9. Na stoliku wy\u0142o\u017cony jest nowy numer Echa Katolickiego<\/p>\n<p>10. Wszystkim solenizantom i jubilatom, kt\u00f3rzy b\u0119d\u0105 prze\u017cywali swoje \u015bwi\u0119to w najbli\u017cszych dniach, \u017cycz\u0119 Bo\u017cego b\u0142og. i obfito\u015bci Bo\u017cych \u0142ask.<\/p>\n<p>11. W minionym tygodniu do wieczno\u015bci odeszli + Barbara Krzy\u017canowska l. 86 z Wierzbna i + Zygmunt Gawor l. 74 z Jan\u00f3wka. Wieczny odpoczynek racz im da\u0107 Panie\u2026.<\/p>\n<h4 style=\"text-align: center;\"><strong>NIEDZIELA CHRZTU PA\u0143SKIEGO<br \/>\n8 stycznia 2023<br \/>\n<\/strong><strong>OG\u0141OSZENIA DUSZPASTERSKIE<\/strong><\/h4>\n<p>1. Wspomnienie wydarzenia nad Jordanem, gdzie Pan Jezus przyj\u0105\u0142 chrzest, a tak\u017ce gdzie B\u00f3g potwierdzi\u0142, \u017ce jest On Jego Synem, ko\u0144czy okres Narodzenia Pa\u0144skiego. Od jutra w&nbsp;liturgii rozpoczyna si\u0119 tak zwany okres zwyk\u0142y \u2013 w ci\u0105gu roku. Jednak w naszej tradycji przed\u0142u\u017camy \u015bpiewanie kol\u0119d do 2 lutego, czyli do \u015bwi\u0119ta Ofiarowania Pa\u0144skiego, zwanego u&nbsp;nas \u015bwi\u0119tem Matki Bo\u017cej Gromnicznej, kt\u00f3re bezpo\u015brednio wi\u0105\u017ce si\u0119 z Bo\u017cym Narodzeniem. Zapami\u0119tajmy dzi\u015b s\u0142owa samego Boga o Jezusie: \u201eTo jest m\u00f3j Syn umi\u0142owany, Jego s\u0142uchajcie\u201d.<\/p>\n<p>2. Wspominaj\u0105c chrzest Pana Jezusa w Jordanie, my\u015blimy tak\u017ce o naszym chrzcie, kt\u00f3ry jest pocz\u0105tkiem i fundamentem naszego chrze\u015bcija\u0144skiego \u017cycia, czyli naszej przyja\u017ani, komunii z&nbsp;Panem Bogiem. W tym sakramencie otrzymali\u015bmy godno\u015b\u0107 przybranego dziecka Bo\u017cego i&nbsp;dar Bo\u017cej mi\u0142o\u015bci. Zostali\u015bmy te\u017c w\u0142\u0105czeni do wsp\u00f3lnoty Ko\u015bcio\u0142a. Przyj\u0119cie chrztu jest dla nas jednocze\u015bnie wielkim zobowi\u0105zaniem. Musimy bowiem pod\u0105\u017ca\u0107 drog\u0105 coraz wi\u0119kszego upodabniania si\u0119 do Chrystusa, to znaczy kocha\u0107 Go coraz wi\u0119cej i uczy\u0107 si\u0119 od Niego, jak kocha\u0107 bli\u017anich. Je\u015bli nasza komunia z Bogiem b\u0119dzie coraz doskonalsza, jako chrze\u015bcijanie b\u0119dziemy stawa\u0107 si\u0119 lud\u017ami wyczulonymi na pi\u0119kno duchowe i moralne, rozmi\u0142owanymi w&nbsp;tym, co szlachetne, warto\u015bciowe, prawdziwie wielkie. W naszej codzienno\u015bci nie mo\u017cemy zadowoli\u0107 si\u0119 bylejako\u015bci\u0105 i oboj\u0119tno\u015bci\u0105.<\/p>\n<p>3. Zatrzymajmy si\u0119 na moment przy chrzcielnicy w naszym ko\u015bciele, aby podzi\u0119kowa\u0107 za dar dzieci\u0119ctwa Bo\u017cego, ale tak\u017ce zda\u0107 sobie spraw\u0119 z naszej odpowiedzialno\u015bci za budowanie Ko\u015bcio\u0142a na ziemi, za g\u0142oszenie innym Chrystusa i zachwycanie nasz\u0105 wiar\u0105. W to dzisiejsze \u015bwi\u0119to zapytajmy samych siebie: czy moja wiara rzeczywi\u015bcie godna jest zachwytu?<\/p>\n<p>4. Serdecznie dzi\u0119kuj\u0119 uczniom ze Szko\u0142y Podstawowej z Wierzbna, kt\u00f3rzy pod kierownictwem p. Marty zaprezentowali w pi\u0105tek jase\u0142ka w naszej \u015bwi\u0105tyni<\/p>\n<p>5. W naszej Parafii trwaj\u0105 doroczne odwiedziny duszpasterskie, tak zwana kol\u0119da. Pami\u0119tajmy, \u017ce kap\u0142an przychodzi do naszych dom\u00f3w i mieszka\u0144, a przede wszystkim do rodzin z b\u0142ogos\u0142awie\u0144stwem Bo\u017cym. Poniedzia\u0142ek \u2013 W\u00f3lka, we wtorek Sobo\u0144 i w sobot\u0119 Wierzbno od. p. Gog\u0142oz\u00f3w. 16 stycznia (poniedzia\u0142ek) \u015awidno i 21 stycznia ( sobota) Jaworek, od godz. 9.30.<\/p>\n<p>6.&nbsp;Dzi\u0119kuj\u0119 za sprz\u0105tanie ko\u015bcio\u0142a rodzinom Henryk Grodzki, Jadwiga Barcz, Teodora Ko\u0142ak z Jan\u00f3wka. W przysz\u0142ym tygodniu zapraszam rodziny Zygmunt Gawor, Wac\u0142aw Zalewski, Jacek Ga\u0142ecki z Jan\u00f3wka<\/p>\n<p>7. Na stoliku wy\u0142o\u017cony jest nowy numer Echa Katolickiego<\/p>\n<p>8. Wszystkim solenizantom i jubilatom, kt\u00f3rzy b\u0119d\u0105 prze\u017cywali swoje \u015bwi\u0119to w najbli\u017cszych dniach, \u017cycz\u0119 Bo\u017cego b\u0142og. i obfito\u015bci Bo\u017cych \u0142ask.<\/p>\n<h4 style=\"text-align: center;\"><strong>\u015aWI\u0118TEJ BO\u017bEJ RODZICIELKI MARYI <\/strong><br \/>\n<strong>1 stycznia 2023<\/strong><br \/>\n<strong>OG\u0141OSZENIA DUSZPASTERSKIE<\/strong><\/h4>\n<p>1. W pierwszy dzie\u0144 Nowego Roku Pa\u0144skiego 2023 Ko\u015bci\u00f3\u0142 celebruje liturgiczn\u0105 uroczysto\u015b\u0107 \u015awi\u0119tej Bo\u017cej Rodzicielki. Dzi\u015b stajemy obok Maryi, prosz\u0105c Tr\u00f3jjedynego Boga o&nbsp;b\u0142ogos\u0142awie\u0144stwo dla naszych rodzin, dla ojczyzny i ca\u0142ego \u015bwiata. Nie wiemy, jaki ten rok b\u0119dzie, ani co przyniesie. Ale z wielowiekowych do\u015bwiadcze\u0144 naszego narodu wynika, \u017ce Matka Boga i nasza Matka nigdy nas nie zawiod\u0142a, zw\u0142aszcza w trudnych chwilach. Wpatrujmy si\u0119 w Ni\u0105. Ona nosi\u0142a pod swoim Sercem \u0179r\u00f3d\u0142o i Pocz\u0105tek naszego \u017cycia \u2013 Jezusa Chrystusa, przez kt\u00f3rego wszystko si\u0119 sta\u0142o, a bez Niego nic si\u0119 nie sta\u0142o i nadal si\u0119 nie dzieje. Ona od pocz\u0105tku trwa\u0142a przy danym Bogu s\u0142owie, od zwiastowania, poprzez Betlejemsk\u0105 Noc, a\u017c po Golgot\u0119, wpisuj\u0105c si\u0119 w Bo\u017ce dzie\u0142o odkupienia. Pro\u015bmy Maryj\u0119, aby zbawienie ofiarowane ka\u017cdemu z nas przez Jej Syna nie zosta\u0142o zmarnowane.<\/p>\n<p>2. W Betlejem anio\u0142owie g\u0142osili chwa\u0142\u0119 Boga i \u201epok\u00f3j ludziom dobrej woli\u201d. Maryja, wydaj\u0105c na \u015bwiat Bo\u017cego Syna, staje si\u0119 Kr\u00f3low\u0105 Pokoju. Dlatego dzisiejsza uroczysto\u015b\u0107 Bo\u017cej Rodzicielki z inicjatywy papie\u017ca \u015awi\u0119tego Paw\u0142a VI &nbsp;jest obchodzona jako \u015awiatowy Dzie\u0144 Modlitw o Pok\u00f3j.<\/p>\n<p>3. Dzisiaj za publiczne odm\u00f3wienie lub od\u015bpiewanie hymnu \u201eO&nbsp;Stworzycielu Duchu, przyjd\u017a\u201d mo\u017cna uzyska\u0107 odpust zupe\u0142ny. Wszyscy potrzebujemy Bo\u017cej pomocy, Bo\u017cej \u0142aski, skorzystajmy wi\u0119c z tego daru Ko\u015bcio\u0142a.<\/p>\n<p>4. Dzisiaj tak\u017ce prze\u017cywamy I niedziel\u0119 miesi\u0105ca. Po Mszy \u015bwi\u0119tej o godz. 11.00 nabo\u017ce\u0144stwo adoracyjne.<\/p>\n<p>5. W nadchodz\u0105cym tygodniu przypada pierwszy czwartek miesi\u0105ca \u2013 dzie\u0144 szczeg\u00f3lnego dzi\u0119kczynienia za dar Eucharystii i kap\u0142a\u0144stwa oraz modlitwy o nowe powo\u0142ania do s\u0142u\u017cby w&nbsp;Ko\u015bciele tak\u017ce z naszej wsp\u00f3lnoty parafialnej; pierwszy pi\u0105tek miesi\u0105ca \u2013 dzie\u0144 Komunii \u015awi\u0119tej wynagradzaj\u0105cej Bo\u017cemu Sercu za wszystkie grzechy nasze i \u015bwiata \u2013 nabo\u017ce\u0144stwo pierwszo pi\u0105tkowe po Mszy \u015bwi\u0119tej o godz. 9.00, &nbsp;oraz pierwsza sobota miesi\u0105ca \u2013 dzie\u0144 naszego oddania Niepokalanemu Sercu Bo\u017cej Matki.<\/p>\n<p>6. W pi\u0105tek, 6 stycznia, przypada uroczysto\u015b\u0107 Objawienia Pa\u0144skiego, w&nbsp;naszej tradycji zwana \u015bwi\u0119tem Trzech Kr\u00f3li, kt\u00f3ra przypomina, \u017ce Syn Bo\u017cy przyszed\u0142 do ludzi wszystkich narod\u00f3w, ras i j\u0119zyk\u00f3w. Tego dnia w&nbsp;ko\u015bciele pob\u0142ogos\u0142awi\u0119 kadzid\u0142o i kred\u0119, kt\u00f3r\u0105 \u2013 zgodnie z dawnym polskim zwyczajem \u2013 na drzwiach naszych domostw kre\u015blimy pierwsze litery imion M\u0119drc\u00f3w ze Wschodu: Kacpra, Melchiora i Baltazara: C + M + B, dodaj\u0105c cyfry Roku Pa\u0144skiego, ale co t\u0142umaczymy r\u00f3wnie\u017c jako pro\u015bb\u0119, aby Chrystus pob\u0142ogos\u0142awi\u0142 nasz dom: \u201eChristus mantionem benedicat\u201d. Takie oznakowanie drzwi naszych dom\u00f3w posiada rang\u0119 \u015bwiadectwa wiary wobec naszych braci i si\u00f3str, kt\u00f3rzy od nas tego \u015bwiadectwa \u017c\u0105daj\u0105 i&nbsp;na nie oczekuj\u0105.<\/p>\n<p>7. W uroczysto\u015b\u0107 Objawienia Pa\u0144skiego rokrocznie obchodzimy \u015awiatowy Dzie\u0144 Pomocy Misjom i Misyjny Dzie\u0144 Dzieci. Taca na misje. A po Mszy \u015bwi\u0119tej o godz. 11.00 jase\u0142ka w wykonaniu uczni\u00f3w ze Szko\u0142y podstawowej z Wierzbna<\/p>\n<p>8. A w przysz\u0142\u0105 niedziel\u0119 b\u0119dziemy obchodzi\u0107 \u015bwi\u0119to Chrztu Pa\u0144skiego, kt\u00f3re ko\u0144czy liturgiczny okres Narodzenia Pa\u0144skiego. Po Mszy \u015bwi\u0119tej o godz. 9.00 zmiana tajemnic r\u00f3\u017ca\u0144ca Rodzic\u00f3w modl\u0105cych si\u0119 za dzieci a o godz. 10.30 r\u00f3\u017caniec za zmar\u0142ych polecanych w wypominkach Jan\u00f3wka i Wygl\u0119d\u00f3wka.<\/p>\n<p>9. W naszej Parafii trwaj\u0105 doroczne odwiedziny duszpasterskie, tak zwana kol\u0119da. Pami\u0119tajmy, \u017ce kap\u0142an przychodzi do naszych dom\u00f3w i mieszka\u0144, a przede wszystkim do rodzin z b\u0142ogos\u0142awie\u0144stwem Bo\u017cym. Poniedzia\u0142ek \u2013 Jan\u00f3wek, we wtorek Wygl\u0119d\u00f3wek i w sobot\u0119 Wierzbno od. p. Szyma\u0144skich do Gminy.<\/p>\n<p>10.&nbsp;Dzi\u0119kuj\u0119 za sprz\u0105tanie ko\u015bcio\u0142a rodzinom Rafa\u0142 Okrzeja, Adam Patoka, Miros\u0142aw Filipiak z Jan\u00f3wka. W przysz\u0142ym tygodniu zapraszam rodziny Henryk Grodzki, Jadwiga Barcz, Teodora Ko\u0142ak z Jan\u00f3wka<\/p>\n<p>11. Wszystkim solenizantom i jubilatom, kt\u00f3rzy b\u0119d\u0105 prze\u017cywali swoje \u015bwi\u0119to w najbli\u017cszych dniach, \u017cycz\u0119 Bo\u017cego b\u0142og. i obfito\u015bci Bo\u017cych \u0142ask.<\/p>\n<p>&nbsp;<\/p>\n","protected":false},"excerpt":{"rendered":"<p>Powr\u00f3t do listy og\u0142osze\u0144 CZWARTA NIEDZIELA W CI\u0104GU ROKU 29 stycznia 2023 OG\u0141OSZENIA DUSZPASTERSKIE 1. Dzisiejsza niedziela, ostatnia niedziela stycznia, tradycyjnie obchodzona jest w Ko\u015bciele jako \u015awiatowy Dzie\u0144 Tr\u0119dowatych, ustanowiony w 1954 roku. Wiemy, jak stara i straszna w&nbsp;skutkach jest ta choroba. Starajmy si\u0119 wi\u0119c pom\u00f3c, aby dotkni\u0119ci ni\u0105 byli leczeni w&nbsp;poszanowaniu ludzkiej godno\u015bci i wolno\u015bci. Dzi\u015b na \u015bwiecie tr\u0119dowatymi opiekuj\u0105 si\u0119 g\u0142\u00f3wnie chrze\u015bcija\u0144scy misjonarze. Wspierajmy ich naszymi m modlitwami i ofiarami! 2. Dzisiaj taca ekonomiczna. W listopadzie z\u0142o\u017cono 1194 z\u0142. B\u00f3g zap\u0142a\u0107. 3. Po Mszy \u015bwi\u0119tej o godz. 11.00 spotkanie z rodzicami dzieci kl. III 4. W czwartek, 2 lutego, b\u0119dziemy obchodzili \u015bwi\u0119to Ofiarowania Pa\u0144skiego, w naszej polskiej tradycji nazywane \u015bwi\u0119tem Matki Bo\u017cej Gromnicznej. To pami\u0105tka obrz\u0119du, jakiemu zgodnie z \u017cydowskim prawem w czterdziestym dniu po urodzeniu Pana Jezusa poddali si\u0119 Maryja i J\u00f3zef. Zanie\u015bli Dzieci\u0105tko do \u015awi\u0105tyni Jerozolimskiej, aby przedstawi\u0107 Je Bogu i&nbsp;z\u0142o\u017cy\u0107 ofiar\u0119. Tego dnia na uroczyst\u0105 \u2026 <a class=\"continue-reading-link\" href=\"https:\/\/www.parafiawierzbno.com.pl\/?page_id=10846\">Czytaj dalej <span class=\"meta-nav\">&rarr; <\/span><\/a><\/p>\n","protected":false},"author":1,"featured_media":0,"parent":225,"menu_order":0,"comment_status":"closed","ping_status":"closed","template":"","meta":{"ngg_post_thumbnail":0},"_links":{"self":[{"href":"https:\/\/www.parafiawierzbno.com.pl\/index.php?rest_route=\/wp\/v2\/pages\/10846"}],"collection":[{"href":"https:\/\/www.parafiawierzbno.com.pl\/index.php?rest_route=\/wp\/v2\/pages"}],"about":[{"href":"https:\/\/www.parafiawierzbno.com.pl\/index.php?rest_route=\/wp\/v2\/types\/page"}],"author":[{"embeddable":true,"href":"https:\/\/www.parafiawierzbno.com.pl\/index.php?rest_route=\/wp\/v2\/users\/1"}],"replies":[{"embeddable":true,"href":"https:\/\/www.parafiawierzbno.com.pl\/index.php?rest_route=%2Fwp%2Fv2%2Fcomments&post=10846"}],"version-history":[{"count":7,"href":"https:\/\/www.parafiawierzbno.com.pl\/index.php?rest_route=\/wp\/v2\/pages\/10846\/revisions"}],"predecessor-version":[{"id":10860,"href":"https:\/\/www.parafiawierzbno.com.pl\/index.php?rest_route=\/wp\/v2\/pages\/10846\/revisions\/10860"}],"up":[{"embeddable":true,"href":"https:\/\/www.parafiawierzbno.com.pl\/index.php?rest_route=\/wp\/v2\/pages\/225"}],"wp:attachment":[{"href":"https:\/\/www.parafiawierzbno.com.pl\/index.php?rest_route=%2Fwp%2Fv2%2Fmedia&parent=10846"}],"curies":[{"name":"wp","href":"https:\/\/api.w.org\/{rel}","templated":true}]}}