{"id":10862,"date":"2023-02-12T14:26:08","date_gmt":"2023-02-12T13:26:08","guid":{"rendered":"https:\/\/www.parafiawierzbno.com.pl\/?page_id=10862"},"modified":"2023-02-26T16:07:30","modified_gmt":"2023-02-26T15:07:30","slug":"ogloszenia-luty-2023","status":"publish","type":"page","link":"https:\/\/www.parafiawierzbno.com.pl\/?page_id=10862","title":{"rendered":"Og\u0142oszenia &#8211; Luty 2023"},"content":{"rendered":"<p><a title=\"Og\u0142oszenia parafialne\" href=\"https:\/\/www.parafiawierzbno.com.pl\/?page_id=225\">Powr\u00f3t do listy og\u0142osze\u0144<\/a><\/p>\n<h4 style=\"text-align: center;\"><strong>PIERWSZA NIEDZIELA WIELKIEGO POSTU<br \/>\n26 lutego 2023<br \/>\n<\/strong><strong>OG\u0141OSZENIA DUSZPASTERSKIE<\/strong><\/h4>\n<p>1. Dzisiaj pierwsza niedziela Wielkiego Postu. Ko\u0144cz\u0105 si\u0119 w\u0142a\u015bnie trwaj\u0105ce od \u015arody Popielcowej Kwartalne dni modlitw o ducha pokuty. Warto przytoczy\u0107 przy tej okazji s\u0142owa \u015awi\u0119tego Jana Paw\u0142a II: \u201eRozpoczynaj\u0105cy si\u0119 okres Wielkiego Postu jest okazj\u0105 do bardziej intensywnej modlitwy i wielkodusznej pokuty dla ub\u0142agania Boga o \u0142ask\u0119 nawr\u00f3cenia serc i&nbsp;dar pokoju w sprawiedliwo\u015bci dla wszystkich ludzi. Zwracam si\u0119 do wszystkich wiernych [\u2026], by czas przygotowania do \u015bwi\u0105t wielkanocnych po\u015bwi\u0119cili modlitwie o pok\u00f3j i&nbsp;spe\u0142nianiu czyn\u00f3w braterskiej solidarno\u015bci wobec ludzi cierpi\u0105cych\u201d. Starajmy si\u0119, aby owoce duchowe, jakie w tym czasie otrzymamy, promieniowa\u0142y wok\u00f3\u0142 nas, a trud stawania si\u0119 lepszymi ofiarujmy tak\u017ce za innych, zw\u0142aszcza za tych, kt\u00f3rzy obra\u017caj\u0105 Pana Boga i za to nie przepraszaj\u0105, oraz za pok\u00f3j na \u015bwiecie, kt\u00f3rego tak bardzo wszyscy potrzebujemy.<\/p>\n<p>2. Dzisiaj taca ekonomiczna, w styczniu z\u0142o\u017cono 1453z\u0142., B\u00f3g zap\u0142a\u0107, za\u015b po Mszach \u015bwi\u0119tych zbi\u00f3rka do puszek na pomoc Ukrainie<\/p>\n<p>3. W\u0142\u0105czmy si\u0119 w g\u0142\u0119bokie prze\u017cycie &nbsp;czasu Wielkiego Postu przez intensywniejsz\u0105 modlitw\u0119 osobist\u0105 i&nbsp;wsp\u00f3lnotow\u0105. Tej drugiej b\u0119dzie sprzyja\u0142 udzia\u0142 w nabo\u017ce\u0144stwach wielkopostnych: w&nbsp;pi\u0105tki w naszym ko\u015bciele o godz. 17.00 odprawiamy Drog\u0119 krzy\u017cow\u0105, a w niedziele po Mszy \u015bwi\u0119tej o godz. 11.00 Gorzkie \u017cale. Do licznego udzia\u0142u w tych nabo\u017ce\u0144stwach zach\u0119cam wszystkich parafian: dzieci, m\u0142odzie\u017c i doros\u0142ych. Pami\u0119tajmy o&nbsp;osobistych umartwieniach, a tak\u017ce o specjalnych postanowieniach na Wielki Post.<\/p>\n<p>4. W najbli\u017csz\u0105 \u015brod\u0119, 1 marca, przypada \u015bwi\u0119to pa\u0144stwowe (od 2011 r.): Narodowy Dzie\u0144 Pami\u0119ci \u201e\u017bo\u0142nierzy Wykl\u0119tych\u201d. W ten spos\u00f3b przywo\u0142ujemy zas\u0142ugi wielu oddanych Polak\u00f3w, skupionych w&nbsp;organizacjach i grupach niepodleg\u0142o\u015bciowych, kt\u00f3rzy po zako\u0144czeniu II wojny \u015bwiatowej zdecydowali si\u0119 na podj\u0119cie nier\u00f3wnej walki o suwerenno\u015b\u0107 i&nbsp;niepodleg\u0142o\u015b\u0107 naszej ojczyzny.<\/p>\n<p>5. W sobot\u0119, 4 marca, w liturgii czcimy \u015awi\u0119tego Kazimierza (1458-1484), polskiego kr\u00f3lewicza, kt\u00f3ry swym bogobojnym \u017cyciem udowodni\u0142, \u017ce w\u0142adza wcale nie musi by\u0107 okazj\u0105 do nadu\u017cy\u0107, korupcji ani wy\u015bcigu w gromadzeniu doczesnego bogactwa. W\u0142adza i&nbsp;polityka jest dzie\u0142em Boga i traktowana jako powo\u0142anie mo\u017ce sta\u0107 si\u0119 te\u017c drog\u0105 do \u015bwi\u0119to\u015bci. Jest to te\u017c dzie\u0144 imienin ks. Biskupa. Pami\u0119tajmy o dostojnym solenizancie w naszych modlitwach.<\/p>\n<p>6. W tym tygodniu przypada pierwszy czwartek, pierwszy pi\u0105tek i pierwsza sobota miesi\u0105ca. W czwartek dzi\u0119kujemy za dar Eucharystii i kap\u0142a\u0144stwa, prosimy o nowe i \u015bwi\u0119te powo\u0142ania do pracy w Pa\u0144skiej Winnicy, tak\u017ce z naszej wsp\u00f3lnoty parafialnej. W pi\u0105tek b\u0119dziemy przeprasza\u0107 Bo\u017ce Serce za wszelki brak mi\u0142o\u015bci, za lekcewa\u017cenie daru mi\u0142osierdzia Bo\u017cego. B\u0119dziemy prosi\u0107 o \u0142ask\u0119 nawr\u00f3cenia dla siebie i dla tych, kt\u00f3rzy Pana Boga przeprasza\u0107 nie chc\u0105. W sobot\u0119 powierzymy nasz\u0105 wsp\u00f3lnot\u0119, ka\u017cde rodz\u0105ce si\u0119 w niej i godnie ko\u0144cz\u0105ce si\u0119 \u017cycie Niepokalanemu Sercu Maryi \u2013 najlepszej z Matek.<\/p>\n<p>7. W pierwszy pi\u0105tek w naszym ko\u015bciele adoracja Naj\u015bwi\u0119tszego Sakramentu od godz. 16.00 Pami\u0119tajmy, \u017ce to z Chrystusa ukrytego w Eucharystii czerpiemy moc do osobistego nawr\u00f3cenia, umocnienia wiary i gorliwej pobo\u017cno\u015bci.<\/p>\n<p>8. Przysz\u0142a \u2013 druga niedziela Wielkiego Postu w ca\u0142ym Ko\u015bciele jest obchodzona jako Niedziela Ad Gentes \u2013 Dzie\u0144 Modlitw, Postu i&nbsp;Solidarno\u015bci z Misjonarzami. Szczeg\u00f3ln\u0105 modlitw\u0105 obejmiemy wszystkich misjonarzy: duchownych i \u015bwieckich, kt\u00f3rzy na terenach misyjnych buduj\u0105 Ko\u015bci\u00f3\u0142 Chrystusowy. Ich wysi\u0142ki wesprzemy r\u00f3wnie\u017c ofiarami z\u0142o\u017conymi do puszek na dzie\u0142o pomocy \u201eAd Gentes\u201d.<\/p>\n<p>9. Sprawy gospodarcze\u2026<\/p>\n<p>10.&nbsp;Dzi\u0119kuj\u0119 za sprz\u0105tanie ko\u015bcio\u0142a rodzinom z Waldemar G\u0105siorowski, Bogdan Patoka, Zbigniew Patoka, Marian Jaczewski Jan\u00f3wka. W przysz\u0142ym tygodniu zapraszam rodziny Stefan Cichocki, Zofia Ku\u015bmierczyk, Micha\u0142 Troszkiewicz &nbsp;z Jaworka<\/p>\n<p>11. Na stoliku wy\u0142o\u017cony jest nowy numer Echa Katolickiego<\/p>\n<p>12. Wszystkim solenizantom i jubilatom, kt\u00f3rzy b\u0119d\u0105 prze\u017cywali swoje \u015bwi\u0119to w najbli\u017cszych dniach, \u017cycz\u0119 Bo\u017cego b\u0142og. i obfito\u015bci Bo\u017cych \u0142ask.<\/p>\n<h4 style=\"text-align: center;\"><strong>SI\u00d3DMA NIEDZIELA W CI\u0104GU ROKU<br \/>\n19 lutego 2023<br \/>\n<\/strong><strong>OG\u0141OSZENIA DUSZPASTERSKIE<\/strong><\/h4>\n<p>1. W procesie budowania naszej wsp\u00f3lnoty z Panem Bogiem powinni\u015bmy pami\u0119ta\u0107, \u017ce ka\u017cda niedziela jest dniem Pa\u0144skim. W\u0142a\u015bnie niedziela jest dniem zgromadzenia liturgicznego, dniem rodziny chrze\u015bcija\u0144skiej, rado\u015bci i odpoczynku od pracy, jest podstaw\u0105 i rdzeniem ca\u0142ego roku liturgicznego, jest g\u0142\u00f3wnym dniem celebrowania Eucharystii, poniewa\u017c jest to dzie\u0144 zmartwychwstania Pa\u0144skiego. Bior\u0105c \u017cywy i \u015bwiadomy udzia\u0142 we Mszy \u015awi\u0119tej, wskazujemy na \u017cywotno\u015b\u0107 naszej wiary, umacniamy nasze powo\u0142anie do g\u0142oszenia Ewangelii Chrystusowej w \u015bwiecie.<\/p>\n<p>2. Dzisiaj rozpoczynamy 56. Tydzie\u0144 Modlitw o Trze\u017awo\u015b\u0107 Narodu. Ko\u015bci\u00f3\u0142 wzywa nas do szczeg\u00f3lnej indywidualnej i wsp\u00f3lnotowej modlitwy oraz do abstynencji, kt\u00f3r\u0105 mo\u017cemy ofiarowa\u0107 Panu Bogu jako wynagrodzenie za grzechy pija\u0144stwa innych os\u00f3b lub z pro\u015bb\u0105 o&nbsp;uwolnienie od tego na\u0142ogu bliskich czy znajomych. Zach\u0119cam wszystkich do podj\u0119cia takiej dobrowolnej abstynencji od alkoholu i innych u\u017cywek nie tylko w ci\u0105gu tego wyj\u0105tkowego Tygodnia, ale nawet na d\u0142u\u017cszy okres dla ratowania ludzi uzale\u017cnionych, zw\u0142aszcza w naszej parafialnej wsp\u00f3lnocie.<\/p>\n<p>3. Ko\u0144czy si\u0119 ju\u017c tegoroczny karnawa\u0142. W tym tygodniu, 22 lutego, przypada \u015aroda Popielcowa. Otwiera ona \u015bwi\u0119ty, szczeg\u00f3lny czas Wielkiego Postu. Msze \u015awi\u0119te tego dnia w&nbsp;naszym ko\u015bciele o godz. 9.00 i 17.00. Zewn\u0119trznym znakiem naszego wej\u015bcia na drog\u0119 pokuty i&nbsp;nawr\u00f3cenia jest posypanie g\u0142owy popio\u0142em. W kulturze Izraela gest ten by\u0142 wyrazem wielkiego smutku, \u017ca\u0142oby. Popi\u00f3\u0142 przypomina te\u017c, \u017ce wszystko, co ziemskie, powsta\u0142o z&nbsp;prochu ziemi i zn\u00f3w w proch si\u0119 obr\u00f3ci. Ten rozpad jest skutkiem grzechu. Zatem Wielki Post \u2013 czas pokuty, postu, wyrzecze\u0144 i&nbsp;modlitwy \u2013 ma s\u0142u\u017cy\u0107 naszemu nawr\u00f3ceniu, ma przygotowa\u0107 nasze serca na owocne prze\u017cycie radosnych \u015bwi\u0105t Zmartwychwstania Pa\u0144skiego.<\/p>\n<p>4. Pami\u0119tajmy, \u017ce w Popielec obowi\u0105zuje post \u015bcis\u0142y, polegaj\u0105cy na wstrzemi\u0119\u017aliwo\u015bci od pokarm\u00f3w mi\u0119snych i spo\u017cyciu jednego posi\u0142ku do syta w ci\u0105gu dnia. Pozosta\u0142e posi\u0142ki musz\u0105 zosta\u0107 ograniczone co do ilo\u015bci. Ten post obowi\u0105zuje wszystkich pomi\u0119dzy 18. a 60. rokiem \u017cycia. Pozosta\u0142ych zach\u0119cam tak\u017ce do czynnego w\u0142\u0105czenia si\u0119 w ten wielki akt pokutny, na miar\u0119 ich mo\u017cliwo\u015bci. Przypominam, \u017ce wszystkich od 14. roku \u017cycia obowi\u0105zuje wstrzemi\u0119\u017aliwo\u015b\u0107 od pokarm\u00f3w mi\u0119snych. Przypominam te\u017c, \u017ce Wielki Post jest tak zwanym \u201eczasem zakazanym\u201d dla wszelkich hucznych wesel, zabaw i dyskotek.<\/p>\n<p>5. Nasze duchowe wielkopostne \u0107wiczenia wzmocni udzia\u0142 w nabo\u017ce\u0144stwach pasyjnych: w&nbsp;Drodze krzy\u017cowej, kt\u00f3r\u0105 w naszym ko\u015bciele b\u0119dziemy celebrowali w pi\u0105tki o godz. 17.00, oraz w Gorzkich \u017calach odprawianych w ka\u017cd\u0105 niedziel\u0119 po Mszy \u015bwi\u0119tej o godz. 11.00. Za udzia\u0142 w tych nabo\u017ce\u0144stw mo\u017cemy uzyska\u0107 odpust zupe\u0142ny, czyli darowanie przez Boga kary doczesnej za grzechy, kt\u00f3re zosta\u0142y odpuszczone co do winy. Odpust ten mo\u017cemy ofiarowa\u0107 za siebie lub za zmar\u0142ych.. Chciejmy obficie korzysta\u0107 z tego skarbca \u0142aski, jaki przez Ko\u015bci\u00f3\u0142 ofiaruje nam Pan B\u00f3g, aby przybli\u017cy\u0107 nas do siebie.<\/p>\n<p>6. Przysz\u0142a niedziela \u2013 ostatnia miesi\u0105ca. Taca ekonomiczna.<\/p>\n<p>7. Dzisiaj&nbsp; na godz. 19.00 zapraszam na spotkanie Rad\u0119 Parafialn\u0105.<\/p>\n<p>8.&nbsp;Dzi\u0119kuj\u0119 za sprz\u0105tanie ko\u015bcio\u0142a rodzinom Mariusz \u0141abarzewski, Miros\u0142aw Patoka, Zofia Patoka z Jan\u00f3wka. W przysz\u0142ym tygodniu zapraszam rodziny Waldemar G\u0105siorowski, Bogdan Patoka, Zbigniew Patoka, Marian Jaczewski z Jan\u00f3wka<\/p>\n<p>9. Na stoliku wy\u0142o\u017cony jest nowy numer Echa Katolickiego<\/p>\n<p>10. Wszystkim solenizantom i jubilatom, kt\u00f3rzy b\u0119d\u0105 prze\u017cywali swoje \u015bwi\u0119to w najbli\u017cszych dniach, \u017cycz\u0119 Bo\u017cego b\u0142og. i obfito\u015bci Bo\u017cych \u0142ask.<\/p>\n<h4 style=\"text-align: center;\"><strong>SZ\u00d3STA NIEDZIELA W CI\u0104GU ROKU<br \/>\n12 lutego 2023<br \/>\n<\/strong><strong>OG\u0141OSZENIA DUSZPASTERSKIE<\/strong><\/h4>\n<p>1. Ka\u017cda niedziela jest wyj\u0105tkow\u0105 okazj\u0105 do dojrzewania naszej wiary, do pog\u0142\u0119biania i&nbsp;zacie\u015bniania naszej osobistej relacji z Bogiem. Jak\u017ce jest wa\u017cne, aby w tym procesie bra\u0142a udzia\u0142 ka\u017cda nasza rodzina i ca\u0142a wsp\u00f3lnota parafialna. Pozw\u00f3lmy Panu Jezusowi przemienia\u0107 nasze \u017cycie. Powierzajmy Mu trudy minionego tygodnia i nadzieje dni, kt\u00f3re otwiera przed nami. Niech On dzia\u0142a w naszych sercach, w\u00f3wczas codzienno\u015b\u0107 wype\u0142ni si\u0119 dobrem.<\/p>\n<p>2. Dzisiaj zbi\u00f3rka do puszek dla poszkodowanych w trz\u0119sieniu ziemi w Turcji.<\/p>\n<p>3. Dzisiaj tak\u017ce po Mszy \u015bwi\u0119tej o godz. 9.00 zmiana tajemnic r\u00f3\u017ca\u0144ca dla rodzic\u00f3w modl\u0105cych si\u0119 za dzieci, a o godz. 10.30&nbsp; r\u00f3\u017caniec za zmar\u0142ych polecanych w wypominkach z Jaworka i W\u00f3lki. Natomiast po Mszy \u015bwi\u0119tej o godz. 11.00 pierwsze spotkanie dla m\u0119\u017cczyzn, kt\u00f3rzy zadeklarowali w czasie Kolendy gotowo\u015b\u0107 nale\u017cenia do \u017cywego r\u00f3\u017ca\u0144ca.<\/p>\n<p>4. We wtorek, 14 lutego, b\u0119dziemy obchodzili \u015bwi\u0119to \u015awi\u0119tych Cyryla i Metodego \u2013 Patron\u00f3w Europy. \u017byli w IX wieku, pochodzili z miasta Saloniki w cesarstwie bizanty\u0144skim. Znali wiele j\u0119zyk\u00f3w, dzi\u0119ki czemu podj\u0119li wiele udanych wypraw misyjnych, mi\u0119dzy innymi do Bu\u0142garii i na Morawy, gdzie wprowadzili do liturgii j\u0119zyk s\u0142owia\u0144ski, pisany przystosowanym alfabetem greckim, u\u017cywany w Ko\u015bcio\u0142ach wschodnich do dzi\u015b. Cyryl przet\u0142umaczy\u0142 na ten j\u0119zyk Pismo \u015awi\u0119te. W 1980 roku papie\u017c Jan Pawe\u0142 II og\u0142osi\u0142 \u015awi\u0119tych Cyryla i Metodego wsp\u00f3\u0142patronami Europy, podnosz\u0105c tym samym ich wspomnienie do rangi \u015bwi\u0119ta.<\/p>\n<p>5. Tego samego dnia tradycja wspomina \u015awi\u0119tego Walentego, kap\u0142ana rzymskiego, kt\u00f3ry w&nbsp;269 roku poni\u00f3s\u0142 \u015bmier\u0107 m\u0119cze\u0144sk\u0105, gdy\u017c podczas tortur nie chcia\u0142 si\u0119 wyrzec Chrystusa. Na Zachodzie, zw\u0142aszcza w Anglii i Stanach Zjednoczonych, a od jakiego\u015b czasu tak\u017ce u nas przyj\u0119\u0142o si\u0119 go czci\u0107 jako patrona zakochanych. Niech to b\u0119dzie okazja do rado\u015bci i wsp\u00f3lnej zabawy, wszak trwa jeszcze Karnawa\u0142, ale tak\u017ce do modlitwy, podzi\u0119kowania Panu Bogu za mi\u0142o\u015b\u0107, kt\u00f3r\u0105 nas obdarzy\u0142, i za bliskich, kt\u00f3rzy nas kochaj\u0105. Pami\u0119tajmy te\u017c o wszystkich narzeczonych z naszej wsp\u00f3lnoty parafialnej i pro\u015bmy, aby ich wzajemna mi\u0142o\u015b\u0107 si\u0119 umacnia\u0142a i aby z Bogiem weszli na wsp\u00f3ln\u0105 drog\u0119 \u017cycia.<\/p>\n<p>6. W przysz\u0142\u0105 niedziel\u0119, 19 lutego, rozpocznie si\u0119 56. Tydzie\u0144 Modlitw o Trze\u017awo\u015b\u0107 Narodu. Szczeg\u00f3ln\u0105 modlitw\u0105 ogarniemy wszystkich dotkni\u0119tych tym nieszcz\u0119\u015bciem oraz ich rodziny, kt\u00f3re z powodu pija\u0144stwa swoich bliskich autentycznie cierpi\u0105.<\/p>\n<p>7. Za tydzie\u0144, w niedziel\u0119 na godz. 19.00 zapraszam na spotkanie Rad\u0119 Parafialn\u0105.<\/p>\n<p>8.&nbsp;Dzi\u0119kuj\u0119 za sprz\u0105tanie ko\u015bcio\u0142a rodzinom Andrzej Po\u0142awski, Jacek Ku\u015bmierz, Sylwester Okrzeja Jan\u00f3wka. W przysz\u0142ym tygodniu zapraszam rodziny Mariusz Patoka, Miros\u0142aw Patoka, Zofia Patoka z Jan\u00f3wka<\/p>\n<p>9. Na stoliku wy\u0142o\u017cony jest nowy numer Echa Katolickiego<\/p>\n<p>10. Wszystkim solenizantom i jubilatom, kt\u00f3rzy b\u0119d\u0105 prze\u017cywali swoje \u015bwi\u0119to w najbli\u017cszych dniach, \u017cycz\u0119 Bo\u017cego b\u0142og. i obfito\u015bci Bo\u017cych \u0142ask.<\/p>\n<p>11. W minionym tygodniu do wieczno\u015bci odeszli + Stefan Zawadzki l. 90 z Remebertowa, pochowany na miejscowym cmentarzu i Tadeusz Ku\u015bmierczyk l. 65&nbsp; pochodz\u0105cy z Jaworka, jego pogrzeb we wtorek. Wieczny odpoczynek racz im da\u0107 Panie\u2026.<\/p>\n<h4 style=\"text-align: center;\"><strong>PI\u0104TA NIEDZIELA W CI\u0104GU ROKU<br \/>\n5 lutego 2023<br \/>\n<\/strong><strong>OG\u0141OSZENIA DUSZPASTERSKIE<\/strong><\/h4>\n<p>1. Dzi\u015b przy stole Eucharystii gromadzi nas pi\u0105ta niedziela w ci\u0105gu roku liturgicznego. Pami\u0119tajmy, \u017ce nikt z nas osobi\u015bcie, ani ca\u0142a nasza wsp\u00f3lnota parafialna nie jest w stanie pog\u0142\u0119bi\u0107 swojej wi\u0119zi z Bogiem bez Eucharystii. Dopiero tu, karmi\u0105c si\u0119 prawdziw\u0105 Mi\u0142o\u015bci\u0105, ka\u017cdy chrze\u015bcijanin uczy si\u0119 ofiarnego \u017cycia. Baczniej i cz\u0119\u015bciej wczytujmy si\u0119 w Objawienie Bo\u017ce zawarte w Pi\u015bmie \u015awi\u0119tym. Jednocze\u015bnie ws\u0142uchujemy si\u0119 w to, co m\u00f3wi Ko\u015bci\u00f3\u0142, kt\u00f3rego zadaniem jest ci\u0105g\u0142e przybli\u017canie nas do zbawienia.<\/p>\n<p>&nbsp;&nbsp;2. Dzisiaj pierwsza niedziela miesi\u0105ca, po Mszy \u015bwi\u0119tej o godz. 11.00 nabo\u017ce\u0144stwo adoracyjne.<\/p>\n<p>3. W sobot\u0119, 11 lutego, przypada liturgiczne wspomnienie Naj\u015bwi\u0119tszej Maryi Panny z&nbsp;Lourdes. Dok\u0142adnie tego dnia w 1858 roku, w cztery lata po og\u0142oszeniu dogmatu o&nbsp;Niepokalanym Pocz\u0119ciu, Matka Naj\u015bwi\u0119tsza objawi\u0142a si\u0119 ubogiej pasterce, Bernadecie Soubirous w Massabielskiej Grocie, wzywa\u0142a do modlitwy oraz pokuty. Lourdes zas\u0142yn\u0119\u0142o z&nbsp;licznych nawr\u00f3ce\u0144 i uzdrowie\u0144, staj\u0105c si\u0119 w kr\u00f3tkim czasie centrum kultu maryjnego we Francji. Dzi\u015b do Lourdes przybywaj\u0105 chorzy i zdrowi pielgrzymi z ca\u0142ego \u015bwiata.<\/p>\n<p>4. \u015awi\u0119to Matki Bo\u017cej z Lourdes \u0142\u0105czymy z obchodami \u015awiatowego Dnia Chorych. Mamy wi\u0119c szczeg\u00f3ln\u0105 okazj\u0119 do pog\u0142\u0119bienia postawy wra\u017cliwo\u015bci, refleksji i czynnego dzia\u0142ania wobec cierpi\u0105cych i chorych, osamotnionych, dla tych, kt\u00f3rych mamy bardzo blisko siebie, i&nbsp;dla tych, kt\u00f3rych nie znamy. Wsp\u00f3\u0142czesny \u015bwiat bardzo potrzebuje wielu dobrych Samarytan. W naszym ko\u015bciele na Mszy \u015awi\u0119tej o godz. 17.00 b\u0119dzie udzielany sakrament namaszczenia chorych. Serdecznie prosz\u0119 o pomoc wszystkim chorym, niepe\u0142nosprawnym, seniorom w dotarciu do naszej \u015bwi\u0105tyni<\/p>\n<p>5. W przysz\u0142\u0105 niedziel\u0119 po Mszy \u015bwi\u0119tej o godz. 9.00 zmiana tajemnic r\u00f3\u017ca\u0144ca dla rodzic\u00f3w modl\u0105cych si\u0119 za dzieci, a o godz. 10.30&nbsp; r\u00f3\u017caniec za zmar\u0142ych polecanych w wypominkach z Jaworka i W\u00f3lki.<\/p>\n<p>6. Tak\u017ce w przysz\u0142\u0105 niedziel\u0119 po Mszy \u015bwi\u0119tej o godz. 11.00 pierwsze spotkanie dla m\u0119\u017cczyzn, kt\u00f3rzy zadeklarowali w czasie Kolendy gotowo\u015b\u0107 nale\u017cenia do \u017cywego r\u00f3\u017ca\u0144ca.<\/p>\n<p>7.&nbsp;Dzi\u0119kuj\u0119 za sprz\u0105tanie ko\u015bcio\u0142a rodzinom Janusz Cichocki, Stefan Patoka, Miros\u0142awa Patoka Jan\u00f3wka. W przysz\u0142ym tygodniu zapraszam rodziny Andrzej Po\u0142awski, Jacek Ku\u015bmierz, Sylwester Okrzeja z Jan\u00f3wka<\/p>\n<p>8. Na stoliku wy\u0142o\u017cony jest nowy numer Echa Katolickiego<\/p>\n<p>9. Wszystkim solenizantom i jubilatom, kt\u00f3rzy b\u0119d\u0105 prze\u017cywali swoje \u015bwi\u0119to w najbli\u017cszych dniach, \u017cycz\u0119 Bo\u017cego b\u0142og. i obfito\u015bci Bo\u017cych \u0142ask.<\/p>\n","protected":false},"excerpt":{"rendered":"<p>Powr\u00f3t do listy og\u0142osze\u0144 PIERWSZA NIEDZIELA WIELKIEGO POSTU 26 lutego 2023 OG\u0141OSZENIA DUSZPASTERSKIE 1. Dzisiaj pierwsza niedziela Wielkiego Postu. Ko\u0144cz\u0105 si\u0119 w\u0142a\u015bnie trwaj\u0105ce od \u015arody Popielcowej Kwartalne dni modlitw o ducha pokuty. Warto przytoczy\u0107 przy tej okazji s\u0142owa \u015awi\u0119tego Jana Paw\u0142a II: \u201eRozpoczynaj\u0105cy si\u0119 okres Wielkiego Postu jest okazj\u0105 do bardziej intensywnej modlitwy i wielkodusznej pokuty dla ub\u0142agania Boga o \u0142ask\u0119 nawr\u00f3cenia serc i&nbsp;dar pokoju w sprawiedliwo\u015bci dla wszystkich ludzi. Zwracam si\u0119 do wszystkich wiernych [\u2026], by czas przygotowania do \u015bwi\u0105t wielkanocnych po\u015bwi\u0119cili modlitwie o pok\u00f3j i&nbsp;spe\u0142nianiu czyn\u00f3w braterskiej solidarno\u015bci wobec ludzi cierpi\u0105cych\u201d. Starajmy si\u0119, aby owoce duchowe, jakie w tym czasie otrzymamy, promieniowa\u0142y wok\u00f3\u0142 nas, a trud stawania si\u0119 lepszymi ofiarujmy tak\u017ce za innych, zw\u0142aszcza za tych, kt\u00f3rzy obra\u017caj\u0105 Pana Boga i za to nie przepraszaj\u0105, oraz za pok\u00f3j na \u015bwiecie, kt\u00f3rego tak bardzo wszyscy potrzebujemy. 2. Dzisiaj taca ekonomiczna, w styczniu z\u0142o\u017cono 1453z\u0142., B\u00f3g zap\u0142a\u0107, za\u015b po Mszach \u2026 <a class=\"continue-reading-link\" href=\"https:\/\/www.parafiawierzbno.com.pl\/?page_id=10862\">Czytaj dalej <span class=\"meta-nav\">&rarr; <\/span><\/a><\/p>\n","protected":false},"author":1,"featured_media":0,"parent":225,"menu_order":0,"comment_status":"closed","ping_status":"closed","template":"","meta":{"ngg_post_thumbnail":0},"_links":{"self":[{"href":"https:\/\/www.parafiawierzbno.com.pl\/index.php?rest_route=\/wp\/v2\/pages\/10862"}],"collection":[{"href":"https:\/\/www.parafiawierzbno.com.pl\/index.php?rest_route=\/wp\/v2\/pages"}],"about":[{"href":"https:\/\/www.parafiawierzbno.com.pl\/index.php?rest_route=\/wp\/v2\/types\/page"}],"author":[{"embeddable":true,"href":"https:\/\/www.parafiawierzbno.com.pl\/index.php?rest_route=\/wp\/v2\/users\/1"}],"replies":[{"embeddable":true,"href":"https:\/\/www.parafiawierzbno.com.pl\/index.php?rest_route=%2Fwp%2Fv2%2Fcomments&post=10862"}],"version-history":[{"count":5,"href":"https:\/\/www.parafiawierzbno.com.pl\/index.php?rest_route=\/wp\/v2\/pages\/10862\/revisions"}],"predecessor-version":[{"id":10873,"href":"https:\/\/www.parafiawierzbno.com.pl\/index.php?rest_route=\/wp\/v2\/pages\/10862\/revisions\/10873"}],"up":[{"embeddable":true,"href":"https:\/\/www.parafiawierzbno.com.pl\/index.php?rest_route=\/wp\/v2\/pages\/225"}],"wp:attachment":[{"href":"https:\/\/www.parafiawierzbno.com.pl\/index.php?rest_route=%2Fwp%2Fv2%2Fmedia&parent=10862"}],"curies":[{"name":"wp","href":"https:\/\/api.w.org\/{rel}","templated":true}]}}