{"id":10875,"date":"2023-03-05T20:34:29","date_gmt":"2023-03-05T19:34:29","guid":{"rendered":"https:\/\/www.parafiawierzbno.com.pl\/?page_id=10875"},"modified":"2023-03-26T22:36:00","modified_gmt":"2023-03-26T20:36:00","slug":"ogloszenia-marzec-2023","status":"publish","type":"page","link":"https:\/\/www.parafiawierzbno.com.pl\/?page_id=10875","title":{"rendered":"Og\u0142oszenia &#8211; Marzec 2023"},"content":{"rendered":"<p><a title=\"Og\u0142oszenia parafialne\" href=\"https:\/\/www.parafiawierzbno.com.pl\/?page_id=225\">Powr\u00f3t do listy og\u0142osze\u0144<\/a><\/p>\n<p style=\"text-align: center;\"><strong>PI\u0104TA NIEDZIELA WIELKIEGO POSTU<br \/>\n26 marca 2023<br \/>\n<\/strong><strong>OG\u0141OSZENIA DUSZPASTERSKIE<\/strong><\/p>\n<p>1. Od dzisiejszej \u2013 pi\u0105tej niedzieli Wielkiego Postu zmienia si\u0119 charakter tego okresu liturgicznego. Ca\u0142y czas towarzyszy\u0142o nam wezwanie Ko\u015bcio\u0142a do nawr\u00f3cenia i pokuty, skorzystania z \u0142aski przebaczenia, kt\u00f3r\u0105 mi\u0142osierny B\u00f3g pragnie nas obdarzy\u0107. Teraz Wielki Post nabiera charakteru pasyjnego. Od dzi\u015b w ko\u015bciele zas\u0142aniamy wszystkie krzy\u017ce. Skupimy si\u0119 na rozwa\u017caniu m\u0119ki Pa\u0144skiej, st\u0105d jeszcze wi\u0119ksza zach\u0119ta do udzia\u0142u w nabo\u017ce\u0144stwach Drogi krzy\u017cowej i Gorzkich \u017cali. Apel ten kieruj\u0119 zw\u0142aszcza do tych, kt\u00f3rzy jeszcze w tym roku nie uczestniczyli w tych pi\u0119knych pasyjnych nabo\u017ce\u0144stwach.<\/p>\n<p>2.Dzisiaj taca ekonomiczna na remont dzwonnicy. W lutym z\u0142o\u017cono 1391 z\u0142. B\u00f3g zap\u0142a\u0107.<\/p>\n<p>3. W pi\u0105tek o godz. 18.00 Droga krzy\u017cowa,&nbsp; a w niedziele po Mszy \u015bwi\u0119tej&nbsp; o godz.11.00 Gorzkie \u017cale. Wszystkich zach\u0119cam do licznego udzia\u0142u w tych wielkopostnych nabo\u017ce\u0144stwach pasyjnych.<\/p>\n<p>4. W tym tygodniu przypada pierwsza sobota miesi\u0105ca, kiedy w szczeg\u00f3lny spos\u00f3b czcimy Niepokalane Serce Matki Naj\u015bwi\u0119tszej i powierzamy Jej matczynej opiece ca\u0142\u0105 nasz\u0105 codzienno\u015b\u0107 podczas pierwszosobotniego nabo\u017ce\u0144stwa po Mszy \u015bwi\u0119tej&nbsp; o godz. 18.00<\/p>\n<p>5. Przysz\u0142a niedziela, 2 kwietnia, b\u0119dzie ju\u017c Niedziel\u0105 M\u0119ki Pa\u0144skiej \u2013 Niedziel\u0105 Palmow\u0105. Jej liturgia wprowadzi nas w ostatni etap czasu Wielkiego Postu, a nast\u0119puj\u0105ce po niej dni Wielkiego Tygodnia umo\u017cliwiaj\u0105 nam g\u0142\u0119bokie prze\u017cywanie tajemnicy m\u0119ki, \u015bmierci i&nbsp;zmartwychwstania Chrystusa Pana. Podczas &nbsp;liturgii pob\u0142ogos\u0142awimy ga\u0142\u0105zki wierzbowe, kt\u00f3re b\u0119d\u0105 przypomina\u0142y jerozolimskie palmy, s\u0142ane pod stopy wje\u017cd\u017caj\u0105cego do \u015awi\u0119tego Miasta Chrystusa \u2013 Mesjasza. B\u0142ogos\u0142awie\u0144stwo palm na Mszy \u015bwi\u0119tej o godz. 11.00 rozpocznie si\u0119 przed ko\u015bcio\u0142em.<\/p>\n<p>6. W przysz\u0142\u0105 niedziel\u0119 na godz. 21.00 zapraszam pod pomnik Jana Paw\u0142a II. Rozpoczniemy apelem Jasnog\u00f3rskim, nast\u0119pnie&nbsp; przybli\u017cone b\u0119dzie nauczanie papie\u017ca. Niech nasza obecno\u015b\u0107 b\u0119dzie wyrazem obrony dobrego imienia \u015bw. Jana Paw\u0142a II. Prosz\u0119 przynie\u015b\u0107 \u015bwiece.<\/p>\n<p>7. W sobot\u0119 na plebani\u0119 a w niedziel\u0119 do ko\u015bcio\u0142a mo\u017cna przynosi\u0107 torby mi\u0142osierdzia.<\/p>\n<p>8. Wyjazd do chorych planowany jest w Wielkim tygodniu. Ju\u017c mo\u017cna zg\u0142asza\u0107 chorych.<\/p>\n<p>9. W minionym tygodniu z\u0142o\u017cono na kwiaty do grobu Pa\u0144skiego : &nbsp;mieszka\u0144cy Helenowa 210 z\u0142., &nbsp;mieszka\u0144cy Lasu Jaworskiego 230 z\u0142., mieszka\u0144cy \u015awidna 350 z\u0142., mieszka\u0144cy W\u00f3lki 220 z\u0142. B\u00f3g zap\u0142a\u0107.<\/p>\n<p>10. Na bocznym o\u0142tarzu wystawione s\u0105&nbsp; wielkanocne \u015bwiece po 30 z\u0142.<\/p>\n<p>11.&nbsp;Dzi\u0119kuj\u0119 za sprz\u0105tanie ko\u015bcio\u0142a rodzinom rodziny Piotr Kucharski, Ryszard Mr\u00f3z, Janusz Doma\u0144ski z Jaworka. W przysz\u0142ym tygodniu zapraszam rodziny Grabarczyk Maciej, Bogdan W\u0105sowski, Tadeusz Szaniawski z Jaworka<\/p>\n<p>12. Na stoliku wy\u0142o\u017cony jest nowy numer Echa Katolickiego<\/p>\n<p>13. Wszystkim solenizantom i jubilatom, kt\u00f3rzy b\u0119d\u0105 prze\u017cywali swoje \u015bwi\u0119to w najbli\u017cszych dniach, \u017cycz\u0119 Bo\u017cego b\u0142og. i obfito\u015bci Bo\u017cych \u0142ask.<\/p>\n<p>14. W minionym tygodniu do wieczno\u015bci odszed\u0142 + Piotr M\u0119trak l. 88. Pogrzeb we \u015brod\u0119 o godz. 14.00. Wieczny odpoczynek racz mu da\u0107 Panie\u2026<\/p>\n<p>&nbsp;<\/p>\n<h4 style=\"text-align: center;\"><strong>TRZECIA NIEDZIELA WIELKIEGO POSTU<br \/>\n12 marca 2023<br \/>\nO<\/strong><strong>G\u0141OSZENIA DUSZPASTERSKIE<\/strong><\/h4>\n<p>1. Pami\u0119tajmy, \u017ce najwa\u017cniejszym zadaniem w tym \u015bwi\u0119tym czasie Wielkiego Postu jest nasze nawr\u00f3cenie. Chodzi o nawr\u00f3cenie we wszystkich wymiarach naszego \u017cycia osobistego i&nbsp;spo\u0142ecznego, rodzinnego. Potrzeba wiele pokory i silnej wiary w mi\u0142osierdzie Bo\u017ce. Nawr\u00f3cenie ma si\u0119 bowiem dokona\u0107 przede wszystkim w naszym sercu. Pomagaj\u0105 nam w&nbsp;tym zewn\u0119trzne praktyki pokutne oraz udzia\u0142 w wielkopostnych nabo\u017ce\u0144stwach pasyjnych: pi\u0105tkowej Drodze krzy\u017cowej o godz. 17.00 i niedzielnych Gorzkich \u017calach po Mszy \u015bwi\u0119tej o godz. 11.00. Przypominam, \u017ce za pobo\u017cny udzia\u0142 w tych nabo\u017ce\u0144stwach mo\u017cna uzyska\u0107 odpust zupe\u0142ny.<\/p>\n<p>2. Wielki Post jest czasem dobrych postanowie\u0144, odwr\u00f3cenia si\u0119 od z\u0142a i czynienia dobra. Warto, \u017ceby te postanowienia mia\u0142y bardzo konkretny wymiar. Niech to b\u0119d\u0105 konkretne wyrzeczenia, niech to b\u0119dzie codzienna dodatkowa chwila przeznaczona na lektur\u0119 Pisma \u015awi\u0119tego, na rozmy\u015blanie m\u0119ki i \u015bmierci Pana Jezusa, na modlitw\u0119 i zastanowienie si\u0119 nad w\u0142asnym \u017cyciem, post\u0119powaniem. Pami\u0119tajmy o dobrym prze\u017cyciu sakramentu pokuty i&nbsp;pojednania. Przyst\u0105pienie do niego w tym czasie jest przecie\u017c naszym obowi\u0105zkiem.<\/p>\n<p>3. Dzi\u0119kuj\u0119 serdecznie ks. Markowi Bie\u0144kowskiemu za przeprowadzenie naszych rekolekcji.<\/p>\n<p>4. Dzisiaj po Mszy \u015bwi\u0119tej o godz. 9.00 zmiana tajemnic r\u00f3\u017ca\u0144ca Rodzic\u00f3w Modl\u0105cych si\u0119 za dzieci, a po Mszy \u015bwi\u0119tej o godz. 11.00 zmiana tajemnic r\u00f3\u017ca\u0144ca K\u017bR m\u0119\u017cczyzn.<\/p>\n<p>5. R\u00f3\u017caniec za zmar\u0142ych polecanych w wypominkach z Sobonia i \u015awidna w przysz\u0142\u0105 niedziel\u0119 o godz. 10.30.<\/p>\n<p>6. W przysz\u0142\u0105 niedziel\u0119 na Mszy \u015bwi\u0119tej o godz. 11.00 b\u0142ogos\u0142awie\u0144stwo ksi\u0105\u017ceczek dla dzieci z kl. III. A po Mszy \u015bwi\u0119tej spotkanie z ich rodzicami.<\/p>\n<p>7. Na bocznym o\u0142tarzu wystawione s\u0105 baranki wielkanocne po 10 z\u0142., oraz \u015bwiece ma\u0142a 20 z\u0142., du\u017ca 30 z\u0142.<\/p>\n<p>8. Na wtorek i&nbsp; \u015brod\u0119 zaplanowana jest wycinka drzew na cmentarzu. Prosz\u0119 o zachowanie ostro\u017cno\u015bci.<\/p>\n<p>9.&nbsp;Dzi\u0119kuj\u0119 za sprz\u0105tanie ko\u015bcio\u0142a rodzinom Sylwester \u0141okietek, Waldemar Mr\u00f3z, Tadeusz Szatkowski z Jaworka. W przysz\u0142ym tygodniu zapraszam rodziny W\u0142odzimierz Durka, Stanis\u0142aw Mr\u00f3z, Wies\u0142aw Chro\u015bcicki z Jaworka<\/p>\n<p>10. Na stoliku wy\u0142o\u017cony jest nowy numer Echa Katolickiego<\/p>\n<p>11. Wszystkim solenizantom i jubilatom, kt\u00f3rzy b\u0119d\u0105 prze\u017cywali swoje \u015bwi\u0119to w najbli\u017cszych dniach, \u017cycz\u0119 Bo\u017cego b\u0142og. i obfito\u015bci Bo\u017cych \u0142ask.<\/p>\n<p>12. W minionym tygodniu do wieczno\u015bci odesz\u0142a + Eugenia Pe\u0142czy\u0144ska l. 90 z Wygl\u0119d\u00f3wka. Wieczny odpoczynek racz jej da\u0107 Panie\u2026.<\/p>\n<h4 style=\"text-align: center;\"><strong>DRUGA NIEDZIELA WIELKIEGO POSTU<br \/>\n5 marca 2023<br \/>\n<\/strong><strong>OG\u0141OSZENIA DUSZPASTERSKIE<\/strong><\/h4>\n<p>1. Dzi\u015b druga niedziela Wielkiego Postu. Ko\u015bci\u00f3\u0142 na r\u00f3\u017cne sposoby pragnie nam pom\u00f3c, aby\u015bmy ten \u015bwi\u0119ty czas prze\u017cywali z jak najwi\u0119kszym po\u017cytkiem. Czyni to zw\u0142aszcza przez g\u0142oszenie s\u0142owa Bo\u017cego i sprawowanie sakramentu pojednania i pokuty. Czyni to tak\u017ce przez organizowanie w tym czasie rekolekcji, dni skupienia czy specjalnych nabo\u017ce\u0144stw pokutnych. Przypominam, \u017ce w naszym ko\u015bciele w pi\u0105tek o godz. 17.30 razem z&nbsp;Chrystusem i Jego bolej\u0105c\u0105 Matk\u0105 przemierzamy Drog\u0119 krzy\u017cow\u0105, a w niedziele po Mszy \u015bwi\u0119tej o godz. 11.00 rozpami\u0119tujemy m\u0119k\u0119 Pana Jezusa podczas Gorzkich \u017cali. Wszystkich zach\u0119cam do licznego udzia\u0142u w tych nabo\u017ce\u0144stwach. Nie lekcewa\u017cmy i nie odrzucajmy mo\u017cliwo\u015bci pog\u0142\u0119bienia wiary i prawdziwego nawr\u00f3cenia, pog\u0142\u0119bienia naszej komunii z Bogiem.<\/p>\n<p>2. Dzi\u015b w Ko\u015bciele powszechnym prze\u017cywamy Niedziel\u0119 Ad Gentes \u2013 Dzie\u0144 Modlitw, Postu i&nbsp;Solidarno\u015bci z Misjonarzami. Naszymi modlitwami obejmujemy g\u0142oszenie Ewangelii Chrystusowej na misjach i tych, kt\u00f3rzy t\u0119 Dobr\u0105 Nowin\u0119 o zbawieniu nios\u0105 na kra\u0144ce ziemi. Oni cz\u0119sto na wz\u00f3r Chrystusa cierpi\u0105 prze\u015bladowania i p\u0142ac\u0105 najwy\u017csz\u0105 cen\u0119 z w\u0142asnego \u017cycia dla odkupienia innych braci. Do puszek przed ko\u015bcio\u0142em sk\u0142adamy ofiary na dzie\u0142o pomocy \u201eAd Gentes\u201d.<\/p>\n<p>3. Wpatrzeni w Ukrzy\u017cowanego, kt\u00f3ry dla nas wyrzek\u0142 si\u0119 wszystkiego i z\u0142o\u017cy\u0142 w ofierze swoje \u017cycie, z ochoczym sercem podejmujmy trud dobrowolnego umartwienia jako wynagrodzenie za grzechy nasze i naszych bli\u017anich. Zr\u00f3bmy dobre postanowienia, powstrzymujmy si\u0119 od udzia\u0142u w g\u0142o\u015bnych rozrywkach, od spo\u017cywania napoj\u00f3w alkoholowych, aby w ten spos\u00f3b wynagrodzi\u0107 Bogu grzechy pija\u0144stwa, rozwi\u0105z\u0142o\u015bci, nieuczciwo\u015bci i wszelki brak pokory. Nie zapominajmy, \u017ce Wielki Post jest czasem powagi, pokuty i modlitwy. Kochani rodzice i wychowawcy, z wi\u0119ksz\u0105 trosk\u0105 spojrzyjcie w tym czasie na swoje dzieci. To na was spoczywa obowi\u0105zek dobrego wychowania dzieci, tak\u017ce w duchu tradycji i naszej polskiej pobo\u017cno\u015bci.<\/p>\n<p>4. W \u015brod\u0119, 8 marca, obchodzimy Dzie\u0144 Kobiet! Cho\u0107 to raczej \u015bwiecka uroczysto\u015b\u0107, pami\u0119tajmy w modlitwach o wszystkich niewiastach, zw\u0142aszcza o tych najbardziej utrudzonych matkach wielodzietnych rodzin, o samotnych pannach i wdowach, o kobietach poni\u017canych i&nbsp;prze\u015bladowanych w wielu cz\u0119\u015bciach \u015bwiata. Wszak kobiety wype\u0142niaj\u0105 szczeg\u00f3ln\u0105 rol\u0119 w&nbsp;\u015bwiecie, w Ko\u015bciele i w rodzinie. Polecajmy ich trud oraz \u017cycie Panu Bogu i Maryi, kt\u00f3ra jest najpi\u0119kniejszym wzorem \u017cony i matki.<\/p>\n<p>5. W pi\u0105tek 11. marca rozpoczniemy nasze parafialne rekolekcje. Poprowadzi je ks. Marek &nbsp;Bie\u0144kowski dyrektor KRP. W pi\u0105tek i w sobot\u0119 Msze \u015bwi\u0119te o godz. 10.00, 12.00 i 18.00, w niedziel\u0119 wg niedzielnego porz\u0105dku. Mo\u017cliwo\u015b\u0107 skorzystania z sakramentu pokuty w pi\u0105tek i sobot\u0119. Ofiary sk\u0142adane na tac\u0119 w przysz\u0142\u0105 niedziel\u0119 jako wyraz naszej wdzi\u0119czno\u015bci przeznaczone s\u0105 do dyspozycji Ksi\u0119dza Rekolekcjonisty.<\/p>\n<p>6. W przysz\u0142\u0105 niedziel\u0119 po Mszy \u015bwi\u0119tej o godz. 9.00 zmiana tajemnic r\u00f3\u017ca\u0144ca Rodzic\u00f3w Modl\u0105cych si\u0119 za dzieci, a po Mszy \u015bwi\u0119tej o godz. 11.00 zmiana tajemnic r\u00f3\u017ca\u0144ca K\u017bR m\u0119\u017cczyzn. R\u00f3\u017caniec za zmar\u0142ych polecanych w wypominkach b\u0119dzie 19. marca.<\/p>\n<p>7. Na bocznym o\u0142tarzu wystawione s\u0105 baranki wielkanocne po 10 z\u0142., oraz \u015bwiece ma\u0142a 20 z\u0142., du\u017ca 30 z\u0142.<\/p>\n<p>8.&nbsp;Dzi\u0119kuj\u0119 za sprz\u0105tanie ko\u015bcio\u0142a rodzinom Stefan Cichocki, Micha\u0142 Troszkiewicz&nbsp; z Jaworka. W przysz\u0142ym tygodniu zapraszam rodziny Sylwester \u0141okietek, Waldemar Mr\u00f3z, Tadeusz Szatkowski z Jaworka<\/p>\n<p>9. Na stoliku wy\u0142o\u017cony jest nowy numer Echa Katolickiego<\/p>\n<p>10. Wszystkim solenizantom i jubilatom, kt\u00f3rzy b\u0119d\u0105 prze\u017cywali swoje \u015bwi\u0119to w najbli\u017cszych dniach, \u017cycz\u0119 Bo\u017cego b\u0142og. i obfito\u015bci Bo\u017cych \u0142ask.<\/p>\n<p>11. W minionym tygodniu do wieczno\u015bci odszed\u0142 + Boles\u0142aw Patoka l. 91 z Helenowa. Wieczny odpoczynek racz mu da\u0107 Panie\u2026.<\/p>\n","protected":false},"excerpt":{"rendered":"<p>Powr\u00f3t do listy og\u0142osze\u0144 PI\u0104TA NIEDZIELA WIELKIEGO POSTU 26 marca 2023 OG\u0141OSZENIA DUSZPASTERSKIE 1. Od dzisiejszej \u2013 pi\u0105tej niedzieli Wielkiego Postu zmienia si\u0119 charakter tego okresu liturgicznego. Ca\u0142y czas towarzyszy\u0142o nam wezwanie Ko\u015bcio\u0142a do nawr\u00f3cenia i pokuty, skorzystania z \u0142aski przebaczenia, kt\u00f3r\u0105 mi\u0142osierny B\u00f3g pragnie nas obdarzy\u0107. Teraz Wielki Post nabiera charakteru pasyjnego. Od dzi\u015b w ko\u015bciele zas\u0142aniamy wszystkie krzy\u017ce. Skupimy si\u0119 na rozwa\u017caniu m\u0119ki Pa\u0144skiej, st\u0105d jeszcze wi\u0119ksza zach\u0119ta do udzia\u0142u w nabo\u017ce\u0144stwach Drogi krzy\u017cowej i Gorzkich \u017cali. Apel ten kieruj\u0119 zw\u0142aszcza do tych, kt\u00f3rzy jeszcze w tym roku nie uczestniczyli w tych pi\u0119knych pasyjnych nabo\u017ce\u0144stwach. 2.Dzisiaj taca ekonomiczna na remont dzwonnicy. W lutym z\u0142o\u017cono 1391 z\u0142. B\u00f3g zap\u0142a\u0107. 3. W pi\u0105tek o godz. 18.00 Droga krzy\u017cowa,&nbsp; a w niedziele po Mszy \u015bwi\u0119tej&nbsp; o godz.11.00 Gorzkie \u017cale. Wszystkich zach\u0119cam do licznego udzia\u0142u w tych wielkopostnych nabo\u017ce\u0144stwach pasyjnych. 4. W tym tygodniu przypada pierwsza sobota miesi\u0105ca, kiedy w szczeg\u00f3lny spos\u00f3b \u2026 <a class=\"continue-reading-link\" href=\"https:\/\/www.parafiawierzbno.com.pl\/?page_id=10875\">Czytaj dalej <span class=\"meta-nav\">&rarr; <\/span><\/a><\/p>\n","protected":false},"author":1,"featured_media":0,"parent":225,"menu_order":0,"comment_status":"closed","ping_status":"closed","template":"","meta":{"ngg_post_thumbnail":0},"_links":{"self":[{"href":"https:\/\/www.parafiawierzbno.com.pl\/index.php?rest_route=\/wp\/v2\/pages\/10875"}],"collection":[{"href":"https:\/\/www.parafiawierzbno.com.pl\/index.php?rest_route=\/wp\/v2\/pages"}],"about":[{"href":"https:\/\/www.parafiawierzbno.com.pl\/index.php?rest_route=\/wp\/v2\/types\/page"}],"author":[{"embeddable":true,"href":"https:\/\/www.parafiawierzbno.com.pl\/index.php?rest_route=\/wp\/v2\/users\/1"}],"replies":[{"embeddable":true,"href":"https:\/\/www.parafiawierzbno.com.pl\/index.php?rest_route=%2Fwp%2Fv2%2Fcomments&post=10875"}],"version-history":[{"count":5,"href":"https:\/\/www.parafiawierzbno.com.pl\/index.php?rest_route=\/wp\/v2\/pages\/10875\/revisions"}],"predecessor-version":[{"id":10887,"href":"https:\/\/www.parafiawierzbno.com.pl\/index.php?rest_route=\/wp\/v2\/pages\/10875\/revisions\/10887"}],"up":[{"embeddable":true,"href":"https:\/\/www.parafiawierzbno.com.pl\/index.php?rest_route=\/wp\/v2\/pages\/225"}],"wp:attachment":[{"href":"https:\/\/www.parafiawierzbno.com.pl\/index.php?rest_route=%2Fwp%2Fv2%2Fmedia&parent=10875"}],"curies":[{"name":"wp","href":"https:\/\/api.w.org\/{rel}","templated":true}]}}