{"id":10957,"date":"2023-08-07T09:34:18","date_gmt":"2023-08-07T07:34:18","guid":{"rendered":"https:\/\/www.parafiawierzbno.com.pl\/?page_id=10957"},"modified":"2023-09-03T12:51:04","modified_gmt":"2023-09-03T10:51:04","slug":"ogloszenia-sierpien-2023","status":"publish","type":"page","link":"https:\/\/www.parafiawierzbno.com.pl\/?page_id=10957","title":{"rendered":"Og\u0142oszenia &#8211; Sierpie\u0144 2023"},"content":{"rendered":"<p><a title=\"Og\u0142oszenia parafialne\" href=\"https:\/\/www.parafiawierzbno.com.pl\/?page_id=225\">Powr\u00f3t do listy og\u0142osze\u0144<\/a><\/p>\n<h4 style=\"text-align: center;\"><strong>DWUDZIESTA PIERWSZA NIEDZIELA W CI\u0104GU ROKU<br \/>\n27 sierpnia 2023<br \/>\n<\/strong><strong>OG\u0141OSZENIA DUSZPASTERSKIE<\/strong><\/h4>\n<p>1. Wakacje, urlopy dobiegaj\u0105 ko\u0144ca. Na progu nowego roku szkolnego Ko\u015bci\u00f3\u0142 apeluj\u0119 o&nbsp;do\u0142o\u017cenie wszelkich stara\u0144, aby uczestnictwo dzieci i m\u0142odzie\u017cy w katechezie szkolnej by\u0142o od samego pocz\u0105tku pe\u0142ne \u015bwiadomego zaanga\u017cowania. Wzrost wiary i wra\u017cliwo\u015b\u0107 na prawo Bo\u017ce nie dokonuje si\u0119 okazjonalnie, ale przez systematyczne s\u0142uchanie i rozwa\u017canie s\u0142owa Bo\u017cego na katechezie i podczas niedzielnej Eucharystii, kt\u00f3ra stanowi osobiste spotkanie z&nbsp;Panem na \u0141amaniu Chleba.<\/p>\n<p>2. Dzisiaj taca ekonomiczna. W lipcu z\u0142o\u017cono 1612 z\u0142. B\u00f3g zap\u0142a\u0107.<\/p>\n<p>3. We wtorek, 29 sierpnia, w liturgii wspominamy M\u0119cze\u0144stwo \u015awi\u0119tego Jana Chrzciciela. Jest to drugie wspomnienie w kalendarzu liturgicznym tego \u015awi\u0119tego po czerwcowej uroczysto\u015bci jego narodzenia (24 VI). Za swoj\u0105 bezkompromisow\u0105 postaw\u0119 Jan Chrzciciel, podobnie jak inni prorocy, a p\u00f3\u017aniej Aposto\u0142owie, zap\u0142aci\u0142 najwy\u017csz\u0105 cen\u0119. Tego dnia b\u0119dziemy prosi\u0107 go o \u0142ad moralny w naszych rodzinach, wsp\u00f3lnotach i w naszym ca\u0142ym narodzie.<\/p>\n<p>4. W pi\u0105tek przypada 84. rocznica wybuchu drugiej wojny \u015bwiatowej. Nasz\u0105 powinno\u015bci\u0105 jest pami\u0119ta\u0107 o poleg\u0142ych w obronie ojczyzny w latach 1939-1945 na frontach i w obozach oraz o&nbsp;pomordowanych przez braci po sko\u0144czonej wojnie w wi\u0119zieniach politycznych. Pro\u015bmy Pana, aby ofiara ich \u017cycia nie by\u0142a daremna.<\/p>\n<p>5. W tym tygodniu przypada pierwszy pi\u0105tek i pierwsza sobota miesi\u0105ca. W pi\u0105tek o godz. 17.00 wystawienie Naj\u015bwi\u0119tszego Sakramentu i adoracja do godz. 18.00. Pierwszosobotnia Msza \u015awi\u0119ta z nabo\u017ce\u0144stwem ku czci Niepokalanego Serca Maryi w&nbsp;naszym ko\u015bciele o godz. 18.00. Niech to b\u0119dzie okazja do oddania wszystkich naszych codziennych spraw, a zw\u0142aszcza zwi\u0105zanych z pocz\u0105tkiem roku szkolnego, naszej Niebieskiej Matce.<\/p>\n<p>6. Przysz\u0142a niedziela \u2013 pierwsza miesi\u0105ca. Po Mszy \u015bwi\u0119tej o godz. 11.00 wystawienie Naj\u015bwi\u0119tszego Sakramentu ,&nbsp; adoracja i procesja Eucharystyczna.<\/p>\n<p>7. W przysz\u0142\u0105 niedziel\u0119 o godz. 12.15 w naszej \u015bwi\u0105tyni koncert piosenki patriotycznej.<\/p>\n<p>8. Dzi\u0119kuj\u0119 za sprz\u0105tanie ko\u015bcio\u0142a rodzinom Ryszard Kujawa, Teresa Szyma\u0144ska, &nbsp;Grzegorz Szyma\u0144ski, Krzysztof Jaworowski , Marcin Gryglas z Wierzbna . W przysz\u0142ym tygodniu zapraszam rodziny Agnieszka Michalczyk, Szczepan Tomkiewicz, Adam Trzeci\u0144ski &nbsp;z Wierzbna .<\/p>\n<p>9. Na stoliku wy\u0142o\u017cony jest nowy numer Echa katolickiego.<\/p>\n<p>10. Do przyj\u0119cia sakramentu ma\u0142\u017ce\u0144stwa przygotowuj\u0105 si\u0119 Monika Jolanta Kra\u015bna , panna zam. w Soboniu par. tut. i Micha\u0142 B\u0142a\u017cejczyk, kaw. zam. w Rudnie par. \u015bw. Miko\u0142aja Bp w Dobrem. Zap.II.<\/p>\n<p>11. Wszystkim solenizantom i jubilatom, kt\u00f3rzy b\u0119d\u0105 prze\u017cywali swoje \u015bwi\u0119to w najbli\u017cszych dniach, \u017cycz\u0119 Bo\u017cego b\u0142og. i obfito\u015bci Bo\u017cych \u0142ask.<\/p>\n<p>12. W minionym tygodniu do wieczno\u015bci odesz\u0142a + Helena Longina Orzechowska&nbsp; l. 86 pochodz\u0105ca z W\u00f3lki. Wieczny odpoczynek racz jej da\u0107 Panie\u2026.<\/p>\n<h4 style=\"text-align: center;\"><strong>DWUDZIESTA NIEDZIELA W CI\u0104GU ROKU<br \/>\n20 sierpnia 2023<br \/>\n<\/strong><strong>OG\u0141OSZENIA DUSZPASTERSKIE<\/strong><\/h4>\n<p>1. W sierpniu tak cz\u0119sto nasze my\u015bli i modlitwy kierujemy do Matki Bo\u017cej. Trwa jeszcze sierpie\u0144 \u2013 miesi\u0105c modlitwy o trze\u017awo\u015b\u0107 naszego narodu! Jednym z&nbsp;przejaw\u00f3w mi\u0142o\u015bci bli\u017aniego mo\u017ce by\u0107 wi\u0119c zobowi\u0105zanie do abstynencji od alkoholu w&nbsp;celu ratowania innych os\u00f3b uzale\u017cnionych, a tak\u017ce pomoc w podj\u0119ciu przez takie osoby decyzji o leczeniu odwykowym. Podejmujmy w tej kwestii osobist\u0105 modlitw\u0119 i konkretne dzia\u0142ania. W ka\u017cdym czasie i na ka\u017cdym miejscu miejmy si\u0142\u0119 i odwag\u0119 przeciwstawi\u0107 si\u0119 grzechowi pija\u0144stwa!<\/p>\n<p>2. We&nbsp; wtorek, 22 sierpnia, b\u0119dziemy si\u0119 radowali Maryj\u0105 \u2013 Kr\u00f3low\u0105. Od najwcze\u015bniejszych wiek\u00f3w Ko\u015bci\u00f3\u0142 wierzy\u0142 w kr\u00f3lowanie Maryi. Wiele narod\u00f3w i pa\u0144stw obra\u0142o Maryj\u0119 za swoj\u0105 Kr\u00f3low\u0105. Tak\u017ce i nasz nar\u00f3d, odczytuj\u0105c znaki czasu, powierzy\u0142 Jej swoje losy. Tak uczyni\u0142 w\u0142a\u015bnie kr\u00f3l Jan Kazimierz 1 kwietnia 1656 roku w katedrze lwowskiej, dzi\u0119kuj\u0105c za ocalenie podczas najazdu szwedzkiego.<\/p>\n<p>3. W \u015brod\u0119 przypada te\u017c Europejski Dzie\u0144 Pami\u0119ci Ofiar Stalinizmu i Nazizmu. Dzie\u0144 ten zosta\u0142 ustanowiony przez Parlament Europejski w 2008 roku, a termin jego obchodu zwi\u0105zany jest z dat\u0105 podpisania paktu Ribbentrop-Mo\u0142otow. Po raz pierwszy by\u0142 publicznie obchodzony dopiero w 2011, i to w Warszawie. W naszym narodzie mo\u017cemy si\u0119 doliczy\u0107 ca\u0142ych zast\u0119p\u00f3w rodak\u00f3w prze\u015bladowanych przez systemy polityczne minionych dziesi\u0119cioleci. Wielu z nich z\u0142o\u017cy\u0142o najwy\u017csz\u0105 ofiar\u0119 swojego \u017cycia. Dzi\u015b, gdy tak cz\u0119sto podwa\u017ca si\u0119 i relatywizuje fakty historyczne, pr\u00f3buje si\u0119 nagina\u0107 histori\u0119 w imi\u0119 tak zwanej poprawno\u015bci politycznej, nie mo\u017cemy o tym zapomina\u0107! Tego dnia m\u00f3dlmy si\u0119 o dobre owoce ich cierpie\u0144 dla przysz\u0142ych pokole\u0144.<\/p>\n<p>4. W czwartek, 24 sierpnia, w liturgii przypada \u015bwi\u0119to \u015awi\u0119tego Bart\u0142omieja, Aposto\u0142a. Tradycja g\u0142osi, \u017ce zani\u00f3s\u0142 Ewangeli\u0119 a\u017c do Indii, gdzie poni\u00f3s\u0142 \u015bmier\u0107 m\u0119cze\u0144sk\u0105.<\/p>\n<p>5. A w sobot\u0119, 26 sierpnia, ponownie nasze my\u015bli i serca skierujemy do Jasnej G\u00f3ry, aby uczci\u0107 Naj\u015bwi\u0119tsz\u0105 Maryj\u0119 Pann\u0119 Cz\u0119stochowsk\u0105. Mo\u017cna powiedzie\u0107, \u017ce jest to bardzo polskie \u015bwi\u0119to. Czym jest i czym powinna by\u0107 dla nas Jasna G\u00f3ra, przypomina\u0142 \u015awi\u0119ty Jan Pawe\u0142 II, gdy m\u00f3wi\u0142: \u201eNa Jasn\u0105 G\u00f3r\u0119 przychodzimy do Matki Boga z wielowiekowym ju\u017c depozytem naszego zawierzenia, kt\u00f3re jest dziedzictwem ca\u0142ych pokole\u0144\u201d.<\/p>\n<p>6. W przysz\u0142\u0105 niedziel\u0119 b\u0119dziemy dzi\u0119kowa\u0107 Bogu za tegoroczne zbiory. Uroczystej Mszy \u015bwi\u0119tej&nbsp; sprawowanej w naszej \u015bwi\u0105tyni b\u0119dzie przewodniczy\u0142 ks. kan. Stanis\u0142aw Chod\u017ako \u2013 Diecezjalny Duszpasterz Rolnik\u00f3w. Po Mszy \u015bwi\u0119tej w korowodzie przejdziemy na boisko Szko\u0142y Podstawowej, gdzie nast\u0105pi ci\u0105g dalszy Powiatowych Do\u017cynek.<\/p>\n<p>7. Przysz\u0142a niedziela \u2013 ostatnia miesi\u0105ca, taca ekonomiczna.<\/p>\n<p>8. Dzi\u0119kuj\u0119 za sprz\u0105tanie ko\u015bcio\u0142a rodzinom Dariusz Bergier, Mariusz Bergier, S\u0142awomir Bergiel, Marek Bergiel ze \u015awidna . W przysz\u0142ym tygodniu zapraszam rodziny Ryszard Kujawa, Teresa Szyam\u0144ska, Jaworowski Krzysztof, Marcin Gryglas, &nbsp;z Wierzbna .<\/p>\n<p>9. Na stoliku wy\u0142o\u017cony jest nowy numer Echa katolickiego.<\/p>\n<p>10. Do przyj\u0119cia sakramentu ma\u0142\u017ce\u0144stwa przygotowuj\u0105 si\u0119 Monika Jolanta Kra\u015bna , panna zam. w Soboniu par. tut. i Micha\u0142 B\u0142a\u017cejczyk, kaw. Zam. w Rudnie par. \u015bw. Miko\u0142aja Bp w Dobrem. Zap.I.<\/p>\n<p>11. Wszystkim solenizantom i jubilatom, kt\u00f3rzy b\u0119d\u0105 prze\u017cywali swoje \u015bwi\u0119to w najbli\u017cszych dniach, \u017cycz\u0119 Bo\u017cego b\u0142og. i obfito\u015bci Bo\u017cych \u0142ask.<\/p>\n<p>12. W minionym tygodniu do wieczno\u015bci odszed\u0142 + Micha\u0142 Troszkiewicz l. 81 z Jaworka. Wieczny odpoczynek racz mu da\u0107 Panie\u2026.<\/p>\n<h4 style=\"text-align: center;\"><strong>DZIEWI\u0118TNASTA NIEDZIELA W CI\u0104GU ROKU<br \/>\n13 sierpnia 2023<br \/>\n<\/strong><strong>OG\u0141OSZENIA DUSZPASTERSKIE<\/strong><\/h4>\n<p>1. Jeszcze tyle przer\u00f3\u017cnych niepokoj\u00f3w trapi nie tylko nasze dusze, ale r\u00f3wnie\u017c ca\u0142e nasze spo\u0142ecze\u0144stwo. Dlatego w tym wirze codzienno\u015bci warto zauwa\u017cy\u0107 nieocenion\u0105 rol\u0119 modlitwy, a tak\u017ce sens i religijn\u0105 warto\u015b\u0107 milczenia. Wykorzystajmy nasze wakacyjne w\u0119dr\u00f3wki, pielgrzymki, indywidualny odpoczynek na stworzenie w\u0142a\u015bciwej duchowej atmosfery, niezb\u0119dnej, aby odczu\u0107 blisk\u0105 obecno\u015b\u0107 Boga i umocni\u0107 nasz\u0105 wiar\u0119. Nade wszystko powierzajmy je opatrzno\u015bci Bo\u017cej przez r\u0119ce naszej Niebieskiej Matki \u2013 Pani Jasnog\u00f3rskiej, do kt\u00f3rej w tych sierpniowych dniach kierujemy nasze kroki.<\/p>\n<p>2. We wtorek, 15 sierpnia, przypada uroczysto\u015b\u0107 Wniebowzi\u0119cia Naj\u015bwi\u0119tszej Maryi Panny. Prawd\u0119 wiary o tym, \u017ce Maryja po ziemskim \u017cyciu z cia\u0142em i dusz\u0105 zosta\u0142a wzi\u0119ta do chwa\u0142y niebieskiej i wywy\u017cszona przez Boga jako Kr\u00f3lowa, og\u0142osi\u0142 papie\u017c Pius XII w 1950 roku. Ta proklamacja dogmatu by\u0142a przypiecz\u0119towaniem starodawnej tradycji. Ju\u017c w V wieku obchodzono bowiem w Ko\u015bciele \u015bwi\u0119to Wniebowzi\u0119cia w\u0142a\u015bnie 15 sierpnia. Liturgiczny obch\u00f3d rozpoczniemy wieczorn\u0105 Msz\u0105 \u015awi\u0119t\u0105 wigilijn\u0105, sprawowan\u0105 ju\u017c w poniedzia\u0142ek, 14&nbsp;sierpnia, o godz. 18.00 A we wtorek 15 sierpnia Msze \u015awi\u0119te z uroczysto\u015bci o godz. 9.00; 11.00 i 18.00. We wtorek zbi\u00f3rka do puszek dla poszkodowanych w powodzi na S\u0142owenii.<\/p>\n<p>3. W Polsce ta uroczysto\u015b\u0107 jest znana i obchodzona jako \u015bwi\u0119to Matki Bo\u017cej Zielnej. Na liturgi\u0119 do ko\u015bcio\u0142a przynosimy bukiety zi\u00f3\u0142, kwiat\u00f3w i warzyw, kt\u00f3re zostan\u0105 tu pob\u0142ogos\u0142awione. Sam gest b\u0142ogos\u0142awienia rzeczy jest okazj\u0105 do wychwalania Stw\u00f3rcy za wszelkie otrzymane dary. Jest tak\u017ce pro\u015bb\u0105, aby b\u0142ogos\u0142awiony przedmiot zawsze przypomina\u0142 o Bogu i Jego dobroci, o opiece Bo\u017cej. Dlaczego w\u0142a\u015bnie w t\u0119 uroczysto\u015b\u0107 w&nbsp;ko\u015bciele b\u0142ogos\u0142awimy zio\u0142a i kwiaty? Bo dzi\u0119kujemy za dar pierwszych zbior\u00f3w w\u0142a\u015bnie w dniu, w kt\u00f3rym osi\u0105ga pe\u0142ni\u0119 zbawienia Maryja \u2013 Najdojrzalszy Owoc odkupionej ludzko\u015bci. Ofiarujmy Jej nasze serca i codzienny trud przybli\u017cania si\u0119 do Boga. Przecie\u017c na wz\u00f3r Maryi mamy stara\u0107 si\u0119 by\u0107 lud\u017ami wniebowzi\u0119cia \u2013 tymi, kt\u00f3rzy \u015bwiadomie i&nbsp;zdecydowanie pod\u0105\u017caj\u0105 ku niebu.<\/p>\n<p>4. W t\u0119 najbli\u017csz\u0105 maryjn\u0105 uroczysto\u015b\u0107 tradycyjnie pami\u0119ci\u0105 si\u0119gamy do naszej historii, aby wspomina\u0107 \u201eCud nad Wis\u0142\u0105\u201d z 1920 roku. Pami\u0119tajmy, \u017ce zmagania o w\u0142a\u015bciwe miejsce Polski w\u015br\u00f3d narod\u00f3w Europy i \u015bwiata ci\u0105gle jeszcze trwaj\u0105. Polecajmy Kr\u00f3lowej Polski losy naszego narodu.<\/p>\n<p>5. Dzisiaj po Mszy \u015bwi\u0119tej o godz. 9.00 zmiana tajemnic r\u00f3\u017ca\u0144ca dla rodzic\u00f3w modl\u0105cych si\u0119 za dzieci, o 10.30 r\u00f3\u017caniec za zmar\u0142ych polecanych w wypominkach z Jaworka i W\u00f3lki a po Mszy \u015bwi\u0119tej o godz. 11.00 zmiana tajemnic r\u00f3\u017ca\u0144ca dla K\u017bR m\u0119\u017cczyzn<\/p>\n<p>6. W minionym tygodniu na remont dzwonnicy z\u0142o\u017cono 200 z\u0142. Ofiara bezimienna z Wierzbna. B\u00f3g zap\u0142a\u0107.<\/p>\n<p>7. Dzi\u0119kuj\u0119 za sprz\u0105tanie ko\u015bcio\u0142a rodzinom Zenon \u0141abarzewski, J\u00f3zef Sobiepanek, Krzysztof&nbsp; Chabiera ze \u015awidna . W przysz\u0142ym tygodniu zapraszam rodziny Dariusz Bergier, Mariusz Bergier, S\u0142awomir Bergiel, Marek Bergiel ze&nbsp; \u015awidna .<\/p>\n<p>8. Na stoliku wy\u0142o\u017cony jest nowy numer Echa katolickiego.<\/p>\n<p>9. Wszystkim solenizantom i jubilatom, kt\u00f3rzy b\u0119d\u0105 prze\u017cywali swoje \u015bwi\u0119to w najbli\u017cszych dniach, \u017cycz\u0119 Bo\u017cego b\u0142og. i obfito\u015bci Bo\u017cych \u0142ask.<\/p>\n<h4 style=\"text-align: center;\"><strong>PRZEMIENIENIE PA\u0143SKIE<br \/>\n6 sierpnia 2023<br \/>\n<\/strong><strong>OG\u0141OSZENIA DUSZPASTERSKIE<\/strong><\/h4>\n<p>1. W dzisiejsz\u0105 niedziel\u0119 przypada \u015bwi\u0119to Przemienienia Pa\u0144skiego. Ko\u015bci\u00f3\u0142 to \u015bwi\u0119to obchodzi ju\u017c od VI wieku, a w Polsce znane jest od wieku XI. Akt przemienienia pozwala Aposto\u0142om i nam zrozumie\u0107, jak mizerne i niepe\u0142ne s\u0105 nasze wyobra\u017cenia o Bogu. To lekcja pokory wobec majestatu Bo\u017cej pot\u0119gi. Dzi\u015b Chrystus wzywa ka\u017cdego z nas do przemiany. Obiecuje, \u017ce b\u0119dziemy razem z Nim kr\u00f3lowa\u0107, je\u015bli tylko b\u0119dziemy pami\u0119tali o tym, co dla nas B\u00f3g przygotowa\u0142, je\u015bli b\u0119dziemy karmili si\u0119 Jego s\u0142owem i Cia\u0142em, ufnie i wytrwale si\u0119 do Niego modlili i s\u0142u\u017cyli bli\u017anim. Przemienienie Pa\u0144skie to \u015bwi\u0119to rado\u015bci i nadziei, \u017ce przyjdzie czas, kiedy Pan odmieni nas wszystkich.<\/p>\n<p>2. W sierpniu w szczeg\u00f3lny spos\u00f3b \u0142\u0105czymy si\u0119 z tak licznie pielgrzymuj\u0105cymi na Jasn\u0105 G\u00f3r\u0119. Wsp\u00f3lnie zanosimy do Matki Bo\u017cej Kr\u00f3lowej Polski wszystkie nasze sprawy narodowe, sprawy naszych rodzin i osobiste. Czynimy to z g\u0142\u0119bok\u0105 wiar\u0105 w sercu, wierni tradycji, kt\u00f3r\u0105 otrzymali\u015bmy od naszych ojc\u00f3w. Cho\u0107 z r\u00f3\u017cnych powod\u00f3w nie udajemy si\u0119 osobi\u015bcie do naszego narodowego sanktuarium, do\u0142\u0105czmy do wszystkich pielgrzymuj\u0105cych duchowo, wspieraj\u0105c ich pielgrzymi wysi\u0142ek i \u0142\u0105cz\u0105c si\u0119 z nimi modlitewnie.<\/p>\n<p>3. Dzisiaj po Mszy \u015bwi\u0119tej o godz. 11.00 wystawienie Naj\u015bwi\u0119tszego Sakramentu, nabo\u017ce\u0144stwo Eucharystyczne i procesja.<\/p>\n<p>4. &nbsp;W \u015brod\u0119, 9 sierpnia, w liturgii wspominamy \u015bwi\u0119t\u0105 Teres\u0119 Benedykt\u0119 od Krzy\u017ca \u2013 Edyt\u0119 Stein (1891-1942), wsp\u00f3\u0142patronk\u0119 Europy. Urodzi\u0142a si\u0119 we Wroc\u0142awiu w rodzinie \u017cydowskiej. Pod wp\u0142ywem Maksa Schelera i&nbsp;lektury autobiografii \u015awi\u0119tej Teresy z Avili, mimo protest\u00f3w rodziny, przyj\u0119\u0142a chrzest. W 1933 roku wst\u0105pi\u0142a do karmelitanek w Kolonii. Ze wzgl\u0119du na prze\u015bladowania hitlerowskie przenios\u0142a si\u0119 do klasztoru w Echt w Holandii. Tam aresztowana, a nast\u0119pnie wywieziona do obozu w&nbsp;O\u015bwi\u0119cimiu, zgin\u0119\u0142a 9 sierpnia 1942 roku. Kanonizowa\u0142 j\u0105 \u015awi\u0119ty Jan Pawe\u0142 II w 1998 roku, a w rok p\u00f3\u017aniej og\u0142osi\u0142 wsp\u00f3\u0142patronk\u0105 Europy, podkre\u015blaj\u0105c, \u017ce jej wyj\u0105tkowe \u017cycie i&nbsp;ofiara, jak\u0105 z\u0142o\u017cy\u0142a dla Chrystusa, s\u0105 zadatkiem prawdziwie braterskiego spo\u0142ecze\u0144stwa, niezale\u017cnie od r\u00f3\u017cnic narodowych, kulturowych i religijnych.<\/p>\n<p>5. W czwartek, 10 sierpnia, w kalendarzu liturgicznym przypada \u015bwi\u0119to \u015awi\u0119tego Wawrzy\u0144ca, diakona Ko\u015bcio\u0142a rzymskiego, m\u0119czennika (\u2020258). Zw\u0142aszcza dzisiaj warto wpatrywa\u0107 si\u0119 w jego \u017cycie, aby dostrzec, jak wiele dla Chrystusa i Ko\u015bcio\u0142a da si\u0119 wycierpie\u0107, a z czego p\u00f3\u017aniej rodz\u0105 si\u0119 b\u0142ogos\u0142awione owoce. Gdy dobrze przypatrzymy si\u0119 dziejom Ko\u015bcio\u0142a, wyra\u017anie wida\u0107, \u017ce ofiara, zw\u0142aszcza krew m\u0119cze\u0144ska tych, kt\u00f3rzy poszli za Chrystusem, ich przyk\u0142ad rodzi nast\u0119pne pokolenia wyznawc\u00f3w gotowych odda\u0107 wszystko za Ewangeli\u0119.<\/p>\n<p>6. W minionym tygodniu go\u015bcili\u015bmy dwie pielgrzymki piesz\u0105 i rowerow\u0105. Dzi\u0119kuj\u0119 wszystkim, kt\u00f3rzy zaanga\u017cowali si\u0119 w ugoszczenie pielgrzym\u00f3w. Na rzecz pielgrzymki przekazano: pieczywo i ciasto Piekarina \u2013 cukiernia Kinga Gromulska \u2013 Kosi\u0144ska z Dobrego, w\u0119dliny Andrzej Bartnicki z Mi\u0144ska Mazowieckiego, pierogi, ciasta i inne produkty spo\u017cywcze : Joanna Aleksandrowicz,&nbsp; Barbara Chabiera, Krzysztof Chabiera, Krystyna Gog\u0142oza, Waldemar G\u0105siorowski, Maria Komorowska, Wies\u0142awa \u0141ukasiak, Ma\u0142gorzata Malinowska, Monika Matusik, Jolanta Ol\u0119dzka, Hanna Tomkiewicz, Ma\u0142gorzata W\u0105sowska, Urz\u0105d Gminy w Wierzbnie oraz tym wszystkim, kt\u00f3rzy materialnie wsparli to dzie\u0142o sk\u0142adaj\u0105c do puszek pieniadze. Posi\u0142ki przygotowywali Ma\u0142gorzata Bia\u0142ousz, Katarzyna Chabiera, Krystyna Gog\u0142oza, Maria i W\u0142odzimierz Komorowscy, Ma\u0142gorzata Malinowska, Monika Matusik, Aneta i Antonina Miklaszewskie, Ma\u0142gorzata W\u0105sowska. Dzi\u0119kuj\u0119 p. W\u00f3jtowi i OSP za przygotowanie namiot\u00f3w. Dzi\u0119kuj\u0119 tak\u017ce tym, kt\u00f3rzy przyj\u0119li pielgrzym\u00f3w pod sw\u00f3j dach.<\/p>\n<p>7. W przysz\u0142\u0105 niedziel\u0119 po Mszy \u015bwi\u0119tej o godz. 9.00 zmiana tajemnic r\u00f3\u017ca\u0144ca dla rodzic\u00f3w modl\u0105cych si\u0119 za dzieci, o 10.30 r\u00f3\u017caniec za zmar\u0142ych polecanych w wypominkach z Jaworka a po Mszy \u015bwi\u0119tej o godz. 11.00 zmiana tajemnic r\u00f3\u017ca\u0144ca dla K\u017bR m\u0119\u017cczyzn<\/p>\n<p>8. Dzi\u0119kuj\u0119 za sprz\u0105tanie ko\u015bcio\u0142a rodzinom Jan, Mateusz i Micha\u0142 Tomkiewiczowie, Rafa\u0142 Jasi\u0144ski \u015awidna . W przysz\u0142ym tygodniu zapraszam rodziny Zenon \u0141abarzewski, J\u00f3zef Sobiepanek, Krzysztof Chabiera ze&nbsp; \u015awidna .<\/p>\n<p>9. Na stoliku wy\u0142o\u017cony jest nowy numer Echa katolickiego.<\/p>\n<p>10. Wszystkim solenizantom i jubilatom, kt\u00f3rzy b\u0119d\u0105 prze\u017cywali swoje \u015bwi\u0119to w najbli\u017cszych dniach, \u017cycz\u0119 Bo\u017cego b\u0142og. i obfito\u015bci Bo\u017cych \u0142ask.<\/p>\n","protected":false},"excerpt":{"rendered":"<p>Powr\u00f3t do listy og\u0142osze\u0144 DWUDZIESTA PIERWSZA NIEDZIELA W CI\u0104GU ROKU 27 sierpnia 2023 OG\u0141OSZENIA DUSZPASTERSKIE 1. Wakacje, urlopy dobiegaj\u0105 ko\u0144ca. Na progu nowego roku szkolnego Ko\u015bci\u00f3\u0142 apeluj\u0119 o&nbsp;do\u0142o\u017cenie wszelkich stara\u0144, aby uczestnictwo dzieci i m\u0142odzie\u017cy w katechezie szkolnej by\u0142o od samego pocz\u0105tku pe\u0142ne \u015bwiadomego zaanga\u017cowania. Wzrost wiary i wra\u017cliwo\u015b\u0107 na prawo Bo\u017ce nie dokonuje si\u0119 okazjonalnie, ale przez systematyczne s\u0142uchanie i rozwa\u017canie s\u0142owa Bo\u017cego na katechezie i podczas niedzielnej Eucharystii, kt\u00f3ra stanowi osobiste spotkanie z&nbsp;Panem na \u0141amaniu Chleba. 2. Dzisiaj taca ekonomiczna. W lipcu z\u0142o\u017cono 1612 z\u0142. B\u00f3g zap\u0142a\u0107. 3. We wtorek, 29 sierpnia, w liturgii wspominamy M\u0119cze\u0144stwo \u015awi\u0119tego Jana Chrzciciela. Jest to drugie wspomnienie w kalendarzu liturgicznym tego \u015awi\u0119tego po czerwcowej uroczysto\u015bci jego narodzenia (24 VI). Za swoj\u0105 bezkompromisow\u0105 postaw\u0119 Jan Chrzciciel, podobnie jak inni prorocy, a p\u00f3\u017aniej Aposto\u0142owie, zap\u0142aci\u0142 najwy\u017csz\u0105 cen\u0119. Tego dnia b\u0119dziemy prosi\u0107 go o \u0142ad moralny w naszych rodzinach, wsp\u00f3lnotach i w naszym ca\u0142ym narodzie. \u2026 <a class=\"continue-reading-link\" href=\"https:\/\/www.parafiawierzbno.com.pl\/?page_id=10957\">Czytaj dalej <span class=\"meta-nav\">&rarr; <\/span><\/a><\/p>\n","protected":false},"author":1,"featured_media":0,"parent":225,"menu_order":0,"comment_status":"closed","ping_status":"closed","template":"","meta":{"ngg_post_thumbnail":0},"_links":{"self":[{"href":"https:\/\/www.parafiawierzbno.com.pl\/index.php?rest_route=\/wp\/v2\/pages\/10957"}],"collection":[{"href":"https:\/\/www.parafiawierzbno.com.pl\/index.php?rest_route=\/wp\/v2\/pages"}],"about":[{"href":"https:\/\/www.parafiawierzbno.com.pl\/index.php?rest_route=\/wp\/v2\/types\/page"}],"author":[{"embeddable":true,"href":"https:\/\/www.parafiawierzbno.com.pl\/index.php?rest_route=\/wp\/v2\/users\/1"}],"replies":[{"embeddable":true,"href":"https:\/\/www.parafiawierzbno.com.pl\/index.php?rest_route=%2Fwp%2Fv2%2Fcomments&post=10957"}],"version-history":[{"count":6,"href":"https:\/\/www.parafiawierzbno.com.pl\/index.php?rest_route=\/wp\/v2\/pages\/10957\/revisions"}],"predecessor-version":[{"id":10969,"href":"https:\/\/www.parafiawierzbno.com.pl\/index.php?rest_route=\/wp\/v2\/pages\/10957\/revisions\/10969"}],"up":[{"embeddable":true,"href":"https:\/\/www.parafiawierzbno.com.pl\/index.php?rest_route=\/wp\/v2\/pages\/225"}],"wp:attachment":[{"href":"https:\/\/www.parafiawierzbno.com.pl\/index.php?rest_route=%2Fwp%2Fv2%2Fmedia&parent=10957"}],"curies":[{"name":"wp","href":"https:\/\/api.w.org\/{rel}","templated":true}]}}