{"id":10986,"date":"2023-10-02T10:41:02","date_gmt":"2023-10-02T08:41:02","guid":{"rendered":"https:\/\/www.parafiawierzbno.com.pl\/?page_id=10986"},"modified":"2023-10-29T19:02:02","modified_gmt":"2023-10-29T18:02:02","slug":"ogloszenia-pazdziernik-2023","status":"publish","type":"page","link":"https:\/\/www.parafiawierzbno.com.pl\/?page_id=10986","title":{"rendered":"Og\u0142oszenia &#8211; Pa\u017adziernik 2023"},"content":{"rendered":"<p><a title=\"Og\u0142oszenia parafialne\" href=\"https:\/\/www.parafiawierzbno.com.pl\/?page_id=225\">Powr\u00f3t do listy og\u0142osze\u0144<\/a><\/p>\n<h4 style=\"text-align: center;\"><strong>TRZYDZIESTA NIEDZIELA W CI\u0104GU ROKU<br \/>\n<\/strong><strong>ROCZNICA PO\u015aWI\u0118CENIA W\u0141ASNEGO KO\u015aCIO\u0141A<br \/>\n29 pa\u017adziernika 2023<br \/>\n<\/strong><strong>OG\u0141OSZENIA DUSZPASTERSKIE<\/strong><\/h4>\n<p>1. Dzisiejsza, ostatnia niedziela pa\u017adziernika, w kalendarzu liturgicznym rokrocznie obchodzona jest jako rocznica po\u015bwi\u0119cenia w\u0142asnego parafialnego ko\u015bcio\u0142a, czyli oddania \u015bwi\u0105tyni na wy\u0142\u0105czn\u0105 w\u0142asno\u015b\u0107 Panu Bogu. Dzisiaj dzi\u0119kujemy za nasz parafialny wieczernik, w kt\u00f3rym gromadzimy si\u0119 na modlitwie, na liturgii, w kt\u00f3rym sprawujemy Naj\u015bwi\u0119tsz\u0105 Ofiar\u0119 i inne sakramenty. Tutaj umacniamy nasz\u0105 wsp\u00f3lnot\u0119 z Bogiem i bra\u0107mi. Ale z tym dzisiejszym dzi\u0119kczynieniem wi\u0105\u017ce si\u0119 te\u017c zobowi\u0105zanie, aby\u015bmy jako wsp\u00f3lnota odpowiednio dbali o to miejsce szczeg\u00f3lnej obecno\u015bci Boga. Musimy zadba\u0107 o to, aby nasz parafialny ko\u015bci\u00f3\u0142 ci\u0105gle pi\u0119knia\u0142, aby r\u00f3wnie\u017c od strony materialnej by\u0142 miejscem godnym swego Gospodarza. Jeste\u015bmy to winni r\u00f3wnie\u017c wobec przysz\u0142ych pokole\u0144, kt\u00f3re tu po nas przyjd\u0105, aby uzewn\u0119trznia\u0107 swoj\u0105 wiar\u0119 i chwali\u0107 Tr\u00f3jedynego Boga.<\/p>\n<p>2. Dzisiaj taca ekonomiczna. We wrze\u015bniu z\u0142o\u017cono 1584 z\u0142. B\u00f3g zap\u0142a\u0107.<\/p>\n<p>3.W \u015brod\u0119, 1 listopada, przypada uroczysto\u015b\u0107 Wszystkich \u015awi\u0119tych. Jest to wolny dzie\u0144 od pracy, tym bardziej mamy obowi\u0105zek uczestniczenia we Mszy \u015awi\u0119tej. W naszym ko\u015bciele Msze b\u0119d\u0105 sprawowane wed\u0142ug nast\u0119puj\u0105cego porz\u0105dku: 9.00 i 11.00. W t\u0119 uroczysto\u015b\u0107 uwielbiamy Boga wszystkich czas\u00f3w w Jego \u015bwi\u0119tych \u2013 w ludziach, kt\u00f3rzy przeszli przez \u017cycie wierni Bogu i Jego przykazaniom. Dla nas s\u0105 oni drogowskazami na drodze do wieczno\u015bci, na radosne spotkanie z Ojcem w niebie. Po Mszy &nbsp;\u015awi\u0119tej o godz. 11.00 procesja na cmentarz po\u0142\u0105czona z modlitw\u0105 za zmar\u0142ych. Po procesji po\u015bwi\u0119cenie pomnik\u00f3w.<\/p>\n<p>4. Za\u015b w czwartek, 2 listopada, w liturgii wspominamy Wszystkich Wiernych Zmar\u0142ych, jest to tak zwany Dzie\u0144 Zaduszny. W naszym ko\u015bciele tego dnia sprawujemy &nbsp;Msze \u015awi\u0119te o&nbsp;nast\u0119puj\u0105cych godzinach: 10.00 i 17.00. Nie zapominajmy te\u017c, \u017ce przez osiem pierwszych dni listopada duszom w czy\u015b\u0107cu mo\u017cemy ofiarowa\u0107 wielki dar \u2013 odpust zupe\u0142ny za pobo\u017cne nawiedzenie cmentarza i zm\u00f3wienie modlitwy w ich intencji oraz spe\u0142nienie pozosta\u0142ych zwyk\u0142ych warunk\u00f3w, to znaczy: stan \u0142aski u\u015bwi\u0119caj\u0105cej, brak przywi\u0105zania do jakiegokolwiek grzechu, przyj\u0119cie Komunii \u015awi\u0119tej, odm\u00f3wienie modlitwy w intencjach wyznaczonych przez papie\u017ca.<\/p>\n<p>5. W tym tygodniu przypada te\u017c pierwszy czwartek, pierwszy pi\u0105tek i pierwsza sobota miesi\u0105ca. W naszych modlitwach w czwartek b\u0119dziemy dzi\u0119kowa\u0107 za dar Eucharystii oraz prosi\u0107 o liczne i \u015bwi\u0119te powo\u0142ania kap\u0142a\u0144skie. W pi\u0105tek b\u0119dziemy przeprasza\u0107 Bo\u017ce Serce za wszelki brak mi\u0142o\u015bci, za lekcewa\u017cenie daru Bo\u017cego mi\u0142osierdzia podczas adoracji Naj\u015bwi\u0119tszego Sakramentu od godz. 16.00 do godz. 17.00 . A w sobot\u0119 powierzymy nasz\u0105 wsp\u00f3lnot\u0119 parafian tych \u017cyj\u0105cych, ale r\u00f3wnie\u017c tych, kt\u00f3rzy odeszli ju\u017c do Domu Pana, Tej, kt\u00f3ra jest nasz\u0105 Kr\u00f3low\u0105, Matk\u0105 lito\u015bci, Po\u015bredniczk\u0105. Uczynimy to zw\u0142aszcza podczas pierwszosobotniego nabo\u017ce\u0144stwa po Mszy \u015awi\u0119tej o godz. 17.00.<\/p>\n<p>6. Przysz\u0142a niedziela \u2013 pierwsza miesi\u0105ca, po Mszy \u015bwi\u0119tej nabo\u017ce\u0144stwo adoracyjne a nast\u0119pnie r\u00f3\u017caniec po\u0142\u0105czony z procesj\u0105 na cmentarz.<\/p>\n<p>7. Porz\u0105dek r\u00f3\u017ca\u0144ca za zmar\u0142ych polecanych w wypominkach : we czwartek za wszystkich zmar\u0142ych polecanych w wypominkach, w pi\u0105tek z Helenowa i Lasu Jaworskiego, w sobot\u0119 z Jan\u00f3wka i W\u00f3lki, w niedziel\u0119 za zmar\u0142ych kap\u0142an\u00f3w, kt\u00f3rzy pracowali w naszej parafii.<\/p>\n<p>8. Dzi\u0119kuj\u0119 mieszka\u0144com Jan\u00f3wka i Jaworka za pomalowanie bramy.<\/p>\n<p>9. Dzi\u0119kuj\u0119 mieszka\u0144com Jaworka za wywiezienie \u015bmieci z cmentarza.<\/p>\n<p>10. Dzi\u0119kuj\u0119 za sprz\u0105tanie ko\u015bcio\u0142a rodzinom Miros\u0142aw Jaworowski, Wojciech Popowski, Maryla Wal\u0119cka z Wierzbna . W przysz\u0142ym tygodniu zapraszam rodziny Roman Gog\u0142oza, Henryka Miklaszewska, Teodozja Witowska &nbsp;z Wierzbna .<\/p>\n<p>11. Na stoliku wy\u0142o\u017cony jest nowy numer Echa katolickiego a na o\u0142tarzach bocznych kartki wypominkowe.<\/p>\n<p>12. Wszystkim solenizantom i jubilatom, kt\u00f3rzy b\u0119d\u0105 prze\u017cywali swoje \u015bwi\u0119to w najbli\u017cszych dniach, \u017cycz\u0119 Bo\u017cego b\u0142og. i obfito\u015bci Bo\u017cych \u0142ask.<\/p>\n<h4 style=\"text-align: center;\"><strong>DWUDZIESTA DZIEWI\u0104TA NIEDZIELA W CI\u0104GU ROKU<br \/>\n22 pa\u017adziernika 2023<br \/>\n<\/strong><strong>OG\u0141OSZENIA DUSZPASTERSKIE<\/strong><\/h4>\n<p>1. Dzisiejsza niedziela w ca\u0142ym Ko\u015bciele po\u015bwi\u0119cona jest sprawie misji. Rozpoczyna si\u0119 Tydzie\u0144 Misyjny. Modlimy si\u0119 w intencji misji i misjonarzy zakonnych i \u015bwieckich. Prosimy Boga, aby mogli oni skutecznie wype\u0142nia\u0107 swoje powo\u0142anie i nie\u015b\u0107 Ewangeli\u0119 ludom i&nbsp;narodom, kt\u00f3re wiar\u0119 zagubi\u0142y albo dot\u0105d Boga nie pozna\u0142y. To stosowny czas, aby\u015bmy przypomnieli sobie, \u017ce do istoty \u017cycia Ko\u015bcio\u0142a nale\u017cy powo\u0142anie misyjne. \u015awiatowy Dzie\u0144 Misyjny u\u015bwiadamia nam te\u017c, jak bardzo Ko\u015bci\u00f3\u0142 jest r\u00f3\u017cnorodny, r\u00f3\u017cnobarwny, a przez to rzeczywi\u015bcie powszechny. To mozaika kultur, ras, j\u0119zyk\u00f3w i zwyczaj\u00f3w dotkni\u0119ta \u015bwiat\u0142em Ewangelii. Wielkie dzie\u0142o misyjne wspieramy na r\u00f3\u017cne sposoby, dzisiaj tak\u017ce sk\u0142adaj\u0105c ofiary na Papieskie Dzie\u0142a Misyjne.<\/p>\n<p>2. Ka\u017cdy chrze\u015bcijanin na mocy sakramentu chrztu powo\u0142any jest do bezpo\u015bredniego zaanga\u017cowania si\u0119 na rzecz g\u0142oszenia Ewangelii, a tym samym przyczyniania si\u0119 to tego, aby spo\u0142ecze\u0144stwo coraz bardziej kierowa\u0142o si\u0119 nauk\u0105 g\u0142oszon\u0105 przez Jezusa Chrystusa. Dzisiaj bardziej ni\u017c kiedykolwiek widzimy, jak wielka przepa\u015b\u0107 ryzuje si\u0119 pomi\u0119dzy naszym codziennym \u017cyciem, nie wspominaj\u0105c ju\u017c o ekonomii i polityce, a zawart\u0105 w Ewangelii Dobr\u0105 Nowin\u0105. Pami\u0119tamy, \u017ce nieustannie mamy by\u0107 \u015bwiat\u0142em dla ca\u0142ej ludzko\u015bci w&nbsp;pielgrzymce wiary!<\/p>\n<p>3. W sobot\u0119, 28 pa\u017adziernika, w liturgii czcimy \u015awi\u0119tych Aposto\u0142\u00f3w Szymona i Jud\u0119 Tadeusza \u2013 patron\u00f3w naszej diecezji. &nbsp;Zapatrzeni w ich \u015bwiadectwo, b\u0119dziemy prosi\u0107 Boga o tak samo siln\u0105 wiar\u0119. Na chrzcie \u015bwi\u0119tym prawdziwie stali\u015bmy si\u0119 dzie\u0107mi Bo\u017cymi. Zatem nieustannie powinni\u015bmy kroczy\u0107 z Jezusem, ca\u0142kowicie odda\u0107 Mu siebie, stosownie do obranego stanu i \u017cyciowej drogi. \u015awi\u0119ty Juda Tadeusz uwa\u017cany jest za patrona spraw beznadziejnych, wzywamy go w&nbsp;szczeg\u00f3lnych potrzebach.<\/p>\n<p>4. Przed nami ostatni r\u00f3\u017ca\u0144cowy tydzie\u0144. Przypominam, \u017ce codziennie w naszym ko\u015bciele o&nbsp;godz. 17.00 gromadzimy si\u0119 na wieczornej Eucharystii, a po niej celebrujemy nabo\u017ce\u0144stwo r\u00f3\u017ca\u0144cowe. Wszystkich parafian, zw\u0142aszcza tych, kt\u00f3rzy jeszcze z jakich\u015b powod\u00f3w nie uczestniczyli w pa\u017adziernikowym nabo\u017ce\u0144stwie, zapraszam na t\u0119 modlitw\u0119 zgromadzonego wok\u00f3\u0142 Maryi Ko\u015bcio\u0142a.<\/p>\n<p>5. Przysz\u0142a niedziela \u2013 ostatnia miesi\u0105ca. Taca ekonomiczna.<\/p>\n<p>6. W przysz\u0142\u0105 niedziel\u0119 b\u0119dziemy prze\u017cywali ods\u0142oni\u0119cie pomnika poleg\u0142ych powsta\u0144c\u00f3w styczniowych w \u015awidnie. O godz. 10.15 ods\u0142oni\u0119cie pomnika, o 11.00 Msza \u015bwi\u0119ta w Czerwonce, po kt\u00f3rej nast\u0105pi koncert pie\u015bni patriotycznej. Na uroczysto\u015bci zapraszaj\u0105 Adam Krasuski, \u0141ukasz Komorowski oraz W\u00f3jt Gminy Wierzbno wraz z Kierownikiem Gminnej Biblioteki.<\/p>\n<p>7. Prosz\u0119 mieszka\u0144c\u00f3w Jaworka o wywiezienie w najbli\u017csz\u0105 sobot\u0119 \u015bmieci biodegradowalnych z cmentarza.<\/p>\n<p>8. Na czwartek na godz. 20.00 zapraszam na spotkanie Rad\u0119 Parafialn\u0105.<\/p>\n<p>9. Dzi\u0119kuj\u0119 za sprz\u0105tanie ko\u015bcio\u0142a rodzinom Waldemar Replin, Daniel Replin, Mariusz Replin z Wierzbna . W przysz\u0142ym tygodniu zapraszam rodziny Miros\u0142aw Jaworowski, Wojciech Popowski, Maryla Wal\u0119cka z Wierzbna .<\/p>\n<p>10. Na stoliku wy\u0142o\u017cony jest nowy numer Echa katolickiego a na o\u0142tarzach bocznych kartki wypominkowe.<\/p>\n<p>11. Wszystkim solenizantom i jubilatom, kt\u00f3rzy b\u0119d\u0105 prze\u017cywali swoje \u015bwi\u0119to w najbli\u017cszych dniach, \u017cycz\u0119 Bo\u017cego b\u0142og. i obfito\u015bci Bo\u017cych \u0142ask.<\/p>\n<h4 style=\"text-align: center;\"><strong>DWUDZIESTA \u00d3SMA NIEDZIELA W CI\u0104GU ROKU<br \/>\n15 pa\u017adziernika 2023<br \/>\n<\/strong><strong>OG\u0141OSZENIA DUSZPASTERSKIE<\/strong><\/h4>\n<p>1. W dzisiejsz\u0105 niedziel\u0119 kolejny raz decyzj\u0105 polskiego Parlamentu w naszym kraju obchodzimy Dzie\u0144 Papieski. W ten spos\u00f3b nar\u00f3d polski sk\u0142ada uznanie \u015awi\u0119temu Janowi Paw\u0142owi II, \u201enajwi\u0119kszemu autorytetowi XX wieku, cz\u0142owiekowi, kt\u00f3ry si\u0119gaj\u0105c do \u017ar\u00f3de\u0142 chrze\u015bcija\u0144stwa, uczy\u0142 nas solidarno\u015bci, odwagi i pokory, stanowczo\u015bci i wyrozumia\u0142o\u015bci, m\u0105dro\u015bci\u2026\u201d.<\/p>\n<p>2. W dniu dzisiejszym swoimi ofiarami do puszek wspieramy Fundacj\u0119 \u201eDzie\u0142o Nowego Tysi\u0105clecia\u201d, Z tych \u015brodk\u00f3w fundowane s\u0105 stypendia dla uzdolnionej m\u0142odzie\u017cy, a pochodz\u0105cej z ubogich rodzin.<\/p>\n<p>3. \u0141aci\u0144ski patriarcha Jerozolimy &nbsp;w imieniu wszystkich ordynariuszy Ziemi \u015awi\u0119tej og\u0142osi\u0142 najbli\u017cszy wtorek, 17 pa\u017adziernika, dniem postu, abstynencji i modlitwy o pok\u00f3j. &nbsp;Podejmijmy to zaproszenie w tym&nbsp; dniu do szczeg\u00f3lnej modlitwy i postu w intencji pokoju w Ojczy\u017anie Jezusa.<\/p>\n<p>4. W kalendarzu liturgicznym w dniu 18 pa\u017adziernika (najbli\u017csza \u015broda) przypada \u015bwi\u0119to \u015awi\u0119tego \u0141ukasza Ewangelisty. Jest to Dzie\u0144 modlitw za pracownik\u00f3w s\u0142u\u017cby zdrowia. Zatem gor\u0105c\u0105 modlitw\u0105 obejmiemy r\u00f3wnie\u017c wszystkich, kt\u00f3rzy troszcz\u0105 si\u0119 o nasze zdrowie i \u017cycie.<\/p>\n<p>5. W czwartek, 19 pa\u017adziernika, przypada Narodowy Dzie\u0144 Pami\u0119ci Duchownych Niez\u0142omnych. Zosta\u0142 ustanowiony 19 pa\u017adziernika, w kt\u00f3rym przypada rocznic\u0105 \u015bmierci bestialsko zamordowanego B\u0142ogos\u0142awionego ksi\u0119dza Jerzego Popie\u0142uszki. Dzie\u0144 ten ma by\u0107 wyrazem ho\u0142du dla kap\u0142an\u00f3w i innych os\u00f3b duchownych, kt\u00f3re swoj\u0105 postaw\u0105 da\u0142y \u015bwiadectwo m\u0119stwa i patriotyzmu, a niejednokrotnie przela\u0142y te\u017c krew w obronie naszej ojczyzny.<\/p>\n<p>6. Przed nami kolejny r\u00f3\u017ca\u0144cowy tydzie\u0144. Nie lekcewa\u017cmy tego daru Opatrzno\u015bci Bo\u017cej. Matka Bo\u017ca w swych objawieniach wskazuje na r\u00f3\u017caniec jako mistyczn\u0105 bro\u0144 i narz\u0119dzie Bo\u017cych zwyci\u0119stw. Jako chrze\u015bcijanie nie walczymy mieczem. Naszym or\u0119\u017cem jest r\u00f3\u017caniec. W tym tygodniu w spos\u00f3b szczeg\u00f3lny w poniedzia\u0142ek zapraszam mieszka\u0144c\u00f3w Helenowa i Lasu Jaworskiego, we wtorek mieszka\u0144c\u00f3w Jan\u00f3wka i Wygl\u0119d\u00f3wka, we \u015brod\u0119 mieszka\u0144c\u00f3w Jaworka, we czwartek mieszka\u0144c\u00f3w Sobonia, w pi\u0105tek mieszka\u0144c\u00f3w \u015awidna i W\u00f3lki, w sobot\u0119 mieszka\u0144c\u00f3w Wierzbna<\/p>\n<p>7. Przysz\u0142\u0105 niedziel\u0119 b\u0119dziemy obchodzili jako \u015awiatow\u0105 Niedziel\u0119 Misyjn\u0105. Rozpocznie si\u0119 te\u017c Tydzie\u0144 Misyjny. Naszymi ofiarami do puszek wesprzemy papieskie Dzie\u0142a Misyjne.<\/p>\n<p>8.W minionym tygodniu na remont dzwonnicy z\u0142o\u017cono 200 z\u0142. Ofiara bezimienna z Jan\u00f3wka. B\u00f3g zap\u0142a\u0107.<\/p>\n<p>9. Dzi\u0119kuj\u0119 za sprz\u0105tanie ko\u015bcio\u0142a rodzinom Witold Pi\u00f3rek, Piotr Pi\u00f3rek, Karol Potrykus z Wierzbna . W przysz\u0142ym tygodniu zapraszam rodziny Waldemar Replin, Daniel Replin, Mariusz Replin z Wierzbna .<\/p>\n<p>10. Na stoliku wy\u0142o\u017cony jest nowy numer Echa katolickiego a na o\u0142tarzach bocznych kartki wypominkowe.<\/p>\n<p>11. Wszystkim solenizantom i jubilatom, kt\u00f3rzy b\u0119d\u0105 prze\u017cywali swoje \u015bwi\u0119to w najbli\u017cszych dniach, \u017cycz\u0119 Bo\u017cego b\u0142og. i obfito\u015bci Bo\u017cych \u0142ask.<\/p>\n<h4 style=\"text-align: center;\"><strong>DWUDZIESTA SI\u00d3DMA NIEDZIELA W CI\u0104GU ROKU<br \/>\n8 pa\u017adziernika 2023<br \/>\nO<\/strong><strong>G\u0141OSZENIA DUSZPASTERSKIE<\/strong><\/h4>\n<p>1. Przez ca\u0142y pa\u017adziernik z Matk\u0105 Bo\u017c\u0105 trwamy na modlitwie r\u00f3\u017ca\u0144cowej. R\u00f3\u017caniec towarzyszy nam w chwilach rado\u015bci i trudnych do\u015bwiadcze\u0144. Rozwa\u017caj\u0105c tajemnice z \u017cycia Jezusa i Maryi, w r\u00f3\u017ca\u0144cowe dziesi\u0105tki wplatamy wszystkie nasze sprawy osobiste, sprawy naszych rodzin, narodu, Ko\u015bcio\u0142a, ca\u0142ej ludzko\u015bci. W ten spos\u00f3b prosta modlitwa r\u00f3\u017ca\u0144cowa pulsuje naszym \u017cyciem. Spr\u00f3bujmy na nowo odkry\u0107 r\u00f3\u017caniec we wsp\u00f3lnocie parafialnej i&nbsp;w&nbsp;zaciszu domowego Ko\u015bcio\u0142a. Na nabo\u017ce\u0144stwo pa\u017adziernikowe gromadzimy si\u0119 w naszym ko\u015bciele codziennie o godz. 18.30 Cz\u0142onk\u00f3w Wsp\u00f3lnoty \u017bywego R\u00f3\u017ca\u0144ca oraz wszystkich &nbsp;serdecznie zapraszam na t\u0119 wsp\u00f3ln\u0105 modlitw\u0119!<\/p>\n<p>2. Dzisiaj po Mszy \u015bwi\u0119tej o godz. 9.00 zmiana tajemnic r\u00f3\u017ca\u0144ca dla rodzic\u00f3w modl\u0105cych si\u0119 za dzieci, o 10.30 r\u00f3\u017caniec za zmar\u0142ych polecanych w wypominkach spoza parafii, a po Nabo\u017ce\u0144stwie R\u00f3\u017ca\u0144cowym zmiana tajemnic r\u00f3\u017ca\u0144ca dla m\u0119\u017cczyzn.<\/p>\n<p>3. W sobot\u0119, 14 pa\u017adziernika, nasz\u0105 pami\u0119ci\u0105 obejmujemy nauczycieli i wychowawc\u00f3w, kt\u00f3rzy obchodz\u0105 swoje doroczne \u015bwi\u0119to. To ich dzie\u0144 \u2013 Dzie\u0144 Edukacji Narodowej. Wspierajmy ich nasz\u0105 \u017cyczliwo\u015bci\u0105, a przede wszystkim p\u0142yn\u0105c\u0105 z serca gor\u0105c\u0105 modlitw\u0105. Zapraszam na nabo\u017ce\u0144stwo r\u00f3\u017ca\u0144cowe o godz. 18.30 w intencji nauczycieli, wychowawc\u00f3w, katechet\u00f3w i&nbsp;wszystkich pracownik\u00f3w o\u015bwiaty z naszej parafii.<\/p>\n<p>4. W przysz\u0142\u0105 niedziel\u0119, 15 pa\u017adziernika, b\u0119dziemy prze\u017cywali kolejny Dzie\u0144 Papieski, kt\u00f3ry na trwa\u0142e wpisa\u0142 si\u0119 w kalendarz nie tylko Ko\u015bcio\u0142a w Polsce, ale i w kalendarz wa\u017cnych rocznic oraz obchod\u00f3w w naszej ojczy\u017anie. Tego dnia swoimi ofiarami do puszek wspieramy Fundacj\u0119 \u201eDzie\u0142o Nowego Tysi\u0105clecia\u201d, kt\u00f3ra zosta\u0142a powo\u0142ana przez Episkopat Polski dla upami\u0119tnienia pontyfikatu \u015awi\u0119tego Jana Paw\u0142a II.<\/p>\n<p>5.W minionym tygodniu na remont dzwonnicy z\u0142o\u017cono 200 z\u0142. Ofiara bezimienna z Wierzbna. B\u00f3g zap\u0142a\u0107.<\/p>\n<p>6. Dzi\u0119kuj\u0119 za sprz\u0105tanie ko\u015bcio\u0142a rodzinom Krzysztof Twardowski, Piotr Potrykus, Mieczys\u0142aw Wal\u0119cki z Wierzbna . W przysz\u0142ym tygodniu zapraszam rodziny Witold Pi\u00f3rek, Piotr Pi\u00f3rek, Karol Potrykus z Wierzbna .<\/p>\n<p>7. Na stoliku wy\u0142o\u017cony jest nowy numer Echa katolickiego.<\/p>\n<p>8. Wszystkim solenizantom i jubilatom, kt\u00f3rzy b\u0119d\u0105 prze\u017cywali swoje \u015bwi\u0119to w najbli\u017cszych dniach, \u017cycz\u0119 Bo\u017cego b\u0142og. i obfito\u015bci Bo\u017cych \u0142ask.<\/p>\n<h4 style=\"text-align: center;\"><strong>DWUDZIESTA SZ\u00d3STA NIEDZIELA W CI\u0104GU ROKU<br \/>\n1 pa\u017adziernika 2023<br \/>\n<\/strong><strong>OG\u0141OSZENIA DUSZPASTERSKIE<\/strong><\/h4>\n<p>1. Dzi\u015b pierwsza niedziela pa\u017adziernika. W ko\u015bcio\u0142ach i we wsp\u00f3lnotach rodzinnych rozpocz\u0119li\u015bmy nabo\u017ce\u0144stwa r\u00f3\u017ca\u0144cowe. Przez wstawiennictwo Bo\u017cej Rodzicielki, bior\u0105c do r\u0105k r\u00f3\u017caniec, pro\u015bmy Jej Syna o mi\u0142osierdzie dla nas i ca\u0142ego \u015bwiata. Zach\u0119cam do udzia\u0142u w&nbsp;codziennej Mszy \u015awi\u0119tej i w codziennie celebrowanym w naszym ko\u015bciele o godz. (\u2026) pa\u017adziernikowym nabo\u017ce\u0144stwie. A tych, kt\u00f3rym trudniej dotrze\u0107 do ko\u015bcio\u0142a, prosz\u0119 o&nbsp;odmawianie r\u00f3\u017ca\u0144ca w domach. \u015awi\u0119ty Jan Pawe\u0142 II w li\u015bcie apostolskim \u201eRosarium Virginis Mariae\u201d z 2002 roku napisa\u0142: \u201eZa po\u015brednictwem r\u00f3\u017ca\u0144ca wierz\u0105cy czerpie obfito\u015b\u0107 \u0142aski, otrzymuj\u0105c j\u0105 niejako wprost z r\u0105k Matki Odkupiciela\u201d (nr 1). Pami\u0119tajmy i przypominajmy innym, \u017ce za odm\u00f3wienie jednej cz\u0119\u015bci r\u00f3\u017ca\u0144ca, czyli pi\u0119ciu tajemnic w spos\u00f3b ci\u0105g\u0142y, mo\u017cna uzyska\u0107 odpust zupe\u0142ny. Korzystajmy z tych duchowych dobrodziejstw, jakimi mo\u017ce nas Ko\u015bci\u00f3\u0142 obdarzy\u0107.<\/p>\n<p>2. W poniedzia\u0142ek, 2 pa\u017adziernika, wspominamy \u015awi\u0119tych Anio\u0142\u00f3w Str\u00f3\u017c\u00f3w. To liturgiczne wspomnienie ma nam przypomina\u0107, \u017ce ka\u017cdy z nas ma swojego Anio\u0142a Str\u00f3\u017ca, kt\u00f3rego zadaniem jest broni\u0107 nas przed niebezpiecze\u0144stwami duszy i cia\u0142a. Jednak by by\u0142o to mo\u017cliwe, musimy by\u0107 uwa\u017cni na jego natchnienia. Nie zapominajmy r\u00f3wnie\u017c ka\u017cdego dnia poleca\u0107 si\u0119 opiece tego Bo\u017cego wys\u0142annika.<\/p>\n<p>3. W \u015brod\u0119, 4 pa\u017adziernika, przypada liturgiczne wspomnienie \u015awi\u0119tego Franciszka z Asy\u017cu , ojca wielkiej rodziny franciszka\u0144skiej, stygmatyka, kt\u00f3rego duchowo\u015b\u0107 wywiera olbrzymi wp\u0142yw na \u017cycie wierz\u0105cych i Ko\u015bcio\u0142a po dzie\u0144 dzisiejszy.<\/p>\n<p>4. W tym tygodniu przypada pierwszy czwartek, pierwszy pi\u0105tek i pierwsza sobota miesi\u0105ca. Pami\u0119tajmy, \u017ce z daru mi\u0142osierdzia Bo\u017cego mo\u017cemy korzysta\u0107 zw\u0142aszcza przez r\u0119ce kap\u0142an\u00f3w. Dlatego w czwartek podczas wieczornej Eucharystii &nbsp;prosimy o liczne i \u015bwi\u0119te powo\u0142ania do kap\u0142a\u0144stwa, o wytrwanie dla tych, kt\u00f3rzy zostali ju\u017c powo\u0142ani do pracy w Winnicy Pa\u0144skiej. A w pierwszy pi\u0105tek miesi\u0105ca wprost do\u015bwiadczajmy mi\u0142osiernej mi\u0142o\u015bci p\u0142yn\u0105cej z przebitego Jezusowego Serca, odnawiaj\u0105c nasz\u0105 komuni\u0119 z Bogiem i&nbsp;bra\u0107mi. Adoracja Naj\u015bwi\u0119tszego Sakramentu w naszym ko\u015bciele od godz. 17.00. W&nbsp;pierwsz\u0105 sobot\u0119 Niepokalanemu Sercu Bo\u017cej Matki oddajemy nasze rodziny i ca\u0142\u0105 wsp\u00f3lnot\u0119 parafialn\u0105.<\/p>\n<p>5. W czwartek, 5 pa\u017adziernika, w liturgii wspominamy wyj\u0105tkow\u0105 polsk\u0105 \u015awi\u0119t\u0105 \u2013 Siostr\u0119 Faustyn\u0119 Kowalsk\u0105 (1905-1938) ze Zgromadzenia Si\u00f3str Matki Bo\u017cej Mi\u0142osierdzia. \u015awi\u0119ty Jan Pawe\u0142 II zwyk\u0142 j\u0105 nazywa\u0107 \u201eiskr\u0105 Bo\u017cego mi\u0142osierdzia\u201d, kt\u00f3ra wysz\u0142a z Polski.<\/p>\n<p>6. A w sobot\u0119, 7 pa\u017adziernika, prze\u017cyjemy liturgiczne wspomnienie Naj\u015bwi\u0119tszej Maryi Panny R\u00f3\u017ca\u0144cowej.<\/p>\n<p>7. W przysz\u0142\u0105 niedziel\u0119 po Mszy \u015bwi\u0119tej o godz. 9.00 zmiana tajemnic r\u00f3\u017ca\u0144ca dla rodzic\u00f3w modl\u0105cych si\u0119 za dzieci, o 10.30 r\u00f3\u017caniec za zmar\u0142ych polecanych w wypominkach spoza parafii, a po Nabo\u017ce\u0144stwie R\u00f3\u017ca\u0144cowym zmiana tajemnic r\u00f3\u017ca\u0144ca dla m\u0119\u017cczyzn.<\/p>\n<p>8.W minionym tygodniu na remont dzwonnicy z\u0142o\u017cono 200 z\u0142. Ofiara bezimienna z Sobonia. B\u00f3g zap\u0142a\u0107.<\/p>\n<p>9. Dzi\u0119kuj\u0119 za sprz\u0105tanie ko\u015bcio\u0142a rodzinom S\u0142awomir Zajkowski, Mariusz Chabiera, Danuta Szmankowska &nbsp;z Wierzbna . W przysz\u0142ym tygodniu zapraszam rodziny Krzysztof Twardowski, Piotr Potrykus, Mieczys\u0142aw Wal\u0119cki z Wierzbna .<\/p>\n<p>10. Na stoliku wy\u0142o\u017cony jest nowy numer Echa katolickiego oraz kalendarz misyjny w cenie 6 z\u0142., oraz Kalendarz Rolnika w cenie 35 z\u0142.<\/p>\n<p>11. Wszystkim solenizantom i jubilatom, kt\u00f3rzy b\u0119d\u0105 prze\u017cywali swoje \u015bwi\u0119to w najbli\u017cszych dniach, \u017cycz\u0119 Bo\u017cego b\u0142og. i obfito\u015bci Bo\u017cych \u0142ask.<\/p>\n","protected":false},"excerpt":{"rendered":"<p>Powr\u00f3t do listy og\u0142osze\u0144 TRZYDZIESTA NIEDZIELA W CI\u0104GU ROKU ROCZNICA PO\u015aWI\u0118CENIA W\u0141ASNEGO KO\u015aCIO\u0141A 29 pa\u017adziernika 2023 OG\u0141OSZENIA DUSZPASTERSKIE 1. Dzisiejsza, ostatnia niedziela pa\u017adziernika, w kalendarzu liturgicznym rokrocznie obchodzona jest jako rocznica po\u015bwi\u0119cenia w\u0142asnego parafialnego ko\u015bcio\u0142a, czyli oddania \u015bwi\u0105tyni na wy\u0142\u0105czn\u0105 w\u0142asno\u015b\u0107 Panu Bogu. Dzisiaj dzi\u0119kujemy za nasz parafialny wieczernik, w kt\u00f3rym gromadzimy si\u0119 na modlitwie, na liturgii, w kt\u00f3rym sprawujemy Naj\u015bwi\u0119tsz\u0105 Ofiar\u0119 i inne sakramenty. Tutaj umacniamy nasz\u0105 wsp\u00f3lnot\u0119 z Bogiem i bra\u0107mi. Ale z tym dzisiejszym dzi\u0119kczynieniem wi\u0105\u017ce si\u0119 te\u017c zobowi\u0105zanie, aby\u015bmy jako wsp\u00f3lnota odpowiednio dbali o to miejsce szczeg\u00f3lnej obecno\u015bci Boga. Musimy zadba\u0107 o to, aby nasz parafialny ko\u015bci\u00f3\u0142 ci\u0105gle pi\u0119knia\u0142, aby r\u00f3wnie\u017c od strony materialnej by\u0142 miejscem godnym swego Gospodarza. Jeste\u015bmy to winni r\u00f3wnie\u017c wobec przysz\u0142ych pokole\u0144, kt\u00f3re tu po nas przyjd\u0105, aby uzewn\u0119trznia\u0107 swoj\u0105 wiar\u0119 i chwali\u0107 Tr\u00f3jedynego Boga. 2. Dzisiaj taca ekonomiczna. We wrze\u015bniu z\u0142o\u017cono 1584 z\u0142. B\u00f3g zap\u0142a\u0107. 3.W \u015brod\u0119, 1 listopada, przypada uroczysto\u015b\u0107 \u2026 <a class=\"continue-reading-link\" href=\"https:\/\/www.parafiawierzbno.com.pl\/?page_id=10986\">Czytaj dalej <span class=\"meta-nav\">&rarr; <\/span><\/a><\/p>\n","protected":false},"author":1,"featured_media":0,"parent":225,"menu_order":0,"comment_status":"closed","ping_status":"closed","template":"","meta":{"ngg_post_thumbnail":0},"_links":{"self":[{"href":"https:\/\/www.parafiawierzbno.com.pl\/index.php?rest_route=\/wp\/v2\/pages\/10986"}],"collection":[{"href":"https:\/\/www.parafiawierzbno.com.pl\/index.php?rest_route=\/wp\/v2\/pages"}],"about":[{"href":"https:\/\/www.parafiawierzbno.com.pl\/index.php?rest_route=\/wp\/v2\/types\/page"}],"author":[{"embeddable":true,"href":"https:\/\/www.parafiawierzbno.com.pl\/index.php?rest_route=\/wp\/v2\/users\/1"}],"replies":[{"embeddable":true,"href":"https:\/\/www.parafiawierzbno.com.pl\/index.php?rest_route=%2Fwp%2Fv2%2Fcomments&post=10986"}],"version-history":[{"count":8,"href":"https:\/\/www.parafiawierzbno.com.pl\/index.php?rest_route=\/wp\/v2\/pages\/10986\/revisions"}],"predecessor-version":[{"id":11005,"href":"https:\/\/www.parafiawierzbno.com.pl\/index.php?rest_route=\/wp\/v2\/pages\/10986\/revisions\/11005"}],"up":[{"embeddable":true,"href":"https:\/\/www.parafiawierzbno.com.pl\/index.php?rest_route=\/wp\/v2\/pages\/225"}],"wp:attachment":[{"href":"https:\/\/www.parafiawierzbno.com.pl\/index.php?rest_route=%2Fwp%2Fv2%2Fmedia&parent=10986"}],"curies":[{"name":"wp","href":"https:\/\/api.w.org\/{rel}","templated":true}]}}