{"id":11012,"date":"2023-11-25T13:55:21","date_gmt":"2023-11-25T12:55:21","guid":{"rendered":"https:\/\/www.parafiawierzbno.com.pl\/?page_id=11012"},"modified":"2023-11-26T23:46:35","modified_gmt":"2023-11-26T22:46:35","slug":"ogloszenia-listopad-2023","status":"publish","type":"page","link":"https:\/\/www.parafiawierzbno.com.pl\/?page_id=11012","title":{"rendered":"Og\u0142oszenia &#8211; Listopad 2023"},"content":{"rendered":"<h4><a title=\"Og\u0142oszenia parafialne\" href=\"https:\/\/www.parafiawierzbno.com.pl\/?page_id=225\">Powr\u00f3t do listy og\u0142osze\u0144<\/a><\/h4>\n<h4 style=\"text-align: center;\"><strong>JEZUSA CHRYSTUSA, KR\u00d3LA WSZECH\u015aWIATA<br \/>\n26 listopada 2023<br \/>\n<\/strong><strong>OG\u0141OSZENIA DUSZPASTERSKIE<\/strong><\/h4>\n<p>1. Dzisiejsza uroczysto\u015b\u0107 Jezusa Chrystusa, Kr\u00f3la Wszech\u015bwiata, to ostatni mocny akord roku liturgicznego przed adwentowym wyciszeniem. Do kalendarza liturgicznego zosta\u0142a wprowadzona przez papie\u017ca Piusa XI w 1925 roku, na zako\u0144czenie przypadaj\u0105cego w\u00f3wczas Roku Jubileuszowego. W odnowionej liturgii Ko\u015bci\u00f3\u0142 uroczysto\u015b\u0107 t\u0119 obchodzi si\u0119 w ostatni\u0105 niedziel\u0119 roku ko\u015bcielnego dla podkre\u015blenia, \u017ce wszystko ma sw\u00f3j pocz\u0105tek i b\u0119dzie mia\u0142o swoje ukoronowanie w Chrystusie. W dzisiejsz\u0105 niedziel\u0119 warto zapyta\u0107 si\u0119 siebie: na ile \u015bwiadomie prze\u017cywam rok liturgiczny i czynnie w\u0142\u0105czam si\u0119 w jego celebracje? Warto te\u017c spojrze\u0107 wstecz i zrobi\u0107 osobisty rachunek sumienia z budowania, pog\u0142\u0119biania mojej przyja\u017ani z Bogiem i bli\u017animi, z umacniania mojej wiary, nadziei i mi\u0142o\u015bci.<\/p>\n<p>2. Dzi\u015b, w niedziel\u0119 Jezusa Chrystusa, Kr\u00f3la Wszech\u015bwiata, po Mszach \u015awi\u0119tych wystawiamy Naj\u015bwi\u0119tszy Sakrament i odmawiamy Litani\u0119 do Naj\u015bwi\u0119tszego Serca Pana Jezusa oraz Akt po\u015bwi\u0119cenia rodzaju ludzkiego Sercu Pana Jezusa. Za udzia\u0142 w tym nabo\u017ce\u0144stwie mo\u017cemy uzyska\u0107 odpust zupe\u0142ny pod zwyk\u0142ymi warunkami.<\/p>\n<p>3. Dzisiejsza uroczysto\u015b\u0107 jest te\u017c \u015bwi\u0119tem patronalnym Akcji Katolickiej. Akcja Katolicka jest publicznym stowarzyszeniem wiernych, a jej zasadniczym celem jest formacja duchowa, moralna, a tak\u017ce kulturalna. Wa\u017cnym zadaniem dla jej cz\u0142onk\u00f3w jest \u015bwiadome uczestnictwo we wszystkich sferach \u017cycia publicznego i realizacja spo\u0142ecznego wymiaru wiary i spo\u0142ecznego obywatelstwa Ko\u015bcio\u0142a.<\/p>\n<p>4. W naszym ko\u015bciele przez ca\u0142y listopad codziennie podczas modlitwy r\u00f3\u017ca\u0144cowej o godz. 17.30 polecamy naszych bliskich zmar\u0142ych. Porz\u0105dek r\u00f3\u017ca\u0144ca za zmar\u0142ych polecanych w wypominkach : w poniedzia\u0142ek z Jaworka, we wtorek z Sobonia, we \u015brod\u0119 ze \u015awidna , Adamowa, Wygl\u0119d\u00f3wka i spoza parafii, we czwartek z Wierzbna.&nbsp;<\/p>\n<p>5. W czwartek, 30 listopada, w kalendarzu liturgicznym przypada \u015bwi\u0119to \u015awi\u0119tego Andrzeja Aposto\u0142a. By\u0142 pierwszym uczniem powo\u0142anym przez Pana Jezusa, rodzonym bratem \u015awi\u0119tego Piotra. Tradycja g\u0142osi, \u017ce po Zes\u0142aniu Ducha \u015awi\u0119tego uda\u0142 si\u0119 do Grecji, gdzie odda\u0142 \u017cycie za wiar\u0119 ukrzy\u017cowany g\u0142ow\u0105 do do\u0142u. Pami\u0105tk\u0105 tego s\u0105 tak zwane krzy\u017ce \u015awi\u0119tego Andrzeja w kszta\u0142cie litery \u201eX\u201d.<\/p>\n<p>6. W tym tygodniu przypada pierwszy pi\u0105tek i pierwsza sobota miesi\u0105ca. W pi\u0105tek b\u0119dziemy przeprasza\u0107 Bo\u017ce Serce za wszelki brak mi\u0142o\u015bci, za lekcewa\u017cenie daru Bo\u017cego mi\u0142osierdzia podczas adoracji Naj\u015bwi\u0119tszego Sakramentu od godz. 16.00. A w sobot\u0119 powierzymy nasz\u0105 wsp\u00f3lnot\u0119 Tej, kt\u00f3ra jest nasz\u0105 Kr\u00f3low\u0105, Matk\u0105 lito\u015bci, Po\u015bredniczk\u0105.<\/p>\n<p>7. Przysz\u0142a niedziela \u2013 I-wsza miesi\u0105ca. Po Mszy \u015bwi\u0119tej o godz. 11.00 nabo\u017ce\u0144stwo adoracyjne.<\/p>\n<p>8. Czas przygotowa\u0107 si\u0119 do Adwentu \u2013 okresu radosnego i pobo\u017cnego oczekiwania na przyj\u015bcie Pana Jezusa. W przysz\u0142\u0105 niedziel\u0119, 3 grudnia, wejd\u017amy w ten pi\u0119kny, cho\u0107 kr\u00f3tki czas wyciszeni i odpowiednio duchowo przygotowani.<\/p>\n<p>9. Dzisiaj taca ekonomiczna, w pa\u017adzierniku z\u0142o\u017cono 1525 z\u0142. B\u00f3g zap\u0142a\u0107.<\/p>\n<p>10. Dzi\u0119kuj\u0119 za sprz\u0105tanie ko\u015bcio\u0142a rodzinom Krzysztof Chabiera, Przemys\u0142aw G\u00f3rski, Waldemar Jachimowicz z Wierzbna . W przysz\u0142ym tygodniu zapraszam rodziny &nbsp;Witold &nbsp;Kujawa, Krzysztof Chabiera, Bo\u017cena Chabiera z Wierzbna .<\/p>\n<p>11. Na stoliku wy\u0142o\u017cony jest nowy numer Echa katolickiego<\/p>\n<p>12. Wszystkim solenizantom i jubilatom, kt\u00f3rzy b\u0119d\u0105 prze\u017cywali swoje \u015bwi\u0119to w najbli\u017cszych dniach, \u017cycz\u0119 Bo\u017cego b\u0142og. i obfito\u015bci Bo\u017cych \u0142ask.<\/p>\n<p>13. W minionym tygodniu do wieczno\u015bci odesz\u0142y + Zofia \u017belazowska l. 91 z W\u00f3lki i W\u0142adys\u0142awa Skar\u017cy\u0144ska l. 89 z Sobonia \u2013 pogrzeb w poniedzia\u0142ek o godz. 13.30. Wieczny odpoczynek racz im da\u0107 Panie\u2026<\/p>\n<h4 style=\"text-align: center;\"><strong>TRZYDZIESTA TRZECIA NIEDZIELA W CI\u0104GU ROKU<br \/>\n19 listopada 2023<br \/>\n<\/strong><strong>OG\u0141OSZENIA DUSZPASTERSKIE<\/strong><\/h4>\n<p>1. Dzisiejsza niedziela w Ko\u015bciele powszechnym obchodzona jest jako \u015awiatowy Dzie\u0144 Ubogich. Papie\u017c Franciszek ustanowione w listopadzie 2016 roku specjalnym listem apostolskim \u201eMisericordia et Misera\u201d, napisanym na zako\u0144czenie Nadzwyczajnego Jubileuszowego Roku Mi\u0142osierdzia. Po raz pierwszy obchodzono ten Dzie\u0144 19 listopada 2017 roku pod has\u0142em \u201eNie mi\u0142ujmy s\u0142owem, ale czynem\u201d. Organizowano w tym dniu uroczyste Msze \u015awi\u0119te i liczne akcje pomocy, na przyk\u0142ad bezp\u0142atne posi\u0142ki lub pomoc medyczn\u0105 dla os\u00f3b bezdomnych i tym podobne. Mo\u017ce i w naszym s\u0105siedztwie, okolicy s\u0105 osoby potrzebuj\u0105ce pomocy. Otw\u00f3rzmy nasze serca na ka\u017cd\u0105 ludzk\u0105 bied\u0119 i ch\u0119tnie w\u0142\u0105czmy si\u0119 w&nbsp;dzia\u0142alno\u015b\u0107 organizacji spo\u0142ecznych i ko\u015bcielnych, jak Caritas, aby pomaga\u0107 innym.<\/p>\n<p>2. We wtorek, 21 listopada, w liturgii wspominamy Ofiarowanie Naj\u015bwi\u0119tszej Maryi Panny. Gdy Maryja mia\u0142a trzy lata, rodzice, \u015awi\u0119ty Joachim i \u015awi\u0119ta Anna, oddali J\u0105 kap\u0142anowi Zachariaszowi, ojcu \u015awi\u0119tego Jana Chrzciciela, na wychowanie i nauk\u0119. Maryja pozosta\u0142a w&nbsp;\u015bwi\u0105tyni oko\u0142o 12 lat. Dla uczczenia tej tajemnicy z Jej \u017cycia od VIII wieku na Wschodzie, a od XIV wieku tak\u017ce na Zachodzie obchodzono specjalne \u015bwi\u0119to. Dzi\u015b wspominaj\u0105c tamto Ofiarowanie, powinni\u015bmy odnawia\u0107 w sobie pragnienie po\u015bwi\u0119cania si\u0119 Bogu i szukania Jego woli.<\/p>\n<p>3. Za\u015b w \u015brod\u0119, 22 listopada, przypada liturgiczne wspomnienie \u015awi\u0119tej Cecylii, dziewicy i&nbsp;m\u0119czennicy, patronki ch\u00f3rzyst\u00f3w, lutnik\u00f3w, muzyk\u00f3w, organist\u00f3w, ko\u015bcielnych zespo\u0142\u00f3w wokalno-muzycznych. \u017byczymy Pani organistce i scholi parafialnej z racji patronalnego \u015bwi\u0119ta Bo\u017cego b\u0142og., a \u015bwi\u0119ta Cecylia niech wyprasza potrzebne \u0142aski.<\/p>\n<p>4. W naszym ko\u015bciele przez ca\u0142y listopad codziennie podczas modlitwy r\u00f3\u017ca\u0144cowej o godz. 17.30 polecamy naszych bliskich zmar\u0142ych. Porz\u0105dek r\u00f3\u017ca\u0144ca za zmar\u0142ych polecanych w wypominkach : w poniedzia\u0142ek z Jaworka, we wtorek z Sobonia, we \u015brod\u0119 ze \u015awidna , Adamowa, Wygl\u0119d\u00f3wka i spoza parafii, we czwartek z Wierzbna&nbsp; w pi\u0105tek z Helenowa i Lasu Jaworskiego, w sobot\u0119 z Jan\u00f3wka i W\u00f3lki, w niedziel\u0119 za zmar\u0142ych kap\u0142an\u00f3w, kt\u00f3rzy pracowali w naszej parafii, w niedziel\u0119 o 10.30.<\/p>\n<p>5. Dzisiaj po Mszy \u015bwi\u0119tej o godz. 11.00 monta\u017c s\u0142owno \u2013 muzyczny po\u015bwi\u0119cony odzyskaniu niepodleg\u0142o\u015bci w wykonaniu uczni\u00f3w Szko\u0142y Podstawowej w Wierzbnie.<\/p>\n<p>6. Przysz\u0142a niedziela \u2013 ostatnia miesi\u0105ca. Taca ekonomiczna.<\/p>\n<p>7. Z wolna zbli\u017camy si\u0119 do ko\u0144ca obecnego roku liturgicznego. Przysz\u0142a niedziela, 26&nbsp;listopada, to uroczysto\u015b\u0107 Jezusa Chrystusa, Kr\u00f3la Wszech\u015bwiata, ostatnia niedziela przed kolejnym Adwentem.<\/p>\n<p>8. Dzi\u0119kuj\u0119 za sprz\u0105tanie ko\u015bcio\u0142a rodzinom Artur Zaboklicki , Barbara Jachimowicz, Adam Jachimowicz z Wierzbna . W przysz\u0142ym tygodniu zapraszam rodziny Krzysztof Chabiera, Przemys\u0142aw G\u00f3rski, Waldemar Jachimowicz z Wierzbna .<\/p>\n<p>9. Na stoliku wy\u0142o\u017cony jest nowy numer Echa katolickiego<\/p>\n<p>10. Wszystkim solenizantom i jubilatom, kt\u00f3rzy b\u0119d\u0105 prze\u017cywali swoje \u015bwi\u0119to w najbli\u017cszych dniach, \u017cycz\u0119 Bo\u017cego b\u0142og. i obfito\u015bci Bo\u017cych \u0142ask.<\/p>\n<h4 style=\"text-align: center;\"><strong>TRZYDZIESTA DRUGA NIEDZIELA W CI\u0104GU ROKU<br \/>\n12 listopada 2023<br \/>\n<\/strong><strong>OG\u0141OSZENIA DUSZPASTERSKIE<\/strong><\/h4>\n<p>1. Dzisiaj, jak ka\u017cdego roku w drug\u0105 niedziel\u0119 listopada, solidaryzujemy si\u0119 z Ko\u015bcio\u0142em prze\u015bladowanym w r\u00f3\u017cnych cz\u0119\u015bciach \u015bwiata. My cieszymy si\u0119 wolno\u015bci\u0105 religijn\u0105, mo\u017cemy swobodnie okazywa\u0107 nasz\u0105 wiar\u0119 w Boga i przywi\u0105zanie do Ko\u015bcio\u0142a. Ale nie mo\u017cemy zapomina\u0107, \u017ce s\u0105 na \u015bwiecie kraje i narody, gdzie chrze\u015bcija\u0144stwo jest prze\u015bladowane albo gdzie wyznawanie jakiejkolwiek religii jest \u017ale odbierane przez sprawuj\u0105cych w\u0142adz\u0119. I&nbsp;dzisiaj wielu wyznawc\u00f3w Chrystusa, duchownych i \u015bwieckich, z powodu wiary p\u0142aci najwy\u017csz\u0105 cen\u0119 \u2013 oddaje swoje \u017cycie. Je\u015bli nie mo\u017cemy tym braciom w wierze okaza\u0107 innej pomocy, to przynajmniej ofiarujmy im dar modlitwy. Nie ustawajmy w pro\u015bbach, aby rych\u0142o nasta\u0142a jedna Owczarnia i jeden Pasterz! Po Mszy \u015bwi\u0119tej zbi\u00f3rka do puszek na Ko\u015bci\u00f3\u0142 prze\u015bladowany.<\/p>\n<p>2. Listopad tradycyjnie przypomina nam o modlitewnej pami\u0119ci o zmar\u0142ych. Stosunek do zmar\u0142ych jest wyrazem naszej duchowej kultury i prawdziwej mi\u0142o\u015bci. Chrze\u015bcija\u0144ska wiara nakazuje nam co\u015b wi\u0119cej ni\u017c dba\u0142o\u015b\u0107 o rodzinne groby czy bezimienne mogi\u0142y. Wierzymy, \u017ce zmarli sami pom\u00f3c sobie ju\u017c nie mog\u0105. Pami\u0119tajmy o nich nie tylko w listopadzie. Polecaj\u0105c ich Bo\u017cemu mi\u0142osierdziu, miejmy na uwadze, \u017ce kiedy\u015b sami b\u0119dziemy w podobnej potrzebie.<\/p>\n<p>3. W naszym ko\u015bciele przez ca\u0142y listopad codziennie podczas modlitwy r\u00f3\u017ca\u0144cowej o godz. 17.30 polecamy naszych bliskich zmar\u0142ych. Porz\u0105dek r\u00f3\u017ca\u0144ca za zmar\u0142ych polecanych w wypominkach : w poniedzia\u0142ek z Jaworka, we wtorek z Sobonia, we \u015brod\u0119 ze \u015awidna , Adamowa, Wygl\u0119d\u00f3wka i spoza parafii, we czwartek z Wierzbna&nbsp; w pi\u0105tek z Helenowa i Lasu Jaworskiego, w sobot\u0119 z Jan\u00f3wka i W\u00f3lki, w niedziel\u0119 za zmar\u0142ych kap\u0142an\u00f3w, kt\u00f3rzy pracowali w naszej parafii, w niedziel\u0119 o 10.30.<\/p>\n<p>4. W przysz\u0142\u0105 niedziel\u0119 po Mszy \u015bwi\u0119tej monta\u017c s\u0142owno \u2013 muzyczny po\u015bwi\u0119cony odzyskaniu niepodleg\u0142o\u015bci w wykonaniu uczni\u00f3w Szko\u0142y Podstawowej w Wierzbnie<\/p>\n<p>5. Dzi\u0119kuj\u0119 za sprz\u0105tanie ko\u015bcio\u0142a rodzinom Cezary Dudek, Tadeusz Radzio, Miros\u0142aw Jachimowicz&nbsp; &nbsp;&nbsp;z Wierzbna . W przysz\u0142ym tygodniu zapraszam rodziny Artur \u017baboklicki , Barbara Jachimowicz, Adam Jachimowicz z Wierzbna .<\/p>\n<p>6. Na stoliku wy\u0142o\u017cony jest nowy numer Echa katolickiego<\/p>\n<p>7. Wszystkim solenizantom i jubilatom, kt\u00f3rzy b\u0119d\u0105 prze\u017cywali swoje \u015bwi\u0119to w najbli\u017cszych dniach, \u017cycz\u0119 Bo\u017cego b\u0142og. i obfito\u015bci Bo\u017cych \u0142ask.<\/p>\n<h4 style=\"text-align: center;\"><strong>TRZYDZIESTA PIERWSZA NIEDZIELA W CI\u0104GU ROKU<br \/>\n5 listopada 2023<br \/>\n<\/strong><strong>OG\u0141OSZENIA DUSZPASTERSKIE<\/strong><\/h4>\n<p>1. Przypominam, \u017ce do 8 listopada duszom w czy\u015b\u0107cu mo\u017cemy ofiarowa\u0107 dar odpustu zupe\u0142nego za pobo\u017cne nawiedzenie cmentarza i zm\u00f3wienie modlitwy w ich intencji, spe\u0142niwszy pozosta\u0142e zwyk\u0142e warunki odpustu, to znaczy: stan \u0142aski u\u015bwi\u0119caj\u0105cej, przyj\u0119cie Komunii \u015awi\u0119tej, odm\u00f3wienie modlitwy w&nbsp;intencjach wyznaczonych przez Ojca \u015awi\u0119tego, wyzbycie si\u0119 przywi\u0105zania do grzechu, nawet lekkiego.<\/p>\n<p>2. Dzisiaj po Mszy \u015bwi\u0119tej o godz. 11.00 wystawienie Naj\u015bwi\u0119tszego Sakramentu i nabo\u017ce\u0144stwo adoracyjne.<\/p>\n<p>3. W czwartek, 9 listopada, \u015bwi\u0119tujemy Rocznic\u0119 Po\u015bwi\u0119cenia Bazyliki Latera\u0144skiej. To \u015bwi\u0119to podpowiada nam, \u017ce jeste\u015bmy cz\u0105stk\u0105 jednego wielkiego Ko\u015bcio\u0142a powszechnego. Nazwa \u201erzymskokatolicki\u201d wskazuje na szczeg\u00f3lne znaczenie, jakie pe\u0142ni w nim Rzym. Bazylika Latera\u0144ska jest katedr\u0105 Rzymu i matk\u0105 wszystkich ko\u015bcio\u0142\u00f3w \u015bwiata. Przez tysi\u0105c lat koncentrowa\u0142o si\u0119 przy niej \u017cycie Ko\u015bcio\u0142a i nawet kiedy wybudowano bazylik\u0119 nad grobem \u015bw. Piotra Aposto\u0142a na Watykanie, Bazylika Latera\u0144ska zachowa\u0142a status katedry biskupa Rzymu. Do dzi\u015b nad wej\u015bciem do Bazyliki Latera\u0144skiej znajduje si\u0119 \u0142aci\u0144ski napis: \u201eMatka i&nbsp;G\u0142owa wszystkich ko\u015bcio\u0142\u00f3w Miasta i \u015awiata\u201d.<\/p>\n<p>4. W sobot\u0119, 11 listopada, w liturgiczne wspomnienie \u015bw. Marcina, przypada nasze Narodowe \u015awi\u0119to Niepodleg\u0142o\u015bci. Wspominaj\u0105c czas trudnego wykuwania niepodleg\u0142o\u015bci Polski, trzeba o tym pami\u0119ta\u0107 r\u00f3wnie\u017c i dzisiaj, chocia\u017c \u017cyjemy ju\u017c w wolnej i niepodleg\u0142ej Ojczy\u017anie. I&nbsp;dzisiaj musimy my\u015ble\u0107 o odrodzeniu si\u0119 naszego narodu w wielu r\u00f3\u017cnych wymiarach. Chcemy w tym momencie szczeg\u00f3lnie pami\u0119ta\u0107 o tych, kt\u00f3rzy przelewali swoj\u0105 krew i&nbsp;oddawali \u017cycie w obronie Ojczyzny. Zapraszam na Msz\u0119 \u015bwi\u0119ta w intencji Ojczyzny.<\/p>\n<p>5. Przysz\u0142\u0105 niedziel\u0119, b\u0119dziemy prze\u017cywali jako Dzie\u0144 Solidarno\u015bci z Ko\u015bcio\u0142em Prze\u015bladowanym. Zbi\u00f3rka do puszek na Ko\u015bci\u00f3\u0142 Prze\u015bladowany.<\/p>\n<p>6. Porz\u0105dek r\u00f3\u017ca\u0144ca za zmar\u0142ych polecanych w wypominkach : we czwartek za wszystkich zmar\u0142ych polecanych w wypominkach, w poniedzia\u0142ek z Jaworka, we wtorek z Sobonia, we \u015brod\u0119 ze \u015awidna , Adamowa, Wygl\u0119d\u00f3wka i spoza parafii, we czwartek z Wierzbna&nbsp; w pi\u0105tek z Helenowa i Lasu Jaworskiego, w sobot\u0119 z Jan\u00f3wka i W\u00f3lki, w niedziel\u0119 za zmar\u0142ych kap\u0142an\u00f3w, kt\u00f3rzy pracowali w naszej parafii. R\u00f3\u017caniec w &nbsp;sobot\u0119 po Mszy \u015bwi\u0119tej o godz. 9.00, w niedziel\u0119 o 10.30, w pozosta\u0142e dni o 17.30.<\/p>\n<p>7. Dzi\u0119kuj\u0119 za sprz\u0105tanie ko\u015bcio\u0142a rodzinom Roman Gog\u0142oza, Henryka Miklaszewska, Teodozja Witowska&nbsp; z Wierzbna . W przysz\u0142ym tygodniu zapraszam rodziny Cezary Dudek, Tadeusz Radzio, Miros\u0142aw Jachimowicz&nbsp; z Wierzbna .<\/p>\n<p>8. Na stoliku wy\u0142o\u017cony jest nowy numer Echa katolickiego a na o\u0142tarzach bocznych kartki wypominkowe.<\/p>\n<p>9. Wszystkim solenizantom i jubilatom, kt\u00f3rzy b\u0119d\u0105 prze\u017cywali swoje \u015bwi\u0119to w najbli\u017cszych dniach, \u017cycz\u0119 Bo\u017cego b\u0142og. i obfito\u015bci Bo\u017cych \u0142ask.<\/p>\n<p>&nbsp;<\/p>\n","protected":false},"excerpt":{"rendered":"<p>Powr\u00f3t do listy og\u0142osze\u0144 JEZUSA CHRYSTUSA, KR\u00d3LA WSZECH\u015aWIATA 26 listopada 2023 OG\u0141OSZENIA DUSZPASTERSKIE 1. Dzisiejsza uroczysto\u015b\u0107 Jezusa Chrystusa, Kr\u00f3la Wszech\u015bwiata, to ostatni mocny akord roku liturgicznego przed adwentowym wyciszeniem. Do kalendarza liturgicznego zosta\u0142a wprowadzona przez papie\u017ca Piusa XI w 1925 roku, na zako\u0144czenie przypadaj\u0105cego w\u00f3wczas Roku Jubileuszowego. W odnowionej liturgii Ko\u015bci\u00f3\u0142 uroczysto\u015b\u0107 t\u0119 obchodzi si\u0119 w ostatni\u0105 niedziel\u0119 roku ko\u015bcielnego dla podkre\u015blenia, \u017ce wszystko ma sw\u00f3j pocz\u0105tek i b\u0119dzie mia\u0142o swoje ukoronowanie w Chrystusie. W dzisiejsz\u0105 niedziel\u0119 warto zapyta\u0107 si\u0119 siebie: na ile \u015bwiadomie prze\u017cywam rok liturgiczny i czynnie w\u0142\u0105czam si\u0119 w jego celebracje? Warto te\u017c spojrze\u0107 wstecz i zrobi\u0107 osobisty rachunek sumienia z budowania, pog\u0142\u0119biania mojej przyja\u017ani z Bogiem i bli\u017animi, z umacniania mojej wiary, nadziei i mi\u0142o\u015bci. 2. Dzi\u015b, w niedziel\u0119 Jezusa Chrystusa, Kr\u00f3la Wszech\u015bwiata, po Mszach \u015awi\u0119tych wystawiamy Naj\u015bwi\u0119tszy Sakrament i odmawiamy Litani\u0119 do Naj\u015bwi\u0119tszego Serca Pana Jezusa oraz Akt po\u015bwi\u0119cenia rodzaju ludzkiego Sercu Pana Jezusa. Za \u2026 <a class=\"continue-reading-link\" href=\"https:\/\/www.parafiawierzbno.com.pl\/?page_id=11012\">Czytaj dalej <span class=\"meta-nav\">&rarr; <\/span><\/a><\/p>\n","protected":false},"author":1,"featured_media":0,"parent":0,"menu_order":0,"comment_status":"closed","ping_status":"closed","template":"","meta":{"ngg_post_thumbnail":0},"_links":{"self":[{"href":"https:\/\/www.parafiawierzbno.com.pl\/index.php?rest_route=\/wp\/v2\/pages\/11012"}],"collection":[{"href":"https:\/\/www.parafiawierzbno.com.pl\/index.php?rest_route=\/wp\/v2\/pages"}],"about":[{"href":"https:\/\/www.parafiawierzbno.com.pl\/index.php?rest_route=\/wp\/v2\/types\/page"}],"author":[{"embeddable":true,"href":"https:\/\/www.parafiawierzbno.com.pl\/index.php?rest_route=\/wp\/v2\/users\/1"}],"replies":[{"embeddable":true,"href":"https:\/\/www.parafiawierzbno.com.pl\/index.php?rest_route=%2Fwp%2Fv2%2Fcomments&post=11012"}],"version-history":[{"count":7,"href":"https:\/\/www.parafiawierzbno.com.pl\/index.php?rest_route=\/wp\/v2\/pages\/11012\/revisions"}],"predecessor-version":[{"id":11020,"href":"https:\/\/www.parafiawierzbno.com.pl\/index.php?rest_route=\/wp\/v2\/pages\/11012\/revisions\/11020"}],"wp:attachment":[{"href":"https:\/\/www.parafiawierzbno.com.pl\/index.php?rest_route=%2Fwp%2Fv2%2Fmedia&parent=11012"}],"curies":[{"name":"wp","href":"https:\/\/api.w.org\/{rel}","templated":true}]}}