{"id":11043,"date":"2024-01-07T15:59:32","date_gmt":"2024-01-07T14:59:32","guid":{"rendered":"https:\/\/www.parafiawierzbno.com.pl\/?page_id=11043"},"modified":"2024-01-28T21:32:48","modified_gmt":"2024-01-28T20:32:48","slug":"ogloszenia-styczen-2024","status":"publish","type":"page","link":"https:\/\/www.parafiawierzbno.com.pl\/?page_id=11043","title":{"rendered":"Og\u0142oszenia &#8211; Stycze\u0144 2024"},"content":{"rendered":"<h4><a title=\"Og\u0142oszenia parafialne\" href=\"https:\/\/www.parafiawierzbno.com.pl\/?page_id=225\">Powr\u00f3t do listy og\u0142osze\u0144<\/a><\/h4>\n<h4 style=\"text-align: center;\"><strong>CZWARTA NIEDZIELA W CI\u0104GU ROKU<br \/>\n28 stycznia 2024<br \/>\n<\/strong><strong>OG\u0141OSZENIA DUSZPASTERSKIE<\/strong><\/h4>\n<p>1. Ukazany w dzisiejszej Ewangelii Jezus budzi\u0142 l\u0119k i zdumienie w\u015br\u00f3d s\u0142uchaj\u0105cych Go i&nbsp;b\u0119d\u0105cych \u015bwiadkami znak\u00f3w, kt\u00f3re czyni\u0142. Dzisiaj r\u00f3wnie\u017c Jego Ewangelia spotyka si\u0119 z&nbsp;r\u00f3\u017cnym przyj\u0119ciem; my jednak pragniemy przyjmowa\u0107 j\u0105 wci\u0105\u017c otwartym sercem i na co dzie\u0144 j\u0105 wype\u0142nia\u0107.<\/p>\n<p>2. Dzisiaj taca ekonomiczna. W grudniu z\u0142o\u017cono 1857 z\u0142. B\u00f3g zap\u0142a\u0107.<\/p>\n<p>3. W tym tygodniu przypadaj\u0105 pierwszy czwartek , pierwszy pi\u0105tek i&nbsp;pierwsza sobota miesi\u0105ca. W czwartek podczas wieczornego nabo\u017ce\u0144stwa otoczymy modlitw\u0105 tych, kt\u00f3rzy opu\u015bcili wszystko, by p\u00f3j\u015b\u0107 za g\u0142osem Pana, oraz tych, kt\u00f3rzy ten g\u0142os s\u0142ysz\u0105, aby nie bali si\u0119 za nim pod\u0105\u017ca\u0107.<\/p>\n<p>4. W pi\u0105tek, 2 lutego, b\u0119dziemy prze\u017cywali \u015bwi\u0119to Ofiarowania Pa\u0144skiego, kt\u00f3re w polskiej tradycji nazywane jest \u015bwi\u0119tem Matki Boskiej Gromnicznej. Msze \u015awi\u0119te w naszym ko\u015bciele b\u0119d\u0105 sprawowane o godz. 9.00 i 17.00 Na pocz\u0105tku ka\u017cdej Mszy b\u0119dzie mia\u0142a miejsce ceremonia po\u015bwi\u0119cenia \u015bwiec, zatem przynie\u015bmy ze sob\u0105 \u015bwiece-gromnice. Niech one stan\u0105 si\u0119 znakiem obecno\u015bci Chrystusa \u2013 \u015awiat\u0142o\u015bci \u015bwiata; zapalajmy je, jak m\u00f3wi stara polska tradycja, w&nbsp;chwilach trwogi i zagro\u017cenia, aby o tej obecno\u015bci i opatrzno\u015bci Bo\u017cej sobie nieustannie przypomina\u0107. Godzin\u0119 przed wieczorn\u0105 Msz\u0105 \u015awi\u0119t\u0105, z racji pierwszego pi\u0105tku miesi\u0105ca, okazja do adoracji Naj\u015bwi\u0119tszego Sakramentu.<\/p>\n<p>5. W tym dniu obchodzimy \u015awiatowy Dzie\u0144 \u017bycia Konsekrowanego. Otoczmy wi\u0119c nasz\u0105 modlitw\u0105 wszystkich, kt\u00f3rzy przez sk\u0142adane \u015bluby zakonne czy inne zobowi\u0105zania pragn\u0105 ca\u0142kowicie ofiarowa\u0107 swoje \u017cycie Bogu, \u017cyj\u0105c wed\u0142ug rad ewangelicznych: czysto\u015bci, ub\u00f3stwa i pos\u0142usze\u0144stwa. Sk\u0142adane w to \u015bwi\u0119to ofiary przeznaczone zostan\u0105 na wspomo\u017cenie kontemplacyjnych wsp\u00f3lnot zakonnych w naszej diecezji.<\/p>\n<p>6. Dzi\u0119kuj\u0119 Krystynie i Romanowi Gog\u0142ozom za ofiarowane dzwonki, kt\u00f3re b\u0119d\u0105 u\u017cywane w czasie liturgii.<\/p>\n<p>7. Przysz\u0142a niedziela, pierwsza miesi\u0105ca \u2013 po Mszy \u015bwi\u0119tej nabo\u017ce\u0144stwo adoracyjne a nast\u0119pnie zmiana tajemnic r\u00f3\u017ca\u0144ca dla K\u017bR kobiet z Wierzbna<\/p>\n<p>8. Dzi\u0119kuj\u0119 za sprz\u0105tanie ko\u015bcio\u0142a rodzinom Pawe\u0142 Polkowski, Zofia Leszczy\u0144ska, Jan G\u00f3jski z Lasu Jaworskiego. W przysz\u0142ym tygodniu zapraszam rodziny Miros\u0142awa Trojanowska, Dariusz Radzio z Lasu Jaworskiego.<\/p>\n<p>9. Na stoliku wy\u0142o\u017cony jest nowy numer Echa katolickiego.<\/p>\n<p>10. Wszystkim solenizantom i jubilatom, kt\u00f3rzy b\u0119d\u0105 prze\u017cywali swoje \u015bwi\u0119to w najbli\u017cszych dniach, \u017cycz\u0119 Bo\u017cego b\u0142og. i obfito\u015bci Bo\u017cych \u0142ask.<\/p>\n<p>11. W minionym tygodniu do wieczno\u015bci odesz\u0142a + Genowefa Ewa Szatkowska l. 63 pochodz\u0105ca z Sobonia. Wieczny odpoczynek racz jej da\u0107 Panie\u2026<\/p>\n<h4 style=\"text-align: center;\"><strong>DRUGA NIEDZIELA W CI\u0104GU ROKU<br \/>\n14 stycznia 2024<br \/>\n<\/strong><strong>OG\u0141OSZENIA DUSZPASTERSKIE<\/strong><\/h4>\n<p>1. Ewangelia dzisiejsza ukazuje nam Jezusa powo\u0142uj\u0105cego pierwszych uczni\u00f3w, kt\u00f3rzy uwierzyli s\u0142owu \u015awi\u0119tego Jana Chrzciciela i chcieli bli\u017cej Go pozna\u0107. Niech i w nas nie ga\u015bnie ch\u0119\u0107 poznawania i zbli\u017cania si\u0119 do Jezusa: mo\u017ce warto zaanga\u017cowa\u0107 si\u0119 w dzia\u0142alno\u015b\u0107 grup i stowarzysze\u0144 w naszej parafii, aby to pragnienie realizowa\u0107.<\/p>\n<p>2. Dzisiaj po Mszy \u015bwi\u0119tej o godz. 9.00 zmiana tajemnic r\u00f3\u017ca\u0144ca dla Rodzic\u00f3w modl\u0105cych si\u0119 za dzieci, a po Mszy \u015bwi\u0119tej o godz. 11.00 dla K\u017bR m\u0119\u017cczyzn, o 10.30 r\u00f3\u017caniec za zmar\u0142ych polecanych w wypominkach z Jan\u00f3wka i W\u00f3lki<\/p>\n<p>3. W \u015brod\u0119, 17 stycznia, b\u0119dziemy obchodzili po raz 27. Dzie\u0144 Judaizmu. Pami\u0119tajmy w modlitwach o naszych starszych braciach w wierze, z kt\u00f3rymi \u0142\u0105czy nas posta\u0107 Abrahama i innych patriarch\u00f3w Starego Testamentu, a przede wszystkim sama ksi\u0119ga Pisma \u015awi\u0119tego.<\/p>\n<p>4. Od czwartku, 18 stycznia, do czwartku, 25 stycznia, trwa\u0107 b\u0119dzie Tydzie\u0144 Powszechnej Modlitwy o Jedno\u015b\u0107 Chrze\u015bcijan. O jedno\u015b\u0107 w\u015br\u00f3d swoich uczni\u00f3w i wyznawc\u00f3w modli\u0142 si\u0119 Jezus przed swoj\u0105 m\u0119k\u0105 i \u015bmierci\u0105. Niech ta modlitwa nieustannie trwa, bo podzia\u0142y w\u015br\u00f3d chrze\u015bcijan to rana, kt\u00f3ra boli i os\u0142abia \u015bwiadectwo ich wiary.<\/p>\n<p>5. Trwaj\u0105 kol\u0119dowe odwiedziny rodzin naszej parafii. W tym tygodniu od 9.30 odwiedz\u0119 : poniedzia\u0142ek \u015awidno, wtorek Jan\u00f3wek, \u015broda Sobo\u0144 i sobota Wierzbno od p. Szyma\u0144skiej.<\/p>\n<p>6. W naszej parafii od 18 do 25 lutego b\u0119dziemy prze\u017cywali Misje Ewangelizacyjne.<\/p>\n<p>7. Dzi\u0119kuj\u0119 za sprz\u0105tanie ko\u015bcio\u0142a rodzinom Zbigniew Go\u0142\u0119biewski, Ryszard Aleksandrowicz, Kazimierz Leszczy\u0144ski z Helenowa. W przysz\u0142ym tygodniu zapraszam rodziny Arkadiusz Zalewski, Konrad Tafil, Grzegorz Brogowski z Helenowa.<\/p>\n<p>8. Na stoliku wy\u0142o\u017cony jest nowy numer Echa katolickiego.<\/p>\n<p>9. Wszystkim solenizantom i jubilatom, kt\u00f3rzy b\u0119d\u0105 prze\u017cywali swoje \u015bwi\u0119to w najbli\u017cszych dniach, \u017cycz\u0119 Bo\u017cego b\u0142og. i obfito\u015bci Bo\u017cych \u0142ask.<\/p>\n<h4 style=\"text-align: center;\">DRUGA NIEDZIELA W CI\u0104GU ROKU<br \/>\n<strong>14 stycznia 2024<br \/>\n<\/strong><strong>OG\u0141OSZENIA DUSZPASTERSKIE<\/strong><\/h4>\n<p>1. Ewangelia dzisiejsza ukazuje nam Jezusa powo\u0142uj\u0105cego pierwszych uczni\u00f3w, kt\u00f3rzy uwierzyli s\u0142owu \u015awi\u0119tego Jana Chrzciciela i chcieli bli\u017cej Go pozna\u0107. Niech i w nas nie ga\u015bnie ch\u0119\u0107 poznawania i zbli\u017cania si\u0119 do Jezusa: mo\u017ce warto zaanga\u017cowa\u0107 si\u0119 w dzia\u0142alno\u015b\u0107 grup i stowarzysze\u0144 w naszej parafii, aby to pragnienie realizowa\u0107.<\/p>\n<p>2. Dzisiaj po Mszy \u015bwi\u0119tej o godz. 9.00 zmiana tajemnic r\u00f3\u017ca\u0144ca dla Rodzic\u00f3w modl\u0105cych si\u0119 za dzieci, a po Mszy \u015bwi\u0119tej o godz. 11.00 dla K\u017bR m\u0119\u017cczyzn, o 10.30 r\u00f3\u017caniec za zmar\u0142ych polecanych w wypominkach z Jan\u00f3wka i W\u00f3lki<\/p>\n<p>3. W \u015brod\u0119, 17 stycznia, b\u0119dziemy obchodzili po raz 27. Dzie\u0144 Judaizmu. Pami\u0119tajmy w modlitwach o naszych starszych braciach w wierze, z kt\u00f3rymi \u0142\u0105czy nas posta\u0107 Abrahama i innych patriarch\u00f3w Starego Testamentu, a przede wszystkim sama ksi\u0119ga Pisma \u015awi\u0119tego.<\/p>\n<p>4. Od czwartku, 18 stycznia, do czwartku, 25 stycznia, trwa\u0107 b\u0119dzie Tydzie\u0144 Powszechnej Modlitwy o Jedno\u015b\u0107 Chrze\u015bcijan. O jedno\u015b\u0107 w\u015br\u00f3d swoich uczni\u00f3w i wyznawc\u00f3w modli\u0142 si\u0119 Jezus przed swoj\u0105 m\u0119k\u0105 i \u015bmierci\u0105. Niech ta modlitwa nieustannie trwa, bo podzia\u0142y w\u015br\u00f3d chrze\u015bcijan to rana, kt\u00f3ra boli i os\u0142abia \u015bwiadectwo ich wiary.<\/p>\n<p>5. Trwaj\u0105 kol\u0119dowe odwiedziny rodzin naszej parafii. W tym tygodniu od 9.30 odwiedz\u0119 : poniedzia\u0142ek \u015awidno, wtorek Jan\u00f3wek, \u015broda Sobo\u0144 i sobota Wierzbno od p. Szyma\u0144skiej.<\/p>\n<p>6. W naszej parafii od 18 do 25 lutego b\u0119dziemy prze\u017cywali Misje Ewangelizacyjne.<\/p>\n<p>7. Dzi\u0119kuj\u0119 za sprz\u0105tanie ko\u015bcio\u0142a rodzinom Zbigniew Go\u0142\u0119biewski, Ryszard Aleksandrowicz, Kazimierz Leszczy\u0144ski z Helenowa. W przysz\u0142ym tygodniu zapraszam rodziny Arkadiusz Zalewski, Konrad Tafil, Grzegorz Brogowski z Helenowa.<\/p>\n<p>8. Na stoliku wy\u0142o\u017cony jest nowy numer Echa katolickiego.<\/p>\n<p>9. Wszystkim solenizantom i jubilatom, kt\u00f3rzy b\u0119d\u0105 prze\u017cywali swoje \u015bwi\u0119to w najbli\u017cszych dniach, \u017cycz\u0119 Bo\u017cego b\u0142og. i obfito\u015bci Bo\u017cych \u0142ask.<\/p>\n<h4 style=\"text-align: center;\"><strong>CHRZEST PA\u0143SKI<br \/>\n7 stycznia 2024<br \/>\n<\/strong><strong>OG\u0141OSZENIA DUSZPASTERSK<\/strong>IE<\/h4>\n<p>1. Dzisiejsze \u015bwi\u0119to to r\u00f3wnie\u017c \u015bwi\u0119to Epifanii Boga, bowiem jest to uroczyste rozpocz\u0119cie publicznej dzia\u0142alno\u015bci Pana Jezusa. Wydarzenia nad Jordanem to tak\u017ce zapowied\u017a naszego chrztu, podczas kt\u00f3rego ka\u017cdy z nas sta\u0142 si\u0119 umi\u0142owanym dzieckiem Boga. Na pocz\u0105tku dzisiejszych Mszy b\u0142ogos\u0142awimy wod\u0119, by przypomnie\u0107 sobie moment naszego chrztu,&nbsp;u\u015bwiadomi\u0107 sobie jego warto\u015b\u0107 i znaczenie. Pob\u0142ogos\u0142awion\u0105 wod\u0119 b\u0119dzie mo\u017cna zabra\u0107 do naszych dom\u00f3w, by je pokropi\u0107 b\u0105d\u017a te\u017c przygotowa\u0107 dla przychodz\u0105cego z&nbsp;b\u0142ogos\u0142awie\u0144stwem i duszpastersk\u0105 wizyt\u0105 kap\u0142ana.<\/p>\n<p>2. \u015awi\u0119to Chrztu Pa\u0144skiego ko\u0144czy liturgiczny okres Narodzenia Pa\u0144skiego. My jednak przed\u0142u\u017cymy okres \u015bpiewana kol\u0119d, zgodnie z dawn\u0105 polsk\u0105 tradycj\u0105, do \u015bwi\u0119ta Ofiarowania Pa\u0144skiego. B\u0119d\u0105 one si\u0119 pojawia\u0107 w \u201erepertuarze\u201d naszych \u015bpiew\u00f3w podczas liturgii. Do tego \u015bwi\u0119ta pozostawimy r\u00f3wnie\u017c w naszej \u015bwi\u0105tyni bo\u017conarodzeniow\u0105 szopk\u0119.<\/p>\n<p>3. Z wizyt\u0105 duszpastersk\u0105 od 9.30 odwiedz\u0119 mieszka\u0144c\u00f3w :&nbsp; poniedzia\u0142ek&nbsp; W\u00f3lki,&nbsp; w pi\u0105tek Wygl\u0119d\u00f3wka, w sobot\u0119 Wierzbna od p. Gog\u0142oz\u00f3w. Natomiast planowana wizyta duszpasterska od 15 stycznia : 15.01 \u015awidno, 16.01 Jan\u00f3wek, 17.01 Sobo\u0144 i 20.01 Wierzbno od p. Szyma\u0144skiej.<\/p>\n<p>4. W przysz\u0142\u0105 niedziel\u0119 po Mszy \u015bwi\u0119tej o godz. 9.00 zmiana tajemnic r\u00f3\u017ca\u0144ca dla Rodzic\u00f3w modl\u0105cych si\u0119 za dzieci, a po Mszy \u015bwi\u0119tej o godz. 11.00 dla K\u017bR m\u0119\u017cczyzn, o 10.30 r\u00f3\u017caniec za zmar\u0142ych polecanych w wypominkach z Jan\u00f3wka i W\u00f3lki<\/p>\n<p>5. Od 12 stycznia 2024 r. wchodzi na ekrany kin film \u201ePowstaniec 1863\u201d, po\u015bwi\u0119cony bohaterowi powstania styczniowego, kap\u0142anowi diecezji siedleckiej \u2013 ks. Stanis\u0142awowi Brz\u00f3sce. To opowie\u015b\u0107 o zrywie niepodleg\u0142o\u015bciowym, o odwadze i ofiarno\u015bci w walce<br \/>\no woln\u0105 Polsk\u0119. Prze\u017cywaj\u0105c obchody 160. rocznicy powstania styczniowego zach\u0119cam do obejrzenia filmu.<\/p>\n<p>6. Dzi\u0119kuj\u0119 za sprz\u0105tanie ko\u015bcio\u0142a rodzinom Krzysztof Zalewski, Miros\u0142aw Patoka, Karol Patoka z Helenowa. W przysz\u0142ym tygodniu zapraszam rodziny Zbigniew Go\u0142\u0119biewski, Ryszard Aleksandrowicz, Kazimierz Leszczy\u0144ski z Helenowa.<\/p>\n<p>7. Na stoliku wy\u0142o\u017cony jest nowy numer Echa katolickiego. Od dzisiaj wzrasta cena do 4 z\u0142.<\/p>\n<p>8. Wszystkim solenizantom i jubilatom, kt\u00f3rzy b\u0119d\u0105 prze\u017cywali swoje \u015bwi\u0119to w najbli\u017cszych dniach, \u017cycz\u0119 Bo\u017cego b\u0142og. i obfito\u015bci Bo\u017cych \u0142ask.<\/p>\n","protected":false},"excerpt":{"rendered":"<p>Powr\u00f3t do listy og\u0142osze\u0144 CZWARTA NIEDZIELA W CI\u0104GU ROKU 28 stycznia 2024 OG\u0141OSZENIA DUSZPASTERSKIE 1. Ukazany w dzisiejszej Ewangelii Jezus budzi\u0142 l\u0119k i zdumienie w\u015br\u00f3d s\u0142uchaj\u0105cych Go i&nbsp;b\u0119d\u0105cych \u015bwiadkami znak\u00f3w, kt\u00f3re czyni\u0142. Dzisiaj r\u00f3wnie\u017c Jego Ewangelia spotyka si\u0119 z&nbsp;r\u00f3\u017cnym przyj\u0119ciem; my jednak pragniemy przyjmowa\u0107 j\u0105 wci\u0105\u017c otwartym sercem i na co dzie\u0144 j\u0105 wype\u0142nia\u0107. 2. Dzisiaj taca ekonomiczna. W grudniu z\u0142o\u017cono 1857 z\u0142. B\u00f3g zap\u0142a\u0107. 3. W tym tygodniu przypadaj\u0105 pierwszy czwartek , pierwszy pi\u0105tek i&nbsp;pierwsza sobota miesi\u0105ca. W czwartek podczas wieczornego nabo\u017ce\u0144stwa otoczymy modlitw\u0105 tych, kt\u00f3rzy opu\u015bcili wszystko, by p\u00f3j\u015b\u0107 za g\u0142osem Pana, oraz tych, kt\u00f3rzy ten g\u0142os s\u0142ysz\u0105, aby nie bali si\u0119 za nim pod\u0105\u017ca\u0107. 4. W pi\u0105tek, 2 lutego, b\u0119dziemy prze\u017cywali \u015bwi\u0119to Ofiarowania Pa\u0144skiego, kt\u00f3re w polskiej tradycji nazywane jest \u015bwi\u0119tem Matki Boskiej Gromnicznej. Msze \u015awi\u0119te w naszym ko\u015bciele b\u0119d\u0105 sprawowane o godz. 9.00 i 17.00 Na pocz\u0105tku ka\u017cdej Mszy b\u0119dzie mia\u0142a miejsce ceremonia po\u015bwi\u0119cenia \u015bwiec, zatem \u2026 <a class=\"continue-reading-link\" href=\"https:\/\/www.parafiawierzbno.com.pl\/?page_id=11043\">Czytaj dalej <span class=\"meta-nav\">&rarr; <\/span><\/a><\/p>\n","protected":false},"author":1,"featured_media":0,"parent":225,"menu_order":0,"comment_status":"closed","ping_status":"closed","template":"","meta":{"ngg_post_thumbnail":0},"_links":{"self":[{"href":"https:\/\/www.parafiawierzbno.com.pl\/index.php?rest_route=\/wp\/v2\/pages\/11043"}],"collection":[{"href":"https:\/\/www.parafiawierzbno.com.pl\/index.php?rest_route=\/wp\/v2\/pages"}],"about":[{"href":"https:\/\/www.parafiawierzbno.com.pl\/index.php?rest_route=\/wp\/v2\/types\/page"}],"author":[{"embeddable":true,"href":"https:\/\/www.parafiawierzbno.com.pl\/index.php?rest_route=\/wp\/v2\/users\/1"}],"replies":[{"embeddable":true,"href":"https:\/\/www.parafiawierzbno.com.pl\/index.php?rest_route=%2Fwp%2Fv2%2Fcomments&post=11043"}],"version-history":[{"count":6,"href":"https:\/\/www.parafiawierzbno.com.pl\/index.php?rest_route=\/wp\/v2\/pages\/11043\/revisions"}],"predecessor-version":[{"id":11056,"href":"https:\/\/www.parafiawierzbno.com.pl\/index.php?rest_route=\/wp\/v2\/pages\/11043\/revisions\/11056"}],"up":[{"embeddable":true,"href":"https:\/\/www.parafiawierzbno.com.pl\/index.php?rest_route=\/wp\/v2\/pages\/225"}],"wp:attachment":[{"href":"https:\/\/www.parafiawierzbno.com.pl\/index.php?rest_route=%2Fwp%2Fv2%2Fmedia&parent=11043"}],"curies":[{"name":"wp","href":"https:\/\/api.w.org\/{rel}","templated":true}]}}