{"id":11059,"date":"2024-02-04T12:19:11","date_gmt":"2024-02-04T11:19:11","guid":{"rendered":"https:\/\/www.parafiawierzbno.com.pl\/?page_id=11059"},"modified":"2024-02-25T14:53:01","modified_gmt":"2024-02-25T13:53:01","slug":"ogloszenia-luty-2024","status":"publish","type":"page","link":"https:\/\/www.parafiawierzbno.com.pl\/?page_id=11059","title":{"rendered":"Og\u0142oszenia &#8211; Luty 2024"},"content":{"rendered":"<h4><a title=\"Og\u0142oszenia parafialne\" href=\"https:\/\/www.parafiawierzbno.com.pl\/?page_id=225\">Powr\u00f3t do listy og\u0142osze\u0144<\/a><\/h4>\n<h4 style=\"text-align: center;\"><strong>DRUGA NIEDZIELA WIELKIEGO POSTU<br \/>\n25 lutego 2024<br \/>\n<\/strong><strong>OG\u0141OSZENIA DUSZPASTERSKIE<\/strong><\/h4>\n<p>1. Ka\u017cdego roku w drug\u0105 niedziel\u0119 okresu przygotowania paschalnego rozwa\u017camy ewangelijn\u0105 perykop\u0119 o Przemienieniu Chrystusa na wysokiej g\u00f3rze. Tak jak wybranym uczniom, tak i nam Pan Jezus pragnie ukaza\u0107 blask swojego B\u00f3stwa i niejako powiedzie\u0107, kim jest, by umacnia\u0107 nas w wierze i na drogach \u017cyciowego powo\u0142ania. Nie b\u00f3jmy si\u0119 Jemu zaufa\u0107, pozw\u00f3lmy Mu dzia\u0142a\u0107 w nas i przez nas\u2026<\/p>\n<p>2. Dzi\u015b po Mszy \u015bwi\u0119tej o godz. 9.00 Gorzkie \u017bale w pi\u0105tek natomiast nabo\u017ce\u0144stwo Drogi Krzy\u017cowej o godz. 17.30<\/p>\n<p>3. Dzisiejsza niedziela nazywana jest NIEDZIEL\u0104 AD GENTES i jest po\u015bwi\u0119cona modlitwie za misje i misjonarzy. W przysz\u0142\u0105 niedziel\u0119 b\u0119dzie mo\u017cna wesprze\u0107 dzie\u0142o misyjne Ko\u015bcio\u0142a \u2013 do specjalnych puszek mo\u017cna wrzuca\u0107 ofiary na ten cel.<\/p>\n<p>4. W tym tygodniu przypadaj\u0105 pierwszy pi\u0105tek i&nbsp;pierwsza sobota miesi\u0105ca. W pi\u0105tek od godz. 16.00 adoracja Naj\u015bwi\u0119tszego Sakramentu. Na zako\u0144czenie adoracji \u2013 nabo\u017ce\u0144stwo do Naj\u015bwi\u0119tszego Serca Pana Jezusa. W sobot\u0119 odprawimy nabo\u017ce\u0144stwo wynagradzaj\u0105ce Niepokalanemu Sercu Naj\u015bwi\u0119tszej Maryi Panny.<\/p>\n<p>5. Serdecznie dzi\u0119kuj\u0119 p. Andrzejowi Chabiera za ufundowanie Krzy\u017ca Misyjnego, a p. Adamowi Florowskiemu z Koszewnicy za przetarcie drewna na krzy\u017c. Dzi\u0119kuj\u0119 tym, kt\u00f3rzy pod nadzorem p. Andrzeja przygotowali miejsce i postawili ten krzy\u017c : Bart\u0142omiejowi i Tomaszowi Chabierom, Markowi Skar\u017cy\u0144skiemu, W\u0142odzimierzowi Wiechowskiemu, Tadeuszowi Gierszowi, Robertowi Matusikowi, Markowi Wiel\u0105dek, Mariuszowi Chabiera, Jackowi Bzoch.<\/p>\n<p>6. Pragn\u0119 te\u017c serdecznie podzi\u0119kowa\u0107 Paniom, kt\u00f3re po\u015bwi\u0119ci\u0142y sw\u00f3j czas by\u015bmy mogli naby\u0107 pami\u0105tki misyjne, dzi\u0119kuje tym wszystkim, kt\u00f3rzy rozwieszali flagi, ustawiali krzy\u017ce na drodze krzy\u017cowej, druhom stra\u017cakom, s\u0142u\u017cbie liturgicznej, scholi, &nbsp;oraz tym kt\u00f3rzy przyczynili si\u0119 do u\u015bwietnienia naszych misji. Dzi\u0119kuj\u0119 tym wszystkim, kt\u00f3rzy przyj\u0119li zaproszenie i pozytywnie na\u0144 odpowiedzieli. Dzi\u0119kuj\u0119 chorym, kt\u00f3rzy ofiarowali swoje cierpienie w intencji misji. Dzi\u0119kuj\u0119 paniom za ciasto i pos\u0142ug\u0119 przy stole.<\/p>\n<p>7. Na koniec pragn\u0119 podzi\u0119kowa\u0107 naszym misjonarzom ks. Kan. Mariuszowi Zaniewiczowi i ks. Przemys\u0142awowi \u015awiderskiemu, kt\u00f3rzy przyj\u0119li zaproszenie i przeprowadzili Misje Ewangelizacyjne.<\/p>\n<p>8. Dzi\u0119kuj\u0119 za sprz\u0105tanie ko\u015bcio\u0142a rodzinom Adam Patoka, Miros\u0142aw Filipiak, Henryk Grodzki z Jan\u00f3wka. W przysz\u0142ym tygodniu zapraszam rodziny Jadwiga Barcz, Ewa Gawor, Marek Zalewski, Teodora Ko\u0142ak z Jan\u00f3wka<\/p>\n<p>9. Na stoliku wy\u0142o\u017cony jest nowy numer Echa katolickiego.<\/p>\n<p>10. Wszystkim solenizantom i jubilatom, kt\u00f3rzy b\u0119d\u0105 prze\u017cywali swoje \u015bwi\u0119to w najbli\u017cszych dniach, \u017cycz\u0119 Bo\u017cego b\u0142og. i obfito\u015bci Bo\u017cych \u0142ask.<\/p>\n<p>11. Do przyj\u0119cia sakramentu ma\u0142\u017ce\u0144stwa przygotowuj\u0105 si\u0119 Ilona Izabela Zaboklicka, panna zam. w Warszawie par. \u015bw. Wac\u0142awa w Warszawie i Pawe\u0142 Michalczyk, kawaler zam. w Wierzbnie par. tut. zapowied\u017a I<\/p>\n<h4 style=\"text-align: center;\"><strong>PIERWSZA NIEDZIELA WIELKIEGO POSTU<br \/>\n18 lutego 2024<br \/>\n<\/strong><strong>OG\u0141OSZENIA DUSZPASTERSKIE<\/strong><\/h4>\n<p>1. Rokrocznie w pierwsz\u0105 niedziel\u0119 Wielkiego Postu rozwa\u017camy Ewangeli\u0119 o kuszeniu Chrystusa na pustyni. Pan Jezus, kt\u00f3ry zwyci\u0119\u017cy\u0142 wszystkie szata\u0144skie pokusy, uczy nas sztuki zwyci\u0119\u017cania w pokusie. Niech wielkopostna pielgrzymka wiary nas umacnia w&nbsp;naszych zmaganiach ze z\u0142em<\/p>\n<p>2. Rozpocz\u0119li\u015bmy Misje Ewangelizacyjne, kt\u00f3re potrwaj\u0105 do przysz\u0142ej niedzieli. Poprowadz\u0105 je ks. kan. Mariusz Zaniewicz i ks. Przemys\u0142aw \u015awiderski. Program misji jest zamieszczony w folderkach. Ofiary sk\u0142adane na tac\u0119 w sobot\u0119 i niedziel\u0119 s\u0105 przeznaczone do dyspozycji misjonarzy.<\/p>\n<p>3. Przed ko\u015bcio\u0142em mo\u017cemy naby\u0107 pami\u0105tki misyjne. Doch\u00f3d ze sprzeda\u017cy przeznaczony jest na Pratuli\u0144skie Sanktuarium.<\/p>\n<p>4. Wzbud\u017amy w sobie wielkie pragnienie owocnego i dobrego prze\u017cycia rozpocz\u0119tego czasu Wielkiego Postu \u2013 r\u00f3\u017cne umartwienia b\u0105d\u017a dobre postanowienia mog\u0105 w tym pom\u00f3c. Kwartalne dni modlitw o ducha pokuty dzi\u015b dobiegaj\u0105 ko\u0144ca, ale warto i trzeba rozwija\u0107 w&nbsp;sobie ducha umartwienia, do czego bardzo zach\u0119cam.<\/p>\n<p>5. Nabo\u017ce\u0144stwa pasyjne tego okresu s\u0105 r\u00f3wnie\u017c pomoc\u0105 we w\u0142a\u015bciwym jego prze\u017cywaniu. Za Gorzkie \u017bale po Mszy \u015bw. o godz. 11.00, Droga Krzy\u017cowa w pi\u0105tek po Mszy \u015bwi\u0119tej o godz. 18.00.<\/p>\n<p>6. W czasie Drogi Krzy\u017cowej krzy\u017c b\u0119dzie niesiony przez : m\u0119\u017cczy\u017ani., mieszka\u0144cy : Helenowa, Jan\u00f3wka, Jaworka, Lasu Jaworskiego, Sobonia, \u015awidna, W\u00f3lki, Wygl\u0119d\u00f3wka, Wierzbna od. p. Szyma\u0144skiej do Gminy, Wierzbno od p. Gog\u0142oz\u00f3w, K\u017bR kobiet z Wierzbna, K\u017bR m\u0119\u017cczyzn, K\u017bR Rodzic\u00f3w modl\u0105cych si\u0119 za dzieci.<\/p>\n<p>7. Rozpocz\u0105\u0142 si\u0119 tak\u017ce czas Komunii \u015awi\u0119tej wielkanocnej, kt\u00f3ry potrwa a\u017c do Niedzieli Zes\u0142ania Ducha \u015awi\u0119tego. Przypominam o przykazaniu ko\u015bcielnym o powinno\u015bci skorzystania raz w roku z sakramentu pojednania i przyj\u0119cia Komunii \u015awi\u0119tej w okresie wielkanocnym.<\/p>\n<p>8. Przysz\u0142a niedziela \u2013 druga wielkopostna, to NIEDZIELA AD GENTES \u2013 dzie\u0144 modlitwy w&nbsp;intencji misji i misjonarzy. Po Mszach \u015awi\u0119tych 3 marca b\u0119dziemy mogli materialnie wesprze\u0107 dzie\u0142o misyjne Ko\u015bcio\u0142a.<\/p>\n<p>9. Dzi\u0119kuj\u0119 za sprz\u0105tanie ko\u015bcio\u0142a rodzinom Leszek Wrona, Andrzej Laskowski, Teresa Wiel\u0105dek , Rafa\u0142 Okrzeja z Jan\u00f3wka. W przysz\u0142ym tygodniu zapraszam rodziny Adam Patoka, Miros\u0142aw Filipiak, Henryk Grodzki z Jan\u00f3wka<\/p>\n<p>10. Na stoliku wy\u0142o\u017cony jest nowy numer Echa katolickiego.<\/p>\n<p>11. Wszystkim solenizantom i jubilatom, kt\u00f3rzy b\u0119d\u0105 prze\u017cywali swoje \u015bwi\u0119to w najbli\u017cszych dniach, \u017cycz\u0119 Bo\u017cego b\u0142og. i obfito\u015bci Bo\u017cych \u0142ask.<\/p>\n<p>12. W minionym tygodniu do wieczno\u015bci odszed\u0142 + S\u0142awomir Chrupek l. 70 z Jaworka. Pogrzeb we \u015brod\u0119. Wieczny odpoczynek racz mu da\u0107 Panie\u2026<\/p>\n<h4 style=\"text-align: center;\"><strong>SZ\u00d3STA NIEDZIELA W CI\u0104GU ROKU<br \/>\n11 lutego 2024<br \/>\n<\/strong><strong>OG\u0141OSZENIA DUSZPASTERSKIE<\/strong><\/h4>\n<p>1. W t\u0119 ostatni\u0105 karnawa\u0142ow\u0105 niedziel\u0119 s\u0142yszymy w Ewangelii o uzdrowieniu tr\u0119dowatego. Padaj\u0105 tam znamienne s\u0142owa \u201eJe\u015bli zechcesz\u2026\u201d. B\u00f3g zawsze pragnie naszego dobra, pragnie nam udziela\u0107 swoich dobrodziejstw. A my ze swojej strony podejmijmy trud otwarcia si\u0119 na Jego \u0142ask\u0119, mo\u017ce podejmijmy pewne zobowi\u0105zania z racji na rozpoczynaj\u0105cego si\u0119 w \u015brod\u0119 okresu Wielkiego Postu, a dzisiaj rozpoczynaj\u0105cy si\u0119 57. Tydzie\u0144 Modlitw o Trze\u017awo\u015b\u0107 Narodu\u2026<\/p>\n<p>2. Dzisiaj obchodzimy \u015awiatowy Dzie\u0144 Chorego. Parafialne obchody dnia chorych z Msz\u0105 \u015awi\u0119t\u0105, podczas kt\u00f3rej udzielimy sakramentu chorych, b\u0119dzie &nbsp;w czasie Misji parafialnych .<\/p>\n<p>3. W najbli\u017csz\u0105 \u015brod\u0119 przypada \u015aroda Popielcowa rozpoczynaj\u0105ca czterdziestodniowy okres przygotowania paschalnego \u2013 okres Wielkiego Postu. Msze \u015awi\u0119te z posypaniem na znak pokuty naszych g\u0142\u00f3w popio\u0142em &nbsp;o godz. 8.00 i 18.00 Zach\u0119cam do licznego uczestnictwa oraz do wej\u015bcia i ca\u0142kowitego zaanga\u017cowania si\u0119 w ten \u015bwi\u0119ty czas. Tego dnia rozpoczynamy Kwartalne dni modlitw o ducha pokuty,<\/p>\n<p>4. \u015aroda Popielcowa to dzie\u0144 postu \u015bcis\u0142ego zobowi\u0105zuj\u0105cego wiernych mi\u0119dzy 18. a 60. rokiem \u017cycia, opr\u00f3cz wstrzemi\u0119\u017aliwo\u015bci od pokarm\u00f3w mi\u0119snych, do jednorazowego posi\u0142ku do syta oraz dw\u00f3ch skromnych posi\u0142k\u00f3w w ci\u0105gu dnia. Osoby starsze i nieco m\u0142odsze (kt\u00f3re uko\u0144czy\u0142y 14 lat) s\u0105 zobowi\u0105zane tego dnia do wstrzemi\u0119\u017aliwo\u015bci od pokarm\u00f3w mi\u0119snych. Przypominam tak\u017ce, \u017ce we wszystkie pi\u0105tki roku obowi\u0105zuje nas wstrzemi\u0119\u017aliwo\u015b\u0107 od pokarm\u00f3w mi\u0119snych. Pami\u0119tajmy, \u017ce rozpoczynaj\u0105cy si\u0119 okres wielkopostny to tak zwany \u201eczas zakazany\u201d, okres pokutny w Ko\u015bciele. Powstrzymajmy si\u0119 wi\u0119c od hucznych zabaw, wesel i dyskotek.<\/p>\n<p>5. W \u015brod\u0119 zbi\u00f3rka do puszek na pomoc Ukrainie, za\u015b taca w przysz\u0142\u0105 niedziel\u0119 przeznaczona jest na cele inwestycyjne diecezji.<\/p>\n<p>6. W najbli\u017cszy pi\u0105tek rozpoczniemy nabo\u017ce\u0144stwa Drogi Krzy\u017cowej, na kt\u00f3re zapraszam wszystkich Parafian na godz. 17.00 Natomiast od przysz\u0142ej niedzieli \u2013 pierwszej Wielkiego Postu b\u0119dziemy \u015bpiewa\u0107 Gorzkie \u017bale po Mszy \u015bwi\u0119tej o godz. 11.00.<\/p>\n<p>7. We czwartek na godz. 20.00 zapraszam na spotkanie Rad\u0119 Parafialn\u0105.<\/p>\n<p>8. Dzi\u0119kuj\u0119 za sprz\u0105tanie ko\u015bcio\u0142a rodzinom Marek Wiel\u0105dek, Stanis\u0142aw Wiel\u0105dek, Bogus\u0142aw Aleksandrowicz, Robert Matusik z Lasu Jaworskiego. W przysz\u0142ym tygodniu zapraszam rodziny Leszek Wrona, Andrzej Laskowski, Teresa Wiel\u0105dek , Rafa\u0142 Okrzeja z Jan\u00f3wka<\/p>\n<p>9. Na stoliku wy\u0142o\u017cony jest nowy numer Echa katolickiego.<\/p>\n<p>10. Wszystkim solenizantom i jubilatom, kt\u00f3rzy b\u0119d\u0105 prze\u017cywali swoje \u015bwi\u0119to w najbli\u017cszych dniach, \u017cycz\u0119 Bo\u017cego b\u0142og. i obfito\u015bci Bo\u017cych \u0142ask.<\/p>\n<h4 style=\"text-align: center;\"><strong>PI\u0104TA NIEDZIELA W CI\u0104GU ROKU<br \/>\n4 lutego 2024<br \/>\n<\/strong><strong>OG\u0141OSZENIA DUSZPASTERSKIE<\/strong><\/h4>\n<p>1. Biblijne czytania, kt\u00f3re dzi\u015b odczytujemy i medytujemy, przypominaj\u0105 wa\u017cne kwestie: \u017ce kr\u00f3tkim jest \u017cycie cz\u0142owieka na ziemi i \u017ce jest ono ci\u0105g\u0142ym zmaganiem si\u0119 ze swoimi s\u0142abo\u015bciami. Dzisiejsze czytania przypominaj\u0105 r\u00f3wnie\u017c, \u017ce ka\u017cdy jest wezwany do g\u0142oszenia \u017cyciem Ewangelii. Oby\u015bmy dobrze wykorzystywali czas ziemskiej pielgrzymki\u2026<\/p>\n<p>2. W jutrzejszy poniedzia\u0142ek, z racji na przypadaj\u0105ce wspomnienie \u015awi\u0119tej Agaty, na Mszy \u015awi\u0119tej pob\u0142ogos\u0142awi\u0119 przyniesiony chleb oraz wod\u0119.<\/p>\n<p>3. Natomiast w niedziel\u0119, 11 lutego, przypada \u015awiatowy Dzie\u0144 Chorego.<\/p>\n<p>4. W przysz\u0142\u0105 niedziel\u0119 po Mszy \u015bwi\u0119tej&nbsp; o godz. 9.00 zmiana tajemnic r\u00f3\u017ca\u0144ca dla Rodzic\u00f3w modl\u0105cych si\u0119 za dzieci a po Mszy \u015bwi\u0119tej o godz. 11.00 dla&nbsp; K\u017bR m\u0119\u017cczyzn , natomiast o godz. 10.30 r\u00f3\u017caniec za zmar\u0142ych polecanych w wypominkach z Jaworka.<\/p>\n<p>5. Za dwa tygodnie b\u0119dziemy prze\u017cywali Misje Ewnagelizacyjne o czym informuje nas baner powieszony na dzwonnicy, dzi\u0119kuj\u0119 za to stra\u017cakom. W najbli\u017cszych dniach dotr\u0105 do dom\u00f3w folderki z programem.<\/p>\n<p>6. W tym roku w zwi\u0105zku z prze\u017cywanymi misjami nie b\u0119dzie rekolekcji wielkopostnych.<\/p>\n<p>7. Dzi\u0119kuj\u0119&nbsp; delegacji z parafii za udzia\u0142 w pogrzebie mojego ojca + Ryszarda; za modlitw\u0119 w jego intencji , ofiarowan\u0105 Msz\u0119 \u015bwi\u0119t\u0105 w \u0141ukowie i w Wierzbnie, oraz za s\u0142owa \u017cyczliwo\u015bci.<\/p>\n<p>8. We \u015brod\u0119 o godz. 19.00 w \u015bwietlicy obok gminy odb\u0119dzie si\u0119 spotkanie po\u015bwi\u0119cone wymianie \u017ar\u00f3de\u0142 ciep\u0142a i mo\u017cliwo\u015bci pozyskiwania dotacji. Szczeg\u00f3\u0142y na tablicy og\u0142osze\u0144.<\/p>\n<p>9. Dzi\u0119kuj\u0119 za sprz\u0105tanie ko\u015bcio\u0142a rodzinom Miros\u0142awa Trojanowska, Dariusz Radzio z Lasu Jaworskiego. W przysz\u0142ym tygodniu zapraszam rodziny Marek Wiel\u0105dek, Stanis\u0142aw Wiel\u0105dek, Bogus\u0142aw Aleksandrowicz, Robert Matusik z Lasu Jaworskiego.<\/p>\n<p>10. Na stoliku wy\u0142o\u017cony jest nowy numer Echa katolickiego.<\/p>\n<p>11. Wszystkim solenizantom i jubilatom, kt\u00f3rzy b\u0119d\u0105 prze\u017cywali swoje \u015bwi\u0119to w najbli\u017cszych dniach, \u017cycz\u0119 Bo\u017cego b\u0142og. i obfito\u015bci Bo\u017cych \u0142ask.<\/p>\n","protected":false},"excerpt":{"rendered":"<p>Powr\u00f3t do listy og\u0142osze\u0144 DRUGA NIEDZIELA WIELKIEGO POSTU 25 lutego 2024 OG\u0141OSZENIA DUSZPASTERSKIE 1. Ka\u017cdego roku w drug\u0105 niedziel\u0119 okresu przygotowania paschalnego rozwa\u017camy ewangelijn\u0105 perykop\u0119 o Przemienieniu Chrystusa na wysokiej g\u00f3rze. Tak jak wybranym uczniom, tak i nam Pan Jezus pragnie ukaza\u0107 blask swojego B\u00f3stwa i niejako powiedzie\u0107, kim jest, by umacnia\u0107 nas w wierze i na drogach \u017cyciowego powo\u0142ania. Nie b\u00f3jmy si\u0119 Jemu zaufa\u0107, pozw\u00f3lmy Mu dzia\u0142a\u0107 w nas i przez nas\u2026 2. Dzi\u015b po Mszy \u015bwi\u0119tej o godz. 9.00 Gorzkie \u017bale w pi\u0105tek natomiast nabo\u017ce\u0144stwo Drogi Krzy\u017cowej o godz. 17.30 3. Dzisiejsza niedziela nazywana jest NIEDZIEL\u0104 AD GENTES i jest po\u015bwi\u0119cona modlitwie za misje i misjonarzy. W przysz\u0142\u0105 niedziel\u0119 b\u0119dzie mo\u017cna wesprze\u0107 dzie\u0142o misyjne Ko\u015bcio\u0142a \u2013 do specjalnych puszek mo\u017cna wrzuca\u0107 ofiary na ten cel. 4. W tym tygodniu przypadaj\u0105 pierwszy pi\u0105tek i&nbsp;pierwsza sobota miesi\u0105ca. W pi\u0105tek od godz. 16.00 adoracja Naj\u015bwi\u0119tszego Sakramentu. Na zako\u0144czenie adoracji \u2013 nabo\u017ce\u0144stwo \u2026 <a class=\"continue-reading-link\" href=\"https:\/\/www.parafiawierzbno.com.pl\/?page_id=11059\">Czytaj dalej <span class=\"meta-nav\">&rarr; <\/span><\/a><\/p>\n","protected":false},"author":1,"featured_media":0,"parent":225,"menu_order":0,"comment_status":"closed","ping_status":"closed","template":"","meta":{"ngg_post_thumbnail":0},"_links":{"self":[{"href":"https:\/\/www.parafiawierzbno.com.pl\/index.php?rest_route=\/wp\/v2\/pages\/11059"}],"collection":[{"href":"https:\/\/www.parafiawierzbno.com.pl\/index.php?rest_route=\/wp\/v2\/pages"}],"about":[{"href":"https:\/\/www.parafiawierzbno.com.pl\/index.php?rest_route=\/wp\/v2\/types\/page"}],"author":[{"embeddable":true,"href":"https:\/\/www.parafiawierzbno.com.pl\/index.php?rest_route=\/wp\/v2\/users\/1"}],"replies":[{"embeddable":true,"href":"https:\/\/www.parafiawierzbno.com.pl\/index.php?rest_route=%2Fwp%2Fv2%2Fcomments&post=11059"}],"version-history":[{"count":6,"href":"https:\/\/www.parafiawierzbno.com.pl\/index.php?rest_route=\/wp\/v2\/pages\/11059\/revisions"}],"predecessor-version":[{"id":11071,"href":"https:\/\/www.parafiawierzbno.com.pl\/index.php?rest_route=\/wp\/v2\/pages\/11059\/revisions\/11071"}],"up":[{"embeddable":true,"href":"https:\/\/www.parafiawierzbno.com.pl\/index.php?rest_route=\/wp\/v2\/pages\/225"}],"wp:attachment":[{"href":"https:\/\/www.parafiawierzbno.com.pl\/index.php?rest_route=%2Fwp%2Fv2%2Fmedia&parent=11059"}],"curies":[{"name":"wp","href":"https:\/\/api.w.org\/{rel}","templated":true}]}}