{"id":11074,"date":"2024-03-03T11:40:24","date_gmt":"2024-03-03T10:40:24","guid":{"rendered":"https:\/\/www.parafiawierzbno.com.pl\/?page_id=11074"},"modified":"2024-04-08T11:02:20","modified_gmt":"2024-04-08T09:02:20","slug":"ogloszenia-marzec-2024","status":"publish","type":"page","link":"https:\/\/www.parafiawierzbno.com.pl\/?page_id=11074","title":{"rendered":"Og\u0142oszenia &#8211; marzec 2024"},"content":{"rendered":"<h4><a title=\"Og\u0142oszenia parafialne\" href=\"https:\/\/www.parafiawierzbno.com.pl\/?page_id=225\">Powr\u00f3t do listy og\u0142osze\u0144<\/a><\/h4>\n<h4 style=\"text-align: center;\"><strong>WIELKANOC<br \/>\n31 marca 2024<br \/>\n<\/strong><strong>NIEDZIELA ZMARTWYCHWSTANIA PA\u0143SKIEGO<br \/>\n<\/strong><strong>Msza w dzie\u0144<br \/>\n<\/strong><strong>OG\u0141OSZENIA DUSZPASTERSKIE<\/strong><\/h4>\n<p>1. W ten radosny dzie\u0144 Zmartwychwstania Jezusa Chrystusa przyszli\u015bmy do naszego parafialnego ko\u015bcio\u0142a, aby wy\u015bpiewa\u0107 radosne ALLELUJA, bo chyba dzisiaj ca\u0142e stworzenie \u015bpiewa na chwa\u0142\u0119 Pana owo radosne ALLELUJA. Chcemy razem z ca\u0142ym stworzeniem dzi\u0119kowa\u0107 za dzie\u0142o odkupienia, za Chrystusowe zwyci\u0119stwo nad \u015bmierci\u0105, grzechem i&nbsp;szatanem.<\/p>\n<p>I od tego pustego grobu Drogim Parafianom i Go\u015bciom przekazuj\u0119 najserdeczniejsze \u017cyczenia, aby Zmartwychwsta\u0142y Pan i Zbawiciel opromienia\u0142 swoj\u0105 \u0142ask\u0105 i&nbsp;b\u0142ogos\u0142awie\u0144stwem ka\u017cd\u0105 chwil\u0119 \u017cycia i by udziela\u0142 zdrowia i wszelkich potrzebnych dar\u00f3w.<\/p>\n<p>2. Jutro Poniedzia\u0142ek w oktawie Wielkanocy. Msze \u015awi\u0119te o godz. 9.00 i 11.00. Ofiary sk\u0142adane na tac\u0119 s\u0105 przeznaczone na utrzymanie katolickich uczelni i szk\u00f3\u0142 w&nbsp;naszym kraju. Z racji oktawy Wielkanocy w pi\u0105tek nie obowi\u0105zuje wstrzemi\u0119\u017aliwo\u015b\u0107 o pokarm\u00f3w mi\u0119snych.<\/p>\n<p>3. Tak\u017ce jutro po Mszy \u015bwi\u0119tej o godz. 11.00 koncert Nie l\u0119kajcie si\u0119 z racji 18 r. \u015bmierci \u015bwi\u0119tego Jana Paw\u0142a II.<\/p>\n<p>4. Pragn\u0119 podzi\u0119kowa\u0107 za przygotowanie naszego parafialnego ko\u015bcio\u0142a do prze\u017cywania tych najwa\u017cniejszych \u015bwi\u0105t chrze\u015bcija\u0144skich: za jego posprz\u0105tanie, za przygotowanie dekoracji i liturgii na czas Triduum Paschalnego oraz za czynny i \u017cywy udzia\u0142 w liturgiach minionych dni, druhom stra\u017cakom za pe\u0142nienie warty przy Grobie Pa\u0144skim. Dzi\u0119kuj\u0119 Ma\u0142gorzacie Bia\u0142ousz,. Katarzynie Gryglas, &nbsp;Monice Matusik., &nbsp;Annie i Ewie Jaworowskim,. Marii Komorowskiej, Ma\u0142gorzacie Malinowskiej, Anecie Miklaszewskiej, Antoninie Miklaszewskiej, Paulinie Rojek, Micha\u0142owi W\u0105sowskiemu, &nbsp;Dariuszowi Wr\u00f3blewskiemu. Za odnowienie lichtarzy i trosk\u0119 o czysto\u015b\u0107 obrus\u00f3w &#8211; Marii Komorowskiej<\/p>\n<p>5. Podczas paschalnej oktawy prze\u017cywa\u0107 b\u0119dziemy pierwszy czwartek, pierwszy pi\u0105tek i pierwsz\u0105 sobot\u0119 miesi\u0105ca. w czwartek b\u0119dziemy si\u0119 modli\u0107 w intencji powo\u0142a\u0144 do s\u0142u\u017cby Bo\u017cej, w pi\u0105tek od godz. 17.00 adoracja Naj\u015bwi\u0119tszego Sakramentu a o 18.00 litania do Naj\u015bwi\u0119tszego Serca Jezusowego w duchu wynagrodzenia za grzechy nasze i ca\u0142ego \u015bwiata. W niedziel\u0119 po sumie procesja Eucharystyczna z racji I-wszej niedzieli miesi\u0105ca a po procesji zmiana tajemnic r\u00f3\u017ca\u0144ca K\u017bR kobiet.<\/p>\n<p>6. Przysz\u0142a niedziela to Niedziela Mi\u0142osierdzia Bo\u017cego, kt\u00f3r\u0105 rozpoczyna si\u0119 w naszej ojczy\u017anie Tydzie\u0144 Mi\u0142osierdzia. Naszym przygotowaniem do tego \u015bwi\u0119ta jest trwaj\u0105ca od Wielkiego Pi\u0105tku Nowenna do Bo\u017cego Mi\u0142osierdzia. Taca na Caritas diecezjaln\u0105.<\/p>\n<p>7. Ko\u0142a \u017bywego R\u00f3\u017ca\u0144ca z Wierzbna zapraszaj\u0105 na modlitw\u0119 r\u00f3\u017ca\u0144cow\u0105 w intencji Ojczyzny w ka\u017cd\u0105 niedziel\u0119 o godz. 10.30 poza II niedziel\u0105 miesi\u0105ca.<\/p>\n<p>8. W minionym tygodniu zosta\u0142y z\u0142o\u017cone ofiary na kwiaty do Grobu Pa\u0144skiego : \u015awidno 350 z\u0142., W\u00f3lka 300 z\u0142., Wygl\u0119d\u00f3wek 350 z\u0142. B\u00f3g zap\u0142a\u0107.<\/p>\n<p>9. Dzi\u0119kuj\u0119 za sprz\u0105tanie ko\u015bcio\u0142a rodzinom&nbsp; Andrzej Po\u0142awski, , Mariusz \u0141abarzewski, Miros\u0142aw Patoka z Jan\u00f3wka. W przysz\u0142ym tygodniu zapraszam rodziny Dariusz Patoka, Waldemar G\u0105siorowski, Bogan Patoka, Marian Jaczewski, Zbigniew Patoka z Jan\u00f3wka<\/p>\n<p>10. W \u015brod\u0119 do godz. 14.00 zbi\u00f3rka elektro\u015bmieci na parkingu przed ko\u015bcio\u0142em.<\/p>\n<p>11. Na stoliku wy\u0142o\u017cony jest nowy numer Echa katolickiego.<\/p>\n<p>12. Wszystkim solenizantom i jubilatom, kt\u00f3rzy b\u0119d\u0105 prze\u017cywali swoje \u015bwi\u0119to w najbli\u017cszych dniach, \u017cycz\u0119 Bo\u017cego b\u0142og. i obfito\u015bci Bo\u017cych \u0142ask.<\/p>\n<p>13. Do wieczno\u015bci w minionym tygodniu odszed\u0142 + &nbsp;Sylwester Okrzeja lat 67 z Jan\u00f3wka. Pogrzeb we wtorek.Wieczny odpoczynek racz mu da\u0107 Panie\u2026<\/p>\n<h4 style=\"text-align: center;\"><strong>NIEDZIELA PALMOWA, CZYLI M\u0118KI PA\u0143SKIEJ<br \/>\n24 marca 2024<br \/>\n<\/strong><strong>OG\u0141OSZENIA DUSZPASTERSKIE<\/strong><\/h4>\n<p>1. Niedziel\u0105 Palmow\u0105 wchodzimy w Wielki Tydzie\u0144, w doroczny obch\u00f3d Misterium Paschalnego Chrystusa. Niech udzia\u0142 w dzisiejszej liturgii pozwoli nam wej\u015b\u0107 g\u0142\u0119boko we wszystkie wydarzenia rozpocz\u0119tego Wielkiego Tygodnia.<\/p>\n<p>2. W kalendarzu liturgicznym 25 marca to dzie\u0144, w kt\u00f3rym Ko\u015bci\u00f3\u0142 obchodzi uroczysto\u015b\u0107 Zwiastowania Pa\u0144skiego. Jednak normy tego kalendarza wskazuj\u0105 na ogromn\u0105 wielko\u015b\u0107 dni Wielkiego Tygodnia i oktawy paschalnej, zatem t\u0119 uroczysto\u015b\u0107 b\u0119dziemy obchodzili w&nbsp;poniedzia\u0142ek po Niedzieli Mi\u0142osierdzia Bo\u017cego, 8 kwietnia.<\/p>\n<p>3. Zbli\u017caj\u0105 si\u0119 najwa\u017cniejsze dni w ca\u0142ym roku liturgicznym \u2013 \u015awi\u0119te Triduum Paschalne oraz \u015bwi\u0119ta Zmartwychwstania Pa\u0144skiego. Aby rzeczywi\u015bcie je owocnie i pi\u0119knie prze\u017cy\u0107, oczy\u015b\u0107my nasze serca, pozw\u00f3lmy, aby Pan nas przemieni\u0142, uczyni\u0142 lepszymi. Okazja do spowiedzi \u015bwi\u0119tej w Wielki Czwartek i Wielki Pi\u0105tek od godz. 21.00 do godz. 23.00. \u015awi\u0119te Triduum Paschalne rozpocznie si\u0119 w Wielki Czwartek wieczorem o godz. 18.00 Msz\u0105 \u015awi\u0119t\u0105 Wieczerzy Pa\u0144skiej. B\u0119dziemy dzi\u0119kowali za dwa sakramenty: Eucharysti\u0119 i&nbsp;kap\u0142a\u0144stwo. Po sko\u0144czonej liturgii przeniesiemy procesyjnie Naj\u015bwi\u0119tszy Sakrament do przygotowanego o\u0142tarza adoracji gdzie b\u0119dziemy go adorowali do godz. 23.00 Podczas procesji \u015bpiewa\u0107 b\u0119dziemy hymn S\u0142aw j\u0119zyku tajemnic\u0119, za odm\u00f3wienie go tego wieczoru mo\u017cna uzyska\u0107 odpust zupe\u0142ny.<\/p>\n<p>4. W Wielki Pi\u0105tek Ko\u015bci\u00f3\u0142 nie sprawuje Mszy \u015awi\u0119tej. Zaprasza jednak wszystkich wiernych do udzia\u0142u w specjalnej i szczeg\u00f3lnej liturgii M\u0119ki Pa\u0144skiej, kt\u00f3rej szczytowym momentem jest adoracja Krzy\u017ca \u015awi\u0119tego, za uczczenie kt\u00f3rego w tym dniu mo\u017cemy dost\u0105pi\u0107 \u0142aski odpustu zupe\u0142nego pod zwyk\u0142ymi warunkami. W naszym ko\u015bciele parafialnym t\u0119 liturgi\u0119 rozpoczniemy o godz. 18.00.Na zako\u0144czenie liturgii M\u0119ki Pa\u0144skiej przeniesiemy Naj\u015bwi\u0119tszy Sakrament do przygotowanego \u201eBo\u017cego Grobu\u201d, gdzie adoracja trwa\u0107 b\u0119dzie do godz. 23.00. Przypominam , \u017ce w Wielki Pi\u0105tek wierni mi\u0119dzy 18. a 60. rokiem \u017cycia, opr\u00f3cz wstrzemi\u0119\u017aliwo\u015bci od pokarm\u00f3w mi\u0119snych, s\u0105 zobowi\u0105zani do jednorazowego posi\u0142ku do syta oraz dw\u00f3ch skromnych posi\u0142k\u00f3w w ci\u0105gu dnia.. Tak\u017ce w Wielki Pi\u0105tek rozpoczyna si\u0119 Nowenna przed Niedziel\u0105 Mi\u0142osierdzia Bo\u017cego o godz. 15.00.<\/p>\n<p>5. Wielka Sobota jest r\u00f3wnie\u017c dniem, gdy nie sprawuje si\u0119 Eucharystii: wszyscy wierni s\u0105 zaproszeni do modlitwy i skupienia, do adoracji Chrystusa Eucharystycznego w&nbsp;przygotowanym \u201eGrobie Pa\u0144skim\u201d.<\/p>\n<p>6. Wieczorem w sobot\u0119 po zachodzie s\u0142o\u0144ca, o godz. 19.00 rozpoczniemy najwa\u017cniejsz\u0105 liturgi\u0119 roku ko\u015bcielnego \u2013 liturgi\u0119 Wigilii Paschalnej. B\u0119dziemy celebrowa\u0107 noc Paschy Pana \u2013 noc przej\u015bcia ze \u015bmierci do \u017cycia; b\u0119dziemy celebrowa\u0107 Jego zmartwychwstanie, Jego zwyci\u0119stwo nad \u015bmierci\u0105, grzechem i szatanem. Rozpoczniemy j\u0105 od po\u015bwi\u0119cenia ognia i&nbsp;zapalenia Pascha\u0142u, b\u0119dziemy s\u0142ucha\u0107 s\u0142owa Bo\u017cego, zn\u00f3w za\u015bpiewamy radosne ALLELUJA, a tak\u017ce we\u017amiemy udzia\u0142 w po\u015bwi\u0119ceniu wody i odnowimy chrzcielne przyrzeczenia, za co mo\u017cemy uzyska\u0107 odpust zupe\u0142ny. Na t\u0119 liturgi\u0119 prosz\u0119 o przyniesienie \u015bwiec.<\/p>\n<p>7. Wielki Pi\u0105tek \u2013 Adoracja Naj\u015bwi\u0119tszego Sakramentu od 8.00 wg nast\u0119puj\u0105cego porz\u0105dku: 8.00 \u2013 siostry z K\u00f3\u0142ka R\u00f3\u017ca\u0144cowego, 9.00 \u2013 mieszka\u0144cy Lasu Jaworskiego, 10.00 \u2013 mieszka\u0144cy Helenowa, 11.00 \u2013 mieszka\u0144cy Jaworka, 12.00 \u2013 mieszka\u0144cy Wygl\u0119d\u00f3wka, 13.00 \u2013 mieszka\u0144cy Jan\u00f3wka, 14.00 \u2013 mieszka\u0144cy \u015awidna , 15.00 \u2013 Koronka do Mi\u0142osierdzia Bo\u017cego ( pocz\u0105tek nowenny do Mi\u0142osierdzia Bo\u017cego) \u2013 wszyscy czciciele Mi\u0142osierdzia Bo\u017cego, 16.00 \u2013 mieszka\u0144cy W\u00f3lki,&nbsp; 17.00 \u2013 mieszka\u0144cy Sobonia, 20.00 \u2013 mieszka\u0144cy Wierzbna (od p. Szyma\u0144skiej do Urz\u0119du Gminy), 21.00 \u2013 mieszka\u0144cy Wierzbna II cz. i o 23.00 zako\u0144czenie adoracji. Ofiary sk\u0142adane przy adoracji krzy\u017ca&nbsp; s\u0105 przeznaczone na utrzymanie miejsc \u015bwi\u0119tych w Ziemi \u015awi\u0119tej. Pami\u0119tajmy o przyozdobieniu krzy\u017cy przydro\u017cnych. Druh\u00f3w stra\u017cak\u00f3w zapraszam do adoracji po Liturgii.<\/p>\n<p>8. Wielka Sobota \u2013. Adoracja Pana Jezusa w grobie od &nbsp;8.00 \u2013 siostry i bracia z K\u00f3\u0142ek R\u00f3\u017ca\u0144cowych, 9.00 \u2013 mieszka\u0144cy Lasu Jaworskiego, 10.00 \u2013 mieszka\u0144cy Helenowa, 11.00 \u2013 mieszka\u0144cy Jaworka, 12.00 \u2013 mieszka\u0144cy Wygl\u0119d\u00f3wka, 13.00 \u2013 mieszka\u0144cy Jan\u00f3wka, 14.00 \u2013 mieszka\u0144cy \u015awidna , 15.00 \u2013 Koronka do Mi\u0142osierdzia Bo\u017cego \u2013 mieszka\u0144cy Wierzbna (od p. Szyma\u0144skiej do Urz\u0119du Gminy),, 16.00 \u2013 mieszka\u0144cy W\u00f3lki,&nbsp; 17.00 \u2013 mieszka\u0144cy Sobonia, 18.00 \u2013 mieszka\u0144cy Wierzbna II cz.<\/p>\n<p>9. W Wielk\u0105 Sobot\u0119 po\u015bwi\u0119cenie pokarm\u00f3w wielkanocnych wg tradycyjnej trasy: od 9.00 w ko\u015bciele , potem , Helen\u00f3w, Jaworek, Jan\u00f3wek, Wygl\u0119d\u00f3wek, , \u015awidno i Sobo\u0144. i o 12.00 w ko\u015bciele. &nbsp;<\/p>\n<p>10. Spowied\u017a w Wielki Czwartek i w Wielki Pi\u0105tek od 21.00 do 23.00.<\/p>\n<p>11. Rezurekcja w poranek wielkanocny o godz. 6.00. Prosz\u0119 o przygotowanie feretron\u00f3w, chor\u0105gwi, dzieci zapraszam do sypania kwiat\u00f3w. Druga Msza \u015bwi\u0119ta o godz.10.00. Nie ma Mszy \u015bwi\u0119tej popo\u0142udniowej.<\/p>\n<p>12. Wyjazd do chorych w poniedzia\u0142ek 25 marca od godz. 10.00.<\/p>\n<p>13. Na wtorek na godz. 16.00 zapraszam rodzic\u00f3w dzieci kl. III &nbsp; do przygotowania dekoracji na \u015bwi\u0119ta.<\/p>\n<p>14. W minionym tygodniu zosta\u0142y z\u0142o\u017cone ofiary na kwiaty do Grobu Pa\u0144skiego :Helen\u00f3w 200 z\u0142., Jan\u00f3wek 500 z\u0142., Jaworek 500 z\u0142., Las Jaworski 230 z\u0142.,&nbsp; Sobo\u0144 343 z\u0142., , Wierzbno 1435 z\u0142.. B\u00f3g zap\u0142a\u0107.<\/p>\n<p>15. Dzi\u0119kuj\u0119 za sprz\u0105tanie ko\u015bcio\u0142a rodzinom Janusz Cichocki, Miros\u0142awa Patoka, Jan Wasilewski z Jan\u00f3wka. W przysz\u0142ym tygodniu zapraszam rodziny Andrzej Po\u0142awski, , Mariusz Patoka, Miros\u0142aw Patoka z Jan\u00f3wka<\/p>\n<p>16. Na stoliku wy\u0142o\u017cony jest nowy numer Echa katolickiego.<\/p>\n<p>17. Wszystkim solenizantom i jubilatom, kt\u00f3rzy b\u0119d\u0105 prze\u017cywali swoje \u015bwi\u0119to w najbli\u017cszych dniach, \u017cycz\u0119 Bo\u017cego b\u0142og. i obfito\u015bci Bo\u017cych \u0142ask.<\/p>\n<p>18. Do przyj\u0119cia sakramentu ma\u0142\u017ce\u0144stwa przygotowuj\u0105 si\u0119 Milena Dagmara Skr\u0119towicz panna zam. w Urszulinie, par. Chrystusa Mi\u0142osiernego w Urszulinie i Adam Patoka, kawaler zam. w Helenowie par. tut. zapowied\u017a II.<\/p>\n<h4 style=\"text-align: center;\"><strong>PI\u0104TA NIEDZIELA WIELKIEGO POSTU<br \/>\n17 marca 2024<br \/>\n<\/strong><strong>OG\u0141OSZENIA DUSZPASTERSKIE<\/strong><\/h4>\n<p>1. W pi\u0105t\u0105 niedziel\u0119 czasu paschalnego przygotowania zmienia si\u0119 charakter tego okresu na bardziej pasyjny, co uka\u017ce nam liturgia najbli\u017cszych dni, a ponadto podtrzymywany w naszej ojczy\u017anie zwyczaj zas\u0142aniania krzy\u017cy .<\/p>\n<p>2. We wtorek b\u0119dziemy prze\u017cywali uroczysto\u015b\u0107 \u015awi\u0119tego J\u00f3zefa, Oblubie\u0144ca Naj\u015bwi\u0119tszej Maryi Panny i Patrona Ko\u015bcio\u0142a powszechnego.<\/p>\n<p>3. Przysz\u0142a niedziela to ju\u017c Niedziela Palmowa rozpoczynaj\u0105ca Wielki Tydzie\u0144. B\u0142ogos\u0142awie\u0144stwo palm na pocz\u0105tku ka\u017cdej Mszy \u015awi\u0119tej.<\/p>\n<p>4. Zapraszam do udzia\u0142u w nabo\u017ce\u0144stwach: w Gorzkich \u017balach, kt\u00f3re \u015bpiewamy w ka\u017cd\u0105 niedziel\u0119 po Mszy \u015bwi\u0119tej o godz. 11.00 &nbsp;oraz w Drodze Krzy\u017cowej w ka\u017cdy pi\u0105tek &nbsp;o godz. 18.00.<\/p>\n<p>5. Nabywaj\u0105c baranka wielkanocnego w cenie 10 z\u0142., czy \u015bwiec\u0119 wielkanocn\u0105 w cenie 20 z\u0142., wspieramy akcj\u0119 Caritasu pomocy dzieciom.<\/p>\n<p>6. Ko\u0142a \u017bywego R\u00f3\u017ca\u0144ca z Wierzbna zapraszaj\u0105 na modlitw\u0119 r\u00f3\u017ca\u0144cow\u0105 w intencji Ojczyzny w ka\u017cd\u0105 niedziel\u0119, poza niedziel\u0105 Wielkanocn\u0105 i II niedziel\u0105 miesi\u0105ca.<\/p>\n<p>7. Dzi\u0119kuj\u0119 za sprz\u0105tanie ko\u015bcio\u0142a rodzinom Zdzis\u0142aw Po\u0142awski, Henryk Rozbicki, Stefan Patoka z Jan\u00f3wka. W przysz\u0142ym tygodniu zapraszam rodziny Janusz Cichocki, Miros\u0142awa Patoka, Jan Wasilewski z Jan\u00f3wka<\/p>\n<p>8. Na stoliku wy\u0142o\u017cony jest nowy numer Echa katolickiego.<\/p>\n<p>9. Wszystkim solenizantom i jubilatom, kt\u00f3rzy b\u0119d\u0105 prze\u017cywali swoje \u015bwi\u0119to w najbli\u017cszych dniach, \u017cycz\u0119 Bo\u017cego b\u0142og. i obfito\u015bci Bo\u017cych \u0142ask.<\/p>\n<p>10. Do przyj\u0119cia sakramentu ma\u0142\u017ce\u0144stwa przygotowuj\u0105 si\u0119 Milena Dagmara Skr\u0119towicz panna zam. w Urszulinie, par. Chrystusa Mi\u0142osiernego w Urszulinie i Adam Patoka, kawaler zam. w Helenowie par. tut. zapowied\u017a II.<\/p>\n<h4 style=\"text-align: center;\"><strong>CZWARTA NIEDZIELA WIELKIEGO POSTU<\/strong><br \/>\n<strong>10 marca 2024<\/strong><br \/>\n<strong>OG\u0141OSZENIA DUSZPASTERSKIE<\/strong><\/h4>\n<p>1. Czwarta niedziela Wielkiego Postu, zwana Niedziel\u0105 Laetare, kt\u00f3rej wyj\u0105tkowo\u015b\u0107 podkre\u015bla r\u00f3\u017cowy kolor szat liturgicznych, wyznacza po\u0142ow\u0119 prze\u017cywanego okresu przygotowania paschalnego. Dlatego w polskiej tradycji nazywana by\u0142a \u201e\u015br\u00f3dpo\u015bciem\u201d albo \u201ep\u00f3\u0142po\u015bciem\u201d. Warto uczyni\u0107 pewne podsumowania i z jeszcze wi\u0119kszym zaanga\u017cowaniem prze\u017cy\u0107 drug\u0105 jego cz\u0119\u015b\u0107. B\u00f3g, jak us\u0142yszeli\u015bmy w Ewangelii, pos\u0142a\u0142 swojego Jednorodzonego Syna nie po to, aby \u015bwiat pot\u0119pi\u0142, lecz po to, by \u015bwiat zosta\u0142 przez Niego zbawiony. Zatem nie b\u00f3jmy si\u0119 przyj\u015b\u0107 do Niego z nasz\u0105 s\u0142abo\u015bci\u0105 i grzechem, albowiem On czeka ka\u017cdego dnia w sakramencie pokuty i pojednania, by nas uwolni\u0107 od ci\u0119\u017caru grzechu i przytuli\u0107 do swojego kochaj\u0105cego Serca.<\/p>\n<p>2. Dzisiaj po Mszy \u015bwi\u0119tej o godz. 9.00 zmiana tajemnic r\u00f3\u017ca\u0144ca dla K\u017bR rodzic\u00f3w modl\u0105cych si\u0119 za dzieci, o godz. 10.30 r\u00f3\u017caniec za zmar\u0142ych polecanych w wypominkach z Sobonia a po Gorzkich \u017balach zmiana tajemnic r\u00f3\u017ca\u0144ca dla K\u017bR m\u0119\u017cczyzn.<\/p>\n<p>3. W najbli\u017csz\u0105 \u015brod\u0119 przypada 11. rocznica wyboru papie\u017ca Franciszka. Ojciec \u015awi\u0119ty nie przestaje prosi\u0107 o modlitewne wsparcie, dlatego w jego intencji b\u0119dziemy si\u0119 modli\u0107 w \u015brod\u0119 na wieczornej Mszy \u015awi\u0119tej, a dzi\u015b ju\u017c chcemy powierzy\u0107 opiece Matki Naj\u015bwi\u0119tszej pos\u0142ugiwanie Chrystusowego Namiestnika: Pod Twoj\u0105 obron\u0119\u2026, Matko Ko\u015bcio\u0142a, m\u00f3dl si\u0119 za nami!<\/p>\n<p>4. Zapraszam do udzia\u0142u w nabo\u017ce\u0144stwach tego okresu: w Gorzkich \u017balach, kt\u00f3re \u015bpiewamy w ka\u017cd\u0105 niedziel\u0119 po Mszy \u015bwi\u0119tej o godz. 11.00 &nbsp;oraz w Drodze Krzy\u017cowej w ka\u017cdy pi\u0105tek &nbsp;o godz. 18.00.<\/p>\n<p>5. Nabywaj\u0105c baranka wielkanocnego w cenie 10 z\u0142., czy \u015bwiec\u0119 wielkanocn\u0105 w cenie 20 z\u0142., wspieramy akcj\u0119 Caritasu pomocy dzieciom.<\/p>\n<p>6. Dzi\u0119kuj\u0119 za sprz\u0105tanie ko\u015bcio\u0142a rodzinom Jacek Ga\u0142ecki, Lech Kiesner, Krystyna Siemi\u0144ska z Jan\u00f3wka. W przysz\u0142ym tygodniu zapraszam rodziny Zdzis\u0142aw Po\u0142awski, Henryk Rozbicki, Stefan Patoka z Jan\u00f3wka<\/p>\n<p>7. Na stoliku wy\u0142o\u017cony jest nowy numer Echa katolickiego.<\/p>\n<p>8. Wszystkim solenizantom i jubilatom, kt\u00f3rzy b\u0119d\u0105 prze\u017cywali swoje \u015bwi\u0119to w najbli\u017cszych dniach, \u017cycz\u0119 Bo\u017cego b\u0142og. i obfito\u015bci Bo\u017cych \u0142ask.<\/p>\n<p>9. Do przyj\u0119cia sakramentu ma\u0142\u017ce\u0144stwa przygotowuj\u0105 si\u0119 Ilona Izabela Zaboklicka, panna zam. w Warszawie par. \u015bw. Wac\u0142awa w Warszawie i Pawe\u0142 Michalczyk, kawaler zam. w Wierzbnie par. tut. zapowied\u017a III, oraz Milena Dagmara Skr\u0119towicz panna zam. w Urszulinie, par. Chrystusa Mi\u0142osiernego w Urszulinie i Adam Patoka, kawaler zam. w Helenowie par. tut. zapowied\u017a I.<\/p>\n<p>10. Do wieczno\u015bci w minionym tygodniu odeszli + W\u0142adys\u0142aw Boruc l. 95 pochodz\u0105cy z Sulk i Alfred Chabiera l. 73 z W\u00f3lki. Wieczny odpoczynek racz im da\u0107 Panie\u2026<\/p>\n<h4 style=\"text-align: center;\"><strong>TRZECIA NIEDZIELA WIELKIEGO POSTU<br \/>\n3 marca 2024<br \/>\n<\/strong><strong>OG\u0141OSZENIA DUSZPASTERSKIE<\/strong><\/h4>\n<p>1. W dzisiejszej liturgii s\u0142owa zosta\u0142y nam przypomniane Bo\u017ce przykazania \u2013 dziesi\u0119\u0107 s\u0142\u00f3w Boga, na kt\u00f3rych warto i trzeba budowa\u0107 gmach swojego \u017cycia. W Wielkim Po\u015bcie pr\u00f3bujemy uczyni\u0107 je rzeczywi\u015bcie tym fundamentem, zatem niech wszystkie podejmowane dzia\u0142ania i wysi\u0142ki temu s\u0142u\u017c\u0105. Zapraszam do udzia\u0142u w nabo\u017ce\u0144stwach wielkopostnych. Dzi\u015b po Mszy \u015bwi\u0119tej o godz. 11.00 Gorzkie \u017bale , a w pi\u0105tek Droga Krzy\u017cowa o godz.17.00<\/p>\n<p>2. Dzisiaj po Gorzkich \u017balach zmiana tajemnic r\u00f3\u017ca\u0144ca dla K\u017bR kobiet z Wierzbna<\/p>\n<p>3. Dzisiaj tak\u017ce zbi\u00f3rka do puszek na Misje.<\/p>\n<p>4. Jutro swoje imieniny obchodzi ks. bp. Kazimierz Gurda, otoczmy go nasz\u0105 modlitw\u0105.<\/p>\n<p>5. W pi\u0105tek, 8 marca, przypada Mi\u0119dzynarodowy Dzie\u0144 Kobiet. Pami\u0119tajmy w tym dniu, ale nie tylko wtedy, o naszych niewiastach: babciach, mamach, \u017conach, c\u00f3rkach i wnuczkach. Wyra\u017amy im nasz\u0105 \u017cyczliwo\u015b\u0107 jakim\u015b dobrym s\u0142owem i drobnym gestem i nie ustawajmy w&nbsp;modlitwach za nich..<\/p>\n<p>6. W przysz\u0142\u0105 niedziel\u0119 po Mszy \u015bwi\u0119tej o godz. 9.00 zmiana tajemnic r\u00f3\u017ca\u0144ca dla K\u017bR rodzic\u00f3w modl\u0105cych si\u0119 za dzieci, o godz. 10.30 r\u00f3\u017caniec za zmar\u0142ych polecanych w wypominkach z Sobonia a po Gorzkich \u017balach zmiana tajemnic r\u00f3\u017ca\u0144ca dla K\u017bR m\u0119\u017cczyzn.<\/p>\n<p>7. Nabywaj\u0105c baranka wielkanocnego w cenie 10 z\u0142., paschalik wielkanocny w cenie 10 z\u0142., czy \u015bwiec\u0119 wielkanocn\u0105 w cenie 20 z\u0142., wspieramy akcj\u0119 Caritasu pomocy dzieciom.<\/p>\n<p>8. Dzi\u0119kuj\u0119 za sprz\u0105tanie ko\u015bcio\u0142a rodzinom Jadwiga Barcz, Ewa Gawor, Marek Zalewski, Teodora Ko\u0142ak z Jan\u00f3wka. W przysz\u0142ym tygodniu zapraszam rodziny Jacek Ga\u0142ecki, Lech Kiesner, Krystyna Siemi\u0144ska z Jan\u00f3wka<\/p>\n<p>9. Na stoliku wy\u0142o\u017cony jest nowy numer Echa katolickiego.<\/p>\n<p>10. Wszystkim solenizantom i jubilatom, kt\u00f3rzy b\u0119d\u0105 prze\u017cywali swoje \u015bwi\u0119to w najbli\u017cszych dniach, \u017cycz\u0119 Bo\u017cego b\u0142og. i obfito\u015bci Bo\u017cych \u0142ask.<\/p>\n<p>11. Do przyj\u0119cia sakramentu ma\u0142\u017ce\u0144stwa przygotowuj\u0105 si\u0119 Ilona Izabela Zaboklicka, panna zam. w Warszawie par. \u015bw. Wac\u0142awa w Warszawie i Pawe\u0142 Michalczyk, kawaler zam. w Wierzbnie par. tut. zapowied\u017a II.<\/p>\n","protected":false},"excerpt":{"rendered":"<p>Powr\u00f3t do listy og\u0142osze\u0144 WIELKANOC 31 marca 2024 NIEDZIELA ZMARTWYCHWSTANIA PA\u0143SKIEGO Msza w dzie\u0144 OG\u0141OSZENIA DUSZPASTERSKIE 1. W ten radosny dzie\u0144 Zmartwychwstania Jezusa Chrystusa przyszli\u015bmy do naszego parafialnego ko\u015bcio\u0142a, aby wy\u015bpiewa\u0107 radosne ALLELUJA, bo chyba dzisiaj ca\u0142e stworzenie \u015bpiewa na chwa\u0142\u0119 Pana owo radosne ALLELUJA. Chcemy razem z ca\u0142ym stworzeniem dzi\u0119kowa\u0107 za dzie\u0142o odkupienia, za Chrystusowe zwyci\u0119stwo nad \u015bmierci\u0105, grzechem i&nbsp;szatanem. I od tego pustego grobu Drogim Parafianom i Go\u015bciom przekazuj\u0119 najserdeczniejsze \u017cyczenia, aby Zmartwychwsta\u0142y Pan i Zbawiciel opromienia\u0142 swoj\u0105 \u0142ask\u0105 i&nbsp;b\u0142ogos\u0142awie\u0144stwem ka\u017cd\u0105 chwil\u0119 \u017cycia i by udziela\u0142 zdrowia i wszelkich potrzebnych dar\u00f3w. 2. Jutro Poniedzia\u0142ek w oktawie Wielkanocy. Msze \u015awi\u0119te o godz. 9.00 i 11.00. Ofiary sk\u0142adane na tac\u0119 s\u0105 przeznaczone na utrzymanie katolickich uczelni i szk\u00f3\u0142 w&nbsp;naszym kraju. Z racji oktawy Wielkanocy w pi\u0105tek nie obowi\u0105zuje wstrzemi\u0119\u017aliwo\u015b\u0107 o pokarm\u00f3w mi\u0119snych. 3. Tak\u017ce jutro po Mszy \u015bwi\u0119tej o godz. 11.00 koncert Nie l\u0119kajcie si\u0119 z racji 18 r. \u015bmierci \u2026 <a class=\"continue-reading-link\" href=\"https:\/\/www.parafiawierzbno.com.pl\/?page_id=11074\">Czytaj dalej <span class=\"meta-nav\">&rarr; <\/span><\/a><\/p>\n","protected":false},"author":1,"featured_media":0,"parent":225,"menu_order":0,"comment_status":"closed","ping_status":"closed","template":"","meta":{"ngg_post_thumbnail":0},"_links":{"self":[{"href":"https:\/\/www.parafiawierzbno.com.pl\/index.php?rest_route=\/wp\/v2\/pages\/11074"}],"collection":[{"href":"https:\/\/www.parafiawierzbno.com.pl\/index.php?rest_route=\/wp\/v2\/pages"}],"about":[{"href":"https:\/\/www.parafiawierzbno.com.pl\/index.php?rest_route=\/wp\/v2\/types\/page"}],"author":[{"embeddable":true,"href":"https:\/\/www.parafiawierzbno.com.pl\/index.php?rest_route=\/wp\/v2\/users\/1"}],"replies":[{"embeddable":true,"href":"https:\/\/www.parafiawierzbno.com.pl\/index.php?rest_route=%2Fwp%2Fv2%2Fcomments&post=11074"}],"version-history":[{"count":7,"href":"https:\/\/www.parafiawierzbno.com.pl\/index.php?rest_route=\/wp\/v2\/pages\/11074\/revisions"}],"predecessor-version":[{"id":11093,"href":"https:\/\/www.parafiawierzbno.com.pl\/index.php?rest_route=\/wp\/v2\/pages\/11074\/revisions\/11093"}],"up":[{"embeddable":true,"href":"https:\/\/www.parafiawierzbno.com.pl\/index.php?rest_route=\/wp\/v2\/pages\/225"}],"wp:attachment":[{"href":"https:\/\/www.parafiawierzbno.com.pl\/index.php?rest_route=%2Fwp%2Fv2%2Fmedia&parent=11074"}],"curies":[{"name":"wp","href":"https:\/\/api.w.org\/{rel}","templated":true}]}}