{"id":11123,"date":"2024-06-02T13:21:33","date_gmt":"2024-06-02T11:21:33","guid":{"rendered":"https:\/\/www.parafiawierzbno.com.pl\/?page_id=11123"},"modified":"2024-07-02T07:11:45","modified_gmt":"2024-07-02T05:11:45","slug":"ogloszenia-czerwiec-2024","status":"publish","type":"page","link":"https:\/\/www.parafiawierzbno.com.pl\/?page_id=11123","title":{"rendered":"Og\u0142oszenia &#8211; Czerwiec 2024"},"content":{"rendered":"<p><a title=\"Og\u0142oszenia parafialne\" href=\"https:\/\/www.parafiawierzbno.com.pl\/?page_id=225\">Powr\u00f3t do listy og\u0142osze\u0144<\/a><\/p>\n<h4 style=\"text-align: center;\"><strong>TRZYNASTA NIEDZIELA W CI\u0104GU ROKU<br \/>\n30 czerwca 2024<br \/>\n<\/strong><strong>OG\u0141OSZENIA DUSZPASTERSKIE<\/strong><\/h4>\n<p>1. \u201eNie b\u00f3j si\u0119, wierz tylko\u201d \u2013 dzisiaj te s\u0142owa Pan Jezus kieruje do ka\u017cdej i ka\u017cdego z nas. Warto rozpocz\u0119ty czas wakacji wykorzysta\u0107 do pog\u0142\u0119bienia wiary i relacji z Bogiem.<\/p>\n<p>2. Dzisiaj taca ekonomiczna. W maju z\u0142o\u017cono 1784 z\u0142. B\u00f3g zap\u0142a\u0107.<\/p>\n<p>3. We wtorek 2 lipca w Kodniu obchodzony b\u0119dzie po raz kolejny dzie\u0144 chorego. O godz. 12.00 ks. bp. Kazimierz Gurda b\u0119dzie sprawowa\u0142 Msz\u0119 \u015bwi\u0119t\u0105 za wszystkich chorych.<\/p>\n<p>4. W tym tygodniu przypada pierwszy czwartek, pierwszy pi\u0105tek i pierwsza sobota miesi\u0105ca.<\/p>\n<p>W pierwszy czwartek zapraszam do wsp\u00f3lnej modlitwy za wszystkich powo\u0142anych do s\u0142u\u017cby Bo\u017cej oraz o nowe i \u015bwi\u0119te powo\u0142ania \u2013 w tych intencjach odm\u00f3wimy wsp\u00f3lnie Litani\u0119 do Najdro\u017cszej Krwi Chrystusa.<\/p>\n<p>W pierwszy pi\u0105tek o godz. 17.00 wystawienie Naj\u015bwi\u0119tszego Sakramentu do gdz. 18.00. Adoracj\u0119 zako\u0144czymy nabo\u017ce\u0144stwem ku czci Naj\u015bwi\u0119tszego Serca Pana Jezusa i Msz\u0105 wotywn\u0105 o Sercu Bo\u017cym.<\/p>\n<p>W pierwsz\u0105 sobot\u0119 przed Msz\u0105 wieczorn\u0105 odprawimy wynagradzaj\u0105ce nabo\u017ce\u0144stwo po Mszy \u015bwi\u0119tej o godz. 18.00.<\/p>\n<p>5. W przysz\u0142\u0105 niedziel\u0119 po Mszy \u015bwi\u0119tej o godz. 11.00 nabo\u017ce\u0144stwo adoracyjne i procesja Eucharystyczna.<\/p>\n<p>6. Dzi\u0119kuj\u0119 za sprz\u0105tanie ko\u015bcio\u0142a rodzinom Kazimierz Zalewski, Andrzej Siwiak, Zofia Rogala, Marcin Rogala z Sobonia . W przysz\u0142ym tygodniu zapraszam rodziny Wawrzyniec Kra\u015bny, Miros\u0142aw Skar\u017cy\u0144ski, Jacek Kiesner z Sobonia<\/p>\n<p>7. Na stoliku wy\u0142o\u017cony jest nowy numer Echa katolickiego.<\/p>\n<p>8. Wszystkim solenizantom i jubilatom, kt\u00f3rzy b\u0119d\u0105 prze\u017cywali swoje \u015bwi\u0119to w najbli\u017cszych dniach, \u017cycz\u0119 Bo\u017cego b\u0142og. i obfito\u015bci Bo\u017cych \u0142ask.<\/p>\n<p>&nbsp;<\/p>\n<h4 style=\"text-align: center;\"><strong>DWUNASTA NIEDZIELA W CI\u0104GU ROKU<br \/>\n23 czerwca 2024<br \/>\n<\/strong><strong>OG\u0141OSZENIA DUSZPASTERSKIE<\/strong><\/h4>\n<p>1. \u201eKim dla mnie jest Jezus Chrystus?\u201d \u2013 to pytanie winno nam towarzyszy\u0107 zawsze i&nbsp;wsz\u0119dzie. A razem z nim w\u0142a\u015bciwa odpowied\u017a, \u017ce jest On naszym Panem, Mistrzem i&nbsp;Mesjaszem. Rozpoczynaj\u0105cy si\u0119 czas wakacji i urlop\u00f3w staje si\u0119 wspania\u0142\u0105 okazj\u0105, aby o&nbsp;tym za\u015bwiadczy\u0107. Pro\u015bmy, by nie zabrak\u0142o nam w tym wiary i odwagi\u2026<\/p>\n<p>2. Dzisiaj prze\u017cywamy &nbsp;Dzie\u0144 Ojca . Polecamy wszystkich ojc\u00f3w naszym modlitwom.<\/p>\n<p>3. W czerwcu po\u015bwi\u0119conym czci Naj\u015bwi\u0119tszego Serca Pana Jezusa ka\u017cdego wieczoru po Mszy \u015bwi\u0119tej o godz. 18.00 wsp\u00f3lnie odmawiamy Litani\u0119 do Bo\u017cego Serca. Zapraszam do udzia\u0142u w tych nabo\u017ce\u0144stwach.<\/p>\n<p>4. Jutro przypada uroczysto\u015b\u0107 Narodzenia \u015awi\u0119tego Jana Chrzciciela. To poza Jezusem i Jego Matk\u0105, Maryj\u0105, jedyny \u015bwi\u0119ty, kt\u00f3rego czcimy ziemskie narodziny. Przez jego wstawiennictwo pragniemy modli\u0107 si\u0119 o \u0142ask\u0119 bycia wiarygodnym \u015bwiadkiem Jezusa Chrystusa.<\/p>\n<p>5. W pi\u0105tek o godz. 18.00 przyb\u0119d\u0105 do nas relikwie b\u0142og. rodziny Ulm\u00f3w i b\u0119d\u0105 w naszym ko\u015bciele do soboty do godz. 15.00 cho\u0107 oficjalne po\u017cegnanie odb\u0119dzie si\u0119 na sumie odpustowej. W pi\u0105tek b\u0119dzie mo\u017cna modli\u0107 si\u0119 przy relikwiach do godz. 22.00.<\/p>\n<p>6. Natomiast w sobot\u0119, 29 czerwca, \u015bwi\u0119towa\u0107 b\u0119dziemy uroczysto\u015b\u0107 \u015awi\u0119tych Aposto\u0142\u00f3w Piotra i Paw\u0142a \u015bwi\u0119to patronalne naszej parafii. To dwa filary, na kt\u00f3rych opiera si\u0119 ca\u0142a nasza ko\u015bcielna wsp\u00f3lnota. Zapraszam na wsp\u00f3ln\u0105 modlitw\u0119 na Mszach \u015awi\u0119tych o godz. 9.00 i o 12.00 suma odpustowa, kt\u00f3rej przewodniczy\u0142 b\u0119dzie ks. Kan. Jacek Sereda &nbsp;diecezjalny duszpasterz rodzin.&nbsp; Na zako\u0144czenie sumy procesja. Prosz\u0119 przygotowa\u0107 feretron, obrazy, dziewczynki zapraszam do sypania kwiat\u00f3w. Zbierana w tym dniu taca jest przeznaczona na potrzeby Stolicy \u015awi\u0119tej.<\/p>\n<p>7. Przysz\u0142a niedziela ostatnia miesi\u0105ca \u2013 taca ekonomiczna.<\/p>\n<p>8. W przysz\u0142\u0105 niedziel\u0119 o godz. 18.00&nbsp; wyst\u0105pi zesp\u00f3\u0142 Mazowsze.<\/p>\n<p>9. Dzi\u0119kuj\u0119 za wyczyszczenie kostki wok\u00f3\u0142 ko\u015bcio\u0142a mieszka\u0144com Jan\u00f3wka \u2013 Zofii i Dariuszowi Patokom, Jaworka \u2013 Marcie Chro\u015bcickiej i Andrzejowi Mrozowi, Lasu Jaworskiego \u2013 Monice Matusik, \u015awidna &#8211; Edycie i Danielowi Chabierom, Wierzbna \u2013 Dariuszowi Wr\u00f3blewskiemu, W\u00f3lki \u2013 Katarzynie Chabiera, Katarzynie i Kubie Wojty\u0144skim, Katarzynie \u017belazowskiej, Cierpi\u0105t \u2013 Micha\u0142owi W\u0105sowskiemu, p. Tomkiewiczom ze \u015awidna dzi\u0119kuj\u0119 za u\u017cyczenie szczotki.<\/p>\n<p>10. Dzi\u0119kuj\u0119 za sprz\u0105tanie ko\u015bcio\u0142a rodzinom Wies\u0142aw Kujawa, Marian Korczak, Danuta Ho\u0142ubiec, Andrzej Barcz z Sobonia . W przysz\u0142ym tygodniu zapraszam rodziny Kazimierz Zalewski, Andrzej Siwiak, Zofia Rogala, Marcin Rogala z Sobonia<\/p>\n<p>11. Na stoliku wy\u0142o\u017cony jest nowy numer Echa katolickiego.<\/p>\n<p>12. Wszystkim solenizantom i jubilatom, kt\u00f3rzy b\u0119d\u0105 prze\u017cywali swoje \u015bwi\u0119to w najbli\u017cszych dniach, \u017cycz\u0119 Bo\u017cego b\u0142og. i obfito\u015bci Bo\u017cych \u0142ask.<\/p>\n<h4 style=\"text-align: center;\"><strong>JEDENASTA NIEDZIELA W CI\u0104GU ROKU<br \/>\n16 czerwca 2024<br \/>\n<\/strong><strong>OG\u0141OSZENIA DUSZPASTERSKIE<\/strong><\/h4>\n<p>1. W prostych s\u0142owach, za pomoc\u0105 przypowie\u015bci Pan Jezus przybli\u017ca rzeczywisto\u015b\u0107 Bo\u017cego kr\u00f3lestwa, do kt\u00f3rego wszyscy jeste\u015bmy zaproszeni. Ko\u0144cz\u0105cy si\u0119 rok szkolny i&nbsp;katechetyczny 2023\/2024 niech nas pobudzi do refleksji: na ile z tego zaproszenia skorzystali\u015bmy i zbli\u017cyli\u015bmy si\u0119 do Pana.<\/p>\n<p>2. W czerwcu po\u015bwi\u0119conym czci Naj\u015bwi\u0119tszego Serca Pana Jezusa ka\u017cdego wieczoru po Mszy \u015bwi\u0119tej o godz. 18.00 wsp\u00f3lnie odmawiamy Litani\u0119 do Bo\u017cego Serca. Zapraszam do udzia\u0142u w tych nabo\u017ce\u0144stwach.<\/p>\n<p>3. We wtorek o godz. 15.00 b\u0119d\u0119 z moimi kolegami z rocznika \u015bwi\u0119ce\u0144 b\u0119d\u0119 sprawowa\u0142 dzi\u0119kczynn\u0105 Eucharysti\u0119 za 28 lat kap\u0142a\u0144stwa. Zapraszam na wsp\u00f3ln\u0105 modlitw\u0119.<\/p>\n<p>4. W pi\u0105tek, 21 czerwca, zako\u0144czy si\u0119 kolejny rok szkolny i katechetyczny. Na dzi\u0119kczynn\u0105 Msz\u0119 \u015awi\u0119t\u0105 zapraszam w pi\u0105tkowy poranek o godz.8.00.<\/p>\n<p>5. Za dwa tygodnie b\u0119dziemy prze\u017cywali nasze parafialne \u015bwi\u0119to \u2013 odpust ku czci \u015bwi\u0119tych Aposto\u0142\u00f3w Piotra i Paw\u0142a. W tym roku b\u0119dzie mia\u0142 wyj\u0105tkowy charakter. Ju\u017c wieczorem 28 czerwca przyb\u0119d\u0105 do nas relikwie b\u0142. Rodziny Ulm\u00f3w i b\u0119d\u0105 przybywa\u0142y w naszej \u015bwi\u0105tyni do wieczora dnia nast\u0119pnego.<\/p>\n<p>6. Prosz\u0119 Pa\u0144stwa Radnych o wyznaczenie po dwie osoby z wioski do wyczyszczenia kostki wok\u00f3\u0142 ko\u015bcio\u0142a w najbli\u017csz\u0105 sobot\u0119.<\/p>\n<p>7. W dniu dzisiejszym swoje imieniny obchodzi p. Aneta. \u017byczymy Jej Bo\u017cego b\u0142og., obfito\u015bci Bo\u017cych \u0142as.<\/p>\n<p>8. Dzi\u0119kuj\u0119 za sprz\u0105tanie ko\u015bcio\u0142a rodzinom Marek Madziar, Andrzej Chabiera, Eugeniusz Szatkowski z Jaworka . W przysz\u0142ym tygodniu zapraszam rodziny Wies\u0142aw Kujawa, Marian Korczak, Danuta Ho\u0142ubiec z Sobonia<\/p>\n<p>9. Na stoliku wy\u0142o\u017cony jest nowy numer Echa katolickiego.<\/p>\n<p>10. Wszystkim solenizantom i jubilatom, kt\u00f3rzy b\u0119d\u0105 prze\u017cywali swoje \u015bwi\u0119to w najbli\u017cszych dniach, \u017cycz\u0119 Bo\u017cego b\u0142og. i obfito\u015bci Bo\u017cych \u0142ask.<\/p>\n<h4 style=\"text-align: center;\"><strong>DZIESI\u0104TA NIEDZIELA W CI\u0104GU ROKU<br \/>\n9 czerwca 2024<br \/>\n<\/strong><strong>OG\u0141OSZENIA DUSZPASTERSKIE<\/strong><\/h4>\n<p>1. Jezus swoim nauczaniem i znakami, kt\u00f3re czyni\u0142, daje zrozumie\u0107, \u017ce przyszed\u0142 jako obiecany Mesjasz i Odkupiciel. Dzie\u0142a zbawienia dokona\u0142 przez krzy\u017cow\u0105 ofiar\u0119, kt\u00f3ra jest ponawiana na o\u0142tarzach ca\u0142ego \u015bwiata. Mo\u017ce warto skorzysta\u0107 z okazji i przyj\u015b\u0107 na Msz\u0119 \u015awi\u0119t\u0105 r\u00f3wnie\u017c w dni powszednie.<\/p>\n<p>2. W czerwcu po\u015bwi\u0119conym czci Naj\u015bwi\u0119tszego Serca Pana Jezusa ka\u017cdego wieczoru po Mszy \u015bwi\u0119tej o godz. 18.00 wsp\u00f3lnie odmawiamy Litani\u0119 do Bo\u017cego Serca. Zapraszam do udzia\u0142u w tych nabo\u017ce\u0144stwach.<\/p>\n<p>3. Dzisiaj zbi\u00f3rka do puszek na KUL<\/p>\n<p>4. Dzisiaj tak\u017ce w przysz\u0142\u0105 niedziel\u0119 po Mszy \u015bwi\u0119tej&nbsp; o godz. 9.00 zmiana tajemnic dla Rodzic\u00f3w modl\u0105cych si\u0119 za dzieci, o 10.30 r\u00f3\u017caniec za zmar\u0142ych polecanych w wypominkach z Helenowa i Lasu Jaworskiego a po Mszy \u015bwi\u0119tej o godz. 11.00 zmiana tajemnic dla K\u017bR m\u0119\u017cczyzn.<\/p>\n<p>5. W czwartek, 13 czerwca, obchodzimy wspomnienie \u015awi\u0119tego Antoniego z Padwy.<\/p>\n<p>6. Dzi\u0119kuj\u0119 za przygotowanie o\u0142tarzy na Bo\u017ce Cia\u0142o, Druhom Stra\u017cakom za asyst\u0119 i za zabezpieczenie trasy, scholi za opraw\u0119 muzyczn\u0105, ministrantom za zaanga\u017cowanie w procesj\u0119, dziewczynkom za sypanie kwiatk\u00f3w, dzi\u0119kuj\u0119 nios\u0105cym feretrony, chor\u0105gwie oraz tym wszystkim, kt\u00f3rzy uczestniczyli w procesji i w oktawie.<\/p>\n<p>7. W tym roku po raz pierwszy wyruszy rowerowa pielgrzymka w sierpniu&nbsp; do Cz\u0119stochowy.<\/p>\n<p>8. Dzi\u0119kuj\u0119 za sprz\u0105tanie ko\u015bcio\u0142a rodzinom Grzegorz Ku\u015bmierczyk, Andrzej Ku\u015bmierczyk, Andrzej Mr\u00f3z z Jaworka . W przysz\u0142ym tygodniu zapraszam rodziny Marek Madziar, Andrzej Chabiera, Eugeniusz Szatkowski z Sobonia<\/p>\n<p>9. Na stoliku wy\u0142o\u017cony jest nowy numer Echa katolickiego.<\/p>\n<p>10. Wszystkim solenizantom i jubilatom, kt\u00f3rzy b\u0119d\u0105 prze\u017cywali swoje \u015bwi\u0119to w najbli\u017cszych dniach, \u017cycz\u0119 Bo\u017cego b\u0142og. i obfito\u015bci Bo\u017cych \u0142ask.<\/p>\n<p>11. Do przyj\u0119cia sakramentu ma\u0142\u017ce\u0144stwa przygotowuj\u0105 si\u0119 Wojciech Tomasz Piwko kaw. zam. w Ostr\u00f3wku par. NMP Kr\u00f3lowej Polski w Ostr\u00f3wku i Ewelina Justyna Bzoch panna zam w W\u00f3lce, par. tut., zap. III.<\/p>\n<h4 style=\"text-align: center;\"><strong>DZIEWI\u0104TA NIEDZIELA W CI\u0104GU ROKU<br \/>\n2 czerwca 2024<br \/>\n<\/strong><strong>OG\u0141OSZENIA DUSZPASTERSKIE<\/strong><\/h4>\n<p>1. Liturgia s\u0142owa przypomnia\u0142a o potrzebie \u015bwi\u0119towania dnia po\u015bwi\u0119conego dla Pana. Prawo Moj\u017ceszowe m\u00f3wi\u0142o o obowi\u0105zku, za\u015b Pan Jezus wskaza\u0142 jeszcze g\u0142\u0119bszy, bo duchowy sens \u015bwi\u0119towania. Ma ono prowadzi\u0107 do pomna\u017cania dobra, do naszego ubogacenia i&nbsp;u\u015bwi\u0119cenia\u2026<\/p>\n<p>2. Dzisiejsza niedziela w naszej Ojczy\u017anie obchodzona jest jako Dzie\u0144 Dzi\u0119kczynienia. Ka\u017cda i ka\u017cdy z nas ma za co Bogu dzi\u0119kowa\u0107. Przede wszystkim dzi\u0119kujmy Bogu za Jego niepoj\u0119t\u0105 i niesko\u0144czon\u0105 mi\u0142o\u015b\u0107, za dar Jego Wcielenia i Odkupienia. W to dzi\u0119kczynienie w\u0142\u0105czajmy sprawy osobiste, dotycz\u0105ce naszej parafialnej wsp\u00f3lnoty, lecz tak\u017ce i ca\u0142ego narodu.<\/p>\n<p>3. Rozpocz\u0119li\u015bmy czerwiec \u2013 miesi\u0105c po\u015bwi\u0119cony czci Naj\u015bwi\u0119tszego Serca Pana Jezusa. Wieczorem wsp\u00f3lnie odprawiamy nabo\u017ce\u0144stwa &nbsp;do Serca Bo\u017cego.<\/p>\n<p>4. Trwamy w tak zwanej \u201eoktawie\u201d uroczysto\u015bci Bo\u017cego Cia\u0142a. Wieczorn\u0105 Eucharysti\u0119 odprawiamy na zako\u0144czenie kt\u00f3rej odbywa si\u0119 procesja wok\u00f3\u0142 ko\u015bcio\u0142a. W czwartek po procesji i nabo\u017ce\u0144stwie po\u015bwi\u0119c\u0119 \u201ewianki\u201d z zio\u0142ami i&nbsp;nowalijkami z naszych ogrod\u00f3w i dzia\u0142ek oraz uroczyste b\u0142ogos\u0142awie\u0144stwo dzieci. Jak w ubieg\u0142ych latach do organizacji procesji wok\u00f3\u0142 \u015bwi\u0105tyni zapraszam mieszka\u0144c\u00f3w nast\u0119puj\u0105cych miejscowo\u015bci: w poniedzia\u0142ek&nbsp; \u2013 Sobo\u0144, we wtorek \u2013 W\u00f3lka i \u015awidno, w \u2013 Helen\u00f3w i Las Jaworski, a w czwartek&nbsp; \u2013 na zako\u0144czenie oktawy Bo\u017cego Cia\u0142a \u2013 ca\u0142\u0105 wsp\u00f3lnot\u0119 parafialn\u0105<\/p>\n<p>5. W pierwszy pi\u0105tek czerwca celebrowa\u0107 b\u0119dziemy uroczysto\u015b\u0107 Naj\u015bwi\u0119tszego Serca Pana Jezusa, kt\u00f3ra jest r\u00f3wnie\u017c \u015awiatowym Dniem Modlitw o U\u015bwi\u0119cenie Kap\u0142an\u00f3w.. W tym uroczystym dniu nie obowi\u0105zuje nas wstrzemi\u0119\u017aliwo\u015b\u0107 od pokarm\u00f3w mi\u0119snych. O godz. 17.00 wystawienie Naj\u015bwi\u0119tszego Sakramentu i adoracja do godz. 18.00.<\/p>\n<p>6. W sobot\u0119, 8 czerwca, przypada wspomnienie Niepokalanego Serca Naj\u015bwi\u0119tszej Maryi Panny.<\/p>\n<p>7. W przysz\u0142\u0105 niedziel\u0119 zbi\u00f3rka do puszek na KUL<\/p>\n<p>8. Tak\u017ce w przysz\u0142\u0105 niedziel\u0119 po Mszy \u015bwi\u0119tej&nbsp; o godz. 9.00 zmiana tajemnic dla Rodzic\u00f3w modl\u0105cych si\u0119 za dzieci, o 10.30 r\u00f3\u017caniec za zmar\u0142ych polecanych w wypominkach z Helenowa i Lasu Jaworskiego a po Mszy \u015bwi\u0119tej o godz. 11.00 zmiana tajemnic dla K\u017bR m\u0119\u017cczyzn, a dzisiaj &nbsp;a po Mszy \u015bwi\u0119tej o godz. 11.00 zmiana tajemnic dla K\u017bR kobiet.<\/p>\n<p>9. Dzi\u0119kuj\u0119 za sprz\u0105tanie ko\u015bcio\u0142a rodzinom Jolanta Ol\u0119dzka, Zbigniew Szatkowski, Adam Brzuszkiewicz z Jaworka . W przysz\u0142ym tygodniu zapraszam rodziny Grzegorz Ku\u015bmierczyk, Andrzej Ku\u015bmierczyk, Andrzej Mr\u00f3z z Jaworka<\/p>\n<p>10. Na stoliku wy\u0142o\u017cony jest nowy numer Echa katolickiego.<\/p>\n<p>11. Wszystkim solenizantom i jubilatom, kt\u00f3rzy b\u0119d\u0105 prze\u017cywali swoje \u015bwi\u0119to w najbli\u017cszych dniach, \u017cycz\u0119 Bo\u017cego b\u0142og. i obfito\u015bci Bo\u017cych \u0142ask.<\/p>\n<p>12. Do przyj\u0119cia sakramentu ma\u0142\u017ce\u0144stwa przygotowuj\u0105 si\u0119 Wojciech Tomasz Piwko kaw. zam. w Ostr\u00f3wku par. NMP Kr\u00f3lowej Polski w Ostr\u00f3wku i Ewelina Justyna Bzoch panna zam w W\u00f3lce, par. tut., zap. II.<\/p>\n","protected":false},"excerpt":{"rendered":"<p>Powr\u00f3t do listy og\u0142osze\u0144 TRZYNASTA NIEDZIELA W CI\u0104GU ROKU 30 czerwca 2024 OG\u0141OSZENIA DUSZPASTERSKIE 1. \u201eNie b\u00f3j si\u0119, wierz tylko\u201d \u2013 dzisiaj te s\u0142owa Pan Jezus kieruje do ka\u017cdej i ka\u017cdego z nas. Warto rozpocz\u0119ty czas wakacji wykorzysta\u0107 do pog\u0142\u0119bienia wiary i relacji z Bogiem. 2. Dzisiaj taca ekonomiczna. W maju z\u0142o\u017cono 1784 z\u0142. B\u00f3g zap\u0142a\u0107. 3. We wtorek 2 lipca w Kodniu obchodzony b\u0119dzie po raz kolejny dzie\u0144 chorego. O godz. 12.00 ks. bp. Kazimierz Gurda b\u0119dzie sprawowa\u0142 Msz\u0119 \u015bwi\u0119t\u0105 za wszystkich chorych. 4. W tym tygodniu przypada pierwszy czwartek, pierwszy pi\u0105tek i pierwsza sobota miesi\u0105ca. W pierwszy czwartek zapraszam do wsp\u00f3lnej modlitwy za wszystkich powo\u0142anych do s\u0142u\u017cby Bo\u017cej oraz o nowe i \u015bwi\u0119te powo\u0142ania \u2013 w tych intencjach odm\u00f3wimy wsp\u00f3lnie Litani\u0119 do Najdro\u017cszej Krwi Chrystusa. W pierwszy pi\u0105tek o godz. 17.00 wystawienie Naj\u015bwi\u0119tszego Sakramentu do gdz. 18.00. Adoracj\u0119 zako\u0144czymy nabo\u017ce\u0144stwem ku czci Naj\u015bwi\u0119tszego Serca Pana Jezusa i Msz\u0105 \u2026 <a class=\"continue-reading-link\" href=\"https:\/\/www.parafiawierzbno.com.pl\/?page_id=11123\">Czytaj dalej <span class=\"meta-nav\">&rarr; <\/span><\/a><\/p>\n","protected":false},"author":1,"featured_media":0,"parent":225,"menu_order":0,"comment_status":"closed","ping_status":"closed","template":"","meta":{"ngg_post_thumbnail":0},"_links":{"self":[{"href":"https:\/\/www.parafiawierzbno.com.pl\/index.php?rest_route=\/wp\/v2\/pages\/11123"}],"collection":[{"href":"https:\/\/www.parafiawierzbno.com.pl\/index.php?rest_route=\/wp\/v2\/pages"}],"about":[{"href":"https:\/\/www.parafiawierzbno.com.pl\/index.php?rest_route=\/wp\/v2\/types\/page"}],"author":[{"embeddable":true,"href":"https:\/\/www.parafiawierzbno.com.pl\/index.php?rest_route=\/wp\/v2\/users\/1"}],"replies":[{"embeddable":true,"href":"https:\/\/www.parafiawierzbno.com.pl\/index.php?rest_route=%2Fwp%2Fv2%2Fcomments&post=11123"}],"version-history":[{"count":7,"href":"https:\/\/www.parafiawierzbno.com.pl\/index.php?rest_route=\/wp\/v2\/pages\/11123\/revisions"}],"predecessor-version":[{"id":11140,"href":"https:\/\/www.parafiawierzbno.com.pl\/index.php?rest_route=\/wp\/v2\/pages\/11123\/revisions\/11140"}],"up":[{"embeddable":true,"href":"https:\/\/www.parafiawierzbno.com.pl\/index.php?rest_route=\/wp\/v2\/pages\/225"}],"wp:attachment":[{"href":"https:\/\/www.parafiawierzbno.com.pl\/index.php?rest_route=%2Fwp%2Fv2%2Fmedia&parent=11123"}],"curies":[{"name":"wp","href":"https:\/\/api.w.org\/{rel}","templated":true}]}}