{"id":11142,"date":"2024-07-08T09:48:04","date_gmt":"2024-07-08T07:48:04","guid":{"rendered":"https:\/\/www.parafiawierzbno.com.pl\/?page_id=11142"},"modified":"2024-08-03T19:13:33","modified_gmt":"2024-08-03T17:13:33","slug":"ogloszenia-lipiec-2024","status":"publish","type":"page","link":"https:\/\/www.parafiawierzbno.com.pl\/?page_id=11142","title":{"rendered":"Og\u0142oszenia &#8211; Lipiec 2024"},"content":{"rendered":"<p><a title=\"Og\u0142oszenia parafialne\" href=\"https:\/\/www.parafiawierzbno.com.pl\/?page_id=225\">Powr\u00f3t do listy og\u0142osze\u0144<\/a><\/p>\n<p style=\"text-align: center;\"><strong>SIEDEMNASTA NIEDZIELA W CI\u0104GU ROKU<br \/>\n28 lipca 2024<br \/>\n<\/strong><strong>OG\u0141OSZENIA DUSZPASTERSKIE<\/strong><\/p>\n<p>1. Podczas Eucharystii do\u015bwiadczamy cudu rozmno\u017cenia chleba i zaspokajania najg\u0142\u0119bszych ludzkich potrzeb i pragnie\u0144. Pragniemy trwa\u0107 w dzi\u0119kczynieniu za to, \u017ce Pan otwiera r\u0119k\u0119 i&nbsp;karmi nas do syta, \u017ce udziela wielu \u0142ask i towarzyszy nam na drogach \u017cycia\u2026<\/p>\n<p>2. Dzisiaj po Mszach \u015awi\u0119tych b\u0142ogos\u0142awi\u0119 kierowc\u00f3w i ich pojazdy z okazji ubieg\u0142otygodniowego wspomnienia \u015awi\u0119tego Krzysztofa. Ofiary sk\u0142adane z racji po\u015bwi\u0119cenia pojazd\u00f3w s\u0105 przeznaczone na zakup \u015brodk\u00f3w transportu dla misjonarzy. Tak\u017ce dzisiaj przypada \u015awiatowy Dzie\u0144 Dziadk\u00f3w i Os\u00f3b Starszych. To wspania\u0142a okazja, aby pomodli\u0107 si\u0119 za nasze Babcie i&nbsp;Dziadk\u00f3w, a tak\u017ce wyrazi\u0107 im wdzi\u0119czno\u015b\u0107 za dobro\u0107 ich serca, \u017ce zawsze maj\u0105 czas dla swoich wnucz\u0105t.<\/p>\n<p>3. Prze\u017cywamy ostatni\u0105 niedziel\u0119 miesi\u0105ca wi\u0119c taca ekonomiczna. W czerwcu z\u0142o\u017cono 1653 z\u0142. B\u00f3g zap\u0142a\u0107.<\/p>\n<p>3. W tym tygodniu przypadaj\u0105: pierwszy czwartek, pierwszy pi\u0105tek i pierwsza sobota miesi\u0105ca.<\/p>\n<p>W czwartek nasz\u0105 modlitw\u0119 ofiarujemy w intencji powo\u0142anych do s\u0142u\u017cby Bo\u017cej oraz o nowe i \u015bwi\u0119te powo\u0142ania.<\/p>\n<p>W pierwszy pi\u0105tek zapraszam na modlitw\u0119 adoracyjn\u0105 od godz. 17.00. Adoracj\u0119 zako\u0144czymy nabo\u017ce\u0144stwem ku czci Naj\u015bwi\u0119tszego Serca Pana Jezusa.<\/p>\n<p>W pierwsz\u0105 sobot\u0119 nabo\u017ce\u0144stwo do Naj\u015bw. Maryi Panny.<\/p>\n<p>4. \u015awi\u0119ty Franciszek z Asy\u017cu \u017cywi\u0142 wyj\u0105tkow\u0105 mi\u0142o\u015b\u0107 do Maryi, tote\u017c starann\u0105 opiek\u0105 otoczy\u0142 kaplic\u0119 ku Jej czci, zwan\u0105 Porcjunkul\u0105. Rocznica po\u015bwi\u0119cenia tej kaplicy przypada 2 sierpnia i wed\u0142ug podania \u015awiety Franciszek otrzyma\u0142 w niej s\u0142ynny odpust, kt\u00f3ry papie\u017ce zatwierdzili i rozci\u0105gn\u0119li na ca\u0142y Ko\u015bci\u00f3\u0142 na dzie\u0144 rocznicy jej po\u015bwi\u0119cenia.<\/p>\n<p>Warunkiem jego uzyskania jest wzbudzenie takiej intencji, stan \u0142aski u\u015bwi\u0119caj\u0105cej, modlitwa w intencjach wyznaczonych przez papie\u017ca oraz nawiedzenie ko\u015bcio\u0142a parafialnego.<\/p>\n<p>5. Dnia 1 sierpnia b\u0119dziemy prze\u017cywali 80. rocznic\u0119 wybuchu powstania warszawskiego. Niech wspomnienie tego zrywu przypomina nam nieustannie o potrzebie modlitwy za nasz\u0105 umi\u0142owan\u0105 ojczyzn\u0119, za tych, kt\u00f3rzy w walce o jej wolno\u015b\u0107 oddali swoje \u017cycie, oraz za tych, kt\u00f3rym powierzono w niej odpowiedzialne stanowiska.<\/p>\n<p>6. W sobot\u0119 b\u0119dziemy go\u015bcili pielgrzymk\u0119 Bia\u0142ostock\u0105. Zapraszam Panie na godz. 15.30 do przygotowania posi\u0142ku dla pielgrzym\u00f3w.<\/p>\n<p>7. Na stoliku wy\u0142o\u017cone s\u0105 karty duchowej pielgrzymki. Zach\u0119cam do wzi\u0119cia udzia\u0142u.<\/p>\n<p>8. Dzi\u0119kuj\u0119 za sprz\u0105tanie ko\u015bcio\u0142a rodzinom Dariusz Bergier,&nbsp; Mariusz Bergier , Bronis\u0142aw Sobiepanek, Dariusz Wojty\u0144ski ze \u015awidna. W przysz\u0142ym tygodniu zapraszam rodziny Jan Tomkiewicz, Mateusz Tomkiewicz, W\u0142odzimierz Jasi\u0144ski, Rafa\u0142 Jasi\u0144ski ze \u015awidna<\/p>\n<p>9. Na stoliku wy\u0142o\u017cony jest nowy numer Echa katolickiego.<\/p>\n<p>10. Wszystkim solenizantom i jubilatom, kt\u00f3rzy b\u0119d\u0105 prze\u017cywali swoje \u015bwi\u0119to w najbli\u017cszych dniach, \u017cycz\u0119 Bo\u017cego b\u0142og. i obfito\u015bci Bo\u017cych \u0142ask.<\/p>\n<h4 style=\"text-align: center;\"><strong>SZESNASTA NIEDZIELA W CI\u0104GU ROKU<br \/>\n21 lipca 2024<br \/>\n<\/strong><strong>OG\u0141OSZENIA DUSZPASTERSKIE<\/strong><\/h4>\n<p>1. Us\u0142yszeli\u015bmy, \u017ce B\u00f3g jest prawdziwie Dobrym Pasterzem, kt\u00f3ry lituje si\u0119 nad swoim ludem i obdarza go wieloma dobrodziejstwami. B\u0105d\u017amy wdzi\u0119czni za otrzymywane dary i&nbsp;starajmy si\u0119 do Niego zbli\u017ca\u0107 i z Nim jednoczy\u0107. Mo\u017ce warto w ten spos\u00f3b wykorzysta\u0107 trwaj\u0105cy okres wakacji.<\/p>\n<p>2. Bie\u017c\u0105cy tydzie\u0144 obfituje w obchody liturgiczne: w poniedzia\u0142ek przypada \u015bwi\u0119to \u015awi\u0119tej Marii Magdaleny, we wtorek \u2013 \u015awi\u0119tej Brygidy Szwedzkiej, w czwartek \u2013 \u015awi\u0119tego Jakuba, Aposto\u0142a. Dope\u0142niaj\u0105 je \u015brodowe wspomnienie \u015awi\u0119tej Kingi i sobotnie \u2013 \u015awi\u0119tych Anny i&nbsp;Joachima.<\/p>\n<p>3. W przysz\u0142\u0105 niedziel\u0119 po Mszach \u015awi\u0119tych pob\u0142ogos\u0142awi\u0119 pojazdy i ich u\u017cytkownik\u00f3w z&nbsp;racji na przypadaj\u0105ce 25 lipca wspomnienie \u015awi\u0119tego Krzysztofa, patrona kierowc\u00f3w i&nbsp;podr\u00f3\u017cuj\u0105cych. Ofiary sk\u0142adane przy tej okazji s\u0105 przeznaczone na zakup \u015brodk\u00f3w transportu dla misjonarzy.<\/p>\n<p>4. R\u00f3wnie\u017c w przysz\u0142\u0105 niedziel\u0119 po raz czwarty b\u0119dziemy prze\u017cywa\u0107 \u015awiatowy Dzie\u0144 Dziadk\u00f3w i Os\u00f3b Starszych.<\/p>\n<p>5. Przysz\u0142a niedziela \u2013 ostatnia miesi\u0105ca. Taca ekonomiczna.<\/p>\n<p>6. Ju\u017c za dwa tygodnie b\u0119dziemy go\u015bcili Pielgrzymk\u0119 Bia\u0142ostock\u0105. Prosz\u0119 Pa\u0144stwa Radnych o zbi\u00f3rk\u0119 pieni\u0119dzy na zakup potrzebnych \u015brodk\u00f3w dla pielgrzym\u00f3w.<\/p>\n<p>7. Dzi\u0119kuj\u0119 za sprz\u0105tanie ko\u015bcio\u0142a rodzinom Tadeusz Giersz, S\u0142awomir Tafil, Artur Szcz\u0119sny, S\u0142awomir Szcz\u0119sny, Mieczys\u0142aw Dmowski z Sobonia . W przysz\u0142ym tygodniu zapraszam rodziny Dariusz Bergier,&nbsp; Mariusz Bergier , Bronis\u0142aw Sobiepanek, Dariusz Wojty\u0144ski ze \u015awidna<\/p>\n<p>8. Na stoliku wy\u0142o\u017cony jest nowy numer Echa katolickiego.<\/p>\n<p>9. Wszystkim solenizantom i jubilatom, kt\u00f3rzy b\u0119d\u0105 prze\u017cywali swoje \u015bwi\u0119to w najbli\u017cszych dniach, \u017cycz\u0119 Bo\u017cego b\u0142og. i obfito\u015bci Bo\u017cych \u0142ask.<\/p>\n<h4 style=\"text-align: center;\"><strong>PI\u0118TNASTA NIEDZIELA W CI\u0104GU ROKU<br \/>\n14 lipca 2024<br \/>\n<\/strong><strong>OG\u0141OSZENIA DUSZPASTERSKIE<\/strong><\/h4>\n<p>1. Jeste\u015bmy nieustannie posy\u0142ani przez Pana, aby g\u0142osi\u0107 kr\u00f3lestwo Bo\u017ce, aby \u015bwiadczy\u0107, \u017ce Pan jest i dzia\u0142a po\u015br\u00f3d nas. T\u0119 misj\u0119 realizujemy przez codzienn\u0105 wierno\u015b\u0107 Ewangelii, mi\u0119dzy innymi przez udzia\u0142 w niedzielnej Eucharystii podczas wakacyjnych woja\u017cy.<\/p>\n<p>2. Dzisiaj po Mszy \u015bwi\u0119tej o godz. 9.00 zmiana tajemnic r\u00f3\u017ca\u0144ca dla Rodzic\u00f3w modl\u0105cych si\u0119 za dzieci, o 10.30 r\u00f3\u017caniec za zmar\u0142ych polecanych w wypominkach z Jaworka, a po Mszy \u015bwi\u0119tej o godz. 11.00 zmiana tajemnic r\u00f3\u017ca\u0144ca dl K\u017bR m\u0119\u017cczyzn.<\/p>\n<p>3. We wtorek, 16 lipca, przypada wspomnienie Naj\u015bwi\u0119tszej Maryi Panny z G\u00f3ry Karmel. G\u00f3ra Karmel ze Starego Testamentu kojarzy nam si\u0119 z obron\u0105 wiary w Jedynego Boga przez proroka Eliasza, w \u015bredniowieczu sta\u0142a si\u0119 miejscem powstania zakonu karmelita\u0144skiego. Z&nbsp;tym dniem i z karmelita\u0144sk\u0105 rodzin\u0105 zakonn\u0105 wi\u0105\u017ce si\u0119 r\u00f3wnie\u017c tradycja noszenia szkaplerza i zwi\u0105zane z nim obietnice Matki Bo\u017cej. Niech b\u0119dzie on znakiem, \u017ce chcemy na\u015bladowa\u0107 Maryj\u0119 w Jej zawierzeniu Bogu i Jego s\u0142owu.<\/p>\n<p>4. Dzi\u0119kuj\u0119 Druhom Stra\u017cakom za usuni\u0119cie po\u0142amanych drzew z pomnik\u00f3w, natomiast panom Grzegorzowi Bia\u0142ouszowi, Andrzejowi Chabierze, Romanowi Gog\u0142ozie, Leszkowi Kodymowi, Grzegorzowi \u0141ukasiakowi, Jackowi Polkowskiemu, Andrzejowi Mrozowi, Krzysztofowi i Rados\u0142awowi Mrozom, Micha\u0142owi W\u0105sowskiemu, W\u0142odzimierzowi Wiechowskiemu<\/p>\n<p>5. Dzi\u0119kuj\u0119 za sprz\u0105tanie ko\u015bcio\u0142a rodzinom Teresa \u0141ukasiak, Andrzej Patoka, Janusz \u0141ukasiak z Sobonia . W przysz\u0142ym tygodniu zapraszam rodziny Tadeusz Giersz, S\u0142awomir Tafil, Artur Szcz\u0119sny, S\u0142awomir Szcz\u0119sny z Sobonia<\/p>\n<p>6. Na stoliku wy\u0142o\u017cony jest nowy numer Echa katolickiego.<\/p>\n<p>7. Wszystkim solenizantom i jubilatom, kt\u00f3rzy b\u0119d\u0105 prze\u017cywali swoje \u015bwi\u0119to w najbli\u017cszych dniach, \u017cycz\u0119 Bo\u017cego b\u0142og. i obfito\u015bci Bo\u017cych \u0142ask.<\/p>\n<p style=\"text-align: center;\"><strong>CZTERNASTA NIEDZIELA W CI\u0104GU ROKU<br \/>\n7 lipca 2024<br \/>\n<\/strong><strong>OG\u0141OSZENIA DUSZPASTERSKIE<\/strong><\/p>\n<p>1. \u201eDo Ciebie, Bo\u017ce, wznosz\u0119 moje oczy\u201d \u2013 refren psalmu responsoryjnego pi\u0119knie opisuje ka\u017cde nasze spotkanie z Panem. Zr\u00f3bmy wszystko, co w naszej mocy, aby w czasie wolnym od pracy i nauki nie zaniedbywa\u0107 relacji z Bogiem; pami\u0119tajmy o powiedzeniu, \u017ce nie ma wakacji od Pana Boga.<\/p>\n<p>2. Dzisiaj po Mszy \u015bwi\u0119tej o godz. 11.00&nbsp; adoracja Naj\u015bwi\u0119tszego Sakramentu po\u0142\u0105czona z procesj\u0105 Eucharystyczn\u0105. A nast\u0119pnie zmiana tajemnic r\u00f3\u017ca\u0144ca dla K\u017bR kobiet.<\/p>\n<p>3. Rozpocz\u0119\u0142y si\u0119 wakacje. Niekt\u00f3rzy z naszych Parafian korzystaj\u0105 ju\u017c z czasu wypoczynku. &nbsp;Wakacyjne miesi\u0105ce to tak\u017ce czas wyt\u0119\u017conej pracy na polach. Wypraszajmy u Boga dar sprzyjaj\u0105cej pogody na czas \u017cniw oraz obfite plony. Niech czas wakacyjnego wypoczynku b\u0119dzie dla wszystkich czasem bezpiecznym, pogodnym i radosnym. Nie zapominajmy w tym czasie o codziennej modlitwie i niedzielnej Eucharystii.<\/p>\n<p>4. W przysz\u0142\u0105 niedziel\u0119 po Mszy \u015bwi\u0119tej o godz. 9.00 zmiana tajemnic r\u00f3\u017ca\u0144ca dla Rodzic\u00f3w modl\u0105cych si\u0119 za dzieci, o 10.30 r\u00f3\u017caniec za zmar\u0142ych polecanych w wypominkach z Jaworka, a po Mszy \u015bwi\u0119tej o godz. 11.00 zmiana tajemnic r\u00f3\u017ca\u0144ca dl K\u017bR m\u0119\u017cczyzn.<\/p>\n<p>5. Dzi\u0119kuj\u0119 za sprz\u0105tanie ko\u015bcio\u0142a rodzinom Wawrzyniec Kra\u015bny, Miros\u0142aw Skar\u017cy\u0144ski, Jacek Kiesner z Sobonia . W przysz\u0142ym tygodniu zapraszam rodziny Teresa \u0141ukasiak, Andrzej Patoka, Janusz \u0141ukasiak z Sobonia<\/p>\n<p>6. Na stoliku wy\u0142o\u017cony jest nowy numer Echa katolickiego.<\/p>\n<p>7. Wszystkim solenizantom i jubilatom, kt\u00f3rzy b\u0119d\u0105 prze\u017cywali swoje \u015bwi\u0119to w najbli\u017cszych dniach, \u017cycz\u0119 Bo\u017cego b\u0142og. i obfito\u015bci Bo\u017cych \u0142ask.<\/p>\n","protected":false},"excerpt":{"rendered":"<p>Powr\u00f3t do listy og\u0142osze\u0144 SIEDEMNASTA NIEDZIELA W CI\u0104GU ROKU 28 lipca 2024 OG\u0141OSZENIA DUSZPASTERSKIE 1. Podczas Eucharystii do\u015bwiadczamy cudu rozmno\u017cenia chleba i zaspokajania najg\u0142\u0119bszych ludzkich potrzeb i pragnie\u0144. Pragniemy trwa\u0107 w dzi\u0119kczynieniu za to, \u017ce Pan otwiera r\u0119k\u0119 i&nbsp;karmi nas do syta, \u017ce udziela wielu \u0142ask i towarzyszy nam na drogach \u017cycia\u2026 2. Dzisiaj po Mszach \u015awi\u0119tych b\u0142ogos\u0142awi\u0119 kierowc\u00f3w i ich pojazdy z okazji ubieg\u0142otygodniowego wspomnienia \u015awi\u0119tego Krzysztofa. Ofiary sk\u0142adane z racji po\u015bwi\u0119cenia pojazd\u00f3w s\u0105 przeznaczone na zakup \u015brodk\u00f3w transportu dla misjonarzy. Tak\u017ce dzisiaj przypada \u015awiatowy Dzie\u0144 Dziadk\u00f3w i Os\u00f3b Starszych. To wspania\u0142a okazja, aby pomodli\u0107 si\u0119 za nasze Babcie i&nbsp;Dziadk\u00f3w, a tak\u017ce wyrazi\u0107 im wdzi\u0119czno\u015b\u0107 za dobro\u0107 ich serca, \u017ce zawsze maj\u0105 czas dla swoich wnucz\u0105t. 3. Prze\u017cywamy ostatni\u0105 niedziel\u0119 miesi\u0105ca wi\u0119c taca ekonomiczna. W czerwcu z\u0142o\u017cono 1653 z\u0142. B\u00f3g zap\u0142a\u0107. 3. W tym tygodniu przypadaj\u0105: pierwszy czwartek, pierwszy pi\u0105tek i pierwsza sobota miesi\u0105ca. W czwartek nasz\u0105 modlitw\u0119 ofiarujemy \u2026 <a class=\"continue-reading-link\" href=\"https:\/\/www.parafiawierzbno.com.pl\/?page_id=11142\">Czytaj dalej <span class=\"meta-nav\">&rarr; <\/span><\/a><\/p>\n","protected":false},"author":1,"featured_media":0,"parent":225,"menu_order":0,"comment_status":"closed","ping_status":"closed","template":"","meta":{"ngg_post_thumbnail":0},"_links":{"self":[{"href":"https:\/\/www.parafiawierzbno.com.pl\/index.php?rest_route=\/wp\/v2\/pages\/11142"}],"collection":[{"href":"https:\/\/www.parafiawierzbno.com.pl\/index.php?rest_route=\/wp\/v2\/pages"}],"about":[{"href":"https:\/\/www.parafiawierzbno.com.pl\/index.php?rest_route=\/wp\/v2\/types\/page"}],"author":[{"embeddable":true,"href":"https:\/\/www.parafiawierzbno.com.pl\/index.php?rest_route=\/wp\/v2\/users\/1"}],"replies":[{"embeddable":true,"href":"https:\/\/www.parafiawierzbno.com.pl\/index.php?rest_route=%2Fwp%2Fv2%2Fcomments&post=11142"}],"version-history":[{"count":6,"href":"https:\/\/www.parafiawierzbno.com.pl\/index.php?rest_route=\/wp\/v2\/pages\/11142\/revisions"}],"predecessor-version":[{"id":11163,"href":"https:\/\/www.parafiawierzbno.com.pl\/index.php?rest_route=\/wp\/v2\/pages\/11142\/revisions\/11163"}],"up":[{"embeddable":true,"href":"https:\/\/www.parafiawierzbno.com.pl\/index.php?rest_route=\/wp\/v2\/pages\/225"}],"wp:attachment":[{"href":"https:\/\/www.parafiawierzbno.com.pl\/index.php?rest_route=%2Fwp%2Fv2%2Fmedia&parent=11142"}],"curies":[{"name":"wp","href":"https:\/\/api.w.org\/{rel}","templated":true}]}}