{"id":11230,"date":"2024-11-05T08:23:00","date_gmt":"2024-11-05T07:23:00","guid":{"rendered":"https:\/\/www.parafiawierzbno.com.pl\/?page_id=11230"},"modified":"2024-12-01T12:28:07","modified_gmt":"2024-12-01T11:28:07","slug":"ogloszenia-listopad-2024","status":"publish","type":"page","link":"https:\/\/www.parafiawierzbno.com.pl\/?page_id=11230","title":{"rendered":"Og\u0142oszenia &#8211; Listopad 2024"},"content":{"rendered":"<p><a title=\"Og\u0142oszenia parafialne\" href=\"https:\/\/www.parafiawierzbno.com.pl\/?page_id=225\">Powr\u00f3t do listy og\u0142osze\u0144<\/a><\/p>\n<h4 style=\"text-align: center;\"><strong>JEZUSA CHRYSTUSA KR\u00d3LA WSZECH\u015aWIATA<br \/>\n24 listopada 2024<br \/>\n<\/strong><strong>OG\u0141OSZENIA DUSZPASTERSKIE<\/strong><\/h4>\n<p>1. Dzisiejsza uroczysto\u015b\u0107 zosta\u0142a ustanowiona przed prawie stu laty encyklik\u0105 Piusa XI \u201eQuas primas\u201d i stanowi zwie\u0144czenie ca\u0142ego roku liturgicznego, podczas kt\u00f3rego prze\u017cywamy ca\u0142e misterium zbawcze: uwielbiamy Boga i dzi\u0119kujemy Mu za dzie\u0142o stworzenia i odkupienia. Przez chrzest \u015bwi\u0119ty uczestniczymy w tym misterium i poddajemy si\u0119 kr\u00f3lewskiej w\u0142adzy Jezusa Chrystusa, kt\u00f3ry pragnie nas wszystkich zjednoczy\u0107 w swoim kr\u00f3lestwie prawdy, pokoju i zbawienia.<\/p>\n<p>2. Dzisiaj taca ekonomiczna. W listopadzie z\u0142o\u017cono 1588 z\u0142. B\u00f3g zap\u0142a\u0107.<\/p>\n<p>3. Dzisiaj po Mszy \u015bw. o godz. 17.00 spotkanie z kandydatami przygotowuj\u0105cymi si\u0119 do przyj\u0119cia sakramentu bierzmowania.<\/p>\n<p>4. Biblijny autor przypomina, \u017ce modlitwa za zmar\u0142ych to my\u015bl \u015bwi\u0119ta i pobo\u017cna. Dlatego zapraszam do udzia\u0142u we wsp\u00f3lnej modlitwie za naszych drogich i bliskich zmar\u0142ych. &nbsp;Ka\u017cdego wieczoru o godz. 17.30 modlimy si\u0119 na r\u00f3\u017ca\u0144cu za zmar\u0142ych, kt\u00f3rych wypisali\u015bmy na kartach wypominkowych. Porz\u0105dek r\u00f3\u017ca\u0144ca za zmar\u0142ych polecanych w wypominkach : w poniedzia\u0142ek z Jaworka, we wtorek z Sobonia, we \u015brod\u0119 ze \u015awidna , Adamowa, Wygl\u0119d\u00f3wka i spoza parafii, we czwartek z Wierzbna,&nbsp; w pi\u0105tek z Helenowa i Lasu Jaworskiego, w sobot\u0119 z Jan\u00f3wka i W\u00f3lki.<\/p>\n<p>5. Kolejny rok liturgiczny dobiega ko\u0144ca. Za tydzie\u0144 pierwsza niedziela Adwentu.<\/p>\n<p>6. W tym tygodniu p. Aneta z op\u0142atkiem uda si\u0119 w czwartek od 14.00 do Helenowa, w pi\u0105tek od 13.30 do Jaworka i w sobot\u0119 od 10.00 do&nbsp; W\u00f3lki i \u015awidna.<\/p>\n<p>7. W przysz\u0142\u0105 niedziel\u0119 o godz. 10.30 r\u00f3\u017caniec w intencji Ojczyzny a po Mszy \u015bwi\u0119tej o godz. 11.00 zmiana tajemnic r\u00f3\u017ca\u0144ca dla K\u017bR kobiet z Wierzbna.<\/p>\n<p>8. Dzi\u0119kuj\u0119 za sprz\u0105tanie ko\u015bcio\u0142a rodzinom Ma\u0142gorzata Chabiera, Kazimierz Grabowski, Teresa Chabiera z Wierzbna. W przysz\u0142ym tygodniu zapraszam rodziny Danuta Szmankowska, Krzysztof Twardowski, Piotr Patrykus z Wierzbna.<\/p>\n<p>9. Na stoliku wy\u0142o\u017cony jest nowy numer Echa katolickiego.<\/p>\n<p>10. Wszystkim solenizantom i jubilatom, kt\u00f3rzy b\u0119d\u0105 prze\u017cywali swoje \u015bwi\u0119to w najbli\u017cszych dniach, \u017cycz\u0119 Bo\u017cego b\u0142og. i obfito\u015bci Bo\u017cych \u0142ask.<\/p>\n<p>11. W minionym tygodniu do wieczno\u015bci odesz\u0142a + Henryka Wiel\u0105dek l. 87 z Lasu Jaworskiego. Wieczny odpoczynek racz jej da\u0107 Panie\u2026<\/p>\n<h4 style=\"text-align: center;\"><strong>TRZYDZIESTA TRZECIA NIEDZIELA W CI\u0104GU ROKU<br \/>\n17 listopada 2024<br \/>\n<\/strong><strong>OG\u0141OSZENIA DUSZPASTERSKIE<\/strong><\/h4>\n<p>1. Obrazy ko\u0144ca \u015bwiata i s\u0105du ostatecznego, kt\u00f3re ukazuje dzisiejsza liturgia s\u0142owa, podkre\u015blaj\u0105 prawd\u0119, \u017ce za sprawiedliwe, uczciwe i dobre \u017cycie czeka wieczna nagroda, natomiast niegodziwo\u015bci zostan\u0105 sprawiedliwie os\u0105dzane. Nasze \u017cycie na ziemi jest przygotowaniem i sprawdzeniem naszej gotowo\u015bci na otrzymanie tej nagrody.<\/p>\n<p>2. Biblijny autor przypomina, \u017ce modlitwa za zmar\u0142ych to my\u015bl \u015bwi\u0119ta i pobo\u017cna. Dlatego zapraszam do udzia\u0142u we wsp\u00f3lnej modlitwie za naszych drogich i bliskich zmar\u0142ych. Ka\u017cdego wieczoru o godz. 17.30 modlimy si\u0119 na r\u00f3\u017ca\u0144cu za zmar\u0142ych, kt\u00f3rych wypisali\u015bmy na kartach wypominkowych. Porz\u0105dek r\u00f3\u017ca\u0144ca za zmar\u0142ych polecanych w wypominkach : w poniedzia\u0142ek z Jaworka, we wtorek z Sobonia, we \u015brod\u0119 ze \u015awidna , Adamowa, Wygl\u0119d\u00f3wka i spoza parafii, we czwartek z Wierzbna,&nbsp; w pi\u0105tek z Helenowa i Lasu Jaworskiego, w sobot\u0119 z Jan\u00f3wka i W\u00f3lki, w niedziel\u0119 o godz.10.30 za zmar\u0142ych kap\u0142an\u00f3w, kt\u00f3rzy pracowali w naszej parafii.<\/p>\n<p>3. W dzisiejsz\u0105 niedziel\u0119 ju\u017c po raz \u00f3smy obchodzimy \u015awiatowy Dzie\u0144 Ubogich. Ofiary sk\u0142adane na tac\u0119 dzisiaj s\u0105 przeznaczone dla ubogich.<\/p>\n<p>4. W czwartek, 21 listopada, przypada wspomnienie Ofiarowania Naj\u015bwi\u0119tszej Maryi Panny.<\/p>\n<p>5. W pi\u0105tek, 22 listopada, Ko\u015bci\u00f3\u0142 wspomina \u015awi\u0119t\u0105 Cecyli\u0119, patronk\u0119 muzyki ko\u015bcielnej.<\/p>\n<p>6. W przysz\u0142\u0105 niedziel\u0119 b\u0119dziemy obchodzili uroczysto\u015b\u0107 Jezusa Chrystusa Kr\u00f3la Wszech\u015bwiata. To \u015bwi\u0119to tytularne Akcji Katolickiej, organizacji ludzi \u015bwieckich, kt\u00f3rzy pragn\u0105 ewangelijne idea\u0142y realizowa\u0107 na co dzie\u0144 w swoim \u017cyciu zawodowym i spo\u0142ecznym.<\/p>\n<p>7. Przysz\u0142a niedziela \u2013 ostatnia miesi\u0105ca. Taca ekonomiczna.<\/p>\n<p>8. W przysz\u0142\u0105 niedziel\u0119 po Mszy \u015bw. o godz. 17.00 spotkanie z kandydatami przygotowuj\u0105cymi si\u0119 do przyj\u0119cia sakramentu bierzmowania.<\/p>\n<p>9. Planowana jest wycinka drzewa na cmentarzu. Bli\u017cszych informacji udziela p. Dariusz Patoka i p. Jacek Kiesner.<\/p>\n<p>10.Komunikat policji\u2026.<\/p>\n<p>11. Dzi\u0119kuj\u0119 za sprz\u0105tanie ko\u015bcio\u0142a rodzinom Przemys\u0142aw \u015awiderski, Zdzis\u0142aw Kornatko, Henryk \u0141ukasiak z Wierzbna. W przysz\u0142ym tygodniu zapraszam rodziny Ma\u0142gorzata Chabiera, Kazimierz Grabowski, Teresa Chabiera z Wierzbna.<\/p>\n<p>12. Na stoliku wy\u0142o\u017cony jest nowy numer Echa katolickiego.<\/p>\n<p>13. Wszystkim solenizantom i jubilatom, kt\u00f3rzy b\u0119d\u0105 prze\u017cywali swoje \u015bwi\u0119to w najbli\u017cszych dniach, \u017cycz\u0119 Bo\u017cego b\u0142og. i obfito\u015bci Bo\u017cych \u0142ask.<\/p>\n<h4 style=\"text-align: center;\"><strong>TRZYDZIESTA DRUGA NIEDZIELA W CI\u0104GU ROKU<br \/>\n10 listopada 2024<br \/>\n<\/strong><strong>OG\u0141OSZENIA DUSZPASTERSKIE<\/strong><\/h4>\n<p>1. Dzisiejsze czytania m\u00f3wi\u0105 o zaufaniu, do kt\u00f3rego trzeba nam nieustannie dojrzewa\u0107. Trzeba uczy\u0107 si\u0119 zaufania Bogu. B\u00f3g nam zaufa\u0142 ca\u0142kowicie: ofiarowa\u0142 za nas i dla naszego zbawienia swoje \u017cycie, a jaka b\u0119dzie nasza odpowied\u017a?<\/p>\n<p>2. Dzisiaj po Mszy \u015bwi\u0119tej o godz. 9.00 zmiana tajemnic r\u00f3\u017ca\u0144ca dl rodzic\u00f3w modl\u0105cych si\u0119 za dzieci a po Mszy \u015bwi\u0119tej o godz. 11.00 zmiana tajemnic r\u00f3\u017ca\u0144ca dla K\u017bR m\u0119\u017cczyzn<\/p>\n<p>3. Od 2009 roku w drug\u0105 niedziel\u0119 listopada obchodzimy Dzie\u0144 Solidarno\u015bci z Ko\u015bcio\u0142em Prze\u015bladowanym. Po Mszach \u015bwi\u0119tych zbi\u00f3rka do puszek na ten cel.<\/p>\n<p>4. Jutro, w poniedzia\u0142ek, 11 listopada, przypada 106. rocznica odzyskania niepodleg\u0142o\u015bci przez Polsk\u0119. W tym dniu pragniemy szczeg\u00f3lnie modli\u0107 si\u0119 za wszystkie pokolenia naszych Rodak\u00f3w, kt\u00f3rzy walczyli o wolno\u015b\u0107 naszej ojczyzny i w jej obronie. Chcemy tak\u017ce modli\u0107 si\u0119, by ka\u017cdy Polak troszczy\u0142 si\u0119 o wsp\u00f3lny dom, jakim jest jego kraj. Zapraszam do wsp\u00f3lnej modlitwy i na Eucharysti\u0119 w intencji ojczyzny o godz. 11.00 podczas kt\u00f3rej zawierza\u0107 b\u0119dziemy Dobremu Bogu jej przesz\u0142o\u015b\u0107, tera\u017aniejszo\u015b\u0107 i przysz\u0142o\u015b\u0107, a tak\u017ce b\u0119dziemy Go prosi\u0107, aby ka\u017cdy jej mieszkaniec czu\u0142 si\u0119 dobrze jako obywatel i jako chrze\u015bcijanin.<\/p>\n<p>5. W przysz\u0142\u0105 niedziel\u0119 po Mszy \u015bwi\u0119tej o godz. 11.00 spotkanie z rodzicami dzieci kl. III i IV.<\/p>\n<p>6. Zapraszam do udzia\u0142u we wsp\u00f3lnej modlitwie za naszych drogich i bliskich zmar\u0142ych. Ka\u017cdego wieczoru o godz. 17.30 modlimy si\u0119 na r\u00f3\u017ca\u0144cu za zmar\u0142ych, kt\u00f3rych wypisali\u015bmy na kartach wypominkowych. Porz\u0105dek r\u00f3\u017ca\u0144ca za zmar\u0142ych polecanych w wypominkach : w poniedzia\u0142ek z Jaworka, we wtorek z Sobonia, we \u015brod\u0119 ze \u015awidna , Adamowa, Wygl\u0119d\u00f3wka i spoza parafii, we czwartek z Wierzbna,&nbsp; w pi\u0105tek z Helenowa i Lasu Jaworskiego, w sobot\u0119 z Jan\u00f3wka i W\u00f3lki, w niedziel\u0119 o godz.10.30 za zmar\u0142ych kap\u0142an\u00f3w, kt\u00f3rzy pracowali w naszej parafii.<\/p>\n<p>7. Dzi\u0119kuj\u0119 za sprz\u0105tanie ko\u015bcio\u0142a rodzinom Adam Trzeci\u0144ski, Helena Bia\u0142ousz, Jan Karaban, Ma\u0142gorzta Malinowska z Wierzbna. W przysz\u0142ym tygodniu zapraszam rodziny Przemys\u0142aw \u015awiderski, Zdzis\u0142aw Kornatko, Henryk \u0141ukasiak z Wierzbna.<\/p>\n<p>8. Na stoliku wy\u0142o\u017cony jest nowy numer Echa katolickiego.<\/p>\n<p>9. Wszystkim solenizantom i jubilatom, kt\u00f3rzy b\u0119d\u0105 prze\u017cywali swoje \u015bwi\u0119to w najbli\u017cszych dniach, \u017cycz\u0119 Bo\u017cego b\u0142og. i obfito\u015bci Bo\u017cych \u0142ask.<\/p>\n<h4 style=\"text-align: center;\"><strong>TRZYDZIESTA PIERWSZA NIEDZIELA W CI\u0104GU ROKU<br \/>\n3 listopada 2024<br \/>\n<\/strong><strong>OG\u0141OSZENIA DUSZPASTERSKIE<\/strong><\/h4>\n<p>1. Liturgia s\u0142owa m\u00f3wi o najwa\u017cniejszym przykazaniu: Pan Jezus przypomina uczonemu w&nbsp;Prawie znane formu\u0142y, ale \u0142\u0105czy przykazanie mi\u0142o\u015bci Boga i bli\u017aniego, wskazuj\u0105c, \u017ce najwa\u017cniejsze jest jego codzienne wype\u0142nianie.<\/p>\n<p>2.&nbsp; Ka\u017cdego wieczoru o godz. 17.30 modlimy si\u0119 na r\u00f3\u017ca\u0144cu za zmar\u0142ych, kt\u00f3rych wypisali\u015bmy na kartach wypominkowych. Porz\u0105dek r\u00f3\u017ca\u0144ca za zmar\u0142ych polecanych w wypominkach : w poniedzia\u0142ek z Jaworka, we wtorek z Sobonia, we \u015brod\u0119 ze \u015awidna , Adamowa, Wygl\u0119d\u00f3wka i spoza parafii, we czwartek z Wierzbna&nbsp; w pi\u0105tek z Helenowa i Lasu Jaworskiego, w sobot\u0119 z Jan\u00f3wka i W\u00f3lki, w niedziel\u0119 o godz.&nbsp; 10.30 za zmar\u0142ych kap\u0142an\u00f3w, kt\u00f3rzy pracowali w naszej parafii, w niedziel\u0119.<\/p>\n<p>3. Od 1 do 8 listopada, ka\u017cdorazowo odwiedzaj\u0105c cmentarz i odmawiaj\u0105c modlitw\u0119 za zmar\u0142ych, mo\u017cemy uzyska\u0107 dla nich odpust zupe\u0142ny, czyli darowanie kary za grzechy odpuszczone co do winy. Trzeba ponadto by\u0107 w stanie \u0142aski u\u015bwi\u0119caj\u0105cej, przyj\u0105\u0107 sakramentaln\u0105 Komuni\u0119 \u015awi\u0119t\u0105, posiada\u0107 brak jakiegokolwiek przywi\u0105zania do grzechu oraz pomodli\u0107 si\u0119 w intencjach papieskich. Nie zaniedbujmy tej pobo\u017cnej praktyki \u2013 dzi\u0119ki niej mo\u017cemy pom\u00f3c tym wszystkim, kt\u00f3rzy nas poprzedzili w drodze do Domu Ojca.<\/p>\n<p>5. W sobot\u0119, 9 listopada, b\u0119dziemy obchodzi\u0107 \u015bwi\u0119to Rocznicy Po\u015bwi\u0119cenia Bazyliki Latera\u0144skiej, kt\u00f3ra jest katedr\u0105 biskupa Rzymu \u2013 papie\u017ca. To wspania\u0142a okazja, aby w&nbsp;modlitwie powierza\u0107 Bogu osob\u0119 i pos\u0142ug\u0119 Ojca \u015awi\u0119tego.<\/p>\n<p>6. Dzisiaj po Mszy \u015bwi\u0119tej o godz. 11.00 zmiana tajemnic r\u00f3\u017ca\u0144ca dla K\u017bR kobiet z Wierzbna. W przysz\u0142\u0105 niedziel\u0119 po Mszy \u015bwi\u0119tej o godz. 9.00 zmiana tajemnic r\u00f3\u017ca\u0144ca dl rodzic\u00f3w modl\u0105cych si\u0119 za dzieci a po Mszy \u015bwi\u0119tej o godz. 11.00 zmiana tajemnic r\u00f3\u017ca\u0144ca dla K\u017bR m\u0119\u017cczyzn<\/p>\n<p>7. Dzi\u0119kuj\u0119 za sprz\u0105tanie ko\u015bcio\u0142a rodzinom Ryszard Kujawa, Agnieszka Michalczyk, Szczepan Tomkiewicz z Wierzbna. W przysz\u0142ym tygodniu zapraszam rodziny Adam Trzeci\u0144ski, Helena Bia\u0142ousz, Jan Karaban, Ma\u0142gorzta Malinowska z Wierzbna.<\/p>\n<p>8. Na stoliku wy\u0142o\u017cony jest nowy numer Echa katolickiego.<\/p>\n<p>9. Wszystkim solenizantom i jubilatom, kt\u00f3rzy b\u0119d\u0105 prze\u017cywali swoje \u015bwi\u0119to w najbli\u017cszych dniach, \u017cycz\u0119 Bo\u017cego b\u0142og. i obfito\u015bci Bo\u017cych \u0142ask.<\/p>\n","protected":false},"excerpt":{"rendered":"<p>Powr\u00f3t do listy og\u0142osze\u0144 JEZUSA CHRYSTUSA KR\u00d3LA WSZECH\u015aWIATA 24 listopada 2024 OG\u0141OSZENIA DUSZPASTERSKIE 1. Dzisiejsza uroczysto\u015b\u0107 zosta\u0142a ustanowiona przed prawie stu laty encyklik\u0105 Piusa XI \u201eQuas primas\u201d i stanowi zwie\u0144czenie ca\u0142ego roku liturgicznego, podczas kt\u00f3rego prze\u017cywamy ca\u0142e misterium zbawcze: uwielbiamy Boga i dzi\u0119kujemy Mu za dzie\u0142o stworzenia i odkupienia. Przez chrzest \u015bwi\u0119ty uczestniczymy w tym misterium i poddajemy si\u0119 kr\u00f3lewskiej w\u0142adzy Jezusa Chrystusa, kt\u00f3ry pragnie nas wszystkich zjednoczy\u0107 w swoim kr\u00f3lestwie prawdy, pokoju i zbawienia. 2. Dzisiaj taca ekonomiczna. W listopadzie z\u0142o\u017cono 1588 z\u0142. B\u00f3g zap\u0142a\u0107. 3. Dzisiaj po Mszy \u015bw. o godz. 17.00 spotkanie z kandydatami przygotowuj\u0105cymi si\u0119 do przyj\u0119cia sakramentu bierzmowania. 4. Biblijny autor przypomina, \u017ce modlitwa za zmar\u0142ych to my\u015bl \u015bwi\u0119ta i pobo\u017cna. Dlatego zapraszam do udzia\u0142u we wsp\u00f3lnej modlitwie za naszych drogich i bliskich zmar\u0142ych. &nbsp;Ka\u017cdego wieczoru o godz. 17.30 modlimy si\u0119 na r\u00f3\u017ca\u0144cu za zmar\u0142ych, kt\u00f3rych wypisali\u015bmy na kartach wypominkowych. Porz\u0105dek r\u00f3\u017ca\u0144ca za zmar\u0142ych polecanych \u2026 <a class=\"continue-reading-link\" href=\"https:\/\/www.parafiawierzbno.com.pl\/?page_id=11230\">Czytaj dalej <span class=\"meta-nav\">&rarr; <\/span><\/a><\/p>\n","protected":false},"author":1,"featured_media":0,"parent":225,"menu_order":0,"comment_status":"closed","ping_status":"closed","template":"","meta":{"ngg_post_thumbnail":0},"_links":{"self":[{"href":"https:\/\/www.parafiawierzbno.com.pl\/index.php?rest_route=\/wp\/v2\/pages\/11230"}],"collection":[{"href":"https:\/\/www.parafiawierzbno.com.pl\/index.php?rest_route=\/wp\/v2\/pages"}],"about":[{"href":"https:\/\/www.parafiawierzbno.com.pl\/index.php?rest_route=\/wp\/v2\/types\/page"}],"author":[{"embeddable":true,"href":"https:\/\/www.parafiawierzbno.com.pl\/index.php?rest_route=\/wp\/v2\/users\/1"}],"replies":[{"embeddable":true,"href":"https:\/\/www.parafiawierzbno.com.pl\/index.php?rest_route=%2Fwp%2Fv2%2Fcomments&post=11230"}],"version-history":[{"count":6,"href":"https:\/\/www.parafiawierzbno.com.pl\/index.php?rest_route=\/wp\/v2\/pages\/11230\/revisions"}],"predecessor-version":[{"id":11240,"href":"https:\/\/www.parafiawierzbno.com.pl\/index.php?rest_route=\/wp\/v2\/pages\/11230\/revisions\/11240"}],"up":[{"embeddable":true,"href":"https:\/\/www.parafiawierzbno.com.pl\/index.php?rest_route=\/wp\/v2\/pages\/225"}],"wp:attachment":[{"href":"https:\/\/www.parafiawierzbno.com.pl\/index.php?rest_route=%2Fwp%2Fv2%2Fmedia&parent=11230"}],"curies":[{"name":"wp","href":"https:\/\/api.w.org\/{rel}","templated":true}]}}