{"id":11241,"date":"2024-12-01T12:30:16","date_gmt":"2024-12-01T11:30:16","guid":{"rendered":"https:\/\/www.parafiawierzbno.com.pl\/?page_id=11241"},"modified":"2024-12-31T16:41:51","modified_gmt":"2024-12-31T15:41:51","slug":"ogloszenia-grudzien-2024","status":"publish","type":"page","link":"https:\/\/www.parafiawierzbno.com.pl\/?page_id=11241","title":{"rendered":"Og\u0142oszenia &#8211; Grudzie\u0144 2024"},"content":{"rendered":"<p><a title=\"Og\u0142oszenia parafialne\" href=\"https:\/\/www.parafiawierzbno.com.pl\/?page_id=225\">Powr\u00f3t do listy og\u0142osze\u0144<\/a><\/p>\n<h4 style=\"text-align: center;\"><strong>NIEDZIELA \u015aWI\u0118TEJ RODZINY: JEZUSA, MARYI I J\u00d3ZEFA<br \/>\n29 grudnia 2024<br \/>\n<\/strong><strong>OG\u0141OSZENIA DUSZPASTERSKIE<\/strong><\/h4>\n<p>1. Dzisiejsza, ostatnia niedziela 2024 roku, jest \u015bwi\u0119tem \u015awi\u0119tej Rodziny Nazareta\u0144skiej: Jezusa, Maryi i J\u00f3zefa. Wpatruj\u0105c si\u0119 w \u015awi\u0119t\u0105 Rodzin\u0119, \u0142atwiej zrozumiemy nasze powo\u0142anie do \u017cycia w rodzinie. Ona jest wzorem dla naszych rodzin. Pami\u0119tajmy, \u017ce zadaniem ka\u017cdego chrze\u015bcijanina jest przede wszystkim troska o w\u0142asne zbawienie. Dla wszystkich powo\u0142anych do \u017cycia ma\u0142\u017ce\u0144skiego i rodzinnego ta troska wyra\u017ca si\u0119 poprzez dobre i przyk\u0142adne, godne \u017cycie w rodzinie i poprzez rodzin\u0119.<\/p>\n<p>2.Dzisiaj taca ekonomiczna. W listopadzie z\u0142o\u017cono 1792 z\u0142. B\u00f3g zap\u0142a\u0107.<\/p>\n<p>3. We wtorek, 31 grudnia, podczas specjalnego nabo\u017ce\u0144stwa dzi\u0119kczynno-przeb\u0142agalnego w&nbsp;naszym ko\u015bciele, kt\u00f3re b\u0119dziemy celebrowali o godz. 16.00, &nbsp;podzi\u0119kujemy Bogu \u2013 dobremu Ojcu, za miniony czas i za otrzymane dobro. Przeprosimy za pope\u0142nione grzechy. B\u0119dziemy r\u00f3wnie\u017c prosi\u0107 o b\u0142ogos\u0142awie\u0144stwo nad nami, naszymi rodzinami i nad nasz\u0105 Ojczyzn\u0105. Za publiczne od\u015bpiewanie hymnu \u201eCiebie, Boga, wys\u0142awiamy\u201d podczas tego nabo\u017ce\u0144stwa b\u0119dzie mo\u017cna uzyska\u0107 odpust zupe\u0142ny.<\/p>\n<p>4. W najbli\u017csz\u0105 \u015brod\u0119, 1 stycznia, z Maryj\u0105 \u2013 Bo\u017c\u0105 Rodzicielk\u0105 wejdziemy w Nowy Rok Pa\u0144ski 2025. Tego dnia w szczeg\u00f3lny spos\u00f3b b\u0119dziemy modlili si\u0119 o pok\u00f3j na \u015bwiecie. Za od\u015bpiewanie hymnu do Ducha \u015awi\u0119tego mo\u017cna uzyska\u0107 odpust zupe\u0142ny. &nbsp;Porz\u0105dek Mszy \u015awi\u0119tych w naszym ko\u015bciele jak w ka\u017cd\u0105 niedziel\u0119.<\/p>\n<p>5. W tym tygodniu przypada tak\u017ce pierwszy czwartek, pi\u0105tek i sobota miesi\u0105ca: &#8211; w czwartek i sobot\u0119 nabo\u017ce\u0144stwa po Mszy \u015bwi\u0119tej. W pi\u0105tek adoracja Naj\u015bwi\u0119tszego Sakramentu i nabo\u017ce\u0144stwo pierwszopi\u0105tkowe do Naj\u015bwi\u0119tszego Serca Pana Jezusa o godz. 16.00.<\/p>\n<p>6.. Plan odwiedzin duszpasterskich \u2013 kol\u0119dy na ten tydzie\u0144 jest nast\u0119puj\u0105cy: pi\u0105tek Las Jaworski, sobota Jaworek od godz. 9.00.<\/p>\n<p>7. Dzi\u0119kuj\u0119 za przygotowanie dekoracji \u015bwi\u0105tecznej pod kierownictwem p. Anety Miklaszewskiej : pp. Chabiera Daniel, G\u00f3rski Przemys\u0142aw z Karolem, Jachimowicz Mariola z Hubertem, Jaworscy Lucyna i Leszek z Antonim, Ku\u015bmierczyk Andrzej, Lipi\u0144ska Anna z Jakubem, Patoka Agnieszka z Ameli\u0105, Wojty\u0144ska Katarzyna, W\u0105sowski Micha\u0142<\/p>\n<p>8. Dzi\u0119kuj\u0119 za sprz\u0105tanie ko\u015bcio\u0142a rodzinom Tadeusz Jab\u0142o\u0144ski, Jolanta Bzoch, Teresa Bzoch,&nbsp; Piotr Kisiel z W\u00f3lki. W przysz\u0142ym tygodniu zapraszam rodziny Wojciech Kruszewski, Grzegorz Wojty\u0144ski, Kazimierz \u017belazowski z W\u00f3lki.<\/p>\n<p>9. Wszystkim solenizantom i jubilatom, kt\u00f3rzy b\u0119d\u0105 prze\u017cywali swoje \u015bwi\u0119to w najbli\u017cszych dniach, \u017cycz\u0119 Bo\u017cego b\u0142og. i obfito\u015bci Bo\u017cych \u0142ask.<\/p>\n<p>10. W tym tygodniu z naszej wsp\u00f3lnoty odesz\u0142a do wieczno\u015bci + Kazimiera Barcz l. 94 pochodz\u0105ca z Sobonia. Wieczny odpoczynek racz jej da\u0107 Panie\u2026<\/p>\n<p>&nbsp;<\/p>\n<h4 style=\"text-align: center;\"><strong>CZWARTA NIEDZIELA ADWENTU<br \/>\n22 grudnia 2024<br \/>\n<\/strong><strong>OG\u0141OSZENIA DUSZPASTERSKIE<\/strong><\/h4>\n<p>1. W tym tygodniu, dok\u0142adnie 24 grudnia, papie\u017c Franciszek dokona uroczystego otwarcia Drzwi \u015awi\u0119tych w Bazylice \u015awi\u0119tego Piotra na Watykanie. W ten spos\u00f3b w ca\u0142ym Ko\u015bciele powszechnym rozpoczn\u0105 si\u0119 obchody Roku Jubileuszowego 2025.<\/p>\n<p>2. Liturgiczny obch\u00f3d pami\u0105tki narodzenia Chrystusa rozpoczniemy od Pasterki, czyli Mszy \u015awi\u0119tej sprawowanej o p\u00f3\u0142nocy z wtorku, 24 grudnia, na \u015brod\u0119, 25 grudnia. Wcze\u015bniej w&nbsp;naszych domach, wsp\u00f3lnotach rodzinnych zadbajmy o tradycyjn\u0105, chrze\u015bcija\u0144sk\u0105 opraw\u0119 wigilijnej wieczerzy. Niech to b\u0119dzie okazja, mo\u017ce jedyna w roku, do pojednania, zgody, wyci\u0105gni\u0119cia przyjaznej d\u0142oni do kogo\u015b spo\u015br\u00f3d bliskich, znajomych, w s\u0105siedztwie. Niech wigilijnej wieczerzy towarzysz\u0105 wsp\u00f3lna modlitwa, lektura fragmentu Pisma \u015awi\u0119tego o&nbsp;narodzeniu Zbawiciela \u015bwiata (Ewangelia wg \u015bw. \u0141ukasza), \u0142amanie si\u0119 op\u0142atkiem, wsp\u00f3lny \u015bpiew kol\u0119d i pastora\u0142ek. Nie podawajmy na wigilijny st\u00f3\u0142 alkoholu, tradycyjnie zachowajmy te\u017c wstrzemi\u0119\u017aliwo\u015b\u0107 od potraw mi\u0119snych. Przy wigilijnym stole pami\u0119tajmy o ubogich i samotnych. Zakorzenione w naszej tradycji dodatkowe miejsce przy stole wcale nie musi pozosta\u0107 puste. Pami\u0119ci\u0105 obejmijmy r\u00f3wnie\u017c tych, kt\u00f3rzy ju\u017c od nas odeszli do domu Ojca, a \u017cyli z nami, kochali nas i dla nas si\u0119 trudzili.<\/p>\n<p>3. We wtorek o 23.30 zapraszam na wsp\u00f3lne kol\u0119dowanie, kt\u00f3re wprowadzi nas w tajemnic\u0119 Bo\u017cego Narodzenia.<\/p>\n<p>4. Msze \u015awi\u0119te w dzie\u0144 Bo\u017cego Narodzenia i w drugi dzie\u0144 \u015bwi\u0105t o 9.00 i 11.00. W drugi dzie\u0144 \u015bwi\u0105t b\u0142ogos\u0142awie\u0144stwo owsa.<\/p>\n<p>5. Dzi\u0119kuj\u0119 ks. Marcinowi za prowadzenie nas \u015bcie\u017ckami wiary ku nadchodz\u0105cemu Zbawicielowi w czasie tych rekolekcji.<\/p>\n<p>7. Dzi\u0119kuj\u0119 p. Stanis\u0142awowi Abramowskiemu za podarowanie choinek do ko\u015bcio\u0142a<\/p>\n<p>8. Na jutro na godz. 9.00 zapraszam rodzic\u00f3w dzieci z kl. III i IV do przygotowania dekoracji.<\/p>\n<p>9. Przysz\u0142a niedziela \u2013 ostatnia miesi\u0105ca, taca ekonomiczna.<\/p>\n<p>10. Dzi\u0119kuj\u0119 za sprz\u0105tanie ko\u015bcio\u0142a rodzinom Ewa Ko\u0142ak, Karol Potrykus, Waldemar Replin, Mariusz Replin, Weronika Patoka z Wierzbna. W przysz\u0142ym tygodniu zapraszam rodziny Tadeusz Jab\u0142o\u0144ski, Jolanta Bzoch, Teresa Bzoch,&nbsp; Piotr Kisiel z W\u00f3lki.<\/p>\n<p>11. Na stoliku wy\u0142o\u017cony jest nowy numer Echa katolickiego.<\/p>\n<p>12. Wszystkim solenizantom i jubilatom, kt\u00f3rzy b\u0119d\u0105 prze\u017cywali swoje \u015bwi\u0119to w najbli\u017cszych dniach, \u017cycz\u0119 Bo\u017cego b\u0142og. i obfito\u015bci Bo\u017cych \u0142ask.<\/p>\n<p>13. W tym tygodniu z naszej wsp\u00f3lnoty odszed\u0142 do wieczno\u015bci + Andrzej Laskowski l. 82 z Jan\u00f3wka. Wieczny odpoczynek racz mu da\u0107 Panie\u2026<\/p>\n<h4 style=\"text-align: center;\"><strong>TRZECIA NIEDZIELA ADWENTU<br \/>\n15 grudnia 2024<br \/>\n<\/strong><strong>OG\u0141OSZENIA DUSZPASTERSKIE<\/strong><\/h4>\n<p>1. W tym tygodniu, od wtorku, 17 grudnia, rozpoczniemy okres bezpo\u015bredniego przygotowania do uroczysto\u015bci Narodzenia Pa\u0144skiego. Zastan\u00f3wmy si\u0119, jak prze\u017cywamy ten \u015bwi\u0119ty czas? Mo\u017ce to w\u0142a\u015bciwy moment na korekt\u0119 naszego post\u0119powania, na pojednanie si\u0119 z Panem Bogiem i bli\u017animi przez szczer\u0105 spowied\u017a. Wykorzystajmy ten czas na szczeg\u00f3lne pog\u0142\u0119bienie wi\u0119zi z domownikami oraz z naszym Ko\u015bcio\u0142em parafialnym, w kt\u00f3rym uczymy si\u0119 przyja\u017ani z Panem Bogiem, aby dalej w niej wzrasta\u0107, dojrzewa\u0107 i dzieli\u0107 si\u0119 ni\u0105 z innymi.<\/p>\n<p>2. Trzeci\u0105 niedziel\u0119 Adwentu nazywamy niedziel\u0105 Gaudete \u2013 \u201eRadujcie si\u0119!\u201d, od s\u0142\u00f3w z Listu \u015awi\u0119tego Paw\u0142a do Filipian (Flp 4,4-5): \u201eRadujcie si\u0119 zawsze w Panu, raz jeszcze powtarzam: radujcie si\u0119! Pan jest blisko\u201d. Dlatego te\u017c w dzisiejszej liturgii zamiast fioletowych pojawi\u0142y si\u0119 szaty r\u00f3\u017cowe.<\/p>\n<p>3. Dzisiaj rozpoczynamy te\u017c kwartalne dni modlitw o chrze\u015bcija\u0144skie \u017cycie rodzin. Nie lekcewa\u017cmy wsp\u00f3\u0142czesnych zagro\u017ce\u0144 i zorganizowanych atak\u00f3w wrog\u00f3w rodziny. Jest ona przecie\u017c pierwszym, podstawowym i naturalnym \u015brodowiskiem chrze\u015bcija\u0144skiego wychowania i przekazywania wiary.<\/p>\n<p>4. Przygotowuj\u0105c si\u0119 do \u015bwi\u0105t Bo\u017cego Narodzenia, pami\u0119tajmy o naszych chrze\u015bcija\u0144skich Niech nie zabraknie w naszych domach pob\u0142ogos\u0142awionego wcze\u015bniej w ko\u015bciele wigilijnego op\u0142atka i p\u0142on\u0105cej \u015bwiecy Caritas. Miejmy wra\u017cliwe i&nbsp;otwarte serca. Wielu chcia\u0142oby wykre\u015bli\u0107 z nich Pana Jezusa, a \u015bwi\u0119ta ograniczy\u0107 do rozrywki i sto\u0142u.<\/p>\n<p>5. Msza \u015awi\u0119tej roratnia we \u015brod\u0119 o godz.7.00. O 6.45 rozpoczynamy \u015bpiew godzinek. W sobot\u0119 o godz. 10.00. Przynie\u015bmy ze sob\u0105 lampiony, aby ze \u015bwiat\u0142em w&nbsp;d\u0142oniach oczekiwa\u0107 przyj\u015bcia Pana.<\/p>\n<p>6. Mo\u017cna zg\u0142asza\u0107 chorych, do kt\u00f3rych pojad\u0119 we wtorek od 9.30 z pos\u0142ug\u0105 sakramentaln\u0105.<\/p>\n<p>7. Rekolekcje w naszej parafii b\u0119d\u0105 20, 21 i 22 grudnia. Poprowadzi je ks. kan. Marcin Olek dyrektor Szko\u0142y Katolickiej w Siedlcach. Msze \u015bw. w pi\u0105tek i sobot\u0119 o godz. 10.00, 12.00 i 17.00<\/p>\n<p>8. Dzi\u0119kuj\u0119 p. Krzysztofowi Mrozowi, Andrzejowi Mrozowi i Dariuszowi Wr\u00f3blewskiemu za oczyszczenie i napraw\u0119 rynien na ko\u015bciele.<\/p>\n<p>9. Na bocznym o\u0142tarzu wystawione s\u0105 \u015bwiece wigilijnej pomocy dzieciom w cenie 10; 15 i 30 z\u0142..<\/p>\n<p>10.W niedziel\u0119 na Mszy \u015bwi\u0119tej o godz. 9.00 zostanie przyniesione \u015awiate\u0142ko Betlejemskie.<\/p>\n<p>11. Dzi\u0119kuj\u0119 za sprz\u0105tanie ko\u015bcio\u0142a rodzinom Witold Pi\u00f3rek, Piotr Pi\u00f3rek, Miros\u0142aw Jaworowski, Wojciech Popowski z Wierzbna. W przysz\u0142ym tygodniu zapraszam rodziny Ewa Ko\u0142ak, Karol Potrykus, Waldemar replin, Mariusz Replin, Weronika Patoka z Wierzbna.<\/p>\n<p>12. Na stoliku wy\u0142o\u017cony jest nowy numer Echa katolickiego.<\/p>\n<p>13. Wszystkim solenizantom i jubilatom, kt\u00f3rzy b\u0119d\u0105 prze\u017cywali swoje \u015bwi\u0119to w najbli\u017cszych dniach, \u017cycz\u0119 Bo\u017cego b\u0142og. i obfito\u015bci Bo\u017cych \u0142ask.<\/p>\n<h4 style=\"text-align: center;\"><strong>DRUGA NIEDZIELA ADWENTU<br \/>\n8 grudnia 2024<br \/>\n<\/strong><strong>NIEPOKALANE POCZ\u0118CIE NAJ\u015aW. MARYI PANNY<br \/>\n<\/strong><strong>OG\u0141OSZENIA DUSZPASTERSKIE<\/strong><\/h4>\n<p>1. Mimo przypadaj\u0105cej dzi\u015b drugiej niedzieli Adwentu, zgodnie z dekretem watyka\u0144skiej Dykasterii ds. Kultu Bo\u017cego i Dyscypliny Sakrament\u00f3w, w Ko\u015bciele obchodzimy uroczysto\u015b\u0107 Niepokalanego Pocz\u0119cia Naj\u015bwi\u0119tszej Maryi Panny, kt\u00f3ra przypada zawsze 8 grudnia. Uroczysto\u015b\u0107 ta wyra\u017ca wiar\u0119 Ko\u015bcio\u0142a w to, \u017ce Maryja, wybrana na matk\u0119 Syna Bo\u017cego, jako jedyna z ludzi zosta\u0142a pocz\u0119ta i urodzi\u0142a si\u0119 bez zmazy grzechu pierworodnego.<\/p>\n<p>2. Dzisiejsza niedziela jest jednocze\u015bnie szczeg\u00f3lnym \u2013 ju\u017c dwudziestym pi\u0105tym z kolei \u2013 Dniem Modlitwy i Pomocy Materialnej Ko\u015bcio\u0142owi na Wschodzie. Do puszek przed ko\u015bcio\u0142em sk\u0142adamy ofiary na pomoc Ko\u015bcio\u0142owi w by\u0142ych krajach Zwi\u0105zku Sowieckiego. Polecam ten wa\u017cny cel ofiarno\u015bci Parafian.<\/p>\n<p>3. Dzisiaj po Mszy \u015bwi\u0119tej o godz. 9.00 zmiana tajemnic r\u00f3\u017ca\u0144ca dla rodzic\u00f3w modl\u0105cych si\u0119 za dzieci, o 10.30 r\u00f3\u017caniec za zmar\u0142ych polecanych w wypominkach z Jaworka, a po Mszy \u015bwi\u0119tej o godz. 11.00 zmiana tajemnic r\u00f3\u017ca\u0144ca dla K\u017bR m\u0119\u017cczyzn.<\/p>\n<p>4. Z Maryj\u0105 pod\u0105\u017camy adwentow\u0105 drog\u0105, przygotowuj\u0105c si\u0119 na przyj\u0119cie niezwyk\u0142ego daru \u2013 narodzenia Bo\u017cego Syna, naszego Odkupiciela, kt\u00f3ry na nowo otwiera nam bramy nieba. Nie zmarnujmy tego daru i w trosce o zbawienie w\u0142asnej duszy ws\u0142uchajmy si\u0119 w to, co podpowiada nam s\u0142u\u017cebnica Pa\u0144ska. Pami\u0119tajmy o Mszy \u015awi\u0119tej roratnej we \u015brod\u0119 i sobot\u0119 o godz.7.00. O 6.45 rozpoczynamy \u015bpiew godzinek. Przynie\u015bmy ze sob\u0105 lampiony, aby ze \u015bwiat\u0142em w&nbsp;d\u0142oniach oczekiwa\u0107 przyj\u015bcia Pana.<\/p>\n<p>5. Mo\u017cna ju\u017c zg\u0142asza\u0107 chorych, do kt\u00f3rych pojad\u0119 z pos\u0142ug\u0105 sakramentaln\u0105. Termin podam w przysz\u0142\u0105 niedziel\u0119.<\/p>\n<p>6. W tym tygodniu p. Aneta z op\u0142atkiem uda si\u0119 w pi\u0105tek od 13.30 do Sobonia i w sobot\u0119 od 10.00 do&nbsp; Wierzbna od p. Szyma\u0144skich do gminy i od 12.00 pozosta\u0142a cz\u0119\u015b\u0107 Wierzbna.<\/p>\n<p>7. Na bocznym o\u0142tarzu wystawione s\u0105 \u015bwiece wigilijnej pomocy dzieciom w cenie 10; 15 i 30 z\u0142..<\/p>\n<p>8.Rekolekcje w naszej parafii b\u0119d\u0105 20, 21 i 22 grudnia<\/p>\n<p>9. Dzi\u0119kuj\u0119 za sprz\u0105tanie ko\u015bcio\u0142a rodzinom Mieczys\u0142aw Wal\u0119cki, Marianna Szyma\u0144ska, Maryla Wal\u0119cka z Wierzbna. W przysz\u0142ym tygodniu zapraszam rodziny Witold Pi\u00f3rek, Piotr Pi\u00f3rek, Miros\u0142aw Jaworowski, Wojciech Popowski z Wierzbna.<\/p>\n<p>10. Na stoliku wy\u0142o\u017cony jest nowy numer Echa katolickiego.<\/p>\n<p>11. Wszystkim solenizantom i jubilatom, kt\u00f3rzy b\u0119d\u0105 prze\u017cywali swoje \u015bwi\u0119to w najbli\u017cszych dniach, \u017cycz\u0119 Bo\u017cego b\u0142og. i obfito\u015bci Bo\u017cych \u0142ask.<\/p>\n<h4 style=\"text-align: center;\"><strong>PIERWSZA NIEDZIELA ADWENTU<br \/>\n1 grudnia 2024<br \/>\n<\/strong><strong>OG\u0141OSZENIA DUSZPASTERSKIE<\/strong><\/h4>\n<p>1. Dzisiejsz\u0105 niedziel\u0105 rozpoczynamy Adwent, czas radosnego oczekiwania i przygotowania na przyj\u015bcie Chrystusa. Wykorzystajmy dobrze ten czas na s\u0142uchanie s\u0142owa Bo\u017cego oraz wchodzenie w tajemnic\u0119 blisko\u015bci Boga, kt\u00f3ry przychodzi jako Emmanuel \u2013 B\u00f3g z nami.<\/p>\n<p>2. Adwent rozpoczyna nowy rok liturgiczny i duszpasterski. Has\u0142o programu duszpasterskiego dla Ko\u015bcio\u0142a w Polsce na ten rok b\u0119dzie si\u0119 pokrywa\u0142o z has\u0142em Roku Jubileuszowego 2025 i b\u0119dzie brzmia\u0142o: \u201ePielgrzymi nadziei\u201d.<\/p>\n<p>3. W czasie adwentowego oczekiwania zapraszam serdecznie wszystkich na Msze \u015awi\u0119te roratne,&nbsp; b\u0119d\u0105 one celebrowane we \u015brod\u0119 i sobot\u0119 o godz.7.00. O 6.45 rozpoczynamy \u015bpiew godzinek. Przynie\u015bmy ze sob\u0105 lampiony, aby ze \u015bwiat\u0142em w&nbsp;d\u0142oniach oczekiwa\u0107 przyj\u015bcia Pana.<\/p>\n<p>4. W \u015brod\u0119, 4 grudnia, przypada liturgiczne wspomnienie \u015awi\u0119tej Barbary, patronki g\u00f3rnik\u00f3w. Jest to tak\u017ce Dzie\u0144 Modlitw w Intencji Bezrobotnych.<\/p>\n<p>5. W tym tygodniu przypada&nbsp; pierwszy czwartek, pi\u0105tek i sobota miesi\u0105ca: w pi\u0105tek od godz.16.00 adoracja Naj\u015bwi\u0119tszego Sakramentu i nabo\u017ce\u0144stwo pierwszopi\u0105tkowe do Naj\u015bwi\u0119tszego Serca Pana Jezusa , w sobot\u0119 nabo\u017ce\u0144stwo ku czci Niepokalanego Serca Maryi&nbsp; po Mszy \u015bwi\u0119tej o godz. 7.00.<\/p>\n<p>6. W pi\u0105tek, 6 grudnia, przypada liturgiczne wspomnienie \u015awi\u0119tego Miko\u0142aja Biskupa. Niech opr\u00f3cz wielu podarunk\u00f3w nie zabraknie tak\u017ce daru naszej modlitwy w intencji dzieci przez wstawiennictwo tego wspania\u0142ego \u015awi\u0119tego.<\/p>\n<p>7. W przysz\u0142\u0105 niedziel\u0119, 8 grudnia, w drug\u0105 niedziel\u0119 Adwentu, przypada w tym roku uroczysto\u015b\u0107 Niepokalanego Pocz\u0119cia Naj\u015bwi\u0119tszej Maryi Panny. To tak\u017ce Dzie\u0144 Modlitwy i Pomocy Materialnej Ko\u015bcio\u0142owi na Wschodzie. A po Mszy \u015bwi\u0119tej o godz.11.00 b\u0142ogos\u0142awie\u0144stwo medalik\u00f3w dla dzieci z kl. III i IV.<\/p>\n<p>8. W przysz\u0142\u0105 niedziel\u0119 tak\u017ce po Mszy \u015bwi\u0119tej o godz. 9.00 zmiana tajemnic r\u00f3\u017ca\u0144ca dla rodzic\u00f3w modl\u0105cych si\u0119 za dzieci, o 10.30 r\u00f3\u017caniec za zmar\u0142ych polecanych w wypominkach z Jaworka, a po Mszy \u015bwi\u0119tej o godz. 9.00 zmiana tajemnic r\u00f3\u017ca\u0144ca dla K\u017bR m\u0119\u017cczyzn.<\/p>\n<p>9. W tym tygodniu p. Aneta z op\u0142atkiem uda si\u0119 w pi\u0105tek od 13.30 do Sobonia i w sobot\u0119 od 10.00 do&nbsp; Wierzbna od p. Szyma\u0144skich do gminy i od 12.00 pozosta\u0142a cz\u0119\u015b\u0107 Wierzbna.<\/p>\n<p>10. Na bocznym o\u0142tarzu wystawione s\u0105 \u015bwiece wigilijnej pomocy dzieciom w cenie 10; 15; 20 i 30 z\u0142..<\/p>\n<p>11. Dzi\u0119kuj\u0119 za sprz\u0105tanie ko\u015bcio\u0142a rodzinom Danuta Szmankowska, Krzysztof Twardowski, Piotr Patrykus z Wierzbna. W przysz\u0142ym tygodniu zapraszam rodziny Mieczys\u0142aw Wal\u0119cki, Marianna Szyma\u0144ska, Maryla Wal\u0119cka &nbsp;z Wierzbna.<\/p>\n<p>12. Na stoliku wy\u0142o\u017cony jest nowy numer Echa katolickiego.<\/p>\n<p>13. Wszystkim solenizantom i jubilatom, kt\u00f3rzy b\u0119d\u0105 prze\u017cywali swoje \u015bwi\u0119to w najbli\u017cszych dniach, \u017cycz\u0119 Bo\u017cego b\u0142og. i obfito\u015bci Bo\u017cych \u0142ask.<\/p>\n<p>14. W minionym tygodniu do wieczno\u015bci odszed\u0142 + Henryk \u0141ukasiak l. 74 z Wierzbna. Wieczny odpoczynek racz jej da\u0107 Panie\u2026<\/p>\n","protected":false},"excerpt":{"rendered":"<p>Powr\u00f3t do listy og\u0142osze\u0144 NIEDZIELA \u015aWI\u0118TEJ RODZINY: JEZUSA, MARYI I J\u00d3ZEFA 29 grudnia 2024 OG\u0141OSZENIA DUSZPASTERSKIE 1. Dzisiejsza, ostatnia niedziela 2024 roku, jest \u015bwi\u0119tem \u015awi\u0119tej Rodziny Nazareta\u0144skiej: Jezusa, Maryi i J\u00f3zefa. Wpatruj\u0105c si\u0119 w \u015awi\u0119t\u0105 Rodzin\u0119, \u0142atwiej zrozumiemy nasze powo\u0142anie do \u017cycia w rodzinie. Ona jest wzorem dla naszych rodzin. Pami\u0119tajmy, \u017ce zadaniem ka\u017cdego chrze\u015bcijanina jest przede wszystkim troska o w\u0142asne zbawienie. Dla wszystkich powo\u0142anych do \u017cycia ma\u0142\u017ce\u0144skiego i rodzinnego ta troska wyra\u017ca si\u0119 poprzez dobre i przyk\u0142adne, godne \u017cycie w rodzinie i poprzez rodzin\u0119. 2.Dzisiaj taca ekonomiczna. W listopadzie z\u0142o\u017cono 1792 z\u0142. B\u00f3g zap\u0142a\u0107. 3. We wtorek, 31 grudnia, podczas specjalnego nabo\u017ce\u0144stwa dzi\u0119kczynno-przeb\u0142agalnego w&nbsp;naszym ko\u015bciele, kt\u00f3re b\u0119dziemy celebrowali o godz. 16.00, &nbsp;podzi\u0119kujemy Bogu \u2013 dobremu Ojcu, za miniony czas i za otrzymane dobro. Przeprosimy za pope\u0142nione grzechy. B\u0119dziemy r\u00f3wnie\u017c prosi\u0107 o b\u0142ogos\u0142awie\u0144stwo nad nami, naszymi rodzinami i nad nasz\u0105 Ojczyzn\u0105. Za publiczne od\u015bpiewanie hymnu \u201eCiebie, Boga, wys\u0142awiamy\u201d podczas tego \u2026 <a class=\"continue-reading-link\" href=\"https:\/\/www.parafiawierzbno.com.pl\/?page_id=11241\">Czytaj dalej <span class=\"meta-nav\">&rarr; <\/span><\/a><\/p>\n","protected":false},"author":1,"featured_media":0,"parent":225,"menu_order":0,"comment_status":"closed","ping_status":"closed","template":"","meta":{"ngg_post_thumbnail":0},"_links":{"self":[{"href":"https:\/\/www.parafiawierzbno.com.pl\/index.php?rest_route=\/wp\/v2\/pages\/11241"}],"collection":[{"href":"https:\/\/www.parafiawierzbno.com.pl\/index.php?rest_route=\/wp\/v2\/pages"}],"about":[{"href":"https:\/\/www.parafiawierzbno.com.pl\/index.php?rest_route=\/wp\/v2\/types\/page"}],"author":[{"embeddable":true,"href":"https:\/\/www.parafiawierzbno.com.pl\/index.php?rest_route=\/wp\/v2\/users\/1"}],"replies":[{"embeddable":true,"href":"https:\/\/www.parafiawierzbno.com.pl\/index.php?rest_route=%2Fwp%2Fv2%2Fcomments&post=11241"}],"version-history":[{"count":9,"href":"https:\/\/www.parafiawierzbno.com.pl\/index.php?rest_route=\/wp\/v2\/pages\/11241\/revisions"}],"predecessor-version":[{"id":11257,"href":"https:\/\/www.parafiawierzbno.com.pl\/index.php?rest_route=\/wp\/v2\/pages\/11241\/revisions\/11257"}],"up":[{"embeddable":true,"href":"https:\/\/www.parafiawierzbno.com.pl\/index.php?rest_route=\/wp\/v2\/pages\/225"}],"wp:attachment":[{"href":"https:\/\/www.parafiawierzbno.com.pl\/index.php?rest_route=%2Fwp%2Fv2%2Fmedia&parent=11241"}],"curies":[{"name":"wp","href":"https:\/\/api.w.org\/{rel}","templated":true}]}}