{"id":11271,"date":"2025-02-04T15:01:36","date_gmt":"2025-02-04T14:01:36","guid":{"rendered":"https:\/\/www.parafiawierzbno.com.pl\/?page_id=11271"},"modified":"2025-02-23T13:01:31","modified_gmt":"2025-02-23T12:01:31","slug":"ogloszenia-luty-2025","status":"publish","type":"page","link":"https:\/\/www.parafiawierzbno.com.pl\/?page_id=11271","title":{"rendered":"Og\u0142oszenia &#8211; Luty 2025"},"content":{"rendered":"<p><a title=\"Og\u0142oszenia parafialne\" href=\"https:\/\/www.parafiawierzbno.com.pl\/?page_id=225\">Powr\u00f3t do listy og\u0142osze\u0144<\/a><\/p>\n<h4 style=\"text-align: center;\"><strong>SI\u00d3DMA NIEDZIELA W CI\u0104GU ROKU<\/strong><br \/>\n<strong>23 lutego 2025<\/strong><br \/>\n<strong>OG\u0141OSZENIA DUSZPASTERSKIE<\/strong><\/h4>\n<p>1. Powinni\u015bmy pami\u0119ta\u0107, \u017ce ka\u017cda niedziela jest dniem Pa\u0144skim, dniem zgromadzenia liturgicznego, dniem rodziny chrze\u015bcija\u0144skiej, rado\u015bci i odpoczynku od pracy. Jest podstaw\u0105 i&nbsp;rdzeniem ca\u0142ego roku liturgicznego, g\u0142\u00f3wnym dniem celebrowania Eucharystii, poniewa\u017c jest to dzie\u0144 pami\u0105tki zmartwychwstania Pa\u0144skiego. Bior\u0105c udzia\u0142 we Mszy \u015awi\u0119tej, po\u015bwiadczamy nasz\u0105 wiar\u0119, umacniamy nasze powo\u0142anie do g\u0142oszenia Ewangelii Chrystusowej w \u015bwiecie.<\/p>\n<p>2. Dzisiaj taca ekonomiczna. W styczniu z\u0142o\u017cono 1686 z\u0142. B\u00f3g zap\u0142a\u0107.<\/p>\n<p>3. Dzisiaj tak\u017ce po Mszy \u015bwi\u0119tej o godz. 17.00 spotkanie z kandydatami do bierzmowania<\/p>\n<p>4. W nadchodz\u0105cym tygodniu, 1 marca, przypada pierwsza sobota miesi\u0105ca. W naszym ko\u015bciele nabo\u017ce\u0144stwo pi\u0119ciu pierwszych sob\u00f3t miesi\u0105ca ku czci Niepokalanego Serca Naj\u015bwi\u0119tszej Maryi Panny b\u0119dzie po Mszy \u015bwi\u0119tej o godz. 17.00 .<\/p>\n<p>5. Jednocze\u015bnie w t\u0119 przysz\u0142\u0105 sobot\u0119 b\u0119dziemy obchodzili Narodowy Dzie\u0144 Pami\u0119ci \u201e\u017bo\u0142nierzy Wykl\u0119tych\u201d, kt\u00f3ry od 2011 roku jest \u015bwi\u0119tem pa\u0144stwowym. Dzie\u0144 ten zosta\u0142 ustanowiony dla upami\u0119tnienia \u017co\u0142nierzy antykomunistycznego i niepodleg\u0142o\u015bciowego podziemia. W naszej modlitwie pami\u0119tajmy o wszystkich, kt\u00f3rzy w trudnych czasach komunistycznego re\u017cimu podejmowali walk\u0119 o wolno\u015b\u0107 i suwerenno\u015b\u0107 naszej Ojczyzny.<\/p>\n<p>6. W przysz\u0142\u0105 niedziel\u0119 po Mszy \u015bwi\u0119tej o godz. 11.00 wystawienie Naj\u015bwi\u0119tszego Sakramentu i kr\u00f3tka adoracja z racji pierwszej niedzieli miesi\u0105ca a nast\u0119pnie zmiana tajemnic r\u00f3\u017ca\u0144ca dla K\u017bR kobiet.<\/p>\n<p>7. Dzi\u0119kuj\u0119 za sprz\u0105tanie ko\u015bcio\u0142a rodzinom J\u00f3zef Kope\u0107, Leszek Parol, S\u0142awomir Kapitanowicz z Wygl\u0119d\u00f3wka. W przysz\u0142ym tygodniu zapraszam rodziny Danuta Stachowicz, Remigiusz Zalewski, Helena \u015aledziewska, Zofia \u015aledziewska z Wygl\u0119d\u00f3wka.<\/p>\n<p>8. Na stoliku wy\u0142o\u017cony jest nowy numer Echa katolickiego.<\/p>\n<p>9. Wszystkim solenizantom i jubilatom, kt\u00f3rzy b\u0119d\u0105 prze\u017cywali swoje \u015bwi\u0119to w najbli\u017cszych dniach, \u017cycz\u0119 Bo\u017cego b\u0142og. i obfito\u015bci Bo\u017cych \u0142ask.<\/p>\n<h4 style=\"text-align: center;\"><strong>SZ\u00d3STA NIEDZIELA W CI\u0104GU ROKU<br \/>\n16 lutego 2025<br \/>\n<\/strong><strong>OG\u0141OSZENIA DUSZPASTERSKIE<\/strong><\/h4>\n<p>1. Ka\u017cda niedziela jest wyj\u0105tkow\u0105 okazj\u0105 do dojrzewania naszej wiary, do pog\u0142\u0119biania i&nbsp;zacie\u015bniania naszej osobistej relacji z Panem Bogiem. Jak\u017ce jest wa\u017cne, aby w tym procesie bra\u0142a udzia\u0142 ka\u017cda nasza rodzina i ca\u0142a wsp\u00f3lnota parafialna. Pozw\u00f3lmy Panu Jezusowi przemienia\u0107 nasze \u017cycie. Powierzajmy Mu trudy minionego tygodnia i nadzieje nadchodz\u0105cych dni. Niech On dzia\u0142a w naszych sercach, w\u00f3wczas codzienno\u015b\u0107 wype\u0142ni si\u0119 dobrem.<\/p>\n<p>2. Pami\u0119tajmy te\u017c, \u017ce tylko czerpi\u0105c obficie ze sto\u0142u s\u0142owa Bo\u017cego i sto\u0142u eucharystycznego, zostajemy uzdrowieni i umocnieni, aby \u015bwiadczy\u0107 o Chrystusie w\u015br\u00f3d tych, do kt\u00f3rych On nas posy\u0142a. Pami\u0119tajmy, \u017ce w ka\u017cdym spotkaniu drugi cz\u0142owiek potrzebuje naszej mi\u0142o\u015bci.<\/p>\n<p>3. Dzisiaj po Mszy \u015bwi\u0119tej o godz. 11.00 spotkanie z rodzicami dzieci kl. III i IV.<\/p>\n<p>4. W sobot\u0119, 22 lutego, w kalendarzu liturgicznym przypada \u015bwi\u0119to Katedry \u015awi\u0119tego Piotra Aposto\u0142a. Ju\u017c od IV wieku wierni Rzymu obchodzili pami\u0105tk\u0119 za\u0142o\u017cenia gminy chrze\u015bcija\u0144skiej i obrania Wiecznego Miasta przez \u015awi\u0119tego Piotra Aposto\u0142a na stolic\u0119 Ko\u015bcio\u0142a Chrystusowego. Symbolem w\u0142adzy Piotrowej sta\u0142a si\u0119 pot\u0119\u017cna bazylika, wzniesiona w XVII wieku nad grobem pierwszego biskupa Rzymu.<\/p>\n<p>5. W przysz\u0142\u0105 niedziel\u0119 po Mszy \u015bwi\u0119tej o godz. 17.00 spotkanie z kandydatami do bierzmowania<\/p>\n<p>6. Przysz\u0142a niedziela \u2013 ostatnia miesi\u0105ca, taca ekonomiczna.<\/p>\n<p>7. Dzi\u0119kuj\u0119 za sprz\u0105tanie ko\u015bcio\u0142a rodzinom \u0141ukasz Komorowski, , Jadwiga Jasi\u0144ska, Wies\u0142aw Pe\u0142czy\u0144ski z Wygl\u0119d\u00f3wka. W przysz\u0142ym tygodniu zapraszam rodziny J\u00f3zef Kope\u0107, Leszek Parol, S\u0142awomir Kapitanowicz z Wygl\u0119d\u00f3wka.<\/p>\n<p>8. Na stoliku wy\u0142o\u017cony jest nowy numer Echa katolickiego.<\/p>\n<p>9. Wszystkim solenizantom i jubilatom, kt\u00f3rzy b\u0119d\u0105 prze\u017cywali swoje \u015bwi\u0119to w najbli\u017cszych dniach, \u017cycz\u0119 Bo\u017cego b\u0142og. i obfito\u015bci Bo\u017cych \u0142ask.<\/p>\n<h4 style=\"text-align: center;\"><strong>PI\u0104TA NIEDZIELA W CI\u0104GU ROKU<br \/>\n9 lutego 2025<br \/>\n<\/strong><strong>OG\u0141OSZENIA DUSZPASTERSKIE<\/strong><\/h4>\n<p>1. Dzi\u015b na Eucharystii gromadzi nas Chrystus w pi\u0105t\u0105 niedziel\u0119 w ci\u0105gu roku liturgicznego. Pami\u0119tajmy, \u017ce nikt z nas ani ca\u0142a nasza wsp\u00f3lnota parafialna nie jest w stanie pog\u0142\u0119bi\u0107 swojej wi\u0119zi z Panem Bogiem bez Eucharystii. Dopiero karmi\u0105c si\u0119 prawdziw\u0105 Mi\u0142o\u015bci\u0105, ka\u017cdy chrze\u015bcijanin uczy si\u0119 ofiarnego \u017cycia. Cz\u0119\u015bciej i uwa\u017cniej wczytujmy si\u0119 w objawienie Bo\u017ce zawarte w Pi\u015bmie \u015awi\u0119tym. Jednocze\u015bnie ws\u0142uchujmy si\u0119 w to, co m\u00f3wi Ko\u015bci\u00f3\u0142, kt\u00f3rego zadaniem jest ci\u0105g\u0142e przybli\u017canie nas do zbawienia.<\/p>\n<p>2. We wtorek, 11 lutego, przypada liturgiczne wspomnienie Naj\u015bwi\u0119tszej Maryi Panny z&nbsp;Lourdes. Dok\u0142adnie tego dnia w 1858 roku, cztery lata po og\u0142oszeniu dogmatu o&nbsp;Niepokalanym Pocz\u0119ciu, Matka Naj\u015bwi\u0119tsza objawi\u0142a si\u0119 ubogiej pasterce, Bernadecie Soubirous w Grocie Massabielskiej. Wzywa\u0142a do modlitwy oraz pokuty. \u015awi\u0119to Matki Bo\u017cej z Lourdes \u0142\u0105czymy z obchodami \u015awiatowego Dnia Chorego. Mamy wi\u0119c szczeg\u00f3ln\u0105 okazj\u0119 do pog\u0142\u0119bienia postawy wra\u017cliwo\u015bci, refleksji i czynnego dzia\u0142ania wobec cierpi\u0105cych i chorych. W naszym ko\u015bciele na&nbsp; Mszy \u015awi\u0119tej o godz. 17.00 b\u0119dzie udzielany sakrament namaszczenia chorych. Serdecznie prosz\u0119 o pomoc wszystkim chorym, niepe\u0142nosprawnym, seniorom w dotarciu do naszej \u015bwi\u0105tyni.<\/p>\n<p>4. W pi\u0105tek, 14 lutego, obchodzimy \u015bwi\u0119to \u015awi\u0119tych Cyryla i Metodego \u2013 Patron\u00f3w Europy. \u017byli w IX wieku, pochodzili z miasta Saloniki w Cesarstwie Bizanty\u0144skim. Wprowadzili do liturgii j\u0119zyk s\u0142owia\u0144ski, pisany przystosowanym alfabetem greckim, u\u017cywany w Ko\u015bcio\u0142ach wschodnich do dzi\u015b. Cyryl przet\u0142umaczy\u0142 na ten j\u0119zyk Pismo \u015awi\u0119te. W 1980 roku papie\u017c Jan Pawe\u0142 II og\u0142osi\u0142 \u015awi\u0119tych Cyryla i Metodego wsp\u00f3\u0142patronami Europy. W \u015bwi\u0119to Cyryla i Metodego modlimy si\u0119 za narody s\u0142owia\u0144skie.<\/p>\n<p>5. Tego samego dnia tradycja wspomina \u015awi\u0119tego Walentego, kap\u0142ana rzymskiego, kt\u00f3ry w&nbsp;269 roku poni\u00f3s\u0142 \u015bmier\u0107 m\u0119cze\u0144sk\u0105, gdy\u017c mimo tortur nie chcia\u0142 wyrzec si\u0119 Chrystusa. Wspominany jest jako mi\u0119dzy innymi patron zakochanych. Niech to b\u0119dzie okazja tak\u017ce do modlitwy, podzi\u0119kowania Panu Bogu za mi\u0142o\u015b\u0107, kt\u00f3r\u0105 nas obdarzy\u0142, i za bliskich, kt\u00f3rzy nas kochaj\u0105. Pami\u0119tajmy te\u017c o narzeczonych z naszej wsp\u00f3lnoty parafialnej i pro\u015bmy, aby ich wzajemna mi\u0142o\u015b\u0107 umacnia\u0142a si\u0119 i aby z Bogiem weszli na wsp\u00f3ln\u0105 drog\u0119 \u017cycia.<\/p>\n<p>6. W przysz\u0142\u0105 niedziel\u0119 po Mszy \u015bwi\u0119tej o godz. 11.00 spotkanie z rodzicami dzieci kl. III i IV.<\/p>\n<p>7. Dzi\u0119kuj\u0119 za sprz\u0105tanie ko\u015bcio\u0142a rodzinom Halina W\u0105sowska, Janusz Komorowski z Wygl\u0119d\u00f3wka. W przysz\u0142ym tygodniu zapraszam rodziny \u0141ukasz Komorowski, Dariusz Koszewski, Jadwiga Jasi\u0144ska z Wygl\u0119d\u00f3wka.<\/p>\n<p>8. Na stoliku wy\u0142o\u017cony jest nowy numer Echa katolickiego, oraz modlitewnik jubileuszowy w cenie 2,50.<\/p>\n<p>9. Wszystkim solenizantom i jubilatom, kt\u00f3rzy b\u0119d\u0105 prze\u017cywali swoje \u015bwi\u0119to w najbli\u017cszych dniach, \u017cycz\u0119 Bo\u017cego b\u0142og. i obfito\u015bci Bo\u017cych \u0142ask.<\/p>\n<h4 style=\"text-align: center;\"><strong>OFIAROWANIE PA\u0143SKIE<br \/>\n2 lutego 2025<br \/>\n<\/strong><strong>OG\u0141OSZENIA DUSZPASTERSKIE<\/strong><\/h4>\n<p>l. W dzisiejsz\u0105 niedziel\u0119, 2 lutego, w kalendarzu liturgicznym przypada \u015bwi\u0119to Ofiarowania Pa\u0144skiego, w naszej polskiej tradycji nazywane \u015bwi\u0119tem Matki Bo\u017cej Gromnicznej.. Od X wieku upowszechni\u0142 si\u0119 zwyczaj b\u0142ogos\u0142awienia w tym dniu \u015bwiec. \u015awi\u0119to Ofiarowania Pa\u0144skiego ukazuje nam Chrystusa \u2013 \u015awiat\u0142o\u015b\u0107 \u015bwiata. Przyniesiona przez nas \u015bwieca ma przypomina\u0107, \u017ce Chrystus nieustannie o\u015bwieca drogi naszego \u017cycia.<\/p>\n<p>2. W wydarzeniu Ofiarowania Pa\u0144skiego wyj\u0105tkowa jest te\u017c obecno\u015b\u0107 starc\u00f3w Symeona i&nbsp;Anny. Dlatego dzi\u015b modlimy si\u0119 w intencji ludzi w podesz\u0142ym wieku. S\u0119dziwi Symeon i&nbsp;Anna pokazuj\u0105 nam, \u017ce u schy\u0142ku \u017cycia mo\u017cna dostrzec sprawy, kt\u00f3rych nie dostrzegaj\u0105 inni. S\u0105 oni tak\u017ce niezr\u00f3wnanymi nauczycielami trudnej i zapomnianej umiej\u0119tno\u015bci przygotowania si\u0119 do odej\u015bcia z tego \u015bwiata.<\/p>\n<p>3. W \u015bwi\u0119to Ofiarowania Pa\u0144skiego w Ko\u015bciele powszechnym obchodzimy ustanowiony przez \u015awi\u0119tego Jana Paw\u0142a II \u015awiatowy Dzie\u0144 \u017bycia Konsekrowanego \u2013 tegoroczny jest ju\u017c 29. z kolei. Nasz\u0105 modlitw\u0105 obejmujemy osoby, kt\u00f3re odda\u0142y swoje \u017cycie na s\u0142u\u017cb\u0119 Panu Bogu i ludziom w zakonach, zgromadzeniach i instytutach \u015bwieckich. Pro\u015bmy te\u017c o liczne i&nbsp;\u015bwi\u0119te powo\u0142ania do \u017cycia zakonnego w naszych rodzinach i wsp\u00f3lnocie parafialnej. Ofiary sk\u0142adane na tac\u0119 b\u0119d\u0105 przeznaczone na zakony klauzurowe w naszej diecezji.<\/p>\n<p>4. W tym tygodniu przypada pierwszy czwartek i pierwszy pi\u0105tek miesi\u0105ca. W czwartek, dzi\u0119kujemy za dar Eucharystii i kap\u0142a\u0144stwa, prosimy o nowe i \u015bwi\u0119te powo\u0142ania do pracy w Ko\u015bciele, tak\u017ce z&nbsp;naszej wsp\u00f3lnoty parafialnej.<\/p>\n<p>5. W pi\u0105tek pragniemy wype\u0142ni\u0107 pro\u015bb\u0119 Pana Jezusa o modlitw\u0119 wynagradzaj\u0105c\u0105 za grzechy nasze i ca\u0142ego \u015bwiata. O godz. 16.00 wystawienie Naj\u015bwi\u0119tszego Sakramentu i adoracja do godz. 17.00 a nast\u0119pnie Msza \u015awi\u0119ta wynagradzaj\u0105ca Naj\u015bwi\u0119tszemu Sercu Pana Jezusa.<\/p>\n<p>6. W przysz\u0142\u0105 niedziel\u0119 po Mszy \u015bwi\u0119tej o godz. 9.00 zmiana tajemnic r\u00f3\u017ca\u0144ca dla rodzic\u00f3w modl\u0105cych si\u0119 za dzieci; o godz. 10.30 r\u00f3\u017caniec za zmar\u0142ych polecanych w wypominkach z \u015awidna , Adamowa, Wygl\u0119d\u00f3wka i spoza parafii a po Mszy \u015bwi\u0119tej o godz. 11.00 zmiana tajemnic r\u00f3\u017ca\u0144ca dla K\u017bR m\u0119\u017cczyzn.<\/p>\n<p>7. Dzi\u0119kuj\u0119 za sprz\u0105tanie ko\u015bcio\u0142a rodzinom Jerzy Chabiera, Marian Milewski, Kazimierz W\u0105sowski z Wygl\u0119d\u00f3wka. W przysz\u0142ym tygodniu zapraszam rodziny Halina W\u0105sowska, \u0141ukasz Komorowski, Janusz Komorowski z Wygl\u0119d\u00f3wka.<\/p>\n<p>8. Na stoliku wy\u0142o\u017cony jest nowy numer Echa katolickiego, oraz modlitewnik jubileuszowy w cenie 2,50.<\/p>\n<p>9. Wszystkim solenizantom i jubilatom, kt\u00f3rzy b\u0119d\u0105 prze\u017cywali swoje \u015bwi\u0119to w najbli\u017cszych dniach, \u017cycz\u0119 Bo\u017cego b\u0142og. i obfito\u015bci Bo\u017cych \u0142ask.<\/p>\n<p>10. W minionym tygodniu z naszej wsp\u00f3lnoty odszed\u0142 &nbsp;do wieczno\u015bci + Miros\u0142aw Ku\u015bmierczyk l. 62 z Jaworka. Wieczny odpoczynek racz mu da\u0107 Panie\u2026.<\/p>\n<p>&nbsp;<\/p>\n","protected":false},"excerpt":{"rendered":"<p>Powr\u00f3t do listy og\u0142osze\u0144 SI\u00d3DMA NIEDZIELA W CI\u0104GU ROKU 23 lutego 2025 OG\u0141OSZENIA DUSZPASTERSKIE 1. Powinni\u015bmy pami\u0119ta\u0107, \u017ce ka\u017cda niedziela jest dniem Pa\u0144skim, dniem zgromadzenia liturgicznego, dniem rodziny chrze\u015bcija\u0144skiej, rado\u015bci i odpoczynku od pracy. Jest podstaw\u0105 i&nbsp;rdzeniem ca\u0142ego roku liturgicznego, g\u0142\u00f3wnym dniem celebrowania Eucharystii, poniewa\u017c jest to dzie\u0144 pami\u0105tki zmartwychwstania Pa\u0144skiego. Bior\u0105c udzia\u0142 we Mszy \u015awi\u0119tej, po\u015bwiadczamy nasz\u0105 wiar\u0119, umacniamy nasze powo\u0142anie do g\u0142oszenia Ewangelii Chrystusowej w \u015bwiecie. 2. Dzisiaj taca ekonomiczna. W styczniu z\u0142o\u017cono 1686 z\u0142. B\u00f3g zap\u0142a\u0107. 3. Dzisiaj tak\u017ce po Mszy \u015bwi\u0119tej o godz. 17.00 spotkanie z kandydatami do bierzmowania 4. W nadchodz\u0105cym tygodniu, 1 marca, przypada pierwsza sobota miesi\u0105ca. W naszym ko\u015bciele nabo\u017ce\u0144stwo pi\u0119ciu pierwszych sob\u00f3t miesi\u0105ca ku czci Niepokalanego Serca Naj\u015bwi\u0119tszej Maryi Panny b\u0119dzie po Mszy \u015bwi\u0119tej o godz. 17.00 . 5. Jednocze\u015bnie w t\u0119 przysz\u0142\u0105 sobot\u0119 b\u0119dziemy obchodzili Narodowy Dzie\u0144 Pami\u0119ci \u201e\u017bo\u0142nierzy Wykl\u0119tych\u201d, kt\u00f3ry od 2011 roku jest \u015bwi\u0119tem pa\u0144stwowym. Dzie\u0144 ten zosta\u0142 ustanowiony \u2026 <a class=\"continue-reading-link\" href=\"https:\/\/www.parafiawierzbno.com.pl\/?page_id=11271\">Czytaj dalej <span class=\"meta-nav\">&rarr; <\/span><\/a><\/p>\n","protected":false},"author":1,"featured_media":0,"parent":225,"menu_order":0,"comment_status":"closed","ping_status":"closed","template":"","meta":{"ngg_post_thumbnail":0},"_links":{"self":[{"href":"https:\/\/www.parafiawierzbno.com.pl\/index.php?rest_route=\/wp\/v2\/pages\/11271"}],"collection":[{"href":"https:\/\/www.parafiawierzbno.com.pl\/index.php?rest_route=\/wp\/v2\/pages"}],"about":[{"href":"https:\/\/www.parafiawierzbno.com.pl\/index.php?rest_route=\/wp\/v2\/types\/page"}],"author":[{"embeddable":true,"href":"https:\/\/www.parafiawierzbno.com.pl\/index.php?rest_route=\/wp\/v2\/users\/1"}],"replies":[{"embeddable":true,"href":"https:\/\/www.parafiawierzbno.com.pl\/index.php?rest_route=%2Fwp%2Fv2%2Fcomments&post=11271"}],"version-history":[{"count":6,"href":"https:\/\/www.parafiawierzbno.com.pl\/index.php?rest_route=\/wp\/v2\/pages\/11271\/revisions"}],"predecessor-version":[{"id":11283,"href":"https:\/\/www.parafiawierzbno.com.pl\/index.php?rest_route=\/wp\/v2\/pages\/11271\/revisions\/11283"}],"up":[{"embeddable":true,"href":"https:\/\/www.parafiawierzbno.com.pl\/index.php?rest_route=\/wp\/v2\/pages\/225"}],"wp:attachment":[{"href":"https:\/\/www.parafiawierzbno.com.pl\/index.php?rest_route=%2Fwp%2Fv2%2Fmedia&parent=11271"}],"curies":[{"name":"wp","href":"https:\/\/api.w.org\/{rel}","templated":true}]}}