{"id":11290,"date":"2025-03-03T11:35:04","date_gmt":"2025-03-03T10:35:04","guid":{"rendered":"https:\/\/www.parafiawierzbno.com.pl\/?page_id=11290"},"modified":"2025-04-07T12:49:40","modified_gmt":"2025-04-07T10:49:40","slug":"ogloszenia-marzec-2025","status":"publish","type":"page","link":"https:\/\/www.parafiawierzbno.com.pl\/?page_id=11290","title":{"rendered":"Og\u0142oszenia &#8211; Marzec 2025"},"content":{"rendered":"<p><a title=\"Og\u0142oszenia parafialne\" href=\"https:\/\/www.parafiawierzbno.com.pl\/?page_id=225\">Powr\u00f3t do listy og\u0142osze\u0144<\/a><\/p>\n<h4 style=\"text-align: center;\"><strong>CZWARTA NIEDZIELA WIELKIEGO POSTU<br \/>\n30 marca 2025<br \/>\n<\/strong><strong>OG\u0141OSZENIA DUSZPASTERSKIE<\/strong><\/h4>\n<p>1. Dzisiejsza \u2013 ju\u017c czwarta niedziela Wielkiego Postu \u2013 r\u00f3\u017cni si\u0119 nieco od pozosta\u0142ych. W&nbsp;tradycji Ko\u015bcio\u0142a nazywamy j\u0105 niedziel\u0105 Laetare, czyli niedziel\u0105 rado\u015bci. Widzimy to nawet w zmianie postnego fioletu na r\u00f3\u017cowy kolor szat liturgicznych. W po\u0142owie Wielkiego Postu Ko\u015bci\u00f3\u0142 wzywa wiernych do rado\u015bci, aby wszyscy podejmuj\u0105cy trud przemiany serca wytrwali w tym nie\u0142atwym codziennym wysi\u0142ku.<\/p>\n<p>2. Wielki Post, kt\u00f3ry obecnie prze\u017cywamy, to wyj\u0105tkowa okazja do nawr\u00f3cenia, do odnowienia naszej przyja\u017ani z Bogiem. Dobrze wykorzystajmy ten czas, aby ugruntowa\u0107 w sobie cz\u0142owieka prawego sumienia i autentycznie zaanga\u017cowanego w budowanie kr\u00f3lestwa Bo\u017cego.<\/p>\n<p>3. Przypominam, \u017ce w naszym ko\u015bciele w ka\u017cdy pi\u0105tek Wielkiego Postu o godz. 17.30 razem z&nbsp;Chrystusem i Jego bolej\u0105c\u0105 Matk\u0105 przemierzamy Drog\u0119 krzy\u017cow\u0105, a w niedziele o godz. 12.00 rozpami\u0119tujemy m\u0119k\u0119 Pana Jezusa podczas Gorzkich \u017cali.<\/p>\n<p>4. W nadchodz\u0105cym tygodniu przypada Pierwszy Czwartek, Pierwszy Pi\u0105tek i Pierwsza Sobota miesi\u0105ca. W Pierwszy Czwartek (3 kwietnia) b\u0119dziemy dzi\u0119kowali Panu Bogu za dar Eucharystii, b\u0119dziemy si\u0119 te\u017c modlili o liczne i&nbsp;\u015bwi\u0119te powo\u0142ania kap\u0142a\u0144skie i&nbsp;zakonne.<\/p>\n<p>W Pierwszy Pi\u0105tek (4 kwietnia) b\u0119dzie szczeg\u00f3lna okazja do oddania czci Naj\u015bwi\u0119tszemu Sercu Pana Jezusa oraz do pojednania si\u0119 z Bogiem i&nbsp;bra\u0107mi. Od godz. 16.00 adoracja Naj\u015bwi\u0119tszego Sakramentu do godz. 16.50 zako\u0144czona nabo\u017ce\u0144stwem pierwszo pi\u0105tkowym.<\/p>\n<p>W Pierwsz\u0105 Sobot\u0119 (5 kwietnia) oddajemy cze\u015b\u0107 Niepokalanemu Sercu Maryi Panny.<\/p>\n<p>5. W \u015brod\u0119, 2 kwietnia, przypada 20. rocznica \u015bmierci \u015awi\u0119tego Jana Paw\u0142a II. Przez jego wstawiennictwo mo\u017cemy prosi\u0107 Boga o potrzebne dla nas \u0142aski. Papie\u017c Polak przez d\u0142ugie lata swojego pontyfikatu w\u0142asnym przyk\u0142adem uczy\u0142 nas, jak odda\u0107 si\u0119 ca\u0142kowicie Chrystusowi i jak \u015bwiadczy\u0107 o wierze. Starajmy si\u0119 go w tym na\u015bladowa\u0107.<\/p>\n<p>6. Dzisiaj taca ekonomiczna. W lutym z\u0142o\u017cono 1349 z\u0142. B\u00f3g zap\u0142a\u0107.<\/p>\n<p>7. W minionym tygodniu z\u0142o\u017cono 500 z\u0142. z Jan\u00f3wka na kwiaty do Grobu Pa\u0144skiego .<\/p>\n<p>8. &nbsp;3 kwietnia we czwartek od godz. 14.00 do 16.00 odb\u0119dzie si\u0119 zbi\u00f3rka elektro\u015bmieci.<\/p>\n<p>9. Na bocznym o\u0142tarzu wystawione s\u0105 baranki wielkanocne 10 z\u0142.<\/p>\n<p>10. Dzi\u0119kuj\u0119 za sprz\u0105tanie ko\u015bcio\u0142a rodzinom Zofia Leszczy\u0144ska, Halina G\u00f3jska, Miros\u0142awa Trojanowska z Lasu Jaworskiego. W przysz\u0142ym tygodniu zapraszam rodziny Pawe\u0142 Polkowski, Mieczys\u0142aw Radzio, Marek Wiel\u0105dek, Stanis\u0142aw Wiel\u0105dek, Bogus\u0142aw Aleksandrowicz z Lasu Jaworskiego.<\/p>\n<p>11. Na stoliku wy\u0142o\u017cony jest nowy numer Echa katolickiego.<\/p>\n<p>12. Wszystkim solenizantom i jubilatom, kt\u00f3rzy b\u0119d\u0105 prze\u017cywali swoje \u015bwi\u0119to w najbli\u017cszych dniach, \u017cycz\u0119 Bo\u017cego b\u0142og. i obfito\u015bci Bo\u017cych \u0142ask.<\/p>\n<h4 style=\"text-align: center;\"><strong>TRZECIA NIEDZIELA WIELKIEGO POSTU<br \/>\n23 marca 2025<br \/>\n<\/strong><strong>OG\u0141OSZENIA DUSZPASTERSKIE<\/strong><\/h4>\n<p>1. Dobiegamy ju\u017c po\u0142owy tegorocznego czasu pokuty i nawr\u00f3cenia \u2013 dzisiaj trzecia niedziela Wielkiego Postu! Liturgia przypomina nam Chrystusow\u0105 przypowie\u015b\u0107 o drzewie figowym, kt\u00f3re nie rodzi owoc\u00f3w. Baczniej przyjrzyjmy si\u0119 wi\u0119c w tym \u015bwi\u0119tym czasie, jakie owoce wiary wydajemy w codzienno\u015bci. Czy w og\u00f3le nasza wiara przynosi jakiekolwiek owoce? Je\u015bli nie, to jest to dobry czas, aby si\u0119 zmieni\u0107.<\/p>\n<p>2. Mog\u0105 nam w tym pom\u00f3c wielkopostne pasyjne nabo\u017ce\u0144stwa, do udzia\u0142u w kt\u00f3rych bardzo serdecznie zach\u0119cam: &#8211; Droga krzy\u017cowa \u2013 w pi\u0105tek o godz. 17.30, &#8211; Gorzkie \u017cale w niedziel\u0119 o godz. 12.00.<\/p>\n<p>3. Dzi\u0119kuj\u0119 ks. Przemys\u0142awowi \u015awiderskiemu za poprowadzenie rekolekcji wielkopostnych.<\/p>\n<p>4. W poniedzia\u0142ek, 24 marca, obchodzimy Narodowy Dzie\u0144 Pami\u0119ci Polak\u00f3w ratuj\u0105cych \u017byd\u00f3w pod okupacj\u0105 niemieck\u0105. Wyb\u00f3r daty nawi\u0105zuje do dnia, w kt\u00f3rym Niemcy w 1944 roku w Markowej zamordowali rodzin\u0119 B\u0142ogos\u0142awionych Ulm\u00f3w: J\u00f3zefa i Wiktori\u0119 oraz ich dzieci, wraz z ukrywaj\u0105cymi si\u0119 u nich \u017bydami. &nbsp;<\/p>\n<p>5. W&nbsp;najbli\u017cszy wtorek, 25 marca b\u0119dziemy prze\u017cywali uroczysto\u015bci Zwiastowania Pa\u0144skiego W t\u0119 uroczysto\u015b\u0107 celebrujemy pocz\u0105tek naszego odkupienia. Syn Bo\u017cy wcieli\u0142 si\u0119 w \u0142ono Naj\u015bwi\u0119tszej Maryi Panny, aby wyzwoli\u0107 nas spod panowania grzechu i z\u0142a. Msze \u015awi\u0119te tego dnia w naszym ko\u015bciele sprawujemy o godz. 9.00 i 18.00.&nbsp; Uroczysto\u015b\u0107 Zwiastowania Pa\u0144skiego jest zarazem Dniem \u015awi\u0119to\u015bci \u017bycia i Duchowej Adopcji Dziecka Pocz\u0119tego.<\/p>\n<p>6. We wtorek po Mszy \u015bwi\u0119tej o godz. 18.00 b\u0142ogos\u0142awie\u0144stwo ksi\u0105\u017ceczek dla dzieci z kl. III i IV.<\/p>\n<p>7. Przysz\u0142a niedziela \u2013 ostatnia miesi\u0105ca \u2013 taca ekonomiczna.<\/p>\n<p>8. W przysz\u0142\u0105 niedziel\u0119 o godz. 12.15 koncert pie\u015bni wielkopostnych Stabat Mater Dolorosa.<\/p>\n<p>9. W przysz\u0142\u0105 niedziel\u0119 po Mszy \u015bwi\u0119tej o godz. 18.00 spotkanie z kandydatami do bierzmowania<\/p>\n<p>10. Na bocznym o\u0142tarzu wystawione s\u0105 baranki wielkanocne 10 z\u0142., i \u015bwiece wielkanocne 15 z\u0142.<\/p>\n<p>11. Dzi\u0119kuj\u0119 za sprz\u0105tanie ko\u015bcio\u0142a rodzinom Konrad Tafil, Grzegorz Brogowski z Helenowa. W przysz\u0142ym tygodniu zapraszam rodziny Pawe\u0142 Polkowski, Zofia Leszczy\u0144ska, Halina G\u00f3jska, Miros\u0142awa Trojanowska z Lasu Jaworskiego.<\/p>\n<p>12. Na stoliku wy\u0142o\u017cony jest nowy numer Echa katolickiego.<\/p>\n<p>13. Wszystkim solenizantom i jubilatom, kt\u00f3rzy b\u0119d\u0105 prze\u017cywali swoje \u015bwi\u0119to w najbli\u017cszych dniach, \u017cycz\u0119 Bo\u017cego b\u0142og. i obfito\u015bci Bo\u017cych \u0142ask.<\/p>\n<p>13. W tym tygodniu z naszej wsp\u00f3lnoty odesz\u0142a do wieczno\u015bci + Ma\u0142gorzta Malinowska l. 63 z Wierzbna. Wieczny odpoczynek racz jej da\u0107 Panie\u2026..<\/p>\n<p>&nbsp;<\/p>\n<h4 style=\"text-align: center;\"><strong>DRUGA NIEDZIELA WIELKIEGO POSTU<br \/>\n16 marca 2025<br \/>\n<\/strong><strong>OG\u0141OSZENIA DUSZPASTERSKIE<\/strong><\/h4>\n<p>1. Dzi\u015b przypada druga niedziela Wielkiego Postu. Ko\u015bci\u00f3\u0142 na r\u00f3\u017cne sposoby pragnie nam pom\u00f3c, aby\u015bmy ten \u015bwi\u0119ty czas prze\u017cywali z jak najwi\u0119kszym po\u017cytkiem. Czyni to zw\u0142aszcza przez g\u0142oszenie s\u0142owa Bo\u017cego i sprawowanie sakramentu pojednania i pokuty. Czyni to tak\u017ce przez organizowanie w tym czasie rekolekcji, dni skupienia czy specjalnych nabo\u017ce\u0144stw pokutnych\u2026 Przypominam, \u017ce w naszym ko\u015bciele w ka\u017cdy pi\u0105tek o godz. 18.00 razem z&nbsp;Chrystusem i Jego Bolej\u0105c\u0105 Matk\u0105 przemierzamy Drog\u0119 krzy\u017cow\u0105, a w niedziele o godz. 12.00 rozpami\u0119tujemy m\u0119k\u0119 Pana Jezusa podczas Gorzkich \u017cali. Wszystkich zach\u0119cam do licznego udzia\u0142u w tych nabo\u017ce\u0144stwach.<\/p>\n<p>2. W Ko\u015bciele powszechnym prze\u017cywamy niedziel\u0119 Ad Gentes \u2013 Dzie\u0144 Modlitw, Postu i&nbsp;Solidarno\u015bci z Misjonarzami. Naszymi modlitwami obejmujemy tych, kt\u00f3rzy g\u0142osz\u0105 Ewangeli\u0119 na kra\u0144cach ziemi. Oni cz\u0119sto na wz\u00f3r Chrystusa cierpi\u0105 prze\u015bladowania i p\u0142ac\u0105 najwy\u017csz\u0105 cen\u0119 z w\u0142asnego \u017cycia za swoj\u0105 pos\u0142ug\u0119. Do puszek sk\u0142adamy ofiary na dzie\u0142o pomocy Ad Gentes.<\/p>\n<p>3. W \u015brod\u0119, 19 marca, przypada uroczysto\u015b\u0107 \u015awi\u0119tego J\u00f3zefa, Oblubie\u0144ca Naj\u015bwi\u0119tszej Maryi Panny i opiekuna Pana Jezusa. Papie\u017c Pius IX w 1870 roku og\u0142osi\u0142 go patronem Ko\u015bcio\u0142a powszechnego i rodzin chrze\u015bcija\u0144skich. Podczas Mszy \u015awi\u0119tej o godz. 18.00 tego dnia przez wstawiennictwo Opiekuna Naj\u015bwi\u0119tszej Rodziny b\u0119dziemy modli\u0107 si\u0119 za m\u0119\u017c\u00f3w i ojc\u00f3w z&nbsp;naszej wsp\u00f3lnoty parafialnej i o godne wype\u0142nianie przez nich swojego powo\u0142ania.<\/p>\n<p>4. W pi\u0105tek 21 marca rozpoczynamy nasze parafialne rekolekcje, kt\u00f3re poprowadzi ks. Przemys\u0142aw \u015awiderski \u2013 Dyrektor Katolickiego Radia Podlasie. W pi\u0105tek i w sobot\u0119 Msze \u015bwi\u0119te o godz. 10.00; 12.00 i 18.00. \u2013 b\u0119dzie mo\u017cna skorzysta\u0107 z sakramentu pokuty. Ofiary sk\u0142adane w niedziel\u0119 na tac\u0119 s\u0105 przeznaczone do dyspozycji ks. rekolekcjonisty.<\/p>\n<p>5. Na bocznym o\u0142tarzu wystawione s\u0105 baranki wielkanocne 10 z\u0142., paschaliki 10 z\u0142. i \u015bwiece wielkanocne 15 z\u0142.<\/p>\n<p>6. Dzi\u0119kuj\u0119 za sprz\u0105tanie ko\u015bcio\u0142a rodzinom Ryszard Aleksandrowicz, Kazimierz Leszczy\u0144ski, Arkadiusz Zalewski z Helenowa. W przysz\u0142ym tygodniu zapraszam rodziny Konrad Tafil, Grzegorz Brogowski z Helenowa.<\/p>\n<p>7. Na stoliku wy\u0142o\u017cony jest nowy numer Echa katolickiego.<\/p>\n<p>8. Wszystkim solenizantom i jubilatom, kt\u00f3rzy b\u0119d\u0105 prze\u017cywali swoje \u015bwi\u0119to w najbli\u017cszych dniach, \u017cycz\u0119 Bo\u017cego b\u0142og. i obfito\u015bci Bo\u017cych \u0142ask.<\/p>\n<h4 style=\"text-align: center;\"><strong>PIERWSZA NIEDZIELA WIELKIEGO POSTU<br \/>\n9 marca 2025<br \/>\n<\/strong><strong>OG\u0141OSZENIA DUSZPASTERSKIE<\/strong><\/h4>\n<p>1. Dzisiaj prze\u017cywamy pierwsz\u0105 niedziel\u0119 Wielkiego Postu. Ko\u0144cz\u0105 si\u0119 trwaj\u0105ce od \u015arody Popielcowej Kwartalne dni modlitw o ducha pokuty. Warto przytoczy\u0107 przy tej okazji s\u0142owa \u015awi\u0119tego Jana Paw\u0142a II: \u201eRozpoczynaj\u0105cy si\u0119 okres Wielkiego Postu jest okazj\u0105 do bardziej intensywnej modlitwy i wielkodusznej pokuty dla ub\u0142agania Boga o \u0142ask\u0119 nawr\u00f3cenia serc i&nbsp;dar pokoju w sprawiedliwo\u015bci dla wszystkich ludzi\u201d. Starajmy si\u0119, aby owoce duchowe, jakie w tym czasie otrzymamy, promieniowa\u0142y wok\u00f3\u0142 nas, a trud stawania si\u0119 lepszymi ofiarujmy tak\u017ce za innych, zw\u0142aszcza za tych, kt\u00f3rzy obra\u017caj\u0105 Pana Boga i za to nie przepraszaj\u0105, oraz za pok\u00f3j na \u015bwiecie.<\/p>\n<p>2. W\u0142\u0105czmy si\u0119 w g\u0142\u0119bokie prze\u017cycie czasu Wielkiego Postu przez intensywniejsz\u0105 modlitw\u0119 osobist\u0105 i&nbsp;wsp\u00f3lnotow\u0105. Tej drugiej b\u0119dzie sprzyja\u0142 udzia\u0142 w nabo\u017ce\u0144stwach wielkopostnych: w&nbsp;pi\u0105tki w naszym ko\u015bciele o godz. 17.00 odprawiamy Drog\u0119 krzy\u017cow\u0105, a w niedziele o godz. 12.00 Gorzkie \u017cale.<\/p>\n<p>3. Przypominam, \u017ce za udzia\u0142 w Drodze krzy\u017cowej, w nabo\u017ce\u0144stwie Gorzkich \u017cali oraz za odprawienie przynajmniej trzydniowych rekolekcji mo\u017cna uzyska\u0107 odpust zupe\u0142ny.<\/p>\n<p>4. W czwartek, 13 marca, przypada 12. rocznica wyboru papie\u017ca Franciszka na Stolic\u0119 Piotrow\u0105. Powierzajmy go Bo\u017cej Opatrzno\u015bci oraz opiece Matki Naj\u015bwi\u0119tszej w naszych osobistych modlitwach, aby bezpiecznie i w wierno\u015bci Ewangelii prowadzi\u0142 Ko\u015bci\u00f3\u0142 przez burzliwe wsp\u00f3\u0142czesne czasy.<\/p>\n<p>5. Przysz\u0142a niedziela b\u0119dzie drug\u0105 niedziel\u0105 Wielkiego Postu. To tak zwana Niedziela Ad Gentes. Jest to Dzie\u0144 Modlitwy, Postu i Solidarno\u015bci z Misjonarzami. B\u0119dziemy si\u0119 modlili w&nbsp;intencji misji i misjonarzy, a po Mszach \u015awi\u0119tych ofiarami z\u0142o\u017conymi do puszek b\u0119dziemy mogli materialnie wesprze\u0107 dzie\u0142o misyjne Ko\u015bcio\u0142a.<\/p>\n<p>6. W lutym na remont ko\u015bcio\u0142a z\u0142o\u017cono 6350 z\u0142. B\u00f3g zap\u0142a\u0107.<\/p>\n<p>7. Na bocznym o\u0142tarzu wystawione s\u0105 baranki wielkanocne 10 z\u0142., paschaliki 10 z\u0142. i \u015bwiece wielkanocne 15 z\u0142.<\/p>\n<p>8. Rekolekcje w naszej parafii b\u0119d\u0105 21, 22 i 23 marca, b\u0119dzie to jednocze\u015bnie renowacja misji.<\/p>\n<p>9. Dzisiaj w \u015bwietlicy OSP o godz. 16.00 koncert z okazji Dnia Kobiet.<\/p>\n<p>10. Dzi\u0119kuj\u0119 za sprz\u0105tanie ko\u015bcio\u0142a rodzinom Krzysztof Zalewski, Miros\u0142aw Patoka, Zbigniew Go\u0142\u0119biewski z Helenowa. W przysz\u0142ym tygodniu zapraszam rodziny Ryszard Aleksandrowicz, Kazimierz Leszczy\u0144ski, Arkadiusz Zalewski z Helenowa.<\/p>\n<p>11. Na stoliku wy\u0142o\u017cony jest nowy numer Echa katolickiego.<\/p>\n<p>12. Wszystkim solenizantom i jubilatom, kt\u00f3rzy b\u0119d\u0105 prze\u017cywali swoje \u015bwi\u0119to w najbli\u017cszych dniach, \u017cycz\u0119 Bo\u017cego b\u0142og. i obfito\u015bci Bo\u017cych \u0142ask.<\/p>\n<h4 style=\"text-align: center;\"><strong>\u00d3SMA NIEDZIELA W CI\u0104GU ROKU<br \/>\n2 marca 2025<br \/>\n<\/strong><strong>OG\u0141OSZENIA DUSZPASTERSKIE<\/strong><\/h4>\n<p>1. Dzi\u015b \u00f3sma niedziela zwyk\u0142a w roku liturgicznym. Ka\u017cda niedziela to dzie\u0144 spotkania z&nbsp;Panem w tajemnicy Eucharystii, wytchnienia od codziennych obowi\u0105zk\u00f3w oraz pog\u0142\u0119bienia relacji z najbli\u017cszymi. Posileni na \u015awi\u0119tej Wieczerzy wykorzystajmy dobrze czas dany nam przez Boga.<\/p>\n<p>2. Dzisiaj rozpoczynamy w Ko\u015bciele w Polsce 58. Tydzie\u0144 Modlitw o Trze\u017awo\u015b\u0107 Narodu. Ko\u015bci\u00f3\u0142 wzywa nas do szczeg\u00f3lnej indywidualnej i wsp\u00f3lnotowej modlitwy oraz do abstynencji, kt\u00f3r\u0105 mo\u017cemy ofiarowa\u0107 Panu Bogu jako wynagrodzenie za grzechy pija\u0144stwa innych os\u00f3b lub z pro\u015bb\u0105 o uwolnienie od tego na\u0142ogu bliskich czy znajomych.<\/p>\n<p>3. Ko\u0144czy si\u0119 tegoroczny karnawa\u0142. W tym tygodniu, 5 marca, przypada \u015aroda Popielcowa. Otwiera ona \u015bwi\u0119ty, szczeg\u00f3lny czas Wielkiego Postu. Msze \u015awi\u0119te tego dnia w naszym ko\u015bciele o godz.: 9.00 i 18.00. Zewn\u0119trznym znakiem naszego wej\u015bcia na drog\u0119 pokuty i nawr\u00f3cenia jest posypanie g\u0142owy popio\u0142em. Popi\u00f3\u0142 przypomina , \u017ce wszystko, co ziemskie, powsta\u0142o z prochu ziemi i&nbsp;zn\u00f3w w proch si\u0119 obr\u00f3ci. Zatem Wielki Post \u2013 czas pokuty, postu, wyrzecze\u0144 i modlitwy \u2013 ma s\u0142u\u017cy\u0107 naszemu nawr\u00f3ceniu, ma przygotowa\u0107 nasze serca na owocne prze\u017cycie radosnych \u015bwi\u0105t Zmartwychwstania Pa\u0144skiego.<\/p>\n<p>4. W Popielec obowi\u0105zuje post \u015bcis\u0142y, polegaj\u0105cy na wstrzemi\u0119\u017aliwo\u015bci od pokarm\u00f3w mi\u0119snych i spo\u017cyciu jednego posi\u0142ku do syta w ci\u0105gu dnia. Pozosta\u0142e posi\u0142ki nale\u017cy ograniczy\u0107 co do ilo\u015bci. Post obowi\u0105zuje wszystkich pomi\u0119dzy 18. a 60. rokiem \u017cycia.. Przypominam, \u017ce wszystkich od 14. roku \u017cycia obowi\u0105zuje wstrzemi\u0119\u017aliwo\u015b\u0107 od pokarm\u00f3w mi\u0119snych. Przypominam te\u017c, \u017ce Wielki Post jest tzw. czasem zakazanym dla wesel, zabaw i dyskotek.<\/p>\n<p>5. Nasze duchowe wielkopostne \u0107wiczenia wzmocni udzia\u0142 w nabo\u017ce\u0144stwach Drogi krzy\u017cowej, kt\u00f3re w naszym ko\u015bciele b\u0119dziemy odprawiali w pi\u0105tki o godz. 17.00, oraz w&nbsp;Gorzkich \u017calach, odprawianych w ka\u017cd\u0105 niedziel\u0119 o godz. 12.00.<\/p>\n<p>6. W tym tygodniu przypada pierwszy czwartek i pierwszy pi\u0105tek miesi\u0105ca: w pi\u0105tek o godz. 16.00 wystawienie Naj\u015bwi\u0119tszego Sakramentu i adoracja do godz. 17.00 zako\u0144czona nabo\u017ce\u0144stwem do Naj\u015bwi\u0119tszego Serca Pana Jezusa.<\/p>\n<p>7. W przysz\u0142\u0105 niedziel\u0119 po Mszy \u015bwi\u0119tej o godz. 9.00 zmiana tajemnic r\u00f3\u017ca\u0144ca dla rodzic\u00f3w modl\u0105cych si\u0119 za dzieci. O 10.30 r\u00f3\u017caniec za zmar\u0142ych polecanych w wypominkach z Wierzbna a po Mszy \u015bwi\u0119tej o godz. 11.00 zmiana tajemnic r\u00f3\u017ca\u0144ca dla K\u017bR m\u0119\u017cczyzn<\/p>\n<p>8. Dzi\u0119kuj\u0119 za sprz\u0105tanie ko\u015bcio\u0142a rodzinom Danuta Stachowicz, Remigiusz Zalewski, Helena \u015aledziewska, Zofia \u015aledziewska z Wygl\u0119d\u00f3wka. W przysz\u0142ym tygodniu zapraszam rodziny Krzysztof Zalewski, Miros\u0142aw Patoka, Zbigniew Go\u0142\u0119biewski z Helenowa.<\/p>\n<p>9. Na stoliku wy\u0142o\u017cony jest nowy numer Echa katolickiego.<\/p>\n<p>10. Wszystkim solenizantom i jubilatom, kt\u00f3rzy b\u0119d\u0105 prze\u017cywali swoje \u015bwi\u0119to w najbli\u017cszych dniach, \u017cycz\u0119 Bo\u017cego b\u0142og. i obfito\u015bci Bo\u017cych \u0142ask.<\/p>\n<p>11. W tym tygodniu z naszej wsp\u00f3lnoty odeszed\u0142 do wieczno\u015bci + Jerzy Bogus\u0142aw Jachimowicz l.84 z Wierzbna. Wieczny odpoczynek racz mu da\u0107 Panie\u2026.<\/p>\n","protected":false},"excerpt":{"rendered":"<p>Powr\u00f3t do listy og\u0142osze\u0144 CZWARTA NIEDZIELA WIELKIEGO POSTU 30 marca 2025 OG\u0141OSZENIA DUSZPASTERSKIE 1. Dzisiejsza \u2013 ju\u017c czwarta niedziela Wielkiego Postu \u2013 r\u00f3\u017cni si\u0119 nieco od pozosta\u0142ych. W&nbsp;tradycji Ko\u015bcio\u0142a nazywamy j\u0105 niedziel\u0105 Laetare, czyli niedziel\u0105 rado\u015bci. Widzimy to nawet w zmianie postnego fioletu na r\u00f3\u017cowy kolor szat liturgicznych. W po\u0142owie Wielkiego Postu Ko\u015bci\u00f3\u0142 wzywa wiernych do rado\u015bci, aby wszyscy podejmuj\u0105cy trud przemiany serca wytrwali w tym nie\u0142atwym codziennym wysi\u0142ku. 2. Wielki Post, kt\u00f3ry obecnie prze\u017cywamy, to wyj\u0105tkowa okazja do nawr\u00f3cenia, do odnowienia naszej przyja\u017ani z Bogiem. Dobrze wykorzystajmy ten czas, aby ugruntowa\u0107 w sobie cz\u0142owieka prawego sumienia i autentycznie zaanga\u017cowanego w budowanie kr\u00f3lestwa Bo\u017cego. 3. Przypominam, \u017ce w naszym ko\u015bciele w ka\u017cdy pi\u0105tek Wielkiego Postu o godz. 17.30 razem z&nbsp;Chrystusem i Jego bolej\u0105c\u0105 Matk\u0105 przemierzamy Drog\u0119 krzy\u017cow\u0105, a w niedziele o godz. 12.00 rozpami\u0119tujemy m\u0119k\u0119 Pana Jezusa podczas Gorzkich \u017cali. 4. W nadchodz\u0105cym tygodniu przypada Pierwszy Czwartek, Pierwszy Pi\u0105tek i \u2026 <a class=\"continue-reading-link\" href=\"https:\/\/www.parafiawierzbno.com.pl\/?page_id=11290\">Czytaj dalej <span class=\"meta-nav\">&rarr; <\/span><\/a><\/p>\n","protected":false},"author":1,"featured_media":0,"parent":225,"menu_order":0,"comment_status":"closed","ping_status":"closed","template":"","meta":{"ngg_post_thumbnail":0},"_links":{"self":[{"href":"https:\/\/www.parafiawierzbno.com.pl\/index.php?rest_route=\/wp\/v2\/pages\/11290"}],"collection":[{"href":"https:\/\/www.parafiawierzbno.com.pl\/index.php?rest_route=\/wp\/v2\/pages"}],"about":[{"href":"https:\/\/www.parafiawierzbno.com.pl\/index.php?rest_route=\/wp\/v2\/types\/page"}],"author":[{"embeddable":true,"href":"https:\/\/www.parafiawierzbno.com.pl\/index.php?rest_route=\/wp\/v2\/users\/1"}],"replies":[{"embeddable":true,"href":"https:\/\/www.parafiawierzbno.com.pl\/index.php?rest_route=%2Fwp%2Fv2%2Fcomments&post=11290"}],"version-history":[{"count":7,"href":"https:\/\/www.parafiawierzbno.com.pl\/index.php?rest_route=\/wp\/v2\/pages\/11290\/revisions"}],"predecessor-version":[{"id":11309,"href":"https:\/\/www.parafiawierzbno.com.pl\/index.php?rest_route=\/wp\/v2\/pages\/11290\/revisions\/11309"}],"up":[{"embeddable":true,"href":"https:\/\/www.parafiawierzbno.com.pl\/index.php?rest_route=\/wp\/v2\/pages\/225"}],"wp:attachment":[{"href":"https:\/\/www.parafiawierzbno.com.pl\/index.php?rest_route=%2Fwp%2Fv2%2Fmedia&parent=11290"}],"curies":[{"name":"wp","href":"https:\/\/api.w.org\/{rel}","templated":true}]}}