{"id":11310,"date":"2025-04-07T12:51:18","date_gmt":"2025-04-07T10:51:18","guid":{"rendered":"https:\/\/www.parafiawierzbno.com.pl\/?page_id=11310"},"modified":"2025-04-26T23:17:49","modified_gmt":"2025-04-26T21:17:49","slug":"ogloszenia-kwiecien-2024-2","status":"publish","type":"page","link":"https:\/\/www.parafiawierzbno.com.pl\/?page_id=11310","title":{"rendered":"Og\u0142oszenia &#8211; kwiecie\u0144 2024"},"content":{"rendered":"<p><a title=\"Og\u0142oszenia parafialne\" href=\"https:\/\/www.parafiawierzbno.com.pl\/?page_id=225\">Powr\u00f3t do listy og\u0142osze\u0144<\/a><\/p>\n<h4 style=\"text-align: center;\"><strong>DRUGA NIEDZIELA WIELKANOCY, CZYLI MI\u0141OSIERDZIA BO\u017bEGO<br \/>\n27 kwietnia 2025<br \/>\n<\/strong><strong>OG\u0141OSZENIA DUSZPASTERSKIE<\/strong><\/h4>\n<p>1. Dzi\u015b przypada Niedziela Mi\u0142osierdzia Bo\u017cego. \u015amier\u0107 i zmartwychwstanie Chrystusa najdobitniej przekonuj\u0105 nas o tym, \u017ce B\u00f3g jest mi\u0142o\u015bci\u0105, \u017ce potrafi jedynie kocha\u0107 i&nbsp;przebacza\u0107. Jako Ko\u015bci\u00f3\u0142, nape\u0142nieni paschaln\u0105 rado\u015bci\u0105, mamy teraz tylko jedno zadanie: g\u0142osi\u0107 i uobecnia\u0107 mi\u0142osierdzie Boga objawione w Jezusie Chrystusie.<\/p>\n<p>2. Dzisiaj obchodzimy te\u017c patronalne \u015bwi\u0119to Caritas i rozpoczynamy Tydzie\u0144 Mi\u0142osierdzia. Do\u015bwiadczaj\u0105c bowiem mi\u0142osierdzia Bo\u017cego, sami powinni\u015bmy by\u0107 mi\u0142osierni dla naszych si\u00f3str i braci. W przysz\u0142\u0105 niedziel\u0119 ofiary sk\u0142adane na tac\u0119 b\u0119d\u0105 przeznaczone na diecezjaln\u0105 Caritas.<\/p>\n<p>3. Dzisiaj taca ekonomiczna. W marcu z\u0142o\u017cono 1612 z\u0142. B\u00f3g zap\u0142a\u0107.<\/p>\n<p>4. Jutro, w poniedzia\u0142ek, 28 kwietnia, b\u0119dziemy obchodzili uroczysto\u015b\u0107 \u015awi\u0119tego Wojciecha, biskupa i m\u0119czennika, patrona Polski.<\/p>\n<p>5. Natomiast we wtorek, 29 kwietnia, przypada \u015bwi\u0119to \u015awi\u0119tej Katarzyny Siene\u0144skiej, dziewicy, patronki Europy.<\/p>\n<p>6. Jednocze\u015bnie we wtorek z inicjatywy Episkopatu Polski nasz\u0105 modlitw\u0105 ogarniemy wszystkie ofiary nazistowskiego i stalinowskiego terroru, Tego dnia b\u0119dziemy obchodzi\u0107 Dzie\u0144 M\u0119cze\u0144stwa Duchowie\u0144stwa Polskiego.<\/p>\n<p>7. W najbli\u017cszy czwartek rozpoczniemy maryjny miesi\u0105c \u2013 maj. W szkole Maryi uczmy si\u0119 ca\u0142kowitego oddania Bogu i braciom. W naszym ko\u015bciele nabo\u017ce\u0144stwo majowe b\u0119dziemy celebrowali codziennie o godz. 18.30.<\/p>\n<p>8. W sobot\u0119, 3 maja, obchodzimy uroczysto\u015b\u0107 Naj\u015bwi\u0119tszej Maryi Panny, Kr\u00f3lowej Polski, g\u0142\u00f3wnej Patronki naszej Ojczyzny. Msze \u015awi\u0119te tego dnia w naszym ko\u015bciele b\u0119d\u0105 sprawowane o godz. 9.00 i 11.00. Podczas liturgii ponowimy Akt oddania Polski pod opiek\u0119 Matki Bo\u017cej.<\/p>\n<p>9. W nadchodz\u0105cym tygodniu przypada Pierwszy Czwartek, Pierwszy Pi\u0105tek i Pierwsza Sobota miesi\u0105ca. W Pierwszy Czwartek b\u0119dziemy dzi\u0119kowali Panu Bogu za dar Eucharystii, b\u0119dziemy si\u0119 te\u017c modlili o liczne i&nbsp;\u015bwi\u0119te powo\u0142ania kap\u0142a\u0144skie i&nbsp;zakonne. W Pierwszy Pi\u0105tek (2 maja) b\u0119dzie szczeg\u00f3lna okazja do oddania czci Naj\u015bwi\u0119tszemu Sercu Pana Jezusa oraz do pojednania si\u0119 z Bogiem i&nbsp;bra\u0107mi. Adoracja Naj\u015bwi\u0119tszego Sakramentu z nabo\u017ce\u0144stwem pierwszopi\u0105tkowym w naszym ko\u015bciele od godz. 17.00. W Pierwsz\u0105 Sobot\u0119 oddajemy cze\u015b\u0107 Niepokalanemu Sercu Maryi Panny oraz czcimy J\u0105 jako Kr\u00f3low\u0105 Polski.<\/p>\n<p>10. W pi\u0105tek 2.05&nbsp; ks. Biskup udziela dyspensy od pokarm\u00f3w mi\u0119snych.<\/p>\n<p>11. Dzi\u0119kuj\u0119 za sprz\u0105tanie ko\u015bcio\u0142a rodzinom Marek Zalewski, S\u0142awomir Rozbicki, Teodora Ko\u0142ak z Jan\u00f3wka. W przysz\u0142ym tygodniu zapraszam rodziny Jacek Ga\u0142ecki, Lech Kiesner, Krystyna Siemi\u0144ska z Jan\u00f3wka<\/p>\n<p>12. Na stoliku wy\u0142o\u017cony jest nowy numer Echa katolickiego.<\/p>\n<p>13. Wszystkim solenizantom i jubilatom, kt\u00f3rzy b\u0119d\u0105 prze\u017cywali swoje \u015bwi\u0119to w najbli\u017cszych dniach, \u017cycz\u0119 Bo\u017cego b\u0142og. i obfito\u015bci Bo\u017cych \u0142ask.<\/p>\n<h4 style=\"text-align: center;\"><strong>NIEDZIELA WIELKANOCNA ZMARTWYCHWSTANIA PA\u0143SKIEGO<br \/>\n20 kwietnia 2025<br \/>\n<\/strong><strong>Msza w dzie\u0144<br \/>\n<\/strong><strong>OG\u0141OSZENIA DUSZPASTERSKIE<\/strong><\/h4>\n<p>1. Mi\u0142o\u015b\u0107 ostatecznie zwyci\u0119\u017ca \u015bmier\u0107, zatem przyobleczmy nasze \u017cycie w zwyci\u0119sk\u0105 mi\u0142o\u015b\u0107 Ojca i jej do\u015bwiadczajmy. Grzech i jego owoc, to znaczy \u015bmier\u0107, nie jest ju\u017c w stanie zagrodzi\u0107 nam drogi do domu Ojca. Przez Jezusa w Duchu \u015awi\u0119tym mamy na zawsze otwarty dost\u0119p do Ojca. Niech to b\u0119dzie najlepsze wielkanocne \u017cyczenie: aby ka\u017cdy z nas do\u015bwiadczy\u0142 i przyj\u0105\u0142 t\u0119 zwyci\u0119sk\u0105 mi\u0142o\u015b\u0107 Boga Ojca. Ogarni\u0119ci mi\u0142o\u015bci\u0105 Bo\u017c\u0105 i nadziej\u0105, dzielmy si\u0119 tymi darami z naszymi bra\u0107mi. Potrzeba bowiem tej mi\u0142o\u015bci i nadziei w ka\u017cdym wymiarze naszego \u017cycia, zw\u0142aszcza spo\u0142ecznym i narodowym.<\/p>\n<p>2. Niedziela Zmartwychwstania Pa\u0144skiego ko\u0144czy \u015awi\u0119te Triduum Paschalne. W ramach oktawy Wielkanocy jutro przypada drugi dzie\u0144 \u015bwi\u0105t \u2013 Poniedzia\u0142ek Wielkanocny, Msze \u015bwi\u0119te w naszym ko\u015bciele o 9.00 i 11.00. Ofiary sk\u0142adane na tac\u0119 s\u0105 Katolicki Uniwersytet Lubelski, na uczelnie i wydzia\u0142y teologiczne oraz szko\u0142y katolickie w Polsce Za\u015b w najbli\u017cszy pi\u0105tek, przypadaj\u0105cy r\u00f3wnie\u017c w oktawie Wielkanocy, nie obowi\u0105zuje wstrzemi\u0119\u017aliwo\u015b\u0107 od potraw mi\u0119snych.<\/p>\n<p>3. Przysz\u0142\u0105 niedziel\u0119 \u2013 drug\u0105 niedziel\u0119 Wielkanocy \u2013 b\u0119dziemy obchodzili jako Niedziel\u0119 Mi\u0142osierdzia Bo\u017cego. Niedziela ta zainauguruje r\u00f3wnie\u017c Tydzie\u0144 Mi\u0142osierdzia. Niedziela ta ko\u0144czy r\u00f3wnie\u017c oktaw\u0119 Wielkanocy. Do soboty trwa nowenna do Mi\u0142osierdzia Bo\u017cego po Mszy \u015bwi\u0119tej o godz. 18.00.<\/p>\n<p>4. Pragn\u0119 podzi\u0119kowa\u0107 za przygotowanie naszego parafialnego ko\u015bcio\u0142a do prze\u017cywania tych najwa\u017cniejszych \u015bwi\u0105t chrze\u015bcija\u0144skich: za przygotowanie dekoracji Anecie Miklaszewskiej, Joannie Cieniewskiej z Ani\u0105, Anecie G\u00f3rskiej z Karolem, Marioli Jachimowicz z Hubertem, Lucynie i Leszkowi Jaworskim, Andrzejowi Ku\u015bmierczykowi, Anna Lipi\u0144skiej z Jakubem, Agnieszce Patoka z Ameli\u0105, Miros\u0142awie Patoka, Katarzynie G\u00f3jskiej i Julii Patoka, Agacie Wojty\u0144skiej z Maj\u0105, Micha\u0142owi W\u0105sowskiemu. i liturgii na czas Triduum Paschalnego oraz za czynny i \u017cywy udzia\u0142 w liturgiach minionych dni, s\u0142u\u017cbie liturgicznej, druhom stra\u017cakom za pe\u0142nienie warty przy Grobie Pa\u0144skim Za trosk\u0119 o czysto\u015b\u0107 obrus\u00f3w \u2013 Marii Komorowskiej.<\/p>\n<p>5. Przysz\u0142a niedziela \u2013 ostatnia miesi\u0105ca. Taca ekonomiczna.<\/p>\n<p>6. W przysz\u0142\u0105 niedziel\u0119 po Mszy \u015bwi\u0119tej o godz. 18.00 spotkanie z kandydatami do bierzmowania.<\/p>\n<p>7. Dzi\u0119kuj\u0119 za sprz\u0105tanie ko\u015bcio\u0142a rodzinom Henryk Grodzki,&nbsp; Miros\u0142aw Filipiak, Jadwiga Barcz, Ewa Gawor z Jan\u00f3wka. W przysz\u0142ym tygodniu zapraszam rodziny Marek Zalewski, S\u0142awomir Rozbicki, Teodora Ko\u0142ak z Jan\u00f3wka<\/p>\n<p>8. Na stoliku wy\u0142o\u017cony jest nowy numer Echa katolickiego.<\/p>\n<p>9. Wszystkim solenizantom i jubilatom, kt\u00f3rzy b\u0119d\u0105 prze\u017cywali swoje \u015bwi\u0119to w najbli\u017cszych dniach, \u017cycz\u0119 Bo\u017cego b\u0142og. i obfito\u015bci Bo\u017cych \u0142ask.<\/p>\n<h4 style=\"text-align: center;\"><strong>NIEDZIELA PALMOWA, CZYLI M\u0118KI PA\u0143SKIEJ<br \/>\n13 kwietnia 2025<br \/>\n<\/strong><strong>OG\u0141OSZENIA DUSZPASTERSKIE<\/strong><\/h4>\n<p>1. W najbli\u017cszy poniedzia\u0142ek, 14 kwietnia, przypada pa\u0144stwowe \u015bwi\u0119to Chrztu Polski ustanowione przez Sejm Rzeczypospolitej Polskiej w 2019 roku, kt\u00f3re ma nam przypomina\u0107 o chrze\u015bcija\u0144skich korzeniach naszego narodu.<\/p>\n<p>2. Zbli\u017caj\u0105 si\u0119 najwa\u017cniejsze dni w ca\u0142ym roku liturgicznym \u2013 \u015awi\u0119te Triduum Paschalne oraz \u015bwi\u0119ta Zmartwychwstania Pa\u0144skiego. Aby rzeczywi\u015bcie je owocnie i pi\u0119knie prze\u017cy\u0107, oczy\u015b\u0107my nasze serca, pozw\u00f3lmy, aby Pan nas przemieni\u0142, uczyni\u0142 lepszymi. Okazja do spowiedzi \u015bwi\u0119tej w Wielki Czwartek i Wielki Pi\u0105tek od godz. 21.00 do godz. 23.00. \u015awi\u0119te Triduum Paschalne rozpocznie si\u0119 w Wielki Czwartek wieczorem o godz. 18.00 Msz\u0105 \u015awi\u0119t\u0105 Wieczerzy Pa\u0144skiej. B\u0119dziemy dzi\u0119kowali za dwa sakramenty: Eucharysti\u0119 i&nbsp;kap\u0142a\u0144stwo. Po sko\u0144czonej liturgii przeniesiemy procesyjnie Naj\u015bwi\u0119tszy Sakrament do przygotowanego o\u0142tarza adoracji gdzie b\u0119dziemy go adorowali do godz. 23.00 Podczas procesji \u015bpiewa\u0107 b\u0119dziemy hymn S\u0142aw j\u0119zyku tajemnic\u0119, za odm\u00f3wienie go tego wieczoru mo\u017cna uzyska\u0107 odpust zupe\u0142ny.<\/p>\n<p>3. W Wielki Pi\u0105tek Ko\u015bci\u00f3\u0142 nie sprawuje Mszy \u015awi\u0119tej. Zaprasza jednak wszystkich wiernych do udzia\u0142u w specjalnej i szczeg\u00f3lnej liturgii M\u0119ki Pa\u0144skiej, kt\u00f3rej szczytowym momentem jest adoracja Krzy\u017ca \u015awi\u0119tego, za uczczenie kt\u00f3rego w tym dniu mo\u017cemy dost\u0105pi\u0107 \u0142aski odpustu zupe\u0142nego pod zwyk\u0142ymi warunkami. W naszym ko\u015bciele parafialnym t\u0119 liturgi\u0119 rozpoczniemy o godz. 18.00.Na zako\u0144czenie liturgii M\u0119ki Pa\u0144skiej przeniesiemy Naj\u015bwi\u0119tszy Sakrament do przygotowanego \u201eBo\u017cego Grobu\u201d, gdzie adoracja trwa\u0107 b\u0119dzie do godz. 23.00. Przypominam , \u017ce w Wielki Pi\u0105tek wierni mi\u0119dzy 18. a 60. rokiem \u017cycia, opr\u00f3cz wstrzemi\u0119\u017aliwo\u015bci od pokarm\u00f3w mi\u0119snych, s\u0105 zobowi\u0105zani do jednorazowego posi\u0142ku do syta oraz dw\u00f3ch skromnych posi\u0142k\u00f3w w ci\u0105gu dnia.. Tak\u017ce w Wielki Pi\u0105tek rozpoczyna si\u0119 Nowenna przed Niedziel\u0105 Mi\u0142osierdzia Bo\u017cego o godz. 15.00.<\/p>\n<p>4. Wielka Sobota jest r\u00f3wnie\u017c dniem, gdy nie sprawuje si\u0119 Eucharystii: wszyscy wierni s\u0105 zaproszeni do modlitwy i skupienia, do adoracji Chrystusa Eucharystycznego w&nbsp;przygotowanym \u201eGrobie Pa\u0144skim\u201d.<\/p>\n<p>5. Wieczorem w sobot\u0119 po zachodzie s\u0142o\u0144ca, o godz. 19.00 rozpoczniemy najwa\u017cniejsz\u0105 liturgi\u0119 roku ko\u015bcielnego \u2013 liturgi\u0119 Wigilii Paschalnej. B\u0119dziemy celebrowa\u0107 noc Paschy Pana \u2013 noc przej\u015bcia ze \u015bmierci do \u017cycia; b\u0119dziemy celebrowa\u0107 Jego zmartwychwstanie, Jego zwyci\u0119stwo nad \u015bmierci\u0105, grzechem i szatanem. Rozpoczniemy j\u0105 od po\u015bwi\u0119cenia ognia i&nbsp;zapalenia Pascha\u0142u, b\u0119dziemy s\u0142ucha\u0107 s\u0142owa Bo\u017cego, zn\u00f3w za\u015bpiewamy radosne ALLELUJA, a tak\u017ce we\u017amiemy udzia\u0142 w po\u015bwi\u0119ceniu wody i odnowimy chrzcielne przyrzeczenia, za co mo\u017cemy uzyska\u0107 odpust zupe\u0142ny. Na t\u0119 liturgi\u0119 prosz\u0119 o przyniesienie \u015bwiec.<\/p>\n<p>6. Wielki Pi\u0105tek \u2013 Adoracja Naj\u015bwi\u0119tszego Sakramentu od 8.00 wg nast\u0119puj\u0105cego porz\u0105dku: 8.00 \u2013 siostry z K\u00f3\u0142ka R\u00f3\u017ca\u0144cowego, 9.00 \u2013 mieszka\u0144cy Lasu Jaworskiego, 10.00 \u2013 mieszka\u0144cy Helenowa, 11.00 \u2013 mieszka\u0144cy Jaworka, 12.00 \u2013 mieszka\u0144cy Wygl\u0119d\u00f3wka, 13.00 \u2013 mieszka\u0144cy Jan\u00f3wka, 14.00 \u2013 mieszka\u0144cy \u015awidna , 15.00 \u2013 Koronka do Mi\u0142osierdzia Bo\u017cego ( pocz\u0105tek nowenny do Mi\u0142osierdzia Bo\u017cego) \u2013 wszyscy czciciele Mi\u0142osierdzia Bo\u017cego, 16.00 \u2013 mieszka\u0144cy W\u00f3lki,&nbsp; 17.00 \u2013 mieszka\u0144cy Sobonia, 20.00 \u2013 mieszka\u0144cy Wierzbna (od p. Szyma\u0144skiej do Urz\u0119du Gminy), 21.00 \u2013 mieszka\u0144cy Wierzbna II cz. i o 23.00 zako\u0144czenie adoracji. Ofiary sk\u0142adane przy adoracji krzy\u017ca&nbsp; s\u0105 przeznaczone na utrzymanie miejsc \u015bwi\u0119tych w Ziemi \u015awi\u0119tej. Pami\u0119tajmy o przyozdobieniu krzy\u017cy przydro\u017cnych. Druh\u00f3w stra\u017cak\u00f3w zapraszam do adoracji po Liturgii.<\/p>\n<p>7. Wielka Sobota \u2013. Adoracja Pana Jezusa w grobie od &nbsp;8.00 \u2013 siostry i bracia z K\u00f3\u0142ek R\u00f3\u017ca\u0144cowych, 9.00 \u2013 mieszka\u0144cy Lasu Jaworskiego, 10.00 \u2013 mieszka\u0144cy Helenowa, 11.00 \u2013 mieszka\u0144cy Jaworka, 12.00 \u2013 mieszka\u0144cy Wygl\u0119d\u00f3wka, 13.00 \u2013 mieszka\u0144cy Jan\u00f3wka, 14.00 \u2013 mieszka\u0144cy \u015awidna , 15.00 \u2013 Koronka do Mi\u0142osierdzia Bo\u017cego \u2013 mieszka\u0144cy Wierzbna (od p. Szyma\u0144skiej do Urz\u0119du Gminy),, 16.00 \u2013 mieszka\u0144cy W\u00f3lki,&nbsp; 17.00 \u2013 mieszka\u0144cy Sobonia, 18.00 \u2013 mieszka\u0144cy Wierzbna II cz.89. W Wielk\u0105 Sobot\u0119 po\u015bwi\u0119cenie pokarm\u00f3w wielkanocnych wg tradycyjnej trasy: o 9.00 w ko\u015bciele , potem , Helen\u00f3w, Jaworek, Jan\u00f3wek, Wygl\u0119d\u00f3wek, , \u015awidno i Sobo\u0144. i o 12.00 w ko\u015bciele. &nbsp;<\/p>\n<p>8. Rezurekcja w poranek wielkanocny o godz. 6.00. Prosz\u0119 o przygotowanie feretron\u00f3w, chor\u0105gwi, dzieci zapraszam do sypania kwiat\u00f3w. Druga Msza \u015bwi\u0119ta o godz.10.00. Nie ma Mszy \u015bwi\u0119tej popo\u0142udniowej.<\/p>\n<p>9. Na wtorek na godz. 14.30 zapraszam rodzic\u00f3w dzieci kl. III i IV &nbsp; do przygotowania dekoracji na \u015bwi\u0119ta.<\/p>\n<p>10. W minionym tygodniu zosta\u0142y z\u0142o\u017cone ofiary na kwiaty do Grobu Pa\u0144skiego : Jaworek 500 z\u0142., Las Jaworski 200 z\u0142.,&nbsp;W\u00f3lka 410. B\u00f3g zap\u0142a\u0107.<\/p>\n<p>11. Dzi\u0119kuj\u0119 za sprz\u0105tanie ko\u015bcio\u0142a rodzinom Leszek Wrona, Teresa Wiel\u0105dek, Rafa\u0142 Okrzeja, Adam Patoka z Jan\u00f3wka. W przysz\u0142ym tygodniu zapraszam rodziny Grodzki Henryk, &nbsp;Miros\u0142aw Filipiak, Jadwiga Barcz, Ewa Gawor z Jan\u00f3wka<\/p>\n<p>12. Na stoliku wy\u0142o\u017cony jest nowy numer Echa katolickiego.<\/p>\n<p>13. Wszystkim solenizantom i jubilatom, kt\u00f3rzy b\u0119d\u0105 prze\u017cywali swoje \u015bwi\u0119to w najbli\u017cszych dniach, \u017cycz\u0119 Bo\u017cego b\u0142og. i obfito\u015bci Bo\u017cych \u0142ask.<\/p>\n<h4 style=\"text-align: center;\"><strong>PI\u0104TA NIEDZIELA WIELKIEGO POSTU<br \/>\n6 kwietnia 2025<br \/>\n<\/strong><strong>OG\u0141OSZENIA DUSZPASTERSKIE<\/strong><\/h4>\n<p>1.Od dzisiejszej \u2013 pi\u0105tej niedzieli Wielkiego Postu \u2013 zmienia si\u0119 charakter tego okresu liturgicznego. Ca\u0142y czas towarzyszy\u0142o nam wezwanie Ko\u015bcio\u0142a do nawr\u00f3cenia i pokuty, skorzystania z \u0142aski przebaczenia, kt\u00f3r\u0105 mi\u0142osierny B\u00f3g pragnie nas obdarzy\u0107. Teraz Wielki Post nabiera charakteru pasyjnego. Od dzi\u015b do ko\u0144ca obrz\u0119d\u00f3w Wielkiego Pi\u0105tku w ko\u015bciele zas\u0142aniamy wszystkie krzy\u017ce. Skupimy si\u0119 na rozwa\u017caniu m\u0119ki Pa\u0144skiej, st\u0105d jeszcze wi\u0119ksza zach\u0119ta do udzia\u0142u w nabo\u017ce\u0144stwach Drogi krzy\u017cowej i Gorzkich \u017cali.<\/p>\n<p>2. W naszym ko\u015bciele nabo\u017ce\u0144stwo Drogi krzy\u017cowej w pi\u0105tek o godz. 18.00, a Gorzkie \u017cale \u2013 w niedziel\u0119 o godz. 12.00. Przypominam, \u017ce za udzia\u0142 w tych nabo\u017ce\u0144stwach pod zwyk\u0142ymi warunkami mo\u017cna uzyska\u0107 odpusty dla siebie lub dla bliskich zmar\u0142ych, skorzystajmy z tego wyj\u0105tkowego daru \u0142aski Bo\u017cej!<\/p>\n<p>3. Przysz\u0142a niedziela, 13 kwietnia, b\u0119dzie ju\u017c Niedziel\u0105 M\u0119ki Pa\u0144skiej \u2013 Niedziel\u0105 Palmow\u0105. Jej liturgia wprowadzi nas w ostatni etap czasu Wielkiego Postu, a nast\u0119puj\u0105ce po niej dni Wielkiego Tygodnia umo\u017cliwiaj\u0105 nam g\u0142\u0119bokie prze\u017cywanie tajemnicy m\u0119ki, \u015bmierci i&nbsp;zmartwychwstania Chrystusa Pana. Podczas ka\u017cdej Mszy \u015awi\u0119tej pob\u0142ogos\u0142awimy przyniesione palmy i ga\u0142\u0105zki wierzbowe, kt\u00f3re b\u0119d\u0105 przypomina\u0142y jerozolimskie palmy, s\u0142ane pod stopy wje\u017cd\u017caj\u0105cego do \u015awi\u0119tego Miasta Chrystusa \u2013 Mesjasza. A liturgi\u0119 g\u0142\u00f3wnej Mszy \u015awi\u0119tej o godz. 11.00 poprzedzi uroczysta procesja z palmami.<\/p>\n<p>4. W przysz\u0142\u0105 niedziel\u0119 po Mszy \u015bwi\u0119tej o godz. 9.00 zmiana tajemnic r\u00f3\u017ca\u0144ca dla rodzic\u00f3w modl\u0105cych si\u0119 za dzieci, o 10.30 r\u00f3\u017caniec za zmar\u0142ych polecanych w wypominkach z Helenowa i Lasu Jaworskiego, a po Mszy \u015bwi\u0119tej o godz. 11.00 zmiana tajemnic r\u00f3\u017ca\u0144ca dla K\u017bR m\u0119\u017cczyzn.<\/p>\n<p>5. &nbsp;W sobot\u0119 od godz. 10.30 wyjazd do chorych.<\/p>\n<p>6. W marcu na remont ko\u015bcio\u0142a z\u0142o\u017cono 7700. B\u00f3g zap\u0142a\u0107.<\/p>\n<p>7. W minionym tygodniu na kwiaty do Grobu Pa\u0144skiego z\u0142o\u017cono: 180 z\u0142. Helen\u00f3w, 360 z\u0142. Sobo\u0144, 400 z\u0142. \u015awidno, 1575 z\u0142. Wierzbno. B\u00f3g zap\u0142a\u0107.<\/p>\n<p>8. Dzi\u0119kuj\u0119 za sprz\u0105tanie ko\u015bcio\u0142a rodzinom Pawe\u0142 Polkowski, Mieczys\u0142aw Radzio, Marek Wiel\u0105dek, Stanis\u0142aw Wiel\u0105dek, Bogus\u0142aw Aleksandrowicz z Lasu Jaworskiego. W przysz\u0142ym tygodniu zapraszam rodziny Leszek Wrona, Teresa Wiel\u0105dek, Rafa\u0142 Okrzeja, Adam Patoka z Jan\u00f3wka.<\/p>\n<p>9. Na stoliku wy\u0142o\u017cony jest nowy numer Echa katolickiego.<\/p>\n<p>10. Wszystkim solenizantom i jubilatom, kt\u00f3rzy b\u0119d\u0105 prze\u017cywali swoje \u015bwi\u0119to w najbli\u017cszych dniach, \u017cycz\u0119 Bo\u017cego b\u0142og. i obfito\u015bci Bo\u017cych \u0142ask.<\/p>\n","protected":false},"excerpt":{"rendered":"<p>Powr\u00f3t do listy og\u0142osze\u0144 DRUGA NIEDZIELA WIELKANOCY, CZYLI MI\u0141OSIERDZIA BO\u017bEGO 27 kwietnia 2025 OG\u0141OSZENIA DUSZPASTERSKIE 1. Dzi\u015b przypada Niedziela Mi\u0142osierdzia Bo\u017cego. \u015amier\u0107 i zmartwychwstanie Chrystusa najdobitniej przekonuj\u0105 nas o tym, \u017ce B\u00f3g jest mi\u0142o\u015bci\u0105, \u017ce potrafi jedynie kocha\u0107 i&nbsp;przebacza\u0107. Jako Ko\u015bci\u00f3\u0142, nape\u0142nieni paschaln\u0105 rado\u015bci\u0105, mamy teraz tylko jedno zadanie: g\u0142osi\u0107 i uobecnia\u0107 mi\u0142osierdzie Boga objawione w Jezusie Chrystusie. 2. Dzisiaj obchodzimy te\u017c patronalne \u015bwi\u0119to Caritas i rozpoczynamy Tydzie\u0144 Mi\u0142osierdzia. Do\u015bwiadczaj\u0105c bowiem mi\u0142osierdzia Bo\u017cego, sami powinni\u015bmy by\u0107 mi\u0142osierni dla naszych si\u00f3str i braci. W przysz\u0142\u0105 niedziel\u0119 ofiary sk\u0142adane na tac\u0119 b\u0119d\u0105 przeznaczone na diecezjaln\u0105 Caritas. 3. Dzisiaj taca ekonomiczna. W marcu z\u0142o\u017cono 1612 z\u0142. B\u00f3g zap\u0142a\u0107. 4. Jutro, w poniedzia\u0142ek, 28 kwietnia, b\u0119dziemy obchodzili uroczysto\u015b\u0107 \u015awi\u0119tego Wojciecha, biskupa i m\u0119czennika, patrona Polski. 5. Natomiast we wtorek, 29 kwietnia, przypada \u015bwi\u0119to \u015awi\u0119tej Katarzyny Siene\u0144skiej, dziewicy, patronki Europy. 6. Jednocze\u015bnie we wtorek z inicjatywy Episkopatu Polski nasz\u0105 modlitw\u0105 ogarniemy wszystkie ofiary nazistowskiego i \u2026 <a class=\"continue-reading-link\" href=\"https:\/\/www.parafiawierzbno.com.pl\/?page_id=11310\">Czytaj dalej <span class=\"meta-nav\">&rarr; <\/span><\/a><\/p>\n","protected":false},"author":1,"featured_media":0,"parent":225,"menu_order":0,"comment_status":"closed","ping_status":"closed","template":"","meta":{"ngg_post_thumbnail":0},"_links":{"self":[{"href":"https:\/\/www.parafiawierzbno.com.pl\/index.php?rest_route=\/wp\/v2\/pages\/11310"}],"collection":[{"href":"https:\/\/www.parafiawierzbno.com.pl\/index.php?rest_route=\/wp\/v2\/pages"}],"about":[{"href":"https:\/\/www.parafiawierzbno.com.pl\/index.php?rest_route=\/wp\/v2\/types\/page"}],"author":[{"embeddable":true,"href":"https:\/\/www.parafiawierzbno.com.pl\/index.php?rest_route=\/wp\/v2\/users\/1"}],"replies":[{"embeddable":true,"href":"https:\/\/www.parafiawierzbno.com.pl\/index.php?rest_route=%2Fwp%2Fv2%2Fcomments&post=11310"}],"version-history":[{"count":6,"href":"https:\/\/www.parafiawierzbno.com.pl\/index.php?rest_route=\/wp\/v2\/pages\/11310\/revisions"}],"predecessor-version":[{"id":11324,"href":"https:\/\/www.parafiawierzbno.com.pl\/index.php?rest_route=\/wp\/v2\/pages\/11310\/revisions\/11324"}],"up":[{"embeddable":true,"href":"https:\/\/www.parafiawierzbno.com.pl\/index.php?rest_route=\/wp\/v2\/pages\/225"}],"wp:attachment":[{"href":"https:\/\/www.parafiawierzbno.com.pl\/index.php?rest_route=%2Fwp%2Fv2%2Fmedia&parent=11310"}],"curies":[{"name":"wp","href":"https:\/\/api.w.org\/{rel}","templated":true}]}}