{"id":11366,"date":"2025-08-05T08:01:07","date_gmt":"2025-08-05T06:01:07","guid":{"rendered":"https:\/\/www.parafiawierzbno.com.pl\/?page_id=11366"},"modified":"2025-09-07T13:06:43","modified_gmt":"2025-09-07T11:06:43","slug":"ogloszenia-sierpien-2025","status":"publish","type":"page","link":"https:\/\/www.parafiawierzbno.com.pl\/?page_id=11366","title":{"rendered":"Og\u0142oszenia &#8211; Sierpie\u0144 2025"},"content":{"rendered":"<p><a title=\"Og\u0142oszenia parafialne\" href=\"https:\/\/www.parafiawierzbno.com.pl\/?page_id=225\">Powr\u00f3t do listy og\u0142osze\u0144<\/a><\/p>\n<h4 style=\"text-align: center;\"><strong>DWUDZIESTA DRUGA NIEDZIELA W CI\u0104GU ROKU<br \/>\n31 sierpnia 2025<br \/>\n<\/strong><strong>OG\u0141OSZENIA DUSZPASTERSKIE<\/strong><\/h4>\n<p>1. Wakacje, urlopy dobiegaj\u0105 ko\u0144ca. Na progu nowego roku szkolnego Ko\u015bci\u00f3\u0142 apeluje o&nbsp;do\u0142o\u017cenie wszelkich stara\u0144, aby uczestnictwo dzieci i m\u0142odzie\u017cy w katechezie szkolnej by\u0142o od samego pocz\u0105tku pe\u0142ne \u015bwiadomego zaanga\u017cowania. Wzrost wiary i wra\u017cliwo\u015b\u0107 na prawo Bo\u017ce nie dokonuje si\u0119 okazjonalnie, ale przez systematyczne s\u0142uchanie i rozwa\u017canie s\u0142owa Bo\u017cego na katechezie i podczas niedzielnej Eucharystii, kt\u00f3ra jest osobistym spotkaniem z&nbsp;Panem. Edukacja szkolna i katechetyczna powinna by\u0107 przedmiotem szczeg\u00f3lnej troski rodzic\u00f3w. Rodzina jest pierwszym miejscem, w kt\u00f3rym dzieci zdobywaj\u0105 wychowanie, tak\u017ce religijne. Szko\u0142a, katecheza i Ko\u015bci\u00f3\u0142 nigdy nie zast\u0105pi\u0105 rodzic\u00f3w.<\/p>\n<p>2. Dzisiaj taca ekonomiczna. W lipcu z\u0142o\u017cono 1420 z\u0142. B\u00f3g zap\u0142a\u0107.<\/p>\n<p>3. W poniedzia\u0142ek przypada 86. rocznica wybuchu II wojny \u015bwiatowej. Nasz\u0105 powinno\u015bci\u0105 jest pami\u0119ta\u0107 o poleg\u0142ych w obronie Ojczyzny w latach 1939-1945 na frontach i w obozach oraz o pomordowanych po zako\u0144czonej wojnie w wi\u0119zieniach politycznych. Pro\u015bmy Pana, aby ofiara ich \u017cycia nie by\u0142a daremna.<\/p>\n<p>4. &nbsp;1 wrze\u015bnia z racji rozpocz\u0119cia Roku Szkolnego zapraszam uczni\u00f3w, nauczycieli, rodzic\u00f3w na Msz\u0119 \u015bwi\u0119t\u0105 o godz. 8.00<\/p>\n<p>5. W tym tygodniu przypada Pierwszy Czwartek, Pierwszy Pi\u0105tek i Pierwsza Sobota miesi\u0105ca.&nbsp;W pierwszy pi\u0105tek miesi\u0105ca od godz. 17.00 adoracja Naj\u015bwi\u0119tszego Sakramentu.<\/p>\n<p>6. Przysz\u0142a niedziela \u2013 pierwsza miesi\u0105ca, po Mszy \u015bwi\u0119tej o godz. 11.00 adoracja Naj\u015bwi\u0119tszego Sakramentu i procesja Eucharystyczna.<\/p>\n<p>7. W przysz\u0142\u0105 niedziel\u0119 na Mszy \u015bwi\u0119tej o godz. 11.00 po\u015bwi\u0119cenie tornistr\u00f3w, a po Mszy \u015bwi\u0119tej spotkanie z rodzicami dzieci kl. III.<\/p>\n<p>8. Mieszka\u0144com Jaworka dzi\u0119kuj\u0119 za&nbsp; wyw\u00f3z \u015bmieci z cmentarza.<\/p>\n<p>9. &nbsp;Dzi\u0119kuj\u0119 za sprz\u0105tanie ko\u015bcio\u0142a rodzinom Marek Madziar, Andrzej Chabiera, Eugeniusz Szatkowski z Sobonia. W przysz\u0142ym tygodniu zapraszam rodziny Wies\u0142aw Kujawa, Marian Korczak, Danuta Ho\u0142ubiec z Sobonia<\/p>\n<p>10. Na stoliku wy\u0142o\u017cony jest nowy numer Echa katolickiego.<\/p>\n<p>11. Wszystkim solenizantom i jubilatom, kt\u00f3rzy b\u0119d\u0105 prze\u017cywali swoje \u015bwi\u0119to w najbli\u017cszych dniach, \u017cycz\u0119 Bo\u017cego b\u0142og. i obfito\u015bci Bo\u017cych \u0142ask.<\/p>\n<h4 style=\"text-align: center;\"><strong>DWUDZIESTA PIERWSZA NIEDZIELA W CI\u0104GU ROKU<br \/>\n24 sierpnia 2025<br \/>\n<\/strong><strong>OG\u0141OSZENIA DUSZPASTERSKIE<\/strong><\/h4>\n<p>1. Przed nami ostatni tydzie\u0144 sierpnia \u2013 miesi\u0105ca trze\u017awo\u015bci, a dla wielu ostatnie dni urlop\u00f3w i wakacji. Starajmy si\u0119 jak najlepiej wykorzystywa\u0107 ten czas na pog\u0142\u0119bienie naszych wzajemnych relacji rodzinnych czy przyjacielskich, na dobr\u0105 lektur\u0119 i buduj\u0105ce rozmowy.<\/p>\n<p>2. We wtorek, 26 sierpnia, ponownie nasze my\u015bli i serca skierujemy na Jasn\u0105 G\u00f3r\u0119, aby uczci\u0107 Naj\u015bwi\u0119tsz\u0105 Maryj\u0119 Pann\u0119 Cz\u0119stochowsk\u0105. W wielu naszych ko\u015bcio\u0142ach trwa specjalna nowenna przed t\u0105 uroczysto\u015bci\u0105. Mo\u017cna powiedzie\u0107, \u017ce jest to bardzo polskie \u015bwi\u0119to. Czym jest i czym powinna by\u0107 dla nas Jasna G\u00f3ra, przypomina\u0142 \u015awi\u0119ty Jan Pawe\u0142 II, gdy m\u00f3wi\u0142: \u201eNa Jasn\u0105 G\u00f3r\u0119 przychodzimy do Matki Boga z wielowiekowym ju\u017c depozytem naszego zawierzenia, kt\u00f3re jest dziedzictwem ca\u0142ych pokole\u0144\u201d.<\/p>\n<p>3. W pi\u0105tek, 29 sierpnia, w liturgii wspominamy M\u0119cze\u0144stwo \u015awi\u0119tego Jana Chrzciciela. Jest to drugie wspomnienie w kalendarzu liturgicznym tego \u015bwi\u0119tego, po czerwcowej uroczysto\u015bci jego narodzenia (24 czerwca). Za swoj\u0105 bezkompromisow\u0105 postaw\u0119 Jan Chrzciciel, podobnie jak inni prorocy, a p\u00f3\u017aniej Aposto\u0142owie, zap\u0142aci\u0142 najwy\u017csz\u0105 cen\u0119. Tego dnia b\u0119dziemy prosili go o \u0142ad moralny w naszych rodzinach, wsp\u00f3lnotach i w naszym ca\u0142ym narodzie.<\/p>\n<p>4. W przysz\u0142\u0105 niedziel\u0119 w naszej parafii b\u0119dziemy prze\u017cywali jako \u015bwi\u0119to dzi\u0119kczynienia za tegoroczne zbiory. O godz. 11.00 uroczysta Msza \u015bwi\u0119ta dzi\u0119kczynna. Po Mszy \u015bwi\u0119tej na parkingu obok ko\u015bcio\u0142a piknik parafialny.<\/p>\n<p>5. Przysz\u0142a niedziela ostatnia miesi\u0105ca \u2013 taca ekonomiczna.<\/p>\n<p>6. Mieszka\u0144c\u00f3w Jaworka prosz\u0119 o wyw\u00f3z \u015bmieci z cmentarza.<\/p>\n<p>7. &nbsp;Dzi\u0119kuj\u0119 za sprz\u0105tanie ko\u015bcio\u0142a rodzinom Miros\u0142awa Trojanowska, Mieczys\u0142aw Radzio, Marek Wiel\u0105dek, Bogus\u0142aw Aleksandrowicz z Lasu &nbsp;Jaworskiego. W przysz\u0142ym tygodniu zapraszam rodziny Marek Madziar, Andrzej Chabiera, Eugeniusz Szatkowski z Sobonia<\/p>\n<p>8. Na stoliku wy\u0142o\u017cony jest nowy numer Echa katolickiego.<\/p>\n<p>9. Wszystkim solenizantom i jubilatom, kt\u00f3rzy b\u0119d\u0105 prze\u017cywali swoje \u015bwi\u0119to w najbli\u017cszych dniach, \u017cycz\u0119 Bo\u017cego b\u0142og. i obfito\u015bci Bo\u017cych \u0142ask.<\/p>\n<h4 style=\"text-align: center;\"><strong>DWUDZIESTA NIEDZIELA W CI\u0104GU ROKU<br \/>\n17 sierpnia 2025<br \/>\n<\/strong><strong>OG\u0141OSZENIA DUSZPASTERSKIE<\/strong><\/h4>\n<p>1. W sierpniu tak cz\u0119sto nasze my\u015bli i modlitwy kierujemy do Matki Bo\u017cej. W nadchodz\u0105cy pi\u0105tek, 22 sierpnia, b\u0119dziemy radowali si\u0119 Maryj\u0105 \u2013 Kr\u00f3low\u0105. Od najwcze\u015bniejszych wiek\u00f3w Ko\u015bci\u00f3\u0142 wierzy\u0142 w kr\u00f3lowanie Maryi. Wiele narod\u00f3w i pa\u0144stw obra\u0142o Maryj\u0119 za swoj\u0105 Kr\u00f3low\u0105. Tak\u017ce i nasz nar\u00f3d, odczytuj\u0105c znaki czasu, powierzy\u0142 Jej swoje losy. Tak uczyni\u0142 kr\u00f3l Jan Kazimierz 1 kwietnia 1656 roku w katedrze lwowskiej, dzi\u0119kuj\u0105c za ocalenie podczas najazdu szwedzkiego. Uroczy\u015bcie uzna\u0142 ten fakt papie\u017c Pius XII w 1954 roku.<\/p>\n<p>2. Godne i cz\u0119ste przyjmowanie Komunii \u015awi\u0119tej domaga si\u0119 od nas czynnej mi\u0142o\u015bci do Pana Boga i bli\u017aniego. Trwa jeszcze sierpie\u0144 \u2013 miesi\u0105c modlitwy o trze\u017awo\u015b\u0107 naszego narodu. Jednym z przejaw\u00f3w mi\u0142o\u015bci bli\u017aniego mo\u017ce by\u0107 wi\u0119c zobowi\u0105zanie do abstynencji od alkoholu w celu ratowania innych os\u00f3b uzale\u017cnionych, a tak\u017ce pomoc w podj\u0119ciu przez takie osoby decyzji o leczeniu odwykowym. Podejmujmy w tej kwestii osobist\u0105 modlitw\u0119 i&nbsp;konkretne dzia\u0142ania. W ka\u017cdym czasie i na ka\u017cdym miejscu miejmy si\u0142\u0119 i odwag\u0119 przeciwstawi\u0107 si\u0119 grzechowi pija\u0144stwa. Maryi \u2013 Kr\u00f3lowej z\u0142\u00f3\u017cmy wotum czasowej lub ca\u0142kowitej abstynencji.<\/p>\n<p>3. W sobot\u0119, 23 sierpnia, przypada Europejski Dzie\u0144 Pami\u0119ci Ofiar Stalinizmu i Nazizmu. Dzie\u0144 ten zosta\u0142 ustanowiony przez Parlament Europejski w 2008 roku, a termin jego obchodu zwi\u0105zany jest z dat\u0105 podpisania paktu Ribbentrop-Mo\u0142otow. Po raz pierwszy by\u0142 publicznie obchodzony dopiero w 2011 roku w Warszawie. Dzi\u015b, gdy tak cz\u0119sto podwa\u017ca si\u0119 i relatywizuje fakty historyczne, pr\u00f3buje si\u0119 nagina\u0107 histori\u0119 w imi\u0119 tak zwanej poprawno\u015bci politycznej, nie mo\u017cemy o tym zapomina\u0107. Tego dnia m\u00f3dlmy si\u0119 o dobre owoce ich cierpie\u0144 dla przysz\u0142ych pokole\u0144.<\/p>\n<p>4. &nbsp;Dzi\u0119kuj\u0119 za sprz\u0105tanie ko\u015bcio\u0142a rodzinom Halina G\u00f3jska, Zofia Leszczy\u0144ska, Pawe\u0142 Polkowski z Lasu &nbsp;Jaworskiego. W przysz\u0142ym tygodniu zapraszam rodziny Miros\u0142awa Trojanowska, Mieczys\u0142aw Radzio, Marek Wiel\u0105dek, Bogus\u0142aw Aleksandrowicz z Lasu &nbsp;Jaworskiego.<\/p>\n<p>5. Na stoliku wy\u0142o\u017cony jest nowy numer Echa katolickiego.<\/p>\n<p>6. Wszystkim solenizantom i jubilatom, kt\u00f3rzy b\u0119d\u0105 prze\u017cywali swoje \u015bwi\u0119to w najbli\u017cszych dniach, \u017cycz\u0119 Bo\u017cego b\u0142og. i obfito\u015bci Bo\u017cych \u0142ask.<\/p>\n<h4 style=\"text-align: center;\"><strong>DZIEWI\u0118TNASTA NIEDZIELA W CI\u0104GU ROKU<br \/>\n10 sierpnia 2025<br \/>\n<\/strong><strong>OG\u0141OSZENIA DUSZPASTERSKIE<\/strong><\/h4>\n<p>1. Wykorzystajmy nasze wakacyjne w\u0119dr\u00f3wki, pielgrzymki, indywidualny odpoczynek na stworzenie w\u0142a\u015bciwej duchowej atmosfery, niezb\u0119dnej, aby odczu\u0107 blisk\u0105 obecno\u015b\u0107 Boga i&nbsp;umocni\u0107 nasz\u0105 wiar\u0119. Powierzajmy je Opatrzno\u015bci Bo\u017cej przez r\u0119ce naszej Niebieskiej Matki \u2013 Pani Jasnog\u00f3rskiej, do kt\u00f3rej w tych sierpniowych dniach kierujemy nasze kroki.<\/p>\n<p>2. Dzisiaj po Mszy \u015bw. o godz. 9.00 zmiana tajemnic r\u00f3\u017ca\u0144ca dla Rodzic\u00f3w modl\u0105cych si\u0119 za dzieci, o 10.30 r\u00f3\u017caniec za zmar\u0142ych polecanych w wypominkach z Adamowa, \u015awidna, Wygl\u0119d\u00f3wka i spoza parafii, a po Mszy \u015bw. o godz. 11.00 zmiana tajemnic r\u00f3\u017ca\u0144ca dla K\u017bR m\u0119\u017cczyzn.<\/p>\n<p>3. W pi\u0105tek, 15 sierpnia, przypada uroczysto\u015b\u0107 Wniebowzi\u0119cia Naj\u015bwi\u0119tszej Maryi Panny. Prawd\u0119 wiary o tym, \u017ce Maryja po ziemskim \u017cyciu z cia\u0142em i dusz\u0105 zosta\u0142a wzi\u0119ta do chwa\u0142y niebieskiej i wywy\u017cszona przez Boga jako Kr\u00f3lowa, og\u0142osi\u0142 papie\u017c Pius XII w 1950 roku. Msze \u015awi\u0119te w naszym ko\u015bciele o godz. 9.00; 11.00 i 18.00. Poniewa\u017c ten pi\u0105tek otrzymuje rang\u0119 uroczysto\u015bci, nie obowi\u0105zuje wstrzemi\u0119\u017aliwo\u015b\u0107 od pokarm\u00f3w mi\u0119snych.<\/p>\n<p>4. W Polsce ta uroczysto\u015b\u0107 jest znana i obchodzona jako \u015bwi\u0119to Matki Bo\u017cej Zielnej. Na liturgi\u0119 do ko\u015bcio\u0142a przynosimy bukiety zi\u00f3\u0142, kwiat\u00f3w i warzyw, kt\u00f3re zostan\u0105 pob\u0142ogos\u0142awione. Sam gest b\u0142ogos\u0142awienia rzeczy jest okazj\u0105 do wychwalania Stw\u00f3rcy za wszelkie otrzymane dary. Jest tak\u017ce pro\u015bb\u0105, aby b\u0142ogos\u0142awiony przedmiot zawsze przypomina\u0142 o Bogu i Jego dobroci, o Bo\u017cej opiece<\/p>\n<p>5. W t\u0119 maryjn\u0105 uroczysto\u015b\u0107 tradycyjnie pami\u0119ci\u0105 si\u0119gamy do naszej historii, aby wspomina\u0107 \u201eCud nad Wis\u0142\u0105\u201d z 1920 roku. Pami\u0119tajmy, \u017ce zmagania o w\u0142a\u015bciwe miejsce Polski w\u015br\u00f3d narod\u00f3w Europy i \u015bwiata ci\u0105gle jeszcze trwaj\u0105. Polecajmy Kr\u00f3lowej Polski losy naszego narodu.<\/p>\n<p>6. Dzi\u0119kuj\u0119 p. Andrzejowi Bartnickiemu z Mi\u0144ska Mazowieckiego za w\u0119dlin\u0119, piekarni Kingi Gromulskiej z Dobrego za pieczywo, W\u00f3jtowi Gminy Wierzbno za wod\u0119, paniom za ciasto, pierogi, KGW z Jaworka za rozstawienie namiotu i przygotowanie kolacji, KGW z Wierzbna za pierogi i przygotowanie kolacji , oraz Paniom niezrzeszonym za przygotowanie kolacji i \u015bniadania dla ksi\u0119\u017cy i pielgrzym\u00f3w. Dzi\u0119kuj\u0119 te\u017c za pieni\u0105dze osobom indywidualnym i mieszka\u0144com Wierzbna. Zebrano 1230 z\u0142. B\u00f3g zap\u0142a\u0107.<\/p>\n<p>7. Do\u017cynki w naszej parafii&nbsp; rozpoczn\u0105 31 sierpnia Msz\u0105 \u015bwi\u0119t\u0105&nbsp; o godz. 11.00. Gospodarzami tegorocznych do\u017cynek s\u0105 mieszka\u0144cy Helenowa i Lasu Jaworskiego.<\/p>\n<p>8. &nbsp;Dzi\u0119kuj\u0119 za sprz\u0105tanie ko\u015bcio\u0142a rodzinom Micha\u0142 Brzuszkiewicz, Andrzej Ku\u015bmierczyk, Krzysztof Ku\u015bmierczyk, Andrzej Mr\u00f3z z&nbsp; Jaworka. W przysz\u0142ym tygodniu zapraszam rodziny Halina G\u00f3jska, Zofia Leszczy\u0144ska, Pawe\u0142 Polkowski z Lasu &nbsp;Jaworskiego.<\/p>\n<p>9. Na stoliku wy\u0142o\u017cony jest nowy numer Echa katolickiego.<\/p>\n<p>10. Wszystkim solenizantom i jubilatom, kt\u00f3rzy b\u0119d\u0105 prze\u017cywali swoje \u015bwi\u0119to w najbli\u017cszych dniach, \u017cycz\u0119 Bo\u017cego b\u0142og. i obfito\u015bci Bo\u017cych \u0142ask.<\/p>\n<h4 style=\"text-align: center;\"><strong>OSIEMNASTA NIEDZIELA W CI\u0104GU ROKU<br \/>\n3 sierpnia 2025<br \/>\n<\/strong><strong>OG\u0141OSZENIA DUSZPASTERSKIE<\/strong><\/h4>\n<p>1. Rozpocz\u0119li\u015bmy sierpie\u0144. To miesi\u0105c dla nas szczeg\u00f3lny tak pod wzgl\u0119dem religijnym, jak i historycznym. W tym miesi\u0105cu ze wszystkich stron Polski i Europy tysi\u0105ce pielgrzym\u00f3w zd\u0105\u017caj\u0105 na Jasn\u0105 G\u00f3r\u0119. \u0141\u0105czmy si\u0119 w modlitwie z tymi, kt\u00f3rzy podj\u0119li trud wyj\u015bcia na p\u0105tnicze szlaki. W\u0142\u0105czmy si\u0119 te\u017c w wielk\u0105 modlitw\u0119 o trze\u017awo\u015b\u0107 naszego narodu. Mo\u017ce dla wyrwania z na\u0142ogu pija\u0144stwa czy narkomanii kogo\u015b bliskiego, znajomego warto ofiarowa\u0107 Panu Bogu czasow\u0105 lub ca\u0142kowit\u0105 abstynencj\u0119.<\/p>\n<p>2. W poniedzia\u0142ek, 4 sierpnia, w liturgii wspominamy \u015awi\u0119tego Jana Mari\u0119 Vianneya, patrona proboszcz\u00f3w. Przez jego wstawiennictwo dzi\u0119kujemy Panu Bogu za dar kap\u0142an\u00f3w i ich pos\u0142ug\u0119 oraz prosimy o liczne i \u015bwi\u0119te powo\u0142ania kap\u0142a\u0144skie tak\u017ce z naszej wsp\u00f3lnoty parafialnej.<\/p>\n<p>3. W \u015brod\u0119, 6 sierpnia, przypada \u015bwi\u0119to Przemienienia Pa\u0144skiego. W Ko\u015bciele obchodzone jest ju\u017c od VI wieku, a w Polsce znane od XI wieku. Fakt Chrystusowego przemienienia pozwala Aposto\u0142om i nam zrozumie\u0107, jak niepe\u0142ne s\u0105 nasze wyobra\u017cenia o Bogu. Przemienienie Pa\u0144skie to \u015bwi\u0119to rado\u015bci i nadziei, \u017ce przyjdzie czas, kiedy Pan odmieni nas wszystkich. Msze \u015bwi\u0119te o godz. 9.00 i 18.00.<\/p>\n<p>4. W tym tygodniu przypada r\u00f3wnie\u017c pierwszy czwartek miesi\u0105ca. W ten dzie\u0144 dzi\u0119kujemy za dar Eucharystii i kap\u0142a\u0144stwa, prosimy o nowe i \u015bwi\u0119te powo\u0142ania do pracy w Ko\u015bciele, tak\u017ce z naszej wsp\u00f3lnoty parafialnej.<\/p>\n<p>5. A w sobot\u0119, 9 sierpnia, przypada \u015bwi\u0119to \u015awi\u0119tej Teresy Benedykty od Krzy\u017ca \u2013 Edyty Stein wsp\u00f3\u0142patronki Europy. Edyta Stein odnalaz\u0142a wiar\u0119 w Boga w wieku 30&nbsp;lat, jednak przyjmuj\u0105c chrze\u015bcija\u0144stwo, nie zerwa\u0142a swoich wi\u0119z\u00f3w z narodem \u017cydowskim, z&nbsp;kt\u00f3rego pochodzi\u0142a. Zgin\u0119\u0142a w Auschwitz, ofiaruj\u0105c \u017cycie za nar\u00f3d swojego pochodzenia.<\/p>\n<p>6. W lipcu na remont ko\u015bcio\u0142a z\u0142o\u017cono 4,2 tys. B\u00f3g zap\u0142a\u0107.<\/p>\n<p>7. Dzi\u0119kuj\u0119 za posprz\u0105tanie w ko\u015bciele Ma\u0142gorzacie Bia\u0142ousz, Justynie \u015awiderskiej.<\/p>\n<p>8. W przysz\u0142\u0105 niedziel\u0119 po Mszy \u015bw. o godz. 9.00 zmiana tajemnic r\u00f3\u017ca\u0144ca dla Rodzic\u00f3w modl\u0105cych si\u0119 za dzieci, o 10.30 r\u00f3\u017caniec za zmar\u0142ych polecanych w wypominkach z Adamowa, \u015awidna, Wygl\u0119d\u00f3wka i spoza parafii, a po Mszy \u015bw. o godz. 11.00 zmiana tajemnic r\u00f3\u017ca\u0144ca dla K\u017bR m\u0119\u017cczyzn.<\/p>\n<p>9. &nbsp;Dzi\u0119kuj\u0119 za sprz\u0105tanie ko\u015bcio\u0142a rodzinom Jolanta Ol\u0119dzka, Irena Szatkowska, Sabina Brzuszkiewicz z&nbsp; Jaworka. W przysz\u0142ym tygodniu zapraszam rodziny Micha\u0142 Brzuszkiewicz, Andrzej Ku\u015bmierczyk, Krzysztof Ku\u015bmierczyk, Andrzej Mr\u00f3z Jaworka.<\/p>\n<p>10. Na stoliku wy\u0142o\u017cony jest nowy numer Echa katolickiego.<\/p>\n<p>11. Wszystkim solenizantom i jubilatom, kt\u00f3rzy b\u0119d\u0105 prze\u017cywali swoje \u015bwi\u0119to w najbli\u017cszych dniach, \u017cycz\u0119 Bo\u017cego b\u0142og. i obfito\u015bci Bo\u017cych \u0142ask.<\/p>\n<p>12. W tym tygodniu odesz\u0142a do wieczno\u015bci + Stanis\u0142awa W\u0105sowska l. 80,z Jaworka. Wieczny odpoczynek racz jej da\u0107 Panie\u2026.<\/p>\n","protected":false},"excerpt":{"rendered":"<p>Powr\u00f3t do listy og\u0142osze\u0144 DWUDZIESTA DRUGA NIEDZIELA W CI\u0104GU ROKU 31 sierpnia 2025 OG\u0141OSZENIA DUSZPASTERSKIE 1. Wakacje, urlopy dobiegaj\u0105 ko\u0144ca. Na progu nowego roku szkolnego Ko\u015bci\u00f3\u0142 apeluje o&nbsp;do\u0142o\u017cenie wszelkich stara\u0144, aby uczestnictwo dzieci i m\u0142odzie\u017cy w katechezie szkolnej by\u0142o od samego pocz\u0105tku pe\u0142ne \u015bwiadomego zaanga\u017cowania. Wzrost wiary i wra\u017cliwo\u015b\u0107 na prawo Bo\u017ce nie dokonuje si\u0119 okazjonalnie, ale przez systematyczne s\u0142uchanie i rozwa\u017canie s\u0142owa Bo\u017cego na katechezie i podczas niedzielnej Eucharystii, kt\u00f3ra jest osobistym spotkaniem z&nbsp;Panem. Edukacja szkolna i katechetyczna powinna by\u0107 przedmiotem szczeg\u00f3lnej troski rodzic\u00f3w. Rodzina jest pierwszym miejscem, w kt\u00f3rym dzieci zdobywaj\u0105 wychowanie, tak\u017ce religijne. Szko\u0142a, katecheza i Ko\u015bci\u00f3\u0142 nigdy nie zast\u0105pi\u0105 rodzic\u00f3w. 2. Dzisiaj taca ekonomiczna. W lipcu z\u0142o\u017cono 1420 z\u0142. B\u00f3g zap\u0142a\u0107. 3. W poniedzia\u0142ek przypada 86. rocznica wybuchu II wojny \u015bwiatowej. Nasz\u0105 powinno\u015bci\u0105 jest pami\u0119ta\u0107 o poleg\u0142ych w obronie Ojczyzny w latach 1939-1945 na frontach i w obozach oraz o pomordowanych po zako\u0144czonej wojnie w wi\u0119zieniach \u2026 <a class=\"continue-reading-link\" href=\"https:\/\/www.parafiawierzbno.com.pl\/?page_id=11366\">Czytaj dalej <span class=\"meta-nav\">&rarr; <\/span><\/a><\/p>\n","protected":false},"author":1,"featured_media":0,"parent":225,"menu_order":0,"comment_status":"closed","ping_status":"closed","template":"","meta":{"ngg_post_thumbnail":0},"_links":{"self":[{"href":"https:\/\/www.parafiawierzbno.com.pl\/index.php?rest_route=\/wp\/v2\/pages\/11366"}],"collection":[{"href":"https:\/\/www.parafiawierzbno.com.pl\/index.php?rest_route=\/wp\/v2\/pages"}],"about":[{"href":"https:\/\/www.parafiawierzbno.com.pl\/index.php?rest_route=\/wp\/v2\/types\/page"}],"author":[{"embeddable":true,"href":"https:\/\/www.parafiawierzbno.com.pl\/index.php?rest_route=\/wp\/v2\/users\/1"}],"replies":[{"embeddable":true,"href":"https:\/\/www.parafiawierzbno.com.pl\/index.php?rest_route=%2Fwp%2Fv2%2Fcomments&post=11366"}],"version-history":[{"count":8,"href":"https:\/\/www.parafiawierzbno.com.pl\/index.php?rest_route=\/wp\/v2\/pages\/11366\/revisions"}],"predecessor-version":[{"id":11389,"href":"https:\/\/www.parafiawierzbno.com.pl\/index.php?rest_route=\/wp\/v2\/pages\/11366\/revisions\/11389"}],"up":[{"embeddable":true,"href":"https:\/\/www.parafiawierzbno.com.pl\/index.php?rest_route=\/wp\/v2\/pages\/225"}],"wp:attachment":[{"href":"https:\/\/www.parafiawierzbno.com.pl\/index.php?rest_route=%2Fwp%2Fv2%2Fmedia&parent=11366"}],"curies":[{"name":"wp","href":"https:\/\/api.w.org\/{rel}","templated":true}]}}