{"id":11390,"date":"2025-09-07T13:07:20","date_gmt":"2025-09-07T11:07:20","guid":{"rendered":"https:\/\/www.parafiawierzbno.com.pl\/?page_id=11390"},"modified":"2025-10-16T08:47:38","modified_gmt":"2025-10-16T06:47:38","slug":"ogloszenia-wrzesien-2025","status":"publish","type":"page","link":"https:\/\/www.parafiawierzbno.com.pl\/?page_id=11390","title":{"rendered":"Og\u0142oszenia &#8211; Wrzesie\u0144 2025"},"content":{"rendered":"<p><a title=\"Og\u0142oszenia parafialne\" href=\"https:\/\/www.parafiawierzbno.com.pl\/?page_id=225\">Powr\u00f3t do listy og\u0142osze\u0144<\/a><\/p>\n<h4 style=\"text-align: center;\"><strong>DWUDZIESTA SZ\u00d3STA NIEDZIELA W CI\u0104GU ROKU<br \/>\n28 wrze\u015bnia 2025<br \/>\n<\/strong><strong>OG\u0141OSZENIA DUSZPASTERSKIE<\/strong><\/h4>\n<p>1. Dzisiejsza niedziela w Ko\u015bciele w szczeg\u00f3lny spos\u00f3b jest po\u015bwi\u0119cona migrantom i&nbsp;uchod\u017acom. W tym roku jest to ju\u017c 106. \u015awiatowy Dzie\u0144 Migranta i Uchod\u017acy. Ma on nas uwra\u017cliwi\u0107 na do\u015bwiadczanie niesprawiedliwo\u015bci, krzywdy i cz\u0119sto na nieludzki los tych, kt\u00f3rzy z r\u00f3\u017cnych powod\u00f3w opuszczaj\u0105 swoj\u0105 ojczyzn\u0119, poszukuj\u0105 dla siebie i swoich bliskich bezpiecznego miejsca w innych krajach.<\/p>\n<p>2. Dzisiaj taca ekonomiczna. W sierpniu z\u0142o\u017cono 1613 z\u0142. B\u00f3g zap\u0142a\u0107.<\/p>\n<p>3. W poniedzia\u0142ek, 29 wrze\u015bnia, w kalendarzu liturgicznym obchodzone jest \u015bwi\u0119to \u015awi\u0119tych Archanio\u0142\u00f3w: Micha\u0142a, Gabriela i Rafa\u0142a. Natomiast w czwartek, 2 pa\u017adziernika, wspominamy \u015awi\u0119tych Anio\u0142\u00f3w Str\u00f3\u017c\u00f3w. Mo\u017ce na co dzie\u0144 nie zawsze pami\u0119tamy, \u017ce to mi\u0142osierny B\u00f3g troszczy si\u0119 o ka\u017cdego z nas, posy\u0142aj\u0105c nam swoich anio\u0142\u00f3w, kt\u00f3rzy chroni\u0105 nas i nam pomagaj\u0105. Anio\u0142y s\u0105 przejawem obecno\u015bci Boga w \u015bwiecie. \u0141\u0105cz\u0105 niebo z ziemi\u0105. Dlatego korzystajmy z ich po\u015brednictwa, pro\u015bmy o pomoc, zw\u0142aszcza w trudnych sprawach, kiedy zaczyna brakowa\u0107 nadziei.<\/p>\n<p>4. W najbli\u017csz\u0105 \u015brod\u0119 rozpoczyna si\u0119 pa\u017adziernik \u2013 miesi\u0105c modlitwy r\u00f3\u017ca\u0144cowej. Ju\u017c dzisiaj zach\u0119cam dzieci, m\u0142odzie\u017c i doros\u0142ych do licznego udzia\u0142u w codziennej Mszy \u015awi\u0119tej i w nabo\u017ce\u0144stwie r\u00f3\u017ca\u0144cowym, kt\u00f3re w naszym ko\u015bciele b\u0119dziemy odprawiali o godz. 18.30.<\/p>\n<p>5. W tym tygodniu przypada Pierwszy Czwartek, Pierwszy Pi\u0105tek i Pierwsza Sobota miesi\u0105ca.<\/p>\n<p>W Pierwszy Czwartek (2 pa\u017adziernika) b\u0119dziemy dzi\u0119kowali Panu Bogu za dar Eucharystii, b\u0119dziemy si\u0119 te\u017c modlili o liczne i&nbsp;\u015bwi\u0119te powo\u0142ania kap\u0142a\u0144skie i&nbsp;zakonne. &nbsp;Pierwszy Pi\u0105tek (3 pa\u017adziernika) b\u0119dzie szczeg\u00f3lna okazja do oddania czci Naj\u015bwi\u0119tszemu Sercu Pana Jezusa<\/p>\n<p>&#8211; Adoracja Naj\u015bwi\u0119tszego Sakramentu z nabo\u017ce\u0144stwem pierwszopi\u0105tkowym od godz. 17.00.<\/p>\n<p>W Pierwsz\u0105 Sobot\u0119 (4 pa\u017adziernika) oddamy cze\u015b\u0107 Niepokalanemu Sercu Naj\u015bwi\u0119tszej Maryi Panny.<\/p>\n<p>6. Dzisiaj po Mszy \u015bwi\u0119tej o godz. 11.00 spotkanie z rodzicami dzieci kl. III a po Mszy \u015bwi\u0119tej o godz. 18.00 spotkanie z kandydatami do bierzmowania. A w pi\u0105tek z uczniami kl. IV.<\/p>\n<p>7. &nbsp;Dzi\u0119kuj\u0119 za sprz\u0105tanie ko\u015bcio\u0142a rodzinom Kazimierz Zalewski, Andrzej Siwiak z Sobonia. W przysz\u0142ym tygodniu zapraszam rodziny Teresa \u0141ukasiak, Andrzej Patoka, Janusz \u0141ukasiak z Sobonia<\/p>\n<p>8. Na stoliku wy\u0142o\u017cony jest nowy numer Echa katolickiego.<\/p>\n<p>9. Wszystkim solenizantom i jubilatom, kt\u00f3rzy b\u0119d\u0105 prze\u017cywali swoje \u015bwi\u0119to w najbli\u017cszych dniach, \u017cycz\u0119 Bo\u017cego b\u0142og. i obfito\u015bci Bo\u017cych \u0142ask.<\/p>\n<h4 style=\"text-align: center;\"><strong>DWUDZIESTA PI\u0104TA NIEDZIELA W CI\u0104GU ROKU<br \/>\n21 wrze\u015bnia 2025<br \/>\n<\/strong><strong>OG\u0141OSZENIA DUSZPASTERSKIE<\/strong><\/h4>\n<p>1. Dzisiejsza niedziela w spos\u00f3b szczeg\u00f3lny w Ko\u015bciele jest po\u015bwi\u0119cona \u015brodkom spo\u0142ecznego przekazu. Si\u0142\u0119 medi\u00f3w podkre\u015bla Katechizm Ko\u015bcio\u0142a katolickiego, zauwa\u017caj\u0105c ich wielki wp\u0142yw na przekaz informacji oraz na rozw\u00f3j kultury i kszta\u0142cenie. Media mog\u0105 by\u0107 wspania\u0142ym narz\u0119dziem ewangelizacyjnym. Umiejmy roztropnie korzysta\u0107 z dobrodziejstw medi\u00f3w, ale pami\u0119tajmy, \u017ce one powinny s\u0142u\u017cy\u0107 cz\u0142owiekowi, a nie odwrotnie. Zadbajmy te\u017c o to, aby w\u0142a\u015bciwie i dla swojego ubogacenia korzysta\u0142o z nich nasze m\u0142ode pokolenie.<\/p>\n<p>2. Dzisiaj po Mszy \u015bwi\u0119tej o godz. 11.00 spotkanie z rodzicami kandydat\u00f3w do bierzmowania.<\/p>\n<p>3. We wtorek, 23 wrze\u015bnia, przypada liturgiczne wspomnienie \u015awi\u0119tego Ojca Pio, kt\u00f3ry z&nbsp;najwy\u017csz\u0105 czci\u0105 pochyla\u0142 si\u0119 nad Eucharysti\u0105 i nad wszystko kocha\u0142 Matk\u0119 Naj\u015bwi\u0119tsz\u0105.<\/p>\n<p>4. W pi\u0105tek w naszej diecezji wspominamy Matk\u0119 Bo\u017c\u0105 Le\u015bnia\u0144sk\u0105.<\/p>\n<p>5. W przysz\u0142\u0105 niedziel\u0119, 28 wrze\u015bnia po Mszy \u015bwi\u0119tej o godz. 11.00 spotkanie z rodzicami dzieci kl. III a po Mszy \u015bwi\u0119tej o godz. 18.00 spotkanie z kandydatami do bierzmowania.<\/p>\n<p>6. Przysz\u0142a niedziela \u2013 ostatnia miesi\u0105ca, taca ekonomiczna.<\/p>\n<p>7. &nbsp;Dzi\u0119kuj\u0119 za sprz\u0105tanie ko\u015bcio\u0142a rodzinom Zofia Rogala, Marcin Rogala z Sobonia. W przysz\u0142ym tygodniu zapraszam rodziny Kazimierz Zalewski, Andrzej Siwiak, z Sobonia<\/p>\n<p>8. Na stoliku wy\u0142o\u017cony jest nowy numer Echa katolickiego.<\/p>\n<p>9. Wszystkim solenizantom i jubilatom, kt\u00f3rzy b\u0119d\u0105 prze\u017cywali swoje \u015bwi\u0119to w najbli\u017cszych dniach, \u017cycz\u0119 Bo\u017cego b\u0142og. i obfito\u015bci Bo\u017cych \u0142ask.<\/p>\n<h4 style=\"text-align: center;\"><strong>\u015aWI\u0118TO PODWY\u017bSZENIA KRZY\u017bA \u015aWI\u0118TEGO<br \/>\n14 wrze\u015bnia 2025<br \/>\n<\/strong><strong>OG\u0141OSZENIA DUSZPASTERSKIE<\/strong><\/h4>\n<p>1. W dzisiejsz\u0105 niedziel\u0119, 14 wrze\u015bnia, przypada \u015bwi\u0119to Podwy\u017cszenia Krzy\u017ca \u015awi\u0119tego. Krzy\u017c jest naszym chrze\u015bcija\u0144skim god\u0142em \u2013 znakiem m\u0119ki i \u015bmierci naszego Odkupiciela, jednak po nim by\u0142o zmartwychwstanie i wniebowst\u0105pienie. Krzy\u017c jest wi\u0119c tak\u017ce znakiem naszej nadziei. Pami\u0119tajmy, \u017ce Chrystusowym krzy\u017cem staje si\u0119 o\u0142tarz w naszej \u015bwi\u0105tyni i we wszystkich ko\u015bcio\u0142ach na ca\u0142ym \u015bwiecie. Na nim podczas Eucharystii Chrystus ponawia swoj\u0105 paschaln\u0105 Ofiar\u0119 \u201eza \u017cycie \u015bwiata\u201d. . Zachowujmy krzy\u017ce w szacunku i dba\u0142o\u015bci nie tylko przy okazji \u015bwi\u0119ta Podwy\u017cszenia Krzy\u017ca.<\/p>\n<p>2. Dzisiaj rozpoczyna si\u0119 te\u017c Tydzie\u0144 Wychowania oraz Kwartalne dni modlitw za dzieci, m\u0142odzie\u017c i wychowawc\u00f3w. W tym czasie w kalendarzu liturgicznym pod dat\u0105 18 wrze\u015bnia przypada \u015bwi\u0119to \u015awi\u0119tego Stanis\u0142awa Kostki, patrona polskiej m\u0142odzie\u017cy. Podczas Eucharystii ka\u017cdego dnia nadchodz\u0105cego tygodnia, przez wstawiennictwo \u015awi\u0119tego Stanis\u0142awa Kostki, b\u0119dziemy prosili Boga o \u015bwi\u0119to\u015b\u0107 naszych dzieci i m\u0142odzie\u017cy, bo od nich zale\u017cy przysz\u0142o\u015b\u0107 naszego narodu i Ko\u015bcio\u0142a.<\/p>\n<p>3. W s\u0105siedztwie \u015bwi\u0119ta Podwy\u017cszenia Krzy\u017ca \u015awi\u0119tego w kalendarzu liturgicznym pod dat\u0105 15 wrze\u015bnia (najbli\u017cszy poniedzia\u0142ek) przypada wspomnienie Matki Bo\u017cej Bolesnej. Przez to wspomnienie mo\u017cemy u\u015bwiadomi\u0107 sobie cierpienia, jakie by\u0142y udzia\u0142em Maryi, kt\u00f3ra \u2013 jak nikt inny \u2013 by\u0142a zjednoczona z Chrystusem r\u00f3wnie\u017c w Jego m\u0119ce, cierpieniu i \u015bmierci.<\/p>\n<p>4. W czwartek, 17 wrze\u015bnia, w rocznic\u0119 napa\u015bci Zwi\u0105zku Radzieckiego na Polsk\u0119 w 1939 roku w modlitwach pami\u0119tajmy o wszystkich poleg\u0142ych w obronie naszej Ojczyzny na Wschodzie.<\/p>\n<p>&nbsp;5. Przysz\u0142a niedziela, 21 wrze\u015bnia, w Ko\u015bciele b\u0119dzie obchodzona jako Dzie\u0144 \u015arodk\u00f3w Spo\u0142ecznego Przekazu. Tego dnia z\u0142o\u017cymy ofiary na Katolicki Uniwersytet Lubelski oraz na szko\u0142y katolickie.<\/p>\n<p>6. W przysz\u0142\u0105 niedziel\u0119 po Mszy \u015bwi\u0119tej o godz. 11.00 spotkanie z rodzicami kandydat\u00f3w do bierzmowania.<\/p>\n<p>7. &nbsp;Dzi\u0119kuj\u0119 za sprz\u0105tanie ko\u015bcio\u0142a rodzinom Wawrzyniec Kra\u015bny, Miros\u0142aw Skar\u017cy\u0144ski, Jacek Kiesner z Sobonia. W przysz\u0142ym tygodniu zapraszam rodziny Kazimierz Zalewski, Andrzej Siwiak, Zofia Rogala, Marcin Rogala z Sobonia<\/p>\n<p>8. Na stoliku wy\u0142o\u017cony jest nowy numer Echa katolickiego.<\/p>\n<p>9. Wszystkim solenizantom i jubilatom, kt\u00f3rzy b\u0119d\u0105 prze\u017cywali swoje \u015bwi\u0119to w najbli\u017cszych dniach, \u017cycz\u0119 Bo\u017cego b\u0142og. i obfito\u015bci Bo\u017cych \u0142ask.<\/p>\n<h4 style=\"text-align: center;\"><strong>DWUDZIESTA TRZECIA NIEDZIELA W CI\u0104GU ROKU<br \/>\n7 wrze\u015bnia 2025<br \/>\n<\/strong><strong>OG\u0141OSZENIA DUSZPASTERSKIE<\/strong><\/h4>\n<p>1. Od pocz\u0105tku wrze\u015bnia modlimy si\u0119 o pok\u00f3j i dobre wychowanie m\u0142odego pokolenia. Warto wi\u0119c dzi\u015b przypomnie\u0107 s\u0142owa \u015awi\u0119tego Jana Paw\u0142a II: \u201eOsi\u0105gniemy pok\u00f3j, wychowuj\u0105c do pokoju! [\u2026] Ko\u015bci\u00f3\u0142 nie przestaje powtarza\u0107: pok\u00f3j jest obowi\u0105zkiem\u201d. Pro\u015bmy Chrystusa \u2013 Ksi\u0119cia Pokoju, aby nasze dzieci wzrasta\u0142y w poczuciu bezpiecze\u0144stwa i&nbsp;w harmonii, a nasza Ojczyzna unikn\u0119\u0142a okrucie\u0144stwa terroryzmu.<\/p>\n<p>2. Wrzesie\u0144, podobnie jak sierpie\u0144, przemierzamy z Maryj\u0105. W najbli\u017cszy poniedzia\u0142ek, 8&nbsp;wrze\u015bnia, przypada jedno z najstarszych \u015bwi\u0105t maryjnych: Narodzenie Naj\u015bwi\u0119tszej Maryi Panny. W naszej polskiej tradycji znane jest jako \u015bwi\u0119to Matki Bo\u017cej Siewnej. Polecaj\u0105c Bo\u017cej Opatrzno\u015bci, za przyczyn\u0105 i wstawiennictwem Matki Bo\u017cej, przysz\u0142oroczne plony, pami\u0119tajmy, \u017ce i my jeste\u015bmy \u201euprawn\u0105 rol\u0105\u201d, na kt\u00f3r\u0105 pada ziarno s\u0142owa Bo\u017cego. Jaki ono wydaje w moim \u017cyciu owoc \u2013 oto pytanie, jakie w kontek\u015bcie tego \u015bwi\u0119ta warto sobie samemu postawi\u0107. Msze \u015bwi\u0119te o godz. 9.00 i 18.00.<\/p>\n<p>3. W przysz\u0142\u0105 niedziel\u0119, 14 wrze\u015bnia, przypada \u015bwi\u0119to Podwy\u017cszenia Krzy\u017ca \u015awi\u0119tego. Rozpocznie si\u0119 te\u017c Tydzie\u0144 Wychowania oraz Kwartalne dni modlitw za dzieci, m\u0142odzie\u017c i&nbsp;wychowawc\u00f3w.<\/p>\n<p>4. Tak\u017ce w przysz\u0142\u0105 niedziel\u0119 po Mszy \u015bwi\u0119tej o godz. 9.00 zmiana tajemnic r\u00f3\u017ca\u0144ca dla Rodzic\u00f3w modl\u0105cych si\u0119 za dzieci, o 10.30 r\u00f3\u017caniec za zmar\u0142ych polecanych w wypominkach z Wierzbna a po Mszy \u015bwi\u0119tej o godz. 11.00 zmiana tajemnic r\u00f3\u017ca\u0144ca dla K\u017bR m\u0119\u017cczyzn.<\/p>\n<p>5. Pragn\u0119 serdecznie podzi\u0119kowa\u0107 organizatorom pikniku z racji do\u017cynek p. \u0141ukaszowi Komorowskiemu za koordynacj\u0119 i pozyskanie sponsor\u00f3w, sponsorom: Bank Sp\u00f3\u0142dzielczy oddzia\u0142 w Wierzbnie, Eko Team, Pieczarkarnia w Wierzbnie, Stacja Paliw w Wierzbnie, &nbsp;zaanga\u017cowanym w przygotowanie dekoracji, stra\u017cakom, KGW i wszystkim uczestnikom.<\/p>\n<p>6. W sierpniu na remont ko\u015bcio\u0142a z\u0142o\u017cono 4300 z\u0142. B\u00f3g zap\u0142a\u0107.<\/p>\n<p>7. &nbsp;Dzi\u0119kuj\u0119 za sprz\u0105tanie ko\u015bcio\u0142a rodzinom Wies\u0142aw Kujawa, Marian Korczak, Danuta Ho\u0142ubiec z Sobonia. W przysz\u0142ym tygodniu zapraszam rodziny Wawrzyniec Kra\u015bny, Miros\u0142aw Skar\u017cy\u0144ski, Jacek Kiesner z Sobonia<\/p>\n<p>8. Na stoliku wy\u0142o\u017cony jest nowy numer Echa katolickiego.<\/p>\n<p>9. Wszystkim solenizantom i jubilatom, kt\u00f3rzy b\u0119d\u0105 prze\u017cywali swoje \u015bwi\u0119to w najbli\u017cszych dniach, \u017cycz\u0119 Bo\u017cego b\u0142og. i obfito\u015bci Bo\u017cych \u0142ask.<\/p>\n","protected":false},"excerpt":{"rendered":"<p>Powr\u00f3t do listy og\u0142osze\u0144 DWUDZIESTA SZ\u00d3STA NIEDZIELA W CI\u0104GU ROKU 28 wrze\u015bnia 2025 OG\u0141OSZENIA DUSZPASTERSKIE 1. Dzisiejsza niedziela w Ko\u015bciele w szczeg\u00f3lny spos\u00f3b jest po\u015bwi\u0119cona migrantom i&nbsp;uchod\u017acom. W tym roku jest to ju\u017c 106. \u015awiatowy Dzie\u0144 Migranta i Uchod\u017acy. Ma on nas uwra\u017cliwi\u0107 na do\u015bwiadczanie niesprawiedliwo\u015bci, krzywdy i cz\u0119sto na nieludzki los tych, kt\u00f3rzy z r\u00f3\u017cnych powod\u00f3w opuszczaj\u0105 swoj\u0105 ojczyzn\u0119, poszukuj\u0105 dla siebie i swoich bliskich bezpiecznego miejsca w innych krajach. 2. Dzisiaj taca ekonomiczna. W sierpniu z\u0142o\u017cono 1613 z\u0142. B\u00f3g zap\u0142a\u0107. 3. W poniedzia\u0142ek, 29 wrze\u015bnia, w kalendarzu liturgicznym obchodzone jest \u015bwi\u0119to \u015awi\u0119tych Archanio\u0142\u00f3w: Micha\u0142a, Gabriela i Rafa\u0142a. Natomiast w czwartek, 2 pa\u017adziernika, wspominamy \u015awi\u0119tych Anio\u0142\u00f3w Str\u00f3\u017c\u00f3w. Mo\u017ce na co dzie\u0144 nie zawsze pami\u0119tamy, \u017ce to mi\u0142osierny B\u00f3g troszczy si\u0119 o ka\u017cdego z nas, posy\u0142aj\u0105c nam swoich anio\u0142\u00f3w, kt\u00f3rzy chroni\u0105 nas i nam pomagaj\u0105. Anio\u0142y s\u0105 przejawem obecno\u015bci Boga w \u015bwiecie. \u0141\u0105cz\u0105 niebo z ziemi\u0105. Dlatego korzystajmy z ich \u2026 <a class=\"continue-reading-link\" href=\"https:\/\/www.parafiawierzbno.com.pl\/?page_id=11390\">Czytaj dalej <span class=\"meta-nav\">&rarr; <\/span><\/a><\/p>\n","protected":false},"author":1,"featured_media":0,"parent":225,"menu_order":0,"comment_status":"closed","ping_status":"closed","template":"","meta":{"ngg_post_thumbnail":0},"_links":{"self":[{"href":"https:\/\/www.parafiawierzbno.com.pl\/index.php?rest_route=\/wp\/v2\/pages\/11390"}],"collection":[{"href":"https:\/\/www.parafiawierzbno.com.pl\/index.php?rest_route=\/wp\/v2\/pages"}],"about":[{"href":"https:\/\/www.parafiawierzbno.com.pl\/index.php?rest_route=\/wp\/v2\/types\/page"}],"author":[{"embeddable":true,"href":"https:\/\/www.parafiawierzbno.com.pl\/index.php?rest_route=\/wp\/v2\/users\/1"}],"replies":[{"embeddable":true,"href":"https:\/\/www.parafiawierzbno.com.pl\/index.php?rest_route=%2Fwp%2Fv2%2Fcomments&post=11390"}],"version-history":[{"count":6,"href":"https:\/\/www.parafiawierzbno.com.pl\/index.php?rest_route=\/wp\/v2\/pages\/11390\/revisions"}],"predecessor-version":[{"id":11401,"href":"https:\/\/www.parafiawierzbno.com.pl\/index.php?rest_route=\/wp\/v2\/pages\/11390\/revisions\/11401"}],"up":[{"embeddable":true,"href":"https:\/\/www.parafiawierzbno.com.pl\/index.php?rest_route=\/wp\/v2\/pages\/225"}],"wp:attachment":[{"href":"https:\/\/www.parafiawierzbno.com.pl\/index.php?rest_route=%2Fwp%2Fv2%2Fmedia&parent=11390"}],"curies":[{"name":"wp","href":"https:\/\/api.w.org\/{rel}","templated":true}]}}