{"id":11402,"date":"2025-10-16T08:48:06","date_gmt":"2025-10-16T06:48:06","guid":{"rendered":"https:\/\/www.parafiawierzbno.com.pl\/?page_id=11402"},"modified":"2025-10-26T23:27:00","modified_gmt":"2025-10-26T22:27:00","slug":"ogloszenia-pazdziernik-2025","status":"publish","type":"page","link":"https:\/\/www.parafiawierzbno.com.pl\/?page_id=11402","title":{"rendered":"Og\u0142oszenia &#8211; Pa\u017adziernik 2025"},"content":{"rendered":"<p><a title=\"Og\u0142oszenia parafialne\" href=\"https:\/\/www.parafiawierzbno.com.pl\/?page_id=225\">Powr\u00f3t do listy og\u0142osze\u0144<\/a><\/p>\n<h4 style=\"text-align: center;\"><strong>TRZYDZIESTA NIEDZIELA W CI\u0104GU ROKU<br \/>\n26 pa\u017adziernika 2025<br \/>\n<\/strong><strong>OG\u0141OSZENIA DUSZPASTERSKIE<\/strong><\/h4>\n<p>1. We wtorek w liturgii czcimy \u015awi\u0119tych Aposto\u0142\u00f3w Szymona i Jud\u0119 Tadeusza. Zapatrzeni w&nbsp;ich \u015bwiadectwo b\u0119dziemy prosi\u0107 Boga o siln\u0105 wiar\u0119. \u015awi\u0119ty Juda Tadeusz uwa\u017cany jest za patrona spraw beznadziejnych, wzywamy go w szczeg\u00f3lnych potrzebach.<\/p>\n<p>2. W sobot\u0119, 1 listopada, przypada uroczysto\u015b\u0107 Wszystkich \u015awi\u0119tych. W tym dniu mamy obowi\u0105zek uczestniczenia we Mszy \u015awi\u0119tej. W naszym ko\u015bciele b\u0119d\u0105 one sprawowane wed\u0142ug nast\u0119puj\u0105cego porz\u0105dku: 9.00 i 11. W t\u0119 uroczysto\u015b\u0107 uwielbiamy Boga w Jego \u015bwi\u0119tych \u2013 w tych, kt\u00f3rzy przeszli przez \u017cycie wierni Bogu i Jego przykazaniom. Dla nas s\u0105 oni drogowskazami na drodze do wieczno\u015bci. Po Mszy \u015bwi\u0119tej o godz. 11.00 procesja na cmentarz. Po procesji po\u015bwi\u0119cenie nowych pomnik\u00f3w.<\/p>\n<p>3. Przysz\u0142a sobota to te\u017c pierwsza sobota miesi\u0105ca. Po Mszy \u015bwi\u0119tej o godz. 9.00 nabo\u017ce\u0144stwo ku czci Matki Bo\u017cej.<\/p>\n<p>4. W niedziel\u0119, 2 listopada, w liturgii wspominamy Wszystkich Wiernych Zmar\u0142ych, jest to tak zwany Dzie\u0144 Zaduszny. W naszym ko\u015bciele tego dnia Msze \u015awi\u0119te w&nbsp;nast\u0119puj\u0105cych godzinach 9.00 i 11.00. Nie zapominajmy te\u017c, \u017ce przez osiem pierwszych dni listopada duszom w czy\u015b\u0107cu mo\u017cemy ofiarowa\u0107 wielki dar \u2013 odpust zupe\u0142ny za pobo\u017cne nawiedzenie cmentarza i zm\u00f3wienie modlitwy w ich intencji oraz spe\u0142nienie pozosta\u0142ych zwyk\u0142ych warunk\u00f3w, to znaczy: stan \u0142aski u\u015bwi\u0119caj\u0105cej, brak przywi\u0105zania do jakiegokolwiek grzechu, przyj\u0119cie Komunii \u015awi\u0119tej, odm\u00f3wienie modlitwy w intencjach wyznaczonych przez papie\u017ca.<\/p>\n<p>5. Po Mszy \u015bwi\u0119tej o godz. 11.00 nabo\u017ce\u0144stwo z racji I-wszej niedzieli miesi\u0105ca a nast\u0119pnie wyruszymy na cmentarz modl\u0105c si\u0119 za wszystkich zmar\u0142ych polecanych w wypominkach.<\/p>\n<p>7. Przed nami ostatni tydzie\u0144 r\u00f3\u017ca\u0144cowy. Przypominam, \u017ce codziennie w naszym ko\u015bciele o&nbsp;godz. 17.00 gromadzimy si\u0119 na wieczornej Eucharystii, a po niej celebrujemy nabo\u017ce\u0144stwo r\u00f3\u017ca\u0144cowe. Wszystkich parafian, zw\u0142aszcza tych, kt\u00f3rzy jeszcze z jakich\u015b powod\u00f3w nie uczestniczyli w pa\u017adziernikowym nabo\u017ce\u0144stwie, zapraszam na t\u0119 modlitw\u0119. W poniedzia\u0142ek w spos\u00f3b szczeg\u00f3lny b\u0119dziemy modlili si\u0119 w intencji mieszka\u0144c\u00f3w W\u00f3lki, we wtorek mieszka\u0144c\u00f3w Wygl\u0119d\u00f3wka.<\/p>\n<p>8. Dzisiaj taca ekonomiczna. W pa\u017adzierniku z\u0142o\u017cono 1381 z\u0142. B\u00f3g zap\u0142a\u0107.<\/p>\n<p>9. &nbsp;Dzi\u0119kuj\u0119 za sprz\u0105tanie ko\u015bcio\u0142a rodzinom Jan Tomkiewicz, Mateusz Tomkiewicz, W\u0142odzimierz Jasi\u0144ski, Rafa\u0142 Jasi\u0144ski ze \u015awidna. W przysz\u0142ym tygodniu zapraszam rodziny Zenon \u0141abarzewski, J\u00f3zef Sobiepanek, Krzysztof Chabiera, Daniel Chabiera ze \u015awidna.<\/p>\n<p>10. Na stoliku wy\u0142o\u017cony jest nowy numer Echa katolickiego, kalendarz rolniczy w cenie 37 z\u0142., kalendarze z wie\u0144cami i misyjne w cenie 12 z\u0142.<\/p>\n<p>11. Wszystkim solenizantom i jubilatom, kt\u00f3rzy b\u0119d\u0105 prze\u017cywali swoje \u015bwi\u0119to w najbli\u017cszych dniach, \u017cycz\u0119 Bo\u017cego b\u0142og. i obfito\u015bci Bo\u017cych \u0142ask.<\/p>\n<h4 style=\"text-align: center;\"><strong>DWUDZIESTA DZIEWI\u0104TA NIEDZIELA W CI\u0104GU ROKU<br \/>\n19 pa\u017adziernika 2025<br \/>\n<\/strong><strong>OG\u0141OSZENIA DUSZPASTERSKIE<\/strong><\/h4>\n<p>1. Dzisiejsza niedziela w ca\u0142ym Ko\u015bciele po\u015bwi\u0119cona jest sprawie misji. Rozpoczyna si\u0119 Tydzie\u0144 Misyjny. Modlimy si\u0119 w intencji misji i misjonarzy zakonnych i \u015bwieckich. Prosimy Boga, aby mogli oni skutecznie wype\u0142nia\u0107 swoje powo\u0142anie i nie\u015b\u0107 Ewangeli\u0119 ludom i&nbsp;narodom, kt\u00f3re wiar\u0119 zagubi\u0142y albo dot\u0105d Boga nie pozna\u0142y. To stosowny czas, aby\u015bmy przypomnieli sobie, \u017ce do istoty \u017cycia Ko\u015bcio\u0142a nale\u017cy powo\u0142anie misyjne. \u015awiatowy Dzie\u0144 Misyjny u\u015bwiadamia nam te\u017c, jak bardzo Ko\u015bci\u00f3\u0142 jest r\u00f3\u017cnorodny, a przez to rzeczywi\u015bcie powszechny. Wielkie dzie\u0142o misyjne wspieramy na r\u00f3\u017cne sposoby, dzisiaj tak\u017ce sk\u0142adaj\u0105c ofiary na Papieskie Dzie\u0142a Misyjne.<\/p>\n<p>2. Ka\u017cdy chrze\u015bcijanin na mocy sakramentu chrztu powo\u0142any jest do bezpo\u015bredniego zaanga\u017cowania si\u0119 na rzecz g\u0142oszenia Ewangelii. Pami\u0119tamy, \u017ce nieustannie mamy by\u0107 \u015bwiat\u0142em dla ca\u0142ej ludzko\u015bci w pielgrzymce wiary.<\/p>\n<p>3. Dzisiaj przypada r\u00f3wnie\u017c Narodowy Dzie\u0144 Pami\u0119ci Duchownych Niez\u0142omnych. Zosta\u0142 ustanowiony przez Sejm Rzeczypospolitej Polskiej w 2018 roku. Dzie\u0144 ten ma by\u0107 wyrazem ho\u0142du dla kap\u0142an\u00f3w i innych os\u00f3b duchownych, kt\u00f3re swoj\u0105 postaw\u0105 da\u0142y \u015bwiadectwo m\u0119stwa i patriotyzmu, a niejednokrotnie przela\u0142y te\u017c krew w obronie naszej Ojczyzny.<\/p>\n<p>4. Matka Bo\u017ca w swych objawieniach wskazuje na r\u00f3\u017caniec jako mistyczn\u0105 bro\u0144 i narz\u0119dzie Bo\u017cych zwyci\u0119stw. Jako chrze\u015bcijanie nie walczymy mieczem. Naszym or\u0119\u017cem jest r\u00f3\u017caniec. Codziennie w naszym ko\u015bciele o godz. 18.00 gromadzimy si\u0119 na wieczornej Eucharystii, a po niej odprawiamy nabo\u017ce\u0144stwo r\u00f3\u017ca\u0144cowe. &nbsp;W poniedzia\u0142ek b\u0119dziemy si\u0119 modlili w intencji mieszka\u0144c\u00f3w Wierzbna, we wtorek Helenowa, w \u015brod\u0119 Jan\u00f3wka, we czwartek Jaworka, w pi\u0105tek Lasu Jaworskiego, w sobot\u0119 Sobonia, w niedziel\u0119 \u015awidna.<\/p>\n<p>5. W \u015brod\u0119 przypada liturgiczne wspomnienie \u015awi\u0119tego Jana Paw\u0142a II.<\/p>\n<p>6. W przysz\u0142\u0105 sobot\u0119 po nabo\u017ce\u0144stwie r\u00f3\u017ca\u0144cowym spotkanie z kandydatami przygotowuj\u0105cymi si\u0119 do przyj\u0119cia sakramentu bierzmowania, a w niedziel\u0119 po Mszy \u015bwi\u0119tej o godz. 11.00 spotkanie z dzie\u0107mi z kl. I i II.<\/p>\n<p>7. Przysz\u0142a niedziela \u2013 ostatnia miesi\u0105ca, taca ekonomiczna.<\/p>\n<p>8. &nbsp;Dzi\u0119kuj\u0119 za sprz\u0105tanie ko\u015bcio\u0142a rodzinom Dariusz Bergier,&nbsp; Mariusz Bergier , Bronis\u0142aw Sobiepanek, Dariusz Wojty\u0144ski ze \u015awidna. W przysz\u0142ym tygodniu zapraszam rodziny Jan Tomkiewicz, Mateusz Tomkiewicz, W\u0142odzimierz Jasi\u0144ski, Rafa\u0142 Jasi\u0144ski ze \u015awidna.<\/p>\n<p>9. Na stoliku wy\u0142o\u017cony jest nowy numer Echa katolickiego, kalendarz rolniczy w cenie 37 z\u0142., kalendarze z wie\u0144cami i misyjne w cenie 12 z\u0142.<\/p>\n<p>10. Wszystkim solenizantom i jubilatom, kt\u00f3rzy b\u0119d\u0105 prze\u017cywali swoje \u015bwi\u0119to w najbli\u017cszych dniach, \u017cycz\u0119 Bo\u017cego b\u0142og. i obfito\u015bci Bo\u017cych \u0142ask.<\/p>\n<h4 style=\"text-align: center;\"><strong>DWUDZIESTA O\u015aMA NIEDZIELA W CI\u0104GU ROKU<br \/>\n12 pa\u017adziernika 2025<br \/>\n<\/strong><strong>OG\u0141OSZENIA DUSZPASTERSKIE<\/strong><\/h4>\n<p>1. W dzisiejsz\u0105 niedziel\u0119 kolejny raz w naszym kraju obchodzimy Dzie\u0144 Papieski. Dzi\u015b, a&nbsp;tak\u017ce w czwartek, 16 pa\u017adziernika&nbsp; \u2013 w&nbsp;dzie\u0144 powo\u0142ania \u015awi\u0119tego Jana Paw\u0142a II na Stolic\u0119 Piotrow\u0105 \u2013 dzi\u0119kujemy Bogu za wieloletni\u0105 pos\u0142ug\u0119 papie\u017ca Polaka, a jednocze\u015bnie prosimy o jego wstawiennictwo, aby\u015bmy wytrwali na wytyczonej przez niego drodze.<\/p>\n<p>2. Dzisiaj swoimi ofiarami wspieramy Fundacj\u0119 \u201eDzie\u0142o Nowego Tysi\u0105clecia\u201d, kt\u00f3ra zosta\u0142a powo\u0142ana przez Episkopat Polski dla upami\u0119tnienia pontyfikatu Ojca \u015awi\u0119tego Jana Paw\u0142a II. G\u0142\u00f3wnym celem fundacji jest promowanie nauczania papie\u017ca Polaka i wspieranie okre\u015blonych przedsi\u0119wzi\u0119\u0107 spo\u0142ecznych. Z tych \u015brodk\u00f3w fundowane s\u0105 stypendia dla uzdolnionej, a pochodz\u0105cej z ubogich rodzin m\u0142odzie\u017cy.<\/p>\n<p>3. We wtorek, 14 pa\u017adziernika, przypada Dzie\u0144 Edukacji Narodowej. Wspierajmy nauczycieli i wychowawc\u00f3w nasz\u0105 \u017cyczliwo\u015bci\u0105, a przede gor\u0105c\u0105 modlitw\u0105. W intencji nauczycieli, wychowawc\u00f3w, katechet\u00f3w i wszystkich pracownik\u00f3w o\u015bwiaty z naszej parafii b\u0119dziemy modlili si\u0119 na r\u00f3\u017ca\u0144cu.<\/p>\n<p>4. W \u015brod\u0119, 15 pa\u017adziernika, w liturgiczne wspomnienie \u015awi\u0119tej Teresy od Jezusa, obchodzimy Dzie\u0144 Dziecka Utraconego. Ma on nam przypomina\u0107, \u017ce cz\u0119sto rodzice, kt\u00f3rzy odprowadzili swoje dziecko do bram wieczno\u015bci, nie zawsze oczekuj\u0105 jakiego\u015b specjalnego pocieszenia, ale potrzebuj\u0105 naszej modlitwy, kt\u00f3ra pomo\u017ce im przetrwa\u0107 niezwykle trudny czas.<\/p>\n<p>5. W sobot\u0119, 18 pa\u017adziernika, w kalendarzu liturgicznym przypada \u015bwi\u0119to \u015awi\u0119tego \u0141ukasza Ewangelisty. Jest to Dzie\u0144 Modlitw za Pracownik\u00f3w S\u0142u\u017cby Zdrowia.<\/p>\n<p>6. Przez ca\u0142y pa\u017adziernik z Maryj\u0105 trwamy na modlitwie r\u00f3\u017ca\u0144cowej. Rozwa\u017caj\u0105c tajemnice z&nbsp;\u017cycia Jezusa i Maryi, w r\u00f3\u017ca\u0144cowe dziesi\u0105tki wplatamy wszystkie nasze sprawy osobiste, sprawy naszych rodzin, narodu, Ko\u015bcio\u0142a. W ten spos\u00f3b prosta modlitwa r\u00f3\u017ca\u0144cowa pulsuje naszym \u017cyciem. Na nabo\u017ce\u0144stwo pa\u017adziernikowe gromadzimy si\u0119 w naszym ko\u015bciele codziennie o godz. 18.30. Wszystkich serdecznie zapraszam.<\/p>\n<p>7. W przysz\u0142\u0105 niedziel\u0119 po Mszy \u015bwi\u0119tej o godz. 11.00 spotkanie z dzie\u0107mi i rodzicami dzieci z kl. III.<\/p>\n<p>8. &nbsp;Dzi\u0119kuj\u0119 za sprz\u0105tanie ko\u015bcio\u0142a rodzinom Tadeusz Giersz, S\u0142awomir Tafil, Artur Szcz\u0119sny, S\u0142awomir Szcz\u0119sny&nbsp; z Sobonia. W przysz\u0142ym tygodniu zapraszam rodziny Dariusz Bergier,&nbsp; Mariusz Bergier , Bronis\u0142aw Sobiepanek, Dariusz Wojty\u0144ski ze \u015awidna.<\/p>\n<p>9. Na stoliku wy\u0142o\u017cony jest nowy numer Echa katolickiego.<\/p>\n<p>10. Wszystkim solenizantom i jubilatom, kt\u00f3rzy b\u0119d\u0105 prze\u017cywali swoje \u015bwi\u0119to w najbli\u017cszych dniach, \u017cycz\u0119 Bo\u017cego b\u0142og. i obfito\u015bci Bo\u017cych \u0142ask.<\/p>\n<p>11. W tym tygodniu z naszej wsp\u00f3lnoty odesz\u0142a do wieczno\u015bci + Marianna Plewko l.88 z Sobonia. Wieczny odpoczynek racz jej da\u0107 Panie\u2026.<\/p>\n<h4 style=\"text-align: center;\"><strong>DWUDZIESTA SI\u00d3DMA NIEDZIELA W CI\u0104GU ROKU<br \/>\n5 pa\u017adziernika 2025<br \/>\n<\/strong><strong>OG\u0141OSZENIA DUSZPASTERSKIE<\/strong><\/h4>\n<p>1. Dzi\u015b przypada pierwsza niedziela pa\u017adziernika. W ko\u015bcio\u0142ach i we wsp\u00f3lnotach rodzinnych rozpocz\u0119li\u015bmy nabo\u017ce\u0144stwa r\u00f3\u017ca\u0144cowe. Bior\u0105c do r\u0105k r\u00f3\u017caniec, przez wstawiennictwo Bo\u017cej Rodzicielki Maryi, pro\u015bmy Jej Syna o mi\u0142osierdzie dla nas i ca\u0142ego \u015bwiata. Zach\u0119cam do udzia\u0142u w codziennej Mszy \u015awi\u0119tej i pa\u017adziernikowym nabo\u017ce\u0144stwie odprawianym w&nbsp;naszym ko\u015bciele o godz. 18.30 \u015awi\u0119ty Jan Pawe\u0142 II napisa\u0142: \u201eZa po\u015brednictwem r\u00f3\u017ca\u0144ca wierz\u0105cy czerpie obfito\u015b\u0107 \u0142aski, otrzymuj\u0105c j\u0105 niejako wprost z r\u0105k Matki Odkupiciela\u201d<\/p>\n<p>2. Pami\u0119tajmy i przypominajmy innym, \u017ce za odm\u00f3wienie jednej cz\u0119\u015bci r\u00f3\u017ca\u0144ca, czyli pi\u0119ciu tajemnic w spos\u00f3b ci\u0105g\u0142y, mo\u017cna uzyska\u0107 odpust zupe\u0142ny. Korzystajmy z tych duchowych dobrodziejstw, jakimi Ko\u015bci\u00f3\u0142 nas obdarza.<\/p>\n<p>3. W tym duchu prze\u017cyjemy te\u017c liturgiczne wspomnienie Naj\u015bwi\u0119tszej Maryi Panny R\u00f3\u017ca\u0144cowej, kt\u00f3re przypada we wtorek, 7 pa\u017adziernika.<\/p>\n<p>4. W przysz\u0142\u0105 niedziel\u0119, 12 pa\u017adziernika, b\u0119dziemy prze\u017cywali kolejny Dzie\u0144 Papieski, kt\u00f3ry na trwa\u0142e wpisa\u0142 si\u0119 w kalendarz nie tylko Ko\u015bcio\u0142a w Polsce, ale i w kalendarz wa\u017cnych rocznic i obchod\u00f3w w naszej Ojczy\u017anie. Tego dnia ofiarami do puszek wspieramy Fundacj\u0119 \u201eDzie\u0142o Nowego Tysi\u0105clecia\u201d, kt\u00f3ra zosta\u0142a powo\u0142ana przez Episkopat Polski dla upami\u0119tnienia pontyfikatu \u015awi\u0119tego Jana Paw\u0142a II.<\/p>\n<p>5. W przysz\u0142\u0105 niedziel\u0119 po Mszy \u015bwi\u0119tej o godz. 9.00 zmiana tajemnic r\u00f3\u017ca\u0144ca dla Rodzic\u00f3w modl\u0105cych si\u0119 za dzieci, o 10.30 r\u00f3\u017caniec za wszystkich zmar\u0142ych polecanych w wypominkach, a po Mszy \u015bwi\u0119tej o godz. 11.00 zmiana tajemnic r\u00f3\u017ca\u0144ca dla K\u017bR m\u0119\u017cczyzn.<\/p>\n<p>6. W minionym miesi\u0105cu na remont ko\u015bcio\u0142a z\u0142o\u017cono 2800 z\u0142. B\u00f3g zap\u0142a\u0107.<\/p>\n<p>7. &nbsp;Dzi\u0119kuj\u0119 za sprz\u0105tanie ko\u015bcio\u0142a rodzinom Teresa \u0141ukasiak, Andrzej Patoka, Janusz \u0141ukasiak z Sobonia. W przysz\u0142ym tygodniu zapraszam rodziny Tadeusz Giersz, S\u0142awomir Tafil, Artur Szcz\u0119sny, S\u0142awomir Szcz\u0119sny&nbsp; z Sobonia<\/p>\n<p>8. Na stoliku wy\u0142o\u017cony jest nowy numer Echa katolickiego.<\/p>\n<p>9. Wszystkim solenizantom i jubilatom, kt\u00f3rzy b\u0119d\u0105 prze\u017cywali swoje \u015bwi\u0119to w najbli\u017cszych dniach, \u017cycz\u0119 Bo\u017cego b\u0142og. i obfito\u015bci Bo\u017cych \u0142ask.<\/p>\n","protected":false},"excerpt":{"rendered":"<p>Powr\u00f3t do listy og\u0142osze\u0144 TRZYDZIESTA NIEDZIELA W CI\u0104GU ROKU 26 pa\u017adziernika 2025 OG\u0141OSZENIA DUSZPASTERSKIE 1. We wtorek w liturgii czcimy \u015awi\u0119tych Aposto\u0142\u00f3w Szymona i Jud\u0119 Tadeusza. Zapatrzeni w&nbsp;ich \u015bwiadectwo b\u0119dziemy prosi\u0107 Boga o siln\u0105 wiar\u0119. \u015awi\u0119ty Juda Tadeusz uwa\u017cany jest za patrona spraw beznadziejnych, wzywamy go w szczeg\u00f3lnych potrzebach. 2. W sobot\u0119, 1 listopada, przypada uroczysto\u015b\u0107 Wszystkich \u015awi\u0119tych. W tym dniu mamy obowi\u0105zek uczestniczenia we Mszy \u015awi\u0119tej. W naszym ko\u015bciele b\u0119d\u0105 one sprawowane wed\u0142ug nast\u0119puj\u0105cego porz\u0105dku: 9.00 i 11. W t\u0119 uroczysto\u015b\u0107 uwielbiamy Boga w Jego \u015bwi\u0119tych \u2013 w tych, kt\u00f3rzy przeszli przez \u017cycie wierni Bogu i Jego przykazaniom. Dla nas s\u0105 oni drogowskazami na drodze do wieczno\u015bci. Po Mszy \u015bwi\u0119tej o godz. 11.00 procesja na cmentarz. Po procesji po\u015bwi\u0119cenie nowych pomnik\u00f3w. 3. Przysz\u0142a sobota to te\u017c pierwsza sobota miesi\u0105ca. Po Mszy \u015bwi\u0119tej o godz. 9.00 nabo\u017ce\u0144stwo ku czci Matki Bo\u017cej. 4. W niedziel\u0119, 2 listopada, w liturgii wspominamy Wszystkich \u2026 <a class=\"continue-reading-link\" href=\"https:\/\/www.parafiawierzbno.com.pl\/?page_id=11402\">Czytaj dalej <span class=\"meta-nav\">&rarr; <\/span><\/a><\/p>\n","protected":false},"author":1,"featured_media":0,"parent":225,"menu_order":0,"comment_status":"closed","ping_status":"closed","template":"","meta":{"ngg_post_thumbnail":0},"_links":{"self":[{"href":"https:\/\/www.parafiawierzbno.com.pl\/index.php?rest_route=\/wp\/v2\/pages\/11402"}],"collection":[{"href":"https:\/\/www.parafiawierzbno.com.pl\/index.php?rest_route=\/wp\/v2\/pages"}],"about":[{"href":"https:\/\/www.parafiawierzbno.com.pl\/index.php?rest_route=\/wp\/v2\/types\/page"}],"author":[{"embeddable":true,"href":"https:\/\/www.parafiawierzbno.com.pl\/index.php?rest_route=\/wp\/v2\/users\/1"}],"replies":[{"embeddable":true,"href":"https:\/\/www.parafiawierzbno.com.pl\/index.php?rest_route=%2Fwp%2Fv2%2Fcomments&post=11402"}],"version-history":[{"count":5,"href":"https:\/\/www.parafiawierzbno.com.pl\/index.php?rest_route=\/wp\/v2\/pages\/11402\/revisions"}],"predecessor-version":[{"id":11411,"href":"https:\/\/www.parafiawierzbno.com.pl\/index.php?rest_route=\/wp\/v2\/pages\/11402\/revisions\/11411"}],"up":[{"embeddable":true,"href":"https:\/\/www.parafiawierzbno.com.pl\/index.php?rest_route=\/wp\/v2\/pages\/225"}],"wp:attachment":[{"href":"https:\/\/www.parafiawierzbno.com.pl\/index.php?rest_route=%2Fwp%2Fv2%2Fmedia&parent=11402"}],"curies":[{"name":"wp","href":"https:\/\/api.w.org\/{rel}","templated":true}]}}