{"id":11413,"date":"2025-11-05T08:28:59","date_gmt":"2025-11-05T07:28:59","guid":{"rendered":"https:\/\/www.parafiawierzbno.com.pl\/?page_id=11413"},"modified":"2025-11-30T16:37:25","modified_gmt":"2025-11-30T15:37:25","slug":"ogloszenia-listopad-2025","status":"publish","type":"page","link":"https:\/\/www.parafiawierzbno.com.pl\/?page_id=11413","title":{"rendered":"Og\u0142oszenia &#8211; Listopad 2025"},"content":{"rendered":"<p><a title=\"Og\u0142oszenia parafialne\" href=\"https:\/\/www.parafiawierzbno.com.pl\/?page_id=225\">Powr\u00f3t do listy og\u0142osze\u0144<\/a><\/p>\n<h4 style=\"text-align: center;\"><strong>PIERWSZA NIEDZIELA ADWENTU<br \/>\n30 listopada 2025<br \/>\n<\/strong><strong>OG\u0141OSZENIA DUSZPASTERSKIE<\/strong><\/h4>\n<p>1. Dzisiejsz\u0105 niedziel\u0105 rozpoczynamy kolejny Adwent, czas radosnego oczekiwania i&nbsp;przygotowania na przyj\u015bcie Chrystusa. Wykorzystajmy dobrze ten czas na s\u0142uchanie s\u0142owa Bo\u017cego oraz wchodzenie w tajemnic\u0119 blisko\u015bci Boga, kt\u00f3ry przychodzi jako Emmanuel \u2013 B\u00f3g z nami.<\/p>\n<p>2. Adwent rozpoczyna nowy rok liturgiczny i duszpasterski 2025\/2026. Has\u0142o programu duszpasterskiego dla Ko\u015bcio\u0142a w Polsce na ten rok brzmi: \u201eUczniowie \u2013 misjonarze\u201d. W ci\u0105gu tego roku mamy pod\u0105\u017ca\u0107 ku dojrza\u0142emu zjednoczeniu z Bogiem i z drugim cz\u0142owiekiem.<\/p>\n<p>3. W czasie adwentowego oczekiwania zapraszam serdecznie wszystkich na Msze \u015awi\u0119te roratne. W naszym ko\u015bciele b\u0119d\u0105 one celebrowane we \u015brody i soboty o godz. 7.00, poprzedzone \u015bpiewem godzinek o godz. 6.45. Przynie\u015bmy ze sob\u0105 lampiony, aby ze \u015bwiat\u0142em w&nbsp;d\u0142oniach oczekiwa\u0107 przyj\u015bcia Pana.<\/p>\n<p>4. W Adwencie b\u0119dziemy tak\u017ce prze\u017cywali czas rekolekcji. W naszej wsp\u00f3lnocie b\u0119d\u0105 one mia\u0142y miejsce w dniach od 19 do 21 grudnia. Zaplanujmy tak nasze zaj\u0119cia, aby wzi\u0105\u0107 udzia\u0142 w spotkaniach rekolekcyjnych.<\/p>\n<p>5. W czwartek, 4 grudnia, przypada liturgiczne wspomnienie \u015awi\u0119tej Barbary, patronki g\u00f3rnik\u00f3w a &nbsp;sobot\u0119, 6 grudnia, przypada liturgiczne wspomnienie \u015awi\u0119tego Miko\u0142aja Biskupa<\/p>\n<p>6. W tym tygodniu przypada tak\u017ce pierwszy czwartek, pierwszy pi\u0105tek i pierwsza sobota miesi\u0105ca. W pi\u0105tek od godz. 16.00 adoracja Naj\u015bwi\u0119tszego Sakramentu<\/p>\n<p>7. Przysz\u0142a niedziela, 7 grudnia, w Ko\u015bciele b\u0119dzie obchodzona jako Dzie\u0144 Modlitwy i&nbsp;Pomocy Materialnej Ko\u015bcio\u0142owi na Wschodzie. Zbi\u00f3rka puszek.<\/p>\n<p>8. Dzisiaj taca ekonomiczna. W pa\u017adzierniku z\u0142o\u017cono 1446 z\u0142. B\u00f3g zap\u0142a\u0107.<\/p>\n<p>9. W listopadzie na remont coko\u0142u z\u0142o\u017cono 1700 z\u0142. Do tej pory z\u0142o\u017cono 41650 z\u0142. B\u00f3g zap\u0142a\u0107.<\/p>\n<p>10. &nbsp;W miniony pi\u0105tek dokonany zosta\u0142 cz\u0119\u015bciowy odbi\u00f3r prac przy cokole. Ca\u0142kowity koszt rob\u00f3t wyni\u00f3s\u0142 51 tys. z\u0142.<\/p>\n<p>11. &nbsp;Dzi\u0119kuj\u0119 za sprz\u0105tanie ko\u015bcio\u0142a rodzinom Tadeusz Radzio, Dariusz Wr\u00f3blewski, Artur \u017baboklicki z Wierzbna. W przysz\u0142ym tygodniu zapraszam rodziny Barbara Jachimowicz, Adam Jachimowicz, Krzysztof Chabiera z Wierzbna.<\/p>\n<p>12. &nbsp;Na stoliku wy\u0142o\u017cony jest nowy numer Echa katolickiego.<\/p>\n<p>13. Wszystkim solenizantom i jubilatom, kt\u00f3rzy b\u0119d\u0105 prze\u017cywali swoje \u015bwi\u0119to w najbli\u017cszych dniach, \u017cycz\u0119 Bo\u017cego b\u0142og. i obfito\u015bci Bo\u017cych \u0142ask.<\/p>\n<p>&nbsp;<\/p>\n<h4 style=\"text-align: center;\"><strong>JEZUSA CHRYSTUSA, KR\u00d3LA WSZECH\u015aWIATA<br \/>\n23 listopada 2025<br \/>\n<\/strong><strong>OG\u0141OSZENIA DUSZPASTERSKIE<\/strong><\/h4>\n<p>1. Dzisiaj przypada uroczysto\u015b\u0107 Jezusa Chrystusa, Kr\u00f3la Wszech\u015bwiata. Do kalendarza liturgicznego zosta\u0142a wprowadzona przez papie\u017ca Piusa XI w 1925 roku, na zako\u0144czenie przypadaj\u0105cego w\u00f3wczas Roku Jubileuszowego. W odnowionej liturgii Ko\u015bci\u00f3\u0142 obchodzi t\u0119 uroczysto\u015b\u0107 w ostatni\u0105 niedziel\u0119 roku ko\u015bcielnego dla podkre\u015blenia, \u017ce wszystko ma sw\u00f3j pocz\u0105tek i b\u0119dzie mia\u0142o swoje ukoronowanie w Chrystusie.<\/p>\n<p>2. Dzi\u015b po Mszy \u015awi\u0119tej&nbsp; wystawienie Naj\u015bwi\u0119tszego Sakramentu i&nbsp;odm\u00f3wimy Litani\u0119 do Naj\u015bwi\u0119tszego Serca Pana Jezusa oraz Akt po\u015bwi\u0119cenia rodzaju ludzkiego Sercu Pana Jezusa. Za udzia\u0142 w tym nabo\u017ce\u0144stwie mo\u017cemy uzyska\u0107 odpust zupe\u0142ny pod zwyk\u0142ymi warunkami.<\/p>\n<p>3. Dzisiejsza uroczysto\u015b\u0107 jest te\u017c \u015bwi\u0119tem patronalnym Akcji Katolickiej. To stowarzyszenie wiernych, a jego celem jest formacja duchowa, moralna, a tak\u017ce kulturalna.<\/p>\n<p>4. W ostatnim tygodniu listopada w naszym ko\u015bciele codziennie podczas modlitwy r\u00f3\u017ca\u0144cowej o godz. 17.30 polecamy naszych bliskich zmar\u0142ych. Porz\u0105dek r\u00f3\u017ca\u0144ca za zmar\u0142ych polecanych w wypominkach : w poniedzia\u0142ek z Jaworka, we wtorek z Sobonia, we \u015brod\u0119 ze \u015awidna , Adamowa, Wygl\u0119d\u00f3wka i spoza parafii, we czwartek z Wierzbna,&nbsp; w pi\u0105tek z Helenowa i Lasu Jaworskiego, w sobot\u0119 z Jan\u00f3wka i W\u00f3lki. W niedziel\u0119 o godz. 10.30 za zmar\u0142ych kap\u0142an\u00f3w, kt\u00f3rzy pracowali w naszej parafii.<\/p>\n<p>5. We czwartek na godz. 20.00 zapraszam Rad\u0119 Parafialn\u0105.<\/p>\n<p>6.Przysz\u0142a niedziela \u2013 ostatnia miesi\u0105ca. Taca ekonomiczna.<\/p>\n<p>7. Czas przygotowa\u0107 si\u0119 do Adwentu \u2013 okresu radosnego i pobo\u017cnego oczekiwania na przyj\u015bcie Pana Jezusa. W przysz\u0142\u0105 niedziel\u0119, 30 listopada, rozpoczniemy ten pi\u0119kny czas.<\/p>\n<p>8. &nbsp;W przysz\u0142\u0105 niedziel\u0119 po Mszy \u015bwi\u0119tej o godz. 11.00 spotkanie z uczniami kl. IV.<\/p>\n<p>9. Porz\u0105dek roznoszenia op\u0142atka : Czwartek od 14.00 Helen\u00f3w i Las Jaworski, pi\u0105tek od 13.00 Sobo\u0144, sobota od 9.00 Jan\u00f3wek a od 12. Wygl\u0119d\u00f3wek.<\/p>\n<p>10. &nbsp;Dzi\u0119kuj\u0119 za sprz\u0105tanie ko\u015bcio\u0142a rodzinom Roman Gog\u0142oza, Cezary Dudek&nbsp;, Miros\u0142aw Jachimowicz z Wierzbna. W przysz\u0142ym tygodniu zapraszam rodziny Tadeusz Radzio, Dariusz Wr\u00f3blewski, Artur \u017baboklicki z Wierzbna.<\/p>\n<p>11. &nbsp;Na stoliku wy\u0142o\u017cony jest nowy numer Echa katolickiego.<\/p>\n<p>12. Wszystkim solenizantom i jubilatom, kt\u00f3rzy b\u0119d\u0105 prze\u017cywali swoje \u015bwi\u0119to w najbli\u017cszych dniach, \u017cycz\u0119 Bo\u017cego b\u0142og. i obfito\u015bci Bo\u017cych \u0142ask.<\/p>\n<h4 style=\"text-align: center;\"><strong>TRZYDZIESTA TRZECIA NIEDZIELA W CI\u0104GU ROKU<br \/>\n16 listopada 2025<br \/>\n<\/strong><strong>OG\u0141OSZENIA DUSZPASTERSKIE<\/strong><\/h4>\n<p>1. Dzisiejsza niedziela w Ko\u015bciele powszechnym obchodzona jest jako \u015awiatowy Dzie\u0144 Ubogich. Papie\u017c Franciszek ustanowi\u0142 ten dzie\u0144 w listopadzie 2016 roku specjalnym Listem apostolskim \u201eMisericordia et Misera\u201d, napisanym na zako\u0144czenie Nadzwyczajnego Jubileuszowego Roku Mi\u0142osierdzia. Mo\u017ce i w naszym s\u0105siedztwie, okolicy s\u0105 osoby potrzebuj\u0105ce pomocy. Otw\u00f3rzmy nasze serca na ka\u017cd\u0105 ludzk\u0105 bied\u0119 i ch\u0119tnie w\u0142\u0105czmy si\u0119 w&nbsp;dzia\u0142alno\u015b\u0107 organizacji spo\u0142ecznych i ko\u015bcielnych.<\/p>\n<p>2. W pi\u0105tek, 21 listopada w liturgii wspominamy Ofiarowanie Naj\u015bwi\u0119tszej Maryi Panny. Gdy Maryja mia\u0142a 3 lata, rodzice, \u015awi\u0119ty Joachim i \u015awi\u0119ta Anna, oddali J\u0105 kap\u0142anowi Zachariaszowi, ojcu \u015awi\u0119tego Jana Chrzciciela, na wychowanie i nauk\u0119. Maryja pozosta\u0142a w&nbsp;\u015bwi\u0105tyni oko\u0142o 12 lat.<\/p>\n<p>3. Natomiast w sobot\u0119, 22 listopada, w liturgii wspominamy \u015awi\u0119t\u0105 Cecyli\u0119, dziewic\u0119 i&nbsp;m\u0119czennic\u0119, patronk\u0119 ch\u00f3rzyst\u00f3w, lutnik\u00f3w, muzyk\u00f3w, organist\u00f3w, ko\u015bcielnych zespo\u0142\u00f3w wokalno-muzycznych.<\/p>\n<p>4. Listopad tradycyjnie jest czasem modlitewnej pami\u0119ci o zmar\u0142ych. W naszym ko\u015bciele przez ca\u0142y listopad codziennie podczas modlitwy r\u00f3\u017ca\u0144cowej o godz. 17.30 polecamy naszych bliskich zmar\u0142ych. Porz\u0105dek r\u00f3\u017ca\u0144ca za zmar\u0142ych polecanych w wypominkach : w poniedzia\u0142ek z Jaworka, we wtorek z Sobonia, we \u015brod\u0119 ze \u015awidna , Adamowa, Wygl\u0119d\u00f3wka i spoza parafii, we czwartek z Wierzbna,&nbsp; w pi\u0105tek z Helenowa i Lasu Jaworskiego, w sobot\u0119 z Jan\u00f3wka i W\u00f3lki. W niedziel\u0119 o godz. 10.30 za zmar\u0142ych kap\u0142an\u00f3w, kt\u00f3rzy pracowali w naszej parafii.<\/p>\n<p>5. W przysz\u0142\u0105 niedziel\u0119 b\u0119dziemy go\u015bcili przedstawiciela WSD w Siedlcach. Ofiary sk\u0142adane na tac\u0119 b\u0119d\u0105 przeznaczone na seminarium.<\/p>\n<p>6. Tak\u017ce w przysz\u0142\u0105 niedziel\u0119 po Mszy \u015bwi\u0119tej o godz. 11.00 spotkanie z uczniami kl. I i II.<\/p>\n<p>7. Zbli\u017camy si\u0119 do ko\u0144ca roku liturgicznego. Przysz\u0142a niedziela, 23 listopada, to uroczysto\u015b\u0107 Jezusa Chrystusa, Kr\u00f3la Wszech\u015bwiata, ostatnia niedziela przed Adwentem.<\/p>\n<p>8. Od dzisiaj mamy dw\u00f3ch nowych radnych. P. Artur Szcz\u0119sny z Sobonia i p. Daniel Chabiera ze \u015awidna, kt\u00f3ry zast\u0105pi dotychczasow\u0105 radn\u0105 p. Ann\u0119 Jasi\u0144sk\u0105.<\/p>\n<p>9. &nbsp;Dzi\u0119kuj\u0119 za sprz\u0105tanie ko\u015bcio\u0142a rodzinom Daniel Turek, Andrzej Witowski, &nbsp;Henryka Miklaszewska, Teodozja Witowska z Wierzbna. W przysz\u0142ym tygodniu zapraszam rodziny Roman Gog\u0142oza, Cezary Dudek&nbsp;, Miros\u0142aw Jachimowicz z Wierzbna.<\/p>\n<p>10. &nbsp;Na stoliku wy\u0142o\u017cony jest nowy numer Echa katolickiego.<\/p>\n<p>11. Wszystkim solenizantom i jubilatom, kt\u00f3rzy b\u0119d\u0105 prze\u017cywali swoje \u015bwi\u0119to w najbli\u017cszych dniach, \u017cycz\u0119 Bo\u017cego b\u0142og. i obfito\u015bci Bo\u017cych \u0142ask.<\/p>\n<p>&nbsp;<\/p>\n<h4 style=\"text-align: center;\"><strong>ROCZNICA PO\u015aWI\u0118CENIA BAZYLIKI LATERA\u0143SKIEJ<br \/>\n9 listopada 2025<br \/>\n<\/strong><strong>OG\u0141OSZENIA DUSZPASTERSKIE<\/strong><\/h4>\n<p>1. W dzisiejsz\u0105 niedziel\u0119 przypada \u015bwi\u0119to Rocznicy Po\u015bwi\u0119cenia Bazyliki Latera\u0144skiej. Bazylika Latera\u0144ska jest katedr\u0105 biskupa Rzymu, czyli papie\u017ca, i matk\u0105 wszystkich ko\u015bcio\u0142\u00f3w \u015bwiata. Nawet kiedy wybudowano bazylik\u0119 nad grobem \u015awi\u0119tego Piotra Aposto\u0142a na Watykanie, Bazylika Latera\u0144ska zachowa\u0142a status katedry biskupa Rzymu. Do dzi\u015b nad wej\u015bciem do Bazyliki Latera\u0144skiej znajduje si\u0119 \u0142aci\u0144ski napis: \u201eMatka i G\u0142owa wszystkich ko\u015bcio\u0142\u00f3w Miasta i \u015awiata\u201d.<\/p>\n<p>2. W t\u0119 dzisiejsz\u0105 \u2013 drug\u0105 niedziel\u0119 listopada solidaryzujemy si\u0119 z Ko\u015bcio\u0142em prze\u015bladowanym w r\u00f3\u017cnych cz\u0119\u015bciach \u015bwiata. My cieszymy si\u0119 wolno\u015bci\u0105 religijn\u0105, mo\u017cemy swobodnie wyznawa\u0107 wiar\u0119 w Boga i okazywa\u0107 przywi\u0105zanie do Ko\u015bcio\u0142a. Nie mo\u017cemy jednak zapomina\u0107, \u017ce s\u0105 na \u015bwiecie kraje i narody, gdzie chrze\u015bcija\u0144stwo jest prze\u015bladowane. Wielu wyznawc\u00f3w Chrystusa p\u0142aci za wiar\u0119 najwy\u017csz\u0105 cen\u0119 \u2013 oddaje swoje \u017cycie. Ofiarujmy im dar modlitwy. Przed ko\u015bcio\u0142em zbi\u00f3rka do puszek na Ko\u015bci\u00f3\u0142 prze\u015bladowany.<\/p>\n<p>3. We wtorek, 11 listopada, b\u0119dziemy obchodzili \u015awi\u0119to Niepodleg\u0142o\u015bci. Pami\u0119tajmy o tych, kt\u00f3rzy przelewali swoj\u0105 krew i oddawali \u017cycie w obronie Ojczyzny. Niech w tych dniach nie zabraknie nas przy mogi\u0142ach \u017co\u0142nierzy z lat 1918-1920 i modlitewnej o nich pami\u0119ci. Msza \u015awi\u0119ta w intencji Ojczyzny o godz. 11.00.<\/p>\n<p>4. Listopad tradycyjnie jest czasem modlitewnej pami\u0119ci o zmar\u0142ych. Polecajmy ich Bo\u017cemu mi\u0142osierdziu w osobistych i wsp\u00f3lnych rodzinnych modlitwach. W naszym ko\u015bciele przez ca\u0142y listopad codziennie podczas modlitwy r\u00f3\u017ca\u0144cowej o godz. 17.30 polecamy naszych bliskich zmar\u0142ych. Porz\u0105dek r\u00f3\u017ca\u0144ca za zmar\u0142ych polecanych w wypominkach : w poniedzia\u0142ek z Jaworka, we wtorek z Sobonia, we \u015brod\u0119 ze \u015awidna , Adamowa, Wygl\u0119d\u00f3wka i spoza parafii, we czwartek z Wierzbna,&nbsp; w pi\u0105tek z Helenowa i Lasu Jaworskiego, w sobot\u0119 z Jan\u00f3wka i W\u00f3lki. W niedziel\u0119 o godz. 10.30 za zmar\u0142ych kap\u0142an\u00f3w, kt\u00f3rzy pracowali w naszej parafii.<\/p>\n<p>5. W sobot\u0119 po Mszy \u015bwi\u0119tej i r\u00f3\u017ca\u0144cu spotkanie z kandydatami do bierzmowania.<\/p>\n<p>6. Przysz\u0142a niedziela, 16 listopada, w ca\u0142ym Ko\u015bciele powszechnym b\u0119dzie obchodzona jako \u015awiatowy Dzie\u0144 Ubogich. Ofiary sk\u0142adane na tac\u0119 s\u0105 przeznaczone na Caritas.<\/p>\n<p>7. W przysz\u0142\u0105 niedziel\u0119 po Mszy \u015bwi\u0119tej o godz. 11.00 spotkanie z rodzicami dzieci kl. III.<\/p>\n<p>8. . &nbsp;Dzi\u0119kuj\u0119 za sprz\u0105tanie ko\u015bcio\u0142a rodzinom Jacek Lipi\u0144ski, S\u0142awomir Bergier, Marek Bergier, Alfred Krasuski, Leszek Kodym&nbsp; ze \u015awidna. W przysz\u0142ym tygodniu zapraszam rodziny Roman Gog\u0142oza, Adam Witowski, &nbsp;Henryka Miklaszewska, Teodozja Witowska z Wierzbna.<\/p>\n<p>9. &nbsp;Na stoliku wy\u0142o\u017cony jest nowy numer Echa katolickiego.<\/p>\n<p>10. Wszystkim solenizantom i jubilatom, kt\u00f3rzy b\u0119d\u0105 prze\u017cywali swoje \u015bwi\u0119to w najbli\u017cszych dniach, \u017cycz\u0119 Bo\u017cego b\u0142og. i obfito\u015bci Bo\u017cych \u0142ask.<\/p>\n<h4 style=\"text-align: center;\"><strong>WSPOMNIENIE WSZYSTKICH WIERNYCH ZMAR\u0141YCH<br \/>\n2 listopada 2025<br \/>\n<\/strong><strong>OG\u0141OSZENIA DUSZPASTERSKIE<\/strong><\/h4>\n<p>1. W dzisiejsz\u0105 niedziel\u0119 przypada wspomnienie Wszystkich Wiernych Zmar\u0142ych, tak zwany Dzie\u0144 Zaduszny. Pami\u0119tajmy, \u017ce nie ma \u201e\u015bwi\u0119ta zmar\u0142ych\u201d. W drugim dniu listopada Ko\u015bci\u00f3\u0142 wspomina Wszystkich Wiernych Zmar\u0142ych. Blisko\u015b\u0107 uroczysto\u015bci Wszystkich \u015awi\u0119tych i wspomnienie Wszystkich Wiernych Zmar\u0142ych nie jest przypadkowa. Stanowimy bowiem jeden Ko\u015bci\u00f3\u0142: my jeste\u015bmy jeszcze Ko\u015bcio\u0142em pielgrzymuj\u0105cym do nieba i&nbsp;walcz\u0105cym z grzechem; \u015bwi\u0119ci s\u0105 Ko\u015bcio\u0142em tryumfuj\u0105cym, a zmarli przebywaj\u0105cy w&nbsp;czy\u015b\u0107cu s\u0105 Ko\u015bcio\u0142em oczyszczaj\u0105cym si\u0119. Modl\u0105c si\u0119 za zmar\u0142ych, pomagamy tym, kt\u00f3rzy pokutuj\u0105 w czy\u015b\u0107cu. Ofiarujmy im dar modlitwy, aby jak najszybciej mogli przebywa\u0107 blisko Ojca w niebie.<\/p>\n<p>2. Przypominam, \u017ce przez osiem pierwszych dni listopada (do 8 listopada) duszom w czy\u015b\u0107cu mo\u017cemy ofiarowa\u0107 wielki dar \u2013 odpust zupe\u0142ny za pobo\u017cne nawiedzenie cmentarza i&nbsp;zm\u00f3wienie modlitwy w ich intencji oraz spe\u0142nienie pozosta\u0142ych zwyk\u0142ych warunk\u00f3w odpustu, to znaczy: stan \u0142aski u\u015bwi\u0119caj\u0105cej, brak przywi\u0105zania do jakiegokolwiek grzechu, przyj\u0119cie Komunii \u015awi\u0119tej, odm\u00f3wienie modlitwy w intencjach wyznaczonych przez papie\u017ca. Starajmy si\u0119 by\u0107 przy nich cz\u0119\u015bciej i m\u00f3dlmy si\u0119 za nich. Oni odwdzi\u0119cz\u0105 si\u0119 nam swoimi modlitwami i swoim wstawiennictwem przed Bogiem. Porz\u0105dek r\u00f3\u017ca\u0144ca za zmar\u0142ych polecanych w wypominkach : w poniedzia\u0142ek z Jaworka, we wtorek z Sobonia, we \u015brod\u0119 ze \u015awidna , Adamowa, Wygl\u0119d\u00f3wka i spoza parafii, we czwartek z Wierzbna,&nbsp; w pi\u0105tek z Helenowa i Lasu Jaworskiego, w sobot\u0119 z Jan\u00f3wka i W\u00f3lki.<\/p>\n<p>3. W tym tygodniu przypada Pierwszy Czwartek i Pierwszy Pi\u0105tek miesi\u0105ca. W Pierwszy Czwartek (6 listopada) b\u0119dziemy dzi\u0119kowali Panu Bogu za dar Eucharystii, b\u0119dziemy si\u0119 te\u017c modlili o liczne i&nbsp;\u015bwi\u0119te powo\u0142ania kap\u0142a\u0144skie i&nbsp;zakonne. W Pierwszy Pi\u0105tek (7 listopada) b\u0119dzie szczeg\u00f3lna okazja do oddania czci Naj\u015bwi\u0119tszemu Sercu Pana Jezusa. Adoracja Naj\u015bwi\u0119tszego Sakramentu od godz. 16.00.<\/p>\n<p>4. W przysz\u0142\u0105 niedziel\u0119, 9 listopada, b\u0119dziemy \u015bwi\u0119towa\u0107 Rocznic\u0119 Po\u015bwi\u0119cenia Bazyliki Latera\u0144skiej. Bazylika Latera\u0144ska jest katedr\u0105 Rzymu i matk\u0105 wszystkich ko\u015bcio\u0142\u00f3w \u015bwiata. Do dzi\u015b nad wej\u015bciem do Bazyliki Latera\u0144skiej znajduje si\u0119 \u0142aci\u0144ski napis: \u201eMatka i&nbsp;G\u0142owa wszystkich ko\u015bcio\u0142\u00f3w Miasta i \u015awiata\u201d.<\/p>\n<p>5. W przysz\u0142\u0105 niedziel\u0119 po Mszy \u015bwi\u0119tej o godz. 9.00 zmiana tajemnic r\u00f3\u017ca\u0144ca dla rodzic\u00f3w modl\u0105cych si\u0119 za dzieci, o 10.30 r\u00f3\u017caniec za zmar\u0142ych polecanych w wypominkach z Jaworka, a po Mszy \u015bwi\u0119tej o godz. 11.00 zmiana tajemnic r\u00f3\u017ca\u0144ca dla K\u017bR m\u0119\u017cczyzn.<\/p>\n<p>6. Przysz\u0142\u0105 niedziel\u0119 b\u0119dziemy prze\u017cywali jako Dzie\u0144 Solidarno\u015bci z Ko\u015bcio\u0142em Prze\u015bladowanym. Zbi\u00f3rka do puszek.<\/p>\n<p>7. W pa\u017adzierniku na remont ko\u015bcio\u0142a z\u0142o\u017cono 6100 z\u0142. B\u00f3g zap\u0142a\u0107.<\/p>\n<p>8. . &nbsp;Dzi\u0119kuj\u0119 za sprz\u0105tanie ko\u015bcio\u0142a rodzinom Zenon \u0141abarzewski, J\u00f3zef Sobiepanek, Krzysztof Chabiera, Daniel Chabiera ze \u015awidna. W przysz\u0142ym tygodniu zapraszam rodziny Jacek Lipi\u0144ski, S\u0142awomir Bergier, Marek Bergier, Alfred Krasuski, Leszek Kodym&nbsp; ze \u015awidna.<\/p>\n<p>9. &nbsp;Na stoliku wy\u0142o\u017cony jest nowy numer Echa katolickiego, kalendarze z wie\u0144cami i misyjne w cenie 12 z\u0142.<\/p>\n<p>10. Wszystkim solenizantom i jubilatom, kt\u00f3rzy b\u0119d\u0105 prze\u017cywali swoje \u015bwi\u0119to w najbli\u017cszych dniach, \u017cycz\u0119 Bo\u017cego b\u0142og. i obfito\u015bci Bo\u017cych \u0142ask.<\/p>\n<p>11. W tym tygodniu z naszej wsp\u00f3lnoty odesz\u0142a do wieczno\u015bci + Emilia Zofia Kornatko l. 90 pochodz\u0105ca z Wierzbna. Wieczny odpoczynek racz jej da\u0107 Panie\u2026.<\/p>\n","protected":false},"excerpt":{"rendered":"<p>Powr\u00f3t do listy og\u0142osze\u0144 PIERWSZA NIEDZIELA ADWENTU 30 listopada 2025 OG\u0141OSZENIA DUSZPASTERSKIE 1. Dzisiejsz\u0105 niedziel\u0105 rozpoczynamy kolejny Adwent, czas radosnego oczekiwania i&nbsp;przygotowania na przyj\u015bcie Chrystusa. Wykorzystajmy dobrze ten czas na s\u0142uchanie s\u0142owa Bo\u017cego oraz wchodzenie w tajemnic\u0119 blisko\u015bci Boga, kt\u00f3ry przychodzi jako Emmanuel \u2013 B\u00f3g z nami. 2. Adwent rozpoczyna nowy rok liturgiczny i duszpasterski 2025\/2026. Has\u0142o programu duszpasterskiego dla Ko\u015bcio\u0142a w Polsce na ten rok brzmi: \u201eUczniowie \u2013 misjonarze\u201d. W ci\u0105gu tego roku mamy pod\u0105\u017ca\u0107 ku dojrza\u0142emu zjednoczeniu z Bogiem i z drugim cz\u0142owiekiem. 3. W czasie adwentowego oczekiwania zapraszam serdecznie wszystkich na Msze \u015awi\u0119te roratne. W naszym ko\u015bciele b\u0119d\u0105 one celebrowane we \u015brody i soboty o godz. 7.00, poprzedzone \u015bpiewem godzinek o godz. 6.45. Przynie\u015bmy ze sob\u0105 lampiony, aby ze \u015bwiat\u0142em w&nbsp;d\u0142oniach oczekiwa\u0107 przyj\u015bcia Pana. 4. W Adwencie b\u0119dziemy tak\u017ce prze\u017cywali czas rekolekcji. W naszej wsp\u00f3lnocie b\u0119d\u0105 one mia\u0142y miejsce w dniach od 19 do 21 grudnia. Zaplanujmy \u2026 <a class=\"continue-reading-link\" href=\"https:\/\/www.parafiawierzbno.com.pl\/?page_id=11413\">Czytaj dalej <span class=\"meta-nav\">&rarr; <\/span><\/a><\/p>\n","protected":false},"author":1,"featured_media":0,"parent":225,"menu_order":0,"comment_status":"closed","ping_status":"closed","template":"","meta":{"ngg_post_thumbnail":0},"_links":{"self":[{"href":"https:\/\/www.parafiawierzbno.com.pl\/index.php?rest_route=\/wp\/v2\/pages\/11413"}],"collection":[{"href":"https:\/\/www.parafiawierzbno.com.pl\/index.php?rest_route=\/wp\/v2\/pages"}],"about":[{"href":"https:\/\/www.parafiawierzbno.com.pl\/index.php?rest_route=\/wp\/v2\/types\/page"}],"author":[{"embeddable":true,"href":"https:\/\/www.parafiawierzbno.com.pl\/index.php?rest_route=\/wp\/v2\/users\/1"}],"replies":[{"embeddable":true,"href":"https:\/\/www.parafiawierzbno.com.pl\/index.php?rest_route=%2Fwp%2Fv2%2Fcomments&post=11413"}],"version-history":[{"count":7,"href":"https:\/\/www.parafiawierzbno.com.pl\/index.php?rest_route=\/wp\/v2\/pages\/11413\/revisions"}],"predecessor-version":[{"id":11426,"href":"https:\/\/www.parafiawierzbno.com.pl\/index.php?rest_route=\/wp\/v2\/pages\/11413\/revisions\/11426"}],"up":[{"embeddable":true,"href":"https:\/\/www.parafiawierzbno.com.pl\/index.php?rest_route=\/wp\/v2\/pages\/225"}],"wp:attachment":[{"href":"https:\/\/www.parafiawierzbno.com.pl\/index.php?rest_route=%2Fwp%2Fv2%2Fmedia&parent=11413"}],"curies":[{"name":"wp","href":"https:\/\/api.w.org\/{rel}","templated":true}]}}