{"id":11430,"date":"2025-12-08T15:02:53","date_gmt":"2025-12-08T14:02:53","guid":{"rendered":"https:\/\/www.parafiawierzbno.com.pl\/?page_id=11430"},"modified":"2025-12-29T10:15:55","modified_gmt":"2025-12-29T09:15:55","slug":"ogloszenia-grudzien-2025","status":"publish","type":"page","link":"https:\/\/www.parafiawierzbno.com.pl\/?page_id=11430","title":{"rendered":"Og\u0142oszenia &#8211; Grudzie\u0144 2025"},"content":{"rendered":"<p><a title=\"Og\u0142oszenia parafialne\" href=\"https:\/\/www.parafiawierzbno.com.pl\/?page_id=225\">Powr\u00f3t do listy og\u0142osze\u0144<\/a><\/p>\n<h4 style=\"text-align: center;\"><strong>NIEDZIELA \u015aWI\u0118TEJ RODZINY: JEZUSA, MARYI I J\u00d3ZEFA<br \/>\n28 grudnia 2025<br \/>\n<\/strong><strong>OG\u0141OSZENIA DUSZPASTERSKIE<\/strong><\/h4>\n<p>1. Dzisiejsza, ostatnia niedziela 2025 roku, jest \u015bwi\u0119tem \u015awi\u0119tej Rodziny Nazareta\u0144skiej: Jezusa, Maryi i J\u00f3zefa. Wpatruj\u0105c si\u0119 w \u015awi\u0119t\u0105 Rodzin\u0119, \u0142atwiej zrozumiemy nasze powo\u0142anie do \u017cycia w rodzinie. Ona jest wzorem dla naszych rodzin. Pami\u0119tajmy, \u017ce zadaniem ka\u017cdego chrze\u015bcijanina jest przede wszystkim troska o w\u0142asne zbawienie. Dla wszystkich powo\u0142anych do \u017cycia ma\u0142\u017ce\u0144skiego i rodzinnego ta troska wyra\u017ca si\u0119 przez dobre i przyk\u0142adne, godne \u017cycie w rodzinie i poprzez rodzin\u0119. Pro\u015bmy Pana Boga, aby w tych nie\u0142atwych czasach i&nbsp;mimo zagro\u017ce\u0144 nasze rodziny stawa\u0142y si\u0119 prawdziwym domowym Ko\u015bcio\u0142em.<\/p>\n<p>2. Dzisiaj taca ekonomiczna. W listopadzie z\u0142o\u017cono 1007 z\u0142. B\u00f3g zap\u0142a\u0107.<\/p>\n<p>3. W \u015brod\u0119, 31 grudnia, podczas specjalnego nabo\u017ce\u0144stwa dzi\u0119kczynno-przeb\u0142agalnego w&nbsp;naszym ko\u015bciele, kt\u00f3re b\u0119dziemy celebrowali o godz. 15.00, podzi\u0119kujemy Bogu \u2013 dobremu Ojcu, za miniony czas i za otrzymane dobro. Przeprosimy za pope\u0142nione grzechy. B\u0119dziemy r\u00f3wnie\u017c prosi\u0107 o b\u0142ogos\u0142awie\u0144stwo nad nami, naszymi rodzinami i nad nasz\u0105 Ojczyzn\u0105. Za publiczne od\u015bpiewanie hymnu \u201eCiebie, Boga, wys\u0142awiamy\u201d podczas tego nabo\u017ce\u0144stwa b\u0119dzie mo\u017cna uzyska\u0107 odpust zupe\u0142ny.<\/p>\n<p>4. W najbli\u017cszy czwartek, 1 stycznia, z Maryj\u0105 \u2013 Bo\u017c\u0105 Rodzicielk\u0105 wejdziemy w Nowy Rok Pa\u0144ski 2026. Tego dnia w szczeg\u00f3lny spos\u00f3b b\u0119dziemy modlili si\u0119 o pok\u00f3j na \u015bwiecie. Porz\u0105dek Mszy \u015awi\u0119tych w naszym ko\u015bciele jak w ka\u017cdy dzie\u0144 \u015bwi\u0105teczny: 9.00 i 11.00.<\/p>\n<p>5. W tym tygodniu przypada tak\u017ce pierwszy czwartek, pierwszy pi\u0105tek i pierwsza sobota miesi\u0105ca. W pierwszy czwartek b\u0119dziemy dzi\u0119kowali Panu Bogu za dar Eucharystii, b\u0119dziemy si\u0119 te\u017c modlili o liczne i&nbsp;\u015bwi\u0119te powo\u0142ania kap\u0142a\u0144skie i&nbsp;zakonne. Po Mszy \u015bwi\u0119tej o godz. 11.00 nabo\u017ce\u0144stwo pierwszo czwartkowe. W pierwszy pi\u0105tek &nbsp;oddamy cze\u015b\u0107 Naj\u015bwi\u0119tszemu Sercu Pana Jezusa. Adoracja Naj\u015bwi\u0119tszego Sakramentu od godz. 16.00. W pierwsz\u0105 sobot\u0119 (3 stycznia) oddamy cze\u015b\u0107 Niepokalanemu Sercu Naj\u015bwi\u0119tszej Maryi Panny.<\/p>\n<p>6. Przysz\u0142a niedziela I-wsza miesi\u0105ca. Po Mszy \u015bwi\u0119tej o godz. 11.00 nabo\u017ce\u0144stwo adoracyjne.<\/p>\n<p>7. Dzi\u0119kuj\u0119 za przygotowanie dekoracji \u015bwi\u0105tecznej. A p. Stanis\u0142awowi Abramowskiemu za podarowanie choinek do ko\u015bcio\u0142a.<\/p>\n<p>8. W naszej parafii rozpoczynaj\u0105 si\u0119 odwiedziny duszpasterskie \u2013 kol\u0119da. Plan kol\u0119dy na ten tydzie\u0144 jest nast\u0119puj\u0105cy: poniedzia\u0142ek Helen\u00f3w, wtorek Las Jaworski, sobota Sobo\u0144. Pocz\u0105tek o godz. 9.30.<\/p>\n<p>9. &nbsp;Dzi\u0119kuj\u0119 za sprz\u0105tanie ko\u015bcio\u0142a rodzinom, Krzysztof Chabiera, Eugeniusz Kudelski, Adam Florowski z Wierzbna. W przysz\u0142ym tygodniu zapraszam rodziny Mieczys\u0142awa Jachimowicz, Jan Ko\u015bciesza, Andrzej Staniszewski, W\u0142odzimierz Komorowski zWierzbna.<\/p>\n<p>10. &nbsp;Na stoliku wy\u0142o\u017cony jest nowy numer Echa katolickiego wraz z kalendarzem.<\/p>\n<p>11. Wszystkim solenizantom i jubilatom, kt\u00f3rzy b\u0119d\u0105 prze\u017cywali swoje \u015bwi\u0119to w najbli\u017cszych dniach, \u017cycz\u0119 Bo\u017cego b\u0142og. i obfito\u015bci Bo\u017cych \u0142ask.<\/p>\n<h4 style=\"text-align: center;\"><strong>CZWARTA NIEDZIELA ADWENTU<br \/>\n21 grudnia 2025<br \/>\n<\/strong><strong>OG\u0141OSZENIA DUSZPASTERSKIE<\/strong><\/h4>\n<p>1. Dzi\u015b czwarta niedziela Adwentu, a w najbli\u017cszych dniach b\u0119dziemy prze\u017cywali uroczysto\u015b\u0107 Narodzenia Pa\u0144skiego. W&nbsp;najbli\u017csz\u0105 \u015brod\u0119 przypada Wigilia i po niej kolejne \u015bwi\u0105teczne dni. Czy do ich prze\u017cywania jeste\u015bmy dobrze, po chrze\u015bcija\u0144sku przygotowani? Narodzenie Dzieci\u0105tka Jezus powinni\u015bmy \u015bwi\u0119towa\u0107 rado\u015bnie i z czystym sercem. Niech to b\u0119dzie prze\u017cycie religijne. Pami\u0119tajmy, \u017ce to B\u00f3g wkracza w nasz\u0105 histori\u0119 i nadaje naszemu \u017cyciu wymiar Bo\u017cy. Pami\u0119tajmy, \u017ce S\u0142owo, kt\u00f3re sta\u0142o si\u0119 Cia\u0142em, jest ci\u0105gle po\u015br\u00f3d nas, zamieszka\u0142o mi\u0119dzy nami i&nbsp;nieustannie uzdalnia nas do niesienia Dobrej Nowiny innym.<\/p>\n<p>2. Dzi\u0119kuj\u0119 ks. Tomaszowi Kosteckiemu za przyj\u0119cie zaproszenia i poprowadzenia rekolekcji.<\/p>\n<p>3. Liturgiczny obch\u00f3d pami\u0105tki narodzenia Chrystusa rozpoczniemy od Pasterki, czyli Mszy \u015awi\u0119tej sprawowanej o p\u00f3\u0142nocy, 24 grudnia. Pasterk\u0119 poprzedzi \u015bpiewanie kol\u0119d od godz. 23.30. Wcze\u015bniej w&nbsp;naszych domach, wsp\u00f3lnotach rodzinnych zadbajmy o tradycyjn\u0105, chrze\u015bcija\u0144sk\u0105 opraw\u0119 wigilijnej wieczerzy. Niech to b\u0119dzie okazja, mo\u017ce jedyna w roku, do pojednania, zgody, wyci\u0105gni\u0119cia przyjaznej d\u0142oni do kogo\u015b spo\u015br\u00f3d bliskich, znajomych, w s\u0105siedztwie. Niech wigilijnej wieczerzy towarzysz\u0105 wsp\u00f3lna modlitwa, lektura fragmentu Pisma \u015awi\u0119tego o&nbsp;narodzeniu Zbawiciela \u015bwiata (Ewangelia wg \u015bw. \u0141ukasza), \u0142amanie si\u0119 op\u0142atkiem, wsp\u00f3lny \u015bpiew kol\u0119d i pastora\u0142ek. Nie podawajmy na wigilijny st\u00f3\u0142 alkoholu, tradycyjnie zachowajmy te\u017c wstrzemi\u0119\u017aliwo\u015b\u0107 od potraw mi\u0119snych. Przy wigilijnym stole pami\u0119tajmy o ubogich i samotnych. Zakorzenione w naszej tradycji dodatkowe miejsce przy stole wcale nie musi pozosta\u0107 puste Pami\u0119ci\u0105 obejmijmy r\u00f3wnie\u017c tych, kt\u00f3rzy ju\u017c od nas odeszli do domu Ojca, a \u017cyli z nami, kochali nas i dla nas si\u0119 trudzili.<\/p>\n<p>4. We \u015brod\u0119 o godz. 7.00 ostatnia Msza \u015bwi\u0119ta roratnia poprzedzona \u015bpiewem godzinek.<\/p>\n<p>5. Msze \u015bwi\u0119te w pierwszy i drugi dzie\u0144 \u015bwi\u0105t o godz. 9.00 i 11.00.<\/p>\n<p>6. W drugi dzie\u0144 Narodzenia Pa\u0144skiego, w pi\u0105tek 26 grudnia, obchodzimy \u015bwi\u0119to \u015awi\u0119tego Szczepana, pierwszego m\u0119czennika. Z uwagi na przypadaj\u0105c\u0105 w tym czasie oktaw\u0119 Narodzenia Pa\u0144skiego w tym dniu nie obowi\u0105zuje wstrzemi\u0119\u017aliwo\u015b\u0107 od pokarm\u00f3w mi\u0119snych \u2013 mamy dyspens\u0119. Taca na budow\u0119 ko\u015bcio\u0142\u00f3w w naszej diecezji. B\u0142ogos\u0142awie\u0144stwo owsa.<\/p>\n<p>7. A w przysz\u0142\u0105 niedziel\u0119, 28 grudnia, b\u0119dziemy celebrowali \u015bwi\u0119to \u015awi\u0119tej Rodziny: Jezusa, Maryi i&nbsp;J\u00f3zefa. Przez wstawiennictwo \u015awi\u0119tej Rodziny podczas Mszy \u015awi\u0119tych b\u0119dziemy prosili o \u015bwi\u0119to\u015b\u0107 i pok\u00f3j w naszych rodzinach.<\/p>\n<p>8. Przysz\u0142a niedziela ostatnia miesi\u0105ca \u2013 taca ekonomiczna.<\/p>\n<p>9. &nbsp;Dzi\u0119kuj\u0119 za sprz\u0105tanie ko\u015bcio\u0142a rodzinom, Rafa\u0142 Miklaszewski , Agnieszka Pniewska, Bo\u017cena Chabiera z Wierzbna. W przysz\u0142ym tygodniu zapraszam rodziny Krzysztof Chabiera, Eugeniusz Kudelski, Adam Florowski z Wierzbna.<\/p>\n<p>10. Wszystkim solenizantom i jubilatom, kt\u00f3rzy b\u0119d\u0105 prze\u017cywali swoje \u015bwi\u0119to w najbli\u017cszych dniach, \u017cycz\u0119 Bo\u017cego b\u0142og. i obfito\u015bci Bo\u017cych \u0142ask.<\/p>\n<h4 style=\"text-align: center;\"><strong>TRZECIA NIEDZIELA ADWENTU<br \/>\n14 grudnia 2025<br \/>\n<\/strong><strong>OG\u0141OSZENIA DUSZPASTERSKIE<\/strong><\/h4>\n<p>1. W tym tygodniu, od \u015brody, 17 grudnia, rozpoczniemy okres bezpo\u015bredniego przygotowania do uroczysto\u015bci Narodzenia Pa\u0144skiego. Zastan\u00f3wmy si\u0119, jak prze\u017cywamy ten \u015bwi\u0119ty czas? Mo\u017ce to w\u0142a\u015bciwy moment na korekt\u0119 naszego post\u0119powania, na pojednanie si\u0119 z Panem Bogiem i bli\u017animi przez szczer\u0105 spowied\u017a. Ko\u015bci\u00f3\u0142 przychodzi nam z pomoc\u0105 jako szafarz Bo\u017cego mi\u0142osierdzia oraz przez pi\u0119kno i bogactwo adwentowej liturgii. Wykorzystajmy ten czas na szczeg\u00f3lne pog\u0142\u0119bienie wi\u0119zi z domownikami oraz z naszym Ko\u015bcio\u0142em parafialnym, w kt\u00f3rym uczymy si\u0119 przyja\u017ani z Panem Bogiem.<\/p>\n<p>2. Trzeci\u0105 niedziel\u0119 Adwentu nazywamy niedziel\u0105 Gaudete \u2013 \u201eRadujcie si\u0119!\u201d, od s\u0142\u00f3w z Listu \u015awi\u0119tego Paw\u0142a do Filipian (Flp 4,4-5): \u201eRadujcie si\u0119 zawsze w Panu, raz jeszcze powtarzam: radujcie si\u0119! Pan jest blisko\u201d.<\/p>\n<p>3. Dzisiaj rozpoczynamy te\u017c kwartalne dni modlitw o chrze\u015bcija\u0144skie \u017cycie rodzin. Nie lekcewa\u017cmy wsp\u00f3\u0142czesnych zagro\u017ce\u0144 i zorganizowanych atak\u00f3w wrog\u00f3w rodziny. Trosce o trudn\u0105 codzienno\u015b\u0107 naszych rodzin niech towarzyszy modlitwa, tak\u017ce ta wsp\u00f3lnotowa domowego Ko\u015bcio\u0142a.<\/p>\n<p>4. Przygotowuj\u0105c si\u0119 do \u015bwi\u0105t Bo\u017cego Narodzenia, pami\u0119tajmy o naszych chrze\u015bcija\u0144skich i&nbsp;narodowych tradycjach. Niech nie zabraknie w naszych domach pob\u0142ogos\u0142awionego wcze\u015bniej w ko\u015bciele wigilijnego op\u0142atka i p\u0142on\u0105cej \u015bwiecy Caritas. Wielu chcia\u0142oby wykre\u015bli\u0107 z nich Pana Jezusa, a \u015bwi\u0119ta ograniczy\u0107 do rozrywki i sto\u0142u.<\/p>\n<p>5. Z Maryj\u0105 pod\u0105\u017camy adwentow\u0105 drog\u0105, przygotowuj\u0105c si\u0119 na przyj\u0119cie niezwyk\u0142ego daru \u2013 narodzenia Syna Bo\u017cego \u2013 naszego Odkupiciela, kt\u00f3ry na nowo otwiera nam bramy nieba. Nie zmarnujmy tego daru i w trosce o zbawienie w\u0142asnej duszy ws\u0142uchajmy si\u0119 w to, co podpowiada nam S\u0142u\u017cebnica Pa\u0144ska. Msza \u015awi\u0119ta roratnia we \u015brod\u0119 o godz. 7.00 poprzedzona \u015bpiewem godzinek o godz. 6.45. a w sobot\u0119 o godz. 10.00.<\/p>\n<p>6. W&nbsp; tym tygodniu b\u0119dziemy prze\u017cywali nasze parafialne rekolekcje, kt\u00f3re poprowadzi ks. dr Tomasz Kostecki, dyrektor Bursy w Siedlcach. Msze \u015bwi\u0119te w pi\u0105tek i sobot\u0119 o godz. 10.00; 12.00 i 17.00. W sobot\u0119 na godz. 16.30zapraszam kandydat\u00f3w na nabo\u017ce\u0144stwo pokutne. W niedziel\u0119 zako\u0144czenie rekolekcji. Ofiary sk\u0142adane na tac\u0119 b\u0119d\u0105 przeznaczone do dyspozycji Ksi\u0119dza rekolekcjonisty.<\/p>\n<p>7. We \u015brod\u0119 17.12 o godz. 17.00 odb\u0119dzie si\u0119 spotkanie informacyjne dotycz\u0105ce programu Czyste powietrze w Urz\u0119dzie Gminy w Sali konferencyjnej.<\/p>\n<p>8. Na o\u0142tarzu bocznym wystawione s\u0105 \u015bwiece Wigilijnego Dzie\u0142a Pomocy Dzieciom w cenie 10; 15; &nbsp;i 30 z\u0142.<\/p>\n<p>9. &nbsp;Dzi\u0119kuj\u0119 za sprz\u0105tanie ko\u015bcio\u0142a rodzinom, Witold Kujawa, z Wierzbna. W przysz\u0142ym tygodniu zapraszam rodziny Waldemar Jachimowicz, Agnieszka Pniewska, Bo\u017cena Chabiera z Wierzbna.<\/p>\n<p>10. &nbsp;Na stoliku wy\u0142o\u017cony jest nowy numer Echa katolickiego.<\/p>\n<p>11. Wszystkim solenizantom i jubilatom, kt\u00f3rzy b\u0119d\u0105 prze\u017cywali swoje \u015bwi\u0119to w najbli\u017cszych dniach, \u017cycz\u0119 Bo\u017cego b\u0142og. i obfito\u015bci Bo\u017cych \u0142ask.<\/p>\n<h4 style=\"text-align: center;\"><strong>DRUGA NIEDZIELA ADWENTU<br \/>\n7 grudnia 2025<br \/>\n<\/strong><strong>OG\u0141OSZENIA DUSZPASTERSKIE<\/strong><\/h4>\n<p>1. Dzi\u015b druga niedziela Adwentu. Trwamy w radosnym czasie oczekiwania na spotkanie z&nbsp;Panem. Dzisiejsza niedziela jest jednocze\u015bnie szczeg\u00f3lnym \u2013 ju\u017c dwudziestym sz\u00f3stym z&nbsp;kolei \u2013 Dniem Modlitwy i Pomocy Materialnej Ko\u015bcio\u0142owi na Wschodzie. Do puszek przed ko\u015bcio\u0142em sk\u0142adamy ofiary na pomoc Ko\u015bcio\u0142owi w by\u0142ych krajach Zwi\u0105zku Sowieckiego. Zwa\u017cywszy na warunki wojny i biedy, w jakich \u017cyj\u0105 tam katolicy, polecam ten wa\u017cny cel ofiarno\u015bci Parafian.<\/p>\n<p>2. Z Maryj\u0105 pod\u0105\u017camy adwentow\u0105 drog\u0105, przygotowuj\u0105c si\u0119 na przyj\u0119cie niezwyk\u0142ego daru \u2013 narodzenia Syna Bo\u017cego \u2013 naszego Odkupiciela, kt\u00f3ry na nowo otwiera nam bramy nieba. Nie zmarnujmy tego daru i w trosce o zbawienie w\u0142asnej duszy ws\u0142uchajmy si\u0119 w to, co podpowiada nam S\u0142u\u017cebnica Pa\u0144ska. Msza \u015awi\u0119ta roratnej o godz. 7.00 poprzedzona \u015bpiewem godzinek o godz. 6.45.<\/p>\n<p>3. W najbli\u017cszy poniedzia\u0142ek, 8 grudnia, przypada uroczysto\u015b\u0107 Niepokalanego Pocz\u0119cia Naj\u015bwi\u0119tszej Maryi Panny. Tego dnia pochylimy si\u0119 nad tajemnic\u0105 wiary, kt\u00f3ra m\u00f3wi, \u017ce Pan B\u00f3g, wybieraj\u0105c Maryj\u0119 na Matk\u0119 swego Syna, zachowa\u0142 J\u0105 od grzechu pierworodnego. Tego uroczystego dnia w naszym ko\u015bciele b\u0119d\u0105 sprawowane Msze \u015awi\u0119te o godz. 9.00 i 17.00. Na Mszy \u015bwi\u0119tej o godz. 17.00 b\u0142ogos\u0142awie\u0144stwo medalik\u00f3w dla dzieci z kl. III.<\/p>\n<p>4 W tych dniach wspominamy bolesne do\u015bwiadczenia z naszej najnowszej historii (13&nbsp;grudnia 1981 roku wprowadzono stan wojenny, a 16 grudnia tego roku dokonano pacyfikacji kopalni \u201eWujek\u201d na \u015al\u0105sku). \u015awi\u0119ty Jan Pawe\u0142 II ci\u0105gle przypomina\u0142: \u201e[\u2026]&nbsp;ogromna jest cena, jak\u0105 zap\u0142aci\u0142 nar\u00f3d polski za niepodleg\u0142o\u015b\u0107, za prawo do istnienia jako pa\u0144stwo. Przechowujmy w sercach t\u0119 \u015bwiadomo\u015b\u0107 i niech ona stanie si\u0119 zach\u0119t\u0105 do g\u0142\u0119bokiej refleksji o Polsce, nad tym, jak\u0105 by\u0142a, jak\u0105 jest i jak\u0105 powinna by\u0107\u201d.<\/p>\n<p>&nbsp;5. Na o\u0142tarzu bocznym wystawione s\u0105 \u015bwiece Wigilijnego Dzie\u0142a Pomocy Dzieciom w cenie 10; 15; 20 i 30 z\u0142.<\/p>\n<p>6. W sobot\u0119 13 grudnia od godz. 9.30 wyjazd do chorych.<\/p>\n<p>7. W przysz\u0142\u0105 niedziel\u0119 po Mszy \u015bwi\u0119tej o godz. 9.00 zmiana tajemnic r\u00f3\u017ca\u0144ca dla rodzic\u00f3w modl\u0105cych si\u0119 za dzieci, o 10.30 r\u00f3\u017caniec za zmar\u0142ych polecanych w wypominkach z Sobonia, a po Mszy \u015bwi\u0119tej o godz. 9.00 zmiana tajemnic r\u00f3\u017ca\u0144ca dla K\u017bR m\u0119\u017cczyzn.<\/p>\n<p>8. &nbsp;Dzi\u0119kuj\u0119 za sprz\u0105tanie ko\u015bcio\u0142a rodzinom Barbara Jachimowicz, Adam Jachimowicz, Krzysztof Chabiera &nbsp;z Wierzbna. W przysz\u0142ym tygodniu zapraszam rodziny Waldemar Jachimowicz, Witold Kujawa, Agnieszka Pniewska z Wierzbna.<\/p>\n<p>9. &nbsp;Na stoliku wy\u0142o\u017cony jest nowy numer Echa katolickiego.<\/p>\n<p>10. Wszystkim solenizantom i jubilatom, kt\u00f3rzy b\u0119d\u0105 prze\u017cywali swoje \u015bwi\u0119to w najbli\u017cszych dniach, \u017cycz\u0119 Bo\u017cego b\u0142og. i obfito\u015bci Bo\u017cych \u0142ask.<\/p>\n<p>&nbsp;<\/p>\n","protected":false},"excerpt":{"rendered":"<p>Powr\u00f3t do listy og\u0142osze\u0144 NIEDZIELA \u015aWI\u0118TEJ RODZINY: JEZUSA, MARYI I J\u00d3ZEFA 28 grudnia 2025 OG\u0141OSZENIA DUSZPASTERSKIE 1. Dzisiejsza, ostatnia niedziela 2025 roku, jest \u015bwi\u0119tem \u015awi\u0119tej Rodziny Nazareta\u0144skiej: Jezusa, Maryi i J\u00f3zefa. Wpatruj\u0105c si\u0119 w \u015awi\u0119t\u0105 Rodzin\u0119, \u0142atwiej zrozumiemy nasze powo\u0142anie do \u017cycia w rodzinie. Ona jest wzorem dla naszych rodzin. Pami\u0119tajmy, \u017ce zadaniem ka\u017cdego chrze\u015bcijanina jest przede wszystkim troska o w\u0142asne zbawienie. Dla wszystkich powo\u0142anych do \u017cycia ma\u0142\u017ce\u0144skiego i rodzinnego ta troska wyra\u017ca si\u0119 przez dobre i przyk\u0142adne, godne \u017cycie w rodzinie i poprzez rodzin\u0119. Pro\u015bmy Pana Boga, aby w tych nie\u0142atwych czasach i&nbsp;mimo zagro\u017ce\u0144 nasze rodziny stawa\u0142y si\u0119 prawdziwym domowym Ko\u015bcio\u0142em. 2. Dzisiaj taca ekonomiczna. W listopadzie z\u0142o\u017cono 1007 z\u0142. B\u00f3g zap\u0142a\u0107. 3. W \u015brod\u0119, 31 grudnia, podczas specjalnego nabo\u017ce\u0144stwa dzi\u0119kczynno-przeb\u0142agalnego w&nbsp;naszym ko\u015bciele, kt\u00f3re b\u0119dziemy celebrowali o godz. 15.00, podzi\u0119kujemy Bogu \u2013 dobremu Ojcu, za miniony czas i za otrzymane dobro. Przeprosimy za pope\u0142nione grzechy. B\u0119dziemy r\u00f3wnie\u017c prosi\u0107 o \u2026 <a class=\"continue-reading-link\" href=\"https:\/\/www.parafiawierzbno.com.pl\/?page_id=11430\">Czytaj dalej <span class=\"meta-nav\">&rarr; <\/span><\/a><\/p>\n","protected":false},"author":1,"featured_media":0,"parent":225,"menu_order":0,"comment_status":"closed","ping_status":"closed","template":"","meta":{"ngg_post_thumbnail":0},"_links":{"self":[{"href":"https:\/\/www.parafiawierzbno.com.pl\/index.php?rest_route=\/wp\/v2\/pages\/11430"}],"collection":[{"href":"https:\/\/www.parafiawierzbno.com.pl\/index.php?rest_route=\/wp\/v2\/pages"}],"about":[{"href":"https:\/\/www.parafiawierzbno.com.pl\/index.php?rest_route=\/wp\/v2\/types\/page"}],"author":[{"embeddable":true,"href":"https:\/\/www.parafiawierzbno.com.pl\/index.php?rest_route=\/wp\/v2\/users\/1"}],"replies":[{"embeddable":true,"href":"https:\/\/www.parafiawierzbno.com.pl\/index.php?rest_route=%2Fwp%2Fv2%2Fcomments&post=11430"}],"version-history":[{"count":6,"href":"https:\/\/www.parafiawierzbno.com.pl\/index.php?rest_route=\/wp\/v2\/pages\/11430\/revisions"}],"predecessor-version":[{"id":11441,"href":"https:\/\/www.parafiawierzbno.com.pl\/index.php?rest_route=\/wp\/v2\/pages\/11430\/revisions\/11441"}],"up":[{"embeddable":true,"href":"https:\/\/www.parafiawierzbno.com.pl\/index.php?rest_route=\/wp\/v2\/pages\/225"}],"wp:attachment":[{"href":"https:\/\/www.parafiawierzbno.com.pl\/index.php?rest_route=%2Fwp%2Fv2%2Fmedia&parent=11430"}],"curies":[{"name":"wp","href":"https:\/\/api.w.org\/{rel}","templated":true}]}}