{"id":11445,"date":"2026-01-03T23:52:06","date_gmt":"2026-01-03T22:52:06","guid":{"rendered":"https:\/\/www.parafiawierzbno.com.pl\/?page_id=11445"},"modified":"2026-01-27T10:09:18","modified_gmt":"2026-01-27T09:09:18","slug":"ogloszenia-styczen-2026","status":"publish","type":"page","link":"https:\/\/www.parafiawierzbno.com.pl\/?page_id=11445","title":{"rendered":"Og\u0142oszenia &#8211; Stycze\u0144 2026"},"content":{"rendered":"<p><a title=\"Og\u0142oszenia parafialne\" href=\"https:\/\/www.parafiawierzbno.com.pl\/?page_id=225\">Powr\u00f3t do listy og\u0142osze\u0144<\/a><\/p>\n<h4 style=\"text-align: center;\"><strong>TRZECIA NIEDZIELA WCI\u0104GU ROKU<br \/>\n25 stycznia 2026<br \/>\n<\/strong><strong>OG\u0141OSZENIA DUSZPASTERSKIE<\/strong><\/h4>\n<p>1. Dzisiejsza niedziela w ca\u0142ym Ko\u015bciele powszechnym \u2013 jako trzecia niedziela w ci\u0105gu roku \u2013 z ustanowienia papie\u017ca Franciszka jest obchodzona jako Niedziel\u0105 S\u0142owa Bo\u017cego. Pierwsz\u0105 tak\u0105 Niedziel\u0119 prze\u017cywali\u015bmy w 2020 roku. Papie\u017c chcia\u0142, aby ta Niedziela by\u0142a w szczeg\u00f3lny spos\u00f3b po\u015bwi\u0119cona rozwa\u017caniu s\u0142owa Bo\u017cego zawartego w Pi\u015bmie \u015awi\u0119tym, aby\u015bmy g\u0142\u0119biej zastanowili si\u0119 nad jego sensem i zach\u0119cali do tego innych. Wszak w tekstach natchnionych zawarta jest m\u0105dro\u015b\u0107 Bo\u017ca, kt\u00f3r\u0105 mamy odkrywa\u0107, poznawa\u0107 i wed\u0142ug niej \u017cy\u0107 na co dzie\u0144.<\/p>\n<p>2. A poniewa\u017c jest to r\u00f3wnie\u017c ostatnia niedziela stycznia, obchodzimy j\u0105 jako \u015awiatowy Dzie\u0144 Tr\u0119dowatych ustanowiony w 1954 roku. Wiemy, jak straszna w skutkach jest ta choroba. Starajmy si\u0119 wi\u0119c pom\u00f3c chorym na tr\u0105d, aby byli leczeni w poszanowaniu ludzkiej godno\u015bci. Dzi\u015b na \u015bwiecie tr\u0119dowatymi opiekuj\u0105 si\u0119 g\u0142\u00f3wnie chrze\u015bcija\u0144scy misjonarze. Wspierajmy ich naszymi modlitwami i ofiarami.<\/p>\n<p>3. &nbsp;Dzisiejsza niedziela ostatnia miesi\u0105ca, taca ekonomiczna. W grudniu z\u0142o\u017cono 1561 z\u0142. B\u00f3g zap\u0142a\u0107.<\/p>\n<p>4. W jutrzejszy poniedzia\u0142ek, 26 stycznia, przypada Dzie\u0144 Islamu \u2013 pro\u015bmy Tr\u00f3jjedynego Boga \u2013 Pana wszystkich narod\u00f3w, o \u015bwiat\u0142o Ducha \u015awi\u0119tego, aby\u015bmy potrafili patrze\u0107 na siebie z mi\u0142o\u015bci\u0105 i zrozumieniem, cho\u0107by przez pami\u0119\u0107 o&nbsp;naszym wsp\u00f3lnym ojcu wiary \u2013 Abrahamie.<\/p>\n<p>5. Przysz\u0142a niedziela \u2013 pierwsza miesi\u0105ca. Po Mszy \u015bwi\u0119tej o godz. 11.00 wystawienie Naj\u015bwi\u0119tszego Sakramentu i adoracja.<\/p>\n<p>6. W naszej parafii trwaj\u0105 odwiedziny duszpasterskie \u2013 kol\u0119da. Plan kol\u0119dy &nbsp;jest nast\u0119puj\u0105cy: Sobota 31 stycznia Wierzbno od p. Szyma\u0144skiej Pocz\u0105tek o godz. 9.30.<\/p>\n<p>7. &nbsp;Dzi\u0119kuj\u0119 za sprz\u0105tanie ko\u015bcio\u0142a rodzinom Przemys\u0142aw \u015awiderski z Wierzbna. W przysz\u0142ym tygodniu zapraszam rodziny Krzysztof Bia\u0142ousz, Jan Karaban, S\u0142awomir Zajkowski, Wies\u0142awa \u0141ukasiak z Wierzbna.<\/p>\n<p>8. &nbsp;Na stoliku wy\u0142o\u017cony jest nowy numer Echa katolickiego .<\/p>\n<p>9. Wszystkim solenizantom i jubilatom, kt\u00f3rzy b\u0119d\u0105 prze\u017cywali swoje \u015bwi\u0119to w najbli\u017cszych dniach, \u017cycz\u0119 Bo\u017cego b\u0142og. i obfito\u015bci Bo\u017cych \u0142ask.<\/p>\n<h4 style=\"text-align: center;\"><strong>DRUGA NIEDZIELA W CI\u0104GU ROKU<br \/>\n18 stycznia 2026<br \/>\n<\/strong><strong>OG\u0141OSZENIA DUSZPASTERSKIE<\/strong><\/h4>\n<p>1. W Ko\u015bciele trwa Tydzie\u0144 Powszechnej Modlitwy o Jedno\u015b\u0107 Chrze\u015bcijan. Pan Jezus domaga si\u0119 wzajemnej mi\u0142o\u015bci: \u201eTo jest moje przykazanie, aby\u015bcie si\u0119 wzajemnie mi\u0142owali, tak jak Ja was umi\u0142owa\u0142em\u201d. Niech ta mi\u0142o\u015b\u0107 stanie si\u0119 naszym znakiem rozpoznawczym w&nbsp;\u015bwiecie. Chocia\u017c Tydzie\u0144 Powszechnej Modlitwy o Jedno\u015b\u0107 Chrze\u015bcijan zako\u0144czy si\u0119 w niedziel\u0119, 25&nbsp;stycznia, nie ustawajmy w wysi\u0142kach na rzecz jej ca\u0142kowitego przywr\u00f3cenia. Takiej jedno\u015bci pragnie sam Pan Jezus, a jej brak jest zgorszeniem dla wsp\u00f3\u0142czesnego \u015bwiata i wielu \u017ale nastawia do Chrystusowego Ko\u015bcio\u0142a. Dlatego w tej intencji ofiarujmy nasze modlitwy, Komuni\u0119 \u015awi\u0119t\u0105 oraz cierpienia i trudy codziennego \u017cycia.<\/p>\n<p>2. W \u015brod\u0119, 21 stycznia, przypada Dzie\u0144 Babci, a w czwartek, 22 stycznia \u2013 Dzie\u0144 Dziadka. Pami\u0119tajmy i m\u00f3dlmy si\u0119 w tych dniach za naszych kochanych dziadk\u00f3w, tych \u017cyj\u0105cych i&nbsp;tych, kt\u00f3rzy ju\u017c odeszli do domu Ojca. Niech naszym podzi\u0119kowaniem b\u0119dzie modlitwa, ofiarowana Komunia \u015awi\u0119ta i serdeczna pami\u0119\u0107.<\/p>\n<p>3. Ta przysz\u0142a niedziela, 25 stycznia, z ustanowienia papie\u017ca Franciszka b\u0119dzie Niedziel\u0105 S\u0142owa Bo\u017cego. Papie\u017c chcia\u0142, aby ta niedziela by\u0142a w szczeg\u00f3lny spos\u00f3b po\u015bwi\u0119cona rozwa\u017caniu s\u0142owa Bo\u017cego zawartego w Pi\u015bmie \u015awi\u0119tym, aby\u015bmy g\u0142\u0119biej zastanowili si\u0119 nad jego sensem i zach\u0119cali do tego innych.<\/p>\n<p>4. Przysz\u0142a niedziela \u2013 ostatnia miesi\u0105ca. Taca ekonomiczna.<\/p>\n<p>5. W naszej parafii trwaj\u0105 odwiedziny duszpasterskie \u2013 kol\u0119da. Plan kol\u0119dy &nbsp;jest nast\u0119puj\u0105cy: Sobota 24 stycznia Wierzbo od p. Turk\u00f3w i 31 stycznia Wierzbno od p. Szyma\u0144skiej Pocz\u0105tek o godz. 9.30.<\/p>\n<p>6. &nbsp;Dzi\u0119kuj\u0119 za sprz\u0105tanie ko\u015bcio\u0142a rodzinom Agnieszka Michalczyk, Szczepan Tomkiewicz, Adam Trzeci\u0144ski z Wierzbna. W przysz\u0142ym tygodniu zapraszam rodziny Krzysztof Bia\u0142ousz, Jan Karaban, Przemys\u0142aw \u015awiderski z Wierzbna.<\/p>\n<p>7. &nbsp;Na stoliku wy\u0142o\u017cony jest nowy numer Echa katolickiego .<\/p>\n<p>8. Wszystkim solenizantom i jubilatom, kt\u00f3rzy b\u0119d\u0105 prze\u017cywali swoje \u015bwi\u0119to w najbli\u017cszych dniach, \u017cycz\u0119 Bo\u017cego b\u0142og. i obfito\u015bci Bo\u017cych \u0142ask.<\/p>\n<p>9. W minionym tygodniu z naszej wsp\u00f3lnoty do wieczno\u015bci odesz\u0142a + Helena Bia\u0142ousz l. 75 z Wierzbna. Wieczny odpoczynek racz jej da\u0107 Panie\u2026<\/p>\n<h4 style=\"text-align: center;\"><strong>NIEDZIELA CHRZTU PA\u0143SKIEGO<br \/>\n11 stycznia 2026<br \/>\n<\/strong><strong>OG\u0141OSZENIA DUSZPASTERSKIE<\/strong><\/h4>\n<p>1. Wspomnienie wydarzenia nad Jordanem, gdzie Pan Jezus przyj\u0105\u0142 chrzest, a tak\u017ce gdzie B\u00f3g potwierdzi\u0142, \u017ce jest On Jego Synem, ko\u0144czy okres Narodzenia Pa\u0144skiego. Od jutra w&nbsp;liturgii rozpoczyna si\u0119 tak zwany okres zwyk\u0142y \u2013 w ci\u0105gu roku. Jednak w naszej tradycji przed\u0142u\u017camy \u015bpiewanie kol\u0119d do 2 lutego, czyli do \u015bwi\u0119ta Ofiarowania Pa\u0144skiego, zwanego u&nbsp;nas \u015bwi\u0119tem Matki Bo\u017cej Gromnicznej, kt\u00f3re bezpo\u015brednio wi\u0105\u017ce si\u0119 z Bo\u017cym Narodzeniem. Zapami\u0119tajmy dzi\u015b s\u0142owa Boga Ojca o Jezusie: \u201eTo jest m\u00f3j Syn umi\u0142owany, Jego s\u0142uchajcie\u201d.<\/p>\n<p>2. Wspominaj\u0105c chrzest Pana Jezusa w Jordanie, my\u015blimy tak\u017ce o naszym chrzcie, kt\u00f3ry jest pocz\u0105tkiem i fundamentem naszego chrze\u015bcija\u0144skiego \u017cycia, czyli naszej przyja\u017ani, komunii z&nbsp;Panem Bogiem. W tym sakramencie otrzymali\u015bmy godno\u015b\u0107 przybranego dziecka Bo\u017cego i&nbsp;dar Bo\u017cej mi\u0142o\u015bci. Zostali\u015bmy te\u017c w\u0142\u0105czeni do wsp\u00f3lnoty Ko\u015bcio\u0142a. Przyj\u0119cie chrztu jest dla nas jednocze\u015bnie wielkim zobowi\u0105zaniem. Musimy bowiem pod\u0105\u017ca\u0107 drog\u0105 coraz wi\u0119kszego upodabniania si\u0119 do Chrystusa, to znaczy kocha\u0107 Go coraz wi\u0119cej i uczy\u0107 si\u0119 od Niego, jak kocha\u0107 bli\u017anich.<\/p>\n<p>3. Zatrzymajmy si\u0119 na moment przy chrzcielnicy w naszym ko\u015bciele, aby podzi\u0119kowa\u0107 za dar dzieci\u0119ctwa Bo\u017cego, ale tak\u017ce zda\u0107 sobie spraw\u0119 z naszej odpowiedzialno\u015bci za budowanie Ko\u015bcio\u0142a na ziemi, za g\u0142oszenie innym Chrystusa i zachwycanie nasz\u0105 wiar\u0105.<\/p>\n<p>4. W sobot\u0119, 17 stycznia, obchodzimy Dzie\u0144 Judaizmu. Spr\u00f3bujmy tego dnia szczeg\u00f3lnie si\u0119gn\u0105\u0107 po Pismo \u015awi\u0119te, aby tam szuka\u0107 wsp\u00f3lnych korzeni naszej wiary i uczy\u0107 si\u0119 od Abrahama, jak bez reszty zaufa\u0107 Panu Bogu.<\/p>\n<p>5. Dzi\u0119kuj\u0119 KGW \u201e Wierzbianki\u201d z Wierzbna za przygotowanie wieczoru wsp\u00f3lnego kol\u0119dowania.<\/p>\n<p>6. W naszej parafii trwaj\u0105 odwiedziny duszpasterskie \u2013 kol\u0119da. Plan kol\u0119dy na ten tydzie\u0144 jest nast\u0119puj\u0105cy: poniedzia\u0142ek \u015awidno, wtorek W\u00f3lka, sobota Jan\u00f3wek. Pocz\u0105tek o godz. 9.30.<\/p>\n<p>7. &nbsp;Dzi\u0119kuj\u0119 za sprz\u0105tanie ko\u015bcio\u0142a rodzinom Grzegorz Szyma\u0144ski, Krzysztof Jaworowski, Marcin Gryglas, Ryszard Kujawa z Wierzbna. W przysz\u0142ym tygodniu zapraszam rodziny Agnieszka Michalczyk, Szczepan Tomkiewicz, Adam Trzeci\u0144ski z Wierzbna.<\/p>\n<p>8. &nbsp;Na stoliku wy\u0142o\u017cony jest nowy numer Echa katolickiego .<\/p>\n<p>9. Wszystkim solenizantom i jubilatom, kt\u00f3rzy b\u0119d\u0105 prze\u017cywali swoje \u015bwi\u0119to w najbli\u017cszych dniach, \u017cycz\u0119 Bo\u017cego b\u0142og. i obfito\u015bci Bo\u017cych \u0142ask.<\/p>\n<p>10. W tym tygodniu z naszej wsp\u00f3lnoty odszed\u0142 do wieczno\u015bci + Micha\u0142 Polkowski l. 41 ze \u015awidna. Wieczny odpoczynek racz mu da\u0107 Panie\u2026<\/p>\n<p>&nbsp;<\/p>\n<p style=\"text-align: center;\"><strong>DRUGA NIEDZIELA PO NARODZENIU PA\u0143SKIM<br \/>\n4 stycznia 2026<br \/>\n<\/strong><strong>OG\u0141OSZENIA DUSZPASTERSKIE<\/strong><\/p>\n<p>1. Prze\u017cywamy rado\u015b\u0107 z narodzenia Pa\u0144skiego, cho\u0107 to ju\u017c druga niedziela po \u015bwi\u0119tach Bo\u017cego Narodzenia.<\/p>\n<p>2. W najbli\u017cszy wtorek, 6 stycznia, przypada uroczysto\u015b\u0107 Objawienia Pa\u0144skiego, w&nbsp;naszej tradycji zwana \u015bwi\u0119tem Trzech Kr\u00f3li, kt\u00f3ra przypomina, \u017ce Syn Bo\u017cy przyszed\u0142 do ludzi wszystkich narod\u00f3w, ras i j\u0119zyk\u00f3w. Tego dnia w&nbsp;ko\u015bciele pob\u0142ogos\u0142awimy kadzid\u0142o i&nbsp;kred\u0119, kt\u00f3r\u0105 \u2013 zgodnie z dawnym polskim zwyczajem \u2013 na drzwiach naszych dom\u00f3w kre\u015blimy pierwsze litery imion M\u0119drc\u00f3w ze Wschodu: Kacpra, Melchiora i Baltazara (C&nbsp;+&nbsp;M&nbsp;+ B), dodaj\u0105c cyfry roku Pa\u0144skiego (2026). Ten zapis t\u0142umaczymy te\u017c jako pro\u015bb\u0119, aby Chrystus pob\u0142ogos\u0142awi\u0142 nasz dom: \u201eChristus mansionem benedicat\u201d. Takie oznakowanie drzwi naszych dom\u00f3w stanowi \u015bwiadectwo wiary wobec naszych braci i si\u00f3str.<\/p>\n<p>3. Jednocze\u015bnie w t\u0119 uroczysto\u015b\u0107, 6 stycznia, oficjalnie zostanie zako\u0144czony Rok Jubileuszowy 2025. Papie\u017c Leon XIV symbolicznie dokona zamkni\u0119cia Drzwi \u015awi\u0119tych w&nbsp;Bazylice \u015awi\u0119tego Piotra na Watykanie.<\/p>\n<p>4. W sobot\u0119 10 stycznia w Sali OSP Wierzbno o godz. 18.00 odb\u0119dzie si\u0119 wsp\u00f3lne kol\u0119dowanie, na kt\u00f3re zaprasza KGW \u201e Wierzbianki \u2018\u2019<\/p>\n<p>5. W przysz\u0142\u0105 niedziel\u0119 po Mszy \u015bwi\u0119tej o godz. 9.00 zmiana tajemnic r\u00f3\u017ca\u0144ca dla rodzic\u00f3w modl\u0105cych si\u0119 za dzieci, o 10.30 r\u00f3\u017caniec za zmar\u0142ych polecanych w wypominkach ze &nbsp;\u015awidna , Adamowa, Wygl\u0119d\u00f3wka i spoza parafii , a po Mszy \u015bwi\u0119tej o godz. 11.00 zmiana tajemnic r\u00f3\u017ca\u0144ca dla K\u017bR m\u0119\u017cczyzn.<\/p>\n<p>6. W grudniu na remont ko\u015bcio\u0142a z\u0142o\u017cono 7450 z\u0142. B\u00f3g zap\u0142a\u0107.<\/p>\n<p>7. W naszej parafii trwaj\u0105 odwiedziny duszpasterskie \u2013 kol\u0119da. Plan kol\u0119dy na ten tydzie\u0144 jest nast\u0119puj\u0105cy: poniedzia\u0142ek Wygl\u0119d\u00f3wek, sobota Jaworek. Pocz\u0105tek o godz. 9.30.<\/p>\n<p>8. &nbsp;Dzi\u0119kuj\u0119 za sprz\u0105tanie ko\u015bcio\u0142a rodzinom Mieczys\u0142awa Jachimowicz, Jan Ko\u015bciesza, Andrzej Staniszewski, W\u0142odzimierz Komorowski z Wierzbna. W przysz\u0142ym tygodniu zapraszam rodziny Grzegorz Szyma\u0144ski, Krzysztof Jaworowski, Marcin Gryglas, Ryszarda Kujawa z Wierzbna.<\/p>\n<p>9. &nbsp;Na stoliku wy\u0142o\u017cony jest nowy numer Echa katolickiego .<\/p>\n<p>10. Wszystkim solenizantom i jubilatom, kt\u00f3rzy b\u0119d\u0105 prze\u017cywali swoje \u015bwi\u0119to w najbli\u017cszych dniach, \u017cycz\u0119 Bo\u017cego b\u0142og. i obfito\u015bci Bo\u017cych \u0142ask.<\/p>\n","protected":false},"excerpt":{"rendered":"<p>Powr\u00f3t do listy og\u0142osze\u0144 TRZECIA NIEDZIELA WCI\u0104GU ROKU 25 stycznia 2026 OG\u0141OSZENIA DUSZPASTERSKIE 1. Dzisiejsza niedziela w ca\u0142ym Ko\u015bciele powszechnym \u2013 jako trzecia niedziela w ci\u0105gu roku \u2013 z ustanowienia papie\u017ca Franciszka jest obchodzona jako Niedziel\u0105 S\u0142owa Bo\u017cego. Pierwsz\u0105 tak\u0105 Niedziel\u0119 prze\u017cywali\u015bmy w 2020 roku. Papie\u017c chcia\u0142, aby ta Niedziela by\u0142a w szczeg\u00f3lny spos\u00f3b po\u015bwi\u0119cona rozwa\u017caniu s\u0142owa Bo\u017cego zawartego w Pi\u015bmie \u015awi\u0119tym, aby\u015bmy g\u0142\u0119biej zastanowili si\u0119 nad jego sensem i zach\u0119cali do tego innych. Wszak w tekstach natchnionych zawarta jest m\u0105dro\u015b\u0107 Bo\u017ca, kt\u00f3r\u0105 mamy odkrywa\u0107, poznawa\u0107 i wed\u0142ug niej \u017cy\u0107 na co dzie\u0144. 2. A poniewa\u017c jest to r\u00f3wnie\u017c ostatnia niedziela stycznia, obchodzimy j\u0105 jako \u015awiatowy Dzie\u0144 Tr\u0119dowatych ustanowiony w 1954 roku. Wiemy, jak straszna w skutkach jest ta choroba. Starajmy si\u0119 wi\u0119c pom\u00f3c chorym na tr\u0105d, aby byli leczeni w poszanowaniu ludzkiej godno\u015bci. Dzi\u015b na \u015bwiecie tr\u0119dowatymi opiekuj\u0105 si\u0119 g\u0142\u00f3wnie chrze\u015bcija\u0144scy misjonarze. Wspierajmy ich naszymi modlitwami i ofiarami. 3. \u2026 <a class=\"continue-reading-link\" href=\"https:\/\/www.parafiawierzbno.com.pl\/?page_id=11445\">Czytaj dalej <span class=\"meta-nav\">&rarr; <\/span><\/a><\/p>\n","protected":false},"author":1,"featured_media":0,"parent":225,"menu_order":0,"comment_status":"closed","ping_status":"closed","template":"","meta":{"ngg_post_thumbnail":0},"_links":{"self":[{"href":"https:\/\/www.parafiawierzbno.com.pl\/index.php?rest_route=\/wp\/v2\/pages\/11445"}],"collection":[{"href":"https:\/\/www.parafiawierzbno.com.pl\/index.php?rest_route=\/wp\/v2\/pages"}],"about":[{"href":"https:\/\/www.parafiawierzbno.com.pl\/index.php?rest_route=\/wp\/v2\/types\/page"}],"author":[{"embeddable":true,"href":"https:\/\/www.parafiawierzbno.com.pl\/index.php?rest_route=\/wp\/v2\/users\/1"}],"replies":[{"embeddable":true,"href":"https:\/\/www.parafiawierzbno.com.pl\/index.php?rest_route=%2Fwp%2Fv2%2Fcomments&post=11445"}],"version-history":[{"count":6,"href":"https:\/\/www.parafiawierzbno.com.pl\/index.php?rest_route=\/wp\/v2\/pages\/11445\/revisions"}],"predecessor-version":[{"id":11458,"href":"https:\/\/www.parafiawierzbno.com.pl\/index.php?rest_route=\/wp\/v2\/pages\/11445\/revisions\/11458"}],"up":[{"embeddable":true,"href":"https:\/\/www.parafiawierzbno.com.pl\/index.php?rest_route=\/wp\/v2\/pages\/225"}],"wp:attachment":[{"href":"https:\/\/www.parafiawierzbno.com.pl\/index.php?rest_route=%2Fwp%2Fv2%2Fmedia&parent=11445"}],"curies":[{"name":"wp","href":"https:\/\/api.w.org\/{rel}","templated":true}]}}