{"id":11476,"date":"2026-03-02T06:30:19","date_gmt":"2026-03-02T05:30:19","guid":{"rendered":"https:\/\/www.parafiawierzbno.com.pl\/?page_id=11476"},"modified":"2026-04-01T08:30:31","modified_gmt":"2026-04-01T06:30:31","slug":"ogloszenia-marzec-2026","status":"publish","type":"page","link":"https:\/\/www.parafiawierzbno.com.pl\/?page_id=11476","title":{"rendered":"Og\u0142oszenia &#8211; Marzec 2026"},"content":{"rendered":"<p><a title=\"Og\u0142oszenia parafialne\" href=\"https:\/\/www.parafiawierzbno.com.pl\/?page_id=225\">Powr\u00f3t do listy og\u0142osze\u0144<\/a><\/p>\n<h4 style=\"text-align: center;\"><strong>NIEDZIELA PALMOWA, CZYLI M\u0118KI PA\u0143SKIEJ<br \/>\n29 marca 2026<br \/>\n<\/strong><strong>OG\u0141OSZENIA DUSZPASTERSKIE<\/strong><\/h4>\n<p>1. Dzisiejsza Niedziela Palmowa wprowadza nas w tajemnic\u0119 Wielkiego Tygodnia. Tak jak Pan Jezus wszed\u0142 do Jerozolimy, tak przychodzi dzi\u015b do ka\u017cdego z nas. Oby nie okaza\u0142o si\u0119 jednak, \u017ce stoimy w t\u0142umie, kt\u00f3ry wo\u0142a: \u201eHosanna\u201d, a za chwil\u0119 b\u0119dzie wo\u0142a\u0142: \u201eNa krzy\u017c z&nbsp;Nim!\u201d. Podczas wszystkich Mszy \u015awi\u0119tych ma miejsce obrz\u0119d b\u0142ogos\u0142awienia palm.<\/p>\n<p>2. Zbli\u017caj\u0105 si\u0119 najwa\u017cniejsze dni w ca\u0142ym roku liturgicznym \u2013 \u015awi\u0119te Triduum Paschalne oraz \u015bwi\u0119ta Zmartwychwstania Pa\u0144skiego. Aby rzeczywi\u015bcie je owocnie i pi\u0119knie prze\u017cy\u0107, oczy\u015b\u0107my nasze serca, pozw\u00f3lmy, aby Pan nas przemieni\u0142, uczyni\u0142 lepszymi. Okazja do spowiedzi \u015bwi\u0119tej w&nbsp; Wielki Pi\u0105tek od godz. 21.00 do godz. 23.00. \u015awi\u0119te Triduum Paschalne rozpocznie si\u0119 w Wielki Czwartek wieczorem o godz. 18.00 Msz\u0105 \u015awi\u0119t\u0105 Wieczerzy Pa\u0144skiej. B\u0119dziemy dzi\u0119kowali za dwa sakramenty: Eucharysti\u0119 i&nbsp;kap\u0142a\u0144stwo. Po sko\u0144czonej liturgii przeniesiemy procesyjnie Naj\u015bwi\u0119tszy Sakrament do przygotowanego o\u0142tarza adoracji gdzie b\u0119dziemy go adorowali do godz. 23.00 Podczas procesji \u015bpiewa\u0107 b\u0119dziemy hymn S\u0142aw j\u0119zyku tajemnic\u0119, za odm\u00f3wienie go tego wieczoru mo\u017cna uzyska\u0107 odpust zupe\u0142ny.<\/p>\n<p>3. W Wielki Pi\u0105tek Ko\u015bci\u00f3\u0142 nie sprawuje Mszy \u015awi\u0119tej. Zaprasza jednak wszystkich wiernych do udzia\u0142u w specjalnej i szczeg\u00f3lnej liturgii M\u0119ki Pa\u0144skiej, kt\u00f3rej szczytowym momentem jest adoracja Krzy\u017ca \u015awi\u0119tego, za uczczenie kt\u00f3rego w tym dniu mo\u017cemy dost\u0105pi\u0107 \u0142aski odpustu zupe\u0142nego pod zwyk\u0142ymi warunkami. W naszym ko\u015bciele parafialnym t\u0119 liturgi\u0119 rozpoczniemy o godz. 18.00.Na zako\u0144czenie liturgii M\u0119ki Pa\u0144skiej przeniesiemy Naj\u015bwi\u0119tszy Sakrament do przygotowanego \u201eBo\u017cego Grobu\u201d, gdzie adoracja trwa\u0107 b\u0119dzie do godz. 23.00. Przypominam , \u017ce w Wielki Pi\u0105tek wierni mi\u0119dzy 18. a 60. rokiem \u017cycia, opr\u00f3cz wstrzemi\u0119\u017aliwo\u015bci od pokarm\u00f3w mi\u0119snych, s\u0105 zobowi\u0105zani do jednorazowego posi\u0142ku do syta oraz dw\u00f3ch skromnych posi\u0142k\u00f3w w ci\u0105gu dnia.. Tak\u017ce w Wielki Pi\u0105tek rozpoczyna si\u0119 Nowenna przed Niedziel\u0105 Mi\u0142osierdzia Bo\u017cego o godz. 15.00.<\/p>\n<p>4. Wielka Sobota jest r\u00f3wnie\u017c dniem, gdy nie sprawuje si\u0119 Eucharystii: wszyscy wierni s\u0105 zaproszeni do modlitwy i skupienia, do adoracji Chrystusa Eucharystycznego w&nbsp;przygotowanym \u201eGrobie Pa\u0144skim\u201d.<\/p>\n<p>5. Wieczorem w sobot\u0119 po zachodzie s\u0142o\u0144ca, o godz. 19.00 rozpoczniemy najwa\u017cniejsz\u0105 liturgi\u0119 roku ko\u015bcielnego \u2013 liturgi\u0119 Wigilii Paschalnej. B\u0119dziemy celebrowa\u0107 noc Paschy Pana \u2013 noc przej\u015bcia ze \u015bmierci do \u017cycia; b\u0119dziemy celebrowa\u0107 Jego zmartwychwstanie, Jego zwyci\u0119stwo nad \u015bmierci\u0105, grzechem i szatanem. Rozpoczniemy j\u0105 od po\u015bwi\u0119cenia ognia i&nbsp;zapalenia Pascha\u0142u, b\u0119dziemy s\u0142ucha\u0107 s\u0142owa Bo\u017cego, zn\u00f3w za\u015bpiewamy radosne ALLELUJA, a tak\u017ce we\u017amiemy udzia\u0142 w po\u015bwi\u0119ceniu wody i odnowimy chrzcielne przyrzeczenia, za co mo\u017cemy uzyska\u0107 odpust zupe\u0142ny. Na t\u0119 liturgi\u0119 prosz\u0119 o przyniesienie \u015bwiec.<\/p>\n<p>6. Wielki Pi\u0105tek \u2013 Adoracja Naj\u015bwi\u0119tszego Sakramentu od 8.00 wg nast\u0119puj\u0105cego porz\u0105dku: 8.00 \u2013 siostry z K\u00f3\u0142ka R\u00f3\u017ca\u0144cowego, 9.00 \u2013 mieszka\u0144cy Lasu Jaworskiego, 10.00 \u2013 mieszka\u0144cy Helenowa, 11.00 \u2013 mieszka\u0144cy Jaworka, 12.00 \u2013 mieszka\u0144cy Wygl\u0119d\u00f3wka, 13.00 \u2013 mieszka\u0144cy Jan\u00f3wka, 14.00 \u2013 mieszka\u0144cy \u015awidna , 15.00 \u2013 Koronka do Mi\u0142osierdzia Bo\u017cego ( pocz\u0105tek nowenny do Mi\u0142osierdzia Bo\u017cego) \u2013 wszyscy czciciele Mi\u0142osierdzia Bo\u017cego, 16.00 \u2013 mieszka\u0144cy W\u00f3lki,&nbsp; 17.00 \u2013 mieszka\u0144cy Sobonia, 20.00 \u2013 mieszka\u0144cy Wierzbna (od p. Szyma\u0144skiej do Urz\u0119du Gminy), 21.00 \u2013 mieszka\u0144cy Wierzbna II cz. i o 23.00 zako\u0144czenie adoracji. Ofiary sk\u0142adane przy adoracji krzy\u017ca&nbsp; s\u0105 przeznaczone na utrzymanie miejsc \u015bwi\u0119tych w Ziemi \u015awi\u0119tej. Pami\u0119tajmy o przyozdobieniu krzy\u017cy przydro\u017cnych. Druh\u00f3w stra\u017cak\u00f3w zapraszam do adoracji po Liturgii.<\/p>\n<p>7. Wielka Sobota \u2013. Adoracja Pana Jezusa w grobie od &nbsp;8.00 \u2013 siostry i bracia z K\u00f3\u0142ek R\u00f3\u017ca\u0144cowych, 9.00 \u2013 mieszka\u0144cy Lasu Jaworskiego, 10.00 \u2013 mieszka\u0144cy Helenowa, 11.00 \u2013 mieszka\u0144cy Jaworka, 12.00 \u2013 mieszka\u0144cy Wygl\u0119d\u00f3wka, 13.00 \u2013 mieszka\u0144cy Jan\u00f3wka, 14.00 \u2013 mieszka\u0144cy \u015awidna , 15.00 \u2013 Koronka do Mi\u0142osierdzia Bo\u017cego \u2013 mieszka\u0144cy Wierzbna (od p. Szyma\u0144skiej do Urz\u0119du Gminy),, 16.00 \u2013 mieszka\u0144cy W\u00f3lki,&nbsp; 17.00 \u2013 mieszka\u0144cy Sobonia, 18.00 \u2013 mieszka\u0144cy Wierzbna II cz.89. W Wielk\u0105 Sobot\u0119 po\u015bwi\u0119cenie pokarm\u00f3w wielkanocnych wg tradycyjnej trasy: o 9.00 w ko\u015bciele , potem&nbsp; Helen\u00f3w, Jaworek, Jan\u00f3wek, Wygl\u0119d\u00f3wek, , \u015awidno i Sobo\u0144 i o 12.00 w ko\u015bciele. &nbsp;<\/p>\n<p>8. Rezurekcja w poranek wielkanocny o godz. 6.00. Prosz\u0119 o przygotowanie feretron\u00f3w, chor\u0105gwi, dzieci zapraszam do sypania kwiat\u00f3w. Druga Msza \u015bwi\u0119ta o godz.10.00.<\/p>\n<p>9. Na \u015brod\u0119 na godz. 18.30 zapraszam rodzic\u00f3w&nbsp; do przygotowania dekoracji na \u015bwi\u0119ta.<\/p>\n<p>10. W minionym tygodniu zosta\u0142y z\u0142o\u017cone ofiary na kwiaty do Grobu Pa\u0144skiego : Helen\u00f3w 220z\u0142., Jan\u00f3wek 500 z\u0142., Jaworek 600 z\u0142., Sobo\u0144 400 z\u0142., \u015awidno 400 z\u0142.,&nbsp;Wierzbno 1340 z\u0142., W\u00f3lka 350 z\u0142.. B\u00f3g zap\u0142a\u0107.<\/p>\n<p>11. Dzisiaj ostatnia niedziela miesi\u0105ca. Taca ekonomiczna. W lutym z\u0142o\u017cono 1362 z\u0142. B\u00f3g zap\u0142a\u0107.<\/p>\n<p>12. Dzi\u0119kuj\u0119 za sprz\u0105tanie ko\u015bcio\u0142a rodzinom Pawe\u0142 Michalczyk, Tadeusz Jab\u0142o\u0144ski, Piotr Kisiel z W\u00f3lki. W przysz\u0142ym tygodniu zapraszam rodziny Wojciech Kruszewski, Jolanta Bzoch, Teresa Bzoch z W\u00f3lki.<\/p>\n<p>13. Na stoliku wy\u0142o\u017cony jest nowy numer Echa katolickiego.<\/p>\n<p>14. Wszystkim solenizantom i jubilatom, kt\u00f3rzy b\u0119d\u0105 prze\u017cywali swoje \u015bwi\u0119to w najbli\u017cszych dniach, \u017cycz\u0119 Bo\u017cego b\u0142og. i obfito\u015bci Bo\u017cych \u0142ask.<\/p>\n<h4 style=\"text-align: center;\"><strong>PI\u0104TA NIEDZIELA WIELKIEGO POSTU<br \/>\n22 marca 2026<br \/>\n<\/strong><strong>OG\u0141OSZENIA DUSZPASTERSKIE<\/strong><\/h4>\n<p>1. Od dzisiejszej \u2013 pi\u0105tej niedzieli Wielkiego Postu \u2013 zmienia si\u0119 charakter tego liturgicznego okresu. Ca\u0142y czas towarzyszy\u0142o nam wezwanie Ko\u015bcio\u0142a do nawr\u00f3cenia i pokuty, skorzystania z \u0142aski przebaczenia, kt\u00f3r\u0105 mi\u0142osierny B\u00f3g pragnie nas obdarzy\u0107. Teraz Wielki Post nabiera charakteru pasyjnego. Od dzi\u015b do ko\u0144ca obrz\u0119d\u00f3w Wielkiego Pi\u0105tku w ko\u015bciele zas\u0142aniamy wszystkie krzy\u017ce. Skupimy si\u0119 na rozwa\u017caniu m\u0119ki Pa\u0144skiej.<\/p>\n<p>2. W naszym ko\u015bciele nabo\u017ce\u0144stwo Drogi krzy\u017cowej w pi\u0105tek o godz. 18.00, a Gorzkie \u017cale \u2013 w niedziel\u0119 o godz. 12.00.<\/p>\n<p>&nbsp;3. Uroczysto\u015bci Zwiastowania Pa\u0144skiego b\u0119dziemy prze\u017cywali w&nbsp;najbli\u017csz\u0105 \u015brod\u0119, 25 marca. W t\u0119 uroczysto\u015b\u0107 celebrujemy pocz\u0105tek naszego odkupienia. Syn Bo\u017cy wcieli\u0142 si\u0119 w \u0142ono Naj\u015bwi\u0119tszej Maryi Panny, aby wyzwoli\u0107 nas spod panowania grzechu i z\u0142a. Msze \u015awi\u0119te tego dnia w naszym ko\u015bciele o godz. 9.00 i 18.00. Na Mszy \u015awi\u0119tej o godz. 18.00 b\u0142ogos\u0142awie\u0144stwo ksi\u0105\u017ceczek dla dzieci z kl. III.<\/p>\n<p>4. Uroczysto\u015b\u0107 Zwiastowania Pa\u0144skiego jest zarazem Dniem \u015awi\u0119to\u015bci \u017bycia i Duchowej Adopcji Dziecka Pocz\u0119tego. W tym dniu osoby, kt\u00f3re pragn\u0105 podj\u0105\u0107 si\u0119 zadania modlitwy w&nbsp;intencji zagro\u017conego \u017cycia dziecka pocz\u0119tego, b\u0119d\u0105 mog\u0142y rozpocz\u0105\u0107 swoj\u0105 dziewi\u0119ciomiesi\u0119czn\u0105 nowenn\u0119.<\/p>\n<p>5. Przysz\u0142a niedziela, 29 marca, b\u0119dzie ju\u017c Niedziel\u0105 M\u0119ki Pa\u0144skiej \u2013 Niedziel\u0105 Palmow\u0105. Jej liturgia wprowadzi nas w ostatni etap czasu Wielkiego Postu, Podczas ka\u017cdej Mszy \u015awi\u0119tej b\u0142ogos\u0142awie\u0144stwo palm. A liturgi\u0119 g\u0142\u00f3wnej Mszy \u015awi\u0119tej o godz. 11.00 poprzedzi uroczysta procesja z palmami.<\/p>\n<p>6. &nbsp;Przysz\u0142a niedziela \u2013 ostatnia miesi\u0105ca. Taca ekonomiczna.<\/p>\n<p>7. W minionym tygodniu na kwiaty do Grobu Pa\u0144skiego z\u0142o\u017cy\u0142a ofiar\u0119 100 z\u0142. Arleta Marsza\u0142. B\u00f3g zap\u0142a\u0107.<\/p>\n<p>8.W dniu wczorajszym Patrycja Rogala otrzyma\u0142a uroczyste b\u0142ogos\u0142awie\u0144stwo ks. Biskupa i pos\u0142anie do pos\u0142ugi lektora.<\/p>\n<p>9.W sobot\u0119 od godz. 10.00 wyjazd do chorych.<\/p>\n<p>10. Dzi\u0119kuj\u0119 za sprz\u0105tanie ko\u015bcio\u0142a rodzinom Waldemar Replin, Daniel Replin, Weronika Patoka z Wierzbna. W przysz\u0142ym tygodniu zapraszam rodziny Pawe\u0142 Michalczyk, Tadeusz Jab\u0142o\u0144ski, Piotr Kisiel z W\u00f3lki.<\/p>\n<p>11. Na stoliku wy\u0142o\u017cony jest nowy numer Echa katolickiego .<\/p>\n<p>12. Wszystkim solenizantom i jubilatom, kt\u00f3rzy b\u0119d\u0105 prze\u017cywali swoje \u015bwi\u0119to w najbli\u017cszych dniach, \u017cycz\u0119 Bo\u017cego b\u0142og. i obfito\u015bci Bo\u017cych \u0142ask.<\/p>\n<p>13. W tym tygodniu z naszej wsp\u00f3lnoty odesz\u0142a do wieczno\u015bci Marianna Ol\u0119dzka l.89 z Jaworka. Wieczny odpoczynek racz jej da\u0107 Panie\u2026<\/p>\n<h4 style=\"text-align: center;\"><strong>TRZECIA NIEDZIELA WIELKIEGO POSTU<br \/>\n8 marca 2026<br \/>\n<\/strong><strong>OG\u0141OSZENIA DUSZPASTERSKIE<\/strong><\/h4>\n<p>1. Dobiegamy ju\u017c po\u0142owy tegorocznego czasu pokuty i nawr\u00f3cenia \u2013 dzisiaj trzecia niedziela Wielkiego Postu! Baczniej przyjrzyjmy si\u0119 wi\u0119c w tym \u015bwi\u0119tym czasie, jakie owoce wiary wydajemy w codzienno\u015bci. Czy w og\u00f3le nasza wiara przynosi jakiekolwiek owoce? Je\u015bli nie, to jest to dobry czas, aby si\u0119 zmieni\u0107, aby powr\u00f3ci\u0107 do pocz\u0105tku naszej wiary \u2013 do chrztu \u015bwi\u0119tego i przypomnie\u0107 sobie, \u017ce woda chrztu obmy\u0142a nas z grzechu pierworodnego, uczyni\u0142a nas dzie\u0107mi Bo\u017cymi i w\u0142\u0105czy\u0142a do wsp\u00f3lnoty Ko\u015bcio\u0142a. Ale te przywileje poci\u0105gaj\u0105 te\u017c za sob\u0105 obowi\u0105zek dbania o zaszczepion\u0105 w naszych sercach wiar\u0119, rozwijania jej i pog\u0142\u0119biania oraz dzielenia si\u0119 ni\u0105 z innymi. Obecnie trwaj\u0105cy rok duszpasterski ci\u0105gle nam przypomina, \u017ce jeste\u015bmy uczniami Chrystusa i Jego misjonarzami we wsp\u00f3\u0142czesnym \u015bwiecie.<\/p>\n<p>2. Mog\u0105 nam w tym pom\u00f3c wielkopostne pasyjne nabo\u017ce\u0144stwa, do udzia\u0142u w kt\u00f3rych bardzo serdecznie zach\u0119cam:<\/p>\n<p>&#8211; Droga krzy\u017cowa \u2013 w pi\u0105tek o godz. 17.30<\/p>\n<p>&#8211; Gorzkie \u017cale z kazaniem pasyjnym \u2013 w niedziel\u0119 o godz. 12.00<\/p>\n<p>Pami\u0119tajmy, \u017ce z tymi nabo\u017ce\u0144stwami s\u0105 zwi\u0105zane odpusty, kt\u00f3re pod zwyk\u0142ymi warunkami mo\u017cemy uzyska\u0107 dla siebie lub dla bliskich zmar\u0142ych!<\/p>\n<p>3. Dzisiaj 8 marca, obchodzimy Dzie\u0144 Kobiet! Cho\u0107 to \u015bwiecka uroczysto\u015b\u0107, pami\u0119tajmy w&nbsp;modlitwach o wszystkich kobietach, zw\u0142aszcza o tych najbardziej utrudzonych matkach wielodzietnych rodzin, o samotnych pannach i wdowach, o kobietach poni\u017canych i&nbsp;prze\u015bladowanych w wielu cz\u0119\u015bciach \u015bwiata. Wszak kobiety wype\u0142niaj\u0105 szczeg\u00f3ln\u0105 rol\u0119 w&nbsp;\u015bwiecie, w Ko\u015bciele i rodzinie. Polecajmy ich trud i \u017cycie Panu Bogu i Maryi, kt\u00f3ra jest najpi\u0119kniejszym wzorem \u017cony i matki.<\/p>\n<p>4. W przysz\u0142\u0105 niedziel\u0119 po&nbsp; o godz. 10.30 r\u00f3\u017caniec za zmar\u0142ych polecanych w wypominkach z Sobonia.<\/p>\n<p>5. Tak\u017ce w przysz\u0142\u0105 niedziel\u0119 po Mszy \u015bwi\u0119tej o godz. 11.00 spotkanie z rodzicami kandydat\u00f3w do bierzmowania.<\/p>\n<p>6. W \u015brod\u0119 11.03 o godz. 10.00 odb\u0119dzie zbi\u00f3rka elektro\u015bmieci na parkingu przed ko\u015bcio\u0142em.<\/p>\n<p>7. W lutym na remont ko\u015bcio\u0142a z\u0142o\u017cono 3900 z\u0142. B\u00f3g zap\u0142a\u0107.<\/p>\n<p>8. Dzi\u0119kuj\u0119 ks. dr Mariuszowi \u015awidrowi za przyj\u0119cie zaproszenia i poprowadzenia rekolekcji.<\/p>\n<p>9. Na o\u0142tarzu bocznym wystawione s\u0105 baranki wielkanocne w cenie 10.00 z\u0142.<\/p>\n<p>10. Dzi\u0119kuj\u0119 za sprz\u0105tanie ko\u015bcio\u0142a rodzinom Marianna Szyma\u0144ska, Piotr Pi\u00f3rek, Miros\u0142aw Jaworowski &nbsp;z Wierzbna. W przysz\u0142ym tygodniu zapraszam rodziny Wojciech Popowski, Karol Potrykus, Mariusz Replin z Wierzbna.<\/p>\n<p>11. Na stoliku wy\u0142o\u017cony jest nowy numer Echa katolickiego .<\/p>\n<p>12. Wszystkim solenizantom i jubilatom, kt\u00f3rzy b\u0119d\u0105 prze\u017cywali swoje \u015bwi\u0119to w najbli\u017cszych dniach, \u017cycz\u0119 Bo\u017cego b\u0142og. i obfito\u015bci Bo\u017cych \u0142ask.<\/p>\n<h4 style=\"text-align: center;\"><strong>DRUGA NIEDZIELA WIELKIEGO POSTU<br \/>\n1 marca 2026<br \/>\n<\/strong><strong>OG\u0141OSZENIA DUSZPASTERSKIE<\/strong><\/h4>\n<p>1. Dzi\u015b przypada druga niedziela Wielkiego Postu. Ko\u015bci\u00f3\u0142 na r\u00f3\u017cne sposoby pragnie nam pom\u00f3c, aby\u015bmy ten \u015bwi\u0119ty czas prze\u017cywali z jak najwi\u0119kszym po\u017cytkiem. Czyni to zw\u0142aszcza przez g\u0142oszenie s\u0142owa Bo\u017cego oraz sprawowanie sakramentu pojednania i pokuty.<\/p>\n<p>2. W Ko\u015bciele powszechnym prze\u017cywamy niedziel\u0119 Ad Gentes \u2013 Dzie\u0144 Modlitw, Postu i&nbsp;Solidarno\u015bci z Misjonarzami. Naszymi modlitwami obejmujemy tych, kt\u00f3rzy g\u0142osz\u0105 Ewangeli\u0119 na kra\u0144cach ziemi. Oni cz\u0119sto na wz\u00f3r Chrystusa cierpi\u0105 prze\u015bladowania i p\u0142ac\u0105 najwy\u017csz\u0105 cen\u0119 z w\u0142asnego \u017cycia za swoj\u0105 s\u0142u\u017cb\u0119 Bogu i cz\u0142owiekowi. Do puszek sk\u0142adamy ofiary na dzie\u0142o pomocy Ad Gentes.<\/p>\n<p>3. Dzisiaj przypada te\u017c \u015bwi\u0119to pa\u0144stwowe: Narodowy Dzie\u0144 Pami\u0119ci \u201e\u017bo\u0142nierzy Wykl\u0119tych\u201d. Upami\u0119tnia ono \u017co\u0142nierzy antykomunistycznych i niepodleg\u0142o\u015bciowego podziemia, zosta\u0142o ustanowione w 2011 roku przez Sejm Rzeczypospolitej Polskiej. Pami\u0119tajmy w osobistych modlitwach o tych, kt\u00f3rzy dla naszej Ojczyzny z\u0142o\u017cyli najwy\u017csz\u0105 ofiar\u0119 ze swojego \u017cycia.<\/p>\n<p>4. . W tym tygodniu przypada pierwszy czwartek, pierwszy pi\u0105tek i pierwsza sobota miesi\u0105ca.<\/p>\n<p>5. W \u015brod\u0119, 4 marca, w liturgii czcimy \u015awi\u0119tego Kazimierza (1458-1484), polskiego kr\u00f3lewicza, kt\u00f3ry swym bogobojnym \u017cyciem udowodni\u0142, \u017ce w\u0142adza wcale nie musi by\u0107 okazj\u0105 do nadu\u017cy\u0107, korupcji ani wy\u015bcigu w gromadzeniu doczesnego bogactwa. Jest to te\u017c dzie\u0144 imienin ks. Bpa Kazimierza, pami\u0119tajmy o nim w naszych modlitwach.<\/p>\n<p>6. W najbli\u017cszy pi\u0105tek rozpoczniemy nasze parafialne rekolekcje, kt\u00f3re poprowadzi ks. dr Mariusz \u015awider wyk\u0142adowca w naszym seminarium. W pi\u0105tek i w sobot\u0119 Msze \u015bwi\u0119te o godz. 10.00; 12.00 i 18.00; w niedziel\u0119 o 9.00 i 11.00. W niedziel\u0119 b\u0119dziemy dzi\u0119kowa\u0107 Panu Bogu i ks. Rekolekcjoni\u015bcie. Ofiary sk\u0142adane na tac\u0119 s\u0105 przeznaczone do dyspozycji ks. Rekolekcjonisty.<\/p>\n<p>7. W pi\u0105tek o 18.00 Droga Krzy\u017cowa a w niedziel\u0119 o 12.00 Gorzkie \u017cale.<\/p>\n<p>8. W Przysz\u0142\u0105 niedziel\u0119 po Mszy \u015bwi\u0119tej o godz. 9.00 zmiana tajemnic r\u00f3\u017ca\u0144ca dla rodzic\u00f3w modl\u0105cych si\u0119 za dzieci, a po Mszy \u015bwi\u0119tej o godz. 11.00 zmiana tajemnic r\u00f3\u017ca\u0144ca dla K\u017bR m\u0119\u017cczyzn.<\/p>\n<p>9. Na o\u0142tarzu bocznym wystawione s\u0105 baranki wielkanocne w cenie 10.00 z\u0142.<\/p>\n<p>10. Dzi\u0119kuj\u0119 za sprz\u0105tanie ko\u015bcio\u0142a rodzinom Mieczys\u0142aw Wal\u0119cki, Dariusz Wal\u0119cki, Witold Pi\u00f3rek &nbsp;z Wierzbna. W przysz\u0142ym tygodniu zapraszam rodziny Marianna Szyma\u0144ska, Piotr Pi\u00f3rek, Miros\u0142aw Jaworowski z Wierzbna.<\/p>\n<p>11. Na stoliku wy\u0142o\u017cony jest nowy numer Echa katolickiego .<\/p>\n<p>12. Wszystkim solenizantom i jubilatom, kt\u00f3rzy b\u0119d\u0105 prze\u017cywali swoje \u015bwi\u0119to w najbli\u017cszych dniach, \u017cycz\u0119 Bo\u017cego b\u0142og. i obfito\u015bci Bo\u017cych \u0142ask.<\/p>\n","protected":false},"excerpt":{"rendered":"<p>Powr\u00f3t do listy og\u0142osze\u0144 NIEDZIELA PALMOWA, CZYLI M\u0118KI PA\u0143SKIEJ 29 marca 2026 OG\u0141OSZENIA DUSZPASTERSKIE 1. Dzisiejsza Niedziela Palmowa wprowadza nas w tajemnic\u0119 Wielkiego Tygodnia. Tak jak Pan Jezus wszed\u0142 do Jerozolimy, tak przychodzi dzi\u015b do ka\u017cdego z nas. Oby nie okaza\u0142o si\u0119 jednak, \u017ce stoimy w t\u0142umie, kt\u00f3ry wo\u0142a: \u201eHosanna\u201d, a za chwil\u0119 b\u0119dzie wo\u0142a\u0142: \u201eNa krzy\u017c z&nbsp;Nim!\u201d. Podczas wszystkich Mszy \u015awi\u0119tych ma miejsce obrz\u0119d b\u0142ogos\u0142awienia palm. 2. Zbli\u017caj\u0105 si\u0119 najwa\u017cniejsze dni w ca\u0142ym roku liturgicznym \u2013 \u015awi\u0119te Triduum Paschalne oraz \u015bwi\u0119ta Zmartwychwstania Pa\u0144skiego. Aby rzeczywi\u015bcie je owocnie i pi\u0119knie prze\u017cy\u0107, oczy\u015b\u0107my nasze serca, pozw\u00f3lmy, aby Pan nas przemieni\u0142, uczyni\u0142 lepszymi. Okazja do spowiedzi \u015bwi\u0119tej w&nbsp; Wielki Pi\u0105tek od godz. 21.00 do godz. 23.00. \u015awi\u0119te Triduum Paschalne rozpocznie si\u0119 w Wielki Czwartek wieczorem o godz. 18.00 Msz\u0105 \u015awi\u0119t\u0105 Wieczerzy Pa\u0144skiej. B\u0119dziemy dzi\u0119kowali za dwa sakramenty: Eucharysti\u0119 i&nbsp;kap\u0142a\u0144stwo. Po sko\u0144czonej liturgii przeniesiemy procesyjnie Naj\u015bwi\u0119tszy Sakrament do przygotowanego o\u0142tarza adoracji gdzie b\u0119dziemy \u2026 <a class=\"continue-reading-link\" href=\"https:\/\/www.parafiawierzbno.com.pl\/?page_id=11476\">Czytaj dalej <span class=\"meta-nav\">&rarr; <\/span><\/a><\/p>\n","protected":false},"author":1,"featured_media":0,"parent":225,"menu_order":0,"comment_status":"closed","ping_status":"closed","template":"","meta":{"ngg_post_thumbnail":0},"_links":{"self":[{"href":"https:\/\/www.parafiawierzbno.com.pl\/index.php?rest_route=\/wp\/v2\/pages\/11476"}],"collection":[{"href":"https:\/\/www.parafiawierzbno.com.pl\/index.php?rest_route=\/wp\/v2\/pages"}],"about":[{"href":"https:\/\/www.parafiawierzbno.com.pl\/index.php?rest_route=\/wp\/v2\/types\/page"}],"author":[{"embeddable":true,"href":"https:\/\/www.parafiawierzbno.com.pl\/index.php?rest_route=\/wp\/v2\/users\/1"}],"replies":[{"embeddable":true,"href":"https:\/\/www.parafiawierzbno.com.pl\/index.php?rest_route=%2Fwp%2Fv2%2Fcomments&post=11476"}],"version-history":[{"count":6,"href":"https:\/\/www.parafiawierzbno.com.pl\/index.php?rest_route=\/wp\/v2\/pages\/11476\/revisions"}],"predecessor-version":[{"id":11487,"href":"https:\/\/www.parafiawierzbno.com.pl\/index.php?rest_route=\/wp\/v2\/pages\/11476\/revisions\/11487"}],"up":[{"embeddable":true,"href":"https:\/\/www.parafiawierzbno.com.pl\/index.php?rest_route=\/wp\/v2\/pages\/225"}],"wp:attachment":[{"href":"https:\/\/www.parafiawierzbno.com.pl\/index.php?rest_route=%2Fwp%2Fv2%2Fmedia&parent=11476"}],"curies":[{"name":"wp","href":"https:\/\/api.w.org\/{rel}","templated":true}]}}