{"id":11489,"date":"2026-04-06T21:16:27","date_gmt":"2026-04-06T19:16:27","guid":{"rendered":"https:\/\/www.parafiawierzbno.com.pl\/?page_id=11489"},"modified":"2026-04-13T12:57:45","modified_gmt":"2026-04-13T10:57:45","slug":"ogloszenia-kwiecien-2026","status":"publish","type":"page","link":"https:\/\/www.parafiawierzbno.com.pl\/?page_id=11489","title":{"rendered":"Og\u0142oszenia &#8211; Kwiecie\u0144 2026"},"content":{"rendered":"<p><a title=\"Og\u0142oszenia parafialne\" href=\"https:\/\/www.parafiawierzbno.com.pl\/?page_id=225\">Powr\u00f3t do listy og\u0142osze\u0144<\/a><\/p>\n<h4 style=\"text-align: center;\"><strong>DRUGA NIEDZIELA WIELKANOCY,<br \/>\n12 kwietnia 2026<br \/>\n<\/strong><strong>CZYLI MI\u0141OSIERDZIA BO\u017bEGO<br \/>\n<\/strong><strong>OG\u0141OSZENIA DUSZPASTERSKIE<\/strong><\/h4>\n<p>1. Dzi\u015b przypada Niedziela Mi\u0142osierdzia Bo\u017cego. \u015amier\u0107 i zmartwychwstanie Chrystusa najdobitniej przekonuj\u0105 nas o tym, \u017ce B\u00f3g jest mi\u0142o\u015bci\u0105, \u017ce potrafi jedynie kocha\u0107 i&nbsp;przebacza\u0107. Jako Ko\u015bci\u00f3\u0142, nape\u0142nieni paschaln\u0105 rado\u015bci\u0105, mamy teraz tylko jedno zadanie: g\u0142osi\u0107 i uobecnia\u0107 mi\u0142osierdzie Boga objawione w Jezusie Chrystusie, kt\u00f3ry cierpia\u0142 za grzeszny \u015bwiat, prawdziwie zmartwychwsta\u0142 i \u017cywy jest po\u015br\u00f3d nas. Warto w tym miejscu przypomnie\u0107 s\u0142owa \u015awi\u0119tego Jana Paw\u0142a II wypowiedziane w 2002 roku w \u0141agiewnikach: \u201eTrzeba przekazywa\u0107 \u015bwiatu ogie\u0144 mi\u0142osierdzia. W mi\u0142osierdziu Boga \u015bwiat znajdzie pok\u00f3j, a&nbsp;cz\u0142owiek szcz\u0119\u015bcie! To zadanie powierzam wam, drodzy bracia i siostry, Ko\u015bcio\u0142owi w&nbsp;Krakowie i w Polsce oraz wszystkim czcicielom Bo\u017cego mi\u0142osierdzia, kt\u00f3rzy tutaj przybywa\u0107 b\u0119d\u0105 z Polski i z ca\u0142ego \u015bwiata. B\u0105d\u017acie \u015bwiadkami mi\u0142osierdzia!\u201d. Jako uczniowie Chrystusa uobecniaj\u0105cego mi\u0142osierdzie Bo\u017ce, g\u0142o\u015bmy je \u015bwiatu i okazujmy je wszystkim braciom i siostrom.<\/p>\n<p>2. Dzisiaj po Mszy \u015bwi\u0119tej o godz. 9.00 zmiana tajemnic r\u00f3\u017ca\u0144ca dla rodzic\u00f3w modl\u0105cych si\u0119 za dzieci, o 10.30 r\u00f3\u017caniec za zmar\u0142ych polecanych w wypominkach z Helenowa i Lasu Jaworskiego, a po Mszy \u015bwi\u0119tej o godz. 11.00 zmiana tajemnic r\u00f3\u017ca\u0144ca dla K\u017bR m\u0119\u017cczyzn.<\/p>\n<p>3. Dzisiaj obchodzimy te\u017c patronalne \u015bwi\u0119to Caritas i rozpoczynamy Tydzie\u0144 Mi\u0142osierdzia. Do 2012 roku Tydzie\u0144 Mi\u0142osierdzia obchodzony by\u0142 w pa\u017adzierniku, a od 2013 rozpoczyna si\u0119 on w drug\u0105 niedziel\u0119 Wielkanocy, w \u015bwi\u0119to Mi\u0142osierdzia Bo\u017cego. Do\u015bwiadczaj\u0105c bowiem mi\u0142osierdzia Bo\u017cego, sami powinni\u015bmy by\u0107 mi\u0142osierni dla naszych si\u00f3str i braci. St\u0105d te\u017c dzisiaj ofiarami na tac\u0119 wspieramy dobre dzie\u0142a naszej diecezjalnej Caritas.<\/p>\n<p>4.W najbli\u017cszy wtorek, 14 kwietnia, przypada pa\u0144stwowe \u015bwi\u0119to Chrztu Polski ustanowione przez Sejm Rzeczypospolitej Polskiej w 2019 roku, kt\u00f3re ma nam przypomina\u0107 o&nbsp;chrze\u015bcija\u0144skich korzeniach naszego narodu.<\/p>\n<p>5. W sobot\u0119 na Mszy \u015bwi\u0119tej o godz. 16.00 o\u015bmioro kandydat\u00f3w z naszej parafii przyjmie sakrament bierzmowania.<\/p>\n<p>6. Przysz\u0142a niedziela b\u0119dzie obchodzona jako Niedziela Biblijna, kt\u00f3ra rozpocznie nast\u0119puj\u0105cy po niej Tydzie\u0144 Biblijny.<\/p>\n<p>7. Dzi\u0119kuj\u0119 za sprz\u0105tanie ko\u015bcio\u0142a rodzinom Grzegorz Wojty\u0144ski, Kazimierz \u017belazowski, Robert Cieniewski z W\u00f3lki. W przysz\u0142ym tygodniu zapraszam rodzic\u00f3w kandydat\u00f3w do bierzmowania<\/p>\n<p>8. Na stoliku wy\u0142o\u017cony jest nowy numer Echa katolickiego.<\/p>\n<p>9. Wszystkim solenizantom i jubilatom, kt\u00f3rzy b\u0119d\u0105 prze\u017cywali swoje \u015bwi\u0119to w najbli\u017cszych dniach, \u017cycz\u0119 Bo\u017cego b\u0142og. i obfito\u015bci Bo\u017cych \u0142ask.<\/p>\n<h4 style=\"text-align: center;\"><strong>NIEDZIELA WIELKANOCNA<br \/>\n5 kwietnia 2026<\/strong><strong>ZMARTWYCHWSTANIA PA\u0143SKIEGO<br \/>\n<\/strong><strong>Msza w dzie\u0144<br \/>\n<\/strong><strong>OG\u0141OSZENIA DUSZPASTERSKIE<\/strong><\/h4>\n<p>1. Mi\u0142o\u015b\u0107 ostatecznie zwyci\u0119\u017ca \u015bmier\u0107, zatem przyobleczmy nasze \u017cycie w zwyci\u0119sk\u0105 mi\u0142o\u015b\u0107 Ojca i jej do\u015bwiadczajmy. Grzech i jego owoc, to znaczy \u015bmier\u0107, nie jest ju\u017c w stanie zagrodzi\u0107 nam drogi do domu Ojca. Przez Jezusa w Duchu \u015awi\u0119tym mamy na zawsze otwarty dost\u0119p do Ojca. Niech to b\u0119dzie najlepsze wielkanocne \u017cyczenie: aby ka\u017cdy z nas do\u015bwiadczy\u0142 i przyj\u0105\u0142 t\u0119 zwyci\u0119sk\u0105 mi\u0142o\u015b\u0107 Boga Ojca. Ogarni\u0119ci mi\u0142o\u015bci\u0105 Bo\u017c\u0105 i nadziej\u0105, dzielmy si\u0119 tymi darami z naszymi bra\u0107mi. Potrzeba bowiem tej mi\u0142o\u015bci i nadziei w ka\u017cdym wymiarze naszego \u017cycia, zw\u0142aszcza spo\u0142ecznym i narodowym.<\/p>\n<p>2. Niedziela Zmartwychwstania Pa\u0144skiego ko\u0144czy \u015awi\u0119te Triduum Paschalne. W ramach oktawy Wielkanocy jutro przypada drugi dzie\u0144 \u015bwi\u0105t \u2013 Poniedzia\u0142ek Wielkanocny. Zadbajmy o udzia\u0142 we Mszy \u015awi\u0119tej. Zach\u0119cam tak\u017ce, o ile to mo\u017cliwe, do uczestnictwa we Mszach \u015awi\u0119tych przez ca\u0142\u0105 oktaw\u0119 Wielkanocy (ka\u017cdy z jej dni ma liturgiczn\u0105 rang\u0119 uroczysto\u015bci), Za\u015b w najbli\u017cszy pi\u0105tek, przypadaj\u0105cy r\u00f3wnie\u017c w oktawie Wielkanocy, nie obowi\u0105zuje wstrzemi\u0119\u017aliwo\u015b\u0107 od potraw mi\u0119snych. W ramach \u015bwi\u0105tecznego popo\u0142udniowego wypoczynku pami\u0119tajmy tak\u017ce o chwili modlitwy przy grobach naszych najbli\u017cszych, kt\u00f3rzy przez chrzest zostali wszczepieni w&nbsp;Chrystusa i teraz oczekuj\u0105 na pe\u0142ny udzia\u0142 w Jego zmartwychwstaniu.<\/p>\n<p>4. W Poniedzia\u0142ek Wielkanocny, 6 kwietnia, tradycyjnie z\u0142o\u017cymy ofiary na Katolicki Uniwersytet Lubelski, na uczelnie i wydzia\u0142y teologiczne oraz szko\u0142y katolickie w Polsce..<\/p>\n<p>5. Przysz\u0142\u0105 niedziel\u0119 \u2013 drug\u0105 niedziel\u0119 Wielkanocy \u2013 b\u0119dziemy obchodzili jako Niedziel\u0119 Mi\u0142osierdzia Bo\u017cego. Niedziela ta zainauguruje r\u00f3wnie\u017c Tydzie\u0144 Mi\u0142osierdzia. Niedziela ta zako\u0144czy r\u00f3wnie\u017c oktaw\u0119 Wielkanocy. Ofiary sk\u0142adane na tac\u0119 b\u0119d\u0105 przeznaczone na Caritas.<\/p>\n<p>Nowenna do Mi\u0142osierdzia Bo\u017cego w dni powszednie po Mszy \u015bwi\u0119tej wieczorowej.<\/p>\n<p>6. W tym tygodniu we czwartek rozpocznie si\u0119 nowenna do Ducha \u015awi\u0119tego dla kandydat\u00f3w przygotowuj\u0105cych si\u0119 do przyj\u0119cia sakramentu bierzmowania. Codziennie po Mszy \u015bwi\u0119tej wieczorowej.<\/p>\n<p>7. Dzi\u0119kuj\u0119 Marianie z Denisem, Przemys\u0142awowi G\u00f3rskiemu, Krzysztofowi Jaworowskiemu, Natalii Kisiel, S\u0142awomirowi Mrozowi, Aleksandrze Polkowskiej, Marzenie Szcz\u0119snej, Micha\u0142owi Wasowskiemu, Dariuszowi Wr\u00f3blewskiemu, kt\u00f3rzy pomagali p. Anecie Miklaszewskiej przygotowa\u0107 dekoracj\u0119 \u015bwi\u0105teczn\u0105. Druhom stra\u017cakom za pe\u0142nienie warty przy Grobie Pa\u0144skim.<\/p>\n<p>8. Dzi\u0119kuj\u0119 za sprz\u0105tanie ko\u015bcio\u0142a rodzinom Wojciech Kruszewski, Jolanta Bzoch, Teresa Bzoch z W\u00f3lki. W przysz\u0142ym tygodniu zapraszam rodziny Grzegorz Wojty\u0144ski, Kazimierz \u017belazowski, Robert Cieniewski z W\u00f3lki.<\/p>\n<p>9. Na stoliku wy\u0142o\u017cony jest nowy numer Echa katolickiego.<\/p>\n<p>10. Wszystkim solenizantom i jubilatom, kt\u00f3rzy b\u0119d\u0105 prze\u017cywali swoje \u015bwi\u0119to w najbli\u017cszych dniach, \u017cycz\u0119 Bo\u017cego b\u0142og. i obfito\u015bci Bo\u017cych \u0142ask.<\/p>\n","protected":false},"excerpt":{"rendered":"<p>Powr\u00f3t do listy og\u0142osze\u0144 DRUGA NIEDZIELA WIELKANOCY, 12 kwietnia 2026 CZYLI MI\u0141OSIERDZIA BO\u017bEGO OG\u0141OSZENIA DUSZPASTERSKIE 1. Dzi\u015b przypada Niedziela Mi\u0142osierdzia Bo\u017cego. \u015amier\u0107 i zmartwychwstanie Chrystusa najdobitniej przekonuj\u0105 nas o tym, \u017ce B\u00f3g jest mi\u0142o\u015bci\u0105, \u017ce potrafi jedynie kocha\u0107 i&nbsp;przebacza\u0107. Jako Ko\u015bci\u00f3\u0142, nape\u0142nieni paschaln\u0105 rado\u015bci\u0105, mamy teraz tylko jedno zadanie: g\u0142osi\u0107 i uobecnia\u0107 mi\u0142osierdzie Boga objawione w Jezusie Chrystusie, kt\u00f3ry cierpia\u0142 za grzeszny \u015bwiat, prawdziwie zmartwychwsta\u0142 i \u017cywy jest po\u015br\u00f3d nas. Warto w tym miejscu przypomnie\u0107 s\u0142owa \u015awi\u0119tego Jana Paw\u0142a II wypowiedziane w 2002 roku w \u0141agiewnikach: \u201eTrzeba przekazywa\u0107 \u015bwiatu ogie\u0144 mi\u0142osierdzia. W mi\u0142osierdziu Boga \u015bwiat znajdzie pok\u00f3j, a&nbsp;cz\u0142owiek szcz\u0119\u015bcie! To zadanie powierzam wam, drodzy bracia i siostry, Ko\u015bcio\u0142owi w&nbsp;Krakowie i w Polsce oraz wszystkim czcicielom Bo\u017cego mi\u0142osierdzia, kt\u00f3rzy tutaj przybywa\u0107 b\u0119d\u0105 z Polski i z ca\u0142ego \u015bwiata. B\u0105d\u017acie \u015bwiadkami mi\u0142osierdzia!\u201d. Jako uczniowie Chrystusa uobecniaj\u0105cego mi\u0142osierdzie Bo\u017ce, g\u0142o\u015bmy je \u015bwiatu i okazujmy je wszystkim braciom i siostrom. 2. Dzisiaj po Mszy \u2026 <a class=\"continue-reading-link\" href=\"https:\/\/www.parafiawierzbno.com.pl\/?page_id=11489\">Czytaj dalej <span class=\"meta-nav\">&rarr; <\/span><\/a><\/p>\n","protected":false},"author":1,"featured_media":0,"parent":225,"menu_order":0,"comment_status":"closed","ping_status":"closed","template":"","meta":{"ngg_post_thumbnail":0},"_links":{"self":[{"href":"https:\/\/www.parafiawierzbno.com.pl\/index.php?rest_route=\/wp\/v2\/pages\/11489"}],"collection":[{"href":"https:\/\/www.parafiawierzbno.com.pl\/index.php?rest_route=\/wp\/v2\/pages"}],"about":[{"href":"https:\/\/www.parafiawierzbno.com.pl\/index.php?rest_route=\/wp\/v2\/types\/page"}],"author":[{"embeddable":true,"href":"https:\/\/www.parafiawierzbno.com.pl\/index.php?rest_route=\/wp\/v2\/users\/1"}],"replies":[{"embeddable":true,"href":"https:\/\/www.parafiawierzbno.com.pl\/index.php?rest_route=%2Fwp%2Fv2%2Fcomments&post=11489"}],"version-history":[{"count":3,"href":"https:\/\/www.parafiawierzbno.com.pl\/index.php?rest_route=\/wp\/v2\/pages\/11489\/revisions"}],"predecessor-version":[{"id":11495,"href":"https:\/\/www.parafiawierzbno.com.pl\/index.php?rest_route=\/wp\/v2\/pages\/11489\/revisions\/11495"}],"up":[{"embeddable":true,"href":"https:\/\/www.parafiawierzbno.com.pl\/index.php?rest_route=\/wp\/v2\/pages\/225"}],"wp:attachment":[{"href":"https:\/\/www.parafiawierzbno.com.pl\/index.php?rest_route=%2Fwp%2Fv2%2Fmedia&parent=11489"}],"curies":[{"name":"wp","href":"https:\/\/api.w.org\/{rel}","templated":true}]}}