{"id":13,"date":"2014-04-24T08:03:18","date_gmt":"2014-04-24T06:03:18","guid":{"rendered":"https:\/\/www.parafiawierzbno.com.pl\/?page_id=13"},"modified":"2020-12-01T10:43:38","modified_gmt":"2020-12-01T09:43:38","slug":"rys-historyczny","status":"publish","type":"page","link":"https:\/\/www.parafiawierzbno.com.pl\/?page_id=13","title":{"rendered":"Rys historyczny"},"content":{"rendered":"<p lang=\"pl-PL\">Parafia Wierzbno<\/p>\n<p lang=\"pl-PL\">Parafia rzymsko-katolicka w Wierzbnie, znajduj\u0105ca si\u0119 w granicach diecezji siedleckiej, zosta\u0142a erygowana 18 listopada 1583 roku dzi\u0119ki staraniom i fundacji wojewodziny krakowskiej Doroty z Gorynskich Barzowej z Ojrzanowa, w dobrach swego syna Stanis\u0142awa Mi\u0144skiego w Wierzbnie. W tym czasie parafia nale\u017ca\u0142a do diecezji pozna\u0144skiej w dekanacie liwskim. \u0179r\u00f3d\u0142a podaj\u0105, \u017ce pierwszym kap\u0142anem w parafii by\u0142 ks. Franciszek D\u0119bski. Z chwil\u0105 erekcji parafii wzniesiono ko\u015bci\u00f3\u0142 drewniany, kt\u00f3ry prawdopodobni sp\u0142on\u0105\u0142 sto lat p\u00f3\u017aniej. Drugi ko\u015bci\u00f3\u0142 drewniany ze \u015bcian\u0105 frontow\u0105 murowan\u0105, wybudowa\u0142 w 1686 roku, miecznik ziemi liwskiej i dziedzic Wierzbna &#8211; Miko\u0142aj Wodzi\u0144ski. Konsekracji \u015bwi\u0105tyni dokona\u0142 biskup Hieronim Wierzbowski, sufragan diecezji pozna\u0144skiej.<\/p>\n<p lang=\"pl-PL\">W archiwum parafialnym przechowywane s\u0105 dokumenty \u017ar\u00f3d\u0142owe, datowane od 1 po\u0142owy XVII wieku. Licznie przetrwa\u0142y dokumenty dotycz\u0105ce parafii z XVII i XVIII wieku, pisane przez w\u0142a\u015bcicieli tutejszych d\u00f3br Wodzi\u0144skich, mi\u0119dzy innymi dokument z 10 pa\u017adziernika 1752 roku, pisany przez kollatora (opiekuna) parafii Wierzbno Konstantyna Wodzi\u0144skiego, podkomorzego ziemi liwskiej dziedzica Wierzbna, a skierowany do Teodora Czartoryskiego, ksi\u0119cia na Klewaniu (Wo\u0142yniu) i \u0141ukowie oraz biskupa pozna\u0144skiego i generalnego oficja\u0142a. W pi\u015bmie tym Wodzi\u0144ski proteguje ks. Ludwika Jacka Archici\u0144skiego na proboszcza parafii Wierzbno, w miejsce poprzedniego proboszcza ks. Antoniego Wyrzykowskiego.<\/p>\n<p lang=\"pl-PL\">Parafia prowadzi\u0142a dzia\u0142alno\u015b\u0107 charytatywn\u0105, przez wiele lat funkcjonowa\u0142 szpital, opisywany w dziewi\u0119tnastowiecznych dokumentach jako budynek trzyizbowy i okre\u015blany jako stary. By\u0142 te\u017c dom dla s\u0142u\u017cb ko\u015bcielnych popularnie zwany &#8222;Lepianka&#8221;, od kt\u00f3rego wzi\u0119\u0142a nazw\u0119 jedna z dzielnic Wierzbna.<\/p>\n<p lang=\"pl-PL\">Ko\u015bci\u00f3\u0142 wybudowany przez Miko\u0142aja Wodzi\u0144skiego w 1686 roku zosta\u0142 zniszczony przez huragan jaki przeszed\u0142 przez te tereny 21 czerwca 1855 roku. Z tego drewniano-murowanego ko\u015bcio\u0142a ocala\u0142a jedynie solidnie wymurowana \u015bciana frontowa. Nast\u0119pny, trzeci z kolei, ju\u017c ca\u0142y murowany ko\u015bci\u00f3\u0142 wzniesiono w latach 1855-1856, wykorzystuj\u0105c przy tym zachowan\u0105 \u015bcian\u0119 frontow\u0105. Fundatorami ko\u015bcio\u0142a byli Helena i Micha\u0142 \u015awiniarscy, w\u0142a\u015bciciele d\u00f3br Wierzbno. Budow\u0119 ko\u015bcio\u0142a prowadzi\u0142 majster Tadeusz Ma\u0142kowski. W ksi\u0119dze historycznej ko\u015bcio\u0142a parafii Wierzbno odnotowano te\u017c, \u017ce przy budowie ko\u015bcio\u0142a wielce zas\u0142u\u017cy\u0142 si\u0119 \u00f3wczesny proboszcz ks. Jan Niemyski oraz tutejsi parafianie. Konsekracji \u015bwi\u0105tyni dokonano w 1856 roku. W 1866 roku wzniesiono na osi ko\u015bcio\u0142a przed frontem okaza\u0142\u0105, dwukondygnacyjn\u0105 dzwonnic\u0119.<\/p>\n<p lang=\"pl-PL\">Przed wej\u015bciem do ko\u015bcio\u0142a od strony wschodniej znajduje si\u0119 mogi\u0142a poleg\u0142ych w boju powsta\u0144c\u00f3w 1863 roku. nale\u017celi oni do trzyosobowego oddzia\u0142u Kazimierz Kobyli\u0144skiego, kt\u00f3ry zosta\u0142 okr\u0105\u017cony i rozbity przez wojska carskie pod pobliskim \u015awidnem i Eminem. Z pola bitwy zebrano 17 poleg\u0142ych powsta\u0144c\u00f3w w tym tutejszych parafian i pochowano we wsp\u00f3lnej mogile przy ko\u015bciele.<\/p>\n<p lang=\"pl-PL\">Rok 2000 jubileuszowy, by\u0142 przez parafi\u0119 szczeg\u00f3lnie czczony. W 1999 roku mia\u0142y miejsce Misje Jubileuszowe, co zosta\u0142o upami\u0119tnione ustawieniem przed frontem ko\u015bcio\u0142a olbrzymiego drewnianego krzy\u017ca. Jeszcze w tym roku wok\u00f3\u0142 krzy\u017ca urz\u0105dzono symboliczn\u0105 Golgot\u0119 i ustawiono figur\u0119 Matki Bo\u017cej. Ca\u0142e dzie\u0142o jako pami\u0105tka Roku Jubileuszowego, zosta\u0142o po\u015bwi\u0119cone 14 listopada 1999 roku, przez jego Ekscelencj\u0119 biskupa Henryka Tomasika, sufragana diecezji siedleckiej. W latach 1999-2000, parafianie wybudowali od dawna planowan\u0105 now\u0105 plebani\u0119. Innym dzie\u0142em parafian, upami\u0119tniaj\u0105cym Jubileusz Roku 2000, jest wzniesienie monumentalnego pomnika na mogile 17 powsta\u0144c\u00f3w 1863 roku. R\u00f3wnie\u017c w 2000 roku poddano specjalistycznym pracom konserwatorskim obraz Matki Boskiej z Dzieci\u0105tkiem z o\u0142tarza g\u0142\u00f3wnego.<\/p>\n<p lang=\"pl-PL\">W przedstawionym wy\u017cej zarysie historii, wymienieni zostali niekt\u00f3rzy duszpasterze pe\u0142ni\u0105cy sw\u0105 pos\u0142ug\u0119 w parafii Wierzbno, a oto proboszczowie kolejno nastaj\u0105cy od ko\u0144ca XIX wieku do dzi\u015b:<\/p>\n<ul>\n<li>\n<p lang=\"pl-PL\">ks. Rybi\u0144ski<\/p>\n<\/li>\n<li>\n<p lang=\"pl-PL\">ks. Teofil Osi\u0144ski<\/p>\n<\/li>\n<li>\n<p lang=\"pl-PL\">ks. Harasim<\/p>\n<\/li>\n<li>\n<p lang=\"pl-PL\">ks. Edward Kurdzia\u0142ek<\/p>\n<\/li>\n<li>\n<p lang=\"pl-PL\">ks. Eugeniusz Borkowski do roku 1944<\/p>\n<\/li>\n<li>\n<p lang=\"pl-PL\">ks. Marian Olszak 1944 &#8211; 1951<\/p>\n<\/li>\n<li>\n<p lang=\"pl-PL\">ks. Antoni Norwa 1951 &#8211; 1962<\/p>\n<\/li>\n<li>\n<p lang=\"pl-PL\">ks. Micha\u0142 Drabarek 1962 &#8211; 1965<\/p>\n<\/li>\n<li>\n<p lang=\"pl-PL\">ks. Leon Ryder 1965 &#8211; 1980<\/p>\n<\/li>\n<li>\n<p lang=\"pl-PL\">ks. Wies\u0142aw G\u0142owacki 1978 &#8211; 1986<\/p>\n<\/li>\n<li>\n<p lang=\"pl-PL\">ks. Henryk Drozdek 1986 &#8211; 1998<\/p>\n<\/li>\n<li>\n<p lang=\"pl-PL\">ks. Stanis\u0142aw Dadas 1998 &#8211; 2007<\/p>\n<\/li>\n<li>\n<p lang=\"pl-PL\">ks. Jan Mroczek 2007 &#8211; 2013<\/p>\n<\/li>\n<li>\n<p lang=\"pl-PL\">ks. Kazimierz J\u00f3\u017awik 2013 &#8211; 2020.<\/p>\n<\/li>\n<li>ks. Alfred Wasilak 2020 &#8211; obecnie.<\/li>\n<\/ul>\n<p>&nbsp;<\/p>\n","protected":false},"excerpt":{"rendered":"<p>Parafia Wierzbno Parafia rzymsko-katolicka w Wierzbnie, znajduj\u0105ca si\u0119 w granicach diecezji siedleckiej, zosta\u0142a erygowana 18 listopada 1583 roku dzi\u0119ki staraniom i fundacji wojewodziny krakowskiej Doroty z Gorynskich Barzowej z Ojrzanowa, w dobrach swego syna Stanis\u0142awa Mi\u0144skiego w Wierzbnie. W tym czasie parafia nale\u017ca\u0142a do diecezji pozna\u0144skiej w dekanacie liwskim. \u0179r\u00f3d\u0142a podaj\u0105, \u017ce pierwszym kap\u0142anem w parafii by\u0142 ks. Franciszek D\u0119bski. Z chwil\u0105 erekcji parafii wzniesiono ko\u015bci\u00f3\u0142 drewniany, kt\u00f3ry prawdopodobni sp\u0142on\u0105\u0142 sto lat p\u00f3\u017aniej. Drugi ko\u015bci\u00f3\u0142 drewniany ze \u015bcian\u0105 frontow\u0105 murowan\u0105, wybudowa\u0142 w 1686 roku, miecznik ziemi liwskiej i dziedzic Wierzbna &#8211; Miko\u0142aj Wodzi\u0144ski. Konsekracji \u015bwi\u0105tyni dokona\u0142 biskup Hieronim Wierzbowski, sufragan diecezji pozna\u0144skiej. W archiwum parafialnym przechowywane s\u0105 dokumenty \u017ar\u00f3d\u0142owe, datowane od 1 po\u0142owy XVII wieku. Licznie przetrwa\u0142y dokumenty dotycz\u0105ce parafii z XVII i XVIII wieku, pisane przez w\u0142a\u015bcicieli tutejszych d\u00f3br Wodzi\u0144skich, mi\u0119dzy innymi dokument z 10 pa\u017adziernika 1752 roku, pisany przez kollatora (opiekuna) parafii Wierzbno Konstantyna Wodzi\u0144skiego, podkomorzego ziemi liwskiej \u2026 <a class=\"continue-reading-link\" href=\"https:\/\/www.parafiawierzbno.com.pl\/?page_id=13\">Czytaj dalej <span class=\"meta-nav\">&rarr; <\/span><\/a><\/p>\n","protected":false},"author":1,"featured_media":0,"parent":9,"menu_order":0,"comment_status":"closed","ping_status":"closed","template":"","meta":{"ngg_post_thumbnail":0},"_links":{"self":[{"href":"https:\/\/www.parafiawierzbno.com.pl\/index.php?rest_route=\/wp\/v2\/pages\/13"}],"collection":[{"href":"https:\/\/www.parafiawierzbno.com.pl\/index.php?rest_route=\/wp\/v2\/pages"}],"about":[{"href":"https:\/\/www.parafiawierzbno.com.pl\/index.php?rest_route=\/wp\/v2\/types\/page"}],"author":[{"embeddable":true,"href":"https:\/\/www.parafiawierzbno.com.pl\/index.php?rest_route=\/wp\/v2\/users\/1"}],"replies":[{"embeddable":true,"href":"https:\/\/www.parafiawierzbno.com.pl\/index.php?rest_route=%2Fwp%2Fv2%2Fcomments&post=13"}],"version-history":[{"count":6,"href":"https:\/\/www.parafiawierzbno.com.pl\/index.php?rest_route=\/wp\/v2\/pages\/13\/revisions"}],"predecessor-version":[{"id":10424,"href":"https:\/\/www.parafiawierzbno.com.pl\/index.php?rest_route=\/wp\/v2\/pages\/13\/revisions\/10424"}],"up":[{"embeddable":true,"href":"https:\/\/www.parafiawierzbno.com.pl\/index.php?rest_route=\/wp\/v2\/pages\/9"}],"wp:attachment":[{"href":"https:\/\/www.parafiawierzbno.com.pl\/index.php?rest_route=%2Fwp%2Fv2%2Fmedia&parent=13"}],"curies":[{"name":"wp","href":"https:\/\/api.w.org\/{rel}","templated":true}]}}