{"id":2230,"date":"2014-09-07T08:29:47","date_gmt":"2014-09-07T06:29:47","guid":{"rendered":"https:\/\/www.parafiawierzbno.com.pl\/?page_id=2230"},"modified":"2014-09-28T00:33:48","modified_gmt":"2014-09-27T22:33:48","slug":"ogloszenia-wrzesien-2014","status":"publish","type":"page","link":"https:\/\/www.parafiawierzbno.com.pl\/?page_id=2230","title":{"rendered":"Og\u0142oszenia &#8211; Wrzesie\u0144 2014"},"content":{"rendered":"<p><a title=\"Og\u0142oszenia parafialne\" href=\"https:\/\/www.parafiawierzbno.com.pl\/?page_id=225\">Powr\u00f3t do listy og\u0142osze\u0144<\/a><\/p>\n<h2 align=\"center\"><span style=\"color: #ff0000;\"><b>26 Niedziela zwyk\u0142a \u2013 28 wrze\u015bnia 2014 r.<\/b><\/span><\/h2>\n<p><b>\u00a0<i>1.<\/i><\/b> Z ca\u0142ego serca <b>dzi\u0119kuj\u0119 wszystkim za pomoc w przygotowaniu I Festynu Rodzinnego w Wierzbnie \u201eRodzina g\u00f3r\u0105\u201d<\/b>. Dzi\u0119kuj\u0119 wam za smaczne pierogi, bigos i ciasto, dzi\u0119kuj\u0119 za uczestnictwo w biegu rodzinnym i w zawodach sportowych, dzi\u0119kuj\u0119 naszej scholi parafialnej i zespo\u0142owi \u201eJaworki\u201d, dzi\u0119kuj\u0119 m\u0142odzie\u017cy z gimnazjum, nauczycielom i druhom stra\u017cakom za wsp\u00f3lne dzia\u0142anie. W imieniu <b>dyrektora Zespo\u0142u Szk\u00f3\u0142 p. Krzysztofa Zarzyckiego<\/b> serdecznie dzi\u0119kuj\u0119 wszystkim sponsorom i parafianom za uczestnictwo w naszym festynie. Informuj\u0119, \u017ce doch\u00f3d z ca\u0142ej imprezy wyni\u00f3s\u0142 7\u00a0910 z\u0142 i 40 gr., a jego przeznaczeniem jest ulepszenie boiska szkolnego. Jest w trakcie realizacji film o festynie i b\u0119dzie ju\u017c dost\u0119pny w najbli\u017csz\u0105 niedziel\u0119. Kto pragnie mie\u0107 tak\u0105 p\u0142ytk\u0119 z naszym festynem na pami\u0105tk\u0119, niech wpisze si\u0119 na list\u0119.<\/p>\n<p><b><i>2.<\/i><\/b> Zapraszam dzi\u015b o <b>15.00 na Koronk\u0119 do Mi\u0142osierdzia Bo\u017cego<\/b>, aby modli\u0107 si\u0119 za Ukrain\u0119 i o pok\u00f3j na Bliskim Wschodzie. Dzi\u015b o 16.00 egzamin przed bierzmowaniem dla dziewcz\u0105t, a od 17.00 dla ch\u0142opc\u00f3w. Prosz\u0119 zabra\u0107 indeksy. Informuj\u0119, \u017ce w poniedzia\u0142ek <b>6 pa\u017adziernika o 15.00 <\/b>odb\u0119dzie si\u0119 egzamin dla kandydat\u00f3w do bierzmowania przed wizytatorem kurialnym. Dzi\u015b o 15.30 zapraszam ch\u0119tnych na mecz na boisku szkolnym.<\/p>\n<p><b><i>3.<\/i><\/b> W poniedzia\u0142ek <b>\u015bwi\u0119to Archanio\u0142\u00f3w Micha\u0142a, Gabriela i Rafa\u0142a<\/b>. Zapraszam na Eucharysti\u0119 o godz. 18.00.<\/p>\n<p><b><i>4.<\/i><\/b> W \u015brod\u0119 rozpoczynamy pa\u017adziernik, miesi\u0105c\u00a0 w\u00a0 kt\u00f3rym przez R\u00f3\u017caniec zanosimy nasze modlitwy do Pana Boga. Od pa\u017adziernika Msza \u015bw. w niedziel\u0119 b\u0119dzie sprawowana o 9.00 i o 12.00, a w dni powszednie o 17.00. <b>Nabo\u017ce\u0144stwo r\u00f3\u017ca\u0144cowe w dni powszednie po Mszy o godz. 17.00, a w niedziel\u0119 przed sum\u0105 o 11.30<\/b>. Zach\u0119cam do licznego uczestnictwa wszystkich parafian. Dla dzieci i m\u0142odzie\u017cy, podobnie jak w ubieg\u0142ym roku, konkurs i losowanie nagr\u00f3d co tydzie\u0144.<i> <\/i>W <b><i>niedziel\u0119<\/i><\/b> przewodnicz\u0105 modlitwie dzieci klas I i II szko\u0142y podstawowej oraz ich rodzice. W <b><i>poniedzia\u0142ek<\/i><\/b> &#8211; klasy III i IV, we <b><i>wtorek<\/i><\/b> \u2013V i VI, w <b><i>\u015brod\u0119<\/i><\/b> \u2013 I i II gimnazjum, w <b><i>czwartek<\/i><\/b> \u2013 III gimnazjum i kandydaci do bierzmowania, w <b><i>pi\u0105tek<\/i><\/b> \u2013 doro\u015bli, w <b><i>sobot\u0119<\/i><\/b> \u2013 cz\u0142onkowie k\u00f3\u0142ek r\u00f3\u017ca\u0144cowych.<\/p>\n<p><b><i>5.<\/i><\/b> Jest d\u0142ugoletnia tradycja, aby w ka\u017cdej parafii odbywa\u0142o si\u0119 <b>40-godzinne nabo\u017ce\u0144stwo dla uczczenia Chrystusa w Naj\u015bwi\u0119tszym Sakramencie<\/b>. Zach\u0119cam, by\u015bmy w tym tygodniu: w pi\u0105tek, w sobot\u0119 i niedziel\u0119, znale\u017ali czas na adoracj\u0119 Pana Jezusa. Proponuj\u0119, aby w te dni szczeg\u00f3lnie wynagradza\u0107 w modlitwie za grzechy pija\u0144stwa i narkomanii, za awantury i\u00a0 blu\u017anierstwa z powodu pija\u0144stwa, za \u0142zy dzieci i matek za rozpijanie innych i brak troski o rodziny borykaj\u0105ce si\u0119 z problemem alkoholizmu najbli\u017cszych. W sobot\u0119 na Mszy o 17.00 specjalna nauka dla tych, kt\u00f3rzy maj\u0105 w rodzinie osob\u0119 nadu\u017cywaj\u0105c\u0105 alkohol. W niedziel\u0119 5 pa\u017adziernika na ka\u017cdej Mszy \u015bw. us\u0142yszymy \u015bwiadectwa anonimowych alkoholik\u00f3w z naszego regionu. Niech nasza gor\u0105ca modlitwa da si\u0142\u0119 do powstania cho\u0107by dla kilku os\u00f3b.<\/p>\n<p><b><i>6.<\/i><\/b> W tym tygodniu I czwartek, od <b>16.00 adoracja Naj\u015bwi\u0119tszego Sakramentu<\/b>, modlitwa za powo\u0142anych do s\u0142u\u017cby Bo\u017cej i mo\u017cliwo\u015b\u0107 skorzystania z sakramentu pokuty. W I pi\u0105tek od 9.00 odwiedzam chorych pragn\u0105cych przyj\u0105\u0107 Pana Jezusa w Komunii \u015bw.<\/p>\n<p><b><i>7.<\/i><\/b> Serdecznie <b>dzi\u0119kuj\u0119 za sprz\u0105tanie ko\u015bcio\u0142a<\/b> i zapraszam w sobot\u0119 od 9.00 nast\u0119puj\u0105ce rodziny z Wierzbna: p. Justyna i Przemys\u0142aw Swiderscy, Wies\u0142awa i Henryk \u0141ukasiak, Anna i Mariusz Chabieta. Serdecznie zapraszam.<\/p>\n<p><b><i>8.<\/i><\/b> W nowym nr Echa przeczytamy o sile wsparcia \u015bw. Micha\u0142a Archanio\u0142a, wspomnienia sybiraczki i o naszym festynie: Rodzina g\u00f3r\u0105\u201d.<\/p>\n<h2 align=\"center\"><span style=\"color: #ff6600;\"><b>25 Niedziela zwyk\u0142a \u2013 21 wrze\u015bnia 2014 r.<\/b><\/span><\/h2>\n<p><b><i>1.<\/i><\/b> Dzi\u015b <b>niedziela \u015arodk\u00f3w Spo\u0142ecznego Przekazu<\/b> pod has\u0142em: <b><i>\u201ePrzekaz w s\u0142u\u017cbie autentycznej kultury spotkania\u201d<\/i><\/b>. W naszej parafii jest to dzie\u0144 szczeg\u00f3lnej modlitwy za rodzin\u0119, aby zjednoczy\u0142a si\u0119 w mi\u0142o\u015bci, \u017cy\u0142a wed\u0142ug zasad Ewangelii i dzieli\u0142a si\u0119 radosn\u0105 wiar\u0105 w swoim otoczeniu. Po Mszy o 11.00 rozpocz\u0119cie <b>Festynu Rodzinnego \u201eRodzina g\u00f3r\u0105\u201d Biegiem Rodzinnym<\/b> z parkingu przy ko\u015bciele na boisko szkolne. Zapraszamy do szko\u0142y o 12.30 wszystkie rodziny i go\u015bci, aby\u015bmy mogli tworzy\u0107 wielk\u0105 rodzin\u0119, kt\u00f3ra z ufno\u015bci\u0105 codziennie modli si\u0119 do Boga: \u201eOjcze nasz, kt\u00f3ry\u015b jest w niebie&#8230;\u201d Niech b\u0119dzie to \u015bwi\u0119to rodziny w Wierzbnie i obdarzmy \u017cyczliwo\u015bci\u0105 i mi\u0142o\u015bci\u0105 tych, kt\u00f3rzy \u017cyj\u0105 obok nas, w jednej miejscowo\u015bci, czasem bardzo blisko. Mo\u017ce b\u0119dzie to dla kogo\u015b szansa pojednania i wybaczenia wzajemnych krzywd. Z ca\u0142ego serca dzi\u0119kuj\u0119 tym, kt\u00f3rzy zaanga\u017cowali si\u0119 w przygotowanie festynu, przygotowali program artystyczny, uczestnicz\u0105 w zawodach, upiekli ciasto, przygotowali bigos i pierogi. Dzi\u0119kuj\u0119 druhom stra\u017cakom za wczorajsz\u0105 wytrwa\u0142\u0105 pomoc przy dekoracji i dzi\u015b prosz\u0119 o czuwanie nad porz\u0105dkiem podczas ca\u0142ego festynu.<\/p>\n<p><b><i>2.<\/i><\/b> W dniach <b>5-19 pa\u017adziernika<\/b> w Rzymie odb\u0119dzie si\u0119 <b>Synod Biskup\u00f3w po\u015bwi\u0119cony rodzinie.<\/b> Przedmiotem obrad Zgromadzenia Biskup\u00f3w b\u0119d\u0105: \u201e<b><i>Wyzwania duszpasterskie wobec rodziny w kontek\u015bcie ewangelizacji<\/i><\/b>\u201d. Papie\u017c Franciszek zach\u0119ca do modlitwy\u00a0 w intencji Synodu.<\/p>\n<p><b><i>3.<\/i><\/b> W poniedzia\u0142ek \u015bwi\u0119to Rocznicy Po\u015bwi\u0119cenia Ko\u015bcio\u0142a Katedralnego. Zapraszam na Msz\u0119 \u015bw. o 18.00. Tak\u017ce jutro o <b>11.00 wyjazd do kina na pi\u0119kny film: \u201eZiemia Maryi\u201d.<\/b> Mam jeszcze 6 wolnych miejsc. Koszt wyjazdu 20 z\u0142.<\/p>\n<p><b><i>4.<\/i><\/b> W pi\u0105tek <b>wspomnienie Naj\u015bwi\u0119tszej Maryi Panny Le\u015bnia\u0144skiej<\/b>. W Le\u015bnej Podlaskiej ju\u017c ponad 330 lat Maryja czczona w niewielkim s\u0142yn\u0105cym \u0142askami obrazie z kamienia.<\/p>\n<p><b><i>5.<\/i><\/b> Dzi\u0119kuj\u0119 za ofiary na ko\u015bci\u00f3\u0142: p. Mieczys\u0142aw Radzio \u2013 100 z\u0142 i Maria Wiel\u0105dek \u2013 100 z\u0142. <b>Serdecznie dzi\u0119kuj\u0119 za sprz\u0105tanie ko\u015bcio\u0142a rodzinom z Wierzbna<\/b>. Na najbli\u017csz\u0105 sobot\u0119 zapraszam: p. Jana Karaban, Ma\u0142gorzat\u0119 Malinowsk\u0105, El\u017cbiet\u0119 Zajkowsk\u0105 i Zdzis\u0142awa Kornatko.<\/p>\n<p><b><i>6. <\/i><\/b>W najbli\u017csz\u0105 niedziel\u0119 po Mszy \u015bw. o 9.00 <b>spotkanie dla rodzic\u00f3w i dzieci przygotowuj\u0105cych si\u0119 do I Komunii \u015bw.<\/b> O godz. 13.00 na plebanii <b>spotkanie Domowego Ko\u015bcio\u0142a<\/b>. Tak\u017ce w niedziel\u0119 28 wrze\u015bnia odpowiemy na apel do szerzenia <b>Iskry Mi\u0142osierdzia<\/b> i modlitwy <b>Koronk\u0105 do Mi\u0142osierdzia Bo\u017cego o godz. 15.00<\/b> za Ukrain\u0119 i o pok\u00f3j na Bliskim Wschodzie. W\u0142\u0105czmy si\u0119 w to wo\u0142anie o Bo\u017ce Mi\u0142osierdzie i o 15.00 w naszej \u015bwi\u0105tyni b\u0119dziemy si\u0119 wsp\u00f3lnie modli\u0107.<\/p>\n<p><b><i>7<\/i><\/b>. W <b>bie\u017c\u0105cym nr \u201eEcha Katolickiego\u201d<\/b> znajdziemy relacj\u0119 z obchod\u00f3w 450 rocznicy przyj\u0119cia w Parczewie uchwa\u0142y Soboru Trydenckiego, o historii obrazu Matki Bo\u017cej Kode\u0144skiej i reporta\u017c o sowieckiej napa\u015bci na Polsk\u0119 17 wrze\u015bnia 1939 r. Zach\u0119cam do lektury.<\/p>\n<h2 align=\"center\"><span style=\"color: #ff6600;\"><b>\u015awi\u0119to Podwy\u017cszenia Krzy\u017ca \u015bw. \u2013 14 wrze\u015bnia 2014 r.<\/b><\/span><\/h2>\n<p><b>\u00a01.<\/b> W dzisiejsz\u0105 niedziel\u0119 obchodzimy <b>\u015bwi\u0119to Podwy\u017cszenia Krzy\u017ca \u015bwi\u0119tego<\/b>. Oddajemy cze\u015b\u0107 krzy\u017cowi jako sztandarowi zwyci\u0119stwa nad grzechem i szatanem. Po Mszy \u015bw. uca\u0142owanie relikwii krzy\u017ca, kt\u00f3re znajduj\u0105 si\u0119 w naszej \u015bwi\u0105tyni. Serdeczna pro\u015bba, by\u015bmy zatroszczyli si\u0119 o porz\u0105dek wok\u00f3\u0142 przydro\u017cnych krzy\u017cy i kapliczek na terenie naszej parafii. Ta troska jest zewn\u0119trznym przejawem naszej wiary. Po po\u0142udniu o 16.30 zapraszam na mecz senior\u00f3w i ministrant\u00f3w na boisku szkolnym. Ks. Proboszcz Miros\u0142aw Rogo\u017anicki z parafii Czerwonka zaprasza o 12.30 na <b>Koncert organowy<\/b>. Dzi\u015b <b>w W\u0119growie<\/b> <b>Mazowieckie \u015awi\u0119to Chleba<\/b> rozpoczynaj\u0105ce si\u0119 Uroczyst\u0105 Eucharysti\u0105 o godz. 12.00. Mam nadziej\u0119, \u017ce delegacja z Wierzbna wraz z wie\u0144cem b\u0119dzie uczestniczy\u0142a w tych do\u017cynkach.<\/p>\n<p><b><i>2.<\/i><\/b> Jutro <b>wspomnienie Matki Boskiej Bolesnej<\/b>. Msza \u015bw. o godz. 18.00.<\/p>\n<p><b><i>3.<\/i><\/b> Uwaga! <b>Od wtorku do czwartku Triduum ku czci \u015bw. Stanis\u0142awa Kostki<\/b>. Zapraszam dzieci, m\u0142odzie\u017c i rodzic\u00f3w na Msz\u0119 <b>o 18.00<\/b>. P\u00f3\u0142 godziny przede Msz\u0105 spowied\u017a z racji rozpocz\u0119cia nowego roku szkolnego. Dla kandydat\u00f3w do sakramentu Bierzmowania obecno\u015b\u0107 obowi\u0105zkowa. Drodzy rodzice, prosz\u0119 o stworzenie mo\u017cliwo\u015bci, aby wasze dzieci si\u0119 wyspowiada\u0142y, by z czystymi sercami i Bo\u017cym b\u0142ogos\u0142awie\u0144stwem rado\u015bnie chodzi\u0142y do szko\u0142y. Na zako\u0144czenie Triduum w czwartek po Mszy \u015bw. zapraszam na ognisko i radosne zabawy na boisko za plebani\u0105. Z racji uroczysto\u015bci \u015bw. Stanis\u0142awa organizujemy tak\u017ce <b>konkurs dla dzieci i m\u0142odzie\u017cy<\/b>. Pierwsze zadanie: <i>Napisz, <b>gdzie Stanis\u0142aw Kostka przyj\u0105\u0142 sakrament Chrztu?<\/b><\/i>. Odpowiedzi przynie\u015bcie we wtorek na podpisanych kartkach.<\/p>\n<p><b><i>4.<\/i><\/b> Zapraszam wszystkich parafian do wzi\u0119cia udzia\u0142u w niedziel\u0119 <b>21 wrze\u015bnia<\/b> po Mszy o 11.00 w <b>I Festynie Rodzinnym \u201eRodzina g\u00f3r\u0105\u201d.<\/b> B\u0119dzie wiele atrakcji dla ludzi ka\u017cdego wieku. Ciekawe wyst\u0119py na scenie i zawody sportowe, np. przeci\u0105ganie liny mi\u0119dzy so\u0142ectwami, a tak\u017ce pokazy stra\u017cackie. Zapraszam do wsp\u00f3\u0142pracy radnych parafialnych. Serdecznie prosz\u0119, aby zg\u0142osili do mnie parafianie, kt\u00f3rzy pragn\u0105 przygotowa\u0107 pierogi z grzybami, bigos, ciasto, a tak\u017ce s\u0105 gotowi pos\u0142u\u017cy\u0107 w czasie tej imprezy. B\u0119dzie loteria fantowa i prosz\u0119 o przynoszenie fant\u00f3w do biblioteki lub dzieci mog\u0105 przynosi\u0107 wprost do szko\u0142y. Informuj\u0119, \u017ce doch\u00f3d z tego festynu jest przeznaczony na ulepszenie boiska szkolnego.<\/p>\n<p><b><i>5.<\/i><\/b> Serdecznie dzi\u0119kuj\u0119 rodzinom z Wierzbna za sprz\u0105tanie ko\u015bcio\u0142a i placu przy ko\u015bciele. W najbli\u017csz\u0105 sobot\u0119 zapraszam: p. Mari\u0119 i Ryszarda Kujawa, Agnieszk\u0119 i Andrzeja Michalczyk oraz p. Helen\u0119 Bia\u0142ousz.<\/p>\n<p><b><i>6.<\/i><\/b> W bie\u017c\u0105cym <b>nr \u201eEcha Katolickiego\u201d<\/b> znajdziemy odpowiedzi na pytania: Jak poradzi\u0107 sobie z l\u0119kiem przed cierpieniem? Czy istnieje recepta na dobre wychowanie dziecka? Czy Jezus i Ko\u015bci\u00f3\u0142 s\u0105 wrogami cz\u0142owieka? Zapraszam do lektury.<\/p>\n<p><b><i>7.<\/i><\/b> W ostatnich dniach Pan B\u00f3g powo\u0142a\u0142 do wieczno\u015bci <b>\u015bp. Juliann\u0119 \u0141abarzewsk\u0105<\/b>. Zapraszam we wtorek na Msz\u0119 \u015bw. w 7 dzie\u0144 po jej \u015bmierci. Z ofiar zebranych podczas pogrzebu b\u0119dzie odprawionych 8 Mszy \u015bw. o spok\u00f3j jej duszy. <i>Wieczny odpoczynek racz jej da\u0107, Panie&#8230;<\/i><\/p>\n<h2 align=\"center\"><span style=\"color: #ff0000;\"><b>23 Niedziela zwyk\u0142a \u2013 7 wrze\u015bnia 2014 r.<\/b><\/span><\/h2>\n<p><b>\u00a0<i>1.<\/i><\/b> Dzi\u015b pierwsza niedziela wrze\u015bnia, po sumie adoracja Naj\u015bwi\u0119tszego Sakramentu i procesja eucharystyczna, a tak\u017ce zmianka tajemnic r\u00f3\u017ca\u0144cowych. Jeszcze raz zach\u0119cam do utworzenia Rodzinnego K\u00f3\u0142ka R\u00f3\u017ca\u0144cowego, by modli\u0107 si\u0119 szczeg\u00f3lnie za rodziny, wychowawc\u00f3w, dzieci i m\u0142odzie\u017c. Po Mszy \u015bw. o 9.00 \u2013 spotkanie z rodzicami ministrant\u00f3w w celu utworzenia Parafialnego Klubu Sportowego. <b>Intencje Apostolstwa Modlitwy na wrzesie\u0144<\/b>: <b><i>Og\u00f3lna<\/i> <\/b>\u2013 Aby niepe\u0142nosprawni umys\u0142owo otaczani byli mi\u0142o\u015bci\u0105 i pomoc\u0105, kt\u00f3rych potrzebuj\u0105, aby godnie \u017cy\u0107. <b><i>Misyjna<\/i> <\/b>\u2013 Aby chrze\u015bcijanie, natchnieni S\u0142owem Bo\u017cym, anga\u017cowali si\u0119 w s\u0142u\u017cb\u0119 ubogim i cierpi\u0105cym. Z serca dzi\u0119kuj\u0119 za ofiary w wysoko\u015bci 527 z\u0142 dla chrze\u015bcijan w Iraku. Dzi\u015b ofiarami do puszek wesprzemy misje w Boliwii w Bulo Bulo.<\/p>\n<p><b><i>2.<\/i><\/b> Jutro <b>\u015bwi\u0119to Narodzenia NMP<\/b>. Zapraszam na Msz\u0119 \u015bw. o 7.30 i 18.00. Zgodnie z tradycj\u0105 b\u0119dzie b\u0142ogos\u0142awie\u0144stwo ziarna do siewu. W Woli Gu\u0142owskiej uroczyste <b>Diecezjalne Do\u017cynki<\/b>. Nasz\u0105 parafi\u0119 b\u0119d\u0105 reprezentowa\u0107 delegaci z wie\u0144cami z Sobonia i z Jaworka. Dzi\u0119kuj\u0119 p. W\u00f3jtowi za udost\u0119pnienie samochodu OSP z Jaworka, aby zawie\u015b\u0107 wie\u0144ce na Diecezjalne Do\u017cynki.<\/p>\n<p><b><i>3<\/i><\/b><b><i>.<\/i><\/b> W sobot\u0119 <b>13 wrze\u015bnia<\/b> po Mszy \u015bw. o 18.30 Nabo\u017ce\u0144stwo Fatimskie. B\u0119dziemy si\u0119 szczeg\u00f3lnie modli\u0107 za dzieci i m\u0142odzie\u017c, przygotowuj\u0105c\u0105 si\u0119 do Sakramentu Bierzmowania, za nauczycieli i wychowawc\u00f3w. Prosz\u0119 zabra\u0107 \u015bwiece.<\/p>\n<p><b><i>4.<\/i><\/b> W najbli\u017csz\u0105 niedziel\u0119 <b>\u015bwi\u0119to Podwy\u017cszenia Krzy\u017ca<\/b>. Msza \u015bw. o 9.00 i 11.00.<\/p>\n<p><b><i>5.<\/i><\/b> Celem <b>I Festynu Rodzinnego \u201eRodzina g\u00f3r\u0105\u201d<\/b> jest pog\u0142\u0119bienie \u015bwiadomo\u015bci, \u017ce wszyscy jako chrze\u015bcijanie tworzymy jedn\u0105 Bo\u017c\u0105 rodzin\u0119 i by wszyscy mogli poczu\u0107 si\u0119 dowarto\u015bciowani. W rodzinie jest i babcia i dziadek, s\u0105 mama i tata, a tak\u017ce m\u0142odzie\u017c i dzieci.\u00a0 W ramach festynu planujemy bieg rodzinny, rodzinne \u015bpiewanie, zawody rodzinne (rozgrywki w pi\u0142k\u0119 no\u017cn\u0105 i w tenis sto\u0142owy), pokazy stra\u017cackie. B\u0119dzie mo\u017cna pokrzepi\u0107 si\u0142y\u00a0 swojskim jad\u0142em, zgodnie z sentencj\u0105, \u017ce \u201est\u00f3\u0142 \u0142\u0105czy pokolenia\u201d. Ufam, \u017ce Pan B\u00f3g obdarzy nas pi\u0119kn\u0105 pogod\u0105 i wszystkich zapraszam do uczestnictwa w tej imprezie. Ju\u017c wkr\u00f3tce b\u0119d\u0105 afisze ze szczeg\u00f3\u0142ow\u0105 informacj\u0105. Serdecznie prosz\u0119 parafian <b>kto mo\u017ce, aby przygotowa\u0107 pierogi z grzybami, bigos i ciasto.<\/b> B\u0119dzie te\u017c loteria fantowa. Od \u015brody mo\u017cna przynosi\u0107 fanty na loteri\u0119 do biblioteki (od 9.00 do 12.00). Doch\u00f3d z ca\u0142ego festynu chcemy przeznaczy\u0107 na ulepszenie boiska szkolnego.<\/p>\n<p><b><i>6.<\/i><\/b> Z ca\u0142ego serca <b>dzi\u0119kuj\u0119 mieszka\u0144com Sobonia za solidne wype\u0142nienie dy\u017curu sprz\u0105tania w ko\u015bciele i placu wok\u00f3\u0142 \u015bwi\u0105tyni<\/b>. Niech Pan B\u00f3g hojnie wam wynagrodzi. Teraz trosk\u0119 o ko\u015bci\u00f3\u0142 przejmuj\u0105 mieszka\u0144cy Wierzbna. Na sobot\u0119 zapraszam: p. Teres\u0119 i Andrzeja Szyma\u0144skich, Katarzyn\u0119 i Marcina Gryglas, oraz Ann\u0119 i Krzysztofa Jaworowskich. Dzi\u0119kuj\u0119 za ofiary na potrzeby ko\u015bcio\u0142a: p. Witowska \u2013 100 z\u0142 i bezimienna \u2013 50 z\u0142. B\u00f3g zap\u0142a\u0107!<\/p>\n<p><b><i>7.<\/i><\/b> Zach\u0119cam do lektury \u201eEcha Katolickiego\u201d. S\u0142ycha\u0107 g\u0142osy, \u017ce islam zalewa Europ\u0119, a Rzym zostanie zdobyty przez muzu\u0142man\u00f3w. Czy to realne zagro\u017cenie? Czy \u015bwiat udaje, \u017ce nie widzi wojny tocz\u0105cej si\u0119 w Europie?<\/p>\n","protected":false},"excerpt":{"rendered":"<p>Powr\u00f3t do listy og\u0142osze\u0144 26 Niedziela zwyk\u0142a \u2013 28 wrze\u015bnia 2014 r. \u00a01. Z ca\u0142ego serca dzi\u0119kuj\u0119 wszystkim za pomoc w przygotowaniu I Festynu Rodzinnego w Wierzbnie \u201eRodzina g\u00f3r\u0105\u201d. Dzi\u0119kuj\u0119 wam za smaczne pierogi, bigos i ciasto, dzi\u0119kuj\u0119 za uczestnictwo w biegu rodzinnym i w zawodach sportowych, dzi\u0119kuj\u0119 naszej scholi parafialnej i zespo\u0142owi \u201eJaworki\u201d, dzi\u0119kuj\u0119 m\u0142odzie\u017cy z gimnazjum, nauczycielom i druhom stra\u017cakom za wsp\u00f3lne dzia\u0142anie. W imieniu dyrektora Zespo\u0142u Szk\u00f3\u0142 p. Krzysztofa Zarzyckiego serdecznie dzi\u0119kuj\u0119 wszystkim sponsorom i parafianom za uczestnictwo w naszym festynie. Informuj\u0119, \u017ce doch\u00f3d z ca\u0142ej imprezy wyni\u00f3s\u0142 7\u00a0910 z\u0142 i 40 gr., a jego przeznaczeniem jest ulepszenie boiska szkolnego. Jest w trakcie realizacji film o festynie i b\u0119dzie ju\u017c dost\u0119pny w najbli\u017csz\u0105 niedziel\u0119. Kto pragnie mie\u0107 tak\u0105 p\u0142ytk\u0119 z naszym festynem na pami\u0105tk\u0119, niech wpisze si\u0119 na list\u0119. 2. Zapraszam dzi\u015b o 15.00 na Koronk\u0119 do Mi\u0142osierdzia Bo\u017cego, aby modli\u0107 si\u0119 za Ukrain\u0119 i o pok\u00f3j \u2026 <a class=\"continue-reading-link\" href=\"https:\/\/www.parafiawierzbno.com.pl\/?page_id=2230\">Czytaj dalej <span class=\"meta-nav\">&rarr; <\/span><\/a><\/p>\n","protected":false},"author":1,"featured_media":0,"parent":225,"menu_order":0,"comment_status":"closed","ping_status":"closed","template":"","meta":{"ngg_post_thumbnail":0},"_links":{"self":[{"href":"https:\/\/www.parafiawierzbno.com.pl\/index.php?rest_route=\/wp\/v2\/pages\/2230"}],"collection":[{"href":"https:\/\/www.parafiawierzbno.com.pl\/index.php?rest_route=\/wp\/v2\/pages"}],"about":[{"href":"https:\/\/www.parafiawierzbno.com.pl\/index.php?rest_route=\/wp\/v2\/types\/page"}],"author":[{"embeddable":true,"href":"https:\/\/www.parafiawierzbno.com.pl\/index.php?rest_route=\/wp\/v2\/users\/1"}],"replies":[{"embeddable":true,"href":"https:\/\/www.parafiawierzbno.com.pl\/index.php?rest_route=%2Fwp%2Fv2%2Fcomments&post=2230"}],"version-history":[{"count":7,"href":"https:\/\/www.parafiawierzbno.com.pl\/index.php?rest_route=\/wp\/v2\/pages\/2230\/revisions"}],"predecessor-version":[{"id":2274,"href":"https:\/\/www.parafiawierzbno.com.pl\/index.php?rest_route=\/wp\/v2\/pages\/2230\/revisions\/2274"}],"up":[{"embeddable":true,"href":"https:\/\/www.parafiawierzbno.com.pl\/index.php?rest_route=\/wp\/v2\/pages\/225"}],"wp:attachment":[{"href":"https:\/\/www.parafiawierzbno.com.pl\/index.php?rest_route=%2Fwp%2Fv2%2Fmedia&parent=2230"}],"curies":[{"name":"wp","href":"https:\/\/api.w.org\/{rel}","templated":true}]}}