{"id":225,"date":"2014-04-27T00:43:21","date_gmt":"2014-04-26T22:43:21","guid":{"rendered":"http:\/\/localhost\/Parafia\/?page_id=225"},"modified":"2026-04-06T21:17:12","modified_gmt":"2026-04-06T19:17:12","slug":"ogloszenia-parafialne","status":"publish","type":"page","link":"https:\/\/www.parafiawierzbno.com.pl\/?page_id=225","title":{"rendered":"Og\u0142oszenia parafialne"},"content":{"rendered":"<ul>\n<li><a href=\"https:\/\/www.parafiawierzbno.com.pl\/?page_id=11489\">Kwiecie\u0144 2026<\/a><\/li>\n<li><a href=\"https:\/\/www.parafiawierzbno.com.pl\/?page_id=11476\">Marzec 2026<\/a><\/li>\n<li><a href=\"https:\/\/www.parafiawierzbno.com.pl\/?page_id=11461\">Luty 2026<\/a><\/li>\n<li><a href=\"https:\/\/www.parafiawierzbno.com.pl\/?page_id=11445\">Stycze\u0144 2026<\/a><\/li>\n<li><a href=\"https:\/\/www.parafiawierzbno.com.pl\/?page_id=11430\">Grudzie\u0144 2025<\/a><\/li>\n<li><a href=\"https:\/\/www.parafiawierzbno.com.pl\/?page_id=11413\">Listopad 2025<\/a><\/li>\n<li><a href=\"https:\/\/www.parafiawierzbno.com.pl\/?page_id=11402\">Pa\u017adziernik 2025<\/a><\/li>\n<li><a href=\"https:\/\/www.parafiawierzbno.com.pl\/?page_id=11390\">Wrzesie\u0144 2025<\/a><\/li>\n<li><a href=\"https:\/\/www.parafiawierzbno.com.pl\/?page_id=11366\">Sierpie\u0144 2025<\/a><\/li>\n<li><a href=\"https:\/\/www.parafiawierzbno.com.pl\/?page_id=11353\">Lipiec 2025<\/a><\/li>\n<li><a href=\"https:\/\/www.parafiawierzbno.com.pl\/?page_id=11340\">Czerwiec 2025<\/a><\/li>\n<li><a href=\"https:\/\/www.parafiawierzbno.com.pl\/?page_id=11328\">Maj 2025<\/a><\/li>\n<li><a href=\"https:\/\/www.parafiawierzbno.com.pl\/?page_id=11310\">Kwiecie\u0144 2025<\/a><\/li>\n<li><a href=\"https:\/\/www.parafiawierzbno.com.pl\/?page_id=11290\">Marzec 2025<\/a><\/li>\n<li><a href=\"https:\/\/www.parafiawierzbno.com.pl\/?page_id=11271\">Luty 2025<\/a><\/li>\n<li><a href=\"https:\/\/www.parafiawierzbno.com.pl\/?page_id=11260\">Stycze\u0144 2025<\/a><\/li>\n<li><a href=\"https:\/\/www.parafiawierzbno.com.pl\/?page_id=11241\">Grudzie\u0144 2024<\/a><\/li>\n<li><a href=\"https:\/\/www.parafiawierzbno.com.pl\/?page_id=11230\">Listopad 2024<\/a><\/li>\n<li><a href=\"https:\/\/www.parafiawierzbno.com.pl\/?page_id=11215\">Pa\u017adziernik 2024<\/a><\/li>\n<li><a href=\"https:\/\/www.parafiawierzbno.com.pl\/?page_id=11189\">Wrzesie\u0144 2024<\/a><\/li>\n<li><a href=\"https:\/\/www.parafiawierzbno.com.pl\/?page_id=11169\">Sierpie\u0144 2024<\/a><\/li>\n<li><a href=\"https:\/\/www.parafiawierzbno.com.pl\/?page_id=11142\">Lipiec 2024<\/a><\/li>\n<li><a href=\"https:\/\/www.parafiawierzbno.com.pl\/?page_id=11123\">Czerwiec 2024<\/a><\/li>\n<li><a href=\"https:\/\/www.parafiawierzbno.com.pl\/?page_id=11110\">Maj 2024<\/a><\/li>\n<li><a href=\"https:\/\/www.parafiawierzbno.com.pl\/?page_id=11094\">Kwiecie\u0144 2024<\/a><\/li>\n<li><a href=\"https:\/\/www.parafiawierzbno.com.pl\/?page_id=11074\">Marzec 2024<\/a><\/li>\n<li><a href=\"https:\/\/www.parafiawierzbno.com.pl\/?page_id=11059\">Luty 2024<\/a><\/li>\n<li><a href=\"https:\/\/www.parafiawierzbno.com.pl\/?page_id=11043\">Stycze\u0144 2024<\/a><\/li>\n<li><a href=\"https:\/\/www.parafiawierzbno.com.pl\/?page_id=11023\">Grudzie\u0144 2023<\/a><\/li>\n<li><a href=\"https:\/\/www.parafiawierzbno.com.pl\/?page_id=11012\">Listopad 2023<\/a><\/li>\n<li><a href=\"https:\/\/www.parafiawierzbno.com.pl\/?page_id=10986\">Pa\u017adziernik 2023<\/a><\/li>\n<li><a href=\"https:\/\/www.parafiawierzbno.com.pl\/?page_id=10970\">Wrzesie\u0144 2023<\/a><\/li>\n<li><a href=\"https:\/\/www.parafiawierzbno.com.pl\/?page_id=10957\">Sierpie\u0144 2023<\/a><\/li>\n<li><a href=\"https:\/\/www.parafiawierzbno.com.pl\/?page_id=10940\">Lipiec 2023<\/a><\/li>\n<li><a href=\"https:\/\/www.parafiawierzbno.com.pl\/?page_id=10925\">Czerwiec 2023<\/a><\/li>\n<li><a href=\"https:\/\/www.parafiawierzbno.com.pl\/?page_id=10905\">Maj 2023<\/a><\/li>\n<li><a href=\"https:\/\/www.parafiawierzbno.com.pl\/?page_id=10889\">Kwiecie\u0144 2023<\/a><\/li>\n<li><a href=\"https:\/\/www.parafiawierzbno.com.pl\/?page_id=10875\">Marzec 2023<\/a><\/li>\n<li><a href=\"https:\/\/www.parafiawierzbno.com.pl\/?page_id=10862\">Luty 2023<\/a><\/li>\n<li><a href=\"https:\/\/www.parafiawierzbno.com.pl\/?page_id=10846\">Stycze\u0144 2023<\/a><\/li>\n<li><a href=\"https:\/\/www.parafiawierzbno.com.pl\/?page_id=10832\">Grudzie\u0144 2022<\/a><\/li>\n<li><a href=\"https:\/\/www.parafiawierzbno.com.pl\/?page_id=10815\">Listopad 2022<\/a><\/li>\n<li><a href=\"https:\/\/www.parafiawierzbno.com.pl\/?page_id=10799\">Pa\u017adziernik 2022<\/a><\/li>\n<li><a href=\"https:\/\/www.parafiawierzbno.com.pl\/?page_id=10789\">Wrzesie\u0144 2022<\/a><\/li>\n<li><a href=\"https:\/\/www.parafiawierzbno.com.pl\/?page_id=10772\">Sierpie\u0144 2022<\/a><\/li>\n<li><a href=\"https:\/\/www.parafiawierzbno.com.pl\/?page_id=10758\">Lipiec 2022<\/a><\/li>\n<li><a href=\"https:\/\/www.parafiawierzbno.com.pl\/?page_id=10743\">Czerwiec 2022<\/a><\/li>\n<li><a href=\"https:\/\/www.parafiawierzbno.com.pl\/?page_id=10721\">Maj 2022<\/a><\/li>\n<li><a href=\"https:\/\/www.parafiawierzbno.com.pl\/?page_id=10702\">Kwiecie\u0144 2022<\/a><\/li>\n<li><a href=\"https:\/\/www.parafiawierzbno.com.pl\/?page_id=10691\">Marzec 2022<\/a><\/li>\n<li><a href=\"https:\/\/www.parafiawierzbno.com.pl\/?page_id=10680\">Luty 2022<\/a><\/li>\n<li><a href=\"https:\/\/www.parafiawierzbno.com.pl\/?page_id=10668\">Stycze\u0144 2022<\/a><\/li>\n<li><a href=\"https:\/\/www.parafiawierzbno.com.pl\/?page_id=10658\">Grudzie\u0144 2021<\/a><\/li>\n<li><a href=\"https:\/\/www.parafiawierzbno.com.pl\/?page_id=10646\">Listopad 2021<\/a><\/li>\n<li><a href=\"https:\/\/www.parafiawierzbno.com.pl\/?page_id=10636\">Pa\u017adziernik 2021<\/a><\/li>\n<li><a href=\"https:\/\/www.parafiawierzbno.com.pl\/?page_id=10626\">Wrzesie\u0144 2021<\/a><\/li>\n<li><a href=\"https:\/\/www.parafiawierzbno.com.pl\/?page_id=10612\">Sierpie\u0144 2021<\/a><\/li>\n<li><a href=\"https:\/\/www.parafiawierzbno.com.pl\/?page_id=10598\">Lipiec 2021<\/a><\/li>\n<li><a href=\"https:\/\/www.parafiawierzbno.com.pl\/?page_id=10586\">Czerwiec 2021<\/a><\/li>\n<li><a href=\"https:\/\/www.parafiawierzbno.com.pl\/?page_id=10572\">Maj 2021<\/a><\/li>\n<li><a href=\"https:\/\/www.parafiawierzbno.com.pl\/?page_id=10550\">Kwiecie\u0144 2021<\/a><\/li>\n<li><a href=\"https:\/\/www.parafiawierzbno.com.pl\/?page_id=10521\">Marzec 2021<\/a><\/li>\n<li><a href=\"https:\/\/www.parafiawierzbno.com.pl\/?page_id=10496\">Luty 2021<\/a><\/li>\n<li><a href=\"https:\/\/www.parafiawierzbno.com.pl\/?page_id=10471\">Stycze\u0144 2021<\/a><\/li>\n<li><a href=\"https:\/\/www.parafiawierzbno.com.pl\/?page_id=10429\">Grudzie\u0144 2020<\/a><\/li>\n<li><a href=\"https:\/\/www.parafiawierzbno.com.pl\/?page_id=10262\">Listopad 2020<\/a><\/li>\n<li><a href=\"https:\/\/www.parafiawierzbno.com.pl\/?page_id=10244\">Pa\u017adziernik 2020<\/a><\/li>\n<li><a href=\"https:\/\/www.parafiawierzbno.com.pl\/?page_id=10068\">Wrzesie\u0144 2020<\/a><\/li>\n<li><a href=\"https:\/\/www.parafiawierzbno.com.pl\/?page_id=10054\">Sierpie\u0144 2020<\/a><\/li>\n<li><a href=\"https:\/\/www.parafiawierzbno.com.pl\/?page_id=9987\">Lipiec 2020<\/a><\/li>\n<li><a href=\"https:\/\/www.parafiawierzbno.com.pl\/?page_id=9968\">Czerwiec 2020<\/a><\/li>\n<li><a href=\"https:\/\/www.parafiawierzbno.com.pl\/?page_id=9922\">Maj 2020<\/a><\/li>\n<li><a href=\"https:\/\/www.parafiawierzbno.com.pl\/?page_id=9842\">Kwiecie\u0144 2020<\/a><\/li>\n<li><a href=\"https:\/\/www.parafiawierzbno.com.pl\/?page_id=9785\">Marzec 2020<\/a><\/li>\n<li><a href=\"https:\/\/www.parafiawierzbno.com.pl\/?page_id=9777\">Luty 2020<\/a><\/li>\n<li><a href=\"https:\/\/www.parafiawierzbno.com.pl\/?page_id=9428\">Stycze\u0144 2020<\/a><\/li>\n<li><a href=\"https:\/\/www.parafiawierzbno.com.pl\/?page_id=9402\">Grudzie\u0144 2019<\/a><\/li>\n<li><a href=\"https:\/\/www.parafiawierzbno.com.pl\/?page_id=9396\">Listopad 2019<\/a><\/li>\n<li><a href=\"https:\/\/www.parafiawierzbno.com.pl\/?page_id=9325\">Pa\u017adziernik 2019<\/a><\/li>\n<li><a href=\"https:\/\/www.parafiawierzbno.com.pl\/?page_id=9300\">Wrzesie\u0144 2019<\/a><\/li>\n<li><a href=\"https:\/\/www.parafiawierzbno.com.pl\/?page_id=9256\">Sierpie\u0144 2019<\/a><\/li>\n<li><a href=\"https:\/\/www.parafiawierzbno.com.pl\/?page_id=9251\">Lipiec 2019<\/a><\/li>\n<li><a href=\"https:\/\/www.parafiawierzbno.com.pl\/?page_id=9196\">Czerwiec 2019<\/a><\/li>\n<li><a href=\"https:\/\/www.parafiawierzbno.com.pl\/?page_id=9177\">Maj 2019<\/a><\/li>\n<li><a href=\"https:\/\/www.parafiawierzbno.com.pl\/?page_id=9153\">Kwiecie\u0144 2019<\/a><\/li>\n<li><a href=\"https:\/\/www.parafiawierzbno.com.pl\/?page_id=9102\">Marzec 2019<\/a><\/li>\n<li><a href=\"https:\/\/www.parafiawierzbno.com.pl\/?page_id=9093\">Luty 2019<\/a><\/li>\n<li><a href=\"https:\/\/www.parafiawierzbno.com.pl\/?page_id=9063\">Stycze\u0144 2019<\/a><\/li>\n<li><a href=\"https:\/\/www.parafiawierzbno.com.pl\/?page_id=8363\">Grudzie\u0144 2018<\/a><\/li>\n<li><a href=\"https:\/\/www.parafiawierzbno.com.pl\/?page_id=8319\">Listopad 2018<\/a><\/li>\n<li><a href=\"https:\/\/www.parafiawierzbno.com.pl\/?page_id=8275\">Pa\u017adziernik 2018<\/a><\/li>\n<li><a href=\"https:\/\/www.parafiawierzbno.com.pl\/?page_id=8206\">Wrzesie\u0144 2018<\/a><\/li>\n<li><a href=\"https:\/\/www.parafiawierzbno.com.pl\/?page_id=7883\">Sierpie\u0144 2018<\/a><\/li>\n<li><a href=\"https:\/\/www.parafiawierzbno.com.pl\/?page_id=7857\">Lipiec 2018<\/a><\/li>\n<li><a href=\"https:\/\/www.parafiawierzbno.com.pl\/?page_id=7831\">Czerwiec 2018<\/a><\/li>\n<li><a href=\"https:\/\/www.parafiawierzbno.com.pl\/?page_id=7254\">Maj 2018<\/a><\/li>\n<li><a href=\"https:\/\/www.parafiawierzbno.com.pl\/?page_id=7242\">Kwiecie\u0144 2018<\/a><\/li>\n<li><a href=\"https:\/\/www.parafiawierzbno.com.pl\/?page_id=6455\">Marzec 2018<\/a><\/li>\n<li><a href=\"https:\/\/www.parafiawierzbno.com.pl\/?page_id=6436\">Luty 2018<\/a><\/li>\n<li><a href=\"https:\/\/www.parafiawierzbno.com.pl\/?page_id=5793\">Stycze\u0144 2018<\/a><\/li>\n<li><a href=\"https:\/\/www.parafiawierzbno.com.pl\/?page_id=5762\">Grudzie\u0144 2017<\/a><\/li>\n<li><a href=\"https:\/\/www.parafiawierzbno.com.pl\/?page_id=5753\">Listopad 2017<\/a><\/li>\n<li><a href=\"https:\/\/www.parafiawierzbno.com.pl\/?page_id=5714\">Pa\u017adziernik 2017<\/a><\/li>\n<li><a href=\"https:\/\/www.parafiawierzbno.com.pl\/?page_id=5697\">Wrzesie\u0144 2017<\/a><\/li>\n<li><a href=\"https:\/\/www.parafiawierzbno.com.pl\/?page_id=5452\">Sierpie\u01442017<\/a><\/li>\n<li><a href=\"https:\/\/www.parafiawierzbno.com.pl\/?page_id=5426\">Lipiec 2017<\/a><\/li>\n<li><a href=\" https:\/\/www.parafiawierzbno.com.pl\/?page_id=5401\">Czerwiec 2017<\/a><\/li>\n<li><a href=\" https:\/\/www.parafiawierzbno.com.pl\/?page_id=5366\">Maj 2017<\/a><\/li>\n<li><a href=\"https:\/\/www.parafiawierzbno.com.pl\/?page_id=5297\">Kwiecie\u0144 2017<\/a><\/li>\n<li><a href=\"https:\/\/www.parafiawierzbno.com.pl\/?page_id=4777\">Marzec 2017<\/a><\/li>\n<li><a href=\"https:\/\/www.parafiawierzbno.com.pl\/?page_id=4759\">Luty 2017<\/a><\/li>\n<li><a href=\"https:\/\/www.parafiawierzbno.com.pl\/?page_id=4725\">Stycze\u0144 2017<\/a><\/li>\n<li><a href=\"https:\/\/www.parafiawierzbno.com.pl\/?page_id=4681\">Grudzie\u0144 2016<\/a><\/li>\n<li><a href=\"https:\/\/www.parafiawierzbno.com.pl\/?page_id=4647\">Listopad 2016<\/a><\/li>\n<li><a href=\"https:\/\/www.parafiawierzbno.com.pl\/?page_id=4608\">Pa\u017adziernik 2016<\/a><\/li>\n<li><a href=\"https:\/\/www.parafiawierzbno.com.pl\/?page_id=4589\">Wrzesie\u0144 2016<\/a><\/li>\n<li><a href=\"https:\/\/www.parafiawierzbno.com.pl\/?page_id=4390\">Sierpie\u0144 2016<\/a><\/li>\n<li><a href=\"https:\/\/www.parafiawierzbno.com.pl\/?page_id=4347\">Lipiec 2016<\/a><\/li>\n<li><a href=\"https:\/\/www.parafiawierzbno.com.pl\/?page_id=4302\">Czerwiec 2016<\/a><\/li>\n<li><a href=\"https:\/\/www.parafiawierzbno.com.pl\/?page_id=4275&amp;preview=true\">Maj 2016<\/a><\/li>\n<li><a href=\"https:\/\/www.parafiawierzbno.com.pl\/?page_id=4204&amp;preview=true\">Kwiecie\u0144 2016<\/a><\/li>\n<li><a href=\"https:\/\/www.parafiawierzbno.com.pl\/?page_id=3955\">Marzec 2016<\/a><\/li>\n<li><a href=\"https:\/\/www.parafiawierzbno.com.pl\/?page_id=3924\">Luty 2016<\/a><\/li>\n<li><a href=\"https:\/\/www.parafiawierzbno.com.pl\/?page_id=3760\">Stycze\u0144 2016<\/a><\/li>\n<li><a href=\"https:\/\/www.parafiawierzbno.com.pl\/?page_id=3731\">Grudzie\u0144 2015<\/a><\/li>\n<li><a href=\"https:\/\/www.parafiawierzbno.com.pl\/?page_id=3577\">Listopad 2015<\/a><\/li>\n<li><a href=\"https:\/\/www.parafiawierzbno.com.pl\/?page_id=3555\">Pa\u017adziernik 2015<\/a><\/li>\n<li><a href=\"https:\/\/www.parafiawierzbno.com.pl\/?page_id=3541\">Wrzesie\u0144 2015<\/a><\/li>\n<li><a href=\"https:\/\/www.parafiawierzbno.com.pl\/?page_id=3492\">Sierpie\u0144 2015<\/a><\/li>\n<li><a href=\"https:\/\/www.parafiawierzbno.com.pl\/?page_id=3448\">Lipiec 2015<\/a><\/li>\n<li><a href=\"https:\/\/www.parafiawierzbno.com.pl\/?page_id=3402\">Czerwiec 2015<\/a><\/li>\n<li><a href=\"https:\/\/www.parafiawierzbno.com.pl\/?page_id=3338\">Maj 2015<\/a><\/li>\n<li><a href=\"https:\/\/www.parafiawierzbno.com.pl\/?page_id=3279\">Kwiecie\u0144 2015<\/a><\/li>\n<li><a href=\"https:\/\/www.parafiawierzbno.com.pl\/?page_id=3110\">Marzec 2015<\/a><\/li>\n<li><a href=\"https:\/\/www.parafiawierzbno.com.pl\/?page_id=3051\">Luty 2015<\/a><\/li>\n<li><a href=\"https:\/\/www.parafiawierzbno.com.pl\/?page_id=3027\">Stycze\u0144 2015<\/a><\/li>\n<li><a href=\"https:\/\/www.parafiawierzbno.com.pl\/?page_id=2886\">Grudzie\u0144 2014<\/a><\/li>\n<li><a title=\"Og\u0142oszenia Listopad 2014\" href=\"https:\/\/www.parafiawierzbno.com.pl\/?page_id=2853\">Listopad 2014<\/a><\/li>\n<li><a href=\"https:\/\/www.parafiawierzbno.com.pl\/?page_id=2358\">Pa\u017adziernik 2014<\/a><\/li>\n<li><a href=\"https:\/\/www.parafiawierzbno.com.pl\/?page_id=2230\">Wrzesie\u0144 2014<\/a><\/li>\n<li><a href=\"https:\/\/www.parafiawierzbno.com.pl\/?page_id=2152\">Sierpie\u0144 2014<\/a><\/li>\n<li><a href=\"https:\/\/www.parafiawierzbno.com.pl\/?page_id=2101\">Lipiec 2014<\/a><\/li>\n<li><a href=\"https:\/\/www.parafiawierzbno.com.pl\/?page_id=1786\">Czerwiec 2014<\/a><\/li>\n<li><a href=\"https:\/\/www.parafiawierzbno.com.pl\/?page_id=228\">Maj 2014<\/a><\/li>\n<li>Kwiecie\u0144 2014<\/li>\n<li>Marzec 2014<\/li>\n<li>Luty 2014<\/li>\n<li>Stycze\u0144 2014<\/li>\n<li>Grudzie\u0144 2013<\/li>\n<li>Listopad 2013<\/li>\n<li>Pa\u017adziernik 2013<\/li>\n<li>Wrzesie\u0144 2013<\/li>\n<li>Sierpie\u0144 2013<\/li>\n<li>Lipiec 2013<\/li>\n<\/ul>\n","protected":false},"excerpt":{"rendered":"<p>Kwiecie\u0144 2026 Marzec 2026 Luty 2026 Stycze\u0144 2026 Grudzie\u0144 2025 Listopad 2025 Pa\u017adziernik 2025 Wrzesie\u0144 2025 Sierpie\u0144 2025 Lipiec 2025 Czerwiec 2025 Maj 2025 Kwiecie\u0144 2025 Marzec 2025 Luty 2025 Stycze\u0144 2025 Grudzie\u0144 2024 Listopad 2024 Pa\u017adziernik 2024 Wrzesie\u0144 2024 Sierpie\u0144 2024 Lipiec 2024 Czerwiec 2024 Maj 2024 Kwiecie\u0144 2024 Marzec 2024 Luty 2024 Stycze\u0144 2024 Grudzie\u0144 2023 Listopad 2023 Pa\u017adziernik 2023 Wrzesie\u0144 2023 Sierpie\u0144 2023 Lipiec 2023 Czerwiec 2023 Maj 2023 Kwiecie\u0144 2023 Marzec 2023 Luty 2023 Stycze\u0144 2023 Grudzie\u0144 2022 Listopad 2022 Pa\u017adziernik 2022 Wrzesie\u0144 2022 Sierpie\u0144 2022 Lipiec 2022 Czerwiec 2022 Maj 2022 Kwiecie\u0144 2022 Marzec 2022 Luty 2022 Stycze\u0144 2022 Grudzie\u0144 2021 Listopad 2021 Pa\u017adziernik 2021 Wrzesie\u0144 2021 Sierpie\u0144 2021 Lipiec 2021 Czerwiec 2021 Maj 2021 Kwiecie\u0144 2021 Marzec 2021 Luty 2021 Stycze\u0144 2021 Grudzie\u0144 2020 Listopad 2020 Pa\u017adziernik 2020 Wrzesie\u0144 2020 Sierpie\u0144 2020 Lipiec 2020 Czerwiec 2020 Maj 2020 Kwiecie\u0144 2020 Marzec 2020 Luty 2020 \u2026 <a class=\"continue-reading-link\" href=\"https:\/\/www.parafiawierzbno.com.pl\/?page_id=225\">Czytaj dalej <span class=\"meta-nav\">&rarr; <\/span><\/a><\/p>\n","protected":false},"author":1,"featured_media":0,"parent":0,"menu_order":0,"comment_status":"closed","ping_status":"closed","template":"","meta":{"ngg_post_thumbnail":0},"_links":{"self":[{"href":"https:\/\/www.parafiawierzbno.com.pl\/index.php?rest_route=\/wp\/v2\/pages\/225"}],"collection":[{"href":"https:\/\/www.parafiawierzbno.com.pl\/index.php?rest_route=\/wp\/v2\/pages"}],"about":[{"href":"https:\/\/www.parafiawierzbno.com.pl\/index.php?rest_route=\/wp\/v2\/types\/page"}],"author":[{"embeddable":true,"href":"https:\/\/www.parafiawierzbno.com.pl\/index.php?rest_route=\/wp\/v2\/users\/1"}],"replies":[{"embeddable":true,"href":"https:\/\/www.parafiawierzbno.com.pl\/index.php?rest_route=%2Fwp%2Fv2%2Fcomments&post=225"}],"version-history":[{"count":176,"href":"https:\/\/www.parafiawierzbno.com.pl\/index.php?rest_route=\/wp\/v2\/pages\/225\/revisions"}],"predecessor-version":[{"id":11492,"href":"https:\/\/www.parafiawierzbno.com.pl\/index.php?rest_route=\/wp\/v2\/pages\/225\/revisions\/11492"}],"wp:attachment":[{"href":"https:\/\/www.parafiawierzbno.com.pl\/index.php?rest_route=%2Fwp%2Fv2%2Fmedia&parent=225"}],"curies":[{"name":"wp","href":"https:\/\/api.w.org\/{rel}","templated":true}]}}