{"id":228,"date":"2014-04-27T00:48:28","date_gmt":"2014-04-26T22:48:28","guid":{"rendered":"http:\/\/localhost\/Parafia\/?page_id=228"},"modified":"2014-05-28T06:05:24","modified_gmt":"2014-05-28T04:05:24","slug":"ogloszenia-20-04-2014","status":"publish","type":"page","link":"https:\/\/www.parafiawierzbno.com.pl\/?page_id=228","title":{"rendered":"Og\u0142oszenia &#8211; Maj 2014"},"content":{"rendered":"<p><a title=\"Og\u0142oszenia parafialne\" href=\"https:\/\/www.parafiawierzbno.com.pl\/?page_id=225\">Powr\u00f3t do listy og\u0142osze\u0144<\/a><span style=\"color: #ff0000;\"><br \/>\n<\/span><\/p>\n<h2 align=\"center\"><span style=\"color: #ff0000;\"><b>6 Niedziela Wielkanocna &#8211; 25 maja 2014 r.<\/b><\/span><\/h2>\n<p><b>1<\/b>. Wczoraj o godz. 11.00\u00a0 odby\u0142 si\u0119 uroczysty <b>Ingres J.E. Ks. Bpa Kazimierza Gurdy do Katedry Siedleckiej.<\/b> Otaczajmy nowego Pasterza Diecezji szczeg\u00f3ln\u0105 modlitw\u0105 i pro\u015bmy wstawiennictwa Naj\u015bwi\u0119tszej Maryi Panny i b\u0142. M\u0119czennik\u00f3w z Pratulina.<\/p>\n<p><b>2<\/b>. Ko\u015bci\u00f3\u0142 w Polsce rozpocz\u0105\u0142 wielkie duchowe <b>przygotowanie do \u015awiatowych Dni M\u0142odzie\u017cy<\/b>, kt\u00f3re b\u0119d\u0105 odbywa\u0107 si\u0119 w 2016 r., najpierw we wszystkich polskich diecezjach, a nast\u0119pnie w Krakowie. Ju\u017c 14 czerwca tego roku przyb\u0119d\u0105 do naszej diecezji s\u0142ynne znaki \u015awiatowych Dni M\u0142odzie\u017cy: <b>krzy\u017c i ikona Matki Bo\u017cej<\/b> <i>Salus Populi Romani<\/i> &#8211; podarowane m\u0142odym przez Jana Paw\u0142a II. Odwiedz\u0105 Siedlce, \u0141uk\u00f3w, Garwolin, D\u0119blin, Ryki, Mi\u0119dzyrzec Podlaski, Radzy\u0144 Podlaski, Parczew, W\u0142odaw\u0119, Bia\u0142\u0105 Podlask\u0119 i Pratulin. Ju\u017c dzi\u015b wychodz\u0105c z ko\u015bcio\u0142a mo\u017cemy otrzyma\u0107 folder zapraszaj\u0105cy do wzi\u0119cia udzia\u0142u w tym niezwyk\u0142ym wydarzenie oraz informuj\u0105cy czym s\u0105 \u015awiatowe Dni M\u0142odzie\u017cy.<\/p>\n<p><b>3<\/b>. Od jutra do \u015brody Ko\u015bci\u00f3\u0142 wzywa nas do modlitw o dobre urodzaje i b\u0142ogos\u0142awie\u0144stwo w pracy. <b>W \u015brod\u0119 od 15.00 po\u015bwi\u0119cenie p\u00f3l w Soboniu<\/b>, przy ostatnim o\u0142tarzu Msza \u015bw. w intencji mieszka\u0144c\u00f3w Sobonia, o Bo\u017ce b\u0142ogos\u0142awie\u0144stwo w pracy i obfity urodzaj. Z racji wczorajszego po\u015bwi\u0119cenia p\u00f3l Msza \u015bw. o b\u0142ogos\u0142awie\u0144stwo Bo\u017ce <b>dla mieszka\u0144c\u00f3w<\/b> <b>Jan\u00f3wka b\u0119dzie sprawowana 19 czerwca<\/b>, w Urocz. Bo\u017cego Cia\u0142a, o godz. 11.00.<\/p>\n<p><b>4<\/b>. W pi\u0105tek pocz\u0105tek <b>nowenny przed zes\u0142aniem Ducha \u015awi\u0119tego<\/b> podczas nabo\u017ce\u0144stwa majowego.<\/p>\n<p><b>5<\/b>. W sobot\u0119 \u015bwi\u0119to nawiedzenia Naj\u015bwi\u0119tszej Maryi Panny. Z racji <b>Dnia Dziecka chcemy zorganizowa\u0107\u00a0 dla dzieci szko\u0142y podstawowej zabawy i ognisko na boisku za plebani\u0105<\/b>. Zapraszamy w sobot\u0119 na<b> godz. 16.00 <\/b>dzieci, rodzic\u00f3w i wszystkich, kto pragnie si\u0119 w\u0142\u0105czy\u0107 do wsp\u00f3lnej zabawy.<\/p>\n<p><b>6<\/b>. W przysz\u0142\u0105 niedziel\u0119 <b>Uroczysto\u015b\u0107 Wniebowst\u0105pienia Pa\u0144skiego<\/b>. Jest to r\u00f3wnie\u017c <b>VII Dzie\u0144 Dzi\u0119kczynienia<\/b>, po\u0142\u0105czony ze zbi\u00f3rk\u0105 ofiar do puszek na \u015bwi\u0105tyni\u0119 Opatrzno\u015bci Bo\u017cej w Warszawie.<\/p>\n<p><b>7.<\/b> Informuj\u0119, \u017ce<b> od 8 czerwca i przez ca\u0142e wakacje Msza \u015bw. w niedziele b\u0119dzie o godz. 9.00 i 11.00<\/b>, abym m\u00f3g\u0142 uczestniczy\u0107 w uroczysto\u015bciach odpustowych w s\u0105siednich parafiach.<\/p>\n<p><b>8.<\/b> <b>Serdecznie dzi\u0119kuj\u0119 za sprz\u0105tanie ko\u015bcio\u0142a<\/b>: p. Ma\u0142gorzacie Duszak, Karolinie Duszak i Renacie \u0141abarzewskiej z W\u00f3lki. W sobot\u0119 zapraszam do sprz\u0105tania ko\u015bcio\u0142a nast\u0119puj\u0105ce osoby: p. Jolant\u0119 Ostrowsk\u0105, Halin\u0119 i Tadeusza Polkowskich oraz Celin\u0119 Grabowsk\u0105. Zapraszam tak\u017ce od 9.00 wszystkich ch\u0119tnych do oczyszczenia chodnika wok\u00f3\u0142 ko\u015bcio\u0142a, aby otoczenie naszej \u015bwi\u0105tyni by\u0142o pi\u0119knym i estetycznym.<\/p>\n<p><b>9<\/b>. Na stoliku le\u017cy nowy nr \u201eEcha Katolickiego\u201d. Zach\u0119cam do lektury, bo znajdziemy poruszaj\u0105ce \u015bwiadectwa matek, informacje o Marszu dla \u017cycia i rodziny, a tak\u017ce dodatek formacyjny dla cz\u0142onk\u00f3w \u017cywego R\u00f3\u017ca\u0144ca.<\/p>\n<p>&nbsp;<\/p>\n<h2 style=\"text-align: center;\"><span style=\"color: #ff0000;\"><b>5 Niedziela Wielkanocna \u2013 18 maja 2014 r.<\/b><\/span><\/h2>\n<p><b>\u00a01<\/b>. Dzi\u015b <b>uroczysto\u015b\u0107 Pierwszej Komunii \u015bw<\/b>. Razem z dzie\u0107mi, kt\u00f3re po raz pierwszy przyj\u0119\u0142y Pana Jezusa do swego serca wielbimy Boga za Jego Mi\u0142o\u015b\u0107. Dzi\u0119kuj\u0119 Wam, kochani <b>Rodzice<\/b>, za przyj\u0119cie daru \u017cycia i prowadzenie waszych dzieci do Boga, serdecznie dzi\u0119kuj\u0119 <b>pani Marcie Korzeniak<\/b>, za ca\u0142oroczny trud katechizacji, w kt\u00f3ry pani katechetka wk\u0142ada wiele serca, dzi\u0119kuj\u0119 <b>pani Anecie Miklaszewskiej<\/b> za pi\u0119kn\u0105 dekoracje i opraw\u0119 muzyczn\u0105 ca\u0142ej uroczysto\u015bci.<\/p>\n<p><b>2<\/b>. Dzi\u0119kuj\u0119 rodzicom dzieci pierwszokomunijnych za sprz\u0105tanie ko\u015bcio\u0142a, a pani Marii Komorowskiej dzi\u0119kuj\u0119 za wypranie obrus\u00f3w na o\u0142tarzach. <b>Dzieci w Bia\u0142ym Tygodniu zapraszam na Msz\u0119 \u015bw. o godz. 18.00. <\/b><\/p>\n<p><b>\u00a03.<\/b> \u00a0W sobot\u0119, <b>24 maja 2014 r. o godz. 11.00 odb\u0119dzie si\u0119 Ingres do Katedry Siedleckiej JE. Ks. Bpa Kazimierza Gurdy<\/b>, kt\u00f3rego \u2013 jak wiemy \u2013 Ojciec \u015awi\u0119ty Franciszek mianowa\u0142 naszym biskupem diecezjalnym. W uroczysto\u015bci we\u017amie udzia\u0142 mi\u0119dzy innymi Nuncjusz Apostolski w Polsce oraz Metropolita Lubelski. B\u0119dzie to wa\u017cny dzie\u0144 dla naszego Ko\u015bcio\u0142a lokalnego. Chcemy wi\u0119c wsp\u00f3lnie wy\u015bpiewa\u0107 Panu Bogu uroczyste\u00a0\u201e<i>Te Deum laudamus\u201d\u00a0<\/i>za dar nowego Pasterza. Chcemy te\u017c z wielk\u0105 rado\u015bci\u0105 go przyj\u0105\u0107 jako Przewodnika Wsp\u00f3lnoty Siedleckiego Ko\u015bcio\u0142a. Polecajmy Dostojnego Ksi\u0119dza Biskupa Kazimierza wstawiennictwu Naj\u015bwi\u0119tszej Maryi Panny, Patron\u00f3w naszej Diecezji, \u015bw. Jana Paw\u0142a II i b\u0142ogos\u0142awionych M\u0119czennik\u00f3w z Pratulina, wypraszaj\u0105c u Dobrego Boga hojne b\u0142ogos\u0142awie\u0144stwo na czekaj\u0105ce go zadania w naszej Diecezji.<\/p>\n<p><b>4<\/b>. W sobot\u0119 od <b>14.30 po\u015bwi\u0119cenie p\u00f3l w Jan\u00f3wku i Wygl\u0119d\u00f3wku<\/b>, zako\u0144czone Msz\u0105 \u015bw. o b\u0142ogos\u0142awie\u0144stwo dla pracuj\u0105cych na roli i mieszka\u0144c\u00f3w tych miejscowo\u015bci.<\/p>\n<p><b>5<\/b>. Wczoraj <b>sakrament Ma\u0142\u017ce\u0144stwa<\/b> zawarli: <b>Ilona Szymankowska i Damian Makowski<\/b>. Z ca\u0142ego serca \u017cyczymy Nowo\u017ce\u0144com obfitych \u0142ask w \u017cyciu ma\u0142\u017ce\u0144skim i szczeg\u00f3lnego or\u0119downictwa \u015bw. Jana Paw\u0142a II, kt\u00f3ry jest patronem rodziny chrze\u015bcija\u0144skiej.<\/p>\n<p><b>6<\/b>. <b>Dzi\u0119kuj\u0119 za ofiary na potrzeby ko\u015bcio\u0142a<\/b>: Janusz Komorowski \u2013 200 z\u0142 i ofiary po 100 z\u0142: Edyta i Daniel Chabiera, Teresa Wiel\u0105dek, Irena Kujawa, Zbigniew Ko\u0142ak, bezimienna z Sobonia i bezimienna z Adamowa. Serdeczne \u201eB\u00f3g zap\u0142a\u0107!\u201d Wkr\u00f3tce zaczniemy prace przy budowie ubikacji.<\/p>\n<p><b>7<\/b>. Pami\u0119tamy, \u017ce <b>25 maja odb\u0119d\u0105 si\u0119 wybory do Parlamentu Europejskiego<\/b>. W Brukseli b\u0119d\u0105 decydowa\u0107 jakie warto\u015bci maj\u0105 by\u0107 kultywowane w Unii Europejskiej. Czy b\u0119d\u0105 to warto\u015bci wyp\u0142ywaj\u0105ce ze spu\u015bcizny chrze\u015bcija\u0144skiej czy z filozofii gender? G\u0142osowanie w wyborach jest to nie tylko nasze prawo, ale i patriotyczny obowi\u0105zek.<\/p>\n<p><b>8<\/b>. Nowy nr \u201eEcha Katolickiego\u201d le\u017cy na stoliku za \u0142awkami. Znajdziemy ciekawe artyku\u0142y i zach\u0119cam do lektury.<\/p>\n<p><b>9<\/b>. W ostatnich dniach Pan B\u00f3g powo\u0142a\u0142 do wieczno\u015bci <b>\u015bp. Joann\u0119 Zalewsk\u0105, <\/b>z domu<b> Wiel\u0105dek.<\/b> <i>Wieczny odpoczynek racz jej da\u0107, Panie,&#8230;<\/i><\/p>\n<p>&nbsp;<\/p>\n<h2 align=\"center\"><span style=\"color: #ff0000;\"><b>4 Niedziela Wielkanocna \u2013 11 maja 2014 r.<\/b><\/span><\/h2>\n<p><b>\u00a01. <\/b>Dzi\u015b 4 Niedziela Wielkanocna, zwana tak\u017ce <b>Niedziel\u0105 Dobrego Pasterza<\/b> i rozpoczyna si\u0119 <b>tydzie\u0144 modlitw o powo\u0142ania kap\u0142a\u0144skie i zakonne<\/b>. Szczeg\u00f3lnie w czasie nabo\u017ce\u0144stw majowych pro\u015bmy Boga przez Maryj\u0119 o liczne i \u015bwi\u0119te powo\u0142ania, r\u00f3wnie\u017c z naszej parafii. Potrzeba wielu robotnik\u00f3w, by zbiera\u0107 \u017cniwo Pana w Polsce i w krajach misyjnych. Z serca dzi\u0119kuj\u0119 za ofiary do puszek na misje w Boliwii. W pierwsz\u0105 niedziel\u0119 maja by\u0142o to 233 z\u0142. i dzi\u0119ki tym ofiarom w Bulo Bulo mo\u017ce by\u0107 prowadzony internat dla biednych dzieci.<\/p>\n<p><b>2.<\/b> <b>We wtorek<\/b>, kolejna rocznica objawie\u0144 Matki Bo\u017cej w Fatimie, po Mszy \u015bw. o 18.00 <b>nabo\u017ce\u0144stwo Fatimskie <\/b>wok\u00f3\u0142 ko\u015bcio\u0142a i na cmentarzu. Serdecznie zapraszam.<\/p>\n<p><b>3.<\/b> Dzi\u0119kuj\u0119 za wsp\u00f3ln\u0105 modlitw\u0119 i liczny udzia\u0142 w po\u015bwi\u0119ceniu p\u00f3l w Lesie Jaworskim i na Helenowie, a tak\u017ce w Jaworku. Dzi\u015b od <b>15.00<\/b> <b>po\u015bwi\u0119cenie p\u00f3l w Wierzbnie, <\/b>a jutro tak\u017ce<b> <\/b>od<b> 15.00 &#8211; w W\u00f3lce i Swidnie<\/b>, na zako\u0144czenie przy ostatnim o\u0142tarzu w Swidnie &#8211; Msza \u015bw. o Bo\u017ce b\u0142ogos\u0142awie\u0144stwo.<\/p>\n<p><b>4.<\/b> W pi\u0105tek do sprz\u0105tania ko\u015bcio\u0142a zapraszam rodzic\u00f3w dzieci przygotowuj\u0105cych si\u0119 do Pierwszej Komunii \u015bw. W sobot\u0119 od godz. 15.00 spowied\u017a tych dzieci, rodzic\u00f3w, chrzestnych i krewnych.<\/p>\n<p><b>5.<\/b> W przysz\u0142\u0105 niedziel\u0119 rocznica urodzin Karola Wojty\u0142y, \u015bw. Jana Paw\u0142a II i <b>uroczysto\u015b\u0107 I Komunii \u015bw. na Eucharystii o godz. 9.00<\/b>. Otaczajmy modlitw\u0105 dzieci, prze\u017cywaj\u0105ce spotkanie z Chrystusem w Komunii \u015bw. R\u00f3wnocze\u015bnie informuj\u0119, \u017ce rocznica I Komunii dla kl. III b\u0119dzie w uroczysto\u015b\u0107 Bo\u017cego Cia\u0142a, czyli 19 czerwca.<\/p>\n<p><b>6.<\/b> Z serca <b>dzi\u0119kuj\u0119 rodzinom ze Swidna\u00a0 za sprz\u0105tanie w ko\u015bciele<\/b>. Serdecznie <b>dzi\u0119kuj\u0119 za wykoszenie trawy w sadzie i za plebani\u0105<\/b>. Pracowali: p. Piotr Pi\u00f3rek, Mieczys\u0142aw Walencki, Roman Gog\u0142oza, Adam Florkowski, Micha\u0142 W\u0105sowski, Andrzej Miklaszewski, W\u0142odzimierz Komorowski, Andrzej Chabiera i Przemek Jachimowicz. Pan Darek Wr\u00f3blewski podci\u0105\u0142 krzewy na skwerze przy ko\u015bciele.<\/p>\n<p><b>7.<\/b> <b>Dzi\u0119kuj\u0119 za ofiary na kostk\u0119 na cmentarzu<\/b>. Ofiary po 100 z\u0142: Krystyna i Zbigniew Siemi\u0144scy z Jan\u00f3wka, Jerzy Leszczy\u0144ski, Las Jaworski, Helena Bia\u0142ousz, Ewa Bergiel, J\u00f3zef Kope\u0107 z Wygl\u0119d\u00f3wka, Ewa Siwak z Sobonia, Bo\u017cena Chabiera z Wierzbna, Kubuj El\u017cbieta z Helenowa i 2 ofiary bezimienne, Henryk i Marianna Szyma\u0144scy 150 z\u0142 oraz 1 bezimienna z Jan\u00f3wka 200 z\u0142. Serdeczne \u201eB\u00f3g zap\u0142a\u0107!\u201d Chcia\u0142bym rozpocz\u0105\u0107 budow\u0119 ubikacji, w kt\u00f3rej b\u0119dzie i woda bie\u017c\u0105ca i o\u015bwietlenie i ogrzewanie zim\u0105, aby rozwi\u0105za\u0107 obecn\u0105 trudn\u0105 sytuacj\u0119.<\/p>\n<p><b>8<\/b>. Na stoliku le\u017cy nowy nr \u201eEcha Katolickiego\u201d. Znajdziemy ciekawy wywiad z rektorem Wy\u017cszego Seminarium Duchownego naszej diecezji, a tak\u017ce artyku\u0142 o znaczeniu objawie\u0144 fatimskich dla ca\u0142ego \u015bwiata. Zach\u0119cam do lektury.<\/p>\n<p><b>9.<\/b> Pan B\u00f3g powo\u0142a\u0142 do wieczno\u015bci <b>\u015bp. Genowef\u0119 Wawrzyniak, z domu Jaworowska<\/b>. <i>Wieczny odpoczynek racz jej da\u0107, Panie, a \u015bwiat\u0142o\u015b\u0107 wiekuista niechaj jej \u015bwieci.<\/i><\/p>\n<p align=\"center\">\u00a0<b><br \/>\n<\/b><\/p>\n<h2 align=\"center\"><span style=\"color: #ff0000;\"><b>3 Niedziela Wielkanocna \u2013 4 maja 2014 r.<\/b><\/span><\/h2>\n<p><b>\u00a01<\/b>. Dzi\u015b pierwsza niedziela maja. <b>Po Mszy \u015bw. o 9.00 spotkanie dla rodzic\u00f3w i dzieci przygotowuj\u0105ce si\u0119 do I Komunii \u015bw.<\/b> Po sumie adoracja Naj\u015bwi\u0119tszego Sakramentu, nabo\u017ce\u0144stwo majowe i zmianka tajemnic r\u00f3\u017ca\u0144cowych. <b>Intencje Apostolstwa modlitwy na miesi\u0105c maj<\/b>:<i> <b><span style=\"text-decoration: underline;\">Og\u00f3lna:<\/span><\/b> Aby \u015brodki przekazu by\u0142y narz\u0119dziami w s\u0142u\u017cbie prawdy i pokoju. <b><span style=\"text-decoration: underline;\">Misyjna:<\/span><\/b> Aby Maryja, Gwiazda Ewangelizacji, kierowa\u0142a misj\u0105 Ko\u015bcio\u0142a, g\u0142osz\u0105cego Chrystusa wszystkim narodom.<\/i> Ofiarami do puszek wspieramy misje w Boliwii i ks. Jaros\u0142awa Dziedzica, kt\u00f3ry tam pos\u0142uguje.<\/p>\n<p><b>2<\/b>. W czwartek, 8 maja, <b>urocz. \u015bw. Stanis\u0142awa<\/b>, biskupa i m\u0119czennika. Zapraszam na Eucharysti\u0119 o godz. 18.00 i potem nabo\u017ce\u0144stwo majowe.<\/p>\n<p><b>3<\/b>. <b>Dzi\u0119kuj\u0119 za sprz\u0105tanie ko\u015bcio\u0142a<\/b> w pi\u0105tek p. Ewie Bergiel, Leszkowi Kodymowi, Edycie Chabierze i Ma\u0142gorzacie Duszak. W najbli\u017csz\u0105 sobot\u0119 zapraszam do pracy przy sprz\u0105taniu naszej \u015bwi\u0105tyni: p. Darka Wojty\u0144skiego, Mari\u0119 i Bronis\u0142awa Sobiepanek oraz Zofi\u0119 i Jana Tomkiewicz ze Swidna.<\/p>\n<p><b>4<\/b>. Trzeba nam modli\u0107 si\u0119 o sprzyjaj\u0105c\u0105 pogod\u0119 i b\u0142ogos\u0142awie\u0144stwo Bo\u017ce dla naszych p\u00f3l, ogrod\u00f3w i dzia\u0142ek. Tylko z Bo\u017c\u0105 pomoc\u0105 trud rolnika mo\u017ce przynie\u015b\u0107 dobre plony i rado\u015b\u0107 w ka\u017cdej rodzinie. W tym tygodniu rozpoczynamy <b>po\u015bwi\u0119cenie p\u00f3l<\/b>. W <b>czwartek od 15.00<\/b> po\u015bwi\u0119cenie p\u00f3l w <b>Lesie Jaworskim i na Helenowie<\/b>, zako\u0144czone Msz\u0105 \u015bw. przy ostatniej stacji. W <b>pi\u0105tek od 15.00<\/b> \u2013 <b>w Jaworku<\/b> i Msza \u015bw. za wszystkich mieszka\u0144c\u00f3w, a <b>w<\/b> <b>niedziel\u0119 11 maja od 15.00 po\u015bwi\u0119cenie p\u00f3l we Wierzbnie. <\/b><\/p>\n<p><b>\u00a05<\/b>. Pragn\u0119 poinformowa\u0107, \u017ce p. <b>Rafa\u0142 Miklaszewski<\/b> przygotowa\u0142 stron\u0119 internetow\u0105 naszej parafii i wkr\u00f3tce b\u0119dzie ona dost\u0119pna w sieci. Serdecznie dzi\u0119kuj\u0119 za ten trud. Zapraszam ch\u0119tnych do tworzenia tej strony by by\u0142a interesuj\u0105c\u0105 i zawiera\u0142a aktualne wydarzenia z \u017cycia naszej parafii.<\/p>\n<p><b>6<\/b>. W ostatnich dw\u00f3ch tygodniach wp\u0142yn\u0119\u0142y nast\u0119puj\u0105ce ofiary na kostk\u0119 na cmentarzu: po 100 z\u0142 \u2013 Anna Guzi\u0144ska, Hanna Tomkiewicz, Zofia Patoka, Halina Pachnik, Barbara Krzy\u017canowska i 3 ofiary bezimienne po 100 z\u0142, a tak\u017ce rodzina Skar\u017cy\u0144skich z Sobonia \u2013 200 z\u0142 i \u0141ukasz Gronek \u2013 200 z\u0142. Z serca dzi\u0119kuj\u0119 ofiarodawcom: Serdeczne \u201eB\u00f3g zap\u0142a\u0107\u201d!<\/p>\n<p><b>7<\/b>. W nowym nr Echa katolickiego znajdziemy obszerna relacj\u0119 z uroczysto\u015bci kanonizacyjnych w Rzymie, oraz wiele innych ciekawych artyku\u0142\u00f3w. Zach\u0119cam do lektury.<\/p>\n<p><b>8<\/b>. Do Sakramentu ma\u0142\u017ce\u0144stwa przygotowuj\u0105 si\u0119: <b>Ilona Szmankowska i Damian Makowski, \u00a0zamieszkali w Wierzbnie<\/b>. Zapowied\u017a trzecia. Niech wstawiennictwo Maryi, Kr\u00f3lowej rodzin, wyprasza dla nich wszelkie potrzebne \u0142aski.<\/p>\n<p>&nbsp;<\/p>\n<p>&nbsp;<\/p>\n","protected":false},"excerpt":{"rendered":"<p>Powr\u00f3t do listy og\u0142osze\u0144 6 Niedziela Wielkanocna &#8211; 25 maja 2014 r. 1. Wczoraj o godz. 11.00\u00a0 odby\u0142 si\u0119 uroczysty Ingres J.E. Ks. Bpa Kazimierza Gurdy do Katedry Siedleckiej. Otaczajmy nowego Pasterza Diecezji szczeg\u00f3ln\u0105 modlitw\u0105 i pro\u015bmy wstawiennictwa Naj\u015bwi\u0119tszej Maryi Panny i b\u0142. M\u0119czennik\u00f3w z Pratulina. 2. Ko\u015bci\u00f3\u0142 w Polsce rozpocz\u0105\u0142 wielkie duchowe przygotowanie do \u015awiatowych Dni M\u0142odzie\u017cy, kt\u00f3re b\u0119d\u0105 odbywa\u0107 si\u0119 w 2016 r., najpierw we wszystkich polskich diecezjach, a nast\u0119pnie w Krakowie. Ju\u017c 14 czerwca tego roku przyb\u0119d\u0105 do naszej diecezji s\u0142ynne znaki \u015awiatowych Dni M\u0142odzie\u017cy: krzy\u017c i ikona Matki Bo\u017cej Salus Populi Romani &#8211; podarowane m\u0142odym przez Jana Paw\u0142a II. Odwiedz\u0105 Siedlce, \u0141uk\u00f3w, Garwolin, D\u0119blin, Ryki, Mi\u0119dzyrzec Podlaski, Radzy\u0144 Podlaski, Parczew, W\u0142odaw\u0119, Bia\u0142\u0105 Podlask\u0119 i Pratulin. Ju\u017c dzi\u015b wychodz\u0105c z ko\u015bcio\u0142a mo\u017cemy otrzyma\u0107 folder zapraszaj\u0105cy do wzi\u0119cia udzia\u0142u w tym niezwyk\u0142ym wydarzenie oraz informuj\u0105cy czym s\u0105 \u015awiatowe Dni M\u0142odzie\u017cy. 3. Od jutra do \u015brody Ko\u015bci\u00f3\u0142 wzywa nas \u2026 <a class=\"continue-reading-link\" href=\"https:\/\/www.parafiawierzbno.com.pl\/?page_id=228\">Czytaj dalej <span class=\"meta-nav\">&rarr; <\/span><\/a><\/p>\n","protected":false},"author":1,"featured_media":0,"parent":225,"menu_order":0,"comment_status":"closed","ping_status":"closed","template":"","meta":{"ngg_post_thumbnail":0},"_links":{"self":[{"href":"https:\/\/www.parafiawierzbno.com.pl\/index.php?rest_route=\/wp\/v2\/pages\/228"}],"collection":[{"href":"https:\/\/www.parafiawierzbno.com.pl\/index.php?rest_route=\/wp\/v2\/pages"}],"about":[{"href":"https:\/\/www.parafiawierzbno.com.pl\/index.php?rest_route=\/wp\/v2\/types\/page"}],"author":[{"embeddable":true,"href":"https:\/\/www.parafiawierzbno.com.pl\/index.php?rest_route=\/wp\/v2\/users\/1"}],"replies":[{"embeddable":true,"href":"https:\/\/www.parafiawierzbno.com.pl\/index.php?rest_route=%2Fwp%2Fv2%2Fcomments&post=228"}],"version-history":[{"count":13,"href":"https:\/\/www.parafiawierzbno.com.pl\/index.php?rest_route=\/wp\/v2\/pages\/228\/revisions"}],"predecessor-version":[{"id":1769,"href":"https:\/\/www.parafiawierzbno.com.pl\/index.php?rest_route=\/wp\/v2\/pages\/228\/revisions\/1769"}],"up":[{"embeddable":true,"href":"https:\/\/www.parafiawierzbno.com.pl\/index.php?rest_route=\/wp\/v2\/pages\/225"}],"wp:attachment":[{"href":"https:\/\/www.parafiawierzbno.com.pl\/index.php?rest_route=%2Fwp%2Fv2%2Fmedia&parent=228"}],"curies":[{"name":"wp","href":"https:\/\/api.w.org\/{rel}","templated":true}]}}