{"id":2853,"date":"2014-11-04T08:32:38","date_gmt":"2014-11-04T07:32:38","guid":{"rendered":"https:\/\/www.parafiawierzbno.com.pl\/?page_id=2853"},"modified":"2014-12-08T03:47:03","modified_gmt":"2014-12-08T02:47:03","slug":"ogloszenia-listopad-2014","status":"publish","type":"page","link":"https:\/\/www.parafiawierzbno.com.pl\/?page_id=2853","title":{"rendered":"Og\u0142oszenia &#8211; Listopad 2014"},"content":{"rendered":"<p><a title=\"Og\u0142oszenia parafialne\" href=\"https:\/\/www.parafiawierzbno.com.pl\/?page_id=225\">Powr\u00f3t do listy og\u0142osze\u0144<\/a><\/p>\n<h2 align=\"center\"><span style=\"color: #ff0000;\"><b>30 listopada \u2013 I Niedziela Adwentu<\/b><\/span><\/h2>\n<p><b>1. <\/b>Dzi\u0119ki \u0142askawo\u015bci Boga dzi\u015b <b>rozpoczynamy okresem Adwentu nowy Rok Liturgiczny<\/b>. W czytaniach\u00a0 mszalnych na niedziele i uroczysto\u015bci b\u0119dziemy korzysta\u0107 <b>z cyklu B<\/b> i w dni powszednie okresu zwyk\u0142ego <b>z cyklu I<\/b>. Jako owoc katechezy synodalnej zosta\u0142 ustalony grafik czytaj\u0105cych s\u0142owo Bo\u017ce podczas Eucharystii w grudniu. Dzi\u0119kuj\u0119 p. Krystynie Gog\u0142ozie za zrobienie pi\u0119knego wie\u0144ca adwentowego. Na bocznym o\u0142tarzu s\u0105 wigilijne \u015bwiece.<\/p>\n<p>Dzi\u015b po Mszy \u015bw. <b>konkurs znajomo\u015bci Ksi\u0119gi Dziej\u00f3w Apostolskich<\/b>, aby sta\u0142 si\u0119 zach\u0119t\u0105 to systematycznego studium Pisma \u015bwi\u0119tego w naszych rodzinach. Dzi\u015b o <b>15.30<\/b> w ko\u015bciele pr\u00f3ba przed Orszakiem Trzech Kr\u00f3li, z serca zapraszam.<\/p>\n<p><b>2. <\/b>W Adwencie<b> w \u015brody i soboty zapraszam na uroczyst\u0105 Eucharysti\u0119 o 6.30 w cze\u015b\u0107 Naj\u015bwi\u0119tszej Maryi Panny. <\/b>Razem z Maryj\u0105 oczekujemy na przyj\u015bcie Jezusa, naszego Zbawiciela. Dzieci i m\u0142odzie\u017c zach\u0119cam do licznego udzia\u0142u w Roratach i w konkursie. Otrzymacie w rezultacie pi\u0119kny obrazek adoracji Pana Jezusa w \u017c\u0142\u00f3bku.<\/p>\n<p><b>3. <\/b>W tym tygodniu<b> I czwartek miesi\u0105ca, od 16.00 adoracja Naj\u015bwi\u0119tszego Sakramentu i modlitwa za powo\u0142anych do s\u0142u\u017cby Bo\u017cej, <\/b>dobra<b> <\/b>okazja do spowiedzi. O 17.00 Msza \u015bw. za zmar\u0142ych polecanych Bo\u017cemu Mi\u0142osierdziu w wypominkach.<\/p>\n<p><b>4. Pierwszy pi\u0105tek miesi\u0105ca<\/b>, od 9.00 odwiedzam chorych, od 16.30 spowied\u017a pierwszopi\u0105tkowa, o 17.00 Eucharystia wynagradzaj\u0105ca Naj\u015bwi\u0119tszemu Sercu Pana Jezusa za grzechy nasze i ca\u0142ego \u015bwiata.<\/p>\n<p><b>5. <\/b>W najbli\u017csz\u0105 niedziel\u0119 po Mszy \u015bw. o 9.00<b> spotkanie dla rodzic\u00f3w i dzieci przygotowuj\u0105cych si\u0119 do I Komunii \u015bw. <\/b>Prosz\u0119 zabra\u0107 tajemniczki r\u00f3\u017ca\u0144cowe. Na Msz\u0119 o 9.00 zapraszam wszystkie dzieci z naszej parafii. B\u0119dzie mi\u0142a niespodzianka. Po sumie z racji I niedzieli miesi\u0105ca, adoracja Naj\u015bwi\u0119tszego Sakramentu i zmianka tajemnic r\u00f3\u017ca\u0144cowych.<\/p>\n<p><b>6. <\/b>Serdecznie<b> dzi\u0119kuj\u0119 p. Micha\u0142owi W\u0105sowskiemu <\/b>za umocowanie kotar w drzwiach wej\u015bciowych ko\u015bcio\u0142a i prosz\u0119 wszystkich parafian, by\u015bmy zamykali drzwi, a wtedy b\u0119dzie cieplej.\u00a0 <b>Dzi\u0119kuj\u0119 za ofiary na docieplenie naszej \u015bwi\u0105tyni<\/b>: Szcz\u0119sna El\u017cbieta -100 z\u0142, Patoka Zofia -100 z\u0142, bezimienna z Cierpi\u0105t \u2013 100 z\u0142, Jan G\u00f3jski z Lasu Jaworskiego -100 z\u0142 i Jerzy Chabiera \u2013 200 z\u0142, Eugeniusz Kudelski \u2013 100 z\u0142. Dzi\u0119kuj\u0119 za ofiary z W\u00f3lki &#8211; 750 z\u0142, ze Swidna &#8211; 820 z\u0142, z Lasu Jaworskiego &#8211; 400 z\u0142, z Jaworka \u2013 1 324 z\u0142 i z Wierzbna \u2013 4\u00a0700 z\u0142. Z serca dzi\u0119kuj\u0119 radnym za trud zebranie ofiar. Chcia\u0142bym w tym tygodniu kupi\u0107 olej opa\u0142owy i odda\u0107 d\u0142ug p. Zaboklickiemu.<\/p>\n<p><b>7. Dzi\u0119kuj\u0119 rodzinom z Wierzbna za sprz\u0105tanie ko\u015bcio\u0142a<\/b> i w najbli\u017csz\u0105 sobot\u0119 zapraszam: p. Regin\u0119 Mali\u015bkiewicz, Wies\u0142awa Makowskiego, Kazimierza Wierzbickiego, Teodozj\u0119 i Waldemara Witowskich oraz Marzen\u0119 i Jacka Witowskich.<\/p>\n<p><b>8. <\/b>W bie\u017c\u0105cym nr \u201eEcha Katolickiego\u201d znajdziemy rozwa\u017canie na I Niedziel\u0119 Adwentu, comiesi\u0119czne materia\u0142y formacyjne dla K\u00f3\u0142 \u017bywego R\u00f3\u017ca\u0144ca i odpowied\u017a na ile wiara i modlitwa mog\u0105 uchroni\u0107 ma\u0142\u017ce\u0144stwo przed rozpadem.<\/p>\n<p><b>9. <\/b>Pan B\u00f3g powo\u0142a\u0142 do wieczno\u015bci <b>\u015bp. Czes\u0142awa Replina<\/b>. Zapraszam w czwartek 4 grudnia o 17.30 na Msz\u0119 \u015bw. o zbawienie jego duszy. Z ofiar zebranych na pogrzebie b\u0119dzie sprawowanych 6 Mszy \u015bw. <i>Wieczny odpoczynek racz mu da\u0107, Panie&#8230;<\/i><\/p>\n<h2 align=\"center\"><span style=\"color: #ff0000;\"><b>23 listopada<\/b><\/span><b><span style=\"color: #ff0000;\"> \u2013 Uroczysto\u015b\u0107 Jezusa Chrystusa<\/span> <\/b><\/h2>\n<h2 align=\"center\"><span style=\"color: #ff0000;\"><b>Kr\u00f3la Wszech\u015bwiata<\/b><\/span><\/h2>\n<p><b><i>1.<\/i><\/b> <b>Chrystus Wodzem, Chrystus Kr\u00f3lem, Chrystus W\u0142adc\u0105 nam!<\/b> Dzi\u015b Uroczysto\u015b\u0107 Jezusa Chrystusa Kr\u00f3la Wszech\u015bwiata. Po sumie wystawienie Naj\u015bwi\u0119tszego Sakramentu, Litania do Serca Pana Jezusa i akt po\u015bwi\u0119cenia. Po Mszy \u015bw. o 9.00 spotkanie synodalne podsumowuj\u0105ce katechez\u0119 na temat: \u201eProklamacja S\u0142owa Bo\u017cego we wsp\u00f3lnocie Ko\u015bcio\u0142a\u201d.<\/p>\n<p>O godz. 12.00 wyjazd na <b>sztuk\u0119 pt. \u201eGo\u015b\u0107 oczekiwany\u201d<\/b> do naszego Seminarium w Opolu. S\u0105 jeszcze wolne miejsca. O 16.30 w ko\u015bciele pr\u00f3ba przed Orszakiem Trzech Kr\u00f3li. Trzeba ju\u017c rozda\u0107 role i dobrze wykorzysta\u0107 czas na przygotowanie. Je\u015bli b\u0119dzie ma\u0142o zainteresowanych udzia\u0142em, wtedy zrezygnujemy z ca\u0142ej imprezy.<\/p>\n<p><b><i>2.<\/i><\/b> W czwartek, chwa\u0142a Bogu, <b>uda\u0142o si\u0119 ociepli\u0107 strop ko\u015bcio\u0142a we\u0142n\u0105 mineraln\u0105<\/b>. S\u0105 te\u017c zam\u00f3wione kotary we drzwi wej\u015bciowe. Z ca\u0142ego serca dzi\u0119kuj\u0119 za ofiarn\u0105 prac\u0119: p. Miros\u0142awowi Stankiewiczowi, Andrzejowi Ko\u015bcieszy, Micha\u0142owi W\u0105sowskiemu, Romanowi Gog\u0142ozie, Jerzemu Leszczy\u0144skiemu, Mieczys\u0142awowi Lisieckiemu i Adamowi J\u00f3\u017awikowi. Koszt ca\u0142ej inwestycji wraz z zakupieniem oleju do ogrzewania to ponad 6500 z\u0142. Serdecznie prosz\u0119 radnych parafialnych o zbi\u00f3rk\u0119 ofiar na ten cel, poniewa\u017c trzeba zap\u0142aci\u0107 p. \u017baboklickiemu. Ofiary na ten cel: Emilia Kornatko z Wierzbna \u2013 100 z\u0142 i bezimienna z Jan\u00f3wka -100 z\u0142. Serdeczne \u201eB\u00f3g zap\u0142a\u0107!\u201d<\/p>\n<p><b><i>3.<\/i><\/b> Serdecznie dzi\u0119kuj\u0119 mieszka\u0144com Sobonia za wywiezienie li\u015bci i usch\u0142ych kwiat\u00f3w na kompostownik. Dzi\u0119kuj\u0119 tak\u017ce rodzinom z Wierzbna za sprz\u0105tanie ko\u015bcio\u0142a. Na najbli\u017csz\u0105 sobot\u0119 zapraszam: p. Krystyn\u0119 i Romana Gogoz\u00f3w, Henryk\u0119 i Andrzeja Miklaszewskich i Bogus\u0142awa Tylusa.<\/p>\n<p><b><i>4.<\/i><\/b> W niedziel\u0119 30 listopada rozpoczynamy Adwent, czas radosnego oczekiwania na przyj\u015bcie Pana. Po Mszy \u015bw. o 9.00 i 12.00 konkurs znajomo\u015bci ksi\u0119gi Dziej\u00f3w Apostolskich. W Adwencie <b>w ka\u017cd\u0105 \u015brod\u0119 i sobot\u0119 uroczysta<\/b> <b>Msza \u015bw. Roratnia o 6.30<\/b> ku czci Naj\u015bwi\u0119tszej Maryi Panny. Zach\u0119cam dzieci i m\u0142odzie\u017c do radosnego prze\u017cywania Adwentu i uczestnictwa w Eucharystii. Informuj\u0119, \u017ce <b>Rekolekcje Adwentowe w naszej parafii<\/b> b\u0119d\u0105 <b>19 &#8211; 21 grudnia<\/b> i poprowadzi je ks. Stanis\u0142aw Abramczuk.<\/p>\n<p><b><i>5.<\/i><\/b> Jak w latach ubiegach na o\u0142tarzu bocznym s\u0105 <b>\u015bwiece wigilijne<\/b>, rozprowadzane rzez Caritas. Ofiary ze \u015bwiec s\u0142u\u017c\u0105 pomoc\u0105 dla dzie\u0142 prowadzonych przez diecezjalny Caritas. Du\u017ce \u015bwiece po 15 z\u0142, \u015brednie o 10 z\u0142 i ma\u0142e po 5 z\u0142.<\/p>\n<p><b><i>6.<\/i><\/b> W bie\u017c\u0105cym nr \u201eEcha Katolickiego\u201d znajdziemy artyku\u0142 o b\u0142. Karolinie K\u00f3zk\u00f3wnie, tak\u017ce o ks. Franciszku Blachnickim, za\u0142o\u017cycielu Ruchu \u015awiat\u0142o-Zycie. Jest r\u00f3wnie\u017c kr\u00f3tka informacja o \u015bwi\u0119cie Nieodleg\u0142o\u015bci w Wierzbnie.<\/p>\n<h2 align=\"center\"><b><span style=\"color: #ff0000;\">16 listopada<\/span> <span style=\"color: #ff0000;\">\u2013 33 Niedziela zwyk\u0142a<\/span><\/b><\/h2>\n<p><b><i>1.<\/i><\/b><b> <\/b>Prze\u017cywamy kolejn\u0105<b> Niedziel\u0119 Synodaln\u0105 <\/b>pod has\u0142em:<b> \u201eProklamacja S\u0142owa Bo\u017cego we wsp\u00f3lnocie Ko\u015bcio\u0142a\u201d. <\/b>Ofiary na tac\u0119 w dniu dzisiejszym s\u0105 przeznaczone na organizacj\u0119 \u015awiatowych Dni M\u0142odzie\u017cy w Krakowie w 2016 r. Po<b> <\/b>Mszy \u015bw. 9.00<b> spotkanie organizacyjne z racji Orszaku Trzech Kr\u00f3li. <\/b>Na stoliku s\u0105 listy, aby wpisali si\u0119 ch\u0119tni, kt\u00f3rzy pragn\u0105 dopom\u00f3c w organizacji Orszaku w naszej parafii. Zach\u0119cam by\u015bmy si\u0119 wszyscy zaanga\u017cowali, a wtedy \u015bwi\u0119towanie mo\u017ce dostarczy\u0107 wielu duchowych prze\u017cy\u0107.<\/p>\n<p><b><i>2.<\/i><\/b><b> <\/b>W sobot\u0119\u00a0 podczas Mszy \u015bw<b>. <\/b>o<b> 17.00 katecheza synodalna, <\/b>na kt\u00f3r\u0105 zapraszam radnych, zesp\u00f3\u0142 synodalny, lektor\u00f3w i ministrant\u00f3w, osoby czytaj\u0105ce s\u0142owo Bo\u017ce podczas Eucharystii i schol\u0119 parafialn\u0105. W sobot\u0119 wspomnienie<b> \u015bw. Cecylii patronki muzyki ko\u015bcielnej. <\/b>Nasz\u0105 schol\u0119 parafialn\u0105 ogarnijmy szczer\u0105 modlitw\u0105.<\/p>\n<p><b><i>3.<\/i><\/b><b> <\/b>Zach\u0119cam wszystkich parafian do lektury<b> Ksi\u0119gi Dziej\u00f3w Apostolskich. 30 listopada po Mszy \u015bw. o 9.00 i o 12.00 Konkurs znajomo\u015bci tej ksi\u0119gi. <\/b>Przewidziane s\u0105 atrakcyjne nagrody.<\/p>\n<p><b><i>4.<\/i><\/b> Z ca\u0142ego serca dzi\u0119kuj\u0119 wszystkim, kt\u00f3rzy za<b> wsp\u00f3lne prze\u017cywanie \u015bwi\u0119ta Niepodleg\u0142o\u015bci<\/b>. Dzi\u0119kuj\u0119 druhom stra\u017cakom za ich obecno\u015b\u0107 z pocztem sztandarowym i kierowanie ruchem na trasie przejazdu, dzi\u0119kuj\u0119 dzieciom i m\u0142odzie\u017cy z Zespo\u0142u Szk\u00f3\u0142 za pi\u0119kny program patriotyczny, uczestnikom Niepodleg\u0142o\u015bciowego Rajdu Rowerowego, oraz osobom zaanga\u017cowanym w \u015bpiew pie\u015bni patriotycznych. By\u0142a to dla nas lekcja patriotyzmu.<\/p>\n<p><b><i>5.<\/i><\/b> W najbli\u017csz\u0105 niedziel\u0119, <b>23 listopada<\/b>, <b>uroczysto\u015b\u0107 Jezusa Chrystusa Kr\u00f3la Wszech\u015bwiata<\/b>. Za publiczne odm\u00f3wienie aktu po\u015bwi\u0119cenia Naj\u015bwi\u0119tszemu Sercu Pana Jezusa mo\u017cna zyska\u0107 odpust zupe\u0142ny. Tak\u017ce w niedziel\u0119 dla ch\u0119tnych o 12.00 wyjazd do naszego Seminarium w Opolu na sztuk\u0119 pt. <b>\u201eGo\u015b\u0107 oczekiwany\u201d<\/b>, na podstawie dramatu Zofii Kossak-Szczuckiej. Schola parafialna i ministranci bezp\u0142atnie. Zapisy w zakrystii, koszt 10 z\u0142 za wynaj\u0119cie autobusu.<\/p>\n<p><b><i>6<\/i><\/b>. W sobot\u0119 <b>o 10.00 zbi\u00f3rka ministrant\u00f3w<\/b> w ko\u015bciele. Serdecznie prosz\u0119, aby przyszli mo\u017cliwie wszyscy, aby rozplanowa\u0107 pos\u0142ug\u0119 liturgiczn\u0105 przy o\u0142tarzu.<\/p>\n<p><b><i>7.<\/i><\/b> P\u00f3ki jeszcze nie ma \u015bniegu, w sobot\u0119 od 9.00 <b>do sprz\u0105tania na cmentarzu zapraszam mieszka\u0144c\u00f3w Sobonia<\/b>. Przyda si\u0119 traktor, aby wywie\u017a\u0107 li\u015bcie na kompostownik. Dzi\u0119kuj\u0119 rodzinom z Wierzbna za sprz\u0105tanie ko\u015bcio\u0142a, a na sobot\u0119 zapraszam do troski o nasz\u0105 \u015bwi\u0105tyni\u0119: p. Ew\u0119 i Mariusza Replin, Agnieszk\u0119 i Witolda Kujawa oraz p. Mart\u0119 i Huberta Ha\u0142adaj.<\/p>\n<p><b><i>8.<\/i><\/b> W bie\u017c\u0105cym nr \u201eEcha Katolickiego\u201d przeczytamy o znakach, jakie daj\u0105 nam dusze czy\u015b\u0107cowe, Czy zagubili\u015bmy znaczenie s\u0142\u00f3w: \u201eB\u00f3g, Honor, Ojczyzna\u201d, oraz o skutkach uzale\u017cnie\u0144 od komputera i telefonu.<\/p>\n<h2 align=\"center\"><span style=\"color: #ff0000;\"><b>9 listopada \u2013 \u015awi\u0119to\u00a0 Po\u015bwi\u0119cenia <\/b><b>Bazyliki<\/b><b> <\/b><b>Latera\u0144skiej<\/b><\/span><\/h2>\n<p><b>\u00a0<i>1<\/i><\/b><b>. <\/b>Obchodzimy<b> Dzie\u0144<\/b> <b>solidarno\u015bci z Ko\u015bcio\u0142em prze\u015bladowanym<\/b>. Po Mszy zbi\u00f3rka do puszek na potrzeby prze\u015bladowanych wsp\u00f3lnot Ko\u015bcio\u0142a, szczeg\u00f3lnie w Syrii, gdzie trwa wojna i tysi\u0105ce chrze\u015bcijan opuszcza swoje domy, aby ocali\u0107 \u017cycie. Po Mszy \u015bw. o 9.00 <b>spotkanie dla rodzic\u00f3w i dzieci klas II przygotowuj\u0105cych si\u0119 do I Komunii \u015bw.<\/b><\/p>\n<p><b><i>2<\/i><\/b><b>. <\/b>We wtorek <b>\u015bwi\u0119to Odzyskania Niepodleg\u0142o\u015bci<\/b>. Zapraszam do licznego udzia\u0142u w Eucharystii za Ojczyzn\u0119 o <b>godz. 9.00<\/b>. Po Mszy \u015bw. w ko\u015bciele program s\u0142owno-muzyczny przygotowany przez dzieci i m\u0142odzie\u017c Zespo\u0142u Szk\u00f3\u0142 w Wierzbnie. Potem przejdziemy pod pomnik marsza\u0142ka Pi\u0142sudskiego i tam kr\u00f3tka refleksja patriotyczna. Z ca\u0142ego serca zach\u0119cam do wzi\u0119cia udzia\u0142u w <b>Rowerowym Rajdzie Niepodleg\u0142o\u015bciowym<\/b>, aby w intencji Ojczyzny podj\u0105\u0107 troch\u0119 wysi\u0142ku. Prosz\u0119 zaopatrzy\u0107 si\u0119 w kamizelki odblaskowe, wod\u0119 mineraln\u0105, a dzieci w pozwolenie od rodzic\u00f3w na udzia\u0142 w tym rajdzie. W dalszym programie przy szkole ognisko, \u015bpiew pie\u015bni patriotycznych, pieczenie kie\u0142basek i mecz w pi\u0142k\u0119 no\u017cn\u0105: m\u0142odzie\u017c gimnazjum ze stra\u017cakami OSP Wierzbno.<b> <\/b>Z g\u00f3ry dzi\u0119kuj\u0119 za w\u0142\u0105czenie si\u0119 w obchody \u015bwi\u0119ta Niepodleg\u0142o\u015bci.<\/p>\n<p><b><i>3<\/i><\/b><b>. <\/b>Z ca\u0142ego serca dzi\u0119kuj\u0119 za liczny udzia\u0142 w modlitwie r\u00f3\u017ca\u0144cowej za zmar\u0142ych w tym tygodniu<b>. <\/b>W listopadzie przed Msz\u0105 \u015bw. wieczorn\u0105 i w niedziel\u0119 przed sum\u0105 <b>zapraszam na modlitw\u0119 za zmar\u0142ych<\/b> z czytaniem wypominek, w nast\u0119puj\u0105cym porz\u0105dku: <b><i>poniedzia\u0142ek<\/i><\/b> &#8211; Swidno, W\u00f3lka i Wygl\u0119d\u00f3wek, <b><i>wtorek <\/i><\/b>&#8211; Jaworek, <b><i>\u015broda <\/i><\/b>&#8211; Las Jaworski i Sobo\u0144, <b><i>czwartek<\/i><\/b> \u2013 I cz. Wierzbna i Jan\u00f3wek, <b><i>pi\u0105tek<\/i><\/b> \u2013 Helen\u00f3w i kartki bez adresu, <b><i>sobota<\/i><\/b> \u2013 II cz. Wierzbna, <b><i>niedziela<\/i><\/b> \u2013 kartki spoza parafii, Adam\u00f3w, Cierpi\u0119ta. Zach\u0119cam do wsp\u00f3lnej modlitwy i informuj\u0119 \u017ce w ka\u017cdy I czwartek miesi\u0105ca b\u0119dzie sprawowana Eucharystia za zmar\u0142ych polecanych Bo\u017cemu Mi\u0142osierdziu w wypominkach.<\/p>\n<p><b><i>4<\/i><\/b><b>. <\/b>W przysz\u0142\u0105 niedziel\u0119 b\u0119dziemy prze\u017cywa\u0107<b> Niedziel\u0119 Synodaln\u0105 <\/b>pod has\u0142em:<b> \u201eProklamacja S\u0142owa Bo\u017cego we wsp\u00f3lnocie Ko\u015bcio\u0142a\u201d. <\/b>Ofiary na tac\u0119 s\u0105 przeznaczone na organizacj\u0119 \u015awiatowych Dni M\u0142odzie\u017cy w Krakowie w 2016 r. Po<b> <\/b>Mszy \u015bw. 9.00<b> spotkanie organizacyjne z racji Orszaku Trzech Kr\u00f3li. <\/b>Zach\u0119cam wszystkich do udzia\u0142u i mam nadziej\u0119, \u017ce Orszak nie wyjdzie nam gorzej jak w tym roku.<\/p>\n<p><b><i>5.<\/i><\/b> Serdecznie <b>dzi\u0119kuj\u0119 za sprz\u0105tanie ko\u015bcio\u0142a rodzinom z Wierzbna<\/b> i zapraszam na sobot\u0119 do troski o nasz\u0105 \u015bwi\u0105tyni\u0119: p. Iren\u0119 i Wojciecha Popowskich, p. Janin\u0119 i Waldemara Replin oraz p. Ew\u0119 i Mariusza Replin.<\/p>\n<p><b><i>6.<\/i><\/b> Diecezjalne Centrum Pielgrzymkowo-Turystyczne \u201eArka\u201d zaprasza na <b>pielgrzymk\u0119 do Ziemi \u015awi\u0119tej \u015bladami Zbawiciela<\/b> oraz na rekolekcje na nartach w Austrii. Terminy w styczniu i lutym 2015 r. Bli\u017csze informacje znajdziemy w gablocie og\u0142osze\u0144.<\/p>\n<p><b><i>7<\/i><\/b>. Dzi\u015b o 15.00 w Sali OSP Wierzbno spotkanie z kandydatem na w\u00f3jta p. Zofi\u0105 Pacz\u00f3sk\u0105. Jutro 10 listopada o godz. 18.00 w sali OSP Wierzbno spotkanie z kandydatem na w\u00f3jta Andrzejem K\u0105c\u0105. Komitet wyborczy serdecznie zaprasza mieszka\u0144c\u00f3w Wierzbna i innych miejscowo\u015bci z naszej parafii.<\/p>\n<p><b><i>8.<\/i><\/b> W nowym nr \u201eEcha Katolickiego\u201d przeczytamy o potrzebach dusz przebywaj\u0105cych w czy\u015b\u0107cu, czym jest dzi\u015b patriotyzm i kto si\u0119 go wstydzi, a tak\u017ce o rosyjskim embargo.<\/p>\n<p><b><i>9.<\/i><\/b> Pan B\u00f3g powo\u0142a\u0142 do wieczno\u015bci <b>\u015bp. Konrada Janusza Pi\u00f3rka<\/b>. W czwartek o 17.00 b\u0119dzie sprawowana Msza \u015bw. w 7 dzie\u0144 po jego \u015bmierci. Z ofiar z\u0142o\u017conych w dniu pogrzebu b\u0119dzie odprawionych 9 Mszy \u015bw. o zbawienie dla \u015bp. Konrada. <i>Wieczny odpoczynek racz mu da\u0107, Panie&#8230;<\/i><\/p>\n<h2 style=\"text-align: center;\">\u00a0<b><span style=\"color: #ff0000;\">Wspomnienie\u00a0<\/span> <span style=\"color: #ff0000;\">Wszystkich<\/span> <span style=\"color: #ff0000;\">Wiernych<\/span> <span style=\"color: #ff0000;\">Zmar\u0142ych<\/span><\/b><\/h2>\n<h2 style=\"text-align: center;\" align=\"center\"><b><span style=\"color: #ff0000;\">\u2013 2 listopada 2014 r.<\/span> <\/b><\/h2>\n<p><b>\u00a0<i>1.<\/i><\/b> Dzi\u015b szczeg\u00f3lny dzie\u0144 modlitewnej \u0142\u0105czno\u015bci z Ko\u015bcio\u0142em pokutuj\u0105cym w czy\u015b\u0107cu. Mo\u017cemy dopom\u00f3c naszym bliskim zmar\u0142ym i duszom w czy\u015b\u0107cu cierpi\u0105cym szybciej osi\u0105gn\u0105\u0107 zbawienie. W dniach do 8 listopada mo\u017cemy <b>codziennie zyska\u0107 odpust zupe\u0142ny<\/b>, kt\u00f3ry ofiarujemy za zmar\u0142ych. Trzeba by\u0107 w \u0142asce u\u015bwi\u0119caj\u0105cej (po spowiedzi), pobo\u017cnie pomodli\u0107 si\u0119 na cmentarzu i przyj\u0105\u0107 Komuni\u0119 \u015bw. W tym tygodniu codziennie po Mszy o 17.00 modlitwa R\u00f3\u017ca\u0144cowa za zmar\u0142ych na cmentarzu. Przez ca\u0142y listopad przed wieczorn\u0105 Msz\u0105 \u015bw. b\u0119d\u0105 czytane wypomniki, a przez ca\u0142y rok w ka\u017cdy pierwszy czwartek miesi\u0105ca polecamy ich Mi\u0142osierdziu Bo\u017cemu w Eucharystii.<\/p>\n<p><b><i>2.<\/i><\/b> <b>Intencje apostolstwa modlitwy na listopad<\/b>: <b><i>og\u00f3lna:<\/i><\/b> Aby osoby, kt\u00f3re cierpi\u0105 z powodu samotno\u015bci, zazna\u0142y blisko\u015bci Boga i wsparcia ze strony braci. <b><i>Misyjna:<\/i><\/b> Aby m\u0142odzi seminarzy\u015bci, zakonnicy i zakonnice mieli m\u0105drych i dobrze przygotowanych formator\u00f3w.<\/p>\n<p><b><i>3.<\/i><\/b> Serdecznie dzi\u0119kuj\u0119 p. Romanowi Gog\u0142ozie za pi\u0119kne chryzantemy do ko\u015bcio\u0142a. Dzi\u0119kuj\u0119 ch\u0142opcom z MOWu w Jaworku za sprz\u0105tanie skweru przed ko\u015bcio\u0142em. Z serca dzi\u0119kuj\u0119 wszystkim za uporz\u0105dkowanie mogi\u0142 i modlitw\u0119 na cmentarzu. Pan B\u00f3g hojnie wam wynagrodzi. Na przyczep\u0119 na cmentarzu wrzucamy plastykowe wie\u0144ce, a zesch\u0142e kwiaty prosz\u0119 sk\u0142ada\u0107 na pryzm\u0119 z li\u015b\u0107mi. Je\u015bli wyjmiemy z doniczki, to np. zwi\u0119d\u0142a chryzantema mo\u017ce trafi\u0107 na kompostownik.<\/p>\n<p><b><i>4.<\/i><\/b> W najbli\u017csz\u0105 niedziel\u0119 <b>Dzie\u0144<\/b> <b>solidarno\u015bci z Ko\u015bcio\u0142em prze\u015bladowanym<\/b>. Po Mszy zbi\u00f3rka d puszek na potrzeby prze\u015bladowanych wsp\u00f3lnot Ko\u015bcio\u0142a. Po Mszy \u015bw. o 9.00 <b>spotkanie dla rodzic\u00f3w i dzieci klas II przygotowuj\u0105cych si\u0119 do I Komunii \u015bw<\/b>. Prosz\u0119 zabra\u0107 kartki z tajemniczk\u0105 R\u00f3\u017ca\u0144cow\u0105.<\/p>\n<p><b><i>5.<\/i><\/b> W czwartek od <b>16.00 adoracja Naj\u015bwi\u0119tszego Sakramentu<\/b> i modlitwa o powo\u0142ania kap\u0142a\u0144skie i zakonne z naszej parafii.<\/p>\n<p><b><i>6.<\/i><\/b> W tym tygodniu <b>I pi\u0105tek miesi\u0105ca<\/b>, od 9.00 odwiedzam chorych. Wszystkich zapraszam na Eucharysti\u0119 wynagradzaj\u0105c\u0105 Naj\u015bwi\u0119tszemu Sercu Pana Jezusa o 17.00 i 18.00.<\/p>\n<p><b><i>7.<\/i><\/b> Dzi\u0119kuj\u0119 za sprz\u0105tanie ko\u015bcio\u0142a rodzinom z Wierzbna i na sobot\u0119 zapraszam: p Barbar\u0119 i Witolda Pi\u00f3rek, Krystyn\u0119 i Piotra Pi\u00f3rek oraz Agnieszk\u0119 i Jaros\u0142awa Jaworowskich.<\/p>\n<p><b><i>8.<\/i><\/b> 11 listopada <b>\u015awi\u0119to Odzyskania Niepodleg\u0142o\u015bci<\/b>. Po Mszy \u015bw. o 9.00 program s\u0142owno- muzyczny przygotowany przez dzieci i m\u0142odzie\u017c z Zespo\u0142u Szk\u00f3\u0142 w Wierzbnie, a potem rajd rowerowy ku czci niepodleg\u0142o\u015bci ulicami Wierzbna, przez W\u00f3lk\u0119, Swidno i Jan\u00f3wek. Po rajdzie ognisko przy szkole i \u015bpiew pie\u015bni patriotycznych.<\/p>\n<p><b><i>9.<\/i><\/b> Zach\u0119cam do lektury \u201eEcha Katolickiego\u201d. Znajdziemy artyku\u0142 o czy\u015b\u0107cu i jak wielk\u0105 si\u0142\u0119 ma modlitwa zanoszona za umieraj\u0105cego cz\u0142owieka.<\/p>\n<p><b><i>10.<\/i><\/b> Pan B\u00f3g powo\u0142a\u0142 do wieczno\u015bci <b>\u015bp. Romana Mroza z Cierpi\u0105t<\/b>. Uroczysto\u015bci pogrzebowe we wtorek o 11.00. Wieczny odpoczynek racz mu da\u0107, Panie&#8230;<\/p>\n","protected":false},"excerpt":{"rendered":"<p>Powr\u00f3t do listy og\u0142osze\u0144 30 listopada \u2013 I Niedziela Adwentu 1. Dzi\u0119ki \u0142askawo\u015bci Boga dzi\u015b rozpoczynamy okresem Adwentu nowy Rok Liturgiczny. W czytaniach\u00a0 mszalnych na niedziele i uroczysto\u015bci b\u0119dziemy korzysta\u0107 z cyklu B i w dni powszednie okresu zwyk\u0142ego z cyklu I. Jako owoc katechezy synodalnej zosta\u0142 ustalony grafik czytaj\u0105cych s\u0142owo Bo\u017ce podczas Eucharystii w grudniu. Dzi\u0119kuj\u0119 p. Krystynie Gog\u0142ozie za zrobienie pi\u0119knego wie\u0144ca adwentowego. Na bocznym o\u0142tarzu s\u0105 wigilijne \u015bwiece. Dzi\u015b po Mszy \u015bw. konkurs znajomo\u015bci Ksi\u0119gi Dziej\u00f3w Apostolskich, aby sta\u0142 si\u0119 zach\u0119t\u0105 to systematycznego studium Pisma \u015bwi\u0119tego w naszych rodzinach. Dzi\u015b o 15.30 w ko\u015bciele pr\u00f3ba przed Orszakiem Trzech Kr\u00f3li, z serca zapraszam. 2. W Adwencie w \u015brody i soboty zapraszam na uroczyst\u0105 Eucharysti\u0119 o 6.30 w cze\u015b\u0107 Naj\u015bwi\u0119tszej Maryi Panny. Razem z Maryj\u0105 oczekujemy na przyj\u015bcie Jezusa, naszego Zbawiciela. Dzieci i m\u0142odzie\u017c zach\u0119cam do licznego udzia\u0142u w Roratach i w konkursie. Otrzymacie w rezultacie pi\u0119kny obrazek adoracji \u2026 <a class=\"continue-reading-link\" href=\"https:\/\/www.parafiawierzbno.com.pl\/?page_id=2853\">Czytaj dalej <span class=\"meta-nav\">&rarr; <\/span><\/a><\/p>\n","protected":false},"author":1,"featured_media":0,"parent":225,"menu_order":0,"comment_status":"closed","ping_status":"closed","template":"","meta":{"ngg_post_thumbnail":0},"_links":{"self":[{"href":"https:\/\/www.parafiawierzbno.com.pl\/index.php?rest_route=\/wp\/v2\/pages\/2853"}],"collection":[{"href":"https:\/\/www.parafiawierzbno.com.pl\/index.php?rest_route=\/wp\/v2\/pages"}],"about":[{"href":"https:\/\/www.parafiawierzbno.com.pl\/index.php?rest_route=\/wp\/v2\/types\/page"}],"author":[{"embeddable":true,"href":"https:\/\/www.parafiawierzbno.com.pl\/index.php?rest_route=\/wp\/v2\/users\/1"}],"replies":[{"embeddable":true,"href":"https:\/\/www.parafiawierzbno.com.pl\/index.php?rest_route=%2Fwp%2Fv2%2Fcomments&post=2853"}],"version-history":[{"count":16,"href":"https:\/\/www.parafiawierzbno.com.pl\/index.php?rest_route=\/wp\/v2\/pages\/2853\/revisions"}],"predecessor-version":[{"id":2891,"href":"https:\/\/www.parafiawierzbno.com.pl\/index.php?rest_route=\/wp\/v2\/pages\/2853\/revisions\/2891"}],"up":[{"embeddable":true,"href":"https:\/\/www.parafiawierzbno.com.pl\/index.php?rest_route=\/wp\/v2\/pages\/225"}],"wp:attachment":[{"href":"https:\/\/www.parafiawierzbno.com.pl\/index.php?rest_route=%2Fwp%2Fv2%2Fmedia&parent=2853"}],"curies":[{"name":"wp","href":"https:\/\/api.w.org\/{rel}","templated":true}]}}