{"id":2886,"date":"2014-12-08T03:49:13","date_gmt":"2014-12-08T02:49:13","guid":{"rendered":"https:\/\/www.parafiawierzbno.com.pl\/?page_id=2886"},"modified":"2014-12-28T09:21:43","modified_gmt":"2014-12-28T08:21:43","slug":"ogloszenia-grudzien-2014","status":"publish","type":"page","link":"https:\/\/www.parafiawierzbno.com.pl\/?page_id=2886","title":{"rendered":"Og\u0142oszenia &#8211; Grudzie\u0144 2014"},"content":{"rendered":"<p><a title=\"Og\u0142oszenia parafialne\" href=\"https:\/\/www.parafiawierzbno.com.pl\/?page_id=225\">Powr\u00f3t do listy og\u0142osze\u0144<\/a><\/p>\n<h2 align=\"center\"><span style=\"color: #ff0000;\"><b>28 grudnia \u2013 \u015awi\u0119to \u015aw. Rodziny: Jezusa, Maryi i J\u00f3zefa<\/b><\/span><\/h2>\n<p><b><i>1.<\/i><\/b> Jeszcze raz <b>dzi\u0119kuj\u0119<\/b> za choinki: p. Wasilewskiej z Adamowa, p. Szaniawskiemu z Jaworka i p. Ma\u0142gorzacie Malinowskiej. Dzi\u0119kuj\u0119 m\u0142odzie\u017cy za ochotn\u0105 prac\u0119 przy sprz\u0105taniu ko\u015bcio\u0142a przed \u015bwi\u0119tami i dekoracj\u0105 ko\u015bcio\u0142a. Dzi\u0119kuj\u0119 p. Anecie, a tak\u017ce al. Piotrowi za zaanga\u017cowanie. Z serca dzi\u0119kuj\u0119 p. Andrzejowi Staniszewskiemu i Micha\u0142owi W\u0105sowskiemu za trud przy szopce przed ko\u015bcio\u0142em. Dzi\u0119kuj\u0119 za ofiary do puszek na misje w Bulo Bulo w wysoko\u015bci 541 z\u0142.<\/p>\n<p><b><i>2.<\/i><\/b> <b>Okres Bo\u017cego Narodzenia trwa do niedzieli po Chrztu Pa\u0144skiego<\/b>, tj. 10 stycznia. Zach\u0119cam do \u015bpiewania kol\u0119d w gronie rodzinnym, do licznego udzia\u0142u w Orszaku Trzech Kr\u00f3li. <b>Dzi\u015b o 15.00 pr\u00f3ba przed orszakiem<\/b> w Sali konferencyjnej Urz\u0119du Gminy. A 6 stycznia po uroczystej Eucharystii o 11.00 wyruszymy wszyscy w orszaku, wielbi\u0105c Boga za Narodziny Jezusa Chrystusa i \u015bpiewaj\u0105c kol\u0119dy.<\/p>\n<p><b><i>3.<\/i><\/b> Wczoraj odwiedzi\u0142em rodziny w <b>Soboniu<\/b> i dzi\u0119kuj\u0119 za \u017cyczliwe przyj\u0119cie. Podaj\u0119 <b><span style=\"text-decoration: underline;\">program wizyty duszpasterskiej<\/span><\/b>: <b><i>30 grudnia<\/i>\u00a0 &#8211; Jan\u00f3wek<\/b>, <b><i>31 grudnia<\/i> \u2013 Las Jaworski i Helen\u00f3w, <i>2 stycznia<\/i> &#8211;\u00a0 W\u00f3lka, <i>3 stycznia<\/i> \u2013 Wierzbno<\/b> (cz. 1) od p. Szyma\u0144skich do p. Ha\u0142adaj\u00f3w, <b><i>5 stycznia<\/i> \u2013 Swidno, <i>7 stycznia<\/i> \u2013 Wygl\u0119d\u00f3wek, <i>9 stycznia<\/i> \u2013 Jaworek i <i>10 stycznia <\/i>\u2013 Wierzbno <\/b>(cz. 2. od p. Gogoz\u00f3w). Kol\u0119d\u0119 chcia\u0142bym rozpoczyna\u0107 od godz. 9.00 i prosz\u0119 o podwiezienie.<\/p>\n<p><b><i>4.<\/i><\/b> W \u015brod\u0119 zapraszam na Eucharysti\u0119 o 17.00 na <b>zako\u0144czenie roku kalendarzowego<\/b>, a o niej nabo\u017ce\u0144stwo dzi\u0119kczynno-przeb\u0142agalne.<\/p>\n<p><b><i>5.<\/i><\/b> W Nowy Rok <b>1 stycznia<\/b> obchodzi si\u0119 <b>urocz. \u015awi\u0119tej Bo\u017cej Rodzicielki<\/b> i \u015awiatowy Dzie\u0144 Pokoju. Uroczysta Eucharystia o 9.00 i 12.00.<\/p>\n<p><b><i>6.<\/i><\/b> W <b>pierwszy pi\u0105tek miesi\u0105ca<\/b> Msza \u015bw. wynagradzaj\u0105ca Naj\u015bw. Sercu Pana Jezusa o 7.30 i 17.00. W pierwsz\u0105 sobot\u0119 Msza \u015bw. wynagradzaj\u0105ca Niepokalanemu Sercu Maryi tylko rano o 7.30.<\/p>\n<p><b><i>7.<\/i><\/b> Dzi\u0119kuj\u0119 za <b>sprz\u0105tanie ko\u015bcio\u0142a<\/b> rodzinom z Wierzbna i na sobot\u0119 zapraszam: p. Barbar\u0119 i Krzysztofa Chabiera, Bo\u017cen\u0119, Magd\u0119 i Krzysztofa Chabiera oraz p. Teres\u0119 i Waldemara Jachimowicz.<\/p>\n<p><b><i>8.<\/i><\/b> Zach\u0119cam do czytania <b>bie\u017c\u0105cego nr. \u201eEcha Katolickiego<\/b>\u201d. Znajdziemy ciekawe artyku\u0142y o roku \u017cycia konsekrowanego, o \u015bwi\u0119cie \u015awi\u0119tej Rodziny, wywiad z Janem Pietrzakiem i inne.<\/p>\n<p><b><i>9.<\/i><\/b> Pan B\u00f3g powo\u0142a\u0142 do wieczno\u015bci <b>\u015bp. Mariann\u0119 Bartnick\u0105 z Cierpi\u0105t<\/b>. Pogrzeb w poniedzia\u0142ek o 11.00. <i>Wieczny odpoczynek racz jej da\u0107, Panie&#8230;<\/i><\/p>\n<h2 align=\"center\"><span style=\"color: #ff0000;\"><b>21 grudnia \u2013 IV Niedziela Adwentu<\/b><\/span><\/h2>\n<p><b>\u00a0<i>1.<\/i><\/b> Z ca\u0142ego serca dzi\u0119kujemy <b>ks. Stanis\u0142awowi Abramczukowi<\/b> za trud przeprowadzenia Rekolekcji Adwentowych w naszej parafii. Dzi\u0119kuj\u0119 parafianom za obecno\u015b\u0107 i otwarcie na s\u0142owa rekolekcjonisty. Dzi\u0119kuj\u0119 tym, kt\u00f3rzy przynie\u015bli ciasto i pomogli w kuchni. Dzi\u015b na 15.00 zapraszam do Sali konferencyjnej w Gminie na pr\u00f3b\u0119 przed Orszakiem Trzech Kr\u00f3li.<\/p>\n<p><b><i>2.<\/i><\/b> W poniedzia\u0142ek od 10.00 zapraszam m\u0142odzie\u017c (schol\u0119 i ministrant\u00f3w) a tak\u017ce doros\u0142ych <b>do dekoracji choinek i szopki,<\/b> a tak\u017ce oczyszczenia kurzu i paj\u0119czyny z okien. Dzi\u0119kuj\u0119 bardzo serdecznie p. Wasilewskiej z Adamowa za ofiarowanie choinek, podobnie jak w ubieg\u0142ym roku.<\/p>\n<p><b><i>3.<\/i><\/b> W \u015brod\u0119 <b>Wigilia<\/b>, ostatnie Roraty o 6.30 i tradycyjnie zachowujemy wstrzemi\u0119\u017aliwo\u015b\u0107 od pokarm\u00f3w mi\u0119snych, a wieczorem gromadzimy si\u0119 w gronie rodziny i bliskich na wieczerzy wigilijnej.<\/p>\n<p><b><i>4.<\/i><\/b> O p\u00f3\u0142nocy <b>uroczysta Msza \u015bw. zwana Pasterk\u0105<\/b>. Przyjd\u017amy wcze\u015bniej do \u015bwi\u0105tyni, bo od <b>23.30<\/b> schola parafialna zaprasza na \u015bpiewanie kol\u0119d. W dzie\u0144 Bo\u017cego Narodzenia jeszcze Eucharystia o godz. 9.00 i 12.00. Na Msz\u0119 \u015bw. o 12.00 zapraszam dzieci z uk\u0142adank\u0105 adwentow\u0105, przewidziane s\u0105 nagrody.<\/p>\n<p><b><i>5.<\/i><\/b> W pi\u0105tek, w drugi dzie\u0144 <b>\u015awiat Bo\u017cego Narodzenia<\/b>, wspominamy \u015bw. Szczepana, Msza \u015bw. o 9.00 i 12.00. Zgodnie z zarz\u0105dzeniem Biskupa taca jest przeznaczona na Caritas diecezjaln\u0105.<\/p>\n<p><b><i>6<\/i><\/b>. W sobot\u0119 <b>27 grudnia rozpoczn\u0119 wizyt\u0119 duszpastersk\u0105<\/b> i zaczn\u0119 od Sobonia. W tym roku g\u0142\u00f3wnym tematem rozm\u00f3w w rodzinie b\u0119dzie nasze uczestnictwo w Eucharystii. Prosz\u0119 o pojazd na godz. 9.00.<\/p>\n<p><b><i>7.<\/i><\/b> Niedziela, 28 grudnia, obchodzimy <b>\u015bwi\u0119to \u015awi\u0119tej Rodziny Jezusa Maryi i J\u00f3zefa<\/b>.<\/p>\n<p><b><i>8.<\/i><\/b> Dzi\u0119kuj\u0119 za ofiary na ko\u015bci\u00f3\u0142 <b>z Wygl\u0119d\u00f3wka<\/b> w wysoko\u015bci \u2013 950 z\u0142. Dzi\u0119kuj\u0119 p. Mieczys\u0142awie Cichockiej za ofiar\u0119 \u2013 50 z\u0142 i Zdzis\u0142awowi Po\u0142awskiemu z Jan\u00f3wka \u2013 50 z\u0142, Januszowi Komorowskiemu z Wygl\u0119d\u00f3wka \u2013 50 z\u0142, rodzinie Skar\u017cy\u0144skich z Sobonia \u2013100 z\u0142, Barbarze i Mieczys\u0142awowi Patoka \u2013100 z\u0142. Serdeczne \u201eB\u00f3g zap\u0142a\u0107!\u201d<\/p>\n<p><b><i>9.<\/i><\/b> Dzi\u0119kuj\u0119 za sprz\u0105tanie ko\u015bcio\u0142a rodzinom z Wierzbna. W sobot\u0119 do troski o ko\u015bci\u00f3\u0142 zapraszam: p. Barbar\u0119 Jachimowicz, Lidi\u0119 Hundert i Adama Jachimowicz oraz p. Wincentego Lisieckiego z Wierzbna.<\/p>\n<p><b><i>10<\/i><\/b><i>.<\/i> Zach\u0119cam do lektury nowego nr \u201eEcha Katolickiego\u201d. Znajdziemy opowiadania i rozwa\u017cania, kt\u00f3re pomog\u0105 nam owocnie prze\u017cy\u0107 spotkanie z przychodz\u0105cym Jezusem.<\/p>\n<h2 align=\"center\"><span style=\"color: #ff0000;\"><b>14 grudnia \u2013 III Niedziela Adwentu<\/b><\/span><\/h2>\n<p><b><i>1.<\/i><\/b> Szybko biegn\u0105 dni Adwentu. Dzi\u015b ju\u017c<b> trzecia niedziela Adwentu, <\/b>zwana<b> Gaudete<\/b>, tj. niedziel\u0105 rado\u015bci. Prorok Izajasz dzi\u015b wyznaje: \u201eOgromnie wesel\u0119 si\u0119 w Panu, dusza moja raduje si\u0119 w Bogu moim\u201d. Dni od 17 do 24 grudnia s\u0105 bezpo\u015brednim przygotowaniem do uroczysto\u015bci Narodzenia Pa\u0144skiego. Na bocznym o\u0142tarzu s\u0105 jeszcze \u015bwiece wigilijne. Doch\u00f3d z tych \u015bwiec jest przeznaczony na dzia\u0142alno\u015b\u0107 Diecezjalnej Caritas.<\/p>\n<p><b>2. <\/b>W tym tygodniu od pi\u0105tku w naszej parafii <b>Rekolekcje Adwentowe<\/b>, kt\u00f3re przeprowadzi ks. Stanis\u0142aw Abramczuk. W pi\u0105tek i sobot\u0119 zapraszam na Eucharysti\u0119 o 11.00, 14.00 (dzieci i m\u0142odzie\u017c) i 17.00. Tak zaplanujmy czas, aby w pi\u0105tek i sobot\u0119 jak najliczniej skorzysta\u0107 z sakramentu pokuty. Ksi\u0119\u017ca b\u0119d\u0105 w konfesjona\u0142ach ju\u017c 15 min przed ka\u017cd\u0105 Msz\u0105 \u015bw. Dla mieszka\u0144c\u00f3w Jaworka, Jan\u00f3wka i Wygl\u0119d\u00f3wka b\u0119dzie mo\u017cliwo\u015b\u0107 przyjecha\u0107 autobusem na Msz\u0119 o 11.00. W niedziel\u0119 na zako\u0144czenie Rekolekcji, ofiarami na tac\u0119 wyrazimy wdzi\u0119czno\u015b\u0107 ks. Stanis\u0142awowi.\u00a0 W <b>sobot\u0119 od 9.00 odwiedz\u0119 chorych<\/b>, prosz\u0119 zg\u0142asza\u0107.<\/p>\n<p><b><i>3.<\/i><\/b> Serdecznie dzi\u0119kuj\u0119 rodzinom z Wierzbna za sprz\u0105tanie naszej \u015bwi\u0105tyni. Na sobot\u0119 od 9.00 zapraszam: p. Barbar\u0119 Krzy\u017canowsk\u0105, Mariann\u0119 i Tadeusza Radzio, Miros\u0142aw\u0119 i Witolda Okrzeja.<\/p>\n<p><b><i>4.<\/i><\/b> Z ca\u0142ego serca <b>dzi\u0119kuj\u0119 za ofiary na potrzeby ko\u015bcio\u0142a<\/b> mieszka\u0144com <b>Jan\u00f3wka<\/b> i pani, kt\u00f3ra je zebra\u0142a, w wysoko\u015bci: 750 z\u0142. Dzi\u0119kuj\u0119\u00a0 mieszka\u0144com Sobonia: p. Tafil &#8211; 50 z\u0142, Irenie Kujawa &#8211; 50 z\u0142 i Kazimierzowi Madziarowi -100 z\u0142.<\/p>\n<p><b><i>5.<\/i><\/b> W bie\u017c\u0105cym nr \u201eEcha Katolickiego\u201d znajdziemy ciekawe artyku\u0142y: Czy ludzie wierz\u0105cy i praktykuj\u0105cy powinni si\u0119 nawraca\u0107? Dlaczego niekt\u00f3rzy nie \u015bwi\u0105t i jak je w\u0142a\u015bciwie prze\u017cy\u0107?<\/p>\n<h2 align=\"center\"><span style=\"color: #ff0000;\"><b>7 grudnia \u2013 II Niedziela Adwentu<\/b><\/span><\/h2>\n<p><b><i>1.<\/i><\/b> Prze\u017cywamy II Niedziel\u0119 Adwentu. Po Mszy \u015bw. o 9.00 <b>spotkanie dla rodzic\u00f3w i dzieci przygotowuj\u0105ce si\u0119 do I Komunii \u015bw<\/b>. Po sumie z racji I niedzieli wystawienie Naj\u015bwi\u0119tszego Sakramentu, adoracja i zmanka tajemnic r\u00f3\u017ca\u0144cowych. <b>Intencje Apostolstwa Modlitwy na grudzie\u0144<\/b>: <b><i>Og\u00f3lna:<\/i><\/b> <i>Aby narodziny Odkupiciela przynios\u0142y pok\u00f3j i nadziej\u0119 wszystkim ludziom dobrej woli; <b>Misyjna:<\/b><\/i> <i>Aby rodzice, przekazuj\u0105c dzieciom cenny dar wiary, byli autentycznymi ewangelizatorami.<\/i> Dzi\u015b w ca\u0142ej Polsce po Mszy \u015bw. <b>zbi\u00f3rka do puszek jako pomoc Ko\u015bcio\u0142owi na Wschodzie<\/b>. W \u015brody i soboty o 6.30 uroczyste Roraty. Zach\u0119cam do jeszcze liczniejszego uczestnictwa. Ma\u0142o przychodzi m\u0142odzie\u017cy i dzieci.<\/p>\n<p><b><i>2.<\/i><\/b> Dzi\u015b o <b>15.30<\/b> w Sali konferencyjnej kolejna <b>pr\u00f3ba przed Orszakiem Trzech Kr\u00f3li<\/b>. Wiele r\u00f3l jest jeszcze nieobsadzonych i czeka nas du\u017co pracy. Ufam, \u017ce wsp\u00f3lnym wysi\u0142kiem uda si\u0119 dobrze przygotowa\u0107.<\/p>\n<p><b><i>3.<\/i><\/b> W poniedzia\u0142ek <b>Uroczysto\u015b\u0107 Niepokalanego Pocz\u0119cia NMP<\/b>. Zapraszam na Eucharysti\u0119 o 7.30. Potem b\u0119d\u0119 spowiada\u0142 na rekolekcjach w Wi\u015bniewie.<\/p>\n<p><b><i>4.<\/i><\/b> W Wierzbnie <b>Rekolekcje Adwentowe<\/b> przed IV Niedziel\u0105 Adwentu: <b>19-21 grudnia<\/b> (pi\u0105tek- niedziela). Zaplanujmy sobie tak czas i obowi\u0105zki, aby dobrze je prze\u017cy\u0107. W pi\u0119tek i sobot\u0119 spowied\u017a i Msza \u015bw. o 11.00, 14.00 i 17.00. Dla parafian z Jaworka, Jan\u00f3wka i Wygl\u0119d\u00f3wka b\u0119dzie autobus, by mogli dotrze\u0107 na Eucharysti\u0119 o 11.00, a potem wr\u00f3ci\u0107 do domu.<\/p>\n<p><b><i>5.<\/i><\/b> <b>Dzi\u0119kuj\u0119 za ofiary na ogrzewanie naszej \u015bwi\u0105tyni<\/b>: KRK z Wierzbna, zel. P. Krzy\u017canowska \u2013 100 z\u0142 oraz od mieszka\u0144c\u00f3w Helenowa \u2013 600 z\u0142. Dzi\u0119kuj\u0119 radnemu p. Leszczy\u0144skiemu za przeprowadzenie zbi\u00f3rki. Gdy jest ciep\u0142o w ko\u015bciele, \u0142atwiej si\u0119 nam modli\u0107.<\/p>\n<p><b><i>6.<\/i><\/b> Serdecznie dzi\u0119kuj\u0119 za sprz\u0105tanie ko\u015bcio\u0142a rodzinom z Wierzbna. Na sobot\u0119 do troski o \u015bwi\u0105tyni\u0119 zapraszam: p. Duni\u0119 Pazdyk\u0119, p. Ann\u0119 i Cezarego Dudek, oraz p. Renat\u0119 i Miros\u0142awa Jachimowicz\u00f3w.<\/p>\n<p><b><i>7.<\/i><\/b> Zach\u0119cam do lektury \u201eEcha Katolickiego\u201d, bo z najnowszego nr dowiemy si\u0119 o wizycie Ojca \u015bwi\u0119tego Franciszka w Europarlamencie, o dzia\u0142alno\u015bci Ruchu \u015awiat\u0142o-Zycie w naszej diecezji, oraz jakie s\u0105 cechy prawdziwej mi\u0142o\u015bci.<\/p>\n","protected":false},"excerpt":{"rendered":"<p>Powr\u00f3t do listy og\u0142osze\u0144 28 grudnia \u2013 \u015awi\u0119to \u015aw. Rodziny: Jezusa, Maryi i J\u00f3zefa 1. Jeszcze raz dzi\u0119kuj\u0119 za choinki: p. Wasilewskiej z Adamowa, p. Szaniawskiemu z Jaworka i p. Ma\u0142gorzacie Malinowskiej. Dzi\u0119kuj\u0119 m\u0142odzie\u017cy za ochotn\u0105 prac\u0119 przy sprz\u0105taniu ko\u015bcio\u0142a przed \u015bwi\u0119tami i dekoracj\u0105 ko\u015bcio\u0142a. Dzi\u0119kuj\u0119 p. Anecie, a tak\u017ce al. Piotrowi za zaanga\u017cowanie. Z serca dzi\u0119kuj\u0119 p. Andrzejowi Staniszewskiemu i Micha\u0142owi W\u0105sowskiemu za trud przy szopce przed ko\u015bcio\u0142em. Dzi\u0119kuj\u0119 za ofiary do puszek na misje w Bulo Bulo w wysoko\u015bci 541 z\u0142. 2. Okres Bo\u017cego Narodzenia trwa do niedzieli po Chrztu Pa\u0144skiego, tj. 10 stycznia. Zach\u0119cam do \u015bpiewania kol\u0119d w gronie rodzinnym, do licznego udzia\u0142u w Orszaku Trzech Kr\u00f3li. Dzi\u015b o 15.00 pr\u00f3ba przed orszakiem w Sali konferencyjnej Urz\u0119du Gminy. A 6 stycznia po uroczystej Eucharystii o 11.00 wyruszymy wszyscy w orszaku, wielbi\u0105c Boga za Narodziny Jezusa Chrystusa i \u015bpiewaj\u0105c kol\u0119dy. 3. Wczoraj odwiedzi\u0142em rodziny w Soboniu i dzi\u0119kuj\u0119 \u2026 <a class=\"continue-reading-link\" href=\"https:\/\/www.parafiawierzbno.com.pl\/?page_id=2886\">Czytaj dalej <span class=\"meta-nav\">&rarr; <\/span><\/a><\/p>\n","protected":false},"author":1,"featured_media":0,"parent":225,"menu_order":0,"comment_status":"closed","ping_status":"closed","template":"","meta":{"ngg_post_thumbnail":0},"_links":{"self":[{"href":"https:\/\/www.parafiawierzbno.com.pl\/index.php?rest_route=\/wp\/v2\/pages\/2886"}],"collection":[{"href":"https:\/\/www.parafiawierzbno.com.pl\/index.php?rest_route=\/wp\/v2\/pages"}],"about":[{"href":"https:\/\/www.parafiawierzbno.com.pl\/index.php?rest_route=\/wp\/v2\/types\/page"}],"author":[{"embeddable":true,"href":"https:\/\/www.parafiawierzbno.com.pl\/index.php?rest_route=\/wp\/v2\/users\/1"}],"replies":[{"embeddable":true,"href":"https:\/\/www.parafiawierzbno.com.pl\/index.php?rest_route=%2Fwp%2Fv2%2Fcomments&post=2886"}],"version-history":[{"count":6,"href":"https:\/\/www.parafiawierzbno.com.pl\/index.php?rest_route=\/wp\/v2\/pages\/2886\/revisions"}],"predecessor-version":[{"id":2916,"href":"https:\/\/www.parafiawierzbno.com.pl\/index.php?rest_route=\/wp\/v2\/pages\/2886\/revisions\/2916"}],"up":[{"embeddable":true,"href":"https:\/\/www.parafiawierzbno.com.pl\/index.php?rest_route=\/wp\/v2\/pages\/225"}],"wp:attachment":[{"href":"https:\/\/www.parafiawierzbno.com.pl\/index.php?rest_route=%2Fwp%2Fv2%2Fmedia&parent=2886"}],"curies":[{"name":"wp","href":"https:\/\/api.w.org\/{rel}","templated":true}]}}