{"id":3402,"date":"2015-06-09T07:36:33","date_gmt":"2015-06-09T05:36:33","guid":{"rendered":"https:\/\/www.parafiawierzbno.com.pl\/?page_id=3402"},"modified":"2015-07-03T18:46:54","modified_gmt":"2015-07-03T16:46:54","slug":"ogloszenia-czerwiec-2015","status":"publish","type":"page","link":"https:\/\/www.parafiawierzbno.com.pl\/?page_id=3402","title":{"rendered":"Og\u0142oszenia &#8211; Czerwiec 2015"},"content":{"rendered":"<p><a title=\"Og\u0142oszenia parafialne\" href=\"https:\/\/www.parafiawierzbno.com.pl\/?page_id=225\">Powr\u00f3t do listy og\u0142osze\u0144<\/a><\/p>\n<h2 align=\"center\"><span style=\"color: #ff0000;\"><b>28 czerwca \u2013 13 Niedziela zwyk\u0142a<\/b><\/span><\/h2>\n<p><b><i>1.<\/i><\/b> W naszej parafii go\u015bcimy <b>ks. Marcina, duszpasterza m\u0142odzie\u017cy<\/b> i <b>alumn\u00f3w z WSD Chrystusowc\u00f3w<\/b>, kt\u00f3rzy nios\u0105 Ewangeli\u0119 tak gdzie \u017cyje Polonia i Polacy. Ofiarami na tac\u0119 wspieramy ich dzie\u0142o ewangelizacji w r\u00f3\u017cnych zak\u0105tkach \u015bwiata. Grup\u0119 liturgiczn\u0105 prosz\u0119 o odbi\u00f3r grafiku pos\u0142ugi w lipcu.<\/p>\n<p><b><i>2.<\/i><\/b> Jutro doroczna <b>uroczysto\u015b\u0107 odpustowa \u015bw. Aposto\u0142\u00f3w Piotra i Paw\u0142a<\/b>. Zapraszam wszystkich\u00a0 parafian i go\u015bci na Eucharysti\u0119 <b>o godz. 9.00, 12.00 i 18.00<\/b>. Uroczysta suma odpustowa pod przewodnictwem Rektora WSD Chrystusowc\u00f3w ks. Andrzeja \u0141ysego. Mo\u017cemy uzyska\u0107 odpust zupe\u0142ny, je\u015bli przyst\u0105pimy do sakramentu pokuty, zaprosimy do serca Chrystusa w Komunii \u015bw. oraz pomodlimy si\u0119 w intencji Ojca \u015bw. Franciszka i za Ko\u015bci\u00f3\u0142. Serdecznie prosz\u0119 druh\u00f3w stra\u017cak\u00f3w z OSP Wierzbno i Jaworek, aby przewodniczyli procesji eucharystycznej. Niech wszystkie chor\u0105gwie i feretrony wezm\u0105 udzia\u0142 w procesji, zapraszam tak\u017ce dzieci do sypania kwiatk\u00f3w. Ofiary na tac\u0119 s\u0105 do dyspozycji Ojca \u015bwi\u0119tego.<\/p>\n<p><b><i>3.<\/i><\/b> Od wtorku <b>30 czerwca do 3 lipca w\u0142\u0105cznie<\/b> b\u0119d\u0119 na kr\u00f3tkim urlopie w Bieszczadach. W parafii zast\u0105pi mnie ks. Stanis\u0142aw Abramczyk. W czwartek 2 lipca wspomnienie NMP Kode\u0144skiej i Diecezjalny Dzie\u0144 Chorego. W pi\u0105tek zach\u0119cam do spowiedzi od godz. 17.00 wszystkich, kt\u00f3rzy obchodz\u0105 I pi\u0105tki miesi\u0105ca. Potem o 18.00 Eucharystia i nabo\u017ce\u0144stwo wynagradzaj\u0105ce Naj\u015bwi\u0119tszemu Sercu Pana Jezusa.<\/p>\n<p><b><i>4.<\/i><\/b> W najbli\u017csz\u0105 niedziel\u0119 adoracja Naj\u015bwi\u0119tszego Sakramentu po sumie, procesja eucharystyczna i zmianka tajemnic r\u00f3\u017ca\u0144cowych.<\/p>\n<p><b><i>5.<\/i><\/b> <b>Pan B\u00f3g b\u0142ogos\u0142awi prac\u0119 przy remoncie parkanu cmentarza<\/b>. Z serca dzi\u0119kuj\u0119 p. Markowi Wiel\u0105dkowi i mieszka\u0144com Swidna i W\u00f3lki za sumienn\u0105 prac\u0119. W tym tygodniiu we wtorek i \u015brod\u0119 pracuj\u0105 jeszcze mieszka\u0144cy W\u00f3lki, potem zapraszam parafian z Lasu Jaworskiego i Helenowa. Dzi\u0119kuj\u0119 za ofiary po 100 z\u0142: p. Artur \u0141abarzewski ze Swidna, rodzina Kazimierskich z Sobonia, rodzina Skar\u017cy\u0144skich z Sobonia, Boles\u0142aw Patoka z Selenowa, W\u0142adys\u0142awa Raubo z Sobonia, Mieczys\u0142awa Cichocka, Piotr Pi\u00f3rek, Ireneusz Karaban oraz Edyta i Daniel Chabiera. Jeszcze z\u0142o\u017cy\u0142a ofiar\u0119 p. Lidia Gromulska \u2013 500 z\u0142 i rodzina z Targ\u00f3wki \u2013 1000 z\u0142. Serdeczne \u201eB\u00f3g zap\u0142a\u0107!\u201d<\/p>\n<p><b><i>6.<\/i><\/b> Serdecznie dzi\u0119kuj\u0119 rodzinom z Jaworka za sprz\u0105tanie ko\u015bcio\u0142a, a p. Anecie za dekoracj\u0119 kwiatami na odpust. W sobot\u0119 zapraszam: p. Danut\u0119 i Grzegorza Ku\u015bmierczyk, Monik\u0119 i Andrzeja Mr\u00f3z oraz Iren\u0119 Koszewsk\u0105. Takim sposobem Jaworek zako\u0144czy sw\u00f3j dy\u017cur troski o czysto\u015b\u0107 w naszej \u015bwi\u0105tyni.<\/p>\n<p><b><i>7.<\/i><\/b> Planuj\u0119 <b>18 lipca<\/b> wyjazd na spotkanie z charyzmatycznym kap\u0142anem <b>o. J. B. Bashabor\u0105<\/b> na Stadionie Narodowym w Warszawie. Spotkanie przebiega\u0107 b\u0119dzie pod has\u0142em: \u201ePrzychodz\u0119, aby da\u0107 ci \u017cycie w obfito\u015bci\u201d (por. J 10, 10). Kto chcia\u0142by uczestniczy\u0107 w tych rekolekcjach niech jeszcze dzi\u015b zg\u0142osi si\u0119 do mnie, poniewa\u017c jutro musz\u0119 op\u0142aca\u0107 miejsc\u00f3wki.<\/p>\n<p><b><i>8.<\/i><\/b> Do <b>Sakramentu Ma\u0142\u017ce\u0144stwa przygotowuj\u0105 si\u0119<\/b>: <b><i>Adam Marcin Sekular<\/i><\/b>, kawaler zam. w Mi\u0144sku Maz., parafia pw. Narodzenia NMP i <b><i>Katarzyna W\u0105sowska<\/i><\/b>, panna zam. w Wygl\u0119d\u00f3wku, zapowied\u017a trzecia. <b><i>Artur Bzoch<\/i><\/b>, kawaler zam. w W\u00f3lce i <b>Dominika Helena Mo\u0144ka<\/b>, panna zam. w Warszawie w par. pw. Najczystszego Serca Maryi, zapowied\u017a pierwsza. Pami\u0119tajmy o narzeczonych w naszych modlitwach.<\/p>\n<p><b><i>9.<\/i><\/b> Zach\u0119cam do lektury \u201eEcha Katolickiego\u201d. Przeczytamy w tym nr o najnowszej encyklice papie\u017ca Franciszka, \u015bwiadectwo nawr\u00f3conego antyterrorysty oraz o patronach naszej parafii \u015bw. Piotrze i Pawle.<\/p>\n<p><b><i>10.<\/i><\/b> Pan B\u00f3g powo\u0142a\u0142 do wieczno\u015bci <b>\u015bp. Sabin\u0119 Wojty\u0142a z Adamowa<\/b>. Z ofiar zebranych na pogrzebie b\u0119dzie odprawionych w jej intencji 5 Mszy \u015bw. <i>Wieczny odpoczynek racz jej da\u0107, Panie&#8230; <\/i><\/p>\n<h2 align=\"center\"><span style=\"color: #ff0000;\"><b>21 czerwca \u2013 12 Niedziela zwyk\u0142a<\/b><\/span><\/h2>\n<p><b><i>1.<\/i><\/b> W naszej parafii prze\u017cywamy <b>niedziel\u0119 seminaryjn\u0105<\/b>. Dzi\u0119kujemy alumnowi za jego \u015bwiadectwo wiary i przybli\u017cenie nam atmosfery \u017cycia w seminarium. Modlimy si\u0119 za powo\u0142anych do s\u0142u\u017cby w Ko\u015bciele a tak\u017ce o powo\u0142ania z naszej parafii. Ofiarami na tac\u0119 wspieramy nasze seminarium, a ofiarami do puszek \u2013 Katolicki Uniwersytet Lubelski. Po Mszy \u015bw. o 9.00 zmianka tajemnic r\u00f3\u017ca\u0144cowych dla wsp\u00f3lnoty modl\u0105cej si\u0119 za dzieci.<\/p>\n<p><b><i>2.<\/i><\/b> Ju\u017c wkr\u00f3tce wakacje, czas urlop\u00f3w i zach\u0119cam, aby dobrze zaplanowa\u0107 czas dla duchowego umocnienia. Has\u0142em 35. Pieszej Pielgrzymki Podlaskiej s\u0105 s\u0142owa: <b>\u201eB\u0105d\u017acie sobie wzajemnie poddani\u201d<\/b>. Chcia\u0142bym, aby utworzy\u0142a si\u0119 grupa parafian, bior\u0105cych udzia\u0142 w pieszej pielgrzymce na Jasn\u0105 G\u00f3r\u0119. To wspania\u0142e rekolekcje w drodze.<\/p>\n<p><b><i>3<\/i><\/b>. W \u015brod\u0119 <b>urocz. Narodzenia \u015bw. Jana Chrzciciela<\/b>. Zapraszam na Eucharysti\u0119 o 18.00.<\/p>\n<p><b><i>4.<\/i><\/b> Z ca\u0142ego serca <b>dzi\u0119kuj\u0119 za prace przy remoncie parkanu cmentarza<\/b>: p. Markowi Wiel\u0105dkowi za organizowanie wszelkich dzia\u0142a\u0144, p. Tadeuszowi Jab\u0142o\u0144skiemu, Wojciechowi i Piotrowi Popowskim za zebranie ziemi z pobocza przy cmentarzu oraz przygotowanie terenu pod boisko do siatk\u00f3wki. Na pochwa\u0142\u0119 zas\u0142uguj\u0105 mieszka\u0144cy Sobonia za solidn\u0105 prac\u0119. Jeszcze w poniedzia\u0142ek zapraszam mieszka\u0144c\u00f3w Sobonia do pracy. Potem od wtorku licz\u0119 na Swidno. Dzi\u0119kuj\u0119 za ofiary na prowadzone prace: p. Teresa i Andrzej Szyma\u0144scy \u2013 100 z\u0142, Tadeusz Jab\u0142o\u0144ski \u2013 100 z\u0142 i Arkadiusz Florowski \u2013 100 z\u0142. W miar\u0119 mo\u017cliwo\u015bci prosz\u0119 o ofiary, poniewa\u017c wydatk\u00f3w zwi\u0105zanych z remontem parkanu b\u0119dzie du\u017co.<\/p>\n<p><b><i>5.<\/i><\/b> Serdecznie dzi\u0119kuj\u0119 mieszka\u0144com Helenowa za zrobienie w sobot\u0119 porz\u0105dku ze \u015bmieciami. Dzi\u0119kuj\u0119 rodzinom z Jaworka za sprz\u0105tanie ko\u015bcio\u0142a. Na najbli\u017csz\u0105 sobot\u0119 zapraszam: p. Iren\u0119 Szatkowsk\u0105 z synami, p. Sabin\u0119 i Ryszarda Brzuszkiewicz oraz Ew\u0119 i Adama Brzuszkiewicz.<\/p>\n<p><b><i>6.<\/i><\/b> W pi\u0105tek o 8.00 Msza \u015bw. za zako\u0144czenie roku szkolnego. W sobot\u0119, <b>27 czerwca Koczowisko dla ministrant\u00f3w<\/b> w WSD w Nowym Opolu. Zach\u0119cam do zg\u0142aszania i udzia\u0142u. Wyjazd o 8.30 z parkingu przy ko\u015bciele.<\/p>\n<p>&nbsp;<\/p>\n<p><b><i>7.<\/i><\/b> W najbli\u017csz\u0105 niedziel\u0119 go\u015bcimy przedstawicieli Chrystusowc\u00f3w z Poznania. B\u0119dzie to czas szczeg\u00f3lnej modlitwy za m\u0142odzie\u017c. Zach\u0119cam m\u0142odzie\u017c gimnazjaln\u0105, szk\u00f3\u0142 \u015brednich i wy\u017cszych, a tak\u017ce m\u0142odzie\u017c pracuj\u0105c\u0105. Znajdziecie odpowied\u017a na wasze pytania.<\/p>\n<p><b><i>8.<\/i><\/b> <b>Odpust parafialny \u015bw. Aposto\u0142\u00f3w Piotra i Paw\u0142a w poniedzia\u0142ek 29 czerwca<\/b>. Uroczysta suma w intencji parafian i go\u015bci o godz 12.00. G\u0142\u00f3wnym celebransem b\u0119dzie Rektor\u00a0 WSD Chrystusowc\u00f3w <b>ks. Andrzej \u0141ysy<\/b>.<\/p>\n<p><b><i>9. <\/i><\/b>Do <b>Sakramentu Ma\u0142\u017ce\u0144stwa przygotowuj\u0105 si\u0119<\/b>: Adam Marcin Sekular, kawaler zam. w Mi\u0144sku Maz., parafia pw. Narodzenia NMP i Katarzyna W\u0105sowska, panna zam. w Wygl\u0119d\u00f3wku, zapowied\u017a druga. Otaczajmy narzeczonych naszymi modlitwami<\/p>\n<p><b><i>10<\/i><\/b>. Zach\u0119cam do lektury nowy nr \u201eEcha Katolickiego\u201d. Znajdziemy ciekawe artyku\u0142y i odpowiedzi na pytania: dlaczego czcimy Serce Jezusowe? Jak poradzi\u0107 sobie w kryzysie ma\u0142\u017ce\u0144skim? Dlaczego nie warto odk\u0142ada\u0107 macierzy\u0144stwa na p\u00f3\u017aniej?<\/p>\n<h2 align=\"center\"><span style=\"color: #ff0000;\"><b>14 czerwca &#8211; 11 Niedziela zwyk\u0142a<\/b><\/span><\/h2>\n<p><b><i>1.<\/i><\/b> Cieszymy si\u0119, \u017ce nasz\u0105 parafi\u0119 odwiedzi\u0142 <b>ks. Wojciech Matuszewski<\/b>, misjonarz, kt\u00f3ry wcze\u015bniej pracowa\u0142 na Ukrainie i na Syberii w Rosji, a za kilka dni wyje\u017cd\u017ca do Kazachstanu. B\u0119dzie pos\u0142ugiwa\u0142 w diecezji Astana. Wspierajmy jego pos\u0142ug\u0119 modlitw\u0105 i ofiarami na tac\u0119. Po Mszy \u015bw. o 9.00 spotkanie z rad\u0105 parafialn\u0105. W najbli\u017cszych dniach b\u0119dziemy kontynuowa\u0107 prac\u0119 przy remoncie parkanu cmentarza.<\/p>\n<p><b><i>2.<\/i><\/b> Dzi\u0119kuj\u0119 za liczny udzia\u0142 w oktawie Bo\u017cego Cia\u0142a mieszka\u0144com poszczeg\u00f3lnych miejscowo\u015bci. Serdecznie dzi\u0119kuj\u0119 doros\u0142ym za organizacj\u0119 procesji eucharystycznej i dzieciom, kt\u00f3re sypa\u0142y kwiatki oraz ministrantom.<\/p>\n<p><b><i>3.<\/i><\/b> W najbli\u017csz\u0105 sobot\u0119 od 9.00 zapraszam mieszka\u0144c\u00f3w Helenowa do wywiezienia z cmentarza zesch\u0142ych kwiat\u00f3w na kompostownik.<\/p>\n<p><b><i>4.<\/i><\/b> W przysz\u0142\u0105 niedziel\u0105 b\u0119dziemy <b>go\u015bcili alumna naszego WSD w Opolu Nowym<\/b>. Przybli\u017cy nam atmosfer\u0119 \u017cycia seminaryjnego, podzieli si\u0119 \u015bwiadectwem swego powo\u0142ania, a my dopomo\u017cemy tej uczelni ofiarami na tac\u0119. Po Mszy \u015bw. ofiarami do puszek wesprzemy Katolicki Uniwersytet Lubelski. Po Mszy \u015bw. o 9.00 zmianka tajemnic r\u00f3\u017ca\u0144cowych dla wsp\u00f3lnoty rodzic\u00f3w modl\u0105cych si\u0119 za dzieci.<\/p>\n<p><b><i>5.<\/i><\/b> <b>Dzi\u0119kuj\u0119 za trosk\u0119 o ko\u015bci\u00f3\u0142 rodzinom z Jaworka<\/b>. Na sobot\u0119 zapraszam: p. Ew\u0119 i Hipolita Patoka, Alin\u0119 i S\u0142awomira Mr\u00f3z oraz p. Jolant\u0119 Ol\u0119dzk\u0105.<\/p>\n<p><b><i>6.<\/i><\/b> <b>Katechezy dla rodzic\u00f3w i chrzestnych<\/b> przed Sakramentem Chrztu \u015bw. przez dwie soboty <b>20 i 27 czerwca o 19.30 na plebanii<\/b>. Zapraszam rodzic\u00f3w, kt\u00f3rzy planuj\u0105 chrzest dzieci w najbli\u017cszych miesi\u0105cach.<\/p>\n<p><b><i>7.<\/i><\/b> Przekazuj\u0119 informacj\u0119, \u017ce gabinet lekarski w Wierzbnie w dniach od 29 czerwca do 10 lipca b\u0119dzie zamkni\u0119ty z powodu urlopu. Zast\u0119pstwo w Revita W\u0119gr\u00f3w, ul. Bohater\u00f3w Warszawy (tel. 25 \u2013 792-20-12) tylko w nag\u0142ych zachorowaniach.<\/p>\n<p><b><i>8.<\/i><\/b> Do <b>Sakramentu Ma\u0142\u017ce\u0144stwa przygotowuj\u0105 si\u0119<\/b>: Adam Marcin Sekular, kawaler zam. w Mi\u0144sku Maz., parafia pw. Narodzenia NMP i Katarzyna W\u0105sowska, panna zam. w Wygl\u0119d\u00f3wku, zapowied\u017a pierwsza. Otaczajmy narzeczonych naszymi modlitwami.<\/p>\n<p><b><i>9.<\/i><\/b> Wczoraj w naszej \u015bwi\u0105tyni zawarli zwi\u0105zek ma\u0142\u017ce\u0144ski <b>Joanna Krasuska i Adrian Brau\u0142a<\/b>. \u017byczymy im, aby, z Bo\u017c\u0105 pomoc\u0105, stworzyli pi\u0119kn\u0105 chrze\u015bcija\u0144sk\u0105 rodzin\u0119.<\/p>\n<p><b><i>10.<\/i><\/b> Na stoliku czeka na nas nowy nr \u201eEcha Katolickiego\u201d. W nim m.in. relacja z uroczysto\u015bci w Brzozowicy Du\u017cej, gdzie mia\u0142em okazj\u0119 uczestniczy\u0107, oraz dobry artyku\u0142 o ojcostwie a w dziale \u201eZdrowie\u201d, znajdziemy odpowied\u017a: jak zapobiega\u0107 \u017cylakom. Zapraszam do lektury.<\/p>\n<h2 align=\"center\"><span style=\"color: #ff0000;\"><b>7 czerwca &#8211; 10 Niedziela zwyk\u0142a<\/b><\/span><\/h2>\n<p><b><i>1.<\/i><\/b> Dzi\u015b obchodzimy <b>VIII Dzie\u0144 Dzi\u0119kczynienia <\/b>pod has\u0142em:<b> \u201eKr\u00f3lowo Rodzin &#8211; dzi\u0119kujemy i zawierzamy\u201d<\/b>. Niech nasze \u017cycie b\u0119dzie przepe\u0142nione wdzi\u0119czno\u015bci\u0105 Panu Bogu za ogrom Jego dar\u00f3w i opiek\u0119 nad nasz\u0105 Ojczyzn\u0105. Po Mszy \u015bw. zbi\u00f3rka do puszek na \u015awi\u0105tyni\u0119 Opatrzno\u015bci Bo\u017cej w Warszawie. Po sumie adoracja Naj\u015bwi\u0119tszego Sakramentu, nabo\u017ce\u0144stwo czerwcowe i procesja Eucharystyczna z racji oktawy Bo\u017cego Cia\u0142a, a potem zmianka tajemnic r\u00f3\u017ca\u0144cowych. <b>Intencje Apostolstwa Modlitwy na czerwiec<\/b>: <b><i>og\u00f3lna<\/i><\/b> \u2013 Aby migranci i uchod\u017acy spotykali si\u0119 z dobrym przyj\u0119ciem i byli traktowani z szacunkiem w krajach, do kt\u00f3rych przybywaj\u0105. <b><i>Ewangelizacyjna<\/i><\/b> \u2013 Aby osobiste spotkanie z Jezusem wzbudza\u0142o w wielu m\u0142odych ludziach pragnienie ofiarowania Mu w\u0142asnej egzystencji w kap\u0142a\u0144stwie lub w \u017cyciu konsekrowanym.<\/p>\n<p><b><i>2.<\/i><\/b> Zapraszam do licznego udzia\u0142u w nabo\u017ce\u0144stwach ku czci Naj\u015bwi\u0119tszego Serca Pana Jezusa i oktawie Bo\u017cego Cia\u0142a.<b> <\/b>Odpowiedzialno\u015b\u0107 za procesj\u0119 eucharystyczn\u0105 bior\u0105 na siebie:<b> 7 czerwca po Mszy o 11.00 <\/b>\u2013 mieszka\u0144cy<b> Jan\u00f3wka i Wygl\u0119d\u00f3wka, w poniedzia\u0142ek, <\/b>8 czerwca \u2013<b> <\/b>mieszka\u0144cy<b> W\u00f3lki i Swidna, we wtorek, <\/b>9 czerwca<b>, <\/b>\u2013<b> <\/b>mieszka\u0144cy<b> Sobonia, w \u015brod\u0119, <\/b>10 czerwca<b> <\/b>\u2013<b> <\/b>mieszka\u0144cy<b> Wierzbna i w czwartek, <\/b>11 czerwca<b>, <\/b>na zako\u0144czenie Oktawy \u2013 zapraszam<b> ca\u0142\u0105 wsp\u00f3lnot\u0119 parafialn\u0105.<\/b><\/p>\n<p><b><i>3.<\/i><\/b> W najbli\u017cszy pi\u0105tek <b>uroczysto\u015b\u0107 Naj\u015bwi\u0119tszego Serca Pana Jezusa<\/b>. Msza \u015bw. o godz. 18.00. W sobot\u0119 po Eucharystii o 18.00 <b>nabo\u017ce\u0144stwo Fatimskie<\/b> w intencji dzieci i m\u0142odzie\u017cy, ko\u0144cz\u0105cych rok szkolny, a tak\u017ce o wszelkie \u0142aski dla nauczycieli i wychowawc\u00f3w.<\/p>\n<p><b><i>4.<\/i><\/b> W niedziel\u0119 14 czerwca b\u0119dziemy go\u015bcili <b>ks. Misjonarza Wojciecha Matuszewskiego<\/b>. Przez wiele lat pracowa\u0142 na Ukrainie i w Rosji na Syberii, a teraz rozpoczyna pos\u0142ug\u0119 duszpastersk\u0105 w Kazachstanie. Otoczymy go modlitw\u0105 i wesprzemy ofiarami na tac\u0119.<\/p>\n<p><b><i>5.<\/i><\/b> Po 14 czerwca b\u0119dziemy kontynuowa\u0107 prac\u0119 przy remoncie parkanu cmentarza. W najbli\u017csz\u0105 niedziel\u0119 po Mszy \u015bw. o 9.00 zapraszam radnych i p. Marka Wiel\u0105dka, aby\u015bmy wsp\u00f3lnie wytyczyli zakres zada\u0144, kt\u00f3re stoj\u0105 przed nami. Mam pro\u015bb\u0119, aby kto\u015b podarowa\u0142 3-4 chojaki na deski, potrzebne do szalunk\u00f3w. Dzi\u0119kuj\u0119 za ofiary na prace remontowe: p. Bogdan Wojdy\u0144ski \u2013 300 z\u0142.<\/p>\n<p><b><i>6.<\/i><\/b> Dzi\u0119kuj\u0119 rodzinom z Jaworka za sprz\u0105tanie ko\u015bcio\u0142a i na sobot\u0119 zapraszam: p. Jadwig\u0119 i Tadeusza Szaniawskich, p. Halin\u0119 Giel\u0119, Teres\u0119 i Mariusza P\u0142ochackich oraz p. Miros\u0142aw\u0119 i S\u0142awomira Chrupek.<\/p>\n<p><b><i>7.<\/i><\/b> Do sakramentu ma\u0142\u017ce\u0144stwa przygotowuj\u0105 si\u0119 nast\u0119puj\u0105ce osoby: <b>&#8211; Micha\u0142 Pawe\u0142 Skolimowski<\/b>, kawaler zamieszka\u0142y w Zalesiu, parafia pw. \u015bw. Wawrzy\u0144ca w Korytnicy i <b>Katarzyna Ku\u015bmierczyk<\/b>, panna z Jaworka; <b>&#8211; Przemys\u0142aw Gadaj<\/b>, kawaler zamieszka\u0142y w Wierzbnie i <b>Edyta Grabarczyk<\/b>, panna zamieszka\u0142a w Stawiskach, parafia pw. \u015bw. Bart\u0142omieja w Gr\u0119bkowie, zapowiedzi trzecie. Otoczmy narzeczonych naszymi modlitwami.<\/p>\n<p><b><i>8.<\/i><\/b> Wczoraj w naszej \u015bwi\u0105tyni <b>Anna Skibniewska i Jacek Lipi\u0144ski<\/b> zawarli sakramentalny zwi\u0105zek ma\u0142\u017ce\u0144ski. \u017byczymy nowo\u017ce\u0144com obfito\u015bci \u0142aski Bo\u017cej i opieki Maryi Panny.<\/p>\n<p><b><i>9.<\/i><\/b> W nowym nr \u201eEcha Katolickiego\u201d znajdziemy odpowied\u017a na pytanie: jak kocha\u0107 m\u0105drze?, na jak\u0105 pomoc mog\u0105 liczy\u0107 w Polsce chorzy wymagaj\u0105cy sta\u0142ej opieki.<\/p>\n","protected":false},"excerpt":{"rendered":"<p>Powr\u00f3t do listy og\u0142osze\u0144 28 czerwca \u2013 13 Niedziela zwyk\u0142a 1. W naszej parafii go\u015bcimy ks. Marcina, duszpasterza m\u0142odzie\u017cy i alumn\u00f3w z WSD Chrystusowc\u00f3w, kt\u00f3rzy nios\u0105 Ewangeli\u0119 tak gdzie \u017cyje Polonia i Polacy. Ofiarami na tac\u0119 wspieramy ich dzie\u0142o ewangelizacji w r\u00f3\u017cnych zak\u0105tkach \u015bwiata. Grup\u0119 liturgiczn\u0105 prosz\u0119 o odbi\u00f3r grafiku pos\u0142ugi w lipcu. 2. Jutro doroczna uroczysto\u015b\u0107 odpustowa \u015bw. Aposto\u0142\u00f3w Piotra i Paw\u0142a. Zapraszam wszystkich\u00a0 parafian i go\u015bci na Eucharysti\u0119 o godz. 9.00, 12.00 i 18.00. Uroczysta suma odpustowa pod przewodnictwem Rektora WSD Chrystusowc\u00f3w ks. Andrzeja \u0141ysego. Mo\u017cemy uzyska\u0107 odpust zupe\u0142ny, je\u015bli przyst\u0105pimy do sakramentu pokuty, zaprosimy do serca Chrystusa w Komunii \u015bw. oraz pomodlimy si\u0119 w intencji Ojca \u015bw. Franciszka i za Ko\u015bci\u00f3\u0142. Serdecznie prosz\u0119 druh\u00f3w stra\u017cak\u00f3w z OSP Wierzbno i Jaworek, aby przewodniczyli procesji eucharystycznej. Niech wszystkie chor\u0105gwie i feretrony wezm\u0105 udzia\u0142 w procesji, zapraszam tak\u017ce dzieci do sypania kwiatk\u00f3w. Ofiary na tac\u0119 s\u0105 do dyspozycji Ojca \u015bwi\u0119tego. \u2026 <a class=\"continue-reading-link\" href=\"https:\/\/www.parafiawierzbno.com.pl\/?page_id=3402\">Czytaj dalej <span class=\"meta-nav\">&rarr; <\/span><\/a><\/p>\n","protected":false},"author":1,"featured_media":0,"parent":225,"menu_order":0,"comment_status":"closed","ping_status":"closed","template":"","meta":{"ngg_post_thumbnail":0},"_links":{"self":[{"href":"https:\/\/www.parafiawierzbno.com.pl\/index.php?rest_route=\/wp\/v2\/pages\/3402"}],"collection":[{"href":"https:\/\/www.parafiawierzbno.com.pl\/index.php?rest_route=\/wp\/v2\/pages"}],"about":[{"href":"https:\/\/www.parafiawierzbno.com.pl\/index.php?rest_route=\/wp\/v2\/types\/page"}],"author":[{"embeddable":true,"href":"https:\/\/www.parafiawierzbno.com.pl\/index.php?rest_route=\/wp\/v2\/users\/1"}],"replies":[{"embeddable":true,"href":"https:\/\/www.parafiawierzbno.com.pl\/index.php?rest_route=%2Fwp%2Fv2%2Fcomments&post=3402"}],"version-history":[{"count":7,"href":"https:\/\/www.parafiawierzbno.com.pl\/index.php?rest_route=\/wp\/v2\/pages\/3402\/revisions"}],"predecessor-version":[{"id":3445,"href":"https:\/\/www.parafiawierzbno.com.pl\/index.php?rest_route=\/wp\/v2\/pages\/3402\/revisions\/3445"}],"up":[{"embeddable":true,"href":"https:\/\/www.parafiawierzbno.com.pl\/index.php?rest_route=\/wp\/v2\/pages\/225"}],"wp:attachment":[{"href":"https:\/\/www.parafiawierzbno.com.pl\/index.php?rest_route=%2Fwp%2Fv2%2Fmedia&parent=3402"}],"curies":[{"name":"wp","href":"https:\/\/api.w.org\/{rel}","templated":true}]}}